{"id":3682,"date":"2023-01-20T09:05:41","date_gmt":"2023-01-20T16:05:41","guid":{"rendered":"https:\/\/naturefirst.org\/?page_id=3682"},"modified":"2023-01-20T10:05:24","modified_gmt":"2023-01-20T17:05:24","slug":"mobile-phone-photography","status":"publish","type":"page","link":"https:\/\/naturefirst.org\/de\/mobile-phone-photography\/","title":{"rendered":"Handy-Fotografie"},"content":{"rendered":"<div data-elementor-type=\"wp-page\" data-elementor-id=\"3682\" class=\"elementor elementor-3682\" data-elementor-post-type=\"page\">\n\t\t\t\t\t\t<section class=\"elementor-section elementor-top-section elementor-element elementor-element-36294f2c elementor-section-height-min-height elementor-section-boxed elementor-section-height-default elementor-section-items-middle\" data-id=\"36294f2c\" data-element_type=\"section\" data-e-type=\"section\" data-settings=\"{&quot;background_background&quot;:&quot;classic&quot;}\">\n\t\t\t\t\t\t\t<div class=\"elementor-background-overlay\"><\/div>\n\t\t\t\t\t\t\t<div class=\"elementor-container elementor-column-gap-no\">\n\t\t\t\t\t<div class=\"elementor-column elementor-col-100 elementor-top-column elementor-element elementor-element-44f79ed1\" data-id=\"44f79ed1\" data-element_type=\"column\" data-e-type=\"column\">\n\t\t\t<div class=\"elementor-widget-wrap elementor-element-populated\">\n\t\t\t\t\t\t<div class=\"elementor-element elementor-element-2780ca03 elementor-widget elementor-widget-image-box\" data-id=\"2780ca03\" data-element_type=\"widget\" data-e-type=\"widget\" data-widget_type=\"image-box.default\">\n\t\t\t\t<div class=\"elementor-widget-container\">\n\t\t\t\t\t<div class=\"elementor-image-box-wrapper\"><div class=\"elementor-image-box-content\"><h1 class=\"elementor-image-box-title\">Handy-Fotografie<\/h1><\/div><\/div>\t\t\t\t<\/div>\n\t\t\t\t<\/div>\n\t\t\t\t<div class=\"elementor-element elementor-element-2a74864e elementor-widget elementor-widget-text-editor\" data-id=\"2a74864e\" data-element_type=\"widget\" data-e-type=\"widget\" data-widget_type=\"text-editor.default\">\n\t\t\t\t<div class=\"elementor-widget-container\">\n\t\t\t\t\t\t\t\t\t<p>und die Nature First-Prinzipien<\/p>\t\t\t\t\t\t\t\t<\/div>\n\t\t\t\t<\/div>\n\t\t\t\t\t<\/div>\n\t\t<\/div>\n\t\t\t\t\t<\/div>\n\t\t<\/section>\n\t\t\t\t<section class=\"elementor-section elementor-top-section elementor-element elementor-element-1a6e9ee5 elementor-section-boxed elementor-section-height-default elementor-section-height-default\" data-id=\"1a6e9ee5\" data-element_type=\"section\" data-e-type=\"section\">\n\t\t\t\t\t\t<div class=\"elementor-container elementor-column-gap-default\">\n\t\t\t\t\t<div class=\"elementor-column elementor-col-100 elementor-top-column elementor-element elementor-element-1d945240\" data-id=\"1d945240\" data-element_type=\"column\" data-e-type=\"column\">\n\t\t\t<div class=\"elementor-widget-wrap elementor-element-populated\">\n\t\t\t\t\t\t<div class=\"elementor-element elementor-element-3481c425 elementor-widget elementor-widget-heading\" data-id=\"3481c425\" data-element_type=\"widget\" data-e-type=\"widget\" data-widget_type=\"heading.default\">\n\t\t\t\t<div class=\"elementor-widget-container\">\n\t\t\t\t\t<h2 class=\"elementor-heading-title elementor-size-default\">Nature First ist <b>NICHT<\/b> Nur f\u00fcr professionelle Fotografen...<\/h2>\t\t\t\t<\/div>\n\t\t\t\t<\/div>\n\t\t\t\t<div class=\"elementor-element elementor-element-7e8052e5 elementor-widget-divider--view-line elementor-widget elementor-widget-divider\" data-id=\"7e8052e5\" data-element_type=\"widget\" data-e-type=\"widget\" data-widget_type=\"divider.default\">\n\t\t\t\t<div class=\"elementor-widget-container\">\n\t\t\t\t\t\t\t<div class=\"elementor-divider\">\n\t\t\t<span class=\"elementor-divider-separator\">\n\t\t\t\t\t\t<\/span>\n\t\t<\/div>\n\t\t\t\t\t\t<\/div>\n\t\t\t\t<\/div>\n\t\t\t\t\t<\/div>\n\t\t<\/div>\n\t\t\t\t\t<\/div>\n\t\t<\/section>\n\t\t\t\t<section class=\"elementor-section elementor-top-section elementor-element elementor-element-b7cca7e elementor-section-boxed elementor-section-height-default elementor-section-height-default\" data-id=\"b7cca7e\" data-element_type=\"section\" data-e-type=\"section\">\n\t\t\t\t\t\t<div class=\"elementor-container elementor-column-gap-default\">\n\t\t\t\t\t<div class=\"elementor-column elementor-col-100 elementor-top-column elementor-element elementor-element-a79fcd0\" data-id=\"a79fcd0\" data-element_type=\"column\" data-e-type=\"column\">\n\t\t\t<div class=\"elementor-widget-wrap elementor-element-populated\">\n\t\t\t\t\t\t<div class=\"elementor-element elementor-element-3944e18 elementor-widget elementor-widget-text-editor\" data-id=\"3944e18\" data-element_type=\"widget\" data-e-type=\"widget\" data-widget_type=\"text-editor.default\">\n\t\t\t\t<div class=\"elementor-widget-container\">\n\t\t\t\t\t\t\t\t\t<p>Heutzutage ist es allt\u00e4glich, Menschen mit ihren Mobiltelefonen neben professionellen Fotografen\/Hobbyfotografen zu sehen, die eine sch\u00f6ne Szene bewundern. Die hochwertigen Kameras, die in modernen Smartphones verbaut sind, erm\u00f6glichen jedem, die Naturfotografie zu genie\u00dfen.\u00a0<\/p><p>Diese neue Funktion verleitet jeden dazu, Orte aufzuzeichnen und zu genie\u00dfen, die sie besuchen, und die Sch\u00f6nheit um sie herum zu dokumentieren. Leider tr\u00e4gt die Kombination dieser Bequemlichkeit mit der sofortigen Befriedigung des Hochladens von Fotos in soziale Medien zu den Problemen der zunehmenden Auswirkungen auf unsere nat\u00fcrlichen Gebiete bei. W\u00e4hrend es wunderbar ist zu sehen, wie immer mehr Menschen die Natur genie\u00dfen, a<span style=\"font-size: 1rem; font-style: inherit; font-weight: inherit;\">Jeder, der ein Smartphone verwendet, kann lernen, verantwortungsbewusster in der Natur zu sein und die Nature First-Prinzipien anzuwenden.<\/span><\/p>\t\t\t\t\t\t\t\t<\/div>\n\t\t\t\t<\/div>\n\t\t\t\t<div class=\"elementor-element elementor-element-cc0a061 elementor-widget elementor-widget-image\" data-id=\"cc0a061\" data-element_type=\"widget\" data-e-type=\"widget\" data-widget_type=\"image.default\">\n\t\t\t\t<div class=\"elementor-widget-container\">\n\t\t\t\t\t\t\t\t\t\t\t\t\t\t\t<img fetchpriority=\"high\" decoding=\"async\" width=\"1024\" height=\"683\" src=\"https:\/\/naturefirst.org\/wp-content\/uploads\/190426_UtahMesaArch_HDR_WEB-1024x683.jpg\" class=\"attachment-large size-large wp-image-1535\" alt=\"\" srcset=\"https:\/\/naturefirst.org\/wp-content\/uploads\/190426_UtahMesaArch_HDR_WEB-1024x683.jpg 1024w, https:\/\/naturefirst.org\/wp-content\/uploads\/190426_UtahMesaArch_HDR_WEB-500x333.jpg 500w, https:\/\/naturefirst.org\/wp-content\/uploads\/190426_UtahMesaArch_HDR_WEB-768x512.jpg 768w, https:\/\/naturefirst.org\/wp-content\/uploads\/190426_UtahMesaArch_HDR_WEB-1536x1024.jpg 1536w, https:\/\/naturefirst.org\/wp-content\/uploads\/190426_UtahMesaArch_HDR_WEB-2048x1366.jpg 2048w, https:\/\/naturefirst.org\/wp-content\/uploads\/190426_UtahMesaArch_HDR_WEB-18x12.jpg 18w\" sizes=\"(max-width: 1024px) 100vw, 1024px\" \/>\t\t\t\t\t\t\t\t\t\t\t\t\t\t\t<\/div>\n\t\t\t\t<\/div>\n\t\t\t\t<div class=\"elementor-element elementor-element-7f953fc elementor-widget elementor-widget-text-editor\" data-id=\"7f953fc\" data-element_type=\"widget\" data-e-type=\"widget\" data-widget_type=\"text-editor.default\">\n\t\t\t\t<div class=\"elementor-widget-container\">\n\t\t\t\t\t\t\t\t\t<p class=\"\"><span style=\"color: #000000;\"><strong>Wie gelten also die Nature First-Prinzipien f\u00fcr Smartphone-Fotografen?\u00a0<\/strong><\/span><\/p><h4>Das Wohl der Natur ist wichtiger als die Fotografie.<\/h4><p class=\"\">Da Smartphones nicht ganz \u00fcber die Zoomfunktion verf\u00fcgen, die einige professionelle Objektive haben, m\u00fcssen die meisten Benutzer zu Fu\u00df gehen, um n\u00e4her an ihre Motive heranzukommen. Handlungen wie diese k\u00f6nnen dazu f\u00fchren, dass empfindliche Bereiche wie Tundra oder Moose mit F\u00fc\u00dfen getreten werden, um einen genaueren Blick darauf zu werfen. Dazu geh\u00f6ren auch Tiere, da es sehr wichtig ist, einen sicheren und angemessenen Abstand zu Wildtieren einzuhalten. Achten Sie auf Ihre Abst\u00e4nde und gehen Sie respektvoll mit dem Untergrund um, auf dem Sie gehen. Stellen Sie niemals Ihre Notwendigkeit f\u00fcr ein Foto \u00fcber die Priorit\u00e4t, Wildtiere und sensible Gebiete zu sch\u00fctzen.\u00a0<\/p><h4>INFORMIEREN SIE SICH \u00dcBER DIE ORTE, DIE SIE FOTOGRAFIEREN.<\/h4><p class=\"\">Als Smartphone-Benutzer befinden Sie sich in keiner anderen Situation als ein professioneller Fotograf. Sie sollten immer die Schilder lesen und sich \u00fcber die Gebiete informieren, die Sie besuchen. Dies sch\u00fctzt Sie nicht nur, sondern macht Sie auch auf Orte aufmerksam, an denen Sie gehen oder nicht gehen sollten. Wenn Sie beispielsweise in den Sandd\u00fcnen spazieren gehen, um ein Foto zu machen, wird dies keinen Schaden anrichten, aber wenn Sie \u00fcber biologischen Boden gehen, um ein Foto zu machen, werden Gebiete schwer besch\u00e4digt, deren Wachstum Tausende von Jahren gedauert hat. Eine gute Ausbildung wird Ihnen helfen, in den von Ihnen besuchten Gebieten verantwortungsvoller zu sein.\u00a0<\/p><h4>Denke \u00fcber die Auswirkungen deiner Handllungen nach<\/h4><p class=\"\">Eine einfache Sache wie auf eine Wiese mit Wildblumen zu gehen, um die Szene festzuhalten, scheint unschuldig genug. Aber wenn eine Person sieht, dass du es tust, wird sie dir folgen, und weitere Leute werden folgen, und so weiter. Also, bevor Sie sich diese Wildblumenaufnahme schnappen, denken Sie \u00fcber Ihre Wirkung nach. Gibt es bereits einen Weg, der Sie in die Blumen f\u00fchrt, anstatt Ihren eigenen zu machen? Anstatt sich f\u00fcr ein Foto in die Blumen zu legen, gibt es eine Stelle, an der das Stehen die Blumen um Sie herum nicht beeintr\u00e4chtigt? Wenn Sie sich die Zeit nehmen, nachzudenken, bevor Sie die Taste dr\u00fccken, werden Sie zu einem verantwortungsbewussteren Smartphone-Fotografen, und andere um Sie herum k\u00f6nnten Ihrem Beispiel folgen.<\/p>\t\t\t\t\t\t\t\t<\/div>\n\t\t\t\t<\/div>\n\t\t\t\t<div class=\"elementor-element elementor-element-cfdfb0a elementor-widget elementor-widget-image\" data-id=\"cfdfb0a\" data-element_type=\"widget\" data-e-type=\"widget\" data-widget_type=\"image.default\">\n\t\t\t\t<div class=\"elementor-widget-container\">\n\t\t\t\t\t\t\t\t\t\t\t\t\t\t\t<img decoding=\"async\" width=\"1024\" height=\"341\" src=\"https:\/\/naturefirst.org\/wp-content\/uploads\/190525_TetonsBarn_Pano_WEB-1024x341.jpg\" class=\"attachment-large size-large wp-image-1536\" alt=\"\" srcset=\"https:\/\/naturefirst.org\/wp-content\/uploads\/190525_TetonsBarn_Pano_WEB-1024x341.jpg 1024w, https:\/\/naturefirst.org\/wp-content\/uploads\/190525_TetonsBarn_Pano_WEB-500x167.jpg 500w, https:\/\/naturefirst.org\/wp-content\/uploads\/190525_TetonsBarn_Pano_WEB-768x256.jpg 768w, https:\/\/naturefirst.org\/wp-content\/uploads\/190525_TetonsBarn_Pano_WEB-1536x512.jpg 1536w, https:\/\/naturefirst.org\/wp-content\/uploads\/190525_TetonsBarn_Pano_WEB-2048x682.jpg 2048w, https:\/\/naturefirst.org\/wp-content\/uploads\/190525_TetonsBarn_Pano_WEB-18x6.jpg 18w\" sizes=\"(max-width: 1024px) 100vw, 1024px\" \/>\t\t\t\t\t\t\t\t\t\t\t\t\t\t\t<\/div>\n\t\t\t\t<\/div>\n\t\t\t\t<div class=\"elementor-element elementor-element-1d11165 elementor-widget elementor-widget-text-editor\" data-id=\"1d11165\" data-element_type=\"widget\" data-e-type=\"widget\" data-widget_type=\"text-editor.default\">\n\t\t\t\t<div class=\"elementor-widget-container\">\n\t\t\t\t\t\t\t\t\t<div data-block-type=\"2\">\n<div>\n<h4>VERWENDEN SIE ERM\u00d6GLICHKEIT BEI DER TEILUNG VON STANDORTEN.<\/h4>\n<p>Diskretion ist besonders wichtig f\u00fcr den Smartphone-Fotografen! Es ist so einfach, dieses sch\u00f6ne Foto in den sozialen Medien zu teilen, aber Sie sollten es sich zweimal \u00fcberlegen, bevor Sie den Ort markieren und teilen. K\u00f6nnte das Teilen des Standorts m\u00f6glicherweise mehr Schaden anrichten? Werden Menschenmengen von Ihrem Bild inspiriert sein und zum selben Erlebnis str\u00f6men? Ist dies ein Bereich, der viele Menschen bew\u00e4ltigen kann, z. B. ein gepflasterter Weg oder ein Aussichtspunkt? Oder ist es ein schmaler Feldweg, der zu einer einsamen Wiese f\u00fchrt? Diskretion hilft, diese Orte zu sch\u00fctzen. Nachdenklich zu sein bedeutet nicht, dass Sie elit\u00e4r sind; Stattdessen zeigt es ein gutes, verantwortungsvolles Urteilsverm\u00f6gen.<\/p>\n<\/div>\n<\/div>\n<div data-block-type=\"2\">\n<div>\n<h4>Informiere dich \u00fcber alle Vorschriften und Regeln und halte sie ein<\/h4>\n<p>Wenn Sie sich \u00fcber die Orte informieren, die Sie besuchen, bleiben Sie nicht nur sicher, sondern auch verantwortungsbewusst. Klettern Sie nicht \u00fcber Z\u00e4une und missachten Sie geschlossene Bereiche oder Schilder. Diese sind nicht dazu da, Ihre Erfahrung zu behindern, sondern dazu beizutragen, nat\u00fcrliche Gebiete wiederherzustellen und die Tierwelt und Sie selbst zu sch\u00fctzen. Wie Grundsatz drei zeigt auch \u201eMit gutem Beispiel vorangehen\u201c anderen um Sie herum, wie Sie Ihr Smartphone angemessen verhalten und nutzen k\u00f6nnen.<\/p>\n<h4>VERWENDEN SIE IMMER DIE GRUNDS\u00c4TZE \u201eHINTERLASSEN SIE KEINE SPUREN\u201c UND VERSUCHEN SIE, PL\u00c4TZE BESSER ZU VERLASSEN, ALS SIE SIE VORGEFUNDEN HABEN.<\/h4>\n<p>Wir alle k\u00f6nnen in der Praxis keine Spuren hinterlassen. Dabei spielt es keine Rolle, ob Sie ein Smartphone oder eine professionelle Kamera verwenden. Hinterlassen Sie keine Fu\u00dfspuren, wo keine Fu\u00dfspuren sein sollten, packen Sie das, was Sie mitbringen, und hinterlassen Sie Orte besser, indem Sie M\u00fcll um sich herum aufsammeln, auch wenn es nicht Ihnen geh\u00f6rt.<\/p>\n<h4>Kl\u00e4re andere auf und verbreite diese Prinzipien aktiv weiter.<\/h4>\n<p>Als Benutzer einer Smartphone-Kamera k\u00f6nnen Sie andere um sich herum inspirieren. Wenn andere sehen, dass Sie verantwortungsbewusst handeln, werden sie es Ihnen wahrscheinlich gleichtun. Smartphone-Kameras machen in unseren Nationalparks die Mehrheit der Menschenmenge aus. Wenn Sie jemanden an Ihrer Seite inspirieren und erziehen k\u00f6nnen und dieser dies an jemand anderen weitergibt, sind Sie m\u00f6glicherweise daf\u00fcr verantwortlich, mehr Menschen zu unterrichten, als Ihnen bewusst ist!<\/p><p><br><\/p>\n<p><em>Basierend auf dem Artikel <a href=\"https:\/\/naturefirst.org\/de\/news-items\/2020\/04\/28\/nature-first-principles-smartphone-photographers\/\">\u201eMit dem Smartphone die Sch\u00f6nheit der Natur einfangen? Diese Bewegung ist auch f\u00fcr Sie!<\/a><\/em><em style=\"font-weight: inherit;\">&quot; von&nbsp;<\/em><a style=\"font-size: 1rem; font-style: inherit; font-weight: inherit; background-color: #ffffff;\" href=\"https:\/\/www.jenniferrenwick.com\/\" target=\"_blank\" rel=\"noopener\"><em>Jennifer Renwick<\/em><\/a><em style=\"font-size: 1rem; font-weight: inherit;\">.&nbsp;<\/em><\/p>\n<p><em style=\"font-weight: inherit;\">Fotografien von <\/em><a style=\"font-style: inherit; font-weight: inherit; background-color: #ffffff;\" href=\"https:\/\/www.larsgesingfineart.com\/\" target=\"_blank\" rel=\"noopener\"><em>Lars Gesing<\/em><\/a><em style=\"font-weight: inherit;\">.<\/em><\/p>\n<\/div>\n<\/div>\t\t\t\t\t\t\t\t<\/div>\n\t\t\t\t<\/div>\n\t\t\t\t<div class=\"elementor-element elementor-element-df7dd0f elementor-widget-divider--view-line elementor-widget elementor-widget-divider\" data-id=\"df7dd0f\" data-element_type=\"widget\" data-e-type=\"widget\" data-widget_type=\"divider.default\">\n\t\t\t\t<div class=\"elementor-widget-container\">\n\t\t\t\t\t\t\t<div class=\"elementor-divider\">\n\t\t\t<span class=\"elementor-divider-separator\">\n\t\t\t\t\t\t<\/span>\n\t\t<\/div>\n\t\t\t\t\t\t<\/div>\n\t\t\t\t<\/div>\n\t\t\t\t\t<\/div>\n\t\t<\/div>\n\t\t\t\t\t<\/div>\n\t\t<\/section>\n\t\t\t\t<\/div>","protected":false},"excerpt":{"rendered":"<p>Mobile Phone Photography and The Nature First Principles Nature First is NOT just for professional photographers&#8230; Today, it&#8217;s commonplace to see people with their mobile phones standing alongside professional\/hobbyist photographers admiring a beautiful scene. The high-quality cameras built into modern smartphones allow everyone to enjoy nature photography.\u00a0 This new capability entices everyone to record and [&hellip;]<\/p>\n","protected":false},"author":2,"featured_media":0,"parent":0,"menu_order":0,"comment_status":"closed","ping_status":"closed","template":"","meta":{"_mo_disable_npp":"","site-sidebar-layout":"no-sidebar","site-content-layout":"page-builder","ast-site-content-layout":"default","site-content-style":"default","site-sidebar-style":"default","ast-global-header-display":"","ast-banner-title-visibility":"","ast-main-header-display":"","ast-hfb-above-header-display":"","ast-hfb-below-header-display":"","ast-hfb-mobile-header-display":"","site-post-title":"disabled","ast-breadcrumbs-content":"","ast-featured-img":"disabled","footer-sml-layout":"","ast-disable-related-posts":"","theme-transparent-header-meta":"","adv-header-id-meta":"","stick-header-meta":"","header-above-stick-meta":"","header-main-stick-meta":"","header-below-stick-meta":"","astra-migrate-meta-layouts":"default","ast-page-background-enabled":"default","ast-page-background-meta":{"desktop":{"background-color":"","background-image":"","background-repeat":"repeat","background-position":"center center","background-size":"auto","background-attachment":"scroll","background-type":"","background-media":"","overlay-type":"","overlay-color":"","overlay-opacity":"","overlay-gradient":""},"tablet":{"background-color":"","background-image":"","background-repeat":"repeat","background-position":"center center","background-size":"auto","background-attachment":"scroll","background-type":"","background-media":"","overlay-type":"","overlay-color":"","overlay-opacity":"","overlay-gradient":""},"mobile":{"background-color":"","background-image":"","background-repeat":"repeat","background-position":"center center","background-size":"auto","background-attachment":"scroll","background-type":"","background-media":"","overlay-type":"","overlay-color":"","overlay-opacity":"","overlay-gradient":""}},"ast-content-background-meta":{"desktop":{"background-color":"var(--ast-global-color-5)","background-image":"","background-repeat":"repeat","background-position":"center center","background-size":"auto","background-attachment":"scroll","background-type":"","background-media":"","overlay-type":"","overlay-color":"","overlay-opacity":"","overlay-gradient":""},"tablet":{"background-color":"var(--ast-global-color-5)","background-image":"","background-repeat":"repeat","background-position":"center center","background-size":"auto","background-attachment":"scroll","background-type":"","background-media":"","overlay-type":"","overlay-color":"","overlay-opacity":"","overlay-gradient":""},"mobile":{"background-color":"var(--ast-global-color-5)","background-image":"","background-repeat":"repeat","background-position":"center center","background-size":"auto","background-attachment":"scroll","background-type":"","background-media":"","overlay-type":"","overlay-color":"","overlay-opacity":"","overlay-gradient":""}},"footnotes":""},"class_list":["post-3682","page","type-page","status-publish","hentry"],"aioseo_notices":[],"_links":{"self":[{"href":"https:\/\/naturefirst.org\/de\/wp-json\/wp\/v2\/pages\/3682","targetHints":{"allow":["GET"]}}],"collection":[{"href":"https:\/\/naturefirst.org\/de\/wp-json\/wp\/v2\/pages"}],"about":[{"href":"https:\/\/naturefirst.org\/de\/wp-json\/wp\/v2\/types\/page"}],"author":[{"embeddable":true,"href":"https:\/\/naturefirst.org\/de\/wp-json\/wp\/v2\/users\/2"}],"replies":[{"embeddable":true,"href":"https:\/\/naturefirst.org\/de\/wp-json\/wp\/v2\/comments?post=3682"}],"version-history":[{"count":8,"href":"https:\/\/naturefirst.org\/de\/wp-json\/wp\/v2\/pages\/3682\/revisions"}],"predecessor-version":[{"id":3694,"href":"https:\/\/naturefirst.org\/de\/wp-json\/wp\/v2\/pages\/3682\/revisions\/3694"}],"wp:attachment":[{"href":"https:\/\/naturefirst.org\/de\/wp-json\/wp\/v2\/media?parent=3682"}],"curies":[{"name":"wp","href":"https:\/\/api.w.org\/{rel}","templated":true}]}}