{"id":3695,"date":"2023-01-20T12:46:47","date_gmt":"2023-01-20T19:46:47","guid":{"rendered":"https:\/\/naturefirst.org\/?page_id=3695"},"modified":"2023-01-20T14:59:24","modified_gmt":"2023-01-20T21:59:24","slug":"wildlife-photography","status":"publish","type":"page","link":"https:\/\/naturefirst.org\/de\/wildlife-photography\/","title":{"rendered":"Tierfotografie"},"content":{"rendered":"<div data-elementor-type=\"wp-page\" data-elementor-id=\"3695\" class=\"elementor elementor-3695\" data-elementor-post-type=\"page\">\n\t\t\t\t\t\t<section class=\"elementor-section elementor-top-section elementor-element elementor-element-25bb5097 elementor-section-height-min-height elementor-section-boxed elementor-section-height-default elementor-section-items-middle\" data-id=\"25bb5097\" data-element_type=\"section\" data-e-type=\"section\" data-settings=\"{&quot;background_background&quot;:&quot;classic&quot;}\">\n\t\t\t\t\t\t\t<div class=\"elementor-background-overlay\"><\/div>\n\t\t\t\t\t\t\t<div class=\"elementor-container elementor-column-gap-no\">\n\t\t\t\t\t<div class=\"elementor-column elementor-col-100 elementor-top-column elementor-element elementor-element-6565b8e9\" data-id=\"6565b8e9\" data-element_type=\"column\" data-e-type=\"column\">\n\t\t\t<div class=\"elementor-widget-wrap elementor-element-populated\">\n\t\t\t\t\t\t<div class=\"elementor-element elementor-element-6b6e0529 elementor-widget elementor-widget-image-box\" data-id=\"6b6e0529\" data-element_type=\"widget\" data-e-type=\"widget\" data-widget_type=\"image-box.default\">\n\t\t\t\t<div class=\"elementor-widget-container\">\n\t\t\t\t\t<div class=\"elementor-image-box-wrapper\"><div class=\"elementor-image-box-content\"><h1 class=\"elementor-image-box-title\">Tierfotografie<\/h1><\/div><\/div>\t\t\t\t<\/div>\n\t\t\t\t<\/div>\n\t\t\t\t<div class=\"elementor-element elementor-element-3a31f854 elementor-widget elementor-widget-text-editor\" data-id=\"3a31f854\" data-element_type=\"widget\" data-e-type=\"widget\" data-widget_type=\"text-editor.default\">\n\t\t\t\t<div class=\"elementor-widget-container\">\n\t\t\t\t\t\t\t\t\t<p>und die Nature First-Prinzipien<\/p>\t\t\t\t\t\t\t\t<\/div>\n\t\t\t\t<\/div>\n\t\t\t\t\t<\/div>\n\t\t<\/div>\n\t\t\t\t\t<\/div>\n\t\t<\/section>\n\t\t\t\t<section class=\"elementor-section elementor-top-section elementor-element elementor-element-636eaf37 elementor-section-boxed elementor-section-height-default elementor-section-height-default\" data-id=\"636eaf37\" data-element_type=\"section\" data-e-type=\"section\">\n\t\t\t\t\t\t<div class=\"elementor-container elementor-column-gap-default\">\n\t\t\t\t\t<div class=\"elementor-column elementor-col-100 elementor-top-column elementor-element elementor-element-3a879622\" data-id=\"3a879622\" data-element_type=\"column\" data-e-type=\"column\">\n\t\t\t<div class=\"elementor-widget-wrap elementor-element-populated\">\n\t\t\t\t\t\t<div class=\"elementor-element elementor-element-58081efd elementor-widget elementor-widget-heading\" data-id=\"58081efd\" data-element_type=\"widget\" data-e-type=\"widget\" data-widget_type=\"heading.default\">\n\t\t\t\t<div class=\"elementor-widget-container\">\n\t\t\t\t\t<h2 class=\"elementor-heading-title elementor-size-default\">Die Nature First-Prinzipien und Tierfotografie<\/h2>\t\t\t\t<\/div>\n\t\t\t\t<\/div>\n\t\t\t\t<div class=\"elementor-element elementor-element-0e5ef3a elementor-widget-divider--view-line elementor-widget elementor-widget-divider\" data-id=\"0e5ef3a\" data-element_type=\"widget\" data-e-type=\"widget\" data-widget_type=\"divider.default\">\n\t\t\t\t<div class=\"elementor-widget-container\">\n\t\t\t\t\t\t\t<div class=\"elementor-divider\">\n\t\t\t<span class=\"elementor-divider-separator\">\n\t\t\t\t\t\t<\/span>\n\t\t<\/div>\n\t\t\t\t\t\t<\/div>\n\t\t\t\t<\/div>\n\t\t\t\t<div class=\"elementor-element elementor-element-b53570f elementor-widget elementor-widget-text-editor\" data-id=\"b53570f\" data-element_type=\"widget\" data-e-type=\"widget\" data-widget_type=\"text-editor.default\">\n\t\t\t\t<div class=\"elementor-widget-container\">\n\t\t\t\t\t\t\t\t\t<figure id=\"attachment_1530\" aria-describedby=\"caption-attachment-1530\" style=\"width: 500px\" class=\"wp-caption alignright\"><img fetchpriority=\"high\" decoding=\"async\" src=\"https:\/\/naturefirst.org\/wp-content\/uploads\/IMG_8076-2048x1395-500x341.jpg\" alt=\"\" width=\"500\" height=\"341\"><figcaption id=\"caption-attachment-1530\" class=\"wp-caption-text\">Yellowstone-Wolf<\/figcaption><\/figure>\n<p>Ein verantwortungsvoller Naturfotograf zu sein, ist wichtig f\u00fcr das Wohlergehen der Tiere und ihres nat\u00fcrlichen Lebensraums sowie f\u00fcr Ihre pers\u00f6nliche Sicherheit.<\/p>\n<p>Es sollte sehr darauf geachtet werden, das nat\u00fcrliche Verhalten eines Tieres nicht zu ver\u00e4ndern, zu beeinflussen oder zu beeinflussen. Eine der besten M\u00f6glichkeiten, dies zu tun, besteht darin, die \u00f6rtlichen Regeln und Vorschriften zur Einhaltung des Sicherheitsabstands einzuhalten. Auch wenn dies bedeutet, dass Sie nicht \u201edie gew\u00fcnschte Aufnahme\u201c bekommen, k\u00f6nnen Sie sich besser f\u00fchlen, weil Sie der Tierwelt und sich selbst das Richtige tun.<\/p>\n<p>Werfen wir einen Blick auf die Nature First-Prinzipien und wie wir sie auf die Tierfotografie anwenden k\u00f6nnen, um bessere Botschafter f\u00fcr Wildtiere, ihre Lebensr\u00e4ume und die gesamte Natur zu werden.<\/p>\t\t\t\t\t\t\t\t<\/div>\n\t\t\t\t<\/div>\n\t\t\t\t<div class=\"elementor-element elementor-element-8d455d6 elementor-widget elementor-widget-text-editor\" data-id=\"8d455d6\" data-element_type=\"widget\" data-e-type=\"widget\" data-widget_type=\"text-editor.default\">\n\t\t\t\t<div class=\"elementor-widget-container\">\n\t\t\t\t\t\t\t\t\t<p class=\"\">\n<\/p><h4><strong>STELLEN SIE DAS WOHLBEFINDEN DER NATUR VOR FOTOGRAFIE<\/strong><\/h4>\n<p class=\"\">Dieses Prinzip ist ziemlich einfach, wenn es um Wildtiere geht, kann aber schwer zu befolgen sein, wenn Sie sich darin verfangen, \u201eden Schuss\u201c zu bekommen. Die Natur an die erste Stelle zu setzen bedeutet, die Tierwelt an die erste Stelle zu setzen \u2013 immer. Das bedeutet sicherzustellen, dass Ihre Handlungen dies nicht tun&nbsp;<span style=\"font-style: inherit; font-weight: inherit;\">unterbrechen oder ver\u00e4ndern das nat\u00fcrliche Verhalten von Tieren, einschlie\u00dflich der Bewegung entlang von Pfaden, die sie zu nehmen versuchen. Respektieren Sie auch ihren Lebensraum. Es ist ihr Zuhause und sie m\u00fcssen damit leben, auch nachdem Sie gegangen sind, um zu Ihnen nach Hause zur\u00fcckzukehren. Die besten Fotos sind immer die von Tieren, die ihr nat\u00fcrliches Verhalten zeigen, nicht solche, die auf \u00e4u\u00dfere Einfl\u00fcsse oder Stress reagieren.<\/span><\/p>\n<h4><strong>Informiere dich \u00fcber die Orte an denen du fotografierst.<\/strong><\/h4>\n<p class=\"\">Dies erfordert nur ein wenig Aufwand, aber Informationen sind normalerweise leicht verf\u00fcgbar. Viele Parks und Nationalforste bieten auf ihren Websites und Informationsbrosch\u00fcren viele Informationen \u00fcber die verschiedenen \u00d6kosysteme, Lebensr\u00e4ume und Wildtiere. Je mehr Sie \u00fcber eine Art, ihr Verhalten und ihren Lebensraum wissen, desto besser k\u00f6nnen Sie vorhersagen, wo und wann Sie sie sehen und fotografieren k\u00f6nnten. Oft ver\u00f6ffentlichen Parks Zeiten und Orte der letzten Sichtungen, was auch Ihre Chance erh\u00f6hen kann, Wildtiere zu sehen. Nature First ermutigt Fotografen immer dazu&nbsp;<b>wissen, bevor Sie gehen<\/b>. Es wird Ihr Erlebnis verbessern UND f\u00fcr bessere Bilder sorgen.<\/p>\t\t\t\t\t\t\t\t<\/div>\n\t\t\t\t<\/div>\n\t\t\t\t<div class=\"elementor-element elementor-element-56b24dd elementor-widget elementor-widget-image\" data-id=\"56b24dd\" data-element_type=\"widget\" data-e-type=\"widget\" data-widget_type=\"image.default\">\n\t\t\t\t<div class=\"elementor-widget-container\">\n\t\t\t\t\t\t\t\t\t\t\t\t\t\t\t<img decoding=\"async\" width=\"1024\" height=\"683\" src=\"https:\/\/naturefirst.org\/wp-content\/uploads\/HS9A9761-2048x1365-1024x683.jpg\" class=\"attachment-large size-large wp-image-1531\" alt=\"\" srcset=\"https:\/\/naturefirst.org\/wp-content\/uploads\/HS9A9761-2048x1365-1024x683.jpg 1024w, https:\/\/naturefirst.org\/wp-content\/uploads\/HS9A9761-2048x1365-500x333.jpg 500w, https:\/\/naturefirst.org\/wp-content\/uploads\/HS9A9761-2048x1365-768x512.jpg 768w, https:\/\/naturefirst.org\/wp-content\/uploads\/HS9A9761-2048x1365-1536x1024.jpg 1536w, https:\/\/naturefirst.org\/wp-content\/uploads\/HS9A9761-2048x1365-18x12.jpg 18w, https:\/\/naturefirst.org\/wp-content\/uploads\/HS9A9761-2048x1365.jpg 2048w\" sizes=\"(max-width: 1024px) 100vw, 1024px\" \/>\t\t\t\t\t\t\t\t\t\t\t\t\t\t\t<\/div>\n\t\t\t\t<\/div>\n\t\t\t\t<div class=\"elementor-element elementor-element-42871e1 elementor-widget elementor-widget-text-editor\" data-id=\"42871e1\" data-element_type=\"widget\" data-e-type=\"widget\" data-widget_type=\"text-editor.default\">\n\t\t\t\t<div class=\"elementor-widget-container\">\n\t\t\t\t\t\t\t\t\t<h4><strong>\u00dcBERLEGEN SIE DIE M\u00d6GLICHEN AUSWIRKUNGEN IHRER HANDLUNGEN<\/strong><\/h4><p>Unser Handeln ist im Umgang mit Wildtieren \u00e4u\u00dferst wichtig. Unser Verhalten kann dazu f\u00fchren, dass Wildtiere sich um ihre Jungen k\u00fcmmern, ihre Jungen verlassen und sich paaren. Au\u00dferdem sind die potenziellen Auswirkungen manchmal f\u00fcr den zuf\u00e4lligen Besucher nicht offensichtlich. Zum Beispiel kann das Auffahren auf eine Bisonherde auf der Stra\u00dfe in Yellowstone dazu f\u00fchren, dass sie davonlaufen \u2013 wenn sie all ihre Energie sparen m\u00fcssen, um nur den Winter zu \u00fcberleben. Das einfache Anhalten und Warten darauf, dass die Tiere in ihrem eigenen Tempo von der Stra\u00dfe abkommen, kann einen gro\u00dfen Unterschied f\u00fcr ihr Wohlbefinden ausmachen.\u00a0<\/p><p>Wenn zu viele Menschen Wildtieren zu nahe kommen oder ihnen Zugang zu Nahrung gew\u00e4hren, sind die Folgen oft schwerwiegend. Zum Beispiel k\u00f6nnen Schwarz- und Grizzlyb\u00e4ren nach zu viel Interaktion mit Menschen \u00fcberm\u00e4\u00dfig aggressives Verhalten entwickeln. Diese Tiere werden oft aus ihrem urspr\u00fcnglichen Zuhause umgesiedelt oder m\u00fcssen manchmal eingeschl\u00e4fert werden.\u00a0<\/p><h4><strong>NUTZEN SIE ERMESSEN, WENN SIE STANDORTE TEILEN<\/strong><\/h4><p>Dies ist eine der einfachsten M\u00f6glichkeiten, Wildtiere zu sch\u00fctzen. Wenn Sie wieder zu Hause sind und Ihre Fotos in den sozialen Medien teilen, denken Sie daran, nur den allgemeinen Bereich, wie den Nationalpark, und nicht den spezifischen Ort zu teilen. Stellen Sie sich vor, zehn Leute w\u00fcrden einen Grizzlyb\u00e4ren beobachten und dann gingen alle nach Hause und posteten den genauen Standort. Am n\u00e4chsten Tag k\u00f6nnten Hunderte von Menschen an derselben Stelle nach diesem B\u00e4ren suchen. Das sind Situationen, die Wildtiere \u00fcberfordern. Nehmen Sie sich etwas Zeit, um zu \u00fcberlegen, ob es sich lohnt, einen Standort zu teilen, und wie sich dies auf die Tiere auswirken k\u00f6nnte, die Ihnen wichtig sind.<\/p><h4><strong>KENNEN UND BEFOLGEN SIE DIE REGELN UND VORSCHRIFTEN<\/strong><\/h4><figure id=\"attachment_1532\" aria-describedby=\"caption-attachment-1532\" style=\"width: 500px\" class=\"wp-caption alignright\"><img decoding=\"async\" class=\"wp-image-1532 size-medium\" src=\"https:\/\/naturefirst.org\/wp-content\/uploads\/1I1A2169-2-2048x1384-500x338.jpg\" alt=\"\" width=\"500\" height=\"338\" srcset=\"https:\/\/naturefirst.org\/wp-content\/uploads\/1I1A2169-2-2048x1384-500x338.jpg 500w, https:\/\/naturefirst.org\/wp-content\/uploads\/1I1A2169-2-2048x1384-1024x692.jpg 1024w, https:\/\/naturefirst.org\/wp-content\/uploads\/1I1A2169-2-2048x1384-768x519.jpg 768w, https:\/\/naturefirst.org\/wp-content\/uploads\/1I1A2169-2-2048x1384-1536x1038.jpg 1536w, https:\/\/naturefirst.org\/wp-content\/uploads\/1I1A2169-2-2048x1384-18x12.jpg 18w, https:\/\/naturefirst.org\/wp-content\/uploads\/1I1A2169-2-2048x1384.jpg 2048w\" sizes=\"(max-width: 500px) 100vw, 500px\" \/><figcaption id=\"caption-attachment-1532\" class=\"wp-caption-text\">Dickhornschaf<\/figcaption><\/figure><p>Die Kenntnis und Befolgung lokaler Regeln und Vorschriften ist in der Tierfotografie von entscheidender Bedeutung. Die Regeln dienen dem Wohlergehen der Wildtiere sowie Ihrer pers\u00f6nlichen Sicherheit und sind auf Park- und Waldwebsites oder auf Informationen, die Ihnen am Parkeingang zur Verf\u00fcgung gestellt werden, leicht zu finden.<\/p><p>Stellen Sie sicher, dass Sie die Regeln und Vorschriften des Gebiets f\u00fcr den erforderlichen Betrachtungsabstand zu Wildtieren kennen. Dies variiert normalerweise je nach Gebiet und Tierart. Zum Beispiel m\u00fcssen Sie im Yellowstone-Nationalpark 100 Meter Abstand zu B\u00e4ren und W\u00f6lfen halten, aber nur 25 Meter Abstand zu Elchen und Hirschen. Im Smoky-Mountains-Nationalpark gilt die Regel, einen Abstand von 50 Metern zu Elchen und Schwarzb\u00e4ren einzuhalten. Achten Sie also darauf, die Regeln in verschiedenen Bereichen zu lernen. Achten Sie auch auf Tiere in Bewegung. Viele Tiere k\u00f6nnen sich schnell durch ihre Umgebung bewegen und das bringt sie Ihnen m\u00f6glicherweise schneller n\u00e4her, als Sie erwartet haben.\u00a0<\/p><p><span style=\"font-size: 1rem;\">Beachten Sie die folgenden Regeln, die es verbieten, sich Wildtieren zu n\u00e4hern oder sie zu f\u00fcttern usw. <\/span><span style=\"font-style: inherit; font-weight: inherit;\">Es ist auch \u00fcblich, andere Regeln wie leuchtende Lichter oder L\u00e4rm zu sehen, um die Aufmerksamkeit von Wildtieren zu erregen.\u00a0<\/span><\/p><p>In Gebieten mit weniger Regeln, wie Ihrer eigenen Nachbarschaft, sollten Sie sich gut genug auskennen, um den angemessenen Betrachtungsabstand zu bestimmen. Das kann zum Beispiel bedeuten, den gleichen Abstand einzuhalten wie in einem Nationalpark. Eine gute Praxis ist sicherzustellen, dass Ihre Anwesenheit niemals das Verhalten des Tieres beeinflusst oder ver\u00e4ndert.\u00a0<span style=\"font-style: inherit; font-weight: inherit;\"><br \/><\/span><\/p><p><span style=\"font-size: 1rem;\">Das Erlernen und Befolgen der \u00f6rtlichen Regeln und Vorschriften mag m\u00fchsam erscheinen. Aber wisse, dass die Regeln n sind<\/span>nicht willk\u00fcrlich. Sie dienen dem Wohl der Tiere und Ihrer pers\u00f6nlichen Sicherheit.<span style=\"font-style: inherit; font-weight: inherit;\"><br \/><\/span><\/p>\t\t\t\t\t\t\t\t<\/div>\n\t\t\t\t<\/div>\n\t\t\t\t<div class=\"elementor-element elementor-element-70bee51 elementor-widget elementor-widget-text-editor\" data-id=\"70bee51\" data-element_type=\"widget\" data-e-type=\"widget\" data-widget_type=\"text-editor.default\">\n\t\t\t\t<div class=\"elementor-widget-container\">\n\t\t\t\t\t\t\t\t\t<h4><strong>BEFOLGEN SIE IMMER DIE GRUNDS\u00c4TZE \u201eHINTERLASSEN SIE KEINE SPUREN\u201c UND VERSUCHEN SIE, ORTE ZU VERLASSEN, DIE BESSER SIND, ALS SIE SIE VORGEFUNDEN HABEN<\/strong><\/h4><p><span style=\"font-size: 1rem;\">Sie k\u00f6nnen mehr \u00fcber Leave No Trace erfahren\u00a0<\/span><a style=\"font-size: 1rem; background-color: #ffffff;\" href=\"https:\/\/lnt.org\/why\/7-principles\/\"><span style=\"font-weight: bold;\">hier.<\/span><\/a>\u00a0Diese etablierten Praktiken bieten gro\u00dfartige Ratschl\u00e4ge f\u00fcr alle, die sich in der Natur erholen, egal ob wir Fotografen, Wanderer, Camper, Kletterer usw. sind.\u00a0<\/p><h4><strong>F\u00d6RDERN UND BILDEN SIE ANDERE \u00dcBER DIESE GRUNDS\u00c4TZE AKTIV AUF<\/strong><\/h4><p>Menschen haben eine nat\u00fcrliche Affinit\u00e4t und Liebe zu Wildtieren. Aber die Bedeutung aller Wildarten und ihrer Lebensr\u00e4ume werden von der heutigen Gesellschaft oft untersch\u00e4tzt oder \u00fcbersehen. Wenn Ihnen als Fotograf die Tierwelt wichtig ist, dann sollten Sie zu ihrer Erhaltung beitragen, indem Sie verantwortungsvolle Tierfotografie praktizieren. Gehen Sie mit gutem Beispiel voran und unterrichten Sie andere \u00fcber den Wert wilder Tiere und ihrer Lebensr\u00e4ume.\u00a0<\/p>\t\t\t\t\t\t\t\t<\/div>\n\t\t\t\t<\/div>\n\t\t\t\t<div class=\"elementor-element elementor-element-14bb1a2 elementor-widget elementor-widget-image\" data-id=\"14bb1a2\" data-element_type=\"widget\" data-e-type=\"widget\" data-widget_type=\"image.default\">\n\t\t\t\t<div class=\"elementor-widget-container\">\n\t\t\t\t\t\t\t\t\t\t\t\t\t\t\t<img loading=\"lazy\" decoding=\"async\" width=\"1024\" height=\"737\" src=\"https:\/\/naturefirst.org\/wp-content\/uploads\/HS9A8776-2048x1473-1024x737.jpg\" class=\"attachment-large size-large wp-image-1533\" alt=\"\" srcset=\"https:\/\/naturefirst.org\/wp-content\/uploads\/HS9A8776-2048x1473-1024x737.jpg 1024w, https:\/\/naturefirst.org\/wp-content\/uploads\/HS9A8776-2048x1473-500x360.jpg 500w, https:\/\/naturefirst.org\/wp-content\/uploads\/HS9A8776-2048x1473-768x552.jpg 768w, https:\/\/naturefirst.org\/wp-content\/uploads\/HS9A8776-2048x1473-1536x1105.jpg 1536w, https:\/\/naturefirst.org\/wp-content\/uploads\/HS9A8776-2048x1473-18x12.jpg 18w, https:\/\/naturefirst.org\/wp-content\/uploads\/HS9A8776-2048x1473.jpg 2048w\" sizes=\"(max-width: 1024px) 100vw, 1024px\" \/>\t\t\t\t\t\t\t\t\t\t\t\t\t\t\t<\/div>\n\t\t\t\t<\/div>\n\t\t\t\t<div class=\"elementor-element elementor-element-dbf17fb elementor-widget elementor-widget-text-editor\" data-id=\"dbf17fb\" data-element_type=\"widget\" data-e-type=\"widget\" data-widget_type=\"text-editor.default\">\n\t\t\t\t<div class=\"elementor-widget-container\">\n\t\t\t\t\t\t\t\t\t<p><em style=\"font-weight: inherit;\">Basierend auf dem Artikel <a href=\"https:\/\/naturefirst.org\/de\/news-items\/2020\/05\/28\/the-nature-first-principles-in-wildlife-photography\/\">\u201eDie Nature First-Prinzipien in der Tierfotografie\u201c<\/a> von Bryn Schmidt<\/em><\/p>\t\t\t\t\t\t\t\t<\/div>\n\t\t\t\t<\/div>\n\t\t\t\t<div class=\"elementor-element elementor-element-65e360d9 elementor-widget-divider--view-line elementor-widget elementor-widget-divider\" data-id=\"65e360d9\" data-element_type=\"widget\" data-e-type=\"widget\" data-widget_type=\"divider.default\">\n\t\t\t\t<div class=\"elementor-widget-container\">\n\t\t\t\t\t\t\t<div class=\"elementor-divider\">\n\t\t\t<span class=\"elementor-divider-separator\">\n\t\t\t\t\t\t<\/span>\n\t\t<\/div>\n\t\t\t\t\t\t<\/div>\n\t\t\t\t<\/div>\n\t\t\t\t\t<\/div>\n\t\t<\/div>\n\t\t\t\t\t<\/div>\n\t\t<\/section>\n\t\t\t\t<\/div>","protected":false},"excerpt":{"rendered":"<p>Wildlife Photography and the Nature First Principles The Nature First Principles and Wildlife Photography Being a responsible wildlife photographer is important for the well-being of the animals and their natural habitat, as well as for your own personal safety. Great care should be taken to not alter, affect or impact an animal&#8217;s natural behavior. One [&hellip;]<\/p>\n","protected":false},"author":2,"featured_media":0,"parent":0,"menu_order":0,"comment_status":"closed","ping_status":"closed","template":"","meta":{"_mo_disable_npp":"","site-sidebar-layout":"no-sidebar","site-content-layout":"page-builder","ast-site-content-layout":"default","site-content-style":"default","site-sidebar-style":"default","ast-global-header-display":"","ast-banner-title-visibility":"","ast-main-header-display":"","ast-hfb-above-header-display":"","ast-hfb-below-header-display":"","ast-hfb-mobile-header-display":"","site-post-title":"disabled","ast-breadcrumbs-content":"","ast-featured-img":"disabled","footer-sml-layout":"","ast-disable-related-posts":"","theme-transparent-header-meta":"","adv-header-id-meta":"","stick-header-meta":"","header-above-stick-meta":"","header-main-stick-meta":"","header-below-stick-meta":"","astra-migrate-meta-layouts":"default","ast-page-background-enabled":"default","ast-page-background-meta":{"desktop":{"background-color":"","background-image":"","background-repeat":"repeat","background-position":"center center","background-size":"auto","background-attachment":"scroll","background-type":"","background-media":"","overlay-type":"","overlay-color":"","overlay-opacity":"","overlay-gradient":""},"tablet":{"background-color":"","background-image":"","background-repeat":"repeat","background-position":"center center","background-size":"auto","background-attachment":"scroll","background-type":"","background-media":"","overlay-type":"","overlay-color":"","overlay-opacity":"","overlay-gradient":""},"mobile":{"background-color":"","background-image":"","background-repeat":"repeat","background-position":"center center","background-size":"auto","background-attachment":"scroll","background-type":"","background-media":"","overlay-type":"","overlay-color":"","overlay-opacity":"","overlay-gradient":""}},"ast-content-background-meta":{"desktop":{"background-color":"var(--ast-global-color-5)","background-image":"","background-repeat":"repeat","background-position":"center center","background-size":"auto","background-attachment":"scroll","background-type":"","background-media":"","overlay-type":"","overlay-color":"","overlay-opacity":"","overlay-gradient":""},"tablet":{"background-color":"var(--ast-global-color-5)","background-image":"","background-repeat":"repeat","background-position":"center center","background-size":"auto","background-attachment":"scroll","background-type":"","background-media":"","overlay-type":"","overlay-color":"","overlay-opacity":"","overlay-gradient":""},"mobile":{"background-color":"var(--ast-global-color-5)","background-image":"","background-repeat":"repeat","background-position":"center center","background-size":"auto","background-attachment":"scroll","background-type":"","background-media":"","overlay-type":"","overlay-color":"","overlay-opacity":"","overlay-gradient":""}},"footnotes":""},"class_list":["post-3695","page","type-page","status-publish","hentry"],"aioseo_notices":[],"_links":{"self":[{"href":"https:\/\/naturefirst.org\/de\/wp-json\/wp\/v2\/pages\/3695","targetHints":{"allow":["GET"]}}],"collection":[{"href":"https:\/\/naturefirst.org\/de\/wp-json\/wp\/v2\/pages"}],"about":[{"href":"https:\/\/naturefirst.org\/de\/wp-json\/wp\/v2\/types\/page"}],"author":[{"embeddable":true,"href":"https:\/\/naturefirst.org\/de\/wp-json\/wp\/v2\/users\/2"}],"replies":[{"embeddable":true,"href":"https:\/\/naturefirst.org\/de\/wp-json\/wp\/v2\/comments?post=3695"}],"version-history":[{"count":8,"href":"https:\/\/naturefirst.org\/de\/wp-json\/wp\/v2\/pages\/3695\/revisions"}],"predecessor-version":[{"id":3713,"href":"https:\/\/naturefirst.org\/de\/wp-json\/wp\/v2\/pages\/3695\/revisions\/3713"}],"wp:attachment":[{"href":"https:\/\/naturefirst.org\/de\/wp-json\/wp\/v2\/media?parent=3695"}],"curies":[{"name":"wp","href":"https:\/\/api.w.org\/{rel}","templated":true}]}}