{"id":3706,"date":"2023-01-20T14:45:29","date_gmt":"2023-01-20T21:45:29","guid":{"rendered":"https:\/\/naturefirst.org\/?page_id=3706"},"modified":"2024-01-23T06:33:30","modified_gmt":"2024-01-23T13:33:30","slug":"for-workshop-leaders","status":"publish","type":"page","link":"https:\/\/naturefirst.org\/de\/for-workshop-leaders\/","title":{"rendered":"F\u00fcr Werkstattleiter"},"content":{"rendered":"<div data-elementor-type=\"wp-page\" data-elementor-id=\"3706\" class=\"elementor elementor-3706\" data-elementor-post-type=\"page\">\n\t\t\t\t\t\t<section class=\"elementor-section elementor-top-section elementor-element elementor-element-4789b334 elementor-section-height-min-height elementor-section-boxed elementor-section-height-default elementor-section-items-middle\" data-id=\"4789b334\" data-element_type=\"section\" data-e-type=\"section\" data-settings=\"{&quot;background_background&quot;:&quot;classic&quot;}\">\n\t\t\t\t\t\t\t<div class=\"elementor-background-overlay\"><\/div>\n\t\t\t\t\t\t\t<div class=\"elementor-container elementor-column-gap-no\">\n\t\t\t\t\t<div class=\"elementor-column elementor-col-100 elementor-top-column elementor-element elementor-element-4c2c5086\" data-id=\"4c2c5086\" data-element_type=\"column\" data-e-type=\"column\">\n\t\t\t<div class=\"elementor-widget-wrap elementor-element-populated\">\n\t\t\t\t\t\t<div class=\"elementor-element elementor-element-43369568 elementor-widget elementor-widget-image-box\" data-id=\"43369568\" data-element_type=\"widget\" data-e-type=\"widget\" data-widget_type=\"image-box.default\">\n\t\t\t\t<div class=\"elementor-widget-container\">\n\t\t\t\t\t<div class=\"elementor-image-box-wrapper\"><div class=\"elementor-image-box-content\"><h1 class=\"elementor-image-box-title\">F\u00fcr Werkstattleiter<\/h1><\/div><\/div>\t\t\t\t<\/div>\n\t\t\t\t<\/div>\n\t\t\t\t<div class=\"elementor-element elementor-element-2569a105 elementor-widget elementor-widget-text-editor\" data-id=\"2569a105\" data-element_type=\"widget\" data-e-type=\"widget\" data-widget_type=\"text-editor.default\">\n\t\t\t\t<div class=\"elementor-widget-container\">\n\t\t\t\t\t\t\t\t\t<p>Nature First-Empfehlungen<\/p>\t\t\t\t\t\t\t\t<\/div>\n\t\t\t\t<\/div>\n\t\t\t\t\t<\/div>\n\t\t<\/div>\n\t\t\t\t\t<\/div>\n\t\t<\/section>\n\t\t\t\t<section class=\"elementor-section elementor-top-section elementor-element elementor-element-60c8fe6d elementor-section-boxed elementor-section-height-default elementor-section-height-default\" data-id=\"60c8fe6d\" data-element_type=\"section\" data-e-type=\"section\">\n\t\t\t\t\t\t<div class=\"elementor-container elementor-column-gap-default\">\n\t\t\t\t\t<div class=\"elementor-column elementor-col-100 elementor-top-column elementor-element elementor-element-6e4d1e98\" data-id=\"6e4d1e98\" data-element_type=\"column\" data-e-type=\"column\">\n\t\t\t<div class=\"elementor-widget-wrap elementor-element-populated\">\n\t\t\t\t\t\t<div class=\"elementor-element elementor-element-53cacec8 elementor-widget elementor-widget-heading\" data-id=\"53cacec8\" data-element_type=\"widget\" data-e-type=\"widget\" data-widget_type=\"heading.default\">\n\t\t\t\t<div class=\"elementor-widget-container\">\n\t\t\t\t\t<h2 class=\"elementor-heading-title elementor-size-default\">Workshopleiter, Sie K\u00d6NNEN sich den Nature First-Prinzipien verpflichten<\/h2>\t\t\t\t<\/div>\n\t\t\t\t<\/div>\n\t\t\t\t<div class=\"elementor-element elementor-element-50f9089c elementor-widget-divider--view-line elementor-widget elementor-widget-divider\" data-id=\"50f9089c\" data-element_type=\"widget\" data-e-type=\"widget\" data-widget_type=\"divider.default\">\n\t\t\t\t<div class=\"elementor-widget-container\">\n\t\t\t\t\t\t\t<div class=\"elementor-divider\">\n\t\t\t<span class=\"elementor-divider-separator\">\n\t\t\t\t\t\t<\/span>\n\t\t<\/div>\n\t\t\t\t\t\t<\/div>\n\t\t\t\t<\/div>\n\t\t\t\t<div class=\"elementor-element elementor-element-fbcf9e5 elementor-widget elementor-widget-text-editor\" data-id=\"fbcf9e5\" data-element_type=\"widget\" data-e-type=\"widget\" data-widget_type=\"text-editor.default\">\n\t\t\t\t<div class=\"elementor-widget-container\">\n\t\t\t\t\t\t\t\t\t<p style=\"font-size: 18px; font-style: normal; font-weight: 300;\">Wir verstehen, dass die Befolgung der Nature First-Prinzipien m\u00f6glicherweise\u00a0<i>erscheinen\u00a0<\/i>wie eine unm\u00f6gliche Leistung f\u00fcr einen Vollzeit- oder Teilzeit-Workshopleiter f\u00fcr Naturfotografie. Jemand sagte uns k\u00fcrzlich, dass \u201eGebiete zu erhalten und gleichzeitig zu versuchen, mit Naturfotografie-Workshops seinen Lebensunterhalt zu verdienen, zwei widerspr\u00fcchliche Ideen sind.\u201c Wir k\u00f6nnen uns auf dieses Gef\u00fchl beziehen, da wir uns bei Nature First damit auseinandergesetzt und dar\u00fcber nachgedacht haben.<\/p><p style=\"font-size: 18px; font-style: normal; font-weight: 300;\">Seinen Lebensunterhalt als professioneller Fotograf zu verdienen, der auf Werkstatteinnahmen angewiesen ist, kann unglaublich schwierig sein. Da der Wettbewerb jedes Jahr zunimmt, mussten die Workshopleiter Wege finden, sich zu differenzieren, um konkurrenzf\u00e4hig zu sein. Es besteht ein starker Impuls, Menschen in sch\u00f6ne, aber heikle Gebiete zu bringen, die die mit Besuchen verbundenen Auswirkungen nicht ertragen k\u00f6nnen \u2013 tats\u00e4chlich haben viele von uns dies getan, bis wir die negativen Auswirkungen sahen, die wir verursachten.<\/p><blockquote><p><span style=\"color: #808080;\"><strong>Wir glauben, dass es alternative Ans\u00e4tze gibt, die Ihnen nicht nur helfen, sich als Fotograf von anderen abzuheben, sondern es Ihnen auch erm\u00f6glichen, die Nature First-Prinzipien einzuhalten.<\/strong><\/span><\/p><\/blockquote>\t\t\t\t\t\t\t\t<\/div>\n\t\t\t\t<\/div>\n\t\t\t\t<div class=\"elementor-element elementor-element-e0e99c7 elementor-widget elementor-widget-text-editor\" data-id=\"e0e99c7\" data-element_type=\"widget\" data-e-type=\"widget\" data-widget_type=\"text-editor.default\">\n\t\t\t\t<div class=\"elementor-widget-container\">\n\t\t\t\t\t\t\t\t\t<p class=\"\"><span style=\"font-style: inherit; font-weight: inherit;\"><img fetchpriority=\"high\" decoding=\"async\" class=\"alignright wp-image-1490\" src=\"https:\/\/naturefirst.org\/wp-content\/uploads\/image-asset-334x500.jpg\" alt=\"\" width=\"400\" height=\"600\" srcset=\"https:\/\/naturefirst.org\/wp-content\/uploads\/image-asset-334x500.jpg 334w, https:\/\/naturefirst.org\/wp-content\/uploads\/image-asset-683x1024.jpg 683w, https:\/\/naturefirst.org\/wp-content\/uploads\/image-asset-768x1151.jpg 768w, https:\/\/naturefirst.org\/wp-content\/uploads\/image-asset-1025x1536.jpg 1025w, https:\/\/naturefirst.org\/wp-content\/uploads\/image-asset-1366x2048.jpg 1366w, https:\/\/naturefirst.org\/wp-content\/uploads\/image-asset-8x12.jpg 8w, https:\/\/naturefirst.org\/wp-content\/uploads\/image-asset-scaled.jpg 1708w\" sizes=\"(max-width: 400px) 100vw, 400px\" \/>F\u00fcr den Anfang m\u00fcssen erfolgreiche Workshop-Leiter viel mehr tun, als nur eine gro\u00dfartige Location bereitzustellen. Hier ist eine Liste von Dingen, die Sie Sch\u00fclern beibringen k\u00f6nnen (und sollten), die nicht vom Standort abh\u00e4ngig sind:<\/span><\/p><ol><li>Neue Fototechniken<\/li><li>Philosophische Herangehensweisen an das Handwerk (z. B. langsame Fotografie, Achtsamkeit usw.)<\/li><li>Wie man gro\u00dfartige Kompositionen sieht (dies ist vielleicht noch lohnender f\u00fcr Studenten an Orten, die nicht ikonisch oder au\u00dfergew\u00f6hnlich sind)<\/li><li>Sehen mit einzigartigem Weitblick\u00a0<\/li><\/ol><div><blockquote><p class=\"\"><span style=\"color: #808080;\"><strong>Die meisten Teilnehmer werden zustimmen, dass die oben genannten Imbissbuden auf lange Sicht viel wertvoller sind als der Besuch eines ber\u00fchmten Ortes.\u00a0<\/strong><\/span><\/p><\/blockquote><p class=\"\">Workshop-Studenten zu seltenen Orten zu f\u00fchren, oder schlimmer noch, zu Orten, die viele Besuche nicht bew\u00e4ltigen k\u00f6nnen, versch\u00e4rft eine Realit\u00e4t, die durch soziale Medien noch verschlimmert wird. Und \u201eAlle anderen machen bereits Workshops an diesen Orten, also warum spielt das eine Rolle?\u201c ist ein Argument, das die kumulativen, langfristigen Sch\u00e4den und negativen Auswirkungen auf unsere nat\u00fcrliche Welt nur fortsetzt.\u00a0<span style=\"font-style: inherit; font-weight: inherit;\">Wenn ein Standort bereits auf der Karte steht und f\u00fcr die Bew\u00e4ltigung gro\u00dfer Besucherzahlen eingerichtet ist, kann es sich ethisch vertretbar anf\u00fchlen, dort einen Workshop zu absolvieren. Verschlechtert sich der Standort hingegen durch vermehrten Besuch stetig, ist eine Neubewertung erforderlich.\u00a0<\/span><\/p><p class=\"\">Hier sind einige Fragen, die Sie sich stellen k\u00f6nnen, bevor Sie Gruppen an einen bestimmten Ort bringen:<\/p><ol><li>Was bietet dieser Standort aus didaktischer Sicht, was andere Standorte nicht bieten?<\/li><li>Gab es bereits erhebliche Auswirkungen auf den Standort, und wird der k\u00fcnftige verst\u00e4rkte Besuch mehr Einfluss haben?<\/li><li>Wenn ich Gruppen an diesen Ort bringe, werden sie dann auch gezwungen sein, mehr Leute hierher zu bringen und damit die negativen Auswirkungen auf den Ort weiter zu verst\u00e4rken?<\/li><li>Wenn Sie 15 Jahre in die Zukunft denken und sehen, dass dieser Ort f\u00fcr andere Menschen \u201eruiniert\u201c ist, ist der pers\u00f6nliche Gewinn, den Sie erzielt haben, gr\u00f6\u00dfer, als ihn unwiderruflich ver\u00e4ndert zu sehen?<\/li><\/ol><p>Hier sind einige andere Dinge, die Sie als Workshop-Leiter beachten sollten, die mit der Idee ringen, dass Sie jemanden an einen ikonischen Ort bringen m\u00fcssen, der keinen Besuch vertragen kann:<\/p><ol><li>Wie kann ich meine Sch\u00fcler sonst unterrichten?<\/li><li>Wie kann ich sonst meinen Lebensunterhalt mit diesen Diensten verdienen, ohne die Standorte zu beeintr\u00e4chtigen?<\/li><li>Welche anderen Monetarisierungsmodelle gibt es, die die gleichen finanziellen Auswirkungen haben und die Auswirkungen auf den Standort verringern k\u00f6nnten?\u00a0<\/li><li>Diese Standorte bieten Ihnen finanzielle Nachhaltigkeit. Wie k\u00f6nnen Sie diesen Orten etwas zur\u00fcckgeben, indem Sie sich ehrenamtlich engagieren, sich f\u00fcr sie einsetzen oder andere \u00fcber ihre Zerbrechlichkeit aufkl\u00e4ren?<\/li><li>Wie sonst kann ich meinen Workshop an potenzielle Studenten vermarkten, ohne ein ikonisches Foto oder einen ikonischen Ort zu ziehen? Zu den Vorschl\u00e4gen geh\u00f6rt, sich darauf zu konzentrieren, was gelernt wird, wie die Erfahrung sein wird und wie die eigene Fotografie verbessert werden kann.<\/li><li>K\u00f6nnen Sie sich auf einen allgemeinen Bereich statt auf einen bestimmten Ort konzentrieren? Zum Beispiel ist es leicht, sich f\u00fcr einen Ort wie Death Valley oder Colorado im Herbst zu begeistern, ohne zu implizieren oder vorzuschlagen, dass bestimmte Orte innerhalb dieser Orte besucht werden.\u00a0<\/li><li>Wie k\u00f6nnen Sie in Ihrem Marketing Naturschutzideale einhalten und ansprechen, um mehr Studenten anzuziehen, ohne bestimmte Standorte zu gef\u00e4hrden?<\/li><\/ol><div><div id=\"block-yui_3_17_2_1_1606260716667_4189\" class=\"sqs-block html-block sqs-block-html\" data-block-type=\"2\"><div class=\"sqs-block-content\"><p class=\"\"><img decoding=\"async\" class=\"wp-image-1491 alignright\" src=\"https:\/\/naturefirst.org\/wp-content\/uploads\/1_image-asset-333x500.jpg\" alt=\"\" width=\"400\" height=\"600\" srcset=\"https:\/\/naturefirst.org\/wp-content\/uploads\/1_image-asset-333x500.jpg 333w, https:\/\/naturefirst.org\/wp-content\/uploads\/1_image-asset-683x1024.jpg 683w, https:\/\/naturefirst.org\/wp-content\/uploads\/1_image-asset-768x1152.jpg 768w, https:\/\/naturefirst.org\/wp-content\/uploads\/1_image-asset-8x12.jpg 8w, https:\/\/naturefirst.org\/wp-content\/uploads\/1_image-asset.jpg 812w\" sizes=\"(max-width: 400px) 100vw, 400px\" \/>Die Untersuchung, wie sich einige prominente Fotografen von der Masse abgehoben haben, indem sie ortsunabh\u00e4ngige Angebote anbieten, k\u00f6nnte anderen Fotografen helfen, \u00fcber andere Ans\u00e4tze zum Anbieten von Workshops nachzudenken. Einige Beispiele sind:<\/p><ol><li>Guy Tal und Michael Gordon <a href=\"http:\/\/www.visionaryphotoworkshops.com\/concept\">Werkst\u00e4tten anbieten<\/a> konzentriert sich auf philosophisches Lernen, Naturgeschichte, visuelle Kommunikation und Nachbearbeitung.<\/li><li>Colleen Miniuk <a href=\"https:\/\/www.colleenminiuk.com\/\">bietet Werkst\u00e4tten an<\/a> konzentriert sich auf Kreativit\u00e4t, Kunstfertigkeit und eine pers\u00f6nliche Verbindung zu Ihrer Arbeit, w\u00e4hrend Sie das Schreiben und andere kreative Aktivit\u00e4ten einflie\u00dfen lassen.<\/li><li>Angebot von David Kingham und Jennifer Renwick <a href=\"https:\/\/www.exploringexposure.com\/workshops\/all\">mehr personalisierte Ausfl\u00fcge<\/a> mit einem Schwerpunkt auf individueller Kreativit\u00e4t im Gegensatz zur Aufnahme von Bildern von Orten, die kein hohes Verkehrsaufkommen aushalten k\u00f6nnen.\u00a0\u00a0<\/li><li>John Barclay <a href=\"https:\/\/johnbarclayphotography.com\/workshops-2\/\">bietet Werkst\u00e4tten an<\/a> die einen eher kontemplativen Fotografiestil lehren und Achtsamkeit mit pers\u00f6nlicher Vision verbinden.<\/li><\/ol><p>Offensichtlich nehmen einige dieser Fotografen Menschen an erstaunliche Orte mit, die beliebt sind; Der Fokus liegt jedoch nicht auf dem Standort. Der Fokus liegt auf etwas anderem, das Menschen helfen kann, ihre Fotografie und Kreativit\u00e4t zu verbessern. Da sich der Hauptfokus eines Workshops vom Ziel weg und hin zu Kreativit\u00e4t, Lernen und Pers\u00f6nlichem verschiebt, verschieben sich auch die Anforderungen und Erwartungen der Sch\u00fcler. Ob Sie es glauben oder nicht, aber viele Studenten sind hungrig nach dieser Art von Workshop-Angeboten, nachdem sie gesehen haben, wie Orte in den letzten Jahren von Missbrauch in unserem Bereich dezimiert wurden.\u00a0<\/p><p class=\"\">Wir ermutigen die Workshop-Leiter immer, die Nature First-Prinzipien mit Ihren Workshop-Studenten zu teilen und die historischen Auswirkungen auf beliebte Orte zu erkl\u00e4ren, die Ihnen einst gefallen haben. Dies ist eine Gelegenheit, die ethische Verantwortung f\u00fcr Fotografen zu diskutieren und zuk\u00fcnftige Auswirkungen zu verlangsamen oder zu verhindern.<\/p><\/div><\/div><div id=\"block-yui_3_17_2_1_1606670614941_34512\" class=\"sqs-block horizontalrule-block sqs-block-horizontalrule\" data-block-type=\"47\"><div class=\"sqs-block-content\"><hr \/><\/div><\/div><div id=\"block-yui_3_17_2_1_1606670614941_34965\" class=\"sqs-block html-block sqs-block-html\" data-block-type=\"2\"><div class=\"sqs-block-content\"><p class=\"\" style=\"text-align: left;\"><em>Basierend auf dem Artikel <a href=\"https:\/\/naturefirst.org\/de\/news-items\/2020\/11\/24\/photography-workshops-and-nature-first-principles\/\">\u201eFotoworkshops und Nature First-Prinzipien\u201c<\/a> von <a href=\"https:\/\/www.jenniferrenwick.com\/\" target=\"_blank\" rel=\"noopener\">Jennifer Renwick<\/a> und <a href=\"https:\/\/www.mattpaynephotography.com\/\" target=\"_blank\" rel=\"noopener\">Matt Payne<\/a>. Fotografien von <a href=\"https:\/\/www.instagram.com\/alexkessock\/\" target=\"_blank\" rel=\"noopener\">Alex Kessock<\/a>.<\/em><\/p><\/div><\/div><\/div><\/div>\t\t\t\t\t\t\t\t<\/div>\n\t\t\t\t<\/div>\n\t\t\t\t\t<\/div>\n\t\t<\/div>\n\t\t\t\t\t<\/div>\n\t\t<\/section>\n\t\t\t\t<\/div>","protected":false},"excerpt":{"rendered":"<p>For Workshop Leaders Nature First Recommendations Workshop Leaders, you CAN commit to the Nature First Principles We understand that following the Nature First Principles might\u00a0seem\u00a0like an impossible feat for a full-time or part-time nature photography workshop instructor. Someone recently said to us that \u201cpreserving areas while also trying to earn a living with nature photography [&hellip;]<\/p>\n","protected":false},"author":2,"featured_media":0,"parent":0,"menu_order":0,"comment_status":"closed","ping_status":"closed","template":"","meta":{"_mo_disable_npp":"","site-sidebar-layout":"no-sidebar","site-content-layout":"page-builder","ast-site-content-layout":"default","site-content-style":"default","site-sidebar-style":"default","ast-global-header-display":"","ast-banner-title-visibility":"","ast-main-header-display":"","ast-hfb-above-header-display":"","ast-hfb-below-header-display":"","ast-hfb-mobile-header-display":"","site-post-title":"disabled","ast-breadcrumbs-content":"","ast-featured-img":"disabled","footer-sml-layout":"","ast-disable-related-posts":"","theme-transparent-header-meta":"","adv-header-id-meta":"","stick-header-meta":"","header-above-stick-meta":"","header-main-stick-meta":"","header-below-stick-meta":"","astra-migrate-meta-layouts":"default","ast-page-background-enabled":"default","ast-page-background-meta":{"desktop":{"background-color":"","background-image":"","background-repeat":"repeat","background-position":"center center","background-size":"auto","background-attachment":"scroll","background-type":"","background-media":"","overlay-type":"","overlay-color":"","overlay-opacity":"","overlay-gradient":""},"tablet":{"background-color":"","background-image":"","background-repeat":"repeat","background-position":"center center","background-size":"auto","background-attachment":"scroll","background-type":"","background-media":"","overlay-type":"","overlay-color":"","overlay-opacity":"","overlay-gradient":""},"mobile":{"background-color":"","background-image":"","background-repeat":"repeat","background-position":"center center","background-size":"auto","background-attachment":"scroll","background-type":"","background-media":"","overlay-type":"","overlay-color":"","overlay-opacity":"","overlay-gradient":""}},"ast-content-background-meta":{"desktop":{"background-color":"var(--ast-global-color-5)","background-image":"","background-repeat":"repeat","background-position":"center center","background-size":"auto","background-attachment":"scroll","background-type":"","background-media":"","overlay-type":"","overlay-color":"","overlay-opacity":"","overlay-gradient":""},"tablet":{"background-color":"var(--ast-global-color-5)","background-image":"","background-repeat":"repeat","background-position":"center center","background-size":"auto","background-attachment":"scroll","background-type":"","background-media":"","overlay-type":"","overlay-color":"","overlay-opacity":"","overlay-gradient":""},"mobile":{"background-color":"var(--ast-global-color-5)","background-image":"","background-repeat":"repeat","background-position":"center center","background-size":"auto","background-attachment":"scroll","background-type":"","background-media":"","overlay-type":"","overlay-color":"","overlay-opacity":"","overlay-gradient":""}},"footnotes":""},"class_list":["post-3706","page","type-page","status-publish","hentry"],"aioseo_notices":[],"_links":{"self":[{"href":"https:\/\/naturefirst.org\/de\/wp-json\/wp\/v2\/pages\/3706","targetHints":{"allow":["GET"]}}],"collection":[{"href":"https:\/\/naturefirst.org\/de\/wp-json\/wp\/v2\/pages"}],"about":[{"href":"https:\/\/naturefirst.org\/de\/wp-json\/wp\/v2\/types\/page"}],"author":[{"embeddable":true,"href":"https:\/\/naturefirst.org\/de\/wp-json\/wp\/v2\/users\/2"}],"replies":[{"embeddable":true,"href":"https:\/\/naturefirst.org\/de\/wp-json\/wp\/v2\/comments?post=3706"}],"version-history":[{"count":10,"href":"https:\/\/naturefirst.org\/de\/wp-json\/wp\/v2\/pages\/3706\/revisions"}],"predecessor-version":[{"id":4782,"href":"https:\/\/naturefirst.org\/de\/wp-json\/wp\/v2\/pages\/3706\/revisions\/4782"}],"wp:attachment":[{"href":"https:\/\/naturefirst.org\/de\/wp-json\/wp\/v2\/media?parent=3706"}],"curies":[{"name":"wp","href":"https:\/\/api.w.org\/{rel}","templated":true}]}}