{"id":3873,"date":"2023-01-23T09:48:12","date_gmt":"2023-01-23T16:48:12","guid":{"rendered":"https:\/\/naturefirst.org\/?page_id=3873"},"modified":"2023-01-24T15:22:31","modified_gmt":"2023-01-24T22:22:31","slug":"article-submission-guidelines","status":"publish","type":"page","link":"https:\/\/naturefirst.org\/de\/article-submission-guidelines\/","title":{"rendered":"Richtlinien f\u00fcr die Einreichung von Artikeln"},"content":{"rendered":"<div data-elementor-type=\"wp-page\" data-elementor-id=\"3873\" class=\"elementor elementor-3873\" data-elementor-post-type=\"page\">\n\t\t\t\t\t\t<section class=\"elementor-section elementor-top-section elementor-element elementor-element-4baae508 elementor-section-height-min-height elementor-section-boxed elementor-section-height-default elementor-section-items-middle\" data-id=\"4baae508\" data-element_type=\"section\" data-e-type=\"section\" data-settings=\"{&quot;background_background&quot;:&quot;classic&quot;}\">\n\t\t\t\t\t\t\t<div class=\"elementor-background-overlay\"><\/div>\n\t\t\t\t\t\t\t<div class=\"elementor-container elementor-column-gap-no\">\n\t\t\t\t\t<div class=\"elementor-column elementor-col-100 elementor-top-column elementor-element elementor-element-517fd2b0\" data-id=\"517fd2b0\" data-element_type=\"column\" data-e-type=\"column\">\n\t\t\t<div class=\"elementor-widget-wrap elementor-element-populated\">\n\t\t\t\t\t\t<div class=\"elementor-element elementor-element-719b5d03 elementor-widget elementor-widget-image-box\" data-id=\"719b5d03\" data-element_type=\"widget\" data-e-type=\"widget\" data-widget_type=\"image-box.default\">\n\t\t\t\t<div class=\"elementor-widget-container\">\n\t\t\t\t\t<div class=\"elementor-image-box-wrapper\"><div class=\"elementor-image-box-content\"><h1 class=\"elementor-image-box-title\">Richtlinien f\u00fcr die Einreichung von Artikeln<\/h1><\/div><\/div>\t\t\t\t<\/div>\n\t\t\t\t<\/div>\n\t\t\t\t\t<\/div>\n\t\t<\/div>\n\t\t\t\t\t<\/div>\n\t\t<\/section>\n\t\t\t\t<section class=\"elementor-section elementor-top-section elementor-element elementor-element-11f7e3a8 elementor-section-boxed elementor-section-height-default elementor-section-height-default\" data-id=\"11f7e3a8\" data-element_type=\"section\" data-e-type=\"section\">\n\t\t\t\t\t\t<div class=\"elementor-container elementor-column-gap-default\">\n\t\t\t\t\t<div class=\"elementor-column elementor-col-100 elementor-top-column elementor-element elementor-element-26e95ec5\" data-id=\"26e95ec5\" data-element_type=\"column\" data-e-type=\"column\">\n\t\t\t<div class=\"elementor-widget-wrap elementor-element-populated\">\n\t\t\t\t\t\t<div class=\"elementor-element elementor-element-70e689ff elementor-widget elementor-widget-heading\" data-id=\"70e689ff\" data-element_type=\"widget\" data-e-type=\"widget\" data-widget_type=\"heading.default\">\n\t\t\t\t<div class=\"elementor-widget-container\">\n\t\t\t\t\t<h2 class=\"elementor-heading-title elementor-size-default\">Richtlinien f\u00fcr die Einreichung von Artikeln<\/h2>\t\t\t\t<\/div>\n\t\t\t\t<\/div>\n\t\t\t\t<div class=\"elementor-element elementor-element-2444d2a elementor-widget elementor-widget-text-editor\" data-id=\"2444d2a\" data-element_type=\"widget\" data-e-type=\"widget\" data-widget_type=\"text-editor.default\">\n\t\t\t\t<div class=\"elementor-widget-container\">\n\t\t\t\t\t\t\t\t\t<p>Bitte lesen Sie alle Richtlinien sorgf\u00e4ltig durch und befolgen Sie sie, wenn Sie einen Artikel zur Ver\u00f6ffentlichung einreichen. Einsendungen, die diesen Richtlinien nicht entsprechen, werden nicht genehmigt.<\/p>\t\t\t\t\t\t\t\t<\/div>\n\t\t\t\t<\/div>\n\t\t\t\t<div class=\"elementor-element elementor-element-5d7bdca5 elementor-widget-divider--view-line elementor-widget elementor-widget-divider\" data-id=\"5d7bdca5\" data-element_type=\"widget\" data-e-type=\"widget\" data-widget_type=\"divider.default\">\n\t\t\t\t<div class=\"elementor-widget-container\">\n\t\t\t\t\t\t\t<div class=\"elementor-divider\">\n\t\t\t<span class=\"elementor-divider-separator\">\n\t\t\t\t\t\t<\/span>\n\t\t<\/div>\n\t\t\t\t\t\t<\/div>\n\t\t\t\t<\/div>\n\t\t\t\t<div class=\"elementor-element elementor-element-1d949de elementor-widget elementor-widget-text-editor\" data-id=\"1d949de\" data-element_type=\"widget\" data-e-type=\"widget\" data-widget_type=\"text-editor.default\">\n\t\t\t\t<div class=\"elementor-widget-container\">\n\t\t\t\t\t\t\t\t\t<h3>Generelle Richtlinien<\/h3>\n<p>Alle Nature First-Mitglieder sind herzlich eingeladen, einen Artikel zur Ver\u00f6ffentlichung bei Nature First einzureichen. Lesen Sie unbedingt einige unserer <strong><a href=\"https:\/\/naturefirst.org\/de\/learn-more\/\">Ausgew\u00e4hlte Artikel<\/a><\/strong> vor dem Absenden. Auf diese Weise k\u00f6nnen Sie bereits behandelte Themen besser erkennen und erhalten einen allgemeinen Eindruck vom bevorzugten Layout und der bevorzugten Formatierung.<\/p>\n<p>Nature First sucht Artikel mit folgenden Themen:<\/p>\n<ul>\n<li>Praktizieren der Nature First-Prinzipien in bestimmten \u00d6kosystemen.<\/li>\n<li>Ma\u00dfnahmen ergreifen, um verantwortungsvolle Naturfotografie zu f\u00f6rdern.<\/li>\n<li>Nutzung der Fotografie zur Bewahrung, Konservierung und Aufkl\u00e4rung \u00fcber die Natur.<\/li>\n<li>Pers\u00f6nliche Geschichten dar\u00fcber, wie Sie ein ethischer und verantwortungsbewusster Naturfotograf werden und was Sie dabei gelernt haben.<\/li>\n<\/ul>\n<h3>Generelle Richtlinien<\/h3>\n<div>\n<p>Genehmigte Artikel erz\u00e4hlen eine frische und fesselnde Geschichte, sind gut geschrieben, klar und pr\u00e4gnant und mit hochwertigen Bildern illustriert. Artikel mit \u00fcberm\u00e4\u00dfigen Grammatikfehlern werden nicht akzeptiert. Bitte beachten Sie, dass alle Artikel f\u00fcr die automatisierte maschinelle \u00dcbersetzung verf\u00fcgbar sind. Autoren sollten auf Slang und umgangssprachliche Ausdr\u00fccke verzichten, die sich nicht gut in andere Sprachen und Kulturen \u00fcbertragen lassen.<\/p>\n<p>Artikeleinreichungen m\u00fcssen:<\/p>\n<ul>\n<li>ausschlie\u00dflich die Sch\u00f6pfung des einreichenden Autors sein und nicht zuvor ver\u00f6ffentlicht worden sein, einschlie\u00dflich der Website des Autors.&nbsp;<\/li>\n<li>auf Englisch sein und zwischen 800 und 2.500 W\u00f6rter lang sein.<\/li>\n<li>F\u00fcgen Sie 4-7 hochwertige Bilder mit mindestens 1200 Pixeln an der langen Kante und einer Dateigr\u00f6\u00dfe von weniger als 2 MB hinzu.<\/li>\n<li>Geben Sie Ihren vollst\u00e4ndigen Namen und Links zu Ihrer Website und\/oder Ihren sozialen Medien an, die in eine Zeile mit dem ver\u00f6ffentlichten Artikel aufgenommen werden sollen.<\/li>\n<li>Dateityp sein: .doc, .docx, .jpg, .zip&nbsp;<\/li>\n<\/ul>\n<h3>Bedingungen der Vereinbarung<\/h3>\n<ol>\n<li>Sie lizenzieren Nature First mit Nonexclusive World Electronic Rights zur Ver\u00f6ffentlichung und Anzeige Ihres Artikels auf der Nature First-Website auf unbestimmte Zeit.<\/li>\n<li>Sie erkl\u00e4ren, dass Sie der alleinige Urheberrechtsinhaber der \u00fcbermittelten Texte und Fotos sind.<\/li>\n<li>Sie haben gelesen und verstanden <a href=\"https:\/\/naturefirst.org\/de\/terms-of-use\/\">Nutzungsbedingungen von Nature First<\/a>.<\/li>\n<li>Sie erkl\u00e4ren sich damit einverstanden, Nature First nicht f\u00fcr die unbefugte Vervielf\u00e4ltigung Ihrer Texte und Fotos oder f\u00fcr etwaige Schadensersatzanspr\u00fcche, die sich aus der Ver\u00f6ffentlichung Ihres Artikels auf der Nature First-Website ergeben, haftbar zu machen.<\/li>\n<li>Sie stimmen zu, dass Nature First den \u00fcbermittelten Text hinsichtlich Grammatik, Struktur und Layout bearbeiten darf.<\/li>\n<li>Sie erkl\u00e4ren sich damit einverstanden, dass Nature First eingereichte Bilder bearbeiten darf, einschlie\u00dflich, aber nicht beschr\u00e4nkt auf die Gr\u00f6\u00dfen\u00e4nderung.<\/li>\n<li>Nature First benachrichtigt Sie innerhalb von 30 Tagen nach Einreichung per E-Mail \u00fcber die Genehmigung der Ver\u00f6ffentlichung.<\/li>\n<li>Autoren werden in der Ver\u00f6ffentlichung mit einer Byline akkreditiert, die ihren Namen und Links zu Websites und\/oder Social-Media-Konten enth\u00e4lt.<\/li>\n<li>Autoren erhalten f\u00fcr jeden genehmigten Artikel eine Verg\u00fctung von $50,00 US. Nature First sendet die Entsch\u00e4digung per PayPal innerhalb von 15 Tagen nach dem Genehmigungsdatum.<\/li>\n<\/ol>\n<p>Bitte <a href=\"https:\/\/naturefirst.org\/de\/contact\/\">Kontaktiere uns<\/a> Haben Sie Fragen zu den oben genannten Richtlinien oder Vereinbarungen?<\/p>\n<\/div>\t\t\t\t\t\t\t\t<\/div>\n\t\t\t\t<\/div>\n\t\t\t\t\t<\/div>\n\t\t<\/div>\n\t\t\t\t\t<\/div>\n\t\t<\/section>\n\t\t\t\t<\/div>","protected":false},"excerpt":{"rendered":"<p>Article Submission Guidelines Article Submission Guidelines Please read carefully and follow all guidelines when submitting an article for publication. Submissions that do not follow these guidelines will not be approved. General Guidelines All Nature First members are welcome to submit an article for publication at Nature First. Be sure to read some of our featured [&hellip;]<\/p>\n","protected":false},"author":2,"featured_media":0,"parent":0,"menu_order":0,"comment_status":"closed","ping_status":"closed","template":"","meta":{"_mo_disable_npp":"","site-sidebar-layout":"no-sidebar","site-content-layout":"page-builder","ast-site-content-layout":"default","site-content-style":"default","site-sidebar-style":"default","ast-global-header-display":"","ast-banner-title-visibility":"","ast-main-header-display":"","ast-hfb-above-header-display":"","ast-hfb-below-header-display":"","ast-hfb-mobile-header-display":"","site-post-title":"disabled","ast-breadcrumbs-content":"","ast-featured-img":"disabled","footer-sml-layout":"","ast-disable-related-posts":"","theme-transparent-header-meta":"","adv-header-id-meta":"","stick-header-meta":"","header-above-stick-meta":"","header-main-stick-meta":"","header-below-stick-meta":"","astra-migrate-meta-layouts":"default","ast-page-background-enabled":"default","ast-page-background-meta":{"desktop":{"background-color":"","background-image":"","background-repeat":"repeat","background-position":"center center","background-size":"auto","background-attachment":"scroll","background-type":"","background-media":"","overlay-type":"","overlay-color":"","overlay-opacity":"","overlay-gradient":""},"tablet":{"background-color":"","background-image":"","background-repeat":"repeat","background-position":"center center","background-size":"auto","background-attachment":"scroll","background-type":"","background-media":"","overlay-type":"","overlay-color":"","overlay-opacity":"","overlay-gradient":""},"mobile":{"background-color":"","background-image":"","background-repeat":"repeat","background-position":"center center","background-size":"auto","background-attachment":"scroll","background-type":"","background-media":"","overlay-type":"","overlay-color":"","overlay-opacity":"","overlay-gradient":""}},"ast-content-background-meta":{"desktop":{"background-color":"var(--ast-global-color-5)","background-image":"","background-repeat":"repeat","background-position":"center center","background-size":"auto","background-attachment":"scroll","background-type":"","background-media":"","overlay-type":"","overlay-color":"","overlay-opacity":"","overlay-gradient":""},"tablet":{"background-color":"var(--ast-global-color-5)","background-image":"","background-repeat":"repeat","background-position":"center center","background-size":"auto","background-attachment":"scroll","background-type":"","background-media":"","overlay-type":"","overlay-color":"","overlay-opacity":"","overlay-gradient":""},"mobile":{"background-color":"var(--ast-global-color-5)","background-image":"","background-repeat":"repeat","background-position":"center center","background-size":"auto","background-attachment":"scroll","background-type":"","background-media":"","overlay-type":"","overlay-color":"","overlay-opacity":"","overlay-gradient":""}},"footnotes":""},"class_list":["post-3873","page","type-page","status-publish","hentry"],"aioseo_notices":[],"_links":{"self":[{"href":"https:\/\/naturefirst.org\/de\/wp-json\/wp\/v2\/pages\/3873","targetHints":{"allow":["GET"]}}],"collection":[{"href":"https:\/\/naturefirst.org\/de\/wp-json\/wp\/v2\/pages"}],"about":[{"href":"https:\/\/naturefirst.org\/de\/wp-json\/wp\/v2\/types\/page"}],"author":[{"embeddable":true,"href":"https:\/\/naturefirst.org\/de\/wp-json\/wp\/v2\/users\/2"}],"replies":[{"embeddable":true,"href":"https:\/\/naturefirst.org\/de\/wp-json\/wp\/v2\/comments?post=3873"}],"version-history":[{"count":17,"href":"https:\/\/naturefirst.org\/de\/wp-json\/wp\/v2\/pages\/3873\/revisions"}],"predecessor-version":[{"id":3988,"href":"https:\/\/naturefirst.org\/de\/wp-json\/wp\/v2\/pages\/3873\/revisions\/3988"}],"wp:attachment":[{"href":"https:\/\/naturefirst.org\/de\/wp-json\/wp\/v2\/media?parent=3873"}],"curies":[{"name":"wp","href":"https:\/\/api.w.org\/{rel}","templated":true}]}}