{"id":416,"date":"2022-08-20T21:18:43","date_gmt":"2022-08-20T21:18:43","guid":{"rendered":"https:\/\/naturefirst.org\/?page_id=416"},"modified":"2023-09-26T09:14:33","modified_gmt":"2023-09-26T15:14:33","slug":"why-nature-first","status":"publish","type":"page","link":"https:\/\/naturefirst.org\/de\/why-nature-first\/","title":{"rendered":"Warum Nature First?"},"content":{"rendered":"<div data-elementor-type=\"wp-page\" data-elementor-id=\"416\" class=\"elementor elementor-416\" data-elementor-post-type=\"page\">\n\t\t\t\t\t\t<section class=\"elementor-section elementor-top-section elementor-element elementor-element-4b1754d0 elementor-section-height-min-height elementor-section-boxed elementor-section-height-default elementor-section-items-middle\" data-id=\"4b1754d0\" data-element_type=\"section\" data-e-type=\"section\" data-settings=\"{&quot;background_background&quot;:&quot;classic&quot;}\">\n\t\t\t\t\t\t\t<div class=\"elementor-background-overlay\"><\/div>\n\t\t\t\t\t\t\t<div class=\"elementor-container elementor-column-gap-no\">\n\t\t\t\t\t<div class=\"elementor-column elementor-col-100 elementor-top-column elementor-element elementor-element-7db71d5d\" data-id=\"7db71d5d\" data-element_type=\"column\" data-e-type=\"column\">\n\t\t\t<div class=\"elementor-widget-wrap elementor-element-populated\">\n\t\t\t\t\t\t<div class=\"elementor-element elementor-element-78abb84f elementor-widget elementor-widget-image-box\" data-id=\"78abb84f\" data-element_type=\"widget\" data-e-type=\"widget\" data-widget_type=\"image-box.default\">\n\t\t\t\t<div class=\"elementor-widget-container\">\n\t\t\t\t\t<div class=\"elementor-image-box-wrapper\"><div class=\"elementor-image-box-content\"><h1 class=\"elementor-image-box-title\">Warum Nature First?<\/h1><\/div><\/div>\t\t\t\t<\/div>\n\t\t\t\t<\/div>\n\t\t\t\t<div class=\"elementor-element elementor-element-685c9b36 elementor-widget elementor-widget-text-editor\" data-id=\"685c9b36\" data-element_type=\"widget\" data-e-type=\"widget\" data-widget_type=\"text-editor.default\">\n\t\t\t\t<div class=\"elementor-widget-container\">\n\t\t\t\t\t\t\t\t\t<p>Die Allianz f\u00fcr verantwortungsvolle Naturfotografie<\/p>\t\t\t\t\t\t\t\t<\/div>\n\t\t\t\t<\/div>\n\t\t\t\t\t<\/div>\n\t\t<\/div>\n\t\t\t\t\t<\/div>\n\t\t<\/section>\n\t\t\t\t<section class=\"elementor-section elementor-top-section elementor-element elementor-element-72e514e0 elementor-section-boxed elementor-section-height-default elementor-section-height-default\" data-id=\"72e514e0\" data-element_type=\"section\" data-e-type=\"section\">\n\t\t\t\t\t\t<div class=\"elementor-container elementor-column-gap-default\">\n\t\t\t\t\t<div class=\"elementor-column elementor-col-100 elementor-top-column elementor-element elementor-element-17c7a8ed\" data-id=\"17c7a8ed\" data-element_type=\"column\" data-e-type=\"column\">\n\t\t\t<div class=\"elementor-widget-wrap elementor-element-populated\">\n\t\t\t\t\t\t<div class=\"elementor-element elementor-element-5b3d0e63 elementor-widget elementor-widget-heading\" data-id=\"5b3d0e63\" data-element_type=\"widget\" data-e-type=\"widget\" data-widget_type=\"heading.default\">\n\t\t\t\t<div class=\"elementor-widget-container\">\n\t\t\t\t\t<h2 class=\"elementor-heading-title elementor-size-default\">Unsere Aufgabe...<\/h2>\t\t\t\t<\/div>\n\t\t\t\t<\/div>\n\t\t\t\t<div class=\"elementor-element elementor-element-81d7ec3 elementor-widget elementor-widget-text-editor\" data-id=\"81d7ec3\" data-element_type=\"widget\" data-e-type=\"widget\" data-widget_type=\"text-editor.default\">\n\t\t\t\t<div class=\"elementor-widget-container\">\n\t\t\t\t\t\t\t\t\t<p><strong>Nature First f\u00f6rdert den Schutz und die Erhaltung wilder Naturlandschaften \u00fcberall auf der Welt. Durch Inspiration und Information wollen wir alle die in der Nature fotografieren und filmen zu Botschaftern der Natur machen.<\/strong><\/p>\t\t\t\t\t\t\t\t<\/div>\n\t\t\t\t<\/div>\n\t\t\t\t<div class=\"elementor-element elementor-element-8879313 elementor-widget-divider--view-line elementor-widget elementor-widget-divider\" data-id=\"8879313\" data-element_type=\"widget\" data-e-type=\"widget\" data-widget_type=\"divider.default\">\n\t\t\t\t<div class=\"elementor-widget-container\">\n\t\t\t\t\t\t\t<div class=\"elementor-divider\">\n\t\t\t<span class=\"elementor-divider-separator\">\n\t\t\t\t\t\t<\/span>\n\t\t<\/div>\n\t\t\t\t\t\t<\/div>\n\t\t\t\t<\/div>\n\t\t\t\t<section class=\"elementor-section elementor-inner-section elementor-element elementor-element-0a10264 elementor-section-boxed elementor-section-height-default elementor-section-height-default\" data-id=\"0a10264\" data-element_type=\"section\" data-e-type=\"section\">\n\t\t\t\t\t\t<div class=\"elementor-container elementor-column-gap-default\">\n\t\t\t\t\t<div class=\"elementor-column elementor-col-50 elementor-inner-column elementor-element elementor-element-dbaad28\" data-id=\"dbaad28\" data-element_type=\"column\" data-e-type=\"column\">\n\t\t\t<div class=\"elementor-widget-wrap elementor-element-populated\">\n\t\t\t\t\t\t<div class=\"elementor-element elementor-element-e88d22b elementor-widget elementor-widget-video\" data-id=\"e88d22b\" data-element_type=\"widget\" data-e-type=\"widget\" data-settings=\"{&quot;youtube_url&quot;:&quot;https:\\\/\\\/www.youtube.com\\\/watch?v=oYkov7AUMFg&quot;,&quot;video_type&quot;:&quot;youtube&quot;,&quot;controls&quot;:&quot;yes&quot;}\" data-widget_type=\"video.default\">\n\t\t\t\t<div class=\"elementor-widget-container\">\n\t\t\t\t\t\t\t<div class=\"elementor-wrapper elementor-open-inline\">\n\t\t\t<div class=\"elementor-video\"><\/div>\t\t<\/div>\n\t\t\t\t\t\t<\/div>\n\t\t\t\t<\/div>\n\t\t\t\t\t<\/div>\n\t\t<\/div>\n\t\t\t\t<div class=\"elementor-column elementor-col-50 elementor-inner-column elementor-element elementor-element-ad296c9\" data-id=\"ad296c9\" data-element_type=\"column\" data-e-type=\"column\">\n\t\t\t<div class=\"elementor-widget-wrap elementor-element-populated\">\n\t\t\t\t\t\t<div class=\"elementor-element elementor-element-eb6e4bc elementor-widget elementor-widget-text-editor\" data-id=\"eb6e4bc\" data-element_type=\"widget\" data-e-type=\"widget\" data-widget_type=\"text-editor.default\">\n\t\t\t\t<div class=\"elementor-widget-container\">\n\t\t\t\t\t\t\t\t\t<p>Erfahren Sie, warum Alister Benn, talentierter Fotograf und Gr\u00fcnder von&nbsp;<a href=\"https:\/\/expressive.photography\/\" target=\"_blank\">Ausdrucksstarke Fotografie<\/a>, ist Nature First-Mitglied und glaubt, dass Ethik in der Naturfotografie wichtig ist.&nbsp;<\/p>\n<p>Als P\u00e4dagoge und Workshopleiter versteht er, dass viele ihn (unbewusst) als Vorbild betrachten. Er praktiziert nicht nur ethische Naturfotografie in diesem Bereich, sondern hat auch intensiv dar\u00fcber nachgedacht, seine Auswirkungen zu minimieren, indem er sein t\u00e4gliches Leben und seine Gesch\u00e4ftsaktivit\u00e4ten in Einklang bringt.<\/p>\n<p>Niemand kann \u201eperfekt\u201c sein und seine Auswirkungen auf Null reduzieren, aber wir alle k\u00f6nnen mit unserer Naturfotografie achtsam und verantwortungsbewusst umgehen. Es ist einfach ethisch vertretbar.<\/p>\t\t\t\t\t\t\t\t<\/div>\n\t\t\t\t<\/div>\n\t\t\t\t\t<\/div>\n\t\t<\/div>\n\t\t\t\t\t<\/div>\n\t\t<\/section>\n\t\t\t\t<div class=\"elementor-element elementor-element-da21525 elementor-widget-divider--view-line elementor-widget elementor-widget-divider\" data-id=\"da21525\" data-element_type=\"widget\" data-e-type=\"widget\" data-widget_type=\"divider.default\">\n\t\t\t\t<div class=\"elementor-widget-container\">\n\t\t\t\t\t\t\t<div class=\"elementor-divider\">\n\t\t\t<span class=\"elementor-divider-separator\">\n\t\t\t\t\t\t<\/span>\n\t\t<\/div>\n\t\t\t\t\t\t<\/div>\n\t\t\t\t<\/div>\n\t\t\t\t<div class=\"elementor-element elementor-element-0728deb elementor-widget elementor-widget-text-editor\" data-id=\"0728deb\" data-element_type=\"widget\" data-e-type=\"widget\" data-widget_type=\"text-editor.default\">\n\t\t\t\t<div class=\"elementor-widget-container\">\n\t\t\t\t\t\t\t\t\t<p>Seit es Kameras gibt sind Natur und Fotografie eng verbunden. In der Vergangenheit war die Fotografie ein wichtiges Instrument f\u00fcr den Umweltschutz. Der Erhalt und Schutz urspr\u00fcnglicher Naturlandschaften stand im Vordergrund. Fotografen gingen mit gutem Beispiel voran. Bereits in den 1860er Jahren trug die Arbeit des Fotografen Carleton Watkins dazu bei, den Weg f\u00fcr die sp\u00e4tere Schaffung des Yosemite-Nationalparks zu ebnen, und Fotografen wie William Henry Jackson, Ansel Adams, Philip Hyde und viele andere leisteten bedeutende Beitr\u00e4ge zum Schutz der amerikanischen Naturlandschaften und deren Tierwelt. Auf der ganzen Welt haben Naturfotografen \u00e4hnliche Beitr\u00e4ge geleistet und ein Verm\u00e4chtnis hinterlassen, das Fotografen heute Zugang zu diesen Naturlandschaften erm\u00f6glicht.<\/p>\t\t\t\t\t\t\t\t<\/div>\n\t\t\t\t<\/div>\n\t\t\t\t\t<\/div>\n\t\t<\/div>\n\t\t\t\t\t<\/div>\n\t\t<\/section>\n\t\t\t\t<section class=\"elementor-section elementor-top-section elementor-element elementor-element-7c1a969 elementor-section-boxed elementor-section-height-default elementor-section-height-default\" data-id=\"7c1a969\" data-element_type=\"section\" data-e-type=\"section\">\n\t\t\t\t\t\t<div class=\"elementor-container elementor-column-gap-default\">\n\t\t\t\t\t<div class=\"elementor-column elementor-col-50 elementor-top-column elementor-element elementor-element-d1579b5\" data-id=\"d1579b5\" data-element_type=\"column\" data-e-type=\"column\">\n\t\t\t<div class=\"elementor-widget-wrap elementor-element-populated\">\n\t\t\t\t\t\t<div class=\"elementor-element elementor-element-ac40b06 elementor-widget elementor-widget-text-editor\" data-id=\"ac40b06\" data-element_type=\"widget\" data-e-type=\"widget\" data-widget_type=\"text-editor.default\">\n\t\t\t\t<div class=\"elementor-widget-container\">\n\t\t\t\t\t\t\t\t\t<p><strong>In letzter Zeit gibt es jedoch immer mehr Faktoren die sich negativ auf diese gesch\u00fctzen Naturlandschaften ausgewirkt:<\/strong><\/p><ul data-rte-list=\"default\"><li><strong>Der Aufschwung von Social Media Plattformen macht es immer einfacher Fotos und Standortinformationen online zu teilen<\/strong><\/li><li><strong>Fotografie wird immer poul\u00e4rer<\/strong><\/li><li><strong>Die Besucherzahlen von Nationalparks und anderen Naturlandschaften steigen st\u00e4ndig<\/strong><\/li><li><strong>Die Menschen wissen zu wenig dar\u00fcber wie man sich richtig in der Natur verh\u00e4lt und die Umwelt sch\u00fctzt<\/strong><\/li><\/ul>\t\t\t\t\t\t\t\t<\/div>\n\t\t\t\t<\/div>\n\t\t\t\t\t<\/div>\n\t\t<\/div>\n\t\t\t\t<div class=\"elementor-column elementor-col-50 elementor-top-column elementor-element elementor-element-4d39f8d\" data-id=\"4d39f8d\" data-element_type=\"column\" data-e-type=\"column\">\n\t\t\t<div class=\"elementor-widget-wrap elementor-element-populated\">\n\t\t\t\t\t\t<div class=\"elementor-element elementor-element-ce537a2 elementor-widget elementor-widget-image\" data-id=\"ce537a2\" data-element_type=\"widget\" data-e-type=\"widget\" data-widget_type=\"image.default\">\n\t\t\t\t<div class=\"elementor-widget-container\">\n\t\t\t\t\t\t\t\t\t\t\t\t\t\t\t<img fetchpriority=\"high\" decoding=\"async\" width=\"1024\" height=\"686\" src=\"https:\/\/naturefirst.org\/wp-content\/uploads\/Mesa-Arch-Joshua-Snow-1024x686.jpg\" class=\"attachment-large size-large wp-image-422\" alt=\"\" srcset=\"https:\/\/naturefirst.org\/wp-content\/uploads\/Mesa-Arch-Joshua-Snow-1024x686.jpg 1024w, https:\/\/naturefirst.org\/wp-content\/uploads\/Mesa-Arch-Joshua-Snow-500x335.jpg 500w, https:\/\/naturefirst.org\/wp-content\/uploads\/Mesa-Arch-Joshua-Snow-768x515.jpg 768w, https:\/\/naturefirst.org\/wp-content\/uploads\/Mesa-Arch-Joshua-Snow-18x12.jpg 18w, https:\/\/naturefirst.org\/wp-content\/uploads\/Mesa-Arch-Joshua-Snow.jpg 1250w\" sizes=\"(max-width: 1024px) 100vw, 1024px\" \/>\t\t\t\t\t\t\t\t\t\t\t\t\t\t\t<\/div>\n\t\t\t\t<\/div>\n\t\t\t\t<div class=\"elementor-element elementor-element-eeeac5c elementor-widget elementor-widget-text-editor\" data-id=\"eeeac5c\" data-element_type=\"widget\" data-e-type=\"widget\" data-widget_type=\"text-editor.default\">\n\t\t\t\t<div class=\"elementor-widget-container\">\n\t\t\t\t\t\t\t\t\t<p>Werden Naturfotografen zunehmend zu einer Belastung f\u00fcr die sch\u00f6ne Umgebung, die sie sch\u00e4tzen und fotografieren?<\/p>\t\t\t\t\t\t\t\t<\/div>\n\t\t\t\t<\/div>\n\t\t\t\t\t<\/div>\n\t\t<\/div>\n\t\t\t\t\t<\/div>\n\t\t<\/section>\n\t\t\t\t<section class=\"elementor-section elementor-top-section elementor-element elementor-element-4efdc4b elementor-section-boxed elementor-section-height-default elementor-section-height-default\" data-id=\"4efdc4b\" data-element_type=\"section\" data-e-type=\"section\">\n\t\t\t\t\t\t<div class=\"elementor-container elementor-column-gap-default\">\n\t\t\t\t\t<div class=\"elementor-column elementor-col-100 elementor-top-column elementor-element elementor-element-ac17f4d\" data-id=\"ac17f4d\" data-element_type=\"column\" data-e-type=\"column\">\n\t\t\t<div class=\"elementor-widget-wrap elementor-element-populated\">\n\t\t\t\t\t\t<div class=\"elementor-element elementor-element-8a838d0 elementor-widget elementor-widget-text-editor\" data-id=\"8a838d0\" data-element_type=\"widget\" data-e-type=\"widget\" data-widget_type=\"text-editor.default\">\n\t\t\t\t<div class=\"elementor-widget-container\">\n\t\t\t\t\t\t\t\t\t<p>Aufgrund dieser und anderer Faktoren haben wir einen Punkt erreicht, an dem sich Besucher im Allgemeinen und Fotografen im Besonderen sp\u00fcrbar und zunehmend negativ auf die Natur auswirken. Wildblumenwiesen werden zertrampelt, Vorschriften ignoriert, Tiere in ihrem Lebensraum beeintr\u00e4chtigt, das senisble Gleichgewicht der Natur gest\u00f6rt. Mit diesem Verhalten werden unbewusst andere dazu animiert dasselbe zu tun.<\/p><p>Die meisten dieser Entwicklungen haben nicht unmittelbar mit der Fotografie zu tun, jedoch sind es atemberaubende Fotos von faszinierenden Orten \u00fcberall auf der Welt, die immer mehr Menschen anlocken. Wir m\u00fcssen uns bewusst sein, dass wir als Fotografen ein Teil des Problems sind und proaktiv zur L\u00f6sung beitragen.<\/p><p>So hat sich eine Gruppe von engagierten und besorgten Naturfotografen zusammen getan und die 7 Prinzipien von Nature First ausgearbeitet. Als Mitglieder bekennen wir uns zur Einhaltung dieser Prinzipien und bem\u00fchen uns, dass andere unserem Beispiel folgen.\nDurch gemeinsames und proaktives Vorgehen wollen wir verhindern, dass noch mehr Schaden in der Natur angerichtet wird und wir als Fotografen uns letztlich auch mit einer wachsenden Zahl von gesetzlichen Beschr\u00e4nkungen und Vorschriften konfrontiert sehen.<\/p><p>Bitte helft uns bei dieser Aufgabe indem ihr Mitglied werdet und euch die Prinzipien von Nature First auf eure Fahnen schreibt.<\/p>\t\t\t\t\t\t\t\t<\/div>\n\t\t\t\t<\/div>\n\t\t\t\t\t<\/div>\n\t\t<\/div>\n\t\t\t\t\t<\/div>\n\t\t<\/section>\n\t\t\t\t<section class=\"elementor-section elementor-top-section elementor-element elementor-element-34c2257 elementor-section-boxed elementor-section-height-default elementor-section-height-default\" data-id=\"34c2257\" data-element_type=\"section\" data-e-type=\"section\">\n\t\t\t\t\t\t<div class=\"elementor-container elementor-column-gap-default\">\n\t\t\t\t\t<div class=\"elementor-column elementor-col-100 elementor-top-column elementor-element elementor-element-ae3c142\" data-id=\"ae3c142\" data-element_type=\"column\" data-e-type=\"column\">\n\t\t\t<div class=\"elementor-widget-wrap elementor-element-populated\">\n\t\t\t\t\t\t<div class=\"elementor-element elementor-element-83b3473 elementor-widget elementor-widget-text-editor\" data-id=\"83b3473\" data-element_type=\"widget\" data-e-type=\"widget\" data-widget_type=\"text-editor.default\">\n\t\t\t\t<div class=\"elementor-widget-container\">\n\t\t\t\t\t\t\t\t\t<p><a title=\"Prinzipien\" href=\"https:\/\/naturefirst.org\/de\/principles\/\">Lerne mehr \u00fcber unsere Prinzipien<\/a><\/p>\t\t\t\t\t\t\t\t<\/div>\n\t\t\t\t<\/div>\n\t\t\t\t<div class=\"elementor-element elementor-element-fefcb30 elementor-widget-divider--view-line elementor-widget elementor-widget-divider\" data-id=\"fefcb30\" data-element_type=\"widget\" data-e-type=\"widget\" data-widget_type=\"divider.default\">\n\t\t\t\t<div class=\"elementor-widget-container\">\n\t\t\t\t\t\t\t<div class=\"elementor-divider\">\n\t\t\t<span class=\"elementor-divider-separator\">\n\t\t\t\t\t\t<\/span>\n\t\t<\/div>\n\t\t\t\t\t\t<\/div>\n\t\t\t\t<\/div>\n\t\t\t\t\t<\/div>\n\t\t<\/div>\n\t\t\t\t\t<\/div>\n\t\t<\/section>\n\t\t\t\t<\/div>","protected":false},"excerpt":{"rendered":"<p>Why Nature First? The Alliance for Responsible Nature Photography Our Mission&#8230; Nature First promotes the protection and preservation of the world&#8217;s natural and wild places through inspiring, educating, and uniting everyone making photographs and videos in nature; empowering them to be ambassadors of the natural world. https:\/\/www.youtube.com\/watch?v=oYkov7AUMFg Learn why Alister Benn, talented photographer and founder [&hellip;]<\/p>\n","protected":false},"author":2,"featured_media":0,"parent":0,"menu_order":0,"comment_status":"closed","ping_status":"closed","template":"","meta":{"_mo_disable_npp":"","site-sidebar-layout":"no-sidebar","site-content-layout":"page-builder","ast-site-content-layout":"default","site-content-style":"default","site-sidebar-style":"default","ast-global-header-display":"","ast-banner-title-visibility":"","ast-main-header-display":"","ast-hfb-above-header-display":"","ast-hfb-below-header-display":"","ast-hfb-mobile-header-display":"","site-post-title":"disabled","ast-breadcrumbs-content":"","ast-featured-img":"disabled","footer-sml-layout":"","ast-disable-related-posts":"","theme-transparent-header-meta":"","adv-header-id-meta":"","stick-header-meta":"","header-above-stick-meta":"","header-main-stick-meta":"","header-below-stick-meta":"","astra-migrate-meta-layouts":"default","ast-page-background-enabled":"default","ast-page-background-meta":{"desktop":{"background-color":"","background-image":"","background-repeat":"repeat","background-position":"center center","background-size":"auto","background-attachment":"scroll","background-type":"","background-media":"","overlay-type":"","overlay-color":"","overlay-opacity":"","overlay-gradient":""},"tablet":{"background-color":"","background-image":"","background-repeat":"repeat","background-position":"center center","background-size":"auto","background-attachment":"scroll","background-type":"","background-media":"","overlay-type":"","overlay-color":"","overlay-opacity":"","overlay-gradient":""},"mobile":{"background-color":"","background-image":"","background-repeat":"repeat","background-position":"center center","background-size":"auto","background-attachment":"scroll","background-type":"","background-media":"","overlay-type":"","overlay-color":"","overlay-opacity":"","overlay-gradient":""}},"ast-content-background-meta":{"desktop":{"background-color":"var(--ast-global-color-5)","background-image":"","background-repeat":"repeat","background-position":"center center","background-size":"auto","background-attachment":"scroll","background-type":"","background-media":"","overlay-type":"","overlay-color":"","overlay-opacity":"","overlay-gradient":""},"tablet":{"background-color":"var(--ast-global-color-5)","background-image":"","background-repeat":"repeat","background-position":"center center","background-size":"auto","background-attachment":"scroll","background-type":"","background-media":"","overlay-type":"","overlay-color":"","overlay-opacity":"","overlay-gradient":""},"mobile":{"background-color":"var(--ast-global-color-5)","background-image":"","background-repeat":"repeat","background-position":"center center","background-size":"auto","background-attachment":"scroll","background-type":"","background-media":"","overlay-type":"","overlay-color":"","overlay-opacity":"","overlay-gradient":""}},"footnotes":""},"class_list":["post-416","page","type-page","status-publish","hentry"],"aioseo_notices":[],"_links":{"self":[{"href":"https:\/\/naturefirst.org\/de\/wp-json\/wp\/v2\/pages\/416","targetHints":{"allow":["GET"]}}],"collection":[{"href":"https:\/\/naturefirst.org\/de\/wp-json\/wp\/v2\/pages"}],"about":[{"href":"https:\/\/naturefirst.org\/de\/wp-json\/wp\/v2\/types\/page"}],"author":[{"embeddable":true,"href":"https:\/\/naturefirst.org\/de\/wp-json\/wp\/v2\/users\/2"}],"replies":[{"embeddable":true,"href":"https:\/\/naturefirst.org\/de\/wp-json\/wp\/v2\/comments?post=416"}],"version-history":[{"count":11,"href":"https:\/\/naturefirst.org\/de\/wp-json\/wp\/v2\/pages\/416\/revisions"}],"predecessor-version":[{"id":4607,"href":"https:\/\/naturefirst.org\/de\/wp-json\/wp\/v2\/pages\/416\/revisions\/4607"}],"wp:attachment":[{"href":"https:\/\/naturefirst.org\/de\/wp-json\/wp\/v2\/media?parent=416"}],"curies":[{"name":"wp","href":"https:\/\/api.w.org\/{rel}","templated":true}]}}