{"id":457,"date":"2022-08-20T21:41:36","date_gmt":"2022-08-20T21:41:36","guid":{"rendered":"https:\/\/naturefirst.org\/?page_id=457"},"modified":"2024-07-26T11:20:52","modified_gmt":"2024-07-26T17:20:52","slug":"cookie-policy","status":"publish","type":"page","link":"https:\/\/naturefirst.org\/de\/cookie-policy\/","title":{"rendered":"Cookie-Richtlinie"},"content":{"rendered":"<div data-elementor-type=\"wp-page\" data-elementor-id=\"457\" class=\"elementor elementor-457\" data-elementor-post-type=\"page\">\n\t\t\t\t\t\t<section class=\"elementor-section elementor-top-section elementor-element elementor-element-679d1ac5 elementor-section-height-min-height elementor-section-boxed elementor-section-height-default elementor-section-items-middle\" data-id=\"679d1ac5\" data-element_type=\"section\" data-e-type=\"section\" data-settings=\"{&quot;background_background&quot;:&quot;classic&quot;}\">\n\t\t\t\t\t\t\t<div class=\"elementor-background-overlay\"><\/div>\n\t\t\t\t\t\t\t<div class=\"elementor-container elementor-column-gap-no\">\n\t\t\t\t\t<div class=\"elementor-column elementor-col-100 elementor-top-column elementor-element elementor-element-60198d81\" data-id=\"60198d81\" data-element_type=\"column\" data-e-type=\"column\">\n\t\t\t<div class=\"elementor-widget-wrap elementor-element-populated\">\n\t\t\t\t\t\t<div class=\"elementor-element elementor-element-38714abc elementor-widget elementor-widget-image-box\" data-id=\"38714abc\" data-element_type=\"widget\" data-e-type=\"widget\" data-widget_type=\"image-box.default\">\n\t\t\t\t<div class=\"elementor-widget-container\">\n\t\t\t\t\t<div class=\"elementor-image-box-wrapper\"><div class=\"elementor-image-box-content\"><h1 class=\"elementor-image-box-title\">Cookie-Richtlinie<\/h1><\/div><\/div>\t\t\t\t<\/div>\n\t\t\t\t<\/div>\n\t\t\t\t\t<\/div>\n\t\t<\/div>\n\t\t\t\t\t<\/div>\n\t\t<\/section>\n\t\t\t\t<section class=\"elementor-section elementor-top-section elementor-element elementor-element-63f70ab6 elementor-section-boxed elementor-section-height-default elementor-section-height-default\" data-id=\"63f70ab6\" data-element_type=\"section\" data-e-type=\"section\">\n\t\t\t\t\t\t<div class=\"elementor-container elementor-column-gap-default\">\n\t\t\t\t\t<div class=\"elementor-column elementor-col-100 elementor-top-column elementor-element elementor-element-34209b01\" data-id=\"34209b01\" data-element_type=\"column\" data-e-type=\"column\">\n\t\t\t<div class=\"elementor-widget-wrap elementor-element-populated\">\n\t\t\t\t\t\t<div class=\"elementor-element elementor-element-4eda9261 elementor-widget elementor-widget-heading\" data-id=\"4eda9261\" data-element_type=\"widget\" data-e-type=\"widget\" data-widget_type=\"heading.default\">\n\t\t\t\t<div class=\"elementor-widget-container\">\n\t\t\t\t\t<h2 class=\"elementor-heading-title elementor-size-default\">Cookie-Richtlinie<\/h2>\t\t\t\t<\/div>\n\t\t\t\t<\/div>\n\t\t\t\t<div class=\"elementor-element elementor-element-23ead78 elementor-widget elementor-widget-text-editor\" data-id=\"23ead78\" data-element_type=\"widget\" data-e-type=\"widget\" data-widget_type=\"text-editor.default\">\n\t\t\t\t<div class=\"elementor-widget-container\">\n\t\t\t\t\t\t\t\t\t<p class=\"\"><em>Datum des Inkrafttretens: 6. Februar 2021<\/em><\/p><p class=\"\">Diese Cookie-Richtlinie beschreibt, wie Nature First Cookies und \u00e4hnliche Technologien verwendet, um unsere Dienste bereitzustellen, anzupassen, zu bewerten, zu verbessern, zu bewerben und zu sch\u00fctzen. Beachten Sie, dass alle gro\u00dfgeschriebenen Begriffe, die in dieser Cookie-Richtlinie nicht definiert sind, die in unserer Richtlinie festgelegte Bedeutung haben <a title=\"Nutzungsbedingungen\" href=\"https:\/\/naturefirst.org\/de\/terms-of-use\/\">Nutzungsbedingungen<\/a>. Wenn Sie Kommentare oder Fragen zu dieser Cookie-Richtlinie haben, k\u00f6nnen Sie uns gerne unter privacy@naturefirstphotography.org kontaktieren.\u00a0\u00a0<\/p><p class=\"\">Kekse. Cookies sind kleine Textteile, die an Ihren Browser gesendet werden, wenn Sie eine Website besuchen. Sie dienen einer Vielzahl von Funktionen, z. B. erm\u00f6glichen sie uns, bestimmte Informationen zu speichern, die Sie uns zur Verf\u00fcgung stellen, wenn Sie zwischen den Seiten der Dienste navigieren. Wir verwenden Cookies auf der Website und zugeh\u00f6rigen Domains von <a href=\"https:\/\/naturefirst.org\/de\/\">www.naturefirst.org<\/a> f\u00fcr folgende Zwecke:<\/p><ul data-rte-list=\"default\"><li><p class=\"\">Authentifizierungs-, Anpassungs-, Sicherheits- und andere funktionale Cookies. Cookies helfen uns, Ihr Konto und Ger\u00e4t zu \u00fcberpr\u00fcfen und festzustellen, wann Sie angemeldet sind, damit wir Ihnen den Zugriff auf die Dienste erleichtern und die entsprechenden Erfahrungen und Funktionen bereitstellen k\u00f6nnen. Wir verwenden Cookies auch, um eine betr\u00fcgerische Verwendung von Anmeldeinformationen zu verhindern und um uns an Entscheidungen zu erinnern, die Sie in den Diensten getroffen haben, wie z. B. Ihre bevorzugte Sprache.<\/p><\/li><li><p class=\"\">Leistung und Analytik. Cookies helfen uns bei der Analyse, wie auf die Dienste zugegriffen und sie genutzt werden, und erm\u00f6glichen es uns, die Leistung der Dienste zu verfolgen. Beispielsweise verwenden wir Cookies, um festzustellen, ob Sie eine Seite angesehen oder eine E-Mail ge\u00f6ffnet haben. Dies hilft uns, Ihnen Informationen bereitzustellen, die Sie interessant finden.<\/p><\/li><li><p class=\"\">Dritte. Dienste von Drittanbietern k\u00f6nnen Cookies verwenden, um Ihnen zu helfen, sich von unseren Diensten aus bei ihren Diensten anzumelden. Jede solche Verwendung von Cookies durch Drittanbieter unterliegt der Richtlinie des Drittanbieters, der das Cookie platziert.<\/p><\/li><li><p class=\"\">Nature First-Anzeigen. Wir arbeiten mit Drittanbietern, Werbenetzwerken und Dienstanbietern zusammen, um unsere Anzeigen auf anderen Websites zu verwalten. Unsere Drittpartner k\u00f6nnen Cookies auf Ihrem Ger\u00e4t oder Browser platzieren, um Informationen \u00fcber Ihre Aktivit\u00e4ten auf den Diensten und anderen von Ihnen besuchten Websites zu sammeln, um Ihnen Nature First-Anzeigen bereitzustellen. Wenn Sie beispielsweise Nature First besuchen und auch eine Social-Media-Plattform verwenden, sehen Sie m\u00f6glicherweise eine Nature First-Werbung in Ihrem Social-Media-Newsfeed oder Ihrer Chronik.<\/p><\/li><li><p class=\"\">Opt-out. Sie k\u00f6nnen Ihren Browser so einstellen, dass er keine Cookies akzeptiert, aber dies kann Ihre M\u00f6glichkeiten zur Nutzung der Dienste einschr\u00e4nken. Wir reagieren derzeit nicht auf DNT:1-Signale von Browsern, die unsere Dienste besuchen. Sie k\u00f6nnen auch den Erhalt interessenbasierter Werbung von bestimmten Werbenetzwerken ablehnen <a href=\"https:\/\/www.networkadvertising.org\/choices\/\" target=\"_blank\" rel=\"noopener\">hier<\/a> (oder falls in der Europ\u00e4ischen Union ans\u00e4ssig, <a href=\"https:\/\/www.youronlinechoices.eu\/\" target=\"_blank\" rel=\"noopener\">hier<\/a>).<\/p><\/li><\/ul><p class=\"\">Ger\u00e4tekennungen. Wir verwenden Ger\u00e4tekennungen auf der Nature First-Website, um die Leistung der Dienste und unserer Anzeigen zu verfolgen, zu analysieren und zu verbessern.<\/p><p class=\"\">Drittanbieter-Tags. Wir verwenden und verwalten Drittanbieter-Tags auf der Nature First-Website. Drittanbieter-Tags k\u00f6nnen in Form von Pixeln oder Tracking-Snippets vorliegen. Wir verwenden Pixel, um zu erfahren, wie Sie mit den Seiten und E-Mails unserer Website interagieren, und diese Informationen helfen uns und unseren Werbepartnern, Ihnen ein ma\u00dfgeschneidertes Erlebnis zu bieten. Wir verwenden Tracking-Snippets, um Daten von Ihrem Browser zu erfassen, Anfragen an einen Drittanbieter zu stellen oder Cookies auf Ihrem Ger\u00e4t zu platzieren, um Daten zu speichern. Wir gebrauchen <a href=\"https:\/\/www.google.com\/analytics\/tag-manager\/use-policy\/\" target=\"_blank\" rel=\"noopener\">Google Tag-Manager<\/a> zur Verwaltung unserer Drittanbieter-Tag-Nutzung. Dadurch k\u00f6nnen andere Tags aktiviert werden, die ihrerseits Daten sammeln und unter Umst\u00e4nden Cookies setzen. Google Tag Manager speichert diese Daten nicht.<\/p><p class=\"\">Wir k\u00f6nnen diese Cookie-Richtlinie von Zeit zu Zeit aktualisieren. Wenn wir \u00c4nderungen vornehmen, aktualisieren wir das \u201eDatum des Inkrafttretens\u201c oben in der Cookie-Richtlinie und ver\u00f6ffentlichen es auf unseren Websites. Wir empfehlen Ihnen, diese Cookie-Richtlinie regelm\u00e4\u00dfig auf \u00c4nderungen seit Ihrem letzten Besuch zu \u00fcberpr\u00fcfen.<\/p>\t\t\t\t\t\t\t\t<\/div>\n\t\t\t\t<\/div>\n\t\t\t\t<div class=\"elementor-element elementor-element-1a4888f5 elementor-widget-divider--view-line elementor-widget elementor-widget-divider\" data-id=\"1a4888f5\" data-element_type=\"widget\" data-e-type=\"widget\" data-widget_type=\"divider.default\">\n\t\t\t\t<div class=\"elementor-widget-container\">\n\t\t\t\t\t\t\t<div class=\"elementor-divider\">\n\t\t\t<span class=\"elementor-divider-separator\">\n\t\t\t\t\t\t<\/span>\n\t\t<\/div>\n\t\t\t\t\t\t<\/div>\n\t\t\t\t<\/div>\n\t\t\t\t\t<\/div>\n\t\t<\/div>\n\t\t\t\t\t<\/div>\n\t\t<\/section>\n\t\t\t\t<\/div>","protected":false},"excerpt":{"rendered":"<p>Cookie Policy Cookie Policy Effective Date: February 6, 2021 This Cookie Policy describes how Nature First uses cookies and similar technologies to provide, customize, evaluate, improve, promote and protect our Services. Note that any capitalized terms not defined in this Cookie Policy have the meanings set forth in our Terms of Use. If you have [&hellip;]<\/p>\n","protected":false},"author":2,"featured_media":0,"parent":0,"menu_order":0,"comment_status":"closed","ping_status":"closed","template":"","meta":{"_mo_disable_npp":"","site-sidebar-layout":"no-sidebar","site-content-layout":"page-builder","ast-site-content-layout":"default","site-content-style":"default","site-sidebar-style":"default","ast-global-header-display":"","ast-banner-title-visibility":"","ast-main-header-display":"","ast-hfb-above-header-display":"","ast-hfb-below-header-display":"","ast-hfb-mobile-header-display":"","site-post-title":"disabled","ast-breadcrumbs-content":"","ast-featured-img":"disabled","footer-sml-layout":"","ast-disable-related-posts":"","theme-transparent-header-meta":"","adv-header-id-meta":"","stick-header-meta":"","header-above-stick-meta":"","header-main-stick-meta":"","header-below-stick-meta":"","astra-migrate-meta-layouts":"default","ast-page-background-enabled":"default","ast-page-background-meta":{"desktop":{"background-color":"","background-image":"","background-repeat":"repeat","background-position":"center center","background-size":"auto","background-attachment":"scroll","background-type":"","background-media":"","overlay-type":"","overlay-color":"","overlay-opacity":"","overlay-gradient":""},"tablet":{"background-color":"","background-image":"","background-repeat":"repeat","background-position":"center center","background-size":"auto","background-attachment":"scroll","background-type":"","background-media":"","overlay-type":"","overlay-color":"","overlay-opacity":"","overlay-gradient":""},"mobile":{"background-color":"","background-image":"","background-repeat":"repeat","background-position":"center center","background-size":"auto","background-attachment":"scroll","background-type":"","background-media":"","overlay-type":"","overlay-color":"","overlay-opacity":"","overlay-gradient":""}},"ast-content-background-meta":{"desktop":{"background-color":"var(--ast-global-color-5)","background-image":"","background-repeat":"repeat","background-position":"center center","background-size":"auto","background-attachment":"scroll","background-type":"","background-media":"","overlay-type":"","overlay-color":"","overlay-opacity":"","overlay-gradient":""},"tablet":{"background-color":"var(--ast-global-color-5)","background-image":"","background-repeat":"repeat","background-position":"center center","background-size":"auto","background-attachment":"scroll","background-type":"","background-media":"","overlay-type":"","overlay-color":"","overlay-opacity":"","overlay-gradient":""},"mobile":{"background-color":"var(--ast-global-color-5)","background-image":"","background-repeat":"repeat","background-position":"center center","background-size":"auto","background-attachment":"scroll","background-type":"","background-media":"","overlay-type":"","overlay-color":"","overlay-opacity":"","overlay-gradient":""}},"footnotes":""},"class_list":["post-457","page","type-page","status-publish","hentry"],"aioseo_notices":[],"_links":{"self":[{"href":"https:\/\/naturefirst.org\/de\/wp-json\/wp\/v2\/pages\/457","targetHints":{"allow":["GET"]}}],"collection":[{"href":"https:\/\/naturefirst.org\/de\/wp-json\/wp\/v2\/pages"}],"about":[{"href":"https:\/\/naturefirst.org\/de\/wp-json\/wp\/v2\/types\/page"}],"author":[{"embeddable":true,"href":"https:\/\/naturefirst.org\/de\/wp-json\/wp\/v2\/users\/2"}],"replies":[{"embeddable":true,"href":"https:\/\/naturefirst.org\/de\/wp-json\/wp\/v2\/comments?post=457"}],"version-history":[{"count":15,"href":"https:\/\/naturefirst.org\/de\/wp-json\/wp\/v2\/pages\/457\/revisions"}],"predecessor-version":[{"id":5032,"href":"https:\/\/naturefirst.org\/de\/wp-json\/wp\/v2\/pages\/457\/revisions\/5032"}],"wp:attachment":[{"href":"https:\/\/naturefirst.org\/de\/wp-json\/wp\/v2\/media?parent=457"}],"curies":[{"name":"wp","href":"https:\/\/api.w.org\/{rel}","templated":true}]}}