{"id":516,"date":"2022-08-20T22:34:30","date_gmt":"2022-08-20T22:34:30","guid":{"rendered":"https:\/\/naturefirst.org\/?page_id=516"},"modified":"2023-01-24T16:00:42","modified_gmt":"2023-01-24T23:00:42","slug":"faq","status":"publish","type":"page","link":"https:\/\/naturefirst.org\/de\/faq\/","title":{"rendered":"FAQ"},"content":{"rendered":"<div data-elementor-type=\"wp-page\" data-elementor-id=\"516\" class=\"elementor elementor-516\" data-elementor-post-type=\"page\">\n\t\t\t\t\t\t<section class=\"elementor-section elementor-top-section elementor-element elementor-element-5bc2668d elementor-section-height-min-height elementor-section-boxed elementor-section-height-default elementor-section-items-middle\" data-id=\"5bc2668d\" data-element_type=\"section\" data-e-type=\"section\" data-settings=\"{&quot;background_background&quot;:&quot;classic&quot;}\">\n\t\t\t\t\t\t\t<div class=\"elementor-background-overlay\"><\/div>\n\t\t\t\t\t\t\t<div class=\"elementor-container elementor-column-gap-no\">\n\t\t\t\t\t<div class=\"elementor-column elementor-col-100 elementor-top-column elementor-element elementor-element-3abce992\" data-id=\"3abce992\" data-element_type=\"column\" data-e-type=\"column\">\n\t\t\t<div class=\"elementor-widget-wrap elementor-element-populated\">\n\t\t\t\t\t\t<div class=\"elementor-element elementor-element-bdcb5a1 elementor-widget elementor-widget-image-box\" data-id=\"bdcb5a1\" data-element_type=\"widget\" data-e-type=\"widget\" data-widget_type=\"image-box.default\">\n\t\t\t\t<div class=\"elementor-widget-container\">\n\t\t\t\t\t<div class=\"elementor-image-box-wrapper\"><div class=\"elementor-image-box-content\"><h1 class=\"elementor-image-box-title\">H\u00e4ufig gestellte Fragen<\/h1><\/div><\/div>\t\t\t\t<\/div>\n\t\t\t\t<\/div>\n\t\t\t\t\t<\/div>\n\t\t<\/div>\n\t\t\t\t\t<\/div>\n\t\t<\/section>\n\t\t\t\t<section class=\"elementor-section elementor-top-section elementor-element elementor-element-260ff3fe elementor-section-boxed elementor-section-height-default elementor-section-height-default\" data-id=\"260ff3fe\" data-element_type=\"section\" data-e-type=\"section\">\n\t\t\t\t\t\t<div class=\"elementor-container elementor-column-gap-default\">\n\t\t\t\t\t<div class=\"elementor-column elementor-col-100 elementor-top-column elementor-element elementor-element-77396626\" data-id=\"77396626\" data-element_type=\"column\" data-e-type=\"column\">\n\t\t\t<div class=\"elementor-widget-wrap elementor-element-populated\">\n\t\t\t\t\t\t<div class=\"elementor-element elementor-element-22c497f5 elementor-widget elementor-widget-heading\" data-id=\"22c497f5\" data-element_type=\"widget\" data-e-type=\"widget\" data-widget_type=\"heading.default\">\n\t\t\t\t<div class=\"elementor-widget-container\">\n\t\t\t\t\t<h2 class=\"elementor-heading-title elementor-size-default\">Du hast Fragen... Wir helfen gerne weiter.<\/h2>\t\t\t\t<\/div>\n\t\t\t\t<\/div>\n\t\t\t\t<div class=\"elementor-element elementor-element-0b7f17b elementor-widget elementor-widget-text-editor\" data-id=\"0b7f17b\" data-element_type=\"widget\" data-e-type=\"widget\" data-widget_type=\"text-editor.default\">\n\t\t\t\t<div class=\"elementor-widget-container\">\n\t\t\t\t\t\t\t\t\t<p><a title=\"Prinzipien\" href=\"https:\/\/naturefirst.org\/de\/principles\/\">Lerne mehr \u00fcber unsere Prinzipien<\/a><\/p>\t\t\t\t\t\t\t\t<\/div>\n\t\t\t\t<\/div>\n\t\t\t\t<div class=\"elementor-element elementor-element-1cb511b elementor-widget-divider--view-line elementor-widget elementor-widget-divider\" data-id=\"1cb511b\" data-element_type=\"widget\" data-e-type=\"widget\" data-widget_type=\"divider.default\">\n\t\t\t\t<div class=\"elementor-widget-container\">\n\t\t\t\t\t\t\t<div class=\"elementor-divider\">\n\t\t\t<span class=\"elementor-divider-separator\">\n\t\t\t\t\t\t<\/span>\n\t\t<\/div>\n\t\t\t\t\t\t<\/div>\n\t\t\t\t<\/div>\n\t\t\t\t<div class=\"elementor-element elementor-element-a227aa6 elementor-widget elementor-widget-text-editor\" data-id=\"a227aa6\" data-element_type=\"widget\" data-e-type=\"widget\" data-widget_type=\"text-editor.default\">\n\t\t\t\t<div class=\"elementor-widget-container\">\n\t\t\t\t\t\t\t\t\t<h2>H\u00e4ufig gestellte Fragen<\/h2><ol><li><h4>Was ist der Haken?<\/h4><ul data-rte-list=\"default\"><li><p>Kein Haken. Es gibt keine Geb\u00fchren, keinen Spam, keine Werbung, keine Meetings und keine Verpflichtung andere anzuwerben. Dies ist die Gelegenheit, sich zum Schutz und Erhalt von Naturlandschaften zu engagieren, indem du dich and die Nature First-Prinzipien h\u00e4ltst und dir bewusst bist, dass du ein Teil der Initiative bist.<\/p><\/li><\/ul><\/li><li><h4>Wer kann Mitglied werden?<\/h4><ul data-rte-list=\"default\"><li><p>Diese Allianz richtet sich an alle, die in der Natur fotografieren, egal ob es sich um professionelle Naturfotografen, Tierfotografen, Workshopleiter, Instagram-Fotografen, Portr\u00e4t- oder Hochzeitsfotografen, die im Freien fotografieren, oder um jede Person handelt, die aus Hobby in der Natur fotografiert. Wenn du in der Natur fotografierst, bist du bei uns richtig.<\/p><\/li><li><p>Unternehmen, Unternehmen, Organisationen oder andere Einrichtungen, die sich zu einem naturbewussteren Umgang mit den von Ihnen verwendeten Fotos verpflichten m\u00f6chten, k\u00f6nnen sich uns ebenfalls als Mitglieder anschlie\u00dfen. Wir w\u00fcrden uns freuen, wenn sich viele Organisationen dieser Initiative anschlie\u00dfen und uns helfen w\u00fcrden, unsere nat\u00fcrliche Welt durch verantwortungsvolle Naturfotografie zu bewahren.<\/p><\/li><\/ul><\/li><li><h4>Was ist f\u00fcr den Beitritt erforderlich?<\/h4><ul data-rte-list=\"default\"><li><p>Nichts weiter als dein Engagement f\u00fcr die <a title=\"Prinzipien\" href=\"https:\/\/naturefirst.org\/de\/principles\/\">Nature First-Prinzipien<\/a>. Wir sind inklusive. Wir verstehen, dass nicht jeder ein aktiver F\u00fcrsprecher sein, in sozialen Medien posten und bei \u00f6ffentlichen Veranstaltungen sprechen m\u00f6chte. Wir bei Nature First sch\u00e4tzen auch unsere ruhigen Kollegen, die ihr Engagement f\u00fcr die Prinzipien durch ihr t\u00e4gliches Handeln <em>leben. <\/em>Auch damit bist du ein Teil von uns! Und wenn du zu jenen geh\u00f6rst, die unser Anliegen mit Ihren Freunden und Followern teilen m\u00f6chten - gro\u00dfartig! Wir freuen uns! <strong>#Naturefirst<\/strong><\/p><\/li><\/ul><\/li><li><h4>Was ist der Unterschied zwischen Nature First und Leave No Trace?<\/h4><ul data-rte-list=\"default\"><li><p><a href=\"https:\/\/lnt.org\/\" target=\"_blank\" rel=\"noopener\">Die Leave no Trace Prizipien<\/a> ist eine fantastische Organisation, die sich seit Jahrzehnten f\u00fcr die Bedeutung von Erholung in der Natur mit geringen Auswirkungen einsetzt. <strong>Wir haben ein \u00e4hnliches Ziel \u2026 aber f\u00fcr Naturfotografen aller Niveaus. <\/strong>Mit der wachsenden Bedeutung des Internets und der sozialen Medien besuchen immer mehr Menschen die Natur und machen Fotos. Mit ein wenig Information und Sorgfalt k\u00f6nnen wir alle die Auswirkungen auf die Natur erheblich minimieren. Mehr zu diesem Thema gibt es unter <a title=\"Warum Nature First?\" href=\"https:\/\/staging.naturefirst.org\/?page_id=445\">Warum Nature First?<\/a><\/p><\/li><\/ul><\/li><li><h4>Ist Nature First eine amerikanische Organisation?<\/h4><ul data-rte-list=\"default\"><li><p>W\u00e4hrend diese Bewegung in den Vereinigten Staaten beginnt und Nature First offiziell im US-Bundesstaat Colorado registriert ist, wollen wir uns nicht nur auf die USA konzentrieren. Die Probleme, mit denen wir uns befassen, treten in den meisten L\u00e4ndern und \u00d6kosystemen auf der ganzen Welt auf. Fotografen und Unternehmen aus der ganzen Welt schlie\u00dfen sich der Bewegung an.<\/p><\/li><\/ul><\/li><li><h4>Wie kann ich helfen? Ich habe keine 50.000 Follower.<span style=\"color: var(--ast-global-color-2);\">\u00a0<\/span><\/h4><ul data-rte-list=\"default\"><li><p><strong>Die meisten von uns nicht!<\/strong> Aber jedes Bisschen hilft. Jeder einzelne, der nach den <a title=\"Prinzipien\" href=\"https:\/\/naturefirst.org\/de\/principles\/\">Nature First-Prinzipien<\/a> lebt, geht mit gutem Beispiel voran. Wenn du deine Leidenschaft f\u00fcr die Nature First-Bewegung auf deinen Social Media Kan\u00e4len teilst, auch wenn es nur mit deiner Familie und deinen Freunden ist, zeigt das, dass dir die Sache etwas bedeutet. Und vielleicht - hoffentlich- lernen sie von dir, wie man die Zeit in der Natur verantwortungsvoll genie\u00dft. Jeder von uns, der einen Schritt nach vorne macht und das Verhalten einiger weniger beeinflusst, tr\u00e4gt etwas bei. Ein Freund erz\u00e4hlt es zwei weiteren und so weiter.... <strong>#Naturefirst<\/strong><\/p><\/li><\/ul><\/li><li><h4>Was schadet das Teilen von Standorten?<\/h4><ul data-rte-list=\"default\"><li><p>Das Teilen von Standortinformationen kann erhebliche Konsequenzen f\u00fcr diesen Standort haben. Sobald ein Ort als fotogen eingestuft wird, wird er zum Magneten f\u00fcr Fotografen und die breite \u00d6ffentlichkeit. Dies gilt insbesondere, wenn au\u00dfergew\u00f6hnliche, saisonale oder klimatische Bedingungen den Anreiz erh\u00f6hen. Wenn du also Standorte teilst, solltet du dir bewusst sein, dass das wahrscheinlich Auswirkungen auf diese Naturlandschaft haben wird.<\/p><\/li><li><p>Wir verstehen, dass Standorte nicht \u201egeheim\u201c gehalten werden k\u00f6nnen. Jeder mit dem Internet und Entschlossenheit kann normalerweise einen Standort finden. Aber es gibt einen gro\u00dfen Unterschied in der Anzahl der Menschen, die bereit sind, die Zeit mit Recherchen (und hoffentlich etwas \u00fcber einen Ort zu lernen) zu verbringen, und denen, die einfach zu einem genauen Ort fahren, der in einem Beitrag zusammen mit einem Bild bereitgestellt wird.<\/p><\/li><li><p>Wir erwarten, dass jeder Einzelne nach bestem Wissen und Gewissen \u00fcber die Sensibilit\u00e4t bestimmter Standorte entscheidet und wie viele Details \u00fcber den Standort er teilen sollte.<\/p><\/li><\/ul><\/li><li><h4>Was kann ich tun, wenn ich schlechtes Verhalten aus erster Hand sehe oder im Internet davon h\u00f6re?<\/h4><ul data-rte-list=\"default\"><li><p>Wenn das Verhalten eindeutig gegen Gesetze oder Regeln und Vorschriften verst\u00f6\u00dft, empfehlen wir Ihnen, den Vorfall zu dokumentieren (Sie haben eine Kamera dabei, oder?) und den Beamten zu melden. \u00dcberlassen Sie die Vollstreckung den Profis. Dar\u00fcber hinaus liegt Ihre Antwort ganz bei Ihnen. Aber wir haben einige Empfehlungen\u2026<\/p><\/li><li><p>Stellen Sie sicher, dass Sie die Fakten haben, nicht nur H\u00f6rensagen oder Internet-Gez\u00e4nk. Falsche oder versch\u00f6nerte Anschuldigungen k\u00f6nnen mehr schaden als n\u00fctzen.<\/p><\/li><li><p>Wenn Sie sich sicher f\u00fchlen, die Person(en) im Moment oder danach per E-Mail oder Nachrichten zu konfrontieren, wenden Sie sich privat pers\u00f6nlich an sie. Wir empfehlen einen hilfreichen, p\u00e4dagogischen Ansatz, der die <a title=\"Prinzipien\" href=\"https:\/\/naturefirst.org\/de\/principles\/\">Nature First-Prinzipien<\/a>, anstatt autorit\u00e4r oder erzwingend zu klingen. Mit anderen Worten, geben Sie den Menschen im Zweifelsfall Recht und gehen Sie davon aus, dass sie sich der Auswirkungen ihres unverantwortlichen Verhaltens einfach nicht bewusst sind. Es ist viel wahrscheinlicher, dass Menschen positiv auf private Kritik reagieren (selbst wenn Sie die \u00c4nderung in ihrem Verhalten nie sehen oder erkennen). Das \u00f6ffentliche Aufrufen einer Person in den sozialen Medien wird wahrscheinlich zu Ablehnung, Ablenkung, Widerlegung und\/oder Vergeltung f\u00fchren. Wir haben es alle gesehen. Und es f\u00fchrt in der Regel nicht zu einem positiven Ergebnis.<\/p><\/li><li><p>Nutzen Sie die Naturfotografie-Community! Sie k\u00f6nnen etwas bewirken, indem Sie schlechtes Benehmen in einem konstruktiven Dialog und Gespr\u00e4ch ansprechen.<\/p><\/li><\/ul><\/li><li><h4>Was wird Nature First tun, wenn es von unverantwortlichem Verhalten erf\u00e4hrt?\u00a0<\/h4><\/li><\/ol><ul><li style=\"list-style-type: none;\"><ul><li>Auf gemeldetes schlechtes Verhalten einer Person oder eines Nature First-Mitglieds zu reagieren, ist\u00a0<strong>nicht<\/strong>\u00a0so einfach ... Das Hauptziel von Nature First ist es, ein Anwalt f\u00fcr die zu sein\u00a0<a title=\"Prinzipien\" href=\"https:\/\/naturefirst.org\/de\/principles\/\">Nature First-Prinzipien<\/a>, erziehen und f\u00f6rdern Sie verantwortungsbewusste Naturfotografie. Wir tun es\u00a0<strong>nicht<\/strong>\u00a0formelle Vereinbarungen mit jedem einzelnen Mitglied haben \u2013 vielmehr verpflichtet sich der Einzelne dazu\u00a0<a title=\"Prinzipien\" href=\"https:\/\/naturefirst.org\/de\/principles\/\">Nature First-Prinzipien<\/a> wenn sie sich anmelden. Wir hoffen, dass jeder sein Bestes tun wird, um dieses Versprechen einzul\u00f6sen. Aber jeder Mensch ist anders. Sie befinden sich an verschiedenen Punkten ihrer Reise und lernen, wie man ein verantwortungsvoller Naturfotograf wird. Jeder Einzelne kann verschiedene Situationen auf unterschiedliche Weise interpretieren. Und selbst die Besten von uns k\u00f6nnen in der Aufregung des Augenblicks nachl\u00e4ssig sein oder einfach nicht wissen, wie sensibel das Gebiet ist. Das\u00a0<a title=\"Prinzipien\" href=\"https:\/\/naturefirst.org\/de\/principles\/\">Nature First-Prinzipien<\/a> sollen uns als Mahnung dienen.<\/li><\/ul><\/li><\/ul><ul><li style=\"list-style-type: none;\"><ul><li>Nature First glaubt, dass diese Vorf\u00e4lle von schlechtem Benehmen eine Gelegenheit sind, Einzelpersonen aufzukl\u00e4ren und ihnen zu helfen, mehr \u00fcber verantwortungsvolle Naturfotografie zu lernen, anstatt sie anzuprangern oder zu besch\u00e4men. Personen zu \u00e4chten und sie von der Nature First-Mitgliederliste zu entfernen, w\u00fcrde nur dazu dienen, sie auszuschlie\u00dfen \u2013 m\u00f6glicherweise f\u00fcr immer. Wir m\u00f6chten, dass sie aus ihren Fehlern lernen und mit diesem Wissen handeln, wenn sie das n\u00e4chste Mal im Einsatz sind.<\/li><\/ul><\/li><\/ul><ul><li style=\"list-style-type: none;\"><ul><li>Nature First wird und kann die unverantwortlichen Handlungen von Einzelpersonen nicht \u00fcberwachen. Das ist nicht unser Ziel. Das <a title=\"Prinzipien\" href=\"https:\/\/naturefirst.org\/de\/principles\/\">Nature First-Prinzipien<\/a>\u00a0sind selbstverst\u00e4ndliche Richtlinien, die f\u00fcr alle Situationen gelten sollen und es jedem Einzelnen erm\u00f6glichen, verantwortungsvolles Verhalten im Moment zu interpretieren. Sie sind absichtlich <strong>nicht<\/strong> als spezifische Regeln geschrieben. Aber wir k\u00f6nnen nicht als Vollstrecker auftreten. Wir haben einfach nicht die Ressourcen, um Berichte \u00fcber Verst\u00f6\u00dfe zu untersuchen und zu best\u00e4tigen. Und wir glauben nicht, dass wir qualifiziert sind, ein Urteil zu f\u00e4llen \u2013 wie k\u00f6nnten wir m\u00f6glicherweise in jeder Situation Fairness und Unvoreingenommenheit sicherstellen?<\/li><\/ul><\/li><\/ul><ul><li style=\"list-style-type: none;\"><ul><li>Lassen Sie uns zusammenarbeiten, um das Wort zu verbreiten und mehr Menschen in die Nature First-Bewegung einzubeziehen, anstatt zu urteilen, zu \u00e4chten und auszuschlie\u00dfen.\u00a0<\/li><\/ul><\/li><\/ul><ol><li><h4>Wie geht Nature First den Klimawandel an?<\/h4><ul data-rte-list=\"default\"><li><p>Die Nature First-Prinzipien selbst sind Richtlinien und enthalten keine konkreten Beispiele f\u00fcr die Auswirkungen, die wir auf die Natur haben. Deshalb erw\u00e4hnen sie den Klimawandel (oder das Treten auf Blumen) nicht explizit. Aber man kann die Nature First-Prinzipien leicht auf das Beispiel des Klimawandels anwenden. Das allererste Prinzip ist, <em>\u201eStellt dem Wohlergehen der Natur Vorrang vor der Fotografie.\u201c<\/em> Man sollte auf jeden Fall \u00fcber die Auswirkungen des CO2-Fu\u00dfabdrucks nachdenken, den man beim Fotografieren hat. An einem Ende des Spektrums k\u00f6nnten Sie argumentieren, dass fast alles, was Sie mit Ihrer Fotografie machen, Auswirkungen auf den Klimawandel hat. Aber das gilt f\u00fcr so ziemlich jede Aktivit\u00e4t des t\u00e4glichen Lebens. Wie k\u00f6nnen wir als Naturfotografen diesen Einfluss minimieren? Hilft die Verwendung unserer Fotografie zur Aufkl\u00e4rung und Erhaltung der nat\u00fcrlichen Welt dabei, die Auswirkungen des CO2-Fu\u00dfabdrucks auszugleichen, der durch Reisen an den Ort entsteht? Jeder verantwortungsbewusste Naturfotograf\/-videograf hat die M\u00f6glichkeit, mit vielen Menschen in Kontakt zu treten (Multiplikatoreffekt), um als Botschafter der Natur weitreichende positive Wirkung zu erzielen.<\/p><\/li><li><p>Reflektieren Sie Ihre gemeinsamen Aktivit\u00e4ten (Fahren, Fliegen, allgemeiner Konsum und Lebensweise) und nutzen Sie Online-Tools, wie z <a href=\"https:\/\/www.epa.gov\/energy\/greenhouse-gas-equivalencies-calculator\">Treibhausgas\u00e4quivalente<\/a> und der <a href=\"https:\/\/www.gov.uk\/guidance\/carbon-calculator\">CO2-Rechner<\/a>, um mehr \u00fcber Ihren ganz pers\u00f6nlichen CO2-Fu\u00dfabdruck zu erfahren.<\/p><\/li><li><p>Identifizieren Sie M\u00f6glichkeiten, wie Sie Ihren pers\u00f6nlichen CO2-Fu\u00dfabdruck reduzieren k\u00f6nnen.<\/p><\/li><\/ul><\/li><li><h4><strong>Welche Position vertritt Nature First zur Verwendung von NFTs in der Naturfotografie?<\/strong><\/h4><\/li><\/ol><ul><li style=\"list-style-type: none;\"><ul data-rte-list=\"default\"><li><p>Lesen Sie den vollst\u00e4ndigen Artikel, <a href=\"https:\/\/naturefirst.org\/de\/news-items\/2021\/08\/13\/nature-first-and-nfts\/\">Nature First und NFTs<\/a> ver\u00f6ffentlicht am 13. August 2021<\/p><\/li><li><p>Ist es f\u00fcr Naturfotografen ethisch vertretbar, NFTs f\u00fcr Einnahmen zu erstellen und zu verkaufen? Die Anleitung von Nature First h\u00e4ngt sehr stark mit unseren Gedanken zur Naturfotografie und zum Klimawandel zusammen (siehe oben FAQ). Alle Naturfotografen sollten die Verantwortung daf\u00fcr \u00fcbernehmen, sich \u00fcber die Umweltauswirkungen ihres Handelns zu informieren, und sorgf\u00e4ltig \u00fcberlegen, wie sie ihre eigenen individuellen Auswirkungen begrenzen und reduzieren k\u00f6nnen. Also bilde dich weiter.<\/p><ul data-rte-list=\"default\"><li><p>Beteiligen Sie sich an Diskussionen \u00fcber NFTs und ihre Auswirkungen auf die Umwelt, wie zum Beispiel in diesem F-Stop Collaborate and Listen-Podcast <em>(verf\u00fcgbar ab 25. August 2021)<\/em> von unserem Mitbegr\u00fcnder Matt Payne.\u00a0<\/p><\/li><li><p>Werfen Sie einen Blick auf die <a href=\"https:\/\/www.epa.gov\/energy\/greenhouse-gas-equivalencies-calculator\">Treibhausgas\u00e4quivalente<\/a> oder <a href=\"https:\/\/www.gov.uk\/guidance\/carbon-calculator\">CO2-Rechner<\/a> f\u00fcr einige Ihrer gemeinsamen Aktivit\u00e4ten (Autofahren, Fliegen, allgemeiner Konsum und Lebensweise), um mehr \u00fcber Ihren CO2-Fu\u00dfabdruck zu erfahren.<\/p><\/li><li><p>Bevor Sie den NFT-Raum betreten, sollten Sie warten, bis Ethereum zu einem Proof-of-Stake-Modell migriert (was 2022 geschehen k\u00f6nnte), das deutlich weniger Energie verbraucht als das aktuelle Proof-of-Work-Modell. Erfahren Sie mehr dar\u00fcber, was diese Modelle unterscheidet <a href=\"https:\/\/www.bitdegree.org\/crypto\/tutorials\/proof-of-work-vs-proof-of-stake\">hier<\/a>.\u00a0<\/p><\/li><li><p>Erw\u00e4gen Sie, Ihre NFTs mit einer Nicht-Etherum-Blockchain zu pr\u00e4gen, deren CO2-Fu\u00dfabdruck gesch\u00e4tzt wird <a href=\"https:\/\/medium.com\/tqtezos\/proof-of-work-vs-proof-of-stake-the-ecological-footprint-c58029faee44\" target=\"_blank\" rel=\"noopener\">1,5 Millionen mal kleiner<\/a>.<\/p><\/li><li><p>F\u00fcr diejenigen unter Ihnen, die NTFs erstellen und verkaufen, werfen Sie einen Blick auf <a href=\"https:\/\/carbon.fyi\/\">carbon.fyi<\/a> um Ihre CO2-Belastung zu berechnen.\u00a0<\/p><\/li><li><p>Erw\u00e4gen Sie, Ihre von NFT abgeleiteten CO2-Auswirkungen auszugleichen <a href=\"https:\/\/cotap.org\/reduce-carbon-footprint\/\">Reduzierung Ihres CO2-Fu\u00dfabdrucks<\/a> in anderen Bereichen Ihres Lebens.<\/p><\/li><li><p>Erw\u00e4gen Sie, einen Teil der Erl\u00f6se aus dem Verkauf von NFTs an gemeinn\u00fctzige Klima- oder Umweltorganisationen zu spenden.<\/p><\/li><li><p>Machen Sie auf die CO2-Auswirkungen Ihres Handelns aufmerksam und diskutieren Sie offen dar\u00fcber, wie Sie Ihren CO2-Fu\u00dfabdruck auf andere Weise erheblich reduzieren k\u00f6nnen.<\/p><\/li><\/ul><p>Dies sind nur einige der verf\u00fcgbaren Ressourcen, auf die uns unsere Mitglieder aufmerksam gemacht haben.\u00a0<\/p><p><strong>Es liegt in Ihrer Verantwortung, sich weiterzubilden<\/strong> um fundierte Entscheidungen \u00fcber die Aktivit\u00e4ten, an denen Sie teilnehmen, den damit verbundenen CO2-Fu\u00dfabdruck und die Schritte, die Sie unternehmen k\u00f6nnen, um Ihre Umweltauswirkungen zu reduzieren, zu treffen. Wisse und erkenne, dass die Umst\u00e4nde anderer anders sein k\u00f6nnen und sie andere Entscheidungen treffen k\u00f6nnen. Respektieren Sie diese Unterschiede und binden Sie diese Fotografen in ehrliche, sinnvolle Gespr\u00e4che ein, um noch mehr zu lernen. Der kontinuierliche Dialog in der Naturfotografie-Community kann uns allen helfen, fundiertere Entscheidungen zu treffen, um die Natur an erste Stelle zu setzen.<\/p><\/li><\/ul><\/li><\/ul>\t\t\t\t\t\t\t\t<\/div>\n\t\t\t\t<\/div>\n\t\t\t\t<div class=\"elementor-element elementor-element-71bb9540 elementor-widget-divider--view-line elementor-widget elementor-widget-divider\" data-id=\"71bb9540\" data-element_type=\"widget\" data-e-type=\"widget\" data-widget_type=\"divider.default\">\n\t\t\t\t<div class=\"elementor-widget-container\">\n\t\t\t\t\t\t\t<div class=\"elementor-divider\">\n\t\t\t<span class=\"elementor-divider-separator\">\n\t\t\t\t\t\t<\/span>\n\t\t<\/div>\n\t\t\t\t\t\t<\/div>\n\t\t\t\t<\/div>\n\t\t\t\t\t<\/div>\n\t\t<\/div>\n\t\t\t\t\t<\/div>\n\t\t<\/section>\n\t\t\t\t<\/div>","protected":false},"excerpt":{"rendered":"<p>Frequently Asked Questions You&#8217;ve got questions&#8230; We&#8217;re here to help. Learn more about the Nature First Principles Frequently Asked Questions What&#8217;s the Catch? No catch. Period. There are no fees, no spam, no advertising, no meetings, and no requirements to \u201csell\u201d or promote to others. This is an opportunity to make a declaration of your [&hellip;]<\/p>\n","protected":false},"author":2,"featured_media":0,"parent":0,"menu_order":0,"comment_status":"closed","ping_status":"closed","template":"","meta":{"_mo_disable_npp":"","site-sidebar-layout":"no-sidebar","site-content-layout":"page-builder","ast-site-content-layout":"default","site-content-style":"default","site-sidebar-style":"default","ast-global-header-display":"","ast-banner-title-visibility":"","ast-main-header-display":"","ast-hfb-above-header-display":"","ast-hfb-below-header-display":"","ast-hfb-mobile-header-display":"","site-post-title":"disabled","ast-breadcrumbs-content":"","ast-featured-img":"disabled","footer-sml-layout":"","ast-disable-related-posts":"","theme-transparent-header-meta":"","adv-header-id-meta":"","stick-header-meta":"","header-above-stick-meta":"","header-main-stick-meta":"","header-below-stick-meta":"","astra-migrate-meta-layouts":"default","ast-page-background-enabled":"default","ast-page-background-meta":{"desktop":{"background-color":"","background-image":"","background-repeat":"repeat","background-position":"center center","background-size":"auto","background-attachment":"scroll","background-type":"","background-media":"","overlay-type":"","overlay-color":"","overlay-opacity":"","overlay-gradient":""},"tablet":{"background-color":"","background-image":"","background-repeat":"repeat","background-position":"center center","background-size":"auto","background-attachment":"scroll","background-type":"","background-media":"","overlay-type":"","overlay-color":"","overlay-opacity":"","overlay-gradient":""},"mobile":{"background-color":"","background-image":"","background-repeat":"repeat","background-position":"center center","background-size":"auto","background-attachment":"scroll","background-type":"","background-media":"","overlay-type":"","overlay-color":"","overlay-opacity":"","overlay-gradient":""}},"ast-content-background-meta":{"desktop":{"background-color":"var(--ast-global-color-5)","background-image":"","background-repeat":"repeat","background-position":"center center","background-size":"auto","background-attachment":"scroll","background-type":"","background-media":"","overlay-type":"","overlay-color":"","overlay-opacity":"","overlay-gradient":""},"tablet":{"background-color":"var(--ast-global-color-5)","background-image":"","background-repeat":"repeat","background-position":"center center","background-size":"auto","background-attachment":"scroll","background-type":"","background-media":"","overlay-type":"","overlay-color":"","overlay-opacity":"","overlay-gradient":""},"mobile":{"background-color":"var(--ast-global-color-5)","background-image":"","background-repeat":"repeat","background-position":"center center","background-size":"auto","background-attachment":"scroll","background-type":"","background-media":"","overlay-type":"","overlay-color":"","overlay-opacity":"","overlay-gradient":""}},"footnotes":""},"class_list":["post-516","page","type-page","status-publish","hentry"],"aioseo_notices":[],"_links":{"self":[{"href":"https:\/\/naturefirst.org\/de\/wp-json\/wp\/v2\/pages\/516","targetHints":{"allow":["GET"]}}],"collection":[{"href":"https:\/\/naturefirst.org\/de\/wp-json\/wp\/v2\/pages"}],"about":[{"href":"https:\/\/naturefirst.org\/de\/wp-json\/wp\/v2\/types\/page"}],"author":[{"embeddable":true,"href":"https:\/\/naturefirst.org\/de\/wp-json\/wp\/v2\/users\/2"}],"replies":[{"embeddable":true,"href":"https:\/\/naturefirst.org\/de\/wp-json\/wp\/v2\/comments?post=516"}],"version-history":[{"count":25,"href":"https:\/\/naturefirst.org\/de\/wp-json\/wp\/v2\/pages\/516\/revisions"}],"predecessor-version":[{"id":3998,"href":"https:\/\/naturefirst.org\/de\/wp-json\/wp\/v2\/pages\/516\/revisions\/3998"}],"wp:attachment":[{"href":"https:\/\/naturefirst.org\/de\/wp-json\/wp\/v2\/media?parent=516"}],"curies":[{"name":"wp","href":"https:\/\/api.w.org\/{rel}","templated":true}]}}