{"id":523,"date":"2022-08-20T22:41:56","date_gmt":"2022-08-20T22:41:56","guid":{"rendered":"https:\/\/naturefirst.org\/?page_id=523"},"modified":"2023-01-21T07:49:32","modified_gmt":"2023-01-21T14:49:32","slug":"mission","status":"publish","type":"page","link":"https:\/\/naturefirst.org\/de\/mission\/","title":{"rendered":"Mission"},"content":{"rendered":"<div data-elementor-type=\"wp-page\" data-elementor-id=\"523\" class=\"elementor elementor-523\" data-elementor-post-type=\"page\">\n\t\t\t\t\t\t<section class=\"elementor-section elementor-top-section elementor-element elementor-element-18957a58 elementor-section-height-min-height elementor-section-boxed elementor-section-height-default elementor-section-items-middle\" data-id=\"18957a58\" data-element_type=\"section\" data-e-type=\"section\" data-settings=\"{&quot;background_background&quot;:&quot;classic&quot;}\">\n\t\t\t\t\t\t\t<div class=\"elementor-background-overlay\"><\/div>\n\t\t\t\t\t\t\t<div class=\"elementor-container elementor-column-gap-no\">\n\t\t\t\t\t<div class=\"elementor-column elementor-col-100 elementor-top-column elementor-element elementor-element-3d8d5f40\" data-id=\"3d8d5f40\" data-element_type=\"column\" data-e-type=\"column\">\n\t\t\t<div class=\"elementor-widget-wrap elementor-element-populated\">\n\t\t\t\t\t\t<div class=\"elementor-element elementor-element-2970d981 elementor-widget elementor-widget-image-box\" data-id=\"2970d981\" data-element_type=\"widget\" data-e-type=\"widget\" data-widget_type=\"image-box.default\">\n\t\t\t\t<div class=\"elementor-widget-container\">\n\t\t\t\t\t<div class=\"elementor-image-box-wrapper\"><div class=\"elementor-image-box-content\"><h1 class=\"elementor-image-box-title\">Mission, Vision &amp; Werte<\/h1><\/div><\/div>\t\t\t\t<\/div>\n\t\t\t\t<\/div>\n\t\t\t\t\t<\/div>\n\t\t<\/div>\n\t\t\t\t\t<\/div>\n\t\t<\/section>\n\t\t\t\t<section class=\"elementor-section elementor-top-section elementor-element elementor-element-3e5e81d2 elementor-section-boxed elementor-section-height-default elementor-section-height-default\" data-id=\"3e5e81d2\" data-element_type=\"section\" data-e-type=\"section\">\n\t\t\t\t\t\t<div class=\"elementor-container elementor-column-gap-default\">\n\t\t\t\t\t<div class=\"elementor-column elementor-col-100 elementor-top-column elementor-element elementor-element-3279c4f8\" data-id=\"3279c4f8\" data-element_type=\"column\" data-e-type=\"column\">\n\t\t\t<div class=\"elementor-widget-wrap elementor-element-populated\">\n\t\t\t\t\t\t<div class=\"elementor-element elementor-element-4f5ce51a elementor-widget elementor-widget-heading\" data-id=\"4f5ce51a\" data-element_type=\"widget\" data-e-type=\"widget\" data-widget_type=\"heading.default\">\n\t\t\t\t<div class=\"elementor-widget-container\">\n\t\t\t\t\t<h2 class=\"elementor-heading-title elementor-size-default\">Unsere Aufgabe...<br><br>Nature First f\u00f6rdert den Schutz und die Erhaltung wilder Naturlandschaften \u00fcberall auf der Welt. Durch Inspiration und Information wollen wir alle, die in der Nature fotografieren und filmen zu Botschaftern der Natur machen.<\/h2>\t\t\t\t<\/div>\n\t\t\t\t<\/div>\n\t\t\t\t\t<\/div>\n\t\t<\/div>\n\t\t\t\t\t<\/div>\n\t\t<\/section>\n\t\t\t\t<section class=\"elementor-section elementor-top-section elementor-element elementor-element-449196b elementor-section-boxed elementor-section-height-default elementor-section-height-default\" data-id=\"449196b\" data-element_type=\"section\" data-e-type=\"section\">\n\t\t\t\t\t\t<div class=\"elementor-container elementor-column-gap-default\">\n\t\t\t\t\t<div class=\"elementor-column elementor-col-50 elementor-top-column elementor-element elementor-element-bee2b36\" data-id=\"bee2b36\" data-element_type=\"column\" data-e-type=\"column\">\n\t\t\t<div class=\"elementor-widget-wrap elementor-element-populated\">\n\t\t\t\t\t\t<div class=\"elementor-element elementor-element-86f7483 elementor-widget elementor-widget-heading\" data-id=\"86f7483\" data-element_type=\"widget\" data-e-type=\"widget\" data-widget_type=\"heading.default\">\n\t\t\t\t<div class=\"elementor-widget-container\">\n\t\t\t\t\t<h4 class=\"elementor-heading-title elementor-size-default\">UNSERE VISION\u2026 <br>ist, dass sich jeder der in der Natur fotografiert und filmt Gedanken \u00fcber die Auswirkungen macht, <br>\u00fcber die Orte die fotografiert werden Bescheid wei\u00df <br>und als Botschafter f\u00fcr die Natur argiert.<\/h4>\t\t\t\t<\/div>\n\t\t\t\t<\/div>\n\t\t\t\t\t<\/div>\n\t\t<\/div>\n\t\t\t\t<div class=\"elementor-column elementor-col-50 elementor-top-column elementor-element elementor-element-77315f1\" data-id=\"77315f1\" data-element_type=\"column\" data-e-type=\"column\">\n\t\t\t<div class=\"elementor-widget-wrap elementor-element-populated\">\n\t\t\t\t\t\t<div class=\"elementor-element elementor-element-b19d260 elementor-widget elementor-widget-image\" data-id=\"b19d260\" data-element_type=\"widget\" data-e-type=\"widget\" data-widget_type=\"image.default\">\n\t\t\t\t<div class=\"elementor-widget-container\">\n\t\t\t\t\t\t\t\t\t\t\t\t\t\t\t<img fetchpriority=\"high\" decoding=\"async\" width=\"300\" height=\"206\" src=\"https:\/\/naturefirst.org\/wp-content\/uploads\/Bighorn.jpg\" class=\"attachment-large size-large wp-image-526\" alt=\"\" srcset=\"https:\/\/naturefirst.org\/wp-content\/uploads\/Bighorn.jpg.webp 300w, https:\/\/naturefirst.org\/wp-content\/uploads\/Bighorn-18x12.jpg.webp 18w\" sizes=\"(max-width: 300px) 100vw, 300px\" \/>\t\t\t\t\t\t\t\t\t\t\t\t\t\t\t<\/div>\n\t\t\t\t<\/div>\n\t\t\t\t\t<\/div>\n\t\t<\/div>\n\t\t\t\t\t<\/div>\n\t\t<\/section>\n\t\t\t\t<section class=\"elementor-section elementor-top-section elementor-element elementor-element-ee985ec elementor-section-boxed elementor-section-height-default elementor-section-height-default\" data-id=\"ee985ec\" data-element_type=\"section\" data-e-type=\"section\">\n\t\t\t\t\t\t<div class=\"elementor-container elementor-column-gap-default\">\n\t\t\t\t\t<div class=\"elementor-column elementor-col-100 elementor-top-column elementor-element elementor-element-07a4ac2\" data-id=\"07a4ac2\" data-element_type=\"column\" data-e-type=\"column\">\n\t\t\t<div class=\"elementor-widget-wrap elementor-element-populated\">\n\t\t\t\t\t\t<div class=\"elementor-element elementor-element-2d6f547 elementor-widget-divider--view-line elementor-widget elementor-widget-divider\" data-id=\"2d6f547\" data-element_type=\"widget\" data-e-type=\"widget\" data-widget_type=\"divider.default\">\n\t\t\t\t<div class=\"elementor-widget-container\">\n\t\t\t\t\t\t\t<div class=\"elementor-divider\">\n\t\t\t<span class=\"elementor-divider-separator\">\n\t\t\t\t\t\t<\/span>\n\t\t<\/div>\n\t\t\t\t\t\t<\/div>\n\t\t\t\t<\/div>\n\t\t\t\t<div class=\"elementor-element elementor-element-0a27024 elementor-widget elementor-widget-text-editor\" data-id=\"0a27024\" data-element_type=\"widget\" data-e-type=\"widget\" data-widget_type=\"text-editor.default\">\n\t\t\t\t<div class=\"elementor-widget-container\">\n\t\t\t\t\t\t\t\t\t<h2>Die Werte von Nature First<\/h2><p class=\"\"><em>Unsere Werte definieren, wer wir als Unternehmen sind, und bestimmen, wie wir intern und extern interagieren. Sie sind der Schl\u00fcssel zu unserem Erfolg und der Kern der Nature First Bewegung zur Erhaltung und zum Schutz der Natur.<\/em><\/p><h4><strong>MITARBEITER &amp; FREIWILLIGE<\/strong><\/h4><p class=\"\">Wir stellen Mitarbeiter und Freiwillige ein, die die Werte von Nature First teilen. Sie werden als wertvolle Partner in der Organisation betrachtet und mit W\u00fcrde und Vertrauen gleich behandelt. Wir feiern und arbeiten mit der einzigartigen Individualit\u00e4t und den St\u00e4rken jedes Einzelnen. Wir pflegen aktiv die Vielfalt und erkennen den Wert an, der in einer Vielzahl von Erfahrungen und Sichtweisen liegt. Wir f\u00f6rdern eine Atmosph\u00e4re der Eigenverantwortung, in der Mitarbeiter und Freiwillige die M\u00f6glichkeit haben, ihre F\u00e4higkeiten und ihre Verantwortung kontinuierlich zu erweitern. Wir begr\u00fc\u00dfen aktiv die Ideen und Perspektiven unserer Mitarbeiter und Freiwilligen. Wir tun alles, was wir k\u00f6nnen, um unseren Mitarbeitern und Freiwilligen zu helfen, eine gesunde Work-Life-Balance zu erhalten. Nature First verpflichtet sich, seinen Vollzeitbesch\u00e4ftigten einen existenzsichernden Lohn zu zahlen.<\/p><h4><strong>Umwelt\u00a0<\/strong><\/h4><p class=\"\">Wir bem\u00fchen uns, bei all unseren Handlungen auf die Natur zu achten. Dies schlie\u00dft auch die Produkte ein, die wir kaufen, verkaufen und verwenden. Wir verpflichten uns zu reduzieren, wieder zu verwenden und zum Recycling. Wir achten auf die Umwelt, indem wir daran arbeiten, Wildnis und Naturrlandschaften aktiv zu sch\u00fctzen und zu unterst\u00fctzen. Wir zollen den indigenen V\u00f6lkern und Kulturen die die seit Jahrtausenden in vielen dieser Regionen leben Respekt und Anerkennung.<\/p><h4><strong>INTEGRIT\u00c4T\u00a0<\/strong><\/h4><p class=\"\">Wir arbeiten auf der Grundlage von Vertrauen und Ehrlichkeit. Wir begr\u00fc\u00dfen aktiv abweichende Meinungen, w\u00e4hrend wir auf ein gemeinsames Verst\u00e4ndnis hinarbeiten. Wir verpflichten uns, einander zu respektieren und das Beste voneinander zu glauben, auch wenn wir anderer Meinung sind. Wir sind bestrebt, alle gleich zu behandeln. Wir kommunizieren offen und transparent auch \u00fcber unsere Ziele und Finanzen. Wir erkennen an, dass wir sowohl als Einzelpersonen als auch als Organisation f\u00fcr unsere Handlungen verantwortlich sind.<\/p><h4><strong>GLOBAL<\/strong><\/h4><p class=\"\">Obwohl Nature First in den Vereinigten Staaten gegr\u00fcndet wurde, engagieren wir uns f\u00fcr eine breitere Weltperspektive. Wir suchen aktiv nach Input und Engagement unserer Mitglieder auf der ganzen Welt und bem\u00fchen uns sicherzustellen, dass diese Organisation innerhalb ihrer Strukturen eine breite internationale Vertretung hat.<\/p><h4><strong>ZUSAMMENARBEIT\u00a0<\/strong><\/h4><p class=\"\">Wir glauben, dass Zusammenarbeit unerl\u00e4sslich ist, um etwas Gro\u00dfartiges zu erreichen. Wir als Organisation verpflichten uns, so weit wie m\u00f6glich mit anderen Organisationen zusammenzuarbeiten und kooperative Initiativen unter unseren Mitgliedern zu f\u00f6rdern.<\/p><h4><strong>STEUERLICH VERANTWORTLICH<\/strong>\u00a0<\/h4><p class=\"\">Wir verpflichten uns, steuerlich umsichtig zu handeln und im Rahmen unserer M\u00f6glichkeiten schuldenfrei zu arbeiten.<\/p>\t\t\t\t\t\t\t\t<\/div>\n\t\t\t\t<\/div>\n\t\t\t\t<div class=\"elementor-element elementor-element-b18fa7a elementor-widget-divider--view-line elementor-widget elementor-widget-divider\" data-id=\"b18fa7a\" data-element_type=\"widget\" data-e-type=\"widget\" data-widget_type=\"divider.default\">\n\t\t\t\t<div class=\"elementor-widget-container\">\n\t\t\t\t\t\t\t<div class=\"elementor-divider\">\n\t\t\t<span class=\"elementor-divider-separator\">\n\t\t\t\t\t\t<\/span>\n\t\t<\/div>\n\t\t\t\t\t\t<\/div>\n\t\t\t\t<\/div>\n\t\t\t\t\t<\/div>\n\t\t<\/div>\n\t\t\t\t\t<\/div>\n\t\t<\/section>\n\t\t\t\t<\/div>","protected":false},"excerpt":{"rendered":"<p>Mission, Vision &amp; Values Our Mission&#8230; Nature First promotes the protection and preservation of the world&#8217;s natural and wild places through inspiring, educating, and uniting everyone making photographs and videos in nature; empowering them to be ambassadors of the natural world. OUR VISION\u2026 IS FOR EVERYONE MAKING PHOTOGRAPHS AND VIDEOS IN NATURE TO BE MINDFUL [&hellip;]<\/p>\n","protected":false},"author":2,"featured_media":0,"parent":0,"menu_order":0,"comment_status":"closed","ping_status":"closed","template":"","meta":{"_mo_disable_npp":"","site-sidebar-layout":"no-sidebar","site-content-layout":"page-builder","ast-site-content-layout":"default","site-content-style":"default","site-sidebar-style":"default","ast-global-header-display":"","ast-banner-title-visibility":"","ast-main-header-display":"","ast-hfb-above-header-display":"","ast-hfb-below-header-display":"","ast-hfb-mobile-header-display":"","site-post-title":"disabled","ast-breadcrumbs-content":"","ast-featured-img":"disabled","footer-sml-layout":"","ast-disable-related-posts":"","theme-transparent-header-meta":"","adv-header-id-meta":"","stick-header-meta":"","header-above-stick-meta":"","header-main-stick-meta":"","header-below-stick-meta":"","astra-migrate-meta-layouts":"default","ast-page-background-enabled":"default","ast-page-background-meta":{"desktop":{"background-color":"","background-image":"","background-repeat":"repeat","background-position":"center center","background-size":"auto","background-attachment":"scroll","background-type":"","background-media":"","overlay-type":"","overlay-color":"","overlay-opacity":"","overlay-gradient":""},"tablet":{"background-color":"","background-image":"","background-repeat":"repeat","background-position":"center center","background-size":"auto","background-attachment":"scroll","background-type":"","background-media":"","overlay-type":"","overlay-color":"","overlay-opacity":"","overlay-gradient":""},"mobile":{"background-color":"","background-image":"","background-repeat":"repeat","background-position":"center center","background-size":"auto","background-attachment":"scroll","background-type":"","background-media":"","overlay-type":"","overlay-color":"","overlay-opacity":"","overlay-gradient":""}},"ast-content-background-meta":{"desktop":{"background-color":"var(--ast-global-color-5)","background-image":"","background-repeat":"repeat","background-position":"center center","background-size":"auto","background-attachment":"scroll","background-type":"","background-media":"","overlay-type":"","overlay-color":"","overlay-opacity":"","overlay-gradient":""},"tablet":{"background-color":"var(--ast-global-color-5)","background-image":"","background-repeat":"repeat","background-position":"center center","background-size":"auto","background-attachment":"scroll","background-type":"","background-media":"","overlay-type":"","overlay-color":"","overlay-opacity":"","overlay-gradient":""},"mobile":{"background-color":"var(--ast-global-color-5)","background-image":"","background-repeat":"repeat","background-position":"center center","background-size":"auto","background-attachment":"scroll","background-type":"","background-media":"","overlay-type":"","overlay-color":"","overlay-opacity":"","overlay-gradient":""}},"footnotes":""},"class_list":["post-523","page","type-page","status-publish","hentry"],"aioseo_notices":[],"_links":{"self":[{"href":"https:\/\/naturefirst.org\/de\/wp-json\/wp\/v2\/pages\/523","targetHints":{"allow":["GET"]}}],"collection":[{"href":"https:\/\/naturefirst.org\/de\/wp-json\/wp\/v2\/pages"}],"about":[{"href":"https:\/\/naturefirst.org\/de\/wp-json\/wp\/v2\/types\/page"}],"author":[{"embeddable":true,"href":"https:\/\/naturefirst.org\/de\/wp-json\/wp\/v2\/users\/2"}],"replies":[{"embeddable":true,"href":"https:\/\/naturefirst.org\/de\/wp-json\/wp\/v2\/comments?post=523"}],"version-history":[{"count":5,"href":"https:\/\/naturefirst.org\/de\/wp-json\/wp\/v2\/pages\/523\/revisions"}],"predecessor-version":[{"id":3733,"href":"https:\/\/naturefirst.org\/de\/wp-json\/wp\/v2\/pages\/523\/revisions\/3733"}],"wp:attachment":[{"href":"https:\/\/naturefirst.org\/de\/wp-json\/wp\/v2\/media?parent=523"}],"curies":[{"name":"wp","href":"https:\/\/api.w.org\/{rel}","templated":true}]}}