{"id":739,"date":"2022-08-22T21:52:02","date_gmt":"2022-08-22T21:52:02","guid":{"rendered":"https:\/\/naturefirst.org\/?page_id=739"},"modified":"2023-01-21T08:28:32","modified_gmt":"2023-01-21T15:28:32","slug":"responsible-nature-photography-standard","status":"publish","type":"page","link":"https:\/\/naturefirst.org\/de\/responsible-nature-photography-standard\/","title":{"rendered":"Standards f\u00fcr verantwortungsbewusste Naturfotografie"},"content":{"rendered":"<div data-elementor-type=\"wp-page\" data-elementor-id=\"739\" class=\"elementor elementor-739\" data-elementor-post-type=\"page\">\n\t\t\t\t\t\t<section class=\"elementor-section elementor-top-section elementor-element elementor-element-35820ecf elementor-section-height-min-height elementor-section-boxed elementor-section-height-default elementor-section-items-middle\" data-id=\"35820ecf\" data-element_type=\"section\" data-e-type=\"section\" data-settings=\"{&quot;background_background&quot;:&quot;classic&quot;}\">\n\t\t\t\t\t\t\t<div class=\"elementor-background-overlay\"><\/div>\n\t\t\t\t\t\t\t<div class=\"elementor-container elementor-column-gap-no\">\n\t\t\t\t\t<div class=\"elementor-column elementor-col-100 elementor-top-column elementor-element elementor-element-7e7ff944\" data-id=\"7e7ff944\" data-element_type=\"column\" data-e-type=\"column\">\n\t\t\t<div class=\"elementor-widget-wrap elementor-element-populated\">\n\t\t\t\t\t\t<div class=\"elementor-element elementor-element-28cd7761 elementor-widget elementor-widget-image-box\" data-id=\"28cd7761\" data-element_type=\"widget\" data-e-type=\"widget\" data-widget_type=\"image-box.default\">\n\t\t\t\t<div class=\"elementor-widget-container\">\n\t\t\t\t\t<div class=\"elementor-image-box-wrapper\"><div class=\"elementor-image-box-content\"><h1 class=\"elementor-image-box-title\">Der Standard f\u00fcr verantwortungsbewusste Naturfotografie<\/h1><\/div><\/div>\t\t\t\t<\/div>\n\t\t\t\t<\/div>\n\t\t\t\t\t<\/div>\n\t\t<\/div>\n\t\t\t\t\t<\/div>\n\t\t<\/section>\n\t\t\t\t<section class=\"elementor-section elementor-top-section elementor-element elementor-element-5784c30c elementor-section-boxed elementor-section-height-default elementor-section-height-default\" data-id=\"5784c30c\" data-element_type=\"section\" data-e-type=\"section\">\n\t\t\t\t\t\t<div class=\"elementor-container elementor-column-gap-default\">\n\t\t\t\t\t<div class=\"elementor-column elementor-col-100 elementor-top-column elementor-element elementor-element-47cd6ed0\" data-id=\"47cd6ed0\" data-element_type=\"column\" data-e-type=\"column\">\n\t\t\t<div class=\"elementor-widget-wrap elementor-element-populated\">\n\t\t\t\t\t\t<div class=\"elementor-element elementor-element-6041a048 elementor-widget elementor-widget-heading\" data-id=\"6041a048\" data-element_type=\"widget\" data-e-type=\"widget\" data-widget_type=\"heading.default\">\n\t\t\t\t<div class=\"elementor-widget-container\">\n\t\t\t\t\t<h2 class=\"elementor-heading-title elementor-size-default\">Der Standard f\u00fcr verantwortungsbewusste Naturfotografie <\/h2>\t\t\t\t<\/div>\n\t\t\t\t<\/div>\n\t\t\t\t<div class=\"elementor-element elementor-element-5760939 elementor-widget elementor-widget-text-editor\" data-id=\"5760939\" data-element_type=\"widget\" data-e-type=\"widget\" data-widget_type=\"text-editor.default\">\n\t\t\t\t<div class=\"elementor-widget-container\">\n\t\t\t\t\t\t\t\t\t<p id=\"yui_3_17_2_1_1661205057794_174\" class=\"\">Der Responsible Nature Photography Standard ist eine Verpflichtung zur Umsetzung der Nature First-Prinzipien in Ihrer Organisation. Es \u00e4hnelt der Verpflichtung, die Fotografen eingehen, wenn sie Nature First beitreten, aber dieser Standard gilt nicht f\u00fcr Fotografen selbst, sondern f\u00fcr die Organisationen, die die von ihnen erstellten Naturfotos und -videos verwenden. Wir haben auch einen Teil dieses Standards, der spezifisch f\u00fcr Organisationen ist, die an Foto-, Video- oder Outdoor-Unterricht beteiligt sind.<\/p><h3>INHALTSBESCHAFFUNG<\/h3><p class=\"\">Anforderungen f\u00fcr Organisationen, die Naturfotografie oder Naturvideos f\u00fcr interne oder externe Kommunikations- und Marketingmaterialien beziehen.<\/p><ul><li>Fordern Sie, dass alle diese bezogenen Inhalte, die entweder in internen oder externen Kommunikations- und Marketingmaterialien verwendet werden, einschlie\u00dflich, aber nicht beschr\u00e4nkt auf Websites, Blogs, soziale Medien, digitales Storytelling\/Content-Marketing, Print, pers\u00f6nliche Veranstaltungen und Influencer-Partner, ausschlie\u00dflich von bezogen werden Fotografen, die sich verpflichtet haben, die Nature First-Prinzipien zu befolgen, indem sie vor der Lizenzierung, Verwendung oder Ver\u00f6ffentlichung Nature First-Mitglied werden (die Mitgliedschaft ist kostenlos).<\/li><li>Zu den bezogenen Inhalten k\u00f6nnen unter anderem professionelle Fotografie und Videos von beauftragten kommerziellen Fotografen, von unabh\u00e4ngigen Natur-\/Landschaftsfotografen und\/oder Marktpl\u00e4tzen von Drittanbietern erworbene Stock-Assets, Assets von Social-Media-Influencern (Amateur- oder professionelle Fotografen) und Community-Fotografen geh\u00f6ren Benutzergenerierte Inhalte Nature First-Partnerschaftsprogramm Seite 5 durch soziale Hashtags oder andere Formen von Kurations- und Sammlungssystemen f\u00fcr benutzergenerierte Inhalte (z. B. Pixlee, Stackla, Curalate usw.)<\/li><li>Ersteller von Inhalten (Influencer und Benutzer, die Inhalte erstellen) k\u00f6nnen Profi-, Amateur- oder Hobbyfotografen sein, die m\u00f6glicherweise professionelle Ausr\u00fcstung verwenden oder nicht. Alle, die die Natur fotografieren und ihre Inhalte \u00fcber ihre eigenen pers\u00f6nlichen Ver\u00f6ffentlichungskan\u00e4le \/ Social Media \/ Blog \/ Website \/ Store usw. zur Verf\u00fcgung stellen, sind berechtigt, Nature First-Mitglieder zu werden.<\/li><li>\u00dcbernehmen Sie zus\u00e4tzliche Verantwortung und bem\u00fchen Sie sich nach besten Kr\u00e4ften, sicherzustellen, dass jeder beauftragte Fotograf die Nature First-Prinzipien einh\u00e4lt, wenn er Bilder und Videos produziert, die in diesen Kommunikations- und Marketingmaterialien verwendet werden.<\/li><\/ul><h3>BILDUNG UND UNTERRICHT<\/h3><p class=\"\">Anforderungen f\u00fcr Organisationen, die Naturfotografie, Naturvideografie oder Outdoor-Freizeiterziehung und -unterricht anbieten.<\/p><ul><li>Fordern Sie, dass eine grundlegende Einf\u00fchrung in die Nature First-Prinzipien in den Bildungs- und Unterrichtslehrplan, den Lehrplan und\/oder die Materialien aufgenommen wird, die Kunden und\/oder Sch\u00fclern zur Verf\u00fcgung gestellt werden.<\/li><li>Fordern Sie, dass die Nature First-Prinzipien von Ausbildern, G\u00e4sten, Kunden und Sch\u00fclern bei allen Aktivit\u00e4ten auf dem Feld oder in nat\u00fcrlichen Gebieten \u00fcbernommen und eingehalten werden.<\/li><li>Mit gutem Beispiel vorangehen: Ethisch zu handeln und diese ethischen Entscheidungen zu erkl\u00e4ren, ist sogar noch wichtiger, wenn Sie vor einer Gruppe stehen.<\/li><li>Halten Sie die Gruppengr\u00f6\u00dfe klein. Minimieren Sie aktiv die Auswirkungen Ihrer Gruppe auf die Orte, die Sie besuchen, und arbeiten Sie daran, die Erfahrungen Ihrer Mitmenschen zu sch\u00fctzen. Es liegt in Ihrer Verantwortung sicherzustellen, dass Ihre Gruppe andere nicht st\u00f6rt.<\/li><li>Ber\u00fccksichtigen Sie sorgf\u00e4ltig die Auswirkungen, wenn Sie eine Gruppe an sensible Orte f\u00fchren, bevor Sie dies tun.<\/li><li>Befolgen Sie die Regeln und Vorschriften, einschlie\u00dflich Genehmigungsanforderungen.<\/li><\/ul><h3>BEACHTUNG<\/h3><p class=\"\">Die Verantwortung f\u00fcr die Einhaltung liegt bei der Organisation. Vor dem Abschluss der Partnerschaft muss die Organisation Nature First ihren Prozess mitteilen, um sicherzustellen, dass Fotografen die Anforderungen der Nature First-Mitgliedschaft erf\u00fcllen. Organisationen, die nicht willens oder nicht in der Lage sind, Fotografen zu \u00fcberpr\u00fcfen, sind nicht berechtigt, den Standard f\u00fcr verantwortungsbewusste Naturfotografie offiziell anzunehmen und sich zu verpflichten, und sind am besten f\u00fcr unsere Organisationspartnerschaft der Stufe 1 geeignet.<\/p>\t\t\t\t\t\t\t\t<\/div>\n\t\t\t\t<\/div>\n\t\t\t\t<div class=\"elementor-element elementor-element-48bbecbb elementor-widget-divider--view-line elementor-widget elementor-widget-divider\" data-id=\"48bbecbb\" data-element_type=\"widget\" data-e-type=\"widget\" data-widget_type=\"divider.default\">\n\t\t\t\t<div class=\"elementor-widget-container\">\n\t\t\t\t\t\t\t<div class=\"elementor-divider\">\n\t\t\t<span class=\"elementor-divider-separator\">\n\t\t\t\t\t\t<\/span>\n\t\t<\/div>\n\t\t\t\t\t\t<\/div>\n\t\t\t\t<\/div>\n\t\t\t\t\t<\/div>\n\t\t<\/div>\n\t\t\t\t\t<\/div>\n\t\t<\/section>\n\t\t\t\t<\/div>","protected":false},"excerpt":{"rendered":"<p>The Responsible Nature Photography Standard The Responsible Nature Photography Standard The Responsible Nature Photography Standard is a commitment to implement Nature First principles within your organization. It is similar to the commitment that photographers make when they join Nature First, yet this standard is not for photographers themselves but rather for the organizations that use [&hellip;]<\/p>\n","protected":false},"author":2,"featured_media":0,"parent":0,"menu_order":0,"comment_status":"closed","ping_status":"closed","template":"","meta":{"_mo_disable_npp":"","site-sidebar-layout":"no-sidebar","site-content-layout":"page-builder","ast-site-content-layout":"default","site-content-style":"default","site-sidebar-style":"default","ast-global-header-display":"","ast-banner-title-visibility":"","ast-main-header-display":"","ast-hfb-above-header-display":"","ast-hfb-below-header-display":"","ast-hfb-mobile-header-display":"","site-post-title":"disabled","ast-breadcrumbs-content":"","ast-featured-img":"disabled","footer-sml-layout":"","ast-disable-related-posts":"","theme-transparent-header-meta":"","adv-header-id-meta":"","stick-header-meta":"","header-above-stick-meta":"","header-main-stick-meta":"","header-below-stick-meta":"","astra-migrate-meta-layouts":"default","ast-page-background-enabled":"default","ast-page-background-meta":{"desktop":{"background-color":"","background-image":"","background-repeat":"repeat","background-position":"center center","background-size":"auto","background-attachment":"scroll","background-type":"","background-media":"","overlay-type":"","overlay-color":"","overlay-opacity":"","overlay-gradient":""},"tablet":{"background-color":"","background-image":"","background-repeat":"repeat","background-position":"center center","background-size":"auto","background-attachment":"scroll","background-type":"","background-media":"","overlay-type":"","overlay-color":"","overlay-opacity":"","overlay-gradient":""},"mobile":{"background-color":"","background-image":"","background-repeat":"repeat","background-position":"center center","background-size":"auto","background-attachment":"scroll","background-type":"","background-media":"","overlay-type":"","overlay-color":"","overlay-opacity":"","overlay-gradient":""}},"ast-content-background-meta":{"desktop":{"background-color":"var(--ast-global-color-5)","background-image":"","background-repeat":"repeat","background-position":"center center","background-size":"auto","background-attachment":"scroll","background-type":"","background-media":"","overlay-type":"","overlay-color":"","overlay-opacity":"","overlay-gradient":""},"tablet":{"background-color":"var(--ast-global-color-5)","background-image":"","background-repeat":"repeat","background-position":"center center","background-size":"auto","background-attachment":"scroll","background-type":"","background-media":"","overlay-type":"","overlay-color":"","overlay-opacity":"","overlay-gradient":""},"mobile":{"background-color":"var(--ast-global-color-5)","background-image":"","background-repeat":"repeat","background-position":"center center","background-size":"auto","background-attachment":"scroll","background-type":"","background-media":"","overlay-type":"","overlay-color":"","overlay-opacity":"","overlay-gradient":""}},"footnotes":""},"class_list":["post-739","page","type-page","status-publish","hentry"],"aioseo_notices":[],"_links":{"self":[{"href":"https:\/\/naturefirst.org\/de\/wp-json\/wp\/v2\/pages\/739","targetHints":{"allow":["GET"]}}],"collection":[{"href":"https:\/\/naturefirst.org\/de\/wp-json\/wp\/v2\/pages"}],"about":[{"href":"https:\/\/naturefirst.org\/de\/wp-json\/wp\/v2\/types\/page"}],"author":[{"embeddable":true,"href":"https:\/\/naturefirst.org\/de\/wp-json\/wp\/v2\/users\/2"}],"replies":[{"embeddable":true,"href":"https:\/\/naturefirst.org\/de\/wp-json\/wp\/v2\/comments?post=739"}],"version-history":[{"count":8,"href":"https:\/\/naturefirst.org\/de\/wp-json\/wp\/v2\/pages\/739\/revisions"}],"predecessor-version":[{"id":3739,"href":"https:\/\/naturefirst.org\/de\/wp-json\/wp\/v2\/pages\/739\/revisions\/3739"}],"wp:attachment":[{"href":"https:\/\/naturefirst.org\/de\/wp-json\/wp\/v2\/media?parent=739"}],"curies":[{"name":"wp","href":"https:\/\/api.w.org\/{rel}","templated":true}]}}