{"id":783,"date":"2022-08-22T23:11:24","date_gmt":"2022-08-22T23:11:24","guid":{"rendered":"https:\/\/naturefirst.org\/?page_id=783"},"modified":"2024-07-03T07:14:31","modified_gmt":"2024-07-03T13:14:31","slug":"press","status":"publish","type":"page","link":"https:\/\/naturefirst.org\/de\/press\/","title":{"rendered":"Presse"},"content":{"rendered":"<div data-elementor-type=\"wp-page\" data-elementor-id=\"783\" class=\"elementor elementor-783\" data-elementor-post-type=\"page\">\n\t\t\t\t\t\t<section class=\"elementor-section elementor-top-section elementor-element elementor-element-6eb01d68 elementor-section-height-min-height elementor-section-boxed elementor-section-height-default elementor-section-items-middle\" data-id=\"6eb01d68\" data-element_type=\"section\" data-e-type=\"section\" data-settings=\"{&quot;background_background&quot;:&quot;classic&quot;}\">\n\t\t\t\t\t\t\t<div class=\"elementor-background-overlay\"><\/div>\n\t\t\t\t\t\t\t<div class=\"elementor-container elementor-column-gap-no\">\n\t\t\t\t\t<div class=\"elementor-column elementor-col-100 elementor-top-column elementor-element elementor-element-35602077\" data-id=\"35602077\" data-element_type=\"column\" data-e-type=\"column\">\n\t\t\t<div class=\"elementor-widget-wrap elementor-element-populated\">\n\t\t\t\t\t\t<div class=\"elementor-element elementor-element-e11d5bb elementor-widget elementor-widget-image-box\" data-id=\"e11d5bb\" data-element_type=\"widget\" data-e-type=\"widget\" data-widget_type=\"image-box.default\">\n\t\t\t\t<div class=\"elementor-widget-container\">\n\t\t\t\t\t<div class=\"elementor-image-box-wrapper\"><div class=\"elementor-image-box-content\"><h1 class=\"elementor-image-box-title\">F\u00fcr die Presse<\/h1><\/div><\/div>\t\t\t\t<\/div>\n\t\t\t\t<\/div>\n\t\t\t\t\t<\/div>\n\t\t<\/div>\n\t\t\t\t\t<\/div>\n\t\t<\/section>\n\t\t\t\t<section class=\"elementor-section elementor-top-section elementor-element elementor-element-bbd41ea elementor-section-boxed elementor-section-height-default elementor-section-height-default\" data-id=\"bbd41ea\" data-element_type=\"section\" data-e-type=\"section\">\n\t\t\t\t\t\t<div class=\"elementor-container elementor-column-gap-default\">\n\t\t\t\t\t<div class=\"elementor-column elementor-col-50 elementor-top-column elementor-element elementor-element-2477e54\" data-id=\"2477e54\" data-element_type=\"column\" data-e-type=\"column\">\n\t\t\t<div class=\"elementor-widget-wrap elementor-element-populated\">\n\t\t\t\t\t\t<div class=\"elementor-element elementor-element-bb92e38 elementor-widget elementor-widget-heading\" data-id=\"bb92e38\" data-element_type=\"widget\" data-e-type=\"widget\" data-widget_type=\"heading.default\">\n\t\t\t\t<div class=\"elementor-widget-container\">\n\t\t\t\t\t<h2 class=\"elementor-heading-title elementor-size-default\">Pressemitteilung<\/h2>\t\t\t\t<\/div>\n\t\t\t\t<\/div>\n\t\t\t\t\t<\/div>\n\t\t<\/div>\n\t\t\t\t<div class=\"elementor-column elementor-col-50 elementor-top-column elementor-element elementor-element-2d51035\" data-id=\"2d51035\" data-element_type=\"column\" data-e-type=\"column\">\n\t\t\t<div class=\"elementor-widget-wrap elementor-element-populated\">\n\t\t\t\t\t\t<div class=\"elementor-element elementor-element-d48523d elementor-widget elementor-widget-text-editor\" data-id=\"d48523d\" data-element_type=\"widget\" data-e-type=\"widget\" data-widget_type=\"text-editor.default\">\n\t\t\t\t<div class=\"elementor-widget-container\">\n\t\t\t\t\t\t\t\t\t<p><strong><em>Bilder auf dieser Seite stehen f\u00fcr Pressezwecke zur Verf\u00fcgung\u2026<\/em><\/strong><\/p>\t\t\t\t\t\t\t\t<\/div>\n\t\t\t\t<\/div>\n\t\t\t\t\t<\/div>\n\t\t<\/div>\n\t\t\t\t\t<\/div>\n\t\t<\/section>\n\t\t\t\t<section class=\"elementor-section elementor-top-section elementor-element elementor-element-4b102503 elementor-section-boxed elementor-section-height-default elementor-section-height-default\" data-id=\"4b102503\" data-element_type=\"section\" data-e-type=\"section\">\n\t\t\t\t\t\t<div class=\"elementor-container elementor-column-gap-default\">\n\t\t\t\t\t<div class=\"elementor-column elementor-col-100 elementor-top-column elementor-element elementor-element-40944611\" data-id=\"40944611\" data-element_type=\"column\" data-e-type=\"column\">\n\t\t\t<div class=\"elementor-widget-wrap elementor-element-populated\">\n\t\t\t\t\t\t<div class=\"elementor-element elementor-element-7156ffa elementor-widget elementor-widget-text-editor\" data-id=\"7156ffa\" data-element_type=\"widget\" data-e-type=\"widget\" data-widget_type=\"text-editor.default\">\n\t\t\t\t<div class=\"elementor-widget-container\">\n\t\t\t\t\t\t\t\t\t<div id=\"block-8b5bdb296a94300d0085\" class=\"sqs-block html-block sqs-block-html\" data-block-type=\"2\"><div class=\"sqs-block-content\"><h3>22. APRIL 2019<\/h3><p class=\"\">Zur sofortigen Ver\u00f6ffentlichung<\/p><p class=\"\"><em>Der Mi\u00dfstand h\u00f6rt hier auf: Naturfotografen schlie\u00dfen sich zusammen, um die verbleibende Wildnis zu bewahren<\/em><\/p><p class=\"\"><strong>Den sch\u00f6nsten Orte auf diesem Planeten wird Schaden zugef\u00fcgt und Naturfotografen aus der ganzen Welt, die ihre eigene Komplizenschaft erkennen, schlie\u00dfen sich zusammen, um das Blatt zu wenden.<\/strong><\/p><\/div><\/div><div id=\"block-yui_3_17_2_1_1555641580725_6897\" class=\"sqs-block image-block sqs-block-image sqs-col-6 span-6 float float-right sqs-text-ready\" data-block-type=\"5\"><div id=\"yui_3_17_2_1_1661209432494_152\" class=\"sqs-block-content\"><div id=\"yui_3_17_2_1_1661209432494_151\" class=\"image-block-outer-wrapper layout-caption-hidden design-layout-inline combination-animation-none individual-animation-none individual-text-animation-none\" data-test=\"image-block-inline-outer-wrapper\"><figure id=\"yui_3_17_2_1_1661209432494_150\" class=\"sqs-block-image-figure intrinsic\"><div id=\"yui_3_17_2_1_1661209432494_149\" class=\"image-block-wrapper\" data-animation-role=\"image\"><div id=\"yui_3_17_2_1_1661209432494_148\" class=\"sqs-image-shape-container-element has-aspect-ratio\"><img decoding=\"async\" class=\"thumb-image loaded alignright\" src=\"https:\/\/images.squarespace-cdn.com\/content\/v1\/5c69df27ca525b3b56a5cce6\/1555641762493-AO6NF523N40Z20U0CPD8\/Iceland-Sarah-Marino.jpg?format=500w\" alt=\"Iceland-Sarah-Marino.jpg\" data-src=\"https:\/\/images.squarespace-cdn.com\/content\/v1\/5c69df27ca525b3b56a5cce6\/1555641762493-AO6NF523N40Z20U0CPD8\/Iceland-Sarah-Marino.jpg\" data-image=\"https:\/\/images.squarespace-cdn.com\/content\/v1\/5c69df27ca525b3b56a5cce6\/1555641762493-AO6NF523N40Z20U0CPD8\/Iceland-Sarah-Marino.jpg\" data-image-dimensions=\"1000x805\" data-image-focal-point=\"0.5,0.5\" data-load=\"false\" data-image-id=\"5cb935a0419202e155e767c4\" data-type=\"image\" data-image-resolution=\"500w\" \/><\/div><\/div><\/figure><\/div><\/div><\/div><div id=\"block-yui_3_17_2_1_1555641580725_11188\" class=\"sqs-block html-block sqs-block-html\" data-block-type=\"2\"><div class=\"sqs-block-content\"><p class=\"\">22. April 2019. Estes Park, Colorado \u2013 Von den zertrampelten Mohnfeldern Kaliforniens bis zu den \u00fcberlaufenen Wasserf\u00e4llen Islands sehen wir \u00fcberall auf der Welt den st\u00e4ndig wachsenden Einfluss von Fotografie und sozialen Medien. Bl\u00fchende Sonnenblumenfelder zogen Zehntausende von Menschen an, die Sperren von Autobahnen verursachten und die Felder der Bauern zerst\u00f6rten , w\u00e4hrend zuvor unbekannte Wasserf\u00e4lle und Bergpanoramen Instagram- und Facebook-Seiten f\u00fcllten und Tausende von Besuchern an diese einst unber\u00fchrten Orte zogen.<\/p><p class=\"\">In den letzten zehn Jahren wurden viele der sch\u00f6nsten und oft unbekanntesten Orte unserer Welt \u00fcber soziale Medien ins Rampenlicht ger\u00fcckt. Orte, die einst aufgrund ihrer Anonymit\u00e4t gesch\u00fctzt waren, ziehen heute t\u00e4glich mehr Verkehr an und die meisten dieser wilden Orte k\u00f6nnen die Aufmerksamkeit nicht \u00fcberleben. Diese wundersch\u00f6nen Orte sind jetzt von Schlamm und Kies, zertrampelter Vegetation und M\u00fcll umgeben. Sie sind nicht mehr von nat\u00fcrlicher Stille und aktiver Tierwelt gepr\u00e4gt, sondern sind zu Knotenpunkten l\u00e4rmender menschlicher Aktivit\u00e4ten geworden.<\/p><\/div><\/div><div id=\"block-yui_3_17_2_1_1555641580725_14299\" class=\"sqs-block image-block sqs-block-image sqs-col-6 span-6 float float-right sqs-text-ready\" data-aspect-ratio=\"67.05020920502092\" data-block-type=\"5\"><div id=\"yui_3_17_2_1_1661209432494_173\" class=\"sqs-block-content\"><div id=\"yui_3_17_2_1_1661209432494_172\" class=\"image-block-outer-wrapper layout-caption-hidden design-layout-inline combination-animation-none individual-animation-none individual-text-animation-none\" data-test=\"image-block-inline-outer-wrapper\"><figure id=\"yui_3_17_2_1_1661209432494_171\" class=\"sqs-block-image-figure intrinsic\"><div id=\"yui_3_17_2_1_1661209432494_170\" class=\"image-block-wrapper\" data-animation-role=\"image\"><div id=\"yui_3_17_2_1_1661209432494_169\" class=\"sqs-image-shape-container-element has-aspect-ratio\"><img decoding=\"async\" class=\"thumb-image loaded alignright\" src=\"https:\/\/images.squarespace-cdn.com\/content\/v1\/5c69df27ca525b3b56a5cce6\/1555641898041-CGAUJC36UL6EFMBQA002\/Mesa-Arch-Joshua-Snow.jpg?format=500w\" alt=\"Mesa-Arch-Joshua-Snow.jpg\" data-src=\"https:\/\/images.squarespace-cdn.com\/content\/v1\/5c69df27ca525b3b56a5cce6\/1555641898041-CGAUJC36UL6EFMBQA002\/Mesa-Arch-Joshua-Snow.jpg\" data-image=\"https:\/\/images.squarespace-cdn.com\/content\/v1\/5c69df27ca525b3b56a5cce6\/1555641898041-CGAUJC36UL6EFMBQA002\/Mesa-Arch-Joshua-Snow.jpg\" data-image-dimensions=\"1250x838\" data-image-focal-point=\"0.5,0.5\" data-load=\"false\" data-image-id=\"5cb93628104c7b4c581aecbd\" data-type=\"image\" data-image-resolution=\"500w\" \/><\/div><\/div><\/figure><\/div><\/div><\/div><div id=\"block-yui_3_17_2_1_1555641580725_16582\" class=\"sqs-block html-block sqs-block-html\" data-block-type=\"2\"><div class=\"sqs-block-content\"><p class=\"\">Schon lange vor der Zeit von Ansel Adams haben Naturfotografen unsere sch\u00f6ne Welt erforscht und ihre Wunder mit dem Rest der menschlichen Bev\u00f6lkerung geteilt. Von Anfang an nutzten Fotografen wie Carleton Watkins, William Henry Jackson und Philip Hyde ihre Fotografie, um auf die Notwendigkeit aufmerksam zu machen, unsere nat\u00fcrliche Welt zu bewahren. Ihre Fotos waren ma\u00dfgeblich an der Entstehung vieler Nationalparks Amerikas beteiligt. Aber in den fr\u00fchen 2000er Jahren \u00e4nderten sich die Dinge dramatisch. Ihre Bilder waren nicht l\u00e4nger B\u00fcchern und Zeitschriften vorbehalten, sondern erschienen nun auf Computern und Mobilger\u00e4ten auf der ganzen Welt. Der Aufstieg von Instagram mit seinem Algorithmus, der das Teilen von Standortinformationen f\u00f6rderte, gab den Ausschlag und die Naturfotografie wurde bald von einem Mittel zur F\u00f6rderung des Schutzes unserer nat\u00fcrlichen Welt zu einer Einladung an alle, diese Orte zu erreichen und zu ber\u00fchren. Naturgebiete auf der ganzen Welt haben ein explosionsartiges Besucherwachstum erlebt. Der Rocky-Mountain-Nationalpark hat beispielsweise seit 2012 ein Wachstum von \u00fcber 401 TP3T verzeichnet und damit die Kapazit\u00e4tsgrenze \u00fcberschritten. \u00c4hnlich verh\u00e4lt es sich mit dem Arches-Nationalpark, dem Zion-Nationalpark, dem Land Island, den Nationalparks in Norwegen und Neuseeland usw. Ohne die Infrastruktur zur Unterst\u00fctzung und zum Schutz dieser Orte wird unsere Natur zu Tode geliebt.<\/p><p class=\"\">Gleichzeitig gehen Fotografen immer gr\u00f6\u00dfere Risiken ein, um ein Foto zu bekommen, das sonst niemand hat. Wenn Fotografen an neue Orte vordringen und sie mit der Welt teilen, folgt die Welt in ihre Fu\u00dfstapfen. F\u00fcr viele Fotografen geht es heute darum, mit einem dramatischen Foto davonzukommen, ohne die Flora, Fauna, Geologie, Geschichte und empfindliche Natur dieser Orte zu sch\u00e4tzen. In diesen F\u00e4llen werden die Orte selbst nicht geliebt, sondern nur f\u00fcr das genutzt, was sie bieten k\u00f6nnen \u2013 mehr Fans und Anh\u00e4nger.<\/p><p class=\"\">Naturfotografen sprechen in besorgtem Ton \u00fcber das, was sie sehen, und viele stehen jetzt auf und erkennen ihren eigenen sehr bedeutenden Beitrag zu diesen Themen an.<\/p><p class=\"\">Daraufhin haben Naturfotografen eine weltweite Initiative mit dem Namen \u201eNature First: The Alliance for Responsible Nature Photography\u201c ins Leben gerufen. Die Allianz basiert auf einer Reihe von Best Practices f\u00fcr Naturfotografen, die sich auf die Idee konzentrieren, das Wohlergehen der Natur \u00fcber die eigene Fotografie zu stellen. Dreh- und Angelpunkt dieser neuen Initiative ist die Nature First-Website:\u00a0<a href=\"http:\/\/naturefirst.org\/de\/\">https:\/\/naturefirst.org<\/a>.<\/p><p class=\"\">Diese Best Practices bestehen aus sieben Prinzipien, \u00e4hnlich wie\u00a0<em>Die Leave no Trace Prizipien<\/em>\u00a0Prinzipien und sind f\u00fcr alle konzipiert, die Outdoor-Fotografie machen, egal ob es sich um professionelle Fotografen oder Hobbyfotografen handelt. Die Prinzipien sind relativ einfach, aber wenn Sie tiefer graben, werden Sie feststellen, dass sie viel Tiefe enthalten.<\/p><\/div><\/div><div id=\"block-yui_3_17_2_1_1555641580725_17786\" class=\"sqs-block image-block sqs-block-image sqs-col-6 span-6 float float-right sqs-text-ready\" data-block-type=\"5\"><div id=\"yui_3_17_2_1_1661209432494_191\" class=\"sqs-block-content\"><div id=\"yui_3_17_2_1_1661209432494_190\" class=\"image-block-outer-wrapper layout-caption-hidden design-layout-inline combination-animation-none individual-animation-none individual-text-animation-none\" data-test=\"image-block-inline-outer-wrapper\"><figure id=\"yui_3_17_2_1_1661209432494_189\" class=\"sqs-block-image-figure intrinsic\"><div id=\"yui_3_17_2_1_1661209432494_188\" class=\"image-block-wrapper\" data-animation-role=\"image\"><div id=\"yui_3_17_2_1_1661209432494_187\" class=\"sqs-image-shape-container-element has-aspect-ratio\"><img decoding=\"async\" class=\"thumb-image loaded alignright\" src=\"https:\/\/images.squarespace-cdn.com\/content\/v1\/5c69df27ca525b3b56a5cce6\/1555641977746-9JFDY86MTZBPC00CBVV2\/Stay+Off+Photo+.jpg?format=500w\" alt=\"Stay Off Photo .jpg\" data-src=\"https:\/\/images.squarespace-cdn.com\/content\/v1\/5c69df27ca525b3b56a5cce6\/1555641977746-9JFDY86MTZBPC00CBVV2\/Stay+Off+Photo+.jpg\" data-image=\"https:\/\/images.squarespace-cdn.com\/content\/v1\/5c69df27ca525b3b56a5cce6\/1555641977746-9JFDY86MTZBPC00CBVV2\/Stay+Off+Photo+.jpg\" data-image-dimensions=\"1175x783\" data-image-focal-point=\"0.5,0.5\" data-load=\"false\" data-image-id=\"5cb93679e79c70af9353787d\" data-type=\"image\" data-image-resolution=\"500w\" \/><\/div><\/div><\/figure><\/div><\/div><\/div><div id=\"block-yui_3_17_2_1_1555641580725_21120\" class=\"sqs-block html-block sqs-block-html\" data-block-type=\"2\"><div class=\"sqs-block-content\"><ol><li>Das Wohl der Natur ist wichtiger als die Fotografie.<\/li><li>Informiere dich \u00fcber die Orte an denen du fotografierst.<\/li><li>Denke \u00fcber die Auswirkungen deiner Handllungen nach.<\/li><li>Sei diskret und teile die geografischen Daten deiner Fotos nicht leichtfertig mit anderen.<\/li><li>Informiere dich \u00fcber alle Vorschriften und Regeln und halte sie ein.<\/li><li>Folge den \u201cLeave No Trace\u201d Prinzipien,  hinterlasse keine Spuren und  verlasse Orte in besserem Zustand als du sie vorgefunden hast.<\/li><li>Kl\u00e4re andere auf und verbreite diese Prinzipien aktiv weiter.<\/li><\/ol><p class=\"\"><em>Nature First<\/em>\u00a0zielt darauf ab, alle, die Fotos in der Natur machen, zu ermutigen, sich dieser Initiative anzuschlie\u00dfen und sich damit einverstanden zu erkl\u00e4ren, sich an diese Prinzipien zu halten. Wir hoffen, dass wir auf diese Weise der Zerst\u00f6rung unserer Naturlandschaften entgegenwirken k\u00f6nnen. Wir k\u00f6nnen die Uhr nicht zur\u00fcckdrehen und das, was besch\u00e4digt wurde, in seinen urspr\u00fcnglichen Zustand zur\u00fcckversetzen.  Die Hoffnung von Nature First ist jedoch, dass wir bewahren k\u00f6nnen was noch intakt ist, indem wir einen vorsichtigeren und durchdachteren Ansatz verfolgen. Wir glauben, dass es m\u00f6glich ist, die Natur zu feiern und zu fotografieren, ohne sie zu zerst\u00f6ren.<\/p><\/div><\/div>\t\t\t\t\t\t\t\t<\/div>\n\t\t\t\t<\/div>\n\t\t\t\t<div class=\"elementor-element elementor-element-e8a131e elementor-widget elementor-widget-image\" data-id=\"e8a131e\" data-element_type=\"widget\" data-e-type=\"widget\" data-widget_type=\"image.default\">\n\t\t\t\t<div class=\"elementor-widget-container\">\n\t\t\t\t\t\t\t\t\t\t\t\t\t\t\t<img fetchpriority=\"high\" decoding=\"async\" width=\"1024\" height=\"684\" src=\"https:\/\/naturefirst.org\/wp-content\/uploads\/Rocky-Mountain-National-Park-Erik-Stensland--1024x684.jpg\" class=\"attachment-large size-large wp-image-787\" alt=\"Rocky Mountain National Park\" srcset=\"https:\/\/naturefirst.org\/wp-content\/uploads\/Rocky-Mountain-National-Park-Erik-Stensland--1024x684.jpg.webp 1024w, https:\/\/naturefirst.org\/wp-content\/uploads\/Rocky-Mountain-National-Park-Erik-Stensland--500x334.jpg.webp 500w, https:\/\/naturefirst.org\/wp-content\/uploads\/Rocky-Mountain-National-Park-Erik-Stensland--768x513.jpg.webp 768w, https:\/\/naturefirst.org\/wp-content\/uploads\/Rocky-Mountain-National-Park-Erik-Stensland--1536x1025.jpg.webp 1536w, https:\/\/naturefirst.org\/wp-content\/uploads\/Rocky-Mountain-National-Park-Erik-Stensland--2048x1367.jpg.webp 2048w, https:\/\/naturefirst.org\/wp-content\/uploads\/Rocky-Mountain-National-Park-Erik-Stensland--18x12.jpg.webp 18w\" sizes=\"(max-width: 1024px) 100vw, 1024px\" \/>\t\t\t\t\t\t\t\t\t\t\t\t\t\t\t<\/div>\n\t\t\t\t<\/div>\n\t\t\t\t<div class=\"elementor-element elementor-element-b8d9720 elementor-widget elementor-widget-heading\" data-id=\"b8d9720\" data-element_type=\"widget\" data-e-type=\"widget\" data-widget_type=\"heading.default\">\n\t\t\t\t<div class=\"elementor-widget-container\">\n\t\t\t\t\t<h2 class=\"elementor-heading-title elementor-size-default\">\u00dcber Nature First<\/h2>\t\t\t\t<\/div>\n\t\t\t\t<\/div>\n\t\t\t\t<div class=\"elementor-element elementor-element-e741c2b elementor-widget elementor-widget-text-editor\" data-id=\"e741c2b\" data-element_type=\"widget\" data-e-type=\"widget\" data-widget_type=\"text-editor.default\">\n\t\t\t\t<div class=\"elementor-widget-container\">\n\t\t\t\t\t\t\t\t\t<p><strong><em>Nature First<\/em><\/strong>\u00a0ist ein Zusammenschluss von Fotografen, die sich f\u00fcr verantwortungsvolle Naturfotografie einsetzen. Um ein Interview zu vereinbaren, kontaktieren Sie uns \u00fcber den unten stehenden Link.<\/p>\t\t\t\t\t\t\t\t<\/div>\n\t\t\t\t<\/div>\n\t\t\t\t<div class=\"elementor-element elementor-element-70f49ac elementor-align-center elementor-widget elementor-widget-button\" data-id=\"70f49ac\" data-element_type=\"widget\" data-e-type=\"widget\" data-widget_type=\"button.default\">\n\t\t\t\t<div class=\"elementor-widget-container\">\n\t\t\t\t\t\t\t\t\t<div class=\"elementor-button-wrapper\">\n\t\t\t\t\t<a class=\"elementor-button elementor-button-link elementor-size-sm\" href=\"https:\/\/naturefirst.org\/de\/contact\/\">\n\t\t\t\t\t\t<span class=\"elementor-button-content-wrapper\">\n\t\t\t\t\t\t\t\t\t<span class=\"elementor-button-text\">Kontaktiere uns<\/span>\n\t\t\t\t\t<\/span>\n\t\t\t\t\t<\/a>\n\t\t\t\t<\/div>\n\t\t\t\t\t\t\t\t<\/div>\n\t\t\t\t<\/div>\n\t\t\t\t<div class=\"elementor-element elementor-element-2790c1a elementor-widget elementor-widget-text-editor\" data-id=\"2790c1a\" data-element_type=\"widget\" data-e-type=\"widget\" data-widget_type=\"text-editor.default\">\n\t\t\t\t<div class=\"elementor-widget-container\">\n\t\t\t\t\t\t\t\t\t<p><a href=\"https:\/\/naturefirst.org\/de\/principles\/\">Lerne mehr \u00fcber unsere Prinzipien<\/a><\/p>\t\t\t\t\t\t\t\t<\/div>\n\t\t\t\t<\/div>\n\t\t\t\t<div class=\"elementor-element elementor-element-c14c371 elementor-widget elementor-widget-image\" data-id=\"c14c371\" data-element_type=\"widget\" data-e-type=\"widget\" data-widget_type=\"image.default\">\n\t\t\t\t<div class=\"elementor-widget-container\">\n\t\t\t\t\t\t\t\t\t\t\t\t\t\t\t<img decoding=\"async\" width=\"500\" height=\"444\" src=\"https:\/\/naturefirst.org\/wp-content\/uploads\/Asset-11-4x-500x444.png\" class=\"attachment-medium size-medium wp-image-4336\" alt=\"\" srcset=\"https:\/\/naturefirst.org\/wp-content\/uploads\/Asset-11-4x-500x444.png.webp 500w, https:\/\/naturefirst.org\/wp-content\/uploads\/Asset-11-4x-14x12.png.webp 14w, https:\/\/naturefirst.org\/wp-content\/uploads\/Asset-11-4x.png.webp 726w\" sizes=\"(max-width: 500px) 100vw, 500px\" \/>\t\t\t\t\t\t\t\t\t\t\t\t\t\t\t<\/div>\n\t\t\t\t<\/div>\n\t\t\t\t<div class=\"elementor-element elementor-element-c2cc08e elementor-widget elementor-widget-spacer\" data-id=\"c2cc08e\" data-element_type=\"widget\" data-e-type=\"widget\" data-widget_type=\"spacer.default\">\n\t\t\t\t<div class=\"elementor-widget-container\">\n\t\t\t\t\t\t\t<div class=\"elementor-spacer\">\n\t\t\t<div class=\"elementor-spacer-inner\"><\/div>\n\t\t<\/div>\n\t\t\t\t\t\t<\/div>\n\t\t\t\t<\/div>\n\t\t\t\t<div class=\"elementor-element elementor-element-1f7d974 elementor-widget elementor-widget-image\" data-id=\"1f7d974\" data-element_type=\"widget\" data-e-type=\"widget\" data-widget_type=\"image.default\">\n\t\t\t\t<div class=\"elementor-widget-container\">\n\t\t\t\t\t\t\t\t\t\t\t\t\t\t\t<img decoding=\"async\" width=\"500\" height=\"171\" src=\"https:\/\/naturefirst.org\/wp-content\/uploads\/Asset-12-4x-500x171.png\" class=\"attachment-medium size-medium wp-image-4341\" alt=\"\" srcset=\"https:\/\/naturefirst.org\/wp-content\/uploads\/Asset-12-4x-500x171.png.webp 500w, https:\/\/naturefirst.org\/wp-content\/uploads\/Asset-12-4x-1024x349.png.webp 1024w, https:\/\/naturefirst.org\/wp-content\/uploads\/Asset-12-4x-768x262.png.webp 768w, https:\/\/naturefirst.org\/wp-content\/uploads\/Asset-12-4x-18x6.png.webp 18w, https:\/\/naturefirst.org\/wp-content\/uploads\/Asset-12-4x-110x38.png.webp 110w, https:\/\/naturefirst.org\/wp-content\/uploads\/Asset-12-4x-110x38-110x38.png.webp 250w, https:\/\/naturefirst.org\/wp-content\/uploads\/Asset-12-4x-1152x393.png.webp 1416w, https:\/\/naturefirst.org\/wp-content\/uploads\/Asset-12-4x-1152x393-1152x393.png.webp 1216w, https:\/\/naturefirst.org\/wp-content\/uploads\/Asset-12-4x-1152x393-1152x393-1152x393.png.webp 1260w, https:\/\/naturefirst.org\/wp-content\/uploads\/Asset-12-4x.png.webp 1152w\" sizes=\"(max-width: 500px) 100vw, 500px\" \/>\t\t\t\t\t\t\t\t\t\t\t\t\t\t\t<\/div>\n\t\t\t\t<\/div>\n\t\t\t\t<div class=\"elementor-element elementor-element-1b8f035a elementor-widget-divider--view-line elementor-widget elementor-widget-divider\" data-id=\"1b8f035a\" data-element_type=\"widget\" data-e-type=\"widget\" data-widget_type=\"divider.default\">\n\t\t\t\t<div class=\"elementor-widget-container\">\n\t\t\t\t\t\t\t<div class=\"elementor-divider\">\n\t\t\t<span class=\"elementor-divider-separator\">\n\t\t\t\t\t\t<\/span>\n\t\t<\/div>\n\t\t\t\t\t\t<\/div>\n\t\t\t\t<\/div>\n\t\t\t\t\t<\/div>\n\t\t<\/div>\n\t\t\t\t\t<\/div>\n\t\t<\/section>\n\t\t\t\t<\/div>","protected":false},"excerpt":{"rendered":"<p>For the Press Press Release Images on this page are available for press usage\u2026 APRIL 22, 2019 For Immediate Release The Harm Stops Here: Nature Photographers Unite to Preserve Remaining Wilderness Our most beautiful locations across this planet are being damaged and nature photographers from across the globe, realizing their own complicity, are uniting to [&hellip;]<\/p>\n","protected":false},"author":2,"featured_media":0,"parent":0,"menu_order":0,"comment_status":"closed","ping_status":"closed","template":"","meta":{"_mo_disable_npp":"","site-sidebar-layout":"no-sidebar","site-content-layout":"page-builder","ast-site-content-layout":"default","site-content-style":"default","site-sidebar-style":"default","ast-global-header-display":"","ast-banner-title-visibility":"","ast-main-header-display":"","ast-hfb-above-header-display":"","ast-hfb-below-header-display":"","ast-hfb-mobile-header-display":"","site-post-title":"disabled","ast-breadcrumbs-content":"","ast-featured-img":"disabled","footer-sml-layout":"","ast-disable-related-posts":"","theme-transparent-header-meta":"","adv-header-id-meta":"","stick-header-meta":"","header-above-stick-meta":"","header-main-stick-meta":"","header-below-stick-meta":"","astra-migrate-meta-layouts":"default","ast-page-background-enabled":"default","ast-page-background-meta":{"desktop":{"background-color":"","background-image":"","background-repeat":"repeat","background-position":"center center","background-size":"auto","background-attachment":"scroll","background-type":"","background-media":"","overlay-type":"","overlay-color":"","overlay-opacity":"","overlay-gradient":""},"tablet":{"background-color":"","background-image":"","background-repeat":"repeat","background-position":"center center","background-size":"auto","background-attachment":"scroll","background-type":"","background-media":"","overlay-type":"","overlay-color":"","overlay-opacity":"","overlay-gradient":""},"mobile":{"background-color":"","background-image":"","background-repeat":"repeat","background-position":"center center","background-size":"auto","background-attachment":"scroll","background-type":"","background-media":"","overlay-type":"","overlay-color":"","overlay-opacity":"","overlay-gradient":""}},"ast-content-background-meta":{"desktop":{"background-color":"var(--ast-global-color-5)","background-image":"","background-repeat":"repeat","background-position":"center center","background-size":"auto","background-attachment":"scroll","background-type":"","background-media":"","overlay-type":"","overlay-color":"","overlay-opacity":"","overlay-gradient":""},"tablet":{"background-color":"var(--ast-global-color-5)","background-image":"","background-repeat":"repeat","background-position":"center center","background-size":"auto","background-attachment":"scroll","background-type":"","background-media":"","overlay-type":"","overlay-color":"","overlay-opacity":"","overlay-gradient":""},"mobile":{"background-color":"var(--ast-global-color-5)","background-image":"","background-repeat":"repeat","background-position":"center center","background-size":"auto","background-attachment":"scroll","background-type":"","background-media":"","overlay-type":"","overlay-color":"","overlay-opacity":"","overlay-gradient":""}},"footnotes":""},"class_list":["post-783","page","type-page","status-publish","hentry"],"aioseo_notices":[],"_links":{"self":[{"href":"https:\/\/naturefirst.org\/de\/wp-json\/wp\/v2\/pages\/783","targetHints":{"allow":["GET"]}}],"collection":[{"href":"https:\/\/naturefirst.org\/de\/wp-json\/wp\/v2\/pages"}],"about":[{"href":"https:\/\/naturefirst.org\/de\/wp-json\/wp\/v2\/types\/page"}],"author":[{"embeddable":true,"href":"https:\/\/naturefirst.org\/de\/wp-json\/wp\/v2\/users\/2"}],"replies":[{"embeddable":true,"href":"https:\/\/naturefirst.org\/de\/wp-json\/wp\/v2\/comments?post=783"}],"version-history":[{"count":18,"href":"https:\/\/naturefirst.org\/de\/wp-json\/wp\/v2\/pages\/783\/revisions"}],"predecessor-version":[{"id":4989,"href":"https:\/\/naturefirst.org\/de\/wp-json\/wp\/v2\/pages\/783\/revisions\/4989"}],"wp:attachment":[{"href":"https:\/\/naturefirst.org\/de\/wp-json\/wp\/v2\/media?parent=783"}],"curies":[{"name":"wp","href":"https:\/\/api.w.org\/{rel}","templated":true}]}}