{"id":3682,"date":"2023-01-20T09:05:41","date_gmt":"2023-01-20T16:05:41","guid":{"rendered":"https:\/\/naturefirst.org\/?page_id=3682"},"modified":"2023-01-20T10:05:24","modified_gmt":"2023-01-20T17:05:24","slug":"mobile-phone-photography","status":"publish","type":"page","link":"https:\/\/naturefirst.org\/es\/mobile-phone-photography\/","title":{"rendered":"Fotograf\u00eda de tel\u00e9fono m\u00f3vil"},"content":{"rendered":"<div data-elementor-type=\"wp-page\" data-elementor-id=\"3682\" class=\"elementor elementor-3682\" data-elementor-post-type=\"page\">\n\t\t\t\t\t\t<section class=\"elementor-section elementor-top-section elementor-element elementor-element-36294f2c elementor-section-height-min-height elementor-section-boxed elementor-section-height-default elementor-section-items-middle\" data-id=\"36294f2c\" data-element_type=\"section\" data-e-type=\"section\" data-settings=\"{&quot;background_background&quot;:&quot;classic&quot;}\">\n\t\t\t\t\t\t\t<div class=\"elementor-background-overlay\"><\/div>\n\t\t\t\t\t\t\t<div class=\"elementor-container elementor-column-gap-no\">\n\t\t\t\t\t<div class=\"elementor-column elementor-col-100 elementor-top-column elementor-element elementor-element-44f79ed1\" data-id=\"44f79ed1\" data-element_type=\"column\" data-e-type=\"column\">\n\t\t\t<div class=\"elementor-widget-wrap elementor-element-populated\">\n\t\t\t\t\t\t<div class=\"elementor-element elementor-element-2780ca03 elementor-widget elementor-widget-image-box\" data-id=\"2780ca03\" data-element_type=\"widget\" data-e-type=\"widget\" data-widget_type=\"image-box.default\">\n\t\t\t\t<div class=\"elementor-widget-container\">\n\t\t\t\t\t<div class=\"elementor-image-box-wrapper\"><div class=\"elementor-image-box-content\"><h1 class=\"elementor-image-box-title\">Fotograf\u00eda de tel\u00e9fono m\u00f3vil<\/h1><\/div><\/div>\t\t\t\t<\/div>\n\t\t\t\t<\/div>\n\t\t\t\t<div class=\"elementor-element elementor-element-2a74864e elementor-widget elementor-widget-text-editor\" data-id=\"2a74864e\" data-element_type=\"widget\" data-e-type=\"widget\" data-widget_type=\"text-editor.default\">\n\t\t\t\t<div class=\"elementor-widget-container\">\n\t\t\t\t\t\t\t\t\t<p>y los principios Nature First<\/p>\t\t\t\t\t\t\t\t<\/div>\n\t\t\t\t<\/div>\n\t\t\t\t\t<\/div>\n\t\t<\/div>\n\t\t\t\t\t<\/div>\n\t\t<\/section>\n\t\t\t\t<section class=\"elementor-section elementor-top-section elementor-element elementor-element-1a6e9ee5 elementor-section-boxed elementor-section-height-default elementor-section-height-default\" data-id=\"1a6e9ee5\" data-element_type=\"section\" data-e-type=\"section\">\n\t\t\t\t\t\t<div class=\"elementor-container elementor-column-gap-default\">\n\t\t\t\t\t<div class=\"elementor-column elementor-col-100 elementor-top-column elementor-element elementor-element-1d945240\" data-id=\"1d945240\" data-element_type=\"column\" data-e-type=\"column\">\n\t\t\t<div class=\"elementor-widget-wrap elementor-element-populated\">\n\t\t\t\t\t\t<div class=\"elementor-element elementor-element-3481c425 elementor-widget elementor-widget-heading\" data-id=\"3481c425\" data-element_type=\"widget\" data-e-type=\"widget\" data-widget_type=\"heading.default\">\n\t\t\t\t<div class=\"elementor-widget-container\">\n\t\t\t\t\t<h2 class=\"elementor-heading-title elementor-size-default\">Nature First es <b>NO<\/b> solo para fot\u00f3grafos profesionales...<\/h2>\t\t\t\t<\/div>\n\t\t\t\t<\/div>\n\t\t\t\t<div class=\"elementor-element elementor-element-7e8052e5 elementor-widget-divider--view-line elementor-widget elementor-widget-divider\" data-id=\"7e8052e5\" data-element_type=\"widget\" data-e-type=\"widget\" data-widget_type=\"divider.default\">\n\t\t\t\t<div class=\"elementor-widget-container\">\n\t\t\t\t\t\t\t<div class=\"elementor-divider\">\n\t\t\t<span class=\"elementor-divider-separator\">\n\t\t\t\t\t\t<\/span>\n\t\t<\/div>\n\t\t\t\t\t\t<\/div>\n\t\t\t\t<\/div>\n\t\t\t\t\t<\/div>\n\t\t<\/div>\n\t\t\t\t\t<\/div>\n\t\t<\/section>\n\t\t\t\t<section class=\"elementor-section elementor-top-section elementor-element elementor-element-b7cca7e elementor-section-boxed elementor-section-height-default elementor-section-height-default\" data-id=\"b7cca7e\" data-element_type=\"section\" data-e-type=\"section\">\n\t\t\t\t\t\t<div class=\"elementor-container elementor-column-gap-default\">\n\t\t\t\t\t<div class=\"elementor-column elementor-col-100 elementor-top-column elementor-element elementor-element-a79fcd0\" data-id=\"a79fcd0\" data-element_type=\"column\" data-e-type=\"column\">\n\t\t\t<div class=\"elementor-widget-wrap elementor-element-populated\">\n\t\t\t\t\t\t<div class=\"elementor-element elementor-element-3944e18 elementor-widget elementor-widget-text-editor\" data-id=\"3944e18\" data-element_type=\"widget\" data-e-type=\"widget\" data-widget_type=\"text-editor.default\">\n\t\t\t\t<div class=\"elementor-widget-container\">\n\t\t\t\t\t\t\t\t\t<p>Hoy en d\u00eda, es habitual ver a personas con sus tel\u00e9fonos m\u00f3viles junto a fot\u00f3grafos profesionales\/aficionados admirando una hermosa escena. Las c\u00e1maras de alta calidad integradas en los tel\u00e9fonos inteligentes modernos permiten que todos disfruten de la fotograf\u00eda de la naturaleza.\u00a0<\/p><p>Esta nueva capacidad invita a todos a registrar y disfrutar los lugares que visitan y documentar la belleza que los rodea. Desafortunadamente, combinar esta conveniencia con la gratificaci\u00f3n instant\u00e1nea de subir fotos a las redes sociales contribuye a los problemas de mayor impacto en nuestras \u00e1reas naturales. Si bien es maravilloso ver a m\u00e1s y m\u00e1s personas disfrutando del aire libre, un<span style=\"font-size: 1rem; font-style: inherit; font-weight: inherit;\">Cualquiera que use un tel\u00e9fono inteligente puede aprender a ser m\u00e1s responsable por naturaleza y aplicar los Principios Nature First.<\/span><\/p>\t\t\t\t\t\t\t\t<\/div>\n\t\t\t\t<\/div>\n\t\t\t\t<div class=\"elementor-element elementor-element-cc0a061 elementor-widget elementor-widget-image\" data-id=\"cc0a061\" data-element_type=\"widget\" data-e-type=\"widget\" data-widget_type=\"image.default\">\n\t\t\t\t<div class=\"elementor-widget-container\">\n\t\t\t\t\t\t\t\t\t\t\t\t\t\t\t<img fetchpriority=\"high\" decoding=\"async\" width=\"1024\" height=\"683\" src=\"https:\/\/naturefirst.org\/wp-content\/uploads\/190426_UtahMesaArch_HDR_WEB-1024x683.jpg\" class=\"attachment-large size-large wp-image-1535\" alt=\"\" srcset=\"https:\/\/naturefirst.org\/wp-content\/uploads\/190426_UtahMesaArch_HDR_WEB-1024x683.jpg 1024w, https:\/\/naturefirst.org\/wp-content\/uploads\/190426_UtahMesaArch_HDR_WEB-500x333.jpg 500w, https:\/\/naturefirst.org\/wp-content\/uploads\/190426_UtahMesaArch_HDR_WEB-768x512.jpg 768w, https:\/\/naturefirst.org\/wp-content\/uploads\/190426_UtahMesaArch_HDR_WEB-1536x1024.jpg 1536w, https:\/\/naturefirst.org\/wp-content\/uploads\/190426_UtahMesaArch_HDR_WEB-2048x1366.jpg 2048w, https:\/\/naturefirst.org\/wp-content\/uploads\/190426_UtahMesaArch_HDR_WEB-18x12.jpg 18w\" sizes=\"(max-width: 1024px) 100vw, 1024px\" \/>\t\t\t\t\t\t\t\t\t\t\t\t\t\t\t<\/div>\n\t\t\t\t<\/div>\n\t\t\t\t<div class=\"elementor-element elementor-element-7f953fc elementor-widget elementor-widget-text-editor\" data-id=\"7f953fc\" data-element_type=\"widget\" data-e-type=\"widget\" data-widget_type=\"text-editor.default\">\n\t\t\t\t<div class=\"elementor-widget-container\">\n\t\t\t\t\t\t\t\t\t<p class=\"\"><span style=\"color: #000000;\"><strong>Entonces, \u00bfc\u00f3mo se aplican los Principios Nature First a los fot\u00f3grafos de tel\u00e9fonos inteligentes?\u00a0<\/strong><\/span><\/p><h4>PRIORIZAR EL BIENESTAR DE LA NATURALEZA SOBRE LA FOTOGRAF\u00cdA.<\/h4><p class=\"\">Dado que los tel\u00e9fonos inteligentes no tienen la capacidad de zoom que tienen algunos lentes profesionales, la mayor\u00eda de los usuarios tendr\u00e1n que caminar para acercarse a sus sujetos. Actos como este pueden llevar a pisotear \u00e1reas delicadas, como la tundra o los musgos, para verlas m\u00e1s de cerca. Esto tambi\u00e9n incluye a los animales, ya que es muy importante mantener una distancia segura y adecuada de la vida silvestre. S\u00e9 consciente de tus distancias y s\u00e9 respetuoso con el suelo que pisas. Nunca ponga su necesidad de una foto por encima de la prioridad para proteger la vida silvestre y las \u00e1reas sensibles.\u00a0<\/p><h4>INFORMATE SOBRE LOS LUGARES QUE FOTOGRAFIAS.<\/h4><p class=\"\">Ser un usuario de un tel\u00e9fono inteligente no lo coloca en una situaci\u00f3n diferente a la de un fot\u00f3grafo profesional. Siempre debe leer las se\u00f1ales y educarse sobre las \u00e1reas que est\u00e1 visitando. Esto no solo lo mantiene seguro, sino que tambi\u00e9n lo hace consciente de los lugares por los que debe o no caminar. Por ejemplo, caminar para tomar una foto en las dunas de arena no causar\u00e1 da\u00f1o, pero caminar sobre el suelo biol\u00f3gico para tomar una foto causar\u00e1 un da\u00f1o severo a las \u00e1reas que han tardado miles de a\u00f1os en crecer. Ser educado te ayudar\u00e1 a ser m\u00e1s responsable en las \u00e1reas que visites.\u00a0<\/p><h4>REFLEXIONA SOBRE EL POSIBLE IMPACTO DE TUS ACCIONES.<\/h4><p class=\"\">Una cosa simple como caminar en un prado de flores silvestres para capturar la escena parece bastante inocente. Pero, si una persona te ve haci\u00e9ndolo, te seguir\u00e1, y m\u00e1s personas te seguir\u00e1n, y as\u00ed sucesivamente. Entonces, antes de tomar esa foto de flores silvestres, reflexione sobre su impacto. \u00bfYa hay un sendero que te llevar\u00e1 a las flores en lugar de hacer el tuyo propio? En lugar de acostarse en las flores para una foto, \u00bfhay alg\u00fan lugar donde estar de pie no afecte las flores a su alrededor? Tomarse el tiempo para pensar antes de presionar el bot\u00f3n lo convierte en un fot\u00f3grafo de tel\u00e9fonos inteligentes m\u00e1s responsable, y otros a su alrededor podr\u00edan seguir su ejemplo.<\/p>\t\t\t\t\t\t\t\t<\/div>\n\t\t\t\t<\/div>\n\t\t\t\t<div class=\"elementor-element elementor-element-cfdfb0a elementor-widget elementor-widget-image\" data-id=\"cfdfb0a\" data-element_type=\"widget\" data-e-type=\"widget\" data-widget_type=\"image.default\">\n\t\t\t\t<div class=\"elementor-widget-container\">\n\t\t\t\t\t\t\t\t\t\t\t\t\t\t\t<img decoding=\"async\" width=\"1024\" height=\"341\" src=\"https:\/\/naturefirst.org\/wp-content\/uploads\/190525_TetonsBarn_Pano_WEB-1024x341.jpg\" class=\"attachment-large size-large wp-image-1536\" alt=\"\" srcset=\"https:\/\/naturefirst.org\/wp-content\/uploads\/190525_TetonsBarn_Pano_WEB-1024x341.jpg 1024w, https:\/\/naturefirst.org\/wp-content\/uploads\/190525_TetonsBarn_Pano_WEB-500x167.jpg 500w, https:\/\/naturefirst.org\/wp-content\/uploads\/190525_TetonsBarn_Pano_WEB-768x256.jpg 768w, https:\/\/naturefirst.org\/wp-content\/uploads\/190525_TetonsBarn_Pano_WEB-1536x512.jpg 1536w, https:\/\/naturefirst.org\/wp-content\/uploads\/190525_TetonsBarn_Pano_WEB-2048x682.jpg 2048w, https:\/\/naturefirst.org\/wp-content\/uploads\/190525_TetonsBarn_Pano_WEB-18x6.jpg 18w\" sizes=\"(max-width: 1024px) 100vw, 1024px\" \/>\t\t\t\t\t\t\t\t\t\t\t\t\t\t\t<\/div>\n\t\t\t\t<\/div>\n\t\t\t\t<div class=\"elementor-element elementor-element-1d11165 elementor-widget elementor-widget-text-editor\" data-id=\"1d11165\" data-element_type=\"widget\" data-e-type=\"widget\" data-widget_type=\"text-editor.default\">\n\t\t\t\t<div class=\"elementor-widget-container\">\n\t\t\t\t\t\t\t\t\t<div data-block-type=\"2\">\n<div>\n<h4>USE DISCRECI\u00d3N AL COMPARTIR LUGARES.<\/h4>\n<p>\u00a1La discreci\u00f3n es especialmente esencial para el fot\u00f3grafo de tel\u00e9fonos inteligentes! Es muy f\u00e1cil compartir en las redes sociales despu\u00e9s de tomar esa hermosa foto, pero debes pensar dos veces antes de etiquetar y compartir la ubicaci\u00f3n. \u00bfCompartir la ubicaci\u00f3n podr\u00eda causar m\u00e1s da\u00f1o? \u00bfLas multitudes se inspirar\u00e1n en su imagen y acudir\u00e1n en masa a la misma experiencia? \u00bfEs esta un \u00e1rea que puede manejar mucha gente, como un camino pavimentado o un mirador? \u00bfO es un sendero angosto y de tierra que conduce a un prado apartado? El uso de la discreci\u00f3n ayuda a proteger estos lugares. Ser reflexivo no significa que seas un elitista; en cambio, muestra un juicio bueno y responsable.<\/p>\n<\/div>\n<\/div>\n<div data-block-type=\"2\">\n<div>\n<h4>CONOZCA Y SIGA LAS REGLAS Y REGULACIONES.<\/h4>\n<p>Informarse sobre los lugares que visita no solo lo mantiene a salvo, sino que tambi\u00e9n lo hace responsable. No salte cercas ni desobedezca las \u00e1reas cerradas o las se\u00f1ales. Estos no est\u00e1n all\u00ed para obstaculizar su experiencia, sino para ayudar a restaurar \u00e1reas naturales y mantener a la vida silvestre y a usted mismo a salvo. Al igual que el principio tres, predicar con el ejemplo muestra a los que te rodean c\u00f3mo actuar y usar tu tel\u00e9fono inteligente de manera adecuada.<\/p>\n<h4>UTILICE SIEMPRE LOS PRINCIPIOS DE NO DEJAR RASTRO Y ESFUERZO POR DEJAR LOS LUGARES MEJOR DE LO QUE LOS ENCONTR\u00d3.<\/h4>\n<p>Todos podemos practicar sin dejar rastro. No importa si est\u00e1s usando un tel\u00e9fono inteligente o una c\u00e1mara profesional. No dejes huellas donde no deber\u00edan estar, empaca lo que traes y deja los lugares mejor recogiendo la basura a tu alrededor, incluso si no es tuya.<\/p>\n<h4>PROMOVER Y EDUCAR ACTIVAMENTE A OTROS SOBRE ESTOS PRINCIPIOS.<\/h4>\n<p>Como usuario de la c\u00e1mara de un tel\u00e9fono inteligente, puede inspirar a otros a su alrededor. Si los dem\u00e1s ven que act\u00faa de manera responsable, es probable que sigan su ejemplo. Las c\u00e1maras de los tel\u00e9fonos inteligentes constituyen la mayor\u00eda de la multitud en nuestros Parques Nacionales. Si puede inspirar y educar a alguien junto a usted, y ellos le transmiten eso a otra persona, \u00a1podr\u00eda ser responsable de educar a m\u00e1s personas de las que cree!<\/p><p><br><\/p>\n<p><em>Basado en el art\u00edculo <a href=\"https:\/\/naturefirst.org\/es\/news-items\/2020\/04\/28\/nature-first-principles-smartphone-photographers\/\">\u201c\u00bfUsar su tel\u00e9fono inteligente para capturar la belleza de la naturaleza? \u00a1Este movimiento tambi\u00e9n es para ti!<\/a><\/em><em style=\"font-weight: inherit;\">&quot; por&nbsp;<\/em><a style=\"font-size: 1rem; font-style: inherit; font-weight: inherit; background-color: #ffffff;\" href=\"https:\/\/www.jenniferrenwick.com\/\" target=\"_blank\" rel=\"noopener\"><em>jennifer renwick<\/em><\/a><em style=\"font-size: 1rem; font-weight: inherit;\">.&nbsp;<\/em><\/p>\n<p><em style=\"font-weight: inherit;\">Fotograf\u00edas de <\/em><a style=\"font-style: inherit; font-weight: inherit; background-color: #ffffff;\" href=\"https:\/\/www.larsgesingfineart.com\/\" target=\"_blank\" rel=\"noopener\"><em>lars gesing<\/em><\/a><em style=\"font-weight: inherit;\">.<\/em><\/p>\n<\/div>\n<\/div>\t\t\t\t\t\t\t\t<\/div>\n\t\t\t\t<\/div>\n\t\t\t\t<div class=\"elementor-element elementor-element-df7dd0f elementor-widget-divider--view-line elementor-widget elementor-widget-divider\" data-id=\"df7dd0f\" data-element_type=\"widget\" data-e-type=\"widget\" data-widget_type=\"divider.default\">\n\t\t\t\t<div class=\"elementor-widget-container\">\n\t\t\t\t\t\t\t<div class=\"elementor-divider\">\n\t\t\t<span class=\"elementor-divider-separator\">\n\t\t\t\t\t\t<\/span>\n\t\t<\/div>\n\t\t\t\t\t\t<\/div>\n\t\t\t\t<\/div>\n\t\t\t\t\t<\/div>\n\t\t<\/div>\n\t\t\t\t\t<\/div>\n\t\t<\/section>\n\t\t\t\t<\/div>","protected":false},"excerpt":{"rendered":"<p>Mobile Phone Photography and The Nature First Principles Nature First is NOT just for professional photographers&#8230; Today, it&#8217;s commonplace to see people with their mobile phones standing alongside professional\/hobbyist photographers admiring a beautiful scene. The high-quality cameras built into modern smartphones allow everyone to enjoy nature photography.\u00a0 This new capability entices everyone to record and [&hellip;]<\/p>\n","protected":false},"author":2,"featured_media":0,"parent":0,"menu_order":0,"comment_status":"closed","ping_status":"closed","template":"","meta":{"_mo_disable_npp":"","site-sidebar-layout":"no-sidebar","site-content-layout":"page-builder","ast-site-content-layout":"default","site-content-style":"default","site-sidebar-style":"default","ast-global-header-display":"","ast-banner-title-visibility":"","ast-main-header-display":"","ast-hfb-above-header-display":"","ast-hfb-below-header-display":"","ast-hfb-mobile-header-display":"","site-post-title":"disabled","ast-breadcrumbs-content":"","ast-featured-img":"disabled","footer-sml-layout":"","ast-disable-related-posts":"","theme-transparent-header-meta":"","adv-header-id-meta":"","stick-header-meta":"","header-above-stick-meta":"","header-main-stick-meta":"","header-below-stick-meta":"","astra-migrate-meta-layouts":"default","ast-page-background-enabled":"default","ast-page-background-meta":{"desktop":{"background-color":"","background-image":"","background-repeat":"repeat","background-position":"center center","background-size":"auto","background-attachment":"scroll","background-type":"","background-media":"","overlay-type":"","overlay-color":"","overlay-opacity":"","overlay-gradient":""},"tablet":{"background-color":"","background-image":"","background-repeat":"repeat","background-position":"center center","background-size":"auto","background-attachment":"scroll","background-type":"","background-media":"","overlay-type":"","overlay-color":"","overlay-opacity":"","overlay-gradient":""},"mobile":{"background-color":"","background-image":"","background-repeat":"repeat","background-position":"center center","background-size":"auto","background-attachment":"scroll","background-type":"","background-media":"","overlay-type":"","overlay-color":"","overlay-opacity":"","overlay-gradient":""}},"ast-content-background-meta":{"desktop":{"background-color":"var(--ast-global-color-5)","background-image":"","background-repeat":"repeat","background-position":"center center","background-size":"auto","background-attachment":"scroll","background-type":"","background-media":"","overlay-type":"","overlay-color":"","overlay-opacity":"","overlay-gradient":""},"tablet":{"background-color":"var(--ast-global-color-5)","background-image":"","background-repeat":"repeat","background-position":"center center","background-size":"auto","background-attachment":"scroll","background-type":"","background-media":"","overlay-type":"","overlay-color":"","overlay-opacity":"","overlay-gradient":""},"mobile":{"background-color":"var(--ast-global-color-5)","background-image":"","background-repeat":"repeat","background-position":"center center","background-size":"auto","background-attachment":"scroll","background-type":"","background-media":"","overlay-type":"","overlay-color":"","overlay-opacity":"","overlay-gradient":""}},"footnotes":""},"class_list":["post-3682","page","type-page","status-publish","hentry"],"aioseo_notices":[],"_links":{"self":[{"href":"https:\/\/naturefirst.org\/es\/wp-json\/wp\/v2\/pages\/3682","targetHints":{"allow":["GET"]}}],"collection":[{"href":"https:\/\/naturefirst.org\/es\/wp-json\/wp\/v2\/pages"}],"about":[{"href":"https:\/\/naturefirst.org\/es\/wp-json\/wp\/v2\/types\/page"}],"author":[{"embeddable":true,"href":"https:\/\/naturefirst.org\/es\/wp-json\/wp\/v2\/users\/2"}],"replies":[{"embeddable":true,"href":"https:\/\/naturefirst.org\/es\/wp-json\/wp\/v2\/comments?post=3682"}],"version-history":[{"count":8,"href":"https:\/\/naturefirst.org\/es\/wp-json\/wp\/v2\/pages\/3682\/revisions"}],"predecessor-version":[{"id":3694,"href":"https:\/\/naturefirst.org\/es\/wp-json\/wp\/v2\/pages\/3682\/revisions\/3694"}],"wp:attachment":[{"href":"https:\/\/naturefirst.org\/es\/wp-json\/wp\/v2\/media?parent=3682"}],"curies":[{"name":"gracias","href":"https:\/\/api.w.org\/{rel}","templated":true}]}}