{"id":3695,"date":"2023-01-20T12:46:47","date_gmt":"2023-01-20T19:46:47","guid":{"rendered":"https:\/\/naturefirst.org\/?page_id=3695"},"modified":"2023-01-20T14:59:24","modified_gmt":"2023-01-20T21:59:24","slug":"wildlife-photography","status":"publish","type":"page","link":"https:\/\/naturefirst.org\/es\/wildlife-photography\/","title":{"rendered":"Fotograf\u00eda de Vida Silvestre"},"content":{"rendered":"<div data-elementor-type=\"wp-page\" data-elementor-id=\"3695\" class=\"elementor elementor-3695\" data-elementor-post-type=\"page\">\n\t\t\t\t\t\t<section class=\"elementor-section elementor-top-section elementor-element elementor-element-25bb5097 elementor-section-height-min-height elementor-section-boxed elementor-section-height-default elementor-section-items-middle\" data-id=\"25bb5097\" data-element_type=\"section\" data-e-type=\"section\" data-settings=\"{&quot;background_background&quot;:&quot;classic&quot;}\">\n\t\t\t\t\t\t\t<div class=\"elementor-background-overlay\"><\/div>\n\t\t\t\t\t\t\t<div class=\"elementor-container elementor-column-gap-no\">\n\t\t\t\t\t<div class=\"elementor-column elementor-col-100 elementor-top-column elementor-element elementor-element-6565b8e9\" data-id=\"6565b8e9\" data-element_type=\"column\" data-e-type=\"column\">\n\t\t\t<div class=\"elementor-widget-wrap elementor-element-populated\">\n\t\t\t\t\t\t<div class=\"elementor-element elementor-element-6b6e0529 elementor-widget elementor-widget-image-box\" data-id=\"6b6e0529\" data-element_type=\"widget\" data-e-type=\"widget\" data-widget_type=\"image-box.default\">\n\t\t\t\t<div class=\"elementor-widget-container\">\n\t\t\t\t\t<div class=\"elementor-image-box-wrapper\"><div class=\"elementor-image-box-content\"><h1 class=\"elementor-image-box-title\">Fotograf\u00eda de Vida Silvestre<\/h1><\/div><\/div>\t\t\t\t<\/div>\n\t\t\t\t<\/div>\n\t\t\t\t<div class=\"elementor-element elementor-element-3a31f854 elementor-widget elementor-widget-text-editor\" data-id=\"3a31f854\" data-element_type=\"widget\" data-e-type=\"widget\" data-widget_type=\"text-editor.default\">\n\t\t\t\t<div class=\"elementor-widget-container\">\n\t\t\t\t\t\t\t\t\t<p>y los Principios Nature First<\/p>\t\t\t\t\t\t\t\t<\/div>\n\t\t\t\t<\/div>\n\t\t\t\t\t<\/div>\n\t\t<\/div>\n\t\t\t\t\t<\/div>\n\t\t<\/section>\n\t\t\t\t<section class=\"elementor-section elementor-top-section elementor-element elementor-element-636eaf37 elementor-section-boxed elementor-section-height-default elementor-section-height-default\" data-id=\"636eaf37\" data-element_type=\"section\" data-e-type=\"section\">\n\t\t\t\t\t\t<div class=\"elementor-container elementor-column-gap-default\">\n\t\t\t\t\t<div class=\"elementor-column elementor-col-100 elementor-top-column elementor-element elementor-element-3a879622\" data-id=\"3a879622\" data-element_type=\"column\" data-e-type=\"column\">\n\t\t\t<div class=\"elementor-widget-wrap elementor-element-populated\">\n\t\t\t\t\t\t<div class=\"elementor-element elementor-element-58081efd elementor-widget elementor-widget-heading\" data-id=\"58081efd\" data-element_type=\"widget\" data-e-type=\"widget\" data-widget_type=\"heading.default\">\n\t\t\t\t<div class=\"elementor-widget-container\">\n\t\t\t\t\t<h2 class=\"elementor-heading-title elementor-size-default\">Los principios Nature First y la fotograf\u00eda de vida silvestre<\/h2>\t\t\t\t<\/div>\n\t\t\t\t<\/div>\n\t\t\t\t<div class=\"elementor-element elementor-element-0e5ef3a elementor-widget-divider--view-line elementor-widget elementor-widget-divider\" data-id=\"0e5ef3a\" data-element_type=\"widget\" data-e-type=\"widget\" data-widget_type=\"divider.default\">\n\t\t\t\t<div class=\"elementor-widget-container\">\n\t\t\t\t\t\t\t<div class=\"elementor-divider\">\n\t\t\t<span class=\"elementor-divider-separator\">\n\t\t\t\t\t\t<\/span>\n\t\t<\/div>\n\t\t\t\t\t\t<\/div>\n\t\t\t\t<\/div>\n\t\t\t\t<div class=\"elementor-element elementor-element-b53570f elementor-widget elementor-widget-text-editor\" data-id=\"b53570f\" data-element_type=\"widget\" data-e-type=\"widget\" data-widget_type=\"text-editor.default\">\n\t\t\t\t<div class=\"elementor-widget-container\">\n\t\t\t\t\t\t\t\t\t<figure id=\"attachment_1530\" aria-describedby=\"caption-attachment-1530\" style=\"width: 500px\" class=\"wp-caption alignright\"><img fetchpriority=\"high\" decoding=\"async\" src=\"https:\/\/naturefirst.org\/wp-content\/uploads\/IMG_8076-2048x1395-500x341.jpg\" alt=\"\" width=\"500\" height=\"341\"><figcaption id=\"caption-attachment-1530\" class=\"wp-caption-text\">Lobo de piedra amarilla<\/figcaption><\/figure>\n<p>Ser un fot\u00f3grafo de vida silvestre responsable es importante para el bienestar de los animales y su h\u00e1bitat natural, as\u00ed como para su propia seguridad personal.<\/p>\n<p>Se debe tener mucho cuidado de no alterar, afectar o impactar el comportamiento natural de un animal. Una de las mejores formas de hacerlo es obedecer las normas y reglamentos locales para mantener una distancia segura. Incluso si esto significa que no puede obtener &quot;la toma&quot; que desea, puede sentirse mejor consigo mismo por hacer lo correcto por la vida silvestre y por usted mismo.<\/p>\n<p>Echemos un vistazo a los principios Nature First y c\u00f3mo podemos aplicarlos a la fotograf\u00eda de vida silvestre para convertirnos en mejores embajadores de la vida silvestre, sus h\u00e1bitats y todo el mundo natural.<\/p>\t\t\t\t\t\t\t\t<\/div>\n\t\t\t\t<\/div>\n\t\t\t\t<div class=\"elementor-element elementor-element-8d455d6 elementor-widget elementor-widget-text-editor\" data-id=\"8d455d6\" data-element_type=\"widget\" data-e-type=\"widget\" data-widget_type=\"text-editor.default\">\n\t\t\t\t<div class=\"elementor-widget-container\">\n\t\t\t\t\t\t\t\t\t<p class=\"\">\n<\/p><h4><strong>PRIORIZAR EL BIENESTAR DE LA NATURALEZA SOBRE LA FOTOGRAF\u00cdA<\/strong><\/h4>\n<p class=\"\">Este principio es bastante sencillo cuando se trata de la vida silvestre, pero puede ser dif\u00edcil de seguir si te quedas atrapado en conseguir \u201cla toma\u201d. Poner la naturaleza primero significa poner la vida silvestre primero, siempre. Eso significa asegurarse de que sus acciones no&nbsp;<span style=\"font-style: inherit; font-weight: inherit;\">interrumpir o alterar el comportamiento natural de los animales, incluido el movimiento a lo largo de los caminos que intentan tomar. Adem\u00e1s, respeta su h\u00e1bitat. Es su hogar y tienen que vivir con \u00e9l, incluso despu\u00e9s de que te hayas ido para regresar a tu hogar. Las mejores fotos son siempre las de los animales mostrando su comportamiento natural, no las que reaccionan a la interferencia externa o al estr\u00e9s.<\/span><\/p>\n<h4><strong>INFORMATE SOBRE LOS LUGARES QUE FOTOGRAFIAS<\/strong><\/h4>\n<p class=\"\">Esto requiere un poco de esfuerzo, pero la informaci\u00f3n suele estar f\u00e1cilmente disponible. Muchos parques y bosques nacionales brindan mucha informaci\u00f3n en sus sitios web y folletos informativos sobre los diferentes ecosistemas, h\u00e1bitats y vida silvestre. Cuanto m\u00e1s sepa sobre una especie, sus comportamientos y su h\u00e1bitat, mejor podr\u00e1 predecir d\u00f3nde y cu\u00e1ndo podr\u00eda verlos y fotografiarlos. A menudo, los parques publican los horarios y lugares de avistamientos recientes, lo que tambi\u00e9n puede aumentar sus posibilidades de ver la vida silvestre. Nature First siempre anima a los fot\u00f3grafos a&nbsp;<b>saber antes de ir<\/b>. Mejorar\u00e1 su experiencia Y crear\u00e1 mejores im\u00e1genes.<\/p>\t\t\t\t\t\t\t\t<\/div>\n\t\t\t\t<\/div>\n\t\t\t\t<div class=\"elementor-element elementor-element-56b24dd elementor-widget elementor-widget-image\" data-id=\"56b24dd\" data-element_type=\"widget\" data-e-type=\"widget\" data-widget_type=\"image.default\">\n\t\t\t\t<div class=\"elementor-widget-container\">\n\t\t\t\t\t\t\t\t\t\t\t\t\t\t\t<img decoding=\"async\" width=\"1024\" height=\"683\" src=\"https:\/\/naturefirst.org\/wp-content\/uploads\/HS9A9761-2048x1365-1024x683.jpg\" class=\"attachment-large size-large wp-image-1531\" alt=\"\" srcset=\"https:\/\/naturefirst.org\/wp-content\/uploads\/HS9A9761-2048x1365-1024x683.jpg 1024w, https:\/\/naturefirst.org\/wp-content\/uploads\/HS9A9761-2048x1365-500x333.jpg 500w, https:\/\/naturefirst.org\/wp-content\/uploads\/HS9A9761-2048x1365-768x512.jpg 768w, https:\/\/naturefirst.org\/wp-content\/uploads\/HS9A9761-2048x1365-1536x1024.jpg 1536w, https:\/\/naturefirst.org\/wp-content\/uploads\/HS9A9761-2048x1365-18x12.jpg 18w, https:\/\/naturefirst.org\/wp-content\/uploads\/HS9A9761-2048x1365.jpg 2048w\" sizes=\"(max-width: 1024px) 100vw, 1024px\" \/>\t\t\t\t\t\t\t\t\t\t\t\t\t\t\t<\/div>\n\t\t\t\t<\/div>\n\t\t\t\t<div class=\"elementor-element elementor-element-42871e1 elementor-widget elementor-widget-text-editor\" data-id=\"42871e1\" data-element_type=\"widget\" data-e-type=\"widget\" data-widget_type=\"text-editor.default\">\n\t\t\t\t<div class=\"elementor-widget-container\">\n\t\t\t\t\t\t\t\t\t<h4><strong>REFLEXIONA SOBRE EL POSIBLE IMPACTO DE TUS ACCIONES<\/strong><\/h4><p>Nuestras acciones son extremadamente importantes cuando se trata de la vida silvestre. Nuestro comportamiento puede interferir con el cuidado de la vida silvestre de sus cr\u00edas, el abandono de sus cr\u00edas y el apareamiento. Adem\u00e1s, a veces el impacto potencial no es obvio para el visitante casual. Por ejemplo, conducir sobre una manada de bisontes en la carretera de Yellowstone puede hacer que corran, cuando necesitan conservar toda su energ\u00eda para sobrevivir el invierno. El simple hecho de detenerse y esperar a que los animales se salgan de la carretera a su propio ritmo puede marcar una gran diferencia en su bienestar.\u00a0<\/p><p>Cuando demasiadas personas se acercan demasiado a la vida silvestre o les permiten acceder a los alimentos, las consecuencias suelen ser graves. Por ejemplo, los osos negros y grizzly pueden desarrollar comportamientos demasiado agresivos despu\u00e9s de demasiada interacci\u00f3n con las personas. Estos animales a menudo terminan reubicados de su hogar original o, a veces, deben ser sacrificados.\u00a0<\/p><h4><strong>USE DISCRECI\u00d3N SI COMPARTE UBICACIONES<\/strong><\/h4><p>Esta es una de las maneras m\u00e1s f\u00e1ciles en que podemos proteger la vida silvestre. Cuando regrese a casa y comparta sus fotos en las redes sociales, considere compartir solo el \u00e1rea general, como el parque nacional, y no la ubicaci\u00f3n espec\u00edfica. Imag\u00ednese si diez personas estuvieran observando un oso grizzly y luego todos fueran a sus casas y publicaran la ubicaci\u00f3n exacta. Al d\u00eda siguiente podr\u00eda haber cientos de personas buscando a ese oso en ese mismo lugar. Estos son los tipos de situaciones que abruman a la vida silvestre. T\u00f3mese un poco de tiempo para considerar si vale la pena o no compartir una ubicaci\u00f3n, y c\u00f3mo podr\u00eda afectar a los animales que le importan.<\/p><h4><strong>CONOZCA Y SIGA LAS REGLAS Y REGULACIONES<\/strong><\/h4><figure id=\"attachment_1532\" aria-describedby=\"caption-attachment-1532\" style=\"width: 500px\" class=\"wp-caption alignright\"><img decoding=\"async\" class=\"wp-image-1532 size-medium\" src=\"https:\/\/naturefirst.org\/wp-content\/uploads\/1I1A2169-2-2048x1384-500x338.jpg\" alt=\"\" width=\"500\" height=\"338\" srcset=\"https:\/\/naturefirst.org\/wp-content\/uploads\/1I1A2169-2-2048x1384-500x338.jpg 500w, https:\/\/naturefirst.org\/wp-content\/uploads\/1I1A2169-2-2048x1384-1024x692.jpg 1024w, https:\/\/naturefirst.org\/wp-content\/uploads\/1I1A2169-2-2048x1384-768x519.jpg 768w, https:\/\/naturefirst.org\/wp-content\/uploads\/1I1A2169-2-2048x1384-1536x1038.jpg 1536w, https:\/\/naturefirst.org\/wp-content\/uploads\/1I1A2169-2-2048x1384-18x12.jpg 18w, https:\/\/naturefirst.org\/wp-content\/uploads\/1I1A2169-2-2048x1384.jpg 2048w\" sizes=\"(max-width: 500px) 100vw, 500px\" \/><figcaption id=\"caption-attachment-1532\" class=\"wp-caption-text\">borrego cimarr\u00f3n<\/figcaption><\/figure><p>Conocer y seguir las reglas y regulaciones locales es de vital importancia en la fotograf\u00eda de vida silvestre. Las reglas est\u00e1n dise\u00f1adas para el bienestar de la vida silvestre, as\u00ed como para su seguridad personal, y son f\u00e1ciles de encontrar en los sitios web de parques y bosques o en la informaci\u00f3n que se le proporciona en la entrada del parque.<\/p><p>Aseg\u00farese de conocer las reglas y regulaciones del \u00e1rea para la distancia de observaci\u00f3n requerida de la vida silvestre. Esto suele variar seg\u00fan la zona y la especie animal. Por ejemplo, en el Parque Nacional de Yellowstone, debe mantenerse a 100 yardas de osos y lobos, pero solo a 25 yardas de alces y ciervos. En el Parque Nacional Smoky Mountains, la regla es mantenerse a 50 yardas de los alces y los osos negros. Por lo tanto, tenga cuidado de aprender las reglas en diferentes \u00e1reas. Adem\u00e1s, est\u00e9 atento a los animales en movimiento. Muchos animales pueden viajar r\u00e1pidamente a trav\u00e9s de su entorno y eso podr\u00eda acercarlos a ti m\u00e1s r\u00e1pido de lo que esperabas.\u00a0<\/p><p><span style=\"font-size: 1rem;\">Tenga en cuenta las siguientes reglas que proh\u00edben acercarse o alimentar a la vida silvestre, etc. <\/span><span style=\"font-style: inherit; font-weight: inherit;\">Tambi\u00e9n es com\u00fan ver otras reglas como encender luces o hacer ruido para atraer la atenci\u00f3n de la vida silvestre.\u00a0<\/span><\/p><p>En \u00e1reas con menos reglas, como su propio vecindario, debe tener los conocimientos suficientes para discernir la distancia de visualizaci\u00f3n adecuada. Por ejemplo, eso podr\u00eda significar mantener la misma distancia que mantendr\u00eda en un parque nacional. Una buena pr\u00e1ctica es asegurarse de que su presencia nunca impacte o cambie el comportamiento del animal.\u00a0<span style=\"font-style: inherit; font-weight: inherit;\"><br \/><\/span><\/p><p><span style=\"font-size: 1rem;\">Aprender y seguir las normas y reglamentos locales puede parecer tedioso. Pero s\u00e9 que las reglas son n<\/span>o arbitrario. Est\u00e1n dise\u00f1ados para el bienestar de los animales y su seguridad personal.<span style=\"font-style: inherit; font-weight: inherit;\"><br \/><\/span><\/p>\t\t\t\t\t\t\t\t<\/div>\n\t\t\t\t<\/div>\n\t\t\t\t<div class=\"elementor-element elementor-element-70bee51 elementor-widget elementor-widget-text-editor\" data-id=\"70bee51\" data-element_type=\"widget\" data-e-type=\"widget\" data-widget_type=\"text-editor.default\">\n\t\t\t\t<div class=\"elementor-widget-container\">\n\t\t\t\t\t\t\t\t\t<h4><strong>SIGUE SIEMPRE LOS PRINCIPIOS DE NO DEJAR RASTRO Y ESFUERZATE POR DEJAR LOS LUGARES MEJOR DE LO QUE LOS ENCONTRASTE<\/strong><\/h4><p><span style=\"font-size: 1rem;\">Puedes aprender m\u00e1s sobre Leave No Trace\u00a0<\/span><a style=\"font-size: 1rem; background-color: #ffffff;\" href=\"https:\/\/lnt.org\/why\/7-principles\/\"><span style=\"font-weight: bold;\">aqu\u00ed.<\/span><\/a>\u00a0Estas pr\u00e1cticas bien establecidas brindan un gran consejo para todos los que se recrean en la naturaleza, ya seamos fot\u00f3grafos, excursionistas, campistas, escaladores, etc.\u00a0<\/p><h4><strong>PROMOVER Y EDUCAR ACTIVAMENTE A OTROS SOBRE ESTOS PRINCIPIOS<\/strong><\/h4><p>Los humanos tienen una afinidad natural y amor por la vida silvestre. Pero la importancia de todas las especies silvestres y sus h\u00e1bitats a menudo se subestima o se pasa por alto en las sociedades actuales. Si la vida silvestre es importante para usted como fot\u00f3grafo, entonces debe ayudar a su preservaci\u00f3n practicando la fotograf\u00eda responsable de la vida silvestre. Lidera con el ejemplo y ense\u00f1a a los que te rodean sobre el valor de los animales salvajes y sus h\u00e1bitats.\u00a0<\/p>\t\t\t\t\t\t\t\t<\/div>\n\t\t\t\t<\/div>\n\t\t\t\t<div class=\"elementor-element elementor-element-14bb1a2 elementor-widget elementor-widget-image\" data-id=\"14bb1a2\" data-element_type=\"widget\" data-e-type=\"widget\" data-widget_type=\"image.default\">\n\t\t\t\t<div class=\"elementor-widget-container\">\n\t\t\t\t\t\t\t\t\t\t\t\t\t\t\t<img loading=\"lazy\" decoding=\"async\" width=\"1024\" height=\"737\" src=\"https:\/\/naturefirst.org\/wp-content\/uploads\/HS9A8776-2048x1473-1024x737.jpg\" class=\"attachment-large size-large wp-image-1533\" alt=\"\" srcset=\"https:\/\/naturefirst.org\/wp-content\/uploads\/HS9A8776-2048x1473-1024x737.jpg 1024w, https:\/\/naturefirst.org\/wp-content\/uploads\/HS9A8776-2048x1473-500x360.jpg 500w, https:\/\/naturefirst.org\/wp-content\/uploads\/HS9A8776-2048x1473-768x552.jpg 768w, https:\/\/naturefirst.org\/wp-content\/uploads\/HS9A8776-2048x1473-1536x1105.jpg 1536w, https:\/\/naturefirst.org\/wp-content\/uploads\/HS9A8776-2048x1473-18x12.jpg 18w, https:\/\/naturefirst.org\/wp-content\/uploads\/HS9A8776-2048x1473.jpg 2048w\" sizes=\"(max-width: 1024px) 100vw, 1024px\" \/>\t\t\t\t\t\t\t\t\t\t\t\t\t\t\t<\/div>\n\t\t\t\t<\/div>\n\t\t\t\t<div class=\"elementor-element elementor-element-dbf17fb elementor-widget elementor-widget-text-editor\" data-id=\"dbf17fb\" data-element_type=\"widget\" data-e-type=\"widget\" data-widget_type=\"text-editor.default\">\n\t\t\t\t<div class=\"elementor-widget-container\">\n\t\t\t\t\t\t\t\t\t<p><em style=\"font-weight: inherit;\">Basado en el art\u00edculo <a href=\"https:\/\/naturefirst.org\/es\/news-items\/2020\/05\/28\/the-nature-first-principles-in-wildlife-photography\/\">\u201cLos Principios Nature First en Fotograf\u00eda de Vida Silvestre\u201d<\/a> por Brynn Schmidt<\/em><\/p>\t\t\t\t\t\t\t\t<\/div>\n\t\t\t\t<\/div>\n\t\t\t\t<div class=\"elementor-element elementor-element-65e360d9 elementor-widget-divider--view-line elementor-widget elementor-widget-divider\" data-id=\"65e360d9\" data-element_type=\"widget\" data-e-type=\"widget\" data-widget_type=\"divider.default\">\n\t\t\t\t<div class=\"elementor-widget-container\">\n\t\t\t\t\t\t\t<div class=\"elementor-divider\">\n\t\t\t<span class=\"elementor-divider-separator\">\n\t\t\t\t\t\t<\/span>\n\t\t<\/div>\n\t\t\t\t\t\t<\/div>\n\t\t\t\t<\/div>\n\t\t\t\t\t<\/div>\n\t\t<\/div>\n\t\t\t\t\t<\/div>\n\t\t<\/section>\n\t\t\t\t<\/div>","protected":false},"excerpt":{"rendered":"<p>Wildlife Photography and the Nature First Principles The Nature First Principles and Wildlife Photography Being a responsible wildlife photographer is important for the well-being of the animals and their natural habitat, as well as for your own personal safety. Great care should be taken to not alter, affect or impact an animal&#8217;s natural behavior. One [&hellip;]<\/p>\n","protected":false},"author":2,"featured_media":0,"parent":0,"menu_order":0,"comment_status":"closed","ping_status":"closed","template":"","meta":{"_mo_disable_npp":"","site-sidebar-layout":"no-sidebar","site-content-layout":"page-builder","ast-site-content-layout":"default","site-content-style":"default","site-sidebar-style":"default","ast-global-header-display":"","ast-banner-title-visibility":"","ast-main-header-display":"","ast-hfb-above-header-display":"","ast-hfb-below-header-display":"","ast-hfb-mobile-header-display":"","site-post-title":"disabled","ast-breadcrumbs-content":"","ast-featured-img":"disabled","footer-sml-layout":"","ast-disable-related-posts":"","theme-transparent-header-meta":"","adv-header-id-meta":"","stick-header-meta":"","header-above-stick-meta":"","header-main-stick-meta":"","header-below-stick-meta":"","astra-migrate-meta-layouts":"default","ast-page-background-enabled":"default","ast-page-background-meta":{"desktop":{"background-color":"","background-image":"","background-repeat":"repeat","background-position":"center center","background-size":"auto","background-attachment":"scroll","background-type":"","background-media":"","overlay-type":"","overlay-color":"","overlay-opacity":"","overlay-gradient":""},"tablet":{"background-color":"","background-image":"","background-repeat":"repeat","background-position":"center center","background-size":"auto","background-attachment":"scroll","background-type":"","background-media":"","overlay-type":"","overlay-color":"","overlay-opacity":"","overlay-gradient":""},"mobile":{"background-color":"","background-image":"","background-repeat":"repeat","background-position":"center center","background-size":"auto","background-attachment":"scroll","background-type":"","background-media":"","overlay-type":"","overlay-color":"","overlay-opacity":"","overlay-gradient":""}},"ast-content-background-meta":{"desktop":{"background-color":"var(--ast-global-color-5)","background-image":"","background-repeat":"repeat","background-position":"center center","background-size":"auto","background-attachment":"scroll","background-type":"","background-media":"","overlay-type":"","overlay-color":"","overlay-opacity":"","overlay-gradient":""},"tablet":{"background-color":"var(--ast-global-color-5)","background-image":"","background-repeat":"repeat","background-position":"center center","background-size":"auto","background-attachment":"scroll","background-type":"","background-media":"","overlay-type":"","overlay-color":"","overlay-opacity":"","overlay-gradient":""},"mobile":{"background-color":"var(--ast-global-color-5)","background-image":"","background-repeat":"repeat","background-position":"center center","background-size":"auto","background-attachment":"scroll","background-type":"","background-media":"","overlay-type":"","overlay-color":"","overlay-opacity":"","overlay-gradient":""}},"footnotes":""},"class_list":["post-3695","page","type-page","status-publish","hentry"],"aioseo_notices":[],"_links":{"self":[{"href":"https:\/\/naturefirst.org\/es\/wp-json\/wp\/v2\/pages\/3695","targetHints":{"allow":["GET"]}}],"collection":[{"href":"https:\/\/naturefirst.org\/es\/wp-json\/wp\/v2\/pages"}],"about":[{"href":"https:\/\/naturefirst.org\/es\/wp-json\/wp\/v2\/types\/page"}],"author":[{"embeddable":true,"href":"https:\/\/naturefirst.org\/es\/wp-json\/wp\/v2\/users\/2"}],"replies":[{"embeddable":true,"href":"https:\/\/naturefirst.org\/es\/wp-json\/wp\/v2\/comments?post=3695"}],"version-history":[{"count":8,"href":"https:\/\/naturefirst.org\/es\/wp-json\/wp\/v2\/pages\/3695\/revisions"}],"predecessor-version":[{"id":3713,"href":"https:\/\/naturefirst.org\/es\/wp-json\/wp\/v2\/pages\/3695\/revisions\/3713"}],"wp:attachment":[{"href":"https:\/\/naturefirst.org\/es\/wp-json\/wp\/v2\/media?parent=3695"}],"curies":[{"name":"gracias","href":"https:\/\/api.w.org\/{rel}","templated":true}]}}