{"id":3706,"date":"2023-01-20T14:45:29","date_gmt":"2023-01-20T21:45:29","guid":{"rendered":"https:\/\/naturefirst.org\/?page_id=3706"},"modified":"2024-01-23T06:33:30","modified_gmt":"2024-01-23T13:33:30","slug":"for-workshop-leaders","status":"publish","type":"page","link":"https:\/\/naturefirst.org\/es\/for-workshop-leaders\/","title":{"rendered":"Para l\u00edderes de taller"},"content":{"rendered":"<div data-elementor-type=\"wp-page\" data-elementor-id=\"3706\" class=\"elementor elementor-3706\" data-elementor-post-type=\"page\">\n\t\t\t\t\t\t<section class=\"elementor-section elementor-top-section elementor-element elementor-element-4789b334 elementor-section-height-min-height elementor-section-boxed elementor-section-height-default elementor-section-items-middle\" data-id=\"4789b334\" data-element_type=\"section\" data-e-type=\"section\" data-settings=\"{&quot;background_background&quot;:&quot;classic&quot;}\">\n\t\t\t\t\t\t\t<div class=\"elementor-background-overlay\"><\/div>\n\t\t\t\t\t\t\t<div class=\"elementor-container elementor-column-gap-no\">\n\t\t\t\t\t<div class=\"elementor-column elementor-col-100 elementor-top-column elementor-element elementor-element-4c2c5086\" data-id=\"4c2c5086\" data-element_type=\"column\" data-e-type=\"column\">\n\t\t\t<div class=\"elementor-widget-wrap elementor-element-populated\">\n\t\t\t\t\t\t<div class=\"elementor-element elementor-element-43369568 elementor-widget elementor-widget-image-box\" data-id=\"43369568\" data-element_type=\"widget\" data-e-type=\"widget\" data-widget_type=\"image-box.default\">\n\t\t\t\t<div class=\"elementor-widget-container\">\n\t\t\t\t\t<div class=\"elementor-image-box-wrapper\"><div class=\"elementor-image-box-content\"><h1 class=\"elementor-image-box-title\">Para l\u00edderes de taller<\/h1><\/div><\/div>\t\t\t\t<\/div>\n\t\t\t\t<\/div>\n\t\t\t\t<div class=\"elementor-element elementor-element-2569a105 elementor-widget elementor-widget-text-editor\" data-id=\"2569a105\" data-element_type=\"widget\" data-e-type=\"widget\" data-widget_type=\"text-editor.default\">\n\t\t\t\t<div class=\"elementor-widget-container\">\n\t\t\t\t\t\t\t\t\t<p>Recomendaciones Nature First<\/p>\t\t\t\t\t\t\t\t<\/div>\n\t\t\t\t<\/div>\n\t\t\t\t\t<\/div>\n\t\t<\/div>\n\t\t\t\t\t<\/div>\n\t\t<\/section>\n\t\t\t\t<section class=\"elementor-section elementor-top-section elementor-element elementor-element-60c8fe6d elementor-section-boxed elementor-section-height-default elementor-section-height-default\" data-id=\"60c8fe6d\" data-element_type=\"section\" data-e-type=\"section\">\n\t\t\t\t\t\t<div class=\"elementor-container elementor-column-gap-default\">\n\t\t\t\t\t<div class=\"elementor-column elementor-col-100 elementor-top-column elementor-element elementor-element-6e4d1e98\" data-id=\"6e4d1e98\" data-element_type=\"column\" data-e-type=\"column\">\n\t\t\t<div class=\"elementor-widget-wrap elementor-element-populated\">\n\t\t\t\t\t\t<div class=\"elementor-element elementor-element-53cacec8 elementor-widget elementor-widget-heading\" data-id=\"53cacec8\" data-element_type=\"widget\" data-e-type=\"widget\" data-widget_type=\"heading.default\">\n\t\t\t\t<div class=\"elementor-widget-container\">\n\t\t\t\t\t<h2 class=\"elementor-heading-title elementor-size-default\">L\u00edderes de talleres, USTEDES PUEDEN comprometerse con los Principios Nature First<\/h2>\t\t\t\t<\/div>\n\t\t\t\t<\/div>\n\t\t\t\t<div class=\"elementor-element elementor-element-50f9089c elementor-widget-divider--view-line elementor-widget elementor-widget-divider\" data-id=\"50f9089c\" data-element_type=\"widget\" data-e-type=\"widget\" data-widget_type=\"divider.default\">\n\t\t\t\t<div class=\"elementor-widget-container\">\n\t\t\t\t\t\t\t<div class=\"elementor-divider\">\n\t\t\t<span class=\"elementor-divider-separator\">\n\t\t\t\t\t\t<\/span>\n\t\t<\/div>\n\t\t\t\t\t\t<\/div>\n\t\t\t\t<\/div>\n\t\t\t\t<div class=\"elementor-element elementor-element-fbcf9e5 elementor-widget elementor-widget-text-editor\" data-id=\"fbcf9e5\" data-element_type=\"widget\" data-e-type=\"widget\" data-widget_type=\"text-editor.default\">\n\t\t\t\t<div class=\"elementor-widget-container\">\n\t\t\t\t\t\t\t\t\t<p style=\"font-size: 18px; font-style: normal; font-weight: 300;\">Entendemos que seguir los Principios Nature First podr\u00eda\u00a0<i>parecer\u00a0<\/i>como una haza\u00f1a imposible para un instructor de un taller de fotograf\u00eda de naturaleza a tiempo completo o parcial. Alguien nos dijo recientemente que \u201cpreservar \u00e1reas y al mismo tiempo tratar de ganarse la vida con talleres de fotograf\u00eda de naturaleza son dos ideas contradictorias\u201d. Podemos relacionarnos con este sentimiento ya que fue algo con lo que lidiamos y sobre lo que hemos pensado profundamente en Nature First.<\/p><p style=\"font-size: 18px; font-style: normal; font-weight: 300;\">Ganarse la vida como fot\u00f3grafo profesional que depende de los ingresos del taller puede ser incre\u00edblemente dif\u00edcil. A medida que aumenta la competencia cada a\u00f1o, los instructores del taller han tenido que encontrar formas de diferenciarse para competir. Existe un fuerte impulso de llevar a las personas a \u00e1reas hermosas pero delicadas que no pueden soportar los impactos asociados con las visitas; de hecho, muchos de nosotros sol\u00edamos hacerlo hasta que vimos los impactos negativos que est\u00e1bamos causando.<\/p><blockquote><p><span style=\"color: #808080;\"><strong>Creemos que existen enfoques alternativos que no solo lo ayudan a diferenciarse como fot\u00f3grafo, sino que tambi\u00e9n le permiten adherirse a los Principios Nature First.<\/strong><\/span><\/p><\/blockquote>\t\t\t\t\t\t\t\t<\/div>\n\t\t\t\t<\/div>\n\t\t\t\t<div class=\"elementor-element elementor-element-e0e99c7 elementor-widget elementor-widget-text-editor\" data-id=\"e0e99c7\" data-element_type=\"widget\" data-e-type=\"widget\" data-widget_type=\"text-editor.default\">\n\t\t\t\t<div class=\"elementor-widget-container\">\n\t\t\t\t\t\t\t\t\t<p class=\"\"><span style=\"font-style: inherit; font-weight: inherit;\"><img fetchpriority=\"high\" decoding=\"async\" class=\"alignright wp-image-1490\" src=\"https:\/\/naturefirst.org\/wp-content\/uploads\/image-asset-334x500.jpg\" alt=\"\" width=\"400\" height=\"600\" srcset=\"https:\/\/naturefirst.org\/wp-content\/uploads\/image-asset-334x500.jpg 334w, https:\/\/naturefirst.org\/wp-content\/uploads\/image-asset-683x1024.jpg 683w, https:\/\/naturefirst.org\/wp-content\/uploads\/image-asset-768x1151.jpg 768w, https:\/\/naturefirst.org\/wp-content\/uploads\/image-asset-1025x1536.jpg 1025w, https:\/\/naturefirst.org\/wp-content\/uploads\/image-asset-1366x2048.jpg 1366w, https:\/\/naturefirst.org\/wp-content\/uploads\/image-asset-8x12.jpg 8w, https:\/\/naturefirst.org\/wp-content\/uploads\/image-asset-scaled.jpg 1708w\" sizes=\"(max-width: 400px) 100vw, 400px\" \/>Para empezar, los l\u00edderes de taller exitosos deben hacer mucho m\u00e1s que solo proporcionar una excelente ubicaci\u00f3n. Aqu\u00ed hay una lista de cosas que puede (y debe) ense\u00f1ar a los estudiantes que no dependen de la ubicaci\u00f3n:<\/span><\/p><ol><li>Nuevas t\u00e9cnicas de fotograf\u00eda.<\/li><li>Los enfoques filos\u00f3ficos del oficio (como la fotograf\u00eda lenta, la atenci\u00f3n plena, etc.)<\/li><li>C\u00f3mo ver grandes composiciones (esto es quiz\u00e1s a\u00fan m\u00e1s gratificante para los estudiantes en lugares que no son ic\u00f3nicos o excepcionales)<\/li><li>Ver con una visi\u00f3n \u00fanica\u00a0<\/li><\/ol><div><blockquote><p class=\"\"><span style=\"color: #808080;\"><strong>La mayor\u00eda de los participantes estar\u00e1n de acuerdo en que las conclusiones anteriores son mucho m\u00e1s valiosas, a la larga, que visitar cualquier lugar ic\u00f3nico.\u00a0<\/strong><\/span><\/p><\/blockquote><p class=\"\">Llevar a los estudiantes del taller a lugares raros, o peor a\u00fan, a aquellos que no pueden manejar una gran cantidad de visitas, exacerba una realidad que empeora con las redes sociales. Y \u201cTodos los dem\u00e1s ya llevan talleres a estos lugares, entonces, \u00bfpor qu\u00e9 importa?\u201d es un argumento que solo perpet\u00faa el da\u00f1o acumulativo a largo plazo y el impacto negativo en nuestro mundo natural.\u00a0<span style=\"font-style: inherit; font-weight: inherit;\">Si una ubicaci\u00f3n ya est\u00e1 en el mapa y est\u00e1 configurada para manejar grandes cantidades de visitas, puede parecer \u00e9ticamente v\u00e1lido realizar un taller all\u00ed. Por otro lado, si la ubicaci\u00f3n se deteriora constantemente debido al aumento de visitas, se necesita una reevaluaci\u00f3n.\u00a0<\/span><\/p><p class=\"\">Aqu\u00ed hay algunas preguntas que puede hacerse antes de llevar grupos a un lugar en particular:<\/p><ol><li>\u00bfQu\u00e9 ofrece este lugar desde el punto de vista de la ense\u00f1anza que otros lugares no ofrecen?<\/li><li>\u00bfHa habido ya un impacto significativo en la ubicaci\u00f3n, y el aumento de las visitas en el futuro tendr\u00e1 un mayor impacto?<\/li><li>Si llevo grupos a este lugar, \u00bftambi\u00e9n se ver\u00e1n obligados a traer m\u00e1s personas aqu\u00ed y, por lo tanto, aumentar el impacto negativo en el lugar?<\/li><li>Pensando en 15 a\u00f1os y viendo este lugar \u201carruinado\u201d para otras personas, \u00bfes mayor la ganancia personal que obtuviste que verlo cambiado irrevocablemente?<\/li><\/ol><p>Aqu\u00ed hay algunas otras cosas que debe considerar como l\u00edder de un taller que lucha con la idea de que debe llevar a alguien a un lugar ic\u00f3nico que no puede soportar las visitas:<\/p><ol><li>\u00bfDe qu\u00e9 otra manera puedo ense\u00f1ar a mis alumnos?<\/li><li>\u00bfDe qu\u00e9 otra manera puedo ganarme la vida brindando estos servicios sin afectar las ubicaciones?<\/li><li>\u00bfQu\u00e9 otros modelos de monetizaci\u00f3n existen que podr\u00edan tener el mismo impacto financiero y reducir el impacto de ubicaci\u00f3n?\u00a0<\/li><li>Estas ubicaciones le brindan sostenibilidad financiera. \u00bfC\u00f3mo puede retribuir a estos lugares a trav\u00e9s del voluntariado, la defensa o la educaci\u00f3n de otros sobre su fragilidad?<\/li><li>\u00bfDe qu\u00e9 otra manera puedo promocionar mi taller a estudiantes potenciales sin el atractivo de una fotograf\u00eda o ubicaci\u00f3n ic\u00f3nica? Las sugerencias incluyen centrarse en lo que se aprender\u00e1, c\u00f3mo ser\u00e1 la experiencia y c\u00f3mo se mejorar\u00e1 la fotograf\u00eda.<\/li><li>\u00bfPuede concentrarse en un \u00e1rea general en lugar de una ubicaci\u00f3n espec\u00edfica? Por ejemplo, es f\u00e1cil emocionarse con un lugar como el Valle de la Muerte o Colorado en el oto\u00f1o sin implicar o sugerir que se visitar\u00e1n ciertos lugares dentro de esos lugares.\u00a0<\/li><li>\u00bfC\u00f3mo puede adherirse y apelar a los ideales de conservaci\u00f3n en su mercadeo para atraer a m\u00e1s estudiantes sin comprometer ubicaciones espec\u00edficas?<\/li><\/ol><div><div id=\"block-yui_3_17_2_1_1606260716667_4189\" class=\"sqs-block html-block sqs-block-html\" data-block-type=\"2\"><div class=\"sqs-block-content\"><p class=\"\"><img decoding=\"async\" class=\"wp-image-1491 alignright\" src=\"https:\/\/naturefirst.org\/wp-content\/uploads\/1_image-asset-333x500.jpg\" alt=\"\" width=\"400\" height=\"600\" srcset=\"https:\/\/naturefirst.org\/wp-content\/uploads\/1_image-asset-333x500.jpg 333w, https:\/\/naturefirst.org\/wp-content\/uploads\/1_image-asset-683x1024.jpg 683w, https:\/\/naturefirst.org\/wp-content\/uploads\/1_image-asset-768x1152.jpg 768w, https:\/\/naturefirst.org\/wp-content\/uploads\/1_image-asset-8x12.jpg 8w, https:\/\/naturefirst.org\/wp-content\/uploads\/1_image-asset.jpg 812w\" sizes=\"(max-width: 400px) 100vw, 400px\" \/>Estudiar c\u00f3mo algunos fot\u00f3grafos prominentes se han diferenciado del resto al ofrecer ofertas que no dependen de la ubicaci\u00f3n podr\u00eda ayudar a otros fot\u00f3grafos a pensar en otros enfoques para ofrecer talleres. Algunos ejemplos son:<\/p><ol><li>Guy Tal y Michael Gordon <a href=\"http:\/\/www.visionaryphotoworkshops.com\/concept\">ofrecer talleres<\/a> centrado en el aprendizaje filos\u00f3fico, la historia natural, la comunicaci\u00f3n visual y el posprocesamiento.<\/li><li>colleen miniuk <a href=\"https:\/\/www.colleenminiuk.com\/\">ofrece talleres<\/a> centrado en la creatividad, el arte y una conexi\u00f3n personal con su trabajo mientras infunde la escritura y otras actividades creativas.<\/li><li>Oferta de David Kingham y Jennifer Renwick <a href=\"https:\/\/www.exploringexposure.com\/workshops\/all\">salidas m\u00e1s personalizadas<\/a> con un enfoque en la creatividad individual en lugar de capturar im\u00e1genes de lugares que no pueden soportar grandes vol\u00famenes de tr\u00e1fico.\u00a0\u00a0<\/li><li>Juan Barclay <a href=\"https:\/\/johnbarclayphotography.com\/workshops-2\/\">ofrece talleres<\/a> que ense\u00f1an un estilo de fotograf\u00eda m\u00e1s contemplativo, combinando la atenci\u00f3n plena con la visi\u00f3n personal.<\/li><\/ol><p>Obviamente, algunos de estos fot\u00f3grafos llevan a la gente a lugares incre\u00edbles que son populares; sin embargo, el foco no est\u00e1 en la ubicaci\u00f3n. La atenci\u00f3n se centra en otra cosa que puede ayudar a las personas a mejorar su fotograf\u00eda y creatividad. A medida que el enfoque principal de un taller se aleja del destino y se mueve hacia la creatividad, el aprendizaje y lo personal, las demandas y expectativas de los estudiantes tambi\u00e9n cambian. Lo crea o no, muchos estudiantes est\u00e1n hambrientos de este tipo de oferta de talleres, ya que han visto lugares diezmados en los \u00faltimos a\u00f1os por el abuso de nuestro campo.\u00a0<\/p><p class=\"\">Siempre alentamos a los l\u00edderes de los talleres a compartir los Principios Nature First con los estudiantes de sus talleres y explicar los impactos hist\u00f3ricos en los lugares populares que alguna vez disfrut\u00f3. Esta es una oportunidad para discutir las responsabilidades \u00e9ticas de los fot\u00f3grafos y para frenar o prevenir el impacto futuro.<\/p><\/div><\/div><div id=\"block-yui_3_17_2_1_1606670614941_34512\" class=\"sqs-block horizontalrule-block sqs-block-horizontalrule\" data-block-type=\"47\"><div class=\"sqs-block-content\"><hr \/><\/div><\/div><div id=\"block-yui_3_17_2_1_1606670614941_34965\" class=\"sqs-block html-block sqs-block-html\" data-block-type=\"2\"><div class=\"sqs-block-content\"><p class=\"\" style=\"text-align: left;\"><em>Basado en el art\u00edculo <a href=\"https:\/\/naturefirst.org\/es\/news-items\/2020\/11\/24\/photography-workshops-and-nature-first-principles\/\">\u201cTalleres de Fotograf\u00eda y Principios Nature First\u201d<\/a> por <a href=\"https:\/\/www.jenniferrenwick.com\/\" target=\"_blank\" rel=\"noopener\">jennifer renwick<\/a> y <a href=\"https:\/\/www.mattpaynephotography.com\/\" target=\"_blank\" rel=\"noopener\">matt payne<\/a>. Fotograf\u00edas por <a href=\"https:\/\/www.instagram.com\/alexkessock\/\" target=\"_blank\" rel=\"noopener\">Alex Kesock<\/a>.<\/em><\/p><\/div><\/div><\/div><\/div>\t\t\t\t\t\t\t\t<\/div>\n\t\t\t\t<\/div>\n\t\t\t\t\t<\/div>\n\t\t<\/div>\n\t\t\t\t\t<\/div>\n\t\t<\/section>\n\t\t\t\t<\/div>","protected":false},"excerpt":{"rendered":"<p>For Workshop Leaders Nature First Recommendations Workshop Leaders, you CAN commit to the Nature First Principles We understand that following the Nature First Principles might\u00a0seem\u00a0like an impossible feat for a full-time or part-time nature photography workshop instructor. Someone recently said to us that \u201cpreserving areas while also trying to earn a living with nature photography [&hellip;]<\/p>\n","protected":false},"author":2,"featured_media":0,"parent":0,"menu_order":0,"comment_status":"closed","ping_status":"closed","template":"","meta":{"_mo_disable_npp":"","site-sidebar-layout":"no-sidebar","site-content-layout":"page-builder","ast-site-content-layout":"default","site-content-style":"default","site-sidebar-style":"default","ast-global-header-display":"","ast-banner-title-visibility":"","ast-main-header-display":"","ast-hfb-above-header-display":"","ast-hfb-below-header-display":"","ast-hfb-mobile-header-display":"","site-post-title":"disabled","ast-breadcrumbs-content":"","ast-featured-img":"disabled","footer-sml-layout":"","ast-disable-related-posts":"","theme-transparent-header-meta":"","adv-header-id-meta":"","stick-header-meta":"","header-above-stick-meta":"","header-main-stick-meta":"","header-below-stick-meta":"","astra-migrate-meta-layouts":"default","ast-page-background-enabled":"default","ast-page-background-meta":{"desktop":{"background-color":"","background-image":"","background-repeat":"repeat","background-position":"center center","background-size":"auto","background-attachment":"scroll","background-type":"","background-media":"","overlay-type":"","overlay-color":"","overlay-opacity":"","overlay-gradient":""},"tablet":{"background-color":"","background-image":"","background-repeat":"repeat","background-position":"center center","background-size":"auto","background-attachment":"scroll","background-type":"","background-media":"","overlay-type":"","overlay-color":"","overlay-opacity":"","overlay-gradient":""},"mobile":{"background-color":"","background-image":"","background-repeat":"repeat","background-position":"center center","background-size":"auto","background-attachment":"scroll","background-type":"","background-media":"","overlay-type":"","overlay-color":"","overlay-opacity":"","overlay-gradient":""}},"ast-content-background-meta":{"desktop":{"background-color":"var(--ast-global-color-5)","background-image":"","background-repeat":"repeat","background-position":"center center","background-size":"auto","background-attachment":"scroll","background-type":"","background-media":"","overlay-type":"","overlay-color":"","overlay-opacity":"","overlay-gradient":""},"tablet":{"background-color":"var(--ast-global-color-5)","background-image":"","background-repeat":"repeat","background-position":"center center","background-size":"auto","background-attachment":"scroll","background-type":"","background-media":"","overlay-type":"","overlay-color":"","overlay-opacity":"","overlay-gradient":""},"mobile":{"background-color":"var(--ast-global-color-5)","background-image":"","background-repeat":"repeat","background-position":"center center","background-size":"auto","background-attachment":"scroll","background-type":"","background-media":"","overlay-type":"","overlay-color":"","overlay-opacity":"","overlay-gradient":""}},"footnotes":""},"class_list":["post-3706","page","type-page","status-publish","hentry"],"aioseo_notices":[],"_links":{"self":[{"href":"https:\/\/naturefirst.org\/es\/wp-json\/wp\/v2\/pages\/3706","targetHints":{"allow":["GET"]}}],"collection":[{"href":"https:\/\/naturefirst.org\/es\/wp-json\/wp\/v2\/pages"}],"about":[{"href":"https:\/\/naturefirst.org\/es\/wp-json\/wp\/v2\/types\/page"}],"author":[{"embeddable":true,"href":"https:\/\/naturefirst.org\/es\/wp-json\/wp\/v2\/users\/2"}],"replies":[{"embeddable":true,"href":"https:\/\/naturefirst.org\/es\/wp-json\/wp\/v2\/comments?post=3706"}],"version-history":[{"count":10,"href":"https:\/\/naturefirst.org\/es\/wp-json\/wp\/v2\/pages\/3706\/revisions"}],"predecessor-version":[{"id":4782,"href":"https:\/\/naturefirst.org\/es\/wp-json\/wp\/v2\/pages\/3706\/revisions\/4782"}],"wp:attachment":[{"href":"https:\/\/naturefirst.org\/es\/wp-json\/wp\/v2\/media?parent=3706"}],"curies":[{"name":"gracias","href":"https:\/\/api.w.org\/{rel}","templated":true}]}}