{"id":3873,"date":"2023-01-23T09:48:12","date_gmt":"2023-01-23T16:48:12","guid":{"rendered":"https:\/\/naturefirst.org\/?page_id=3873"},"modified":"2023-01-24T15:22:31","modified_gmt":"2023-01-24T22:22:31","slug":"article-submission-guidelines","status":"publish","type":"page","link":"https:\/\/naturefirst.org\/es\/article-submission-guidelines\/","title":{"rendered":"Directrices para la presentaci\u00f3n de art\u00edculos"},"content":{"rendered":"<div data-elementor-type=\"wp-page\" data-elementor-id=\"3873\" class=\"elementor elementor-3873\" data-elementor-post-type=\"page\">\n\t\t\t\t\t\t<section class=\"elementor-section elementor-top-section elementor-element elementor-element-4baae508 elementor-section-height-min-height elementor-section-boxed elementor-section-height-default elementor-section-items-middle\" data-id=\"4baae508\" data-element_type=\"section\" data-e-type=\"section\" data-settings=\"{&quot;background_background&quot;:&quot;classic&quot;}\">\n\t\t\t\t\t\t\t<div class=\"elementor-background-overlay\"><\/div>\n\t\t\t\t\t\t\t<div class=\"elementor-container elementor-column-gap-no\">\n\t\t\t\t\t<div class=\"elementor-column elementor-col-100 elementor-top-column elementor-element elementor-element-517fd2b0\" data-id=\"517fd2b0\" data-element_type=\"column\" data-e-type=\"column\">\n\t\t\t<div class=\"elementor-widget-wrap elementor-element-populated\">\n\t\t\t\t\t\t<div class=\"elementor-element elementor-element-719b5d03 elementor-widget elementor-widget-image-box\" data-id=\"719b5d03\" data-element_type=\"widget\" data-e-type=\"widget\" data-widget_type=\"image-box.default\">\n\t\t\t\t<div class=\"elementor-widget-container\">\n\t\t\t\t\t<div class=\"elementor-image-box-wrapper\"><div class=\"elementor-image-box-content\"><h1 class=\"elementor-image-box-title\">Directrices para la presentaci\u00f3n de art\u00edculos<\/h1><\/div><\/div>\t\t\t\t<\/div>\n\t\t\t\t<\/div>\n\t\t\t\t\t<\/div>\n\t\t<\/div>\n\t\t\t\t\t<\/div>\n\t\t<\/section>\n\t\t\t\t<section class=\"elementor-section elementor-top-section elementor-element elementor-element-11f7e3a8 elementor-section-boxed elementor-section-height-default elementor-section-height-default\" data-id=\"11f7e3a8\" data-element_type=\"section\" data-e-type=\"section\">\n\t\t\t\t\t\t<div class=\"elementor-container elementor-column-gap-default\">\n\t\t\t\t\t<div class=\"elementor-column elementor-col-100 elementor-top-column elementor-element elementor-element-26e95ec5\" data-id=\"26e95ec5\" data-element_type=\"column\" data-e-type=\"column\">\n\t\t\t<div class=\"elementor-widget-wrap elementor-element-populated\">\n\t\t\t\t\t\t<div class=\"elementor-element elementor-element-70e689ff elementor-widget elementor-widget-heading\" data-id=\"70e689ff\" data-element_type=\"widget\" data-e-type=\"widget\" data-widget_type=\"heading.default\">\n\t\t\t\t<div class=\"elementor-widget-container\">\n\t\t\t\t\t<h2 class=\"elementor-heading-title elementor-size-default\">Directrices para la presentaci\u00f3n de art\u00edculos<\/h2>\t\t\t\t<\/div>\n\t\t\t\t<\/div>\n\t\t\t\t<div class=\"elementor-element elementor-element-2444d2a elementor-widget elementor-widget-text-editor\" data-id=\"2444d2a\" data-element_type=\"widget\" data-e-type=\"widget\" data-widget_type=\"text-editor.default\">\n\t\t\t\t<div class=\"elementor-widget-container\">\n\t\t\t\t\t\t\t\t\t<p>Lea atentamente y siga todas las pautas al enviar un art\u00edculo para su publicaci\u00f3n. Las presentaciones que no sigan estas pautas no ser\u00e1n aprobadas.<\/p>\t\t\t\t\t\t\t\t<\/div>\n\t\t\t\t<\/div>\n\t\t\t\t<div class=\"elementor-element elementor-element-5d7bdca5 elementor-widget-divider--view-line elementor-widget elementor-widget-divider\" data-id=\"5d7bdca5\" data-element_type=\"widget\" data-e-type=\"widget\" data-widget_type=\"divider.default\">\n\t\t\t\t<div class=\"elementor-widget-container\">\n\t\t\t\t\t\t\t<div class=\"elementor-divider\">\n\t\t\t<span class=\"elementor-divider-separator\">\n\t\t\t\t\t\t<\/span>\n\t\t<\/div>\n\t\t\t\t\t\t<\/div>\n\t\t\t\t<\/div>\n\t\t\t\t<div class=\"elementor-element elementor-element-1d949de elementor-widget elementor-widget-text-editor\" data-id=\"1d949de\" data-element_type=\"widget\" data-e-type=\"widget\" data-widget_type=\"text-editor.default\">\n\t\t\t\t<div class=\"elementor-widget-container\">\n\t\t\t\t\t\t\t\t\t<h3>Reglas generales<\/h3>\n<p>Todos los miembros de Nature First pueden enviar un art\u00edculo para su publicaci\u00f3n en Nature First. Aseg\u00farese de leer algunos de nuestros <strong><a href=\"https:\/\/naturefirst.org\/es\/learn-more\/\">Art\u00edculos relacionados<\/a><\/strong> antes de enviar Esto lo ayudar\u00e1 a ver los temas que ya se han tratado y le dar\u00e1 una idea general del dise\u00f1o y el formato preferidos.<\/p>\n<p>Nature First est\u00e1 buscando art\u00edculos con los siguientes temas:<\/p>\n<ul>\n<li>Practicar los Principios Nature First en ecosistemas espec\u00edficos.<\/li>\n<li>Actuar para promover la fotograf\u00eda de naturaleza responsable.<\/li>\n<li>Uso de la fotograf\u00eda para la preservaci\u00f3n, la conservaci\u00f3n y la educaci\u00f3n sobre el mundo natural.<\/li>\n<li>Historias personales sobre c\u00f3mo convertirse en un fot\u00f3grafo de naturaleza \u00e9tico y responsable, y lo que aprendi\u00f3 en el camino.<\/li>\n<\/ul>\n<h3>Reglas generales<\/h3>\n<div>\n<p>Los art\u00edculos aprobados contar\u00e1n una historia fresca y atractiva, estar\u00e1n bien escritos con una prosa clara y concisa y estar\u00e1n ilustrados con im\u00e1genes de alta calidad. No se aceptar\u00e1n art\u00edculos con errores gramaticales excesivos. Tenga en cuenta que todos los art\u00edculos estar\u00e1n disponibles para la traducci\u00f3n autom\u00e1tica autom\u00e1tica. Los autores deben abstenerse de la jerga y los coloquialismos que no se traducen bien en el idioma y la cultura.<\/p>\n<p>Las presentaciones de art\u00edculos deben:<\/p>\n<ul>\n<li>ser enteramente creaci\u00f3n del autor que env\u00eda y no publicado previamente, incluido el sitio web del autor.&nbsp;<\/li>\n<li>estar en ingl\u00e9s, entre 800 y 2500 palabras de extensi\u00f3n.<\/li>\n<li>incluya de 4 a 7 im\u00e1genes de alta calidad, al menos 1200 px en el borde largo y un tama\u00f1o de archivo inferior a 2 mb.<\/li>\n<li>proporcione su nombre completo y enlaces a su sitio web y\/o redes sociales para que se incluyan en una l\u00ednea con el art\u00edculo publicado.<\/li>\n<li>ser del tipo de archivo: .doc, .docx, .jpg, .zip&nbsp;<\/li>\n<\/ul>\n<h3>T\u00e9rminos del acuerdo<\/h3>\n<ol>\n<li>Usted otorga una licencia a Nature First con derechos electr\u00f3nicos mundiales no exclusivos para publicar y mostrar su art\u00edculo en el sitio web de Nature First de forma indefinida.<\/li>\n<li>Usted declara que es el \u00fanico propietario de los derechos de autor del texto y las fotograf\u00edas enviados.<\/li>\n<li>Has le\u00eddo y entendido <a href=\"https:\/\/naturefirst.org\/es\/terms-of-use\/\">Condiciones de uso de Nature First<\/a>.<\/li>\n<li>Usted acepta no responsabilizar a Nature First por ninguna reproducci\u00f3n no autorizada de su texto y fotograf\u00edas, ni por ning\u00fan reclamo por da\u00f1os que resulten de la publicaci\u00f3n de su art\u00edculo en el sitio web de Nature First.<\/li>\n<li>Usted acepta que Nature First puede editar el texto enviado en cuanto a gram\u00e1tica, estructura y dise\u00f1o.<\/li>\n<li>Usted acepta que Nature First puede editar las im\u00e1genes enviadas, incluido, entre otros, el cambio de tama\u00f1o.<\/li>\n<li>Nature First le notificar\u00e1 sobre la aprobaci\u00f3n de la publicaci\u00f3n, por correo electr\u00f3nico, dentro de los 30 d\u00edas posteriores al env\u00edo.<\/li>\n<li>Los autores ser\u00e1n acreditados con una firma en la publicaci\u00f3n que contenga su nombre y enlaces al sitio web y\/o cuentas de redes sociales.<\/li>\n<li>Los autores ser\u00e1n compensados con $50.00 US por cada art\u00edculo aprobado. Nature First enviar\u00e1 la compensaci\u00f3n, a trav\u00e9s de PayPal, dentro de los 15 d\u00edas posteriores a la fecha de aprobaci\u00f3n.<\/li>\n<\/ol>\n<p>Por favor <a href=\"https:\/\/naturefirst.org\/es\/contact\/\">Cont\u00e1ctenos<\/a> si tiene alguna pregunta con respecto a las pautas o acuerdos anteriores.<\/p>\n<\/div>\t\t\t\t\t\t\t\t<\/div>\n\t\t\t\t<\/div>\n\t\t\t\t\t<\/div>\n\t\t<\/div>\n\t\t\t\t\t<\/div>\n\t\t<\/section>\n\t\t\t\t<\/div>","protected":false},"excerpt":{"rendered":"<p>Article Submission Guidelines Article Submission Guidelines Please read carefully and follow all guidelines when submitting an article for publication. Submissions that do not follow these guidelines will not be approved. General Guidelines All Nature First members are welcome to submit an article for publication at Nature First. Be sure to read some of our featured [&hellip;]<\/p>\n","protected":false},"author":2,"featured_media":0,"parent":0,"menu_order":0,"comment_status":"closed","ping_status":"closed","template":"","meta":{"_mo_disable_npp":"","site-sidebar-layout":"no-sidebar","site-content-layout":"page-builder","ast-site-content-layout":"default","site-content-style":"default","site-sidebar-style":"default","ast-global-header-display":"","ast-banner-title-visibility":"","ast-main-header-display":"","ast-hfb-above-header-display":"","ast-hfb-below-header-display":"","ast-hfb-mobile-header-display":"","site-post-title":"disabled","ast-breadcrumbs-content":"","ast-featured-img":"disabled","footer-sml-layout":"","ast-disable-related-posts":"","theme-transparent-header-meta":"","adv-header-id-meta":"","stick-header-meta":"","header-above-stick-meta":"","header-main-stick-meta":"","header-below-stick-meta":"","astra-migrate-meta-layouts":"default","ast-page-background-enabled":"default","ast-page-background-meta":{"desktop":{"background-color":"","background-image":"","background-repeat":"repeat","background-position":"center center","background-size":"auto","background-attachment":"scroll","background-type":"","background-media":"","overlay-type":"","overlay-color":"","overlay-opacity":"","overlay-gradient":""},"tablet":{"background-color":"","background-image":"","background-repeat":"repeat","background-position":"center center","background-size":"auto","background-attachment":"scroll","background-type":"","background-media":"","overlay-type":"","overlay-color":"","overlay-opacity":"","overlay-gradient":""},"mobile":{"background-color":"","background-image":"","background-repeat":"repeat","background-position":"center center","background-size":"auto","background-attachment":"scroll","background-type":"","background-media":"","overlay-type":"","overlay-color":"","overlay-opacity":"","overlay-gradient":""}},"ast-content-background-meta":{"desktop":{"background-color":"var(--ast-global-color-5)","background-image":"","background-repeat":"repeat","background-position":"center center","background-size":"auto","background-attachment":"scroll","background-type":"","background-media":"","overlay-type":"","overlay-color":"","overlay-opacity":"","overlay-gradient":""},"tablet":{"background-color":"var(--ast-global-color-5)","background-image":"","background-repeat":"repeat","background-position":"center center","background-size":"auto","background-attachment":"scroll","background-type":"","background-media":"","overlay-type":"","overlay-color":"","overlay-opacity":"","overlay-gradient":""},"mobile":{"background-color":"var(--ast-global-color-5)","background-image":"","background-repeat":"repeat","background-position":"center center","background-size":"auto","background-attachment":"scroll","background-type":"","background-media":"","overlay-type":"","overlay-color":"","overlay-opacity":"","overlay-gradient":""}},"footnotes":""},"class_list":["post-3873","page","type-page","status-publish","hentry"],"aioseo_notices":[],"_links":{"self":[{"href":"https:\/\/naturefirst.org\/es\/wp-json\/wp\/v2\/pages\/3873","targetHints":{"allow":["GET"]}}],"collection":[{"href":"https:\/\/naturefirst.org\/es\/wp-json\/wp\/v2\/pages"}],"about":[{"href":"https:\/\/naturefirst.org\/es\/wp-json\/wp\/v2\/types\/page"}],"author":[{"embeddable":true,"href":"https:\/\/naturefirst.org\/es\/wp-json\/wp\/v2\/users\/2"}],"replies":[{"embeddable":true,"href":"https:\/\/naturefirst.org\/es\/wp-json\/wp\/v2\/comments?post=3873"}],"version-history":[{"count":17,"href":"https:\/\/naturefirst.org\/es\/wp-json\/wp\/v2\/pages\/3873\/revisions"}],"predecessor-version":[{"id":3988,"href":"https:\/\/naturefirst.org\/es\/wp-json\/wp\/v2\/pages\/3873\/revisions\/3988"}],"wp:attachment":[{"href":"https:\/\/naturefirst.org\/es\/wp-json\/wp\/v2\/media?parent=3873"}],"curies":[{"name":"gracias","href":"https:\/\/api.w.org\/{rel}","templated":true}]}}