{"id":416,"date":"2022-08-20T21:18:43","date_gmt":"2022-08-20T21:18:43","guid":{"rendered":"https:\/\/naturefirst.org\/?page_id=416"},"modified":"2023-09-26T09:14:33","modified_gmt":"2023-09-26T15:14:33","slug":"why-nature-first","status":"publish","type":"page","link":"https:\/\/naturefirst.org\/es\/why-nature-first\/","title":{"rendered":"\u00bfPor qu\u00e9 la naturaleza primero?"},"content":{"rendered":"<div data-elementor-type=\"wp-page\" data-elementor-id=\"416\" class=\"elementor elementor-416\" data-elementor-post-type=\"page\">\n\t\t\t\t\t\t<section class=\"elementor-section elementor-top-section elementor-element elementor-element-4b1754d0 elementor-section-height-min-height elementor-section-boxed elementor-section-height-default elementor-section-items-middle\" data-id=\"4b1754d0\" data-element_type=\"section\" data-e-type=\"section\" data-settings=\"{&quot;background_background&quot;:&quot;classic&quot;}\">\n\t\t\t\t\t\t\t<div class=\"elementor-background-overlay\"><\/div>\n\t\t\t\t\t\t\t<div class=\"elementor-container elementor-column-gap-no\">\n\t\t\t\t\t<div class=\"elementor-column elementor-col-100 elementor-top-column elementor-element elementor-element-7db71d5d\" data-id=\"7db71d5d\" data-element_type=\"column\" data-e-type=\"column\">\n\t\t\t<div class=\"elementor-widget-wrap elementor-element-populated\">\n\t\t\t\t\t\t<div class=\"elementor-element elementor-element-78abb84f elementor-widget elementor-widget-image-box\" data-id=\"78abb84f\" data-element_type=\"widget\" data-e-type=\"widget\" data-widget_type=\"image-box.default\">\n\t\t\t\t<div class=\"elementor-widget-container\">\n\t\t\t\t\t<div class=\"elementor-image-box-wrapper\"><div class=\"elementor-image-box-content\"><h1 class=\"elementor-image-box-title\">\u00bfPor qu\u00e9 la naturaleza primero?<\/h1><\/div><\/div>\t\t\t\t<\/div>\n\t\t\t\t<\/div>\n\t\t\t\t<div class=\"elementor-element elementor-element-685c9b36 elementor-widget elementor-widget-text-editor\" data-id=\"685c9b36\" data-element_type=\"widget\" data-e-type=\"widget\" data-widget_type=\"text-editor.default\">\n\t\t\t\t<div class=\"elementor-widget-container\">\n\t\t\t\t\t\t\t\t\t<p>La Alianza para la Fotograf\u00eda Responsable de la Naturaleza<\/p>\t\t\t\t\t\t\t\t<\/div>\n\t\t\t\t<\/div>\n\t\t\t\t\t<\/div>\n\t\t<\/div>\n\t\t\t\t\t<\/div>\n\t\t<\/section>\n\t\t\t\t<section class=\"elementor-section elementor-top-section elementor-element elementor-element-72e514e0 elementor-section-boxed elementor-section-height-default elementor-section-height-default\" data-id=\"72e514e0\" data-element_type=\"section\" data-e-type=\"section\">\n\t\t\t\t\t\t<div class=\"elementor-container elementor-column-gap-default\">\n\t\t\t\t\t<div class=\"elementor-column elementor-col-100 elementor-top-column elementor-element elementor-element-17c7a8ed\" data-id=\"17c7a8ed\" data-element_type=\"column\" data-e-type=\"column\">\n\t\t\t<div class=\"elementor-widget-wrap elementor-element-populated\">\n\t\t\t\t\t\t<div class=\"elementor-element elementor-element-5b3d0e63 elementor-widget elementor-widget-heading\" data-id=\"5b3d0e63\" data-element_type=\"widget\" data-e-type=\"widget\" data-widget_type=\"heading.default\">\n\t\t\t\t<div class=\"elementor-widget-container\">\n\t\t\t\t\t<h2 class=\"elementor-heading-title elementor-size-default\">Nuestra misi\u00f3n...<\/h2>\t\t\t\t<\/div>\n\t\t\t\t<\/div>\n\t\t\t\t<div class=\"elementor-element elementor-element-81d7ec3 elementor-widget elementor-widget-text-editor\" data-id=\"81d7ec3\" data-element_type=\"widget\" data-e-type=\"widget\" data-widget_type=\"text-editor.default\">\n\t\t\t\t<div class=\"elementor-widget-container\">\n\t\t\t\t\t\t\t\t\t<p><strong>Nature First promueve la protecci\u00f3n y preservaci\u00f3n de los lugares naturales y salvajes del mundo inspirando, educando y uniendo a todos los que hacen fotograf\u00edas y videos en la naturaleza; capacit\u00e1ndolos para ser embajadores del mundo natural.<\/strong><\/p>\t\t\t\t\t\t\t\t<\/div>\n\t\t\t\t<\/div>\n\t\t\t\t<div class=\"elementor-element elementor-element-8879313 elementor-widget-divider--view-line elementor-widget elementor-widget-divider\" data-id=\"8879313\" data-element_type=\"widget\" data-e-type=\"widget\" data-widget_type=\"divider.default\">\n\t\t\t\t<div class=\"elementor-widget-container\">\n\t\t\t\t\t\t\t<div class=\"elementor-divider\">\n\t\t\t<span class=\"elementor-divider-separator\">\n\t\t\t\t\t\t<\/span>\n\t\t<\/div>\n\t\t\t\t\t\t<\/div>\n\t\t\t\t<\/div>\n\t\t\t\t<section class=\"elementor-section elementor-inner-section elementor-element elementor-element-0a10264 elementor-section-boxed elementor-section-height-default elementor-section-height-default\" data-id=\"0a10264\" data-element_type=\"section\" data-e-type=\"section\">\n\t\t\t\t\t\t<div class=\"elementor-container elementor-column-gap-default\">\n\t\t\t\t\t<div class=\"elementor-column elementor-col-50 elementor-inner-column elementor-element elementor-element-dbaad28\" data-id=\"dbaad28\" data-element_type=\"column\" data-e-type=\"column\">\n\t\t\t<div class=\"elementor-widget-wrap elementor-element-populated\">\n\t\t\t\t\t\t<div class=\"elementor-element elementor-element-e88d22b elementor-widget elementor-widget-video\" data-id=\"e88d22b\" data-element_type=\"widget\" data-e-type=\"widget\" data-settings=\"{&quot;youtube_url&quot;:&quot;https:\\\/\\\/www.youtube.com\\\/watch?v=oYkov7AUMFg&quot;,&quot;video_type&quot;:&quot;youtube&quot;,&quot;controls&quot;:&quot;yes&quot;}\" data-widget_type=\"video.default\">\n\t\t\t\t<div class=\"elementor-widget-container\">\n\t\t\t\t\t\t\t<div class=\"elementor-wrapper elementor-open-inline\">\n\t\t\t<div class=\"elementor-video\"><\/div>\t\t<\/div>\n\t\t\t\t\t\t<\/div>\n\t\t\t\t<\/div>\n\t\t\t\t\t<\/div>\n\t\t<\/div>\n\t\t\t\t<div class=\"elementor-column elementor-col-50 elementor-inner-column elementor-element elementor-element-ad296c9\" data-id=\"ad296c9\" data-element_type=\"column\" data-e-type=\"column\">\n\t\t\t<div class=\"elementor-widget-wrap elementor-element-populated\">\n\t\t\t\t\t\t<div class=\"elementor-element elementor-element-eb6e4bc elementor-widget elementor-widget-text-editor\" data-id=\"eb6e4bc\" data-element_type=\"widget\" data-e-type=\"widget\" data-widget_type=\"text-editor.default\">\n\t\t\t\t<div class=\"elementor-widget-container\">\n\t\t\t\t\t\t\t\t\t<p>Descubra por qu\u00e9 Alister Benn, talentoso fot\u00f3grafo y fundador de&nbsp;<a href=\"https:\/\/expressive.photography\/\" target=\"_blank\">Fotograf\u00eda expresiva<\/a>, es miembro de Nature First y cree que la \u00e9tica en la fotograf\u00eda de naturaleza es importante.&nbsp;<\/p>\n<p>Como educador y l\u00edder de talleres, comprende que muchos (inconscientemente) lo consideran un modelo a seguir. No solo practica la fotograf\u00eda de naturaleza \u00e9tica en el campo, sino que tambi\u00e9n ha pensado profundamente en minimizar su impacto mientras equilibra su vida diaria y sus actividades comerciales.<\/p>\n<p>Nadie puede ser \u201cperfecto\u201d reduciendo su impacto a cero, pero todos podemos ser conscientes y responsables con nuestra fotograf\u00eda de naturaleza. Es simplemente lo \u00e9tico que hay que hacer.<\/p>\t\t\t\t\t\t\t\t<\/div>\n\t\t\t\t<\/div>\n\t\t\t\t\t<\/div>\n\t\t<\/div>\n\t\t\t\t\t<\/div>\n\t\t<\/section>\n\t\t\t\t<div class=\"elementor-element elementor-element-da21525 elementor-widget-divider--view-line elementor-widget elementor-widget-divider\" data-id=\"da21525\" data-element_type=\"widget\" data-e-type=\"widget\" data-widget_type=\"divider.default\">\n\t\t\t\t<div class=\"elementor-widget-container\">\n\t\t\t\t\t\t\t<div class=\"elementor-divider\">\n\t\t\t<span class=\"elementor-divider-separator\">\n\t\t\t\t\t\t<\/span>\n\t\t<\/div>\n\t\t\t\t\t\t<\/div>\n\t\t\t\t<\/div>\n\t\t\t\t<div class=\"elementor-element elementor-element-0728deb elementor-widget elementor-widget-text-editor\" data-id=\"0728deb\" data-element_type=\"widget\" data-e-type=\"widget\" data-widget_type=\"text-editor.default\">\n\t\t\t\t<div class=\"elementor-widget-container\">\n\t\t\t\t\t\t\t\t\t<p>La fotograf\u00eda y el mundo natural han ido de la mano desde los primeros d\u00edas de la c\u00e1mara. Hist\u00f3ricamente, la fotograf\u00eda ha sido una herramienta vital en la protecci\u00f3n del medio ambiente, promoviendo la conservaci\u00f3n de lugares salvajes y fomentando pr\u00e1cticas positivas de administraci\u00f3n. Ya en la d\u00e9cada de 1860, el trabajo del fot\u00f3grafo Carleton Watkins ayud\u00f3 a allanar el camino para la creaci\u00f3n posterior del Parque Nacional de Yosemite y fot\u00f3grafos como William Henry Jackson, Ansel Adams, Philip Hyde y muchos otros hicieron contribuciones significativas a la protecci\u00f3n de la vida salvaje de Estados Unidos. tierras y vida silvestre. En todo el mundo, los fot\u00f3grafos de naturaleza han hecho contribuciones similares, dejando un legado que hace posible que los fot\u00f3grafos de hoy disfruten de lugares salvajes protegidos.<\/p>\t\t\t\t\t\t\t\t<\/div>\n\t\t\t\t<\/div>\n\t\t\t\t\t<\/div>\n\t\t<\/div>\n\t\t\t\t\t<\/div>\n\t\t<\/section>\n\t\t\t\t<section class=\"elementor-section elementor-top-section elementor-element elementor-element-7c1a969 elementor-section-boxed elementor-section-height-default elementor-section-height-default\" data-id=\"7c1a969\" data-element_type=\"section\" data-e-type=\"section\">\n\t\t\t\t\t\t<div class=\"elementor-container elementor-column-gap-default\">\n\t\t\t\t\t<div class=\"elementor-column elementor-col-50 elementor-top-column elementor-element elementor-element-d1579b5\" data-id=\"d1579b5\" data-element_type=\"column\" data-e-type=\"column\">\n\t\t\t<div class=\"elementor-widget-wrap elementor-element-populated\">\n\t\t\t\t\t\t<div class=\"elementor-element elementor-element-ac40b06 elementor-widget elementor-widget-text-editor\" data-id=\"ac40b06\" data-element_type=\"widget\" data-e-type=\"widget\" data-widget_type=\"text-editor.default\">\n\t\t\t\t<div class=\"elementor-widget-container\">\n\t\t\t\t\t\t\t\t\t<p><strong>M\u00e1s recientemente, una convergencia de factores complejos est\u00e1 teniendo un impacto cada vez m\u00e1s negativo en las tierras p\u00fablicas y protegidas. Estos factores incluyen:<\/strong><\/p><ul data-rte-list=\"default\"><li><strong>El auge de las redes sociales, que aumenta la facilidad de compartir fotos e informaci\u00f3n de ubicaci\u00f3n en l\u00ednea<\/strong><\/li><li><strong>Un aumento significativo en la popularidad de la fotograf\u00eda.<\/strong><\/li><li><strong>Aumentos dram\u00e1ticos en las visitas a tierras p\u00fablicas y lugares salvajes.<\/strong><\/li><li><strong>Falta de conocimiento generalizado de las pr\u00e1cticas b\u00e1sicas de administraci\u00f3n y \u00e9tica al aire libre<\/strong><\/li><\/ul>\t\t\t\t\t\t\t\t<\/div>\n\t\t\t\t<\/div>\n\t\t\t\t\t<\/div>\n\t\t<\/div>\n\t\t\t\t<div class=\"elementor-column elementor-col-50 elementor-top-column elementor-element elementor-element-4d39f8d\" data-id=\"4d39f8d\" data-element_type=\"column\" data-e-type=\"column\">\n\t\t\t<div class=\"elementor-widget-wrap elementor-element-populated\">\n\t\t\t\t\t\t<div class=\"elementor-element elementor-element-ce537a2 elementor-widget elementor-widget-image\" data-id=\"ce537a2\" data-element_type=\"widget\" data-e-type=\"widget\" data-widget_type=\"image.default\">\n\t\t\t\t<div class=\"elementor-widget-container\">\n\t\t\t\t\t\t\t\t\t\t\t\t\t\t\t<img fetchpriority=\"high\" decoding=\"async\" width=\"1024\" height=\"686\" src=\"https:\/\/naturefirst.org\/wp-content\/uploads\/Mesa-Arch-Joshua-Snow-1024x686.jpg\" class=\"attachment-large size-large wp-image-422\" alt=\"\" srcset=\"https:\/\/naturefirst.org\/wp-content\/uploads\/Mesa-Arch-Joshua-Snow-1024x686.jpg 1024w, https:\/\/naturefirst.org\/wp-content\/uploads\/Mesa-Arch-Joshua-Snow-500x335.jpg 500w, https:\/\/naturefirst.org\/wp-content\/uploads\/Mesa-Arch-Joshua-Snow-768x515.jpg 768w, https:\/\/naturefirst.org\/wp-content\/uploads\/Mesa-Arch-Joshua-Snow-18x12.jpg 18w, https:\/\/naturefirst.org\/wp-content\/uploads\/Mesa-Arch-Joshua-Snow.jpg 1250w\" sizes=\"(max-width: 1024px) 100vw, 1024px\" \/>\t\t\t\t\t\t\t\t\t\t\t\t\t\t\t<\/div>\n\t\t\t\t<\/div>\n\t\t\t\t<div class=\"elementor-element elementor-element-eeeac5c elementor-widget elementor-widget-text-editor\" data-id=\"eeeac5c\" data-element_type=\"widget\" data-e-type=\"widget\" data-widget_type=\"text-editor.default\">\n\t\t\t\t<div class=\"elementor-widget-container\">\n\t\t\t\t\t\t\t\t\t<p>\u00bfLos fot\u00f3grafos de la naturaleza se est\u00e1n convirtiendo cada vez m\u00e1s en una responsabilidad por los hermosos entornos que aprecian y fotograf\u00edan?<\/p>\t\t\t\t\t\t\t\t<\/div>\n\t\t\t\t<\/div>\n\t\t\t\t\t<\/div>\n\t\t<\/div>\n\t\t\t\t\t<\/div>\n\t\t<\/section>\n\t\t\t\t<section class=\"elementor-section elementor-top-section elementor-element elementor-element-4efdc4b elementor-section-boxed elementor-section-height-default elementor-section-height-default\" data-id=\"4efdc4b\" data-element_type=\"section\" data-e-type=\"section\">\n\t\t\t\t\t\t<div class=\"elementor-container elementor-column-gap-default\">\n\t\t\t\t\t<div class=\"elementor-column elementor-col-100 elementor-top-column elementor-element elementor-element-ac17f4d\" data-id=\"ac17f4d\" data-element_type=\"column\" data-e-type=\"column\">\n\t\t\t<div class=\"elementor-widget-wrap elementor-element-populated\">\n\t\t\t\t\t\t<div class=\"elementor-element elementor-element-8a838d0 elementor-widget elementor-widget-text-editor\" data-id=\"8a838d0\" data-element_type=\"widget\" data-e-type=\"widget\" data-widget_type=\"text-editor.default\">\n\t\t\t\t<div class=\"elementor-widget-container\">\n\t\t\t\t\t\t\t\t\t<p>Como resultado de estos y otros factores, hemos llegado a un punto en el que los visitantes en general, y los fot\u00f3grafos en particular, est\u00e1n causando impactos negativos tangibles, extensos y que empeoran progresivamente en la naturaleza. Por ejemplo, algunos fot\u00f3grafos est\u00e1n pisoteando tierras salvajes, ignorando regulaciones, da\u00f1ando \u00e1reas sensibles, interrumpiendo y disminuyendo las experiencias de otros usuarios, perturbando la vida silvestre e invitando (impl\u00edcita o expl\u00edcitamente) al p\u00fablico a hacer lo mismo.<\/p><p>Si bien el m\u00e1s significativo de estos desarrollos puede parecer separado de la fotograf\u00eda, muchas de estas presiones sobre las tierras salvajes provienen de personas que se sienten atra\u00eddas por esos lugares debido a fotograf\u00edas inspiradoras. La mayor\u00eda de los fot\u00f3grafos individuales no han contribuido intencionalmente a estos impactos negativos. A\u00fan as\u00ed, tenemos la oportunidad de reconocer que los fot\u00f3grafos de la naturaleza se han convertido en un importante contribuyente a estos problemas y, por lo tanto, tienen la responsabilidad de abordar estas tendencias de manera proactiva y positiva.<\/p><p>Un grupo de fot\u00f3grafos de la naturaleza preocupados por estas tendencias aceleradas se ha unido y ha contribuido a la creaci\u00f3n de estos principios. Cada uno de nosotros se ha comprometido a seguir y promover estas pr\u00e1cticas y animar a nuestros compa\u00f1eros fot\u00f3grafos a hacer lo mismo. Si los fot\u00f3grafos de la naturaleza no toman este tipo de acci\u00f3n colectiva y proactiva, no solo seguiremos viendo da\u00f1os extensos e irreparables en nuestros lugares naturales m\u00e1s preciados, sino que tambi\u00e9n veremos un n\u00famero creciente de regulaciones y restricciones impuestas a los fot\u00f3grafos.<\/p><p>\u00danase a nosotros para considerar y posiblemente repensar sus propias pr\u00e1cticas, adoptar o adaptar estos principios y ayudar a promover estas ideas entre otros fot\u00f3grafos.<\/p>\t\t\t\t\t\t\t\t<\/div>\n\t\t\t\t<\/div>\n\t\t\t\t\t<\/div>\n\t\t<\/div>\n\t\t\t\t\t<\/div>\n\t\t<\/section>\n\t\t\t\t<section class=\"elementor-section elementor-top-section elementor-element elementor-element-34c2257 elementor-section-boxed elementor-section-height-default elementor-section-height-default\" data-id=\"34c2257\" data-element_type=\"section\" data-e-type=\"section\">\n\t\t\t\t\t\t<div class=\"elementor-container elementor-column-gap-default\">\n\t\t\t\t\t<div class=\"elementor-column elementor-col-100 elementor-top-column elementor-element elementor-element-ae3c142\" data-id=\"ae3c142\" data-element_type=\"column\" data-e-type=\"column\">\n\t\t\t<div class=\"elementor-widget-wrap elementor-element-populated\">\n\t\t\t\t\t\t<div class=\"elementor-element elementor-element-83b3473 elementor-widget elementor-widget-text-editor\" data-id=\"83b3473\" data-element_type=\"widget\" data-e-type=\"widget\" data-widget_type=\"text-editor.default\">\n\t\t\t\t<div class=\"elementor-widget-container\">\n\t\t\t\t\t\t\t\t\t<p><a title=\"Principios\" href=\"https:\/\/naturefirst.org\/es\/principles\/\">M\u00e1s informaci\u00f3n sobre los Principios Nature First<\/a><\/p>\t\t\t\t\t\t\t\t<\/div>\n\t\t\t\t<\/div>\n\t\t\t\t<div class=\"elementor-element elementor-element-fefcb30 elementor-widget-divider--view-line elementor-widget elementor-widget-divider\" data-id=\"fefcb30\" data-element_type=\"widget\" data-e-type=\"widget\" data-widget_type=\"divider.default\">\n\t\t\t\t<div class=\"elementor-widget-container\">\n\t\t\t\t\t\t\t<div class=\"elementor-divider\">\n\t\t\t<span class=\"elementor-divider-separator\">\n\t\t\t\t\t\t<\/span>\n\t\t<\/div>\n\t\t\t\t\t\t<\/div>\n\t\t\t\t<\/div>\n\t\t\t\t\t<\/div>\n\t\t<\/div>\n\t\t\t\t\t<\/div>\n\t\t<\/section>\n\t\t\t\t<\/div>","protected":false},"excerpt":{"rendered":"<p>Why Nature First? The Alliance for Responsible Nature Photography Our Mission&#8230; Nature First promotes the protection and preservation of the world&#8217;s natural and wild places through inspiring, educating, and uniting everyone making photographs and videos in nature; empowering them to be ambassadors of the natural world. https:\/\/www.youtube.com\/watch?v=oYkov7AUMFg Learn why Alister Benn, talented photographer and founder [&hellip;]<\/p>\n","protected":false},"author":2,"featured_media":0,"parent":0,"menu_order":0,"comment_status":"closed","ping_status":"closed","template":"","meta":{"_mo_disable_npp":"","site-sidebar-layout":"no-sidebar","site-content-layout":"page-builder","ast-site-content-layout":"default","site-content-style":"default","site-sidebar-style":"default","ast-global-header-display":"","ast-banner-title-visibility":"","ast-main-header-display":"","ast-hfb-above-header-display":"","ast-hfb-below-header-display":"","ast-hfb-mobile-header-display":"","site-post-title":"disabled","ast-breadcrumbs-content":"","ast-featured-img":"disabled","footer-sml-layout":"","ast-disable-related-posts":"","theme-transparent-header-meta":"","adv-header-id-meta":"","stick-header-meta":"","header-above-stick-meta":"","header-main-stick-meta":"","header-below-stick-meta":"","astra-migrate-meta-layouts":"default","ast-page-background-enabled":"default","ast-page-background-meta":{"desktop":{"background-color":"","background-image":"","background-repeat":"repeat","background-position":"center center","background-size":"auto","background-attachment":"scroll","background-type":"","background-media":"","overlay-type":"","overlay-color":"","overlay-opacity":"","overlay-gradient":""},"tablet":{"background-color":"","background-image":"","background-repeat":"repeat","background-position":"center center","background-size":"auto","background-attachment":"scroll","background-type":"","background-media":"","overlay-type":"","overlay-color":"","overlay-opacity":"","overlay-gradient":""},"mobile":{"background-color":"","background-image":"","background-repeat":"repeat","background-position":"center center","background-size":"auto","background-attachment":"scroll","background-type":"","background-media":"","overlay-type":"","overlay-color":"","overlay-opacity":"","overlay-gradient":""}},"ast-content-background-meta":{"desktop":{"background-color":"var(--ast-global-color-5)","background-image":"","background-repeat":"repeat","background-position":"center center","background-size":"auto","background-attachment":"scroll","background-type":"","background-media":"","overlay-type":"","overlay-color":"","overlay-opacity":"","overlay-gradient":""},"tablet":{"background-color":"var(--ast-global-color-5)","background-image":"","background-repeat":"repeat","background-position":"center center","background-size":"auto","background-attachment":"scroll","background-type":"","background-media":"","overlay-type":"","overlay-color":"","overlay-opacity":"","overlay-gradient":""},"mobile":{"background-color":"var(--ast-global-color-5)","background-image":"","background-repeat":"repeat","background-position":"center center","background-size":"auto","background-attachment":"scroll","background-type":"","background-media":"","overlay-type":"","overlay-color":"","overlay-opacity":"","overlay-gradient":""}},"footnotes":""},"class_list":["post-416","page","type-page","status-publish","hentry"],"aioseo_notices":[],"_links":{"self":[{"href":"https:\/\/naturefirst.org\/es\/wp-json\/wp\/v2\/pages\/416","targetHints":{"allow":["GET"]}}],"collection":[{"href":"https:\/\/naturefirst.org\/es\/wp-json\/wp\/v2\/pages"}],"about":[{"href":"https:\/\/naturefirst.org\/es\/wp-json\/wp\/v2\/types\/page"}],"author":[{"embeddable":true,"href":"https:\/\/naturefirst.org\/es\/wp-json\/wp\/v2\/users\/2"}],"replies":[{"embeddable":true,"href":"https:\/\/naturefirst.org\/es\/wp-json\/wp\/v2\/comments?post=416"}],"version-history":[{"count":11,"href":"https:\/\/naturefirst.org\/es\/wp-json\/wp\/v2\/pages\/416\/revisions"}],"predecessor-version":[{"id":4607,"href":"https:\/\/naturefirst.org\/es\/wp-json\/wp\/v2\/pages\/416\/revisions\/4607"}],"wp:attachment":[{"href":"https:\/\/naturefirst.org\/es\/wp-json\/wp\/v2\/media?parent=416"}],"curies":[{"name":"gracias","href":"https:\/\/api.w.org\/{rel}","templated":true}]}}