{"id":457,"date":"2022-08-20T21:41:36","date_gmt":"2022-08-20T21:41:36","guid":{"rendered":"https:\/\/naturefirst.org\/?page_id=457"},"modified":"2024-07-26T11:20:52","modified_gmt":"2024-07-26T17:20:52","slug":"cookie-policy","status":"publish","type":"page","link":"https:\/\/naturefirst.org\/es\/cookie-policy\/","title":{"rendered":"Pol\u00edtica de cookies"},"content":{"rendered":"<div data-elementor-type=\"wp-page\" data-elementor-id=\"457\" class=\"elementor elementor-457\" data-elementor-post-type=\"page\">\n\t\t\t\t\t\t<section class=\"elementor-section elementor-top-section elementor-element elementor-element-679d1ac5 elementor-section-height-min-height elementor-section-boxed elementor-section-height-default elementor-section-items-middle\" data-id=\"679d1ac5\" data-element_type=\"section\" data-e-type=\"section\" data-settings=\"{&quot;background_background&quot;:&quot;classic&quot;}\">\n\t\t\t\t\t\t\t<div class=\"elementor-background-overlay\"><\/div>\n\t\t\t\t\t\t\t<div class=\"elementor-container elementor-column-gap-no\">\n\t\t\t\t\t<div class=\"elementor-column elementor-col-100 elementor-top-column elementor-element elementor-element-60198d81\" data-id=\"60198d81\" data-element_type=\"column\" data-e-type=\"column\">\n\t\t\t<div class=\"elementor-widget-wrap elementor-element-populated\">\n\t\t\t\t\t\t<div class=\"elementor-element elementor-element-38714abc elementor-widget elementor-widget-image-box\" data-id=\"38714abc\" data-element_type=\"widget\" data-e-type=\"widget\" data-widget_type=\"image-box.default\">\n\t\t\t\t<div class=\"elementor-widget-container\">\n\t\t\t\t\t<div class=\"elementor-image-box-wrapper\"><div class=\"elementor-image-box-content\"><h1 class=\"elementor-image-box-title\">Pol\u00edtica de cookies<\/h1><\/div><\/div>\t\t\t\t<\/div>\n\t\t\t\t<\/div>\n\t\t\t\t\t<\/div>\n\t\t<\/div>\n\t\t\t\t\t<\/div>\n\t\t<\/section>\n\t\t\t\t<section class=\"elementor-section elementor-top-section elementor-element elementor-element-63f70ab6 elementor-section-boxed elementor-section-height-default elementor-section-height-default\" data-id=\"63f70ab6\" data-element_type=\"section\" data-e-type=\"section\">\n\t\t\t\t\t\t<div class=\"elementor-container elementor-column-gap-default\">\n\t\t\t\t\t<div class=\"elementor-column elementor-col-100 elementor-top-column elementor-element elementor-element-34209b01\" data-id=\"34209b01\" data-element_type=\"column\" data-e-type=\"column\">\n\t\t\t<div class=\"elementor-widget-wrap elementor-element-populated\">\n\t\t\t\t\t\t<div class=\"elementor-element elementor-element-4eda9261 elementor-widget elementor-widget-heading\" data-id=\"4eda9261\" data-element_type=\"widget\" data-e-type=\"widget\" data-widget_type=\"heading.default\">\n\t\t\t\t<div class=\"elementor-widget-container\">\n\t\t\t\t\t<h2 class=\"elementor-heading-title elementor-size-default\">Pol\u00edtica de cookies<\/h2>\t\t\t\t<\/div>\n\t\t\t\t<\/div>\n\t\t\t\t<div class=\"elementor-element elementor-element-23ead78 elementor-widget elementor-widget-text-editor\" data-id=\"23ead78\" data-element_type=\"widget\" data-e-type=\"widget\" data-widget_type=\"text-editor.default\">\n\t\t\t\t<div class=\"elementor-widget-container\">\n\t\t\t\t\t\t\t\t\t<p class=\"\"><em>Fecha de vigencia: 6 de febrero de 2021<\/em><\/p><p class=\"\">Esta Pol\u00edtica de cookies describe c\u00f3mo Nature First utiliza cookies y tecnolog\u00edas similares para proporcionar, personalizar, evaluar, mejorar, promover y proteger nuestros Servicios. Tenga en cuenta que los t\u00e9rminos en may\u00fasculas no definidos en esta Pol\u00edtica de cookies tienen los significados establecidos en nuestra <a title=\"T\u00e9rminos de Uso\" href=\"https:\/\/naturefirst.org\/es\/terms-of-use\/\">T\u00e9rminos de Uso<\/a>. Si tiene alg\u00fan comentario o pregunta sobre esta Pol\u00edtica de cookies, no dude en contactarnos en privacy@naturefirstphotography.org.\u00a0\u00a0<\/p><p class=\"\">Galletas. Las cookies son peque\u00f1os fragmentos de texto que se env\u00edan a su navegador cuando visita un sitio. Cumplen una variedad de funciones, como permitirnos recordar cierta informaci\u00f3n que nos proporciona mientras navega entre las p\u00e1ginas de los Servicios. Utilizamos cookies en el sitio web y los dominios asociados de <a href=\"https:\/\/naturefirst.org\/es\/\">www.naturalezaprimera.org<\/a> para los siguientes fines:<\/p><ul data-rte-list=\"default\"><li><p class=\"\">Autenticaci\u00f3n, personalizaci\u00f3n, seguridad y otras cookies funcionales. Las cookies nos ayudan a verificar su Cuenta y dispositivo y determinar cu\u00e1ndo ha iniciado sesi\u00f3n, para que podamos facilitarle el acceso a los Servicios y brindarle las experiencias y funciones adecuadas. Tambi\u00e9n usamos cookies para ayudar a prevenir el uso fraudulento de las credenciales de inicio de sesi\u00f3n y para recordar las opciones que ha realizado en los Servicios, como su preferencia de idioma.<\/p><\/li><li><p class=\"\">Rendimiento y an\u00e1lisis. Las cookies nos ayudan a analizar c\u00f3mo se accede y utiliza los Servicios, y nos permiten realizar un seguimiento del rendimiento de los Servicios. Por ejemplo, usamos cookies para determinar si vio una p\u00e1gina o abri\u00f3 un correo electr\u00f3nico. Esto nos ayuda a proporcionarle informaci\u00f3n que le parezca interesante.<\/p><\/li><li><p class=\"\">Terceros. Los Servicios de terceros pueden usar cookies para ayudarlo a iniciar sesi\u00f3n en sus servicios desde nuestros Servicios. Cualquier uso de cookies de terceros se rige por la pol\u00edtica del tercero que coloca la cookie.<\/p><\/li><li><p class=\"\">Anuncios Nature First. Nos asociamos con editores externos, redes publicitarias y proveedores de servicios para administrar nuestros anuncios en otros sitios. Nuestros socios externos pueden establecer cookies en su dispositivo o navegador para recopilar informaci\u00f3n sobre sus actividades en los Servicios y otros sitios que visita, a fin de proporcionarle anuncios de Nature First. Por ejemplo, si visita Nature First y tambi\u00e9n usa una plataforma de redes sociales, es posible que vea un anuncio de Nature First en su l\u00ednea de tiempo o noticias de redes sociales.<\/p><\/li><li><p class=\"\">Optar por no participar. Puede configurar su navegador para que no acepte cookies, pero esto puede limitar su capacidad para usar los Servicios. Actualmente no respondemos a las se\u00f1ales DNT:1 de los navegadores que visitan nuestros Servicios. Tambi\u00e9n puede optar por no recibir anuncios basados en intereses de ciertas redes publicitarias. <a href=\"https:\/\/www.networkadvertising.org\/choices\/\" target=\"_blank\" rel=\"noopener\">aqu\u00ed<\/a> (o si se encuentra en la Uni\u00f3n Europea, <a href=\"https:\/\/www.youronlinechoices.eu\/\" target=\"_blank\" rel=\"noopener\">aqu\u00ed<\/a>).<\/p><\/li><\/ul><p class=\"\">Identificadores de dispositivos. Usamos identificadores de dispositivos en el sitio web de Nature First para rastrear, analizar y mejorar el rendimiento de los Servicios y nuestros anuncios.<\/p><p class=\"\">Etiquetas de terceros. Usamos y administramos etiquetas de terceros en el sitio web de Nature First. Las etiquetas de terceros pueden adoptar la forma de p\u00edxeles o fragmentos de seguimiento. Usamos p\u00edxeles para saber c\u00f3mo interact\u00faa con las p\u00e1ginas de nuestro sitio y los correos electr\u00f3nicos, y esta informaci\u00f3n nos ayuda a nosotros y a nuestros socios publicitarios a brindarle una experiencia m\u00e1s personalizada. Usamos fragmentos de seguimiento para capturar datos de su navegador, realizar solicitudes a un socio externo o configurar cookies en su dispositivo para almacenar datos. Usamos <a href=\"https:\/\/www.google.com\/analytics\/tag-manager\/use-policy\/\" target=\"_blank\" rel=\"noopener\">Administrador de etiquetas de Google<\/a> para administrar nuestro uso de etiquetas de terceros. Esto puede provocar que se activen otras etiquetas que, a su vez, pueden recopilar datos y establecer cookies en determinadas circunstancias. Google Tag Manager no almacena estos datos.<\/p><p class=\"\">Es posible que actualicemos esta Pol\u00edtica de cookies de vez en cuando. Cuando hagamos cambios, actualizaremos la &quot;Fecha de vigencia&quot; en la parte superior de la Pol\u00edtica de cookies y la publicaremos en nuestros sitios. Le animamos a que vuelva peri\u00f3dicamente para revisar esta Pol\u00edtica de Cookies por cualquier cambio desde su \u00faltima visita.<\/p>\t\t\t\t\t\t\t\t<\/div>\n\t\t\t\t<\/div>\n\t\t\t\t<div class=\"elementor-element elementor-element-1a4888f5 elementor-widget-divider--view-line elementor-widget elementor-widget-divider\" data-id=\"1a4888f5\" data-element_type=\"widget\" data-e-type=\"widget\" data-widget_type=\"divider.default\">\n\t\t\t\t<div class=\"elementor-widget-container\">\n\t\t\t\t\t\t\t<div class=\"elementor-divider\">\n\t\t\t<span class=\"elementor-divider-separator\">\n\t\t\t\t\t\t<\/span>\n\t\t<\/div>\n\t\t\t\t\t\t<\/div>\n\t\t\t\t<\/div>\n\t\t\t\t\t<\/div>\n\t\t<\/div>\n\t\t\t\t\t<\/div>\n\t\t<\/section>\n\t\t\t\t<\/div>","protected":false},"excerpt":{"rendered":"<p>Cookie Policy Cookie Policy Effective Date: February 6, 2021 This Cookie Policy describes how Nature First uses cookies and similar technologies to provide, customize, evaluate, improve, promote and protect our Services. Note that any capitalized terms not defined in this Cookie Policy have the meanings set forth in our Terms of Use. If you have [&hellip;]<\/p>\n","protected":false},"author":2,"featured_media":0,"parent":0,"menu_order":0,"comment_status":"closed","ping_status":"closed","template":"","meta":{"_mo_disable_npp":"","site-sidebar-layout":"no-sidebar","site-content-layout":"page-builder","ast-site-content-layout":"default","site-content-style":"default","site-sidebar-style":"default","ast-global-header-display":"","ast-banner-title-visibility":"","ast-main-header-display":"","ast-hfb-above-header-display":"","ast-hfb-below-header-display":"","ast-hfb-mobile-header-display":"","site-post-title":"disabled","ast-breadcrumbs-content":"","ast-featured-img":"disabled","footer-sml-layout":"","ast-disable-related-posts":"","theme-transparent-header-meta":"","adv-header-id-meta":"","stick-header-meta":"","header-above-stick-meta":"","header-main-stick-meta":"","header-below-stick-meta":"","astra-migrate-meta-layouts":"default","ast-page-background-enabled":"default","ast-page-background-meta":{"desktop":{"background-color":"","background-image":"","background-repeat":"repeat","background-position":"center center","background-size":"auto","background-attachment":"scroll","background-type":"","background-media":"","overlay-type":"","overlay-color":"","overlay-opacity":"","overlay-gradient":""},"tablet":{"background-color":"","background-image":"","background-repeat":"repeat","background-position":"center center","background-size":"auto","background-attachment":"scroll","background-type":"","background-media":"","overlay-type":"","overlay-color":"","overlay-opacity":"","overlay-gradient":""},"mobile":{"background-color":"","background-image":"","background-repeat":"repeat","background-position":"center center","background-size":"auto","background-attachment":"scroll","background-type":"","background-media":"","overlay-type":"","overlay-color":"","overlay-opacity":"","overlay-gradient":""}},"ast-content-background-meta":{"desktop":{"background-color":"var(--ast-global-color-5)","background-image":"","background-repeat":"repeat","background-position":"center center","background-size":"auto","background-attachment":"scroll","background-type":"","background-media":"","overlay-type":"","overlay-color":"","overlay-opacity":"","overlay-gradient":""},"tablet":{"background-color":"var(--ast-global-color-5)","background-image":"","background-repeat":"repeat","background-position":"center center","background-size":"auto","background-attachment":"scroll","background-type":"","background-media":"","overlay-type":"","overlay-color":"","overlay-opacity":"","overlay-gradient":""},"mobile":{"background-color":"var(--ast-global-color-5)","background-image":"","background-repeat":"repeat","background-position":"center center","background-size":"auto","background-attachment":"scroll","background-type":"","background-media":"","overlay-type":"","overlay-color":"","overlay-opacity":"","overlay-gradient":""}},"footnotes":""},"class_list":["post-457","page","type-page","status-publish","hentry"],"aioseo_notices":[],"_links":{"self":[{"href":"https:\/\/naturefirst.org\/es\/wp-json\/wp\/v2\/pages\/457","targetHints":{"allow":["GET"]}}],"collection":[{"href":"https:\/\/naturefirst.org\/es\/wp-json\/wp\/v2\/pages"}],"about":[{"href":"https:\/\/naturefirst.org\/es\/wp-json\/wp\/v2\/types\/page"}],"author":[{"embeddable":true,"href":"https:\/\/naturefirst.org\/es\/wp-json\/wp\/v2\/users\/2"}],"replies":[{"embeddable":true,"href":"https:\/\/naturefirst.org\/es\/wp-json\/wp\/v2\/comments?post=457"}],"version-history":[{"count":15,"href":"https:\/\/naturefirst.org\/es\/wp-json\/wp\/v2\/pages\/457\/revisions"}],"predecessor-version":[{"id":5032,"href":"https:\/\/naturefirst.org\/es\/wp-json\/wp\/v2\/pages\/457\/revisions\/5032"}],"wp:attachment":[{"href":"https:\/\/naturefirst.org\/es\/wp-json\/wp\/v2\/media?parent=457"}],"curies":[{"name":"gracias","href":"https:\/\/api.w.org\/{rel}","templated":true}]}}