{"id":492,"date":"2022-08-20T22:10:41","date_gmt":"2022-08-20T22:10:41","guid":{"rendered":"https:\/\/naturefirst.org\/?page_id=492"},"modified":"2025-02-16T07:36:04","modified_gmt":"2025-02-16T14:36:04","slug":"about","status":"publish","type":"page","link":"https:\/\/naturefirst.org\/es\/about\/","title":{"rendered":"Sobre"},"content":{"rendered":"<div data-elementor-type=\"wp-page\" data-elementor-id=\"492\" class=\"elementor elementor-492\" data-elementor-post-type=\"page\">\n\t\t\t\t\t\t<section class=\"elementor-section elementor-top-section elementor-element elementor-element-42bdd763 elementor-section-height-min-height elementor-section-boxed elementor-section-height-default elementor-section-items-middle\" data-id=\"42bdd763\" data-element_type=\"section\" data-e-type=\"section\" data-settings=\"{&quot;background_background&quot;:&quot;classic&quot;}\">\n\t\t\t\t\t\t\t<div class=\"elementor-background-overlay\"><\/div>\n\t\t\t\t\t\t\t<div class=\"elementor-container elementor-column-gap-no\">\n\t\t\t\t\t<div class=\"elementor-column elementor-col-100 elementor-top-column elementor-element elementor-element-5d4f1800\" data-id=\"5d4f1800\" data-element_type=\"column\" data-e-type=\"column\">\n\t\t\t<div class=\"elementor-widget-wrap elementor-element-populated\">\n\t\t\t\t\t\t<div class=\"elementor-element elementor-element-57e27165 elementor-widget elementor-widget-image-box\" data-id=\"57e27165\" data-element_type=\"widget\" data-e-type=\"widget\" data-widget_type=\"image-box.default\">\n\t\t\t\t<div class=\"elementor-widget-container\">\n\t\t\t\t\t<div class=\"elementor-image-box-wrapper\"><div class=\"elementor-image-box-content\"><h1 class=\"elementor-image-box-title\">Sobre nosotros<\/h1><\/div><\/div>\t\t\t\t<\/div>\n\t\t\t\t<\/div>\n\t\t\t\t<div class=\"elementor-element elementor-element-159638cc elementor-widget elementor-widget-text-editor\" data-id=\"159638cc\" data-element_type=\"widget\" data-e-type=\"widget\" data-widget_type=\"text-editor.default\">\n\t\t\t\t<div class=\"elementor-widget-container\">\n\t\t\t\t\t\t\t\t\t<p>La Alianza para la Fotograf\u00eda Responsable de la Naturaleza<\/p>\t\t\t\t\t\t\t\t<\/div>\n\t\t\t\t<\/div>\n\t\t\t\t\t<\/div>\n\t\t<\/div>\n\t\t\t\t\t<\/div>\n\t\t<\/section>\n\t\t\t\t<section class=\"elementor-section elementor-top-section elementor-element elementor-element-31128d72 elementor-section-boxed elementor-section-height-default elementor-section-height-default\" data-id=\"31128d72\" data-element_type=\"section\" data-e-type=\"section\">\n\t\t\t\t\t\t<div class=\"elementor-container elementor-column-gap-default\">\n\t\t\t\t\t<div class=\"elementor-column elementor-col-100 elementor-top-column elementor-element elementor-element-52b38ded\" data-id=\"52b38ded\" data-element_type=\"column\" data-e-type=\"column\">\n\t\t\t<div class=\"elementor-widget-wrap elementor-element-populated\">\n\t\t\t\t\t\t<div class=\"elementor-element elementor-element-255d4f75 elementor-widget elementor-widget-heading\" data-id=\"255d4f75\" data-element_type=\"widget\" data-e-type=\"widget\" data-widget_type=\"heading.default\">\n\t\t\t\t<div class=\"elementor-widget-container\">\n\t\t\t\t\t<h2 class=\"elementor-heading-title elementor-size-default\">Nature First promueve la protecci\u00f3n y preservaci\u00f3n de los lugares naturales y salvajes del mundo inspirando, educando y uniendo a todos los que hacen fotograf\u00edas y videos en la naturaleza; capacit\u00e1ndolos para ser embajadores del mundo natural.<\/h2>\t\t\t\t<\/div>\n\t\t\t\t<\/div>\n\t\t\t\t<div class=\"elementor-element elementor-element-70f0813f elementor-widget-divider--view-line elementor-widget elementor-widget-divider\" data-id=\"70f0813f\" data-element_type=\"widget\" data-e-type=\"widget\" data-widget_type=\"divider.default\">\n\t\t\t\t<div class=\"elementor-widget-container\">\n\t\t\t\t\t\t\t<div class=\"elementor-divider\">\n\t\t\t<span class=\"elementor-divider-separator\">\n\t\t\t\t\t\t<\/span>\n\t\t<\/div>\n\t\t\t\t\t\t<\/div>\n\t\t\t\t<\/div>\n\t\t\t\t\t<\/div>\n\t\t<\/div>\n\t\t\t\t\t<\/div>\n\t\t<\/section>\n\t\t\t\t<section class=\"elementor-section elementor-top-section elementor-element elementor-element-401486a elementor-section-boxed elementor-section-height-default elementor-section-height-default\" data-id=\"401486a\" data-element_type=\"section\" data-e-type=\"section\">\n\t\t\t\t\t\t<div class=\"elementor-container elementor-column-gap-default\">\n\t\t\t\t\t<div class=\"elementor-column elementor-col-50 elementor-top-column elementor-element elementor-element-7055caf\" data-id=\"7055caf\" data-element_type=\"column\" data-e-type=\"column\">\n\t\t\t<div class=\"elementor-widget-wrap elementor-element-populated\">\n\t\t\t\t\t\t<div class=\"elementor-element elementor-element-6e3f900 elementor-widget elementor-widget-text-editor\" data-id=\"6e3f900\" data-element_type=\"widget\" data-e-type=\"widget\" data-widget_type=\"text-editor.default\">\n\t\t\t\t<div class=\"elementor-widget-container\">\n\t\t\t\t\t\t\t\t\t<p><span style=\"font-style: inherit; font-weight: inherit;\">Nature First fue lanzado en 2019 por un grupo de apasionados fot\u00f3grafos de la naturaleza preocupados por el impacto de la fotograf\u00eda de la naturaleza en el mundo natural. La reuni\u00f3n inaugural se llev\u00f3 a cabo en Ridgway, Colorado, en la base de las espectaculares Monta\u00f1as de San Juan. Esta primera peque\u00f1a reuni\u00f3n condujo a otras y finalmente al establecimiento de los Principios Nature First y, m\u00e1s tarde, la organizaci\u00f3n Nature First.<\/span><\/p><p>Menos de tres a\u00f1os despu\u00e9s, Nature First es una organizaci\u00f3n internacional de r\u00e1pido crecimiento con m\u00e1s de 5000 miembros en 72 pa\u00edses. Nuestra membres\u00eda representa un cuerpo diverso e internacional de aficionados ocasionales, aspirantes a profesionales y algunos de los fot\u00f3grafos y camar\u00f3grafos de naturaleza y vida silvestre m\u00e1s exitosos del mundo.<\/p><p>Todos son bienvenidos. El \u00fanico requisito previo para unirse a esta alianza es la pasi\u00f3n por la naturaleza y el compromiso con los principios de Nature First para la administraci\u00f3n ambiental y la fotograf\u00eda responsable de la naturaleza. nos encantar\u00eda tenerte <a href=\"https:\/\/naturefirst.org\/es\/join\/\">\u00a1\u00danete a nosotros!<\/a><\/p><p style=\"font-size: 18px; font-style: normal; font-weight: 300;\">\u00a1Fotograf\u00ede bien, trate a la naturaleza con amabilidad y disfrute de la recompense!<\/p>\t\t\t\t\t\t\t\t<\/div>\n\t\t\t\t<\/div>\n\t\t\t\t\t<\/div>\n\t\t<\/div>\n\t\t\t\t<div class=\"elementor-column elementor-col-50 elementor-top-column elementor-element elementor-element-2486242\" data-id=\"2486242\" data-element_type=\"column\" data-e-type=\"column\">\n\t\t\t<div class=\"elementor-widget-wrap elementor-element-populated\">\n\t\t\t\t\t\t<div class=\"elementor-element elementor-element-695b4b4 elementor-widget elementor-widget-image\" data-id=\"695b4b4\" data-element_type=\"widget\" data-e-type=\"widget\" data-widget_type=\"image.default\">\n\t\t\t\t<div class=\"elementor-widget-container\">\n\t\t\t\t\t\t\t\t\t\t\t\t\t\t\t<img fetchpriority=\"high\" decoding=\"async\" width=\"1024\" height=\"819\" src=\"https:\/\/naturefirst.org\/wp-content\/uploads\/NatureFirstFounders-1024x819.jpg\" class=\"attachment-large size-large wp-image-495\" alt=\"\" srcset=\"https:\/\/naturefirst.org\/wp-content\/uploads\/NatureFirstFounders-1024x819.jpg 1024w, https:\/\/naturefirst.org\/wp-content\/uploads\/NatureFirstFounders-500x400.jpg 500w, https:\/\/naturefirst.org\/wp-content\/uploads\/NatureFirstFounders-768x614.jpg 768w, https:\/\/naturefirst.org\/wp-content\/uploads\/NatureFirstFounders-1536x1229.jpg 1536w, https:\/\/naturefirst.org\/wp-content\/uploads\/NatureFirstFounders-15x12.jpg 15w, https:\/\/naturefirst.org\/wp-content\/uploads\/NatureFirstFounders.jpg 1600w\" sizes=\"(max-width: 1024px) 100vw, 1024px\" \/>\t\t\t\t\t\t\t\t\t\t\t\t\t\t\t<\/div>\n\t\t\t\t<\/div>\n\t\t\t\t<div class=\"elementor-element elementor-element-ee91252 elementor-widget elementor-widget-text-editor\" data-id=\"ee91252\" data-element_type=\"widget\" data-e-type=\"widget\" data-widget_type=\"text-editor.default\">\n\t\t\t\t<div class=\"elementor-widget-container\">\n\t\t\t\t\t\t\t\t\t<p>Fundadores de Nature First juntos en 2019<\/p><p><strong>Fila de atr\u00e1s:<\/strong> Matt Payne, Erik Stensland, Ron Coscorrosa, David Kingham, Michael Anderson y Tony Litschewski<\/p><p><strong>Primera fila:<\/strong> Jack Brauer, Scott Bacon, Sarah Marino y Jennifer Renwick<\/p>\t\t\t\t\t\t\t\t<\/div>\n\t\t\t\t<\/div>\n\t\t\t\t\t<\/div>\n\t\t<\/div>\n\t\t\t\t\t<\/div>\n\t\t<\/section>\n\t\t\t\t<section class=\"elementor-section elementor-top-section elementor-element elementor-element-354fa98 elementor-section-boxed elementor-section-height-default elementor-section-height-default\" data-id=\"354fa98\" data-element_type=\"section\" data-e-type=\"section\">\n\t\t\t\t\t\t<div class=\"elementor-container elementor-column-gap-default\">\n\t\t\t\t\t<div class=\"elementor-column elementor-col-100 elementor-top-column elementor-element elementor-element-d48eb61\" data-id=\"d48eb61\" data-element_type=\"column\" data-e-type=\"column\">\n\t\t\t<div class=\"elementor-widget-wrap elementor-element-populated\">\n\t\t\t\t\t\t<div class=\"elementor-element elementor-element-2840baf elementor-widget elementor-widget-text-editor\" data-id=\"2840baf\" data-element_type=\"widget\" data-e-type=\"widget\" data-widget_type=\"text-editor.default\">\n\t\t\t\t<div class=\"elementor-widget-container\">\n\t\t\t\t\t\t\t\t\t<p class=\"\" style=\"text-align: center;\"><strong style=\"font-style: inherit;\">Nature First est\u00e1 reconocida como una organizaci\u00f3n ben\u00e9fica p\u00fablica seg\u00fan la secci\u00f3n 501(c)(3) del C\u00f3digo del Servicio de Impuestos Internos de EE. UU.<\/strong><\/p>\t\t\t\t\t\t\t\t<\/div>\n\t\t\t\t<\/div>\n\t\t\t\t<div class=\"elementor-element elementor-element-dae4cd1 elementor-widget elementor-widget-text-editor\" data-id=\"dae4cd1\" data-element_type=\"widget\" data-e-type=\"widget\" data-widget_type=\"text-editor.default\">\n\t\t\t\t<div class=\"elementor-widget-container\">\n\t\t\t\t\t\t\t\t\t<h5>M\u00c1S INFORMACI\u00d3N<\/h5><ul><li><a href=\"https:\/\/naturefirst.org\/es\/faq\/\">Preguntas frecuentes (FAQ)<\/a><\/li><li><a href=\"https:\/\/naturefirst.org\/es\/staff\/\">Junta Directiva<\/a><\/li><li><a href=\"https:\/\/naturefirst.org\/es\/corporate-documents\/\">Documentos corporativos<\/a><\/li><li><a href=\"https:\/\/naturefirst.org\/es\/contact\/\">Cont\u00e1ctenos<\/a><\/li><\/ul>\t\t\t\t\t\t\t\t<\/div>\n\t\t\t\t<\/div>\n\t\t\t\t<div class=\"elementor-element elementor-element-40b0a3a elementor-widget-divider--view-line elementor-widget elementor-widget-divider\" data-id=\"40b0a3a\" data-element_type=\"widget\" data-e-type=\"widget\" data-widget_type=\"divider.default\">\n\t\t\t\t<div class=\"elementor-widget-container\">\n\t\t\t\t\t\t\t<div class=\"elementor-divider\">\n\t\t\t<span class=\"elementor-divider-separator\">\n\t\t\t\t\t\t<\/span>\n\t\t<\/div>\n\t\t\t\t\t\t<\/div>\n\t\t\t\t<\/div>\n\t\t\t\t\t<\/div>\n\t\t<\/div>\n\t\t\t\t\t<\/div>\n\t\t<\/section>\n\t\t\t\t<\/div>","protected":false},"excerpt":{"rendered":"<p>About Us The Alliance for Responsible Nature Photography Nature First promotes the protection and preservation of the world&#8217;s natural and wild places through inspiring, educating, and uniting everyone making photographs and videos in nature; empowering them to be ambassadors of the natural world. Nature First was launched in 2019 by a group of passionate nature [&hellip;]<\/p>\n","protected":false},"author":2,"featured_media":0,"parent":0,"menu_order":0,"comment_status":"closed","ping_status":"closed","template":"","meta":{"_mo_disable_npp":"","site-sidebar-layout":"no-sidebar","site-content-layout":"page-builder","ast-site-content-layout":"default","site-content-style":"default","site-sidebar-style":"default","ast-global-header-display":"","ast-banner-title-visibility":"","ast-main-header-display":"","ast-hfb-above-header-display":"","ast-hfb-below-header-display":"","ast-hfb-mobile-header-display":"","site-post-title":"disabled","ast-breadcrumbs-content":"","ast-featured-img":"disabled","footer-sml-layout":"","ast-disable-related-posts":"","theme-transparent-header-meta":"","adv-header-id-meta":"","stick-header-meta":"","header-above-stick-meta":"","header-main-stick-meta":"","header-below-stick-meta":"","astra-migrate-meta-layouts":"default","ast-page-background-enabled":"default","ast-page-background-meta":{"desktop":{"background-color":"","background-image":"","background-repeat":"repeat","background-position":"center center","background-size":"auto","background-attachment":"scroll","background-type":"","background-media":"","overlay-type":"","overlay-color":"","overlay-opacity":"","overlay-gradient":""},"tablet":{"background-color":"","background-image":"","background-repeat":"repeat","background-position":"center center","background-size":"auto","background-attachment":"scroll","background-type":"","background-media":"","overlay-type":"","overlay-color":"","overlay-opacity":"","overlay-gradient":""},"mobile":{"background-color":"","background-image":"","background-repeat":"repeat","background-position":"center center","background-size":"auto","background-attachment":"scroll","background-type":"","background-media":"","overlay-type":"","overlay-color":"","overlay-opacity":"","overlay-gradient":""}},"ast-content-background-meta":{"desktop":{"background-color":"var(--ast-global-color-5)","background-image":"","background-repeat":"repeat","background-position":"center center","background-size":"auto","background-attachment":"scroll","background-type":"","background-media":"","overlay-type":"","overlay-color":"","overlay-opacity":"","overlay-gradient":""},"tablet":{"background-color":"var(--ast-global-color-5)","background-image":"","background-repeat":"repeat","background-position":"center center","background-size":"auto","background-attachment":"scroll","background-type":"","background-media":"","overlay-type":"","overlay-color":"","overlay-opacity":"","overlay-gradient":""},"mobile":{"background-color":"var(--ast-global-color-5)","background-image":"","background-repeat":"repeat","background-position":"center center","background-size":"auto","background-attachment":"scroll","background-type":"","background-media":"","overlay-type":"","overlay-color":"","overlay-opacity":"","overlay-gradient":""}},"footnotes":""},"class_list":["post-492","page","type-page","status-publish","hentry"],"aioseo_notices":[],"_links":{"self":[{"href":"https:\/\/naturefirst.org\/es\/wp-json\/wp\/v2\/pages\/492","targetHints":{"allow":["GET"]}}],"collection":[{"href":"https:\/\/naturefirst.org\/es\/wp-json\/wp\/v2\/pages"}],"about":[{"href":"https:\/\/naturefirst.org\/es\/wp-json\/wp\/v2\/types\/page"}],"author":[{"embeddable":true,"href":"https:\/\/naturefirst.org\/es\/wp-json\/wp\/v2\/users\/2"}],"replies":[{"embeddable":true,"href":"https:\/\/naturefirst.org\/es\/wp-json\/wp\/v2\/comments?post=492"}],"version-history":[{"count":28,"href":"https:\/\/naturefirst.org\/es\/wp-json\/wp\/v2\/pages\/492\/revisions"}],"predecessor-version":[{"id":5249,"href":"https:\/\/naturefirst.org\/es\/wp-json\/wp\/v2\/pages\/492\/revisions\/5249"}],"wp:attachment":[{"href":"https:\/\/naturefirst.org\/es\/wp-json\/wp\/v2\/media?parent=492"}],"curies":[{"name":"gracias","href":"https:\/\/api.w.org\/{rel}","templated":true}]}}