{"id":516,"date":"2022-08-20T22:34:30","date_gmt":"2022-08-20T22:34:30","guid":{"rendered":"https:\/\/naturefirst.org\/?page_id=516"},"modified":"2023-01-24T16:00:42","modified_gmt":"2023-01-24T23:00:42","slug":"faq","status":"publish","type":"page","link":"https:\/\/naturefirst.org\/es\/faq\/","title":{"rendered":"Preguntas m\u00e1s frecuentes"},"content":{"rendered":"<div data-elementor-type=\"wp-page\" data-elementor-id=\"516\" class=\"elementor elementor-516\" data-elementor-post-type=\"page\">\n\t\t\t\t\t\t<section class=\"elementor-section elementor-top-section elementor-element elementor-element-5bc2668d elementor-section-height-min-height elementor-section-boxed elementor-section-height-default elementor-section-items-middle\" data-id=\"5bc2668d\" data-element_type=\"section\" data-e-type=\"section\" data-settings=\"{&quot;background_background&quot;:&quot;classic&quot;}\">\n\t\t\t\t\t\t\t<div class=\"elementor-background-overlay\"><\/div>\n\t\t\t\t\t\t\t<div class=\"elementor-container elementor-column-gap-no\">\n\t\t\t\t\t<div class=\"elementor-column elementor-col-100 elementor-top-column elementor-element elementor-element-3abce992\" data-id=\"3abce992\" data-element_type=\"column\" data-e-type=\"column\">\n\t\t\t<div class=\"elementor-widget-wrap elementor-element-populated\">\n\t\t\t\t\t\t<div class=\"elementor-element elementor-element-bdcb5a1 elementor-widget elementor-widget-image-box\" data-id=\"bdcb5a1\" data-element_type=\"widget\" data-e-type=\"widget\" data-widget_type=\"image-box.default\">\n\t\t\t\t<div class=\"elementor-widget-container\">\n\t\t\t\t\t<div class=\"elementor-image-box-wrapper\"><div class=\"elementor-image-box-content\"><h1 class=\"elementor-image-box-title\">Preguntas frecuentes<\/h1><\/div><\/div>\t\t\t\t<\/div>\n\t\t\t\t<\/div>\n\t\t\t\t\t<\/div>\n\t\t<\/div>\n\t\t\t\t\t<\/div>\n\t\t<\/section>\n\t\t\t\t<section class=\"elementor-section elementor-top-section elementor-element elementor-element-260ff3fe elementor-section-boxed elementor-section-height-default elementor-section-height-default\" data-id=\"260ff3fe\" data-element_type=\"section\" data-e-type=\"section\">\n\t\t\t\t\t\t<div class=\"elementor-container elementor-column-gap-default\">\n\t\t\t\t\t<div class=\"elementor-column elementor-col-100 elementor-top-column elementor-element elementor-element-77396626\" data-id=\"77396626\" data-element_type=\"column\" data-e-type=\"column\">\n\t\t\t<div class=\"elementor-widget-wrap elementor-element-populated\">\n\t\t\t\t\t\t<div class=\"elementor-element elementor-element-22c497f5 elementor-widget elementor-widget-heading\" data-id=\"22c497f5\" data-element_type=\"widget\" data-e-type=\"widget\" data-widget_type=\"heading.default\">\n\t\t\t\t<div class=\"elementor-widget-container\">\n\t\t\t\t\t<h2 class=\"elementor-heading-title elementor-size-default\">Tienes preguntas... Estamos aqu\u00ed para ayudarte.<\/h2>\t\t\t\t<\/div>\n\t\t\t\t<\/div>\n\t\t\t\t<div class=\"elementor-element elementor-element-0b7f17b elementor-widget elementor-widget-text-editor\" data-id=\"0b7f17b\" data-element_type=\"widget\" data-e-type=\"widget\" data-widget_type=\"text-editor.default\">\n\t\t\t\t<div class=\"elementor-widget-container\">\n\t\t\t\t\t\t\t\t\t<p><a title=\"Principios\" href=\"https:\/\/naturefirst.org\/es\/principles\/\">M\u00e1s informaci\u00f3n sobre los Principios Nature First<\/a><\/p>\t\t\t\t\t\t\t\t<\/div>\n\t\t\t\t<\/div>\n\t\t\t\t<div class=\"elementor-element elementor-element-1cb511b elementor-widget-divider--view-line elementor-widget elementor-widget-divider\" data-id=\"1cb511b\" data-element_type=\"widget\" data-e-type=\"widget\" data-widget_type=\"divider.default\">\n\t\t\t\t<div class=\"elementor-widget-container\">\n\t\t\t\t\t\t\t<div class=\"elementor-divider\">\n\t\t\t<span class=\"elementor-divider-separator\">\n\t\t\t\t\t\t<\/span>\n\t\t<\/div>\n\t\t\t\t\t\t<\/div>\n\t\t\t\t<\/div>\n\t\t\t\t<div class=\"elementor-element elementor-element-a227aa6 elementor-widget elementor-widget-text-editor\" data-id=\"a227aa6\" data-element_type=\"widget\" data-e-type=\"widget\" data-widget_type=\"text-editor.default\">\n\t\t\t\t<div class=\"elementor-widget-container\">\n\t\t\t\t\t\t\t\t\t<h2>Preguntas frecuentes<\/h2><ol><li><h4>\u00bfCu\u00e1l es el truco?<\/h4><ul data-rte-list=\"default\"><li><p>Sin trampa Per\u00edodo. No hay tarifas, spam, publicidad, reuniones ni requisitos para &quot;vender&quot; o promocionar a otros. Esta es una oportunidad para hacer una declaraci\u00f3n de su compromiso de cuidar nuestros lugares salvajes mediante la pr\u00e1ctica de los principios Nature First y saber que usted es parte del movimiento.<\/p><\/li><\/ul><\/li><li><h4>\u00bfQui\u00e9n puede ser miembro?<\/h4><ul data-rte-list=\"default\"><li><p>Esta alianza es para cualquiera que tome fotograf\u00edas en el mundo natural, ya sean fot\u00f3grafos profesionales de naturaleza, fot\u00f3grafos de vida silvestre, l\u00edderes de talleres, fot\u00f3grafos de Instagram, fot\u00f3grafos de retratos o bodas que toman fotograf\u00edas al aire libre, o cualquier persona que tome fotograf\u00edas en el mundo natural como pasatiempo. Si fotograf\u00eda en el mundo natural, entonces califica.<\/p><\/li><li><p>Las empresas, negocios, organizaciones u otras entidades que quieran comprometerse con un enfoque m\u00e1s consciente de la naturaleza de las fotos que usa tambi\u00e9n pueden unirse a nosotros como miembros. Nos encantar\u00eda ver a muchas organizaciones unirse a esta iniciativa y ayudarnos a preservar nuestro mundo natural a trav\u00e9s de la fotograf\u00eda responsable de la naturaleza.<\/p><\/li><\/ul><\/li><li><h4>\u00bfQu\u00e9 se requiere para unirse?<\/h4><ul data-rte-list=\"default\"><li><p>Nada m\u00e1s que su compromiso con el <a title=\"Principios\" href=\"https:\/\/naturefirst.org\/es\/principles\/\">Principios Nature First<\/a>. Somos inclusivos. Entendemos que no todo el mundo quiere ser un defensor abierto, publicar en las redes sociales y hablar en eventos p\u00fablicos. Nature First aprecia plenamente a nuestros tranquilos colegas que <em>demostrar <\/em>su compromiso con los principios a trav\u00e9s de sus simples acciones cotidianas. Si ese eres t\u00fa, \u00a1est\u00e1s dentro! Por supuesto, si eres del tipo que quiere compartirlo con tus amigos y seguidores para correr la voz. \u00a1Nos encanta eso tambi\u00e9n! <strong>#la naturaleza primero<\/strong><\/p><\/li><\/ul><\/li><li><h4>\u00bfCu\u00e1l es la diferencia entre Nature First y Leave No Trace?<\/h4><ul data-rte-list=\"default\"><li><p><a href=\"https:\/\/lnt.org\/\" target=\"_blank\" rel=\"noopener\">No dejar rastro<\/a> es una organizaci\u00f3n fant\u00e1stica que ha defendido durante d\u00e9cadas la importancia de la recreaci\u00f3n de bajo impacto en la naturaleza. <strong>Tenemos un objetivo similar\u2026 pero para fot\u00f3grafos de naturaleza, de todos los niveles. <\/strong>Con el auge de Internet y las redes sociales, cada vez m\u00e1s personas visitan la naturaleza y toman fotograf\u00edas. Con un poco de conocimiento y cuidado, todos podemos minimizar en gran medida nuestro impacto. Puedes leer m\u00e1s sobre este tema en <a title=\"\u00bfPor qu\u00e9 la naturaleza primero?\" href=\"https:\/\/staging.naturefirst.org\/?page_id=445\">\u00bfPor qu\u00e9 la naturaleza primero?<\/a><\/p><\/li><\/ul><\/li><li><h4>\u00bfEs Nature First una organizaci\u00f3n americana?<\/h4><ul data-rte-list=\"default\"><li><p>Si bien este movimiento est\u00e1 comenzando en los Estados Unidos y Nature First est\u00e1 registrado formalmente en el estado de Colorado, EE. UU., no queremos tener un enfoque solo en los EE. UU. Los problemas que abordamos son comunes en la mayor\u00eda de los pa\u00edses y ecosistemas del mundo. Fot\u00f3grafos y empresas de todo el mundo se est\u00e1n uniendo al movimiento.<\/p><\/li><\/ul><\/li><li><h4>\u00bfC\u00f3mo puedo ayudar? No tengo 50,000 seguidores.<span style=\"color: var(--ast-global-color-2);\">\u00a0<\/span><\/h4><ul data-rte-list=\"default\"><li><p><strong>\u00a1La mayor\u00eda de nosotros no!<\/strong> Pero cada pedacito ayuda. Cada individuo que vive por la <a title=\"Principios\" href=\"https:\/\/naturefirst.org\/es\/principles\/\">Principios Nature First<\/a> es un ejemplo para quienes los rodean y quienes vienen despu\u00e9s de ellos. Y si comparte su pasi\u00f3n por el movimiento Nature First en sus cuentas de redes sociales, aunque sea solo con su familia y amigos, sabr\u00e1n que le importa. Y tal vez, ojal\u00e1, aprendan de ti lo que significa ser responsable a la hora de visitar y disfrutar de la naturaleza. Cada uno de nosotros llegando e influyendo en el comportamiento de unos pocos puede marcar la diferencia, porque se lo dir\u00e1n a 2 amigos, y as\u00ed sucesivamente. <strong>#la naturaleza primero<\/strong><\/p><\/li><\/ul><\/li><li><h4>\u00bfCu\u00e1l es el da\u00f1o en compartir ubicaciones?<\/h4><ul data-rte-list=\"default\"><li><p>Compartir informaci\u00f3n de ubicaci\u00f3n puede tener consecuencias significativas para esa ubicaci\u00f3n. Tan pronto como se determina que un lugar es fotog\u00e9nico, se convierte en un im\u00e1n para los fot\u00f3grafos y el p\u00fablico en general. Esto es especialmente cierto si las condiciones excepcionales, estacionales o clim\u00e1ticas aumentan el sorteo. Entonces, si comparte ubicaciones, debe ser consciente de que muy probablemente contribuir\u00e1 al mayor impacto en esa \u00e1rea natural.<\/p><\/li><li><p>Entendemos que las ubicaciones no se pueden mantener en \u201csecreto\u201d. Por lo general, cualquier persona con Internet y determinaci\u00f3n puede encontrar una ubicaci\u00f3n. Pero hay una gran diferencia en la cantidad de personas que est\u00e1n dispuestas a pasar el tiempo investigando (y, con suerte, aprendiendo sobre una ubicaci\u00f3n) y aquellas que simplemente conducen a una ubicaci\u00f3n exacta proporcionada en una publicaci\u00f3n junto con una imagen.<\/p><\/li><li><p>Esperamos que cada individuo use su mejor juicio sobre la sensibilidad de ubicaciones particulares y cu\u00e1ntos detalles sobre la ubicaci\u00f3n deben compartir.<\/p><\/li><\/ul><\/li><li><h4>\u00bfQu\u00e9 puedo hacer cuando veo un mal comportamiento, de primera mano, o me entero de ello en Internet?<\/h4><ul data-rte-list=\"default\"><li><p>Si el comportamiento es claramente una violaci\u00f3n de la ley o las normas y reglamentos, lo alentamos a que documente el incidente (tiene una c\u00e1mara con usted, \u00bfverdad?) y lo informe a los funcionarios. Deje que los profesionales se encarguen de la aplicaci\u00f3n. M\u00e1s all\u00e1 de eso, su respuesta depende mucho de usted. Pero tenemos algunas recomendaciones\u2026<\/p><\/li><li><p>Aseg\u00farese de tener los hechos, no solo rumores o disputas en Internet. Las acusaciones falsas o embellecidas pueden hacer m\u00e1s da\u00f1o que bien.<\/p><\/li><li><p>Si se siente seguro confrontando a la(s) persona(s) en el momento, o despu\u00e9s por correo electr\u00f3nico o mensaje, comun\u00edquese con ellos en privado, en persona. Recomendamos un enfoque educativo \u00fatil que aproveche la <a title=\"Principios\" href=\"https:\/\/naturefirst.org\/es\/principles\/\">Principios Nature First<\/a>, en lugar de sonar autoritario o hacer cumplir. En otras palabras, d\u00e9 a las personas el beneficio de la duda y asuma que simplemente desconocen el impacto de su comportamiento irresponsable. Es mucho m\u00e1s probable que las personas respondan positivamente a las cr\u00edticas privadas (incluso si nunca ves o te das cuenta del cambio en su comportamiento). Llamar p\u00fablicamente a una persona en las redes sociales probablemente resulte en negaci\u00f3n, desv\u00edo, refutaci\u00f3n y\/o represalia. Todos lo hemos visto. Y generalmente no conduce a un resultado positivo.<\/p><\/li><li><p>\u00a1Aprovecha la comunidad de fotograf\u00eda de naturaleza! Puede marcar la diferencia al hablar sobre el mal comportamiento mediante un di\u00e1logo y una conversaci\u00f3n constructivos.<\/p><\/li><\/ul><\/li><li><h4>\u00bfQu\u00e9 har\u00e1 Nature First cuando se entere de un comportamiento irresponsable?\u00a0<\/h4><\/li><\/ol><ul><li style=\"list-style-type: none;\"><ul><li>Responder al mal comportamiento denunciado de una persona o de un miembro de Nature First es\u00a0<strong>no<\/strong>\u00a0tan simple... El objetivo principal de Nature First es ser un defensor de la\u00a0<a title=\"Principios\" href=\"https:\/\/naturefirst.org\/es\/principles\/\">Principios Nature First<\/a>, educar y promover la fotograf\u00eda de naturaleza responsable. Hacemos\u00a0<strong>no<\/strong>\u00a0tienen acuerdos formales con cada miembro individual; m\u00e1s bien, los individuos prometen su compromiso con el\u00a0<a title=\"Principios\" href=\"https:\/\/naturefirst.org\/es\/principles\/\">Principios Nature First<\/a> cuando se registran. Esperamos que todos hagan todo lo posible para honrar ese compromiso. Pero cada individuo es diferente. Se encuentran en diferentes puntos de su viaje, aprendiendo a ser un fot\u00f3grafo responsable de la naturaleza. Cada individuo puede interpretar diversas situaciones de manera diferente. E incluso los mejores de nosotros podemos ser descuidados en la emoci\u00f3n del momento, o simplemente no saber sobre la sensibilidad del \u00e1rea. los\u00a0<a title=\"Principios\" href=\"https:\/\/naturefirst.org\/es\/principles\/\">Principios Nature First<\/a> debe servir como nuestros recordatorios.<\/li><\/ul><\/li><\/ul><ul><li style=\"list-style-type: none;\"><ul><li>Nature First cree que estos incidentes de mal comportamiento son una oportunidad para educar y ayudar a las personas a aprender m\u00e1s sobre la fotograf\u00eda responsable de la naturaleza, no para llamarlos o avergonzarlos. Excluir a las personas y eliminarlas de la lista de miembros de Nature First solo servir\u00eda para excluirlas, posiblemente para siempre. Preferimos que aprendan de sus errores y act\u00faen con ese conocimiento la pr\u00f3xima vez que est\u00e9n en el campo.<\/li><\/ul><\/li><\/ul><ul><li style=\"list-style-type: none;\"><ul><li>Nature First no vigilar\u00e1 ni puede vigilar las acciones irresponsables de las personas. Ese no es nuestro objetivo. \u00c9l <a title=\"Principios\" href=\"https:\/\/naturefirst.org\/es\/principles\/\">Principios Nature First<\/a>\u00a0son pautas evidentes destinadas a aplicarse a todas las situaciones y permiten que cada individuo interprete el comportamiento responsable en el momento. son intencionalmente <strong>no<\/strong> escritas como reglas espec\u00edficas. Pero no podemos actuar como ejecutores. Simplemente no tenemos los recursos para investigar y corroborar los informes de infracciones. Y no creemos que estemos calificados para emitir juicios: \u00bfc\u00f3mo podr\u00edamos garantizar la imparcialidad y la ausencia de prejuicios en todas las situaciones?<\/li><\/ul><\/li><\/ul><ul><li style=\"list-style-type: none;\"><ul><li>Trabajemos juntos para ayudar a correr la voz e incluir a m\u00e1s personas en el movimiento Nature First, en lugar de juzgar, aislar y excluir.\u00a0<\/li><\/ul><\/li><\/ul><ol><li><h4>\u00bfC\u00f3mo aborda el Nature First el cambio clim\u00e1tico?<\/h4><ul data-rte-list=\"default\"><li><p>Los Principios Nature First en s\u00ed mismos son pautas y no incluyen ejemplos espec\u00edficos de los impactos que tenemos en la naturaleza. Por eso no mencionan expl\u00edcitamente el cambio clim\u00e1tico (o pisar flores). Pero uno puede aplicar f\u00e1cilmente los Principios Nature First al ejemplo del cambio clim\u00e1tico. El primer principio es, <em>\u201cPriorizar el bienestar de la naturaleza sobre la fotograf\u00eda.\u201d<\/em> Sin duda, uno deber\u00eda pensar en el impacto de la huella de carbono que tienen al dedicarse a la fotograf\u00eda. En un extremo del espectro, podr\u00eda argumentar que casi cualquier cosa que haga con su fotograf\u00eda tiene un impacto en el cambio clim\u00e1tico. Pero eso es cierto con casi todas las actividades de la vida cotidiana. Entonces, \u00bfc\u00f3mo podemos nosotros, como fot\u00f3grafos de la naturaleza, MINIMIZAR ese impacto? \u00bfUsar nuestra fotograf\u00eda para ayudar a educar y preservar el mundo natural ayuda a equilibrar el impacto de la huella de carbono creada al viajar al lugar? Cada fot\u00f3grafo\/vide\u00f3grafo responsable de la naturaleza tiene la oportunidad de relacionarse con muchas personas (un efecto multiplicador) para lograr un impacto positivo y de gran alcance como embajador de la naturaleza.<\/p><\/li><li><p>Reflexione sobre sus actividades habituales (conducir, volar, consumo general y forma de vida) y utilice herramientas en l\u00ednea, como <a href=\"https:\/\/www.epa.gov\/energy\/greenhouse-gas-equivalencies-calculator\">equivalencias de gases de efecto invernadero<\/a> y el <a href=\"https:\/\/www.gov.uk\/guidance\/carbon-calculator\">calculadora de carbono<\/a>, para obtener m\u00e1s informaci\u00f3n sobre su propia huella de carbono personal.<\/p><\/li><li><p>Identifique formas en las que puede reducir su huella de carbono personal.<\/p><\/li><\/ul><\/li><li><h4><strong>\u00bfCu\u00e1l es la posici\u00f3n de Nature First sobre el uso de NFT en la fotograf\u00eda de naturaleza?<\/strong><\/h4><\/li><\/ol><ul><li style=\"list-style-type: none;\"><ul data-rte-list=\"default\"><li><p>Lee el art\u00edculo completo, <a href=\"https:\/\/naturefirst.org\/es\/news-items\/2021\/08\/13\/nature-first-and-nfts\/\">Nature First y NFT<\/a> publicado el 13 de agosto de 2021<\/p><\/li><li><p>\u00bfEs \u00e9tico que los fot\u00f3grafos de la naturaleza creen y vendan NFT para obtener ingresos? La orientaci\u00f3n de Nature First est\u00e1 muy relacionada con nuestros pensamientos sobre la fotograf\u00eda de la naturaleza y el cambio clim\u00e1tico (consulte las preguntas frecuentes anteriores). Todos los fot\u00f3grafos de la naturaleza deben asumir la responsabilidad de aprender sobre el impacto ambiental de sus acciones y considerar cuidadosamente c\u00f3mo pueden limitar y reducir su propio impacto individual. Entonces, inf\u00f3rmate.<\/p><ul data-rte-list=\"default\"><li><p>Invol\u00facrese en discusiones sobre NFT y su impacto ambiental, como este podcast F-Stop Collaborate and Listen <em>(disponible el 25 de agosto de 2021)<\/em> por nuestro co-fundador Matt Payne.\u00a0<\/p><\/li><li><p>Echa un vistazo a la <a href=\"https:\/\/www.epa.gov\/energy\/greenhouse-gas-equivalencies-calculator\">equivalencias de gases de efecto invernadero<\/a> o <a href=\"https:\/\/www.gov.uk\/guidance\/carbon-calculator\">calculadora de carbono<\/a> para algunas de sus actividades comunes (conducir, volar, consumo general y forma de vida) para obtener m\u00e1s informaci\u00f3n sobre su huella de carbono.<\/p><\/li><li><p>Antes de ingresar al espacio NFT, considere esperar hasta que Ethereum migre a un modelo de prueba de participaci\u00f3n (lo que puede suceder en 2022), que utiliza significativamente menos energ\u00eda que el modelo actual de prueba de trabajo. Encuentre m\u00e1s sobre lo que diferencia a estos modelos <a href=\"https:\/\/www.bitdegree.org\/crypto\/tutorials\/proof-of-work-vs-proof-of-stake\">aqu\u00ed<\/a>.\u00a0<\/p><\/li><li><p>Considere acu\u00f1ar sus NFT utilizando una cadena de bloques que no sea Etherum que tenga una huella de carbono estimada en <a href=\"https:\/\/medium.com\/tqtezos\/proof-of-work-vs-proof-of-stake-the-ecological-footprint-c58029faee44\" target=\"_blank\" rel=\"noopener\">1,5 millones de veces m\u00e1s peque\u00f1o<\/a>.<\/p><\/li><li><p>Para aquellos de ustedes que crean y venden NTF, echen un vistazo a <a href=\"https:\/\/carbon.fyi\/\">carbono.para tu informaci\u00f3n<\/a> para calcular su impacto de carbono.\u00a0<\/p><\/li><li><p>Considere compensar sus impactos de carbono derivados de NFT <a href=\"https:\/\/cotap.org\/reduce-carbon-footprint\/\">reduciendo tu huella de carbono<\/a> en otras \u00e1reas de tu vida.<\/p><\/li><li><p>Considere donar una parte de las ganancias de la venta de NFT a organizaciones clim\u00e1ticas o ambientales sin fines de lucro.<\/p><\/li><li><p>Llama la atenci\u00f3n sobre el impacto de carbono de tus acciones y discute abiertamente c\u00f3mo est\u00e1s reduciendo significativamente tu huella de carbono de otras maneras.<\/p><\/li><\/ul><p>Estos son solo algunos de los recursos disponibles que nuestros miembros nos han se\u00f1alado.\u00a0<\/p><p><strong>Es tu responsabilidad educarte<\/strong> para ayudar a tomar decisiones informadas sobre las actividades en las que participa, su huella de carbono asociada y los pasos que puede tomar para reducir su impacto ambiental. Saber y darse cuenta de que las circunstancias de los dem\u00e1s pueden ser diferentes y pueden tomar decisiones diferentes. Respete esas diferencias e involucre a esos fot\u00f3grafos en una conversaci\u00f3n honesta y significativa para aprender a\u00fan m\u00e1s. El di\u00e1logo continuo en la comunidad de fotograf\u00eda de la naturaleza puede ayudarnos a todos a tomar decisiones mejor informadas para poner la naturaleza en primer lugar.<\/p><\/li><\/ul><\/li><\/ul>\t\t\t\t\t\t\t\t<\/div>\n\t\t\t\t<\/div>\n\t\t\t\t<div class=\"elementor-element elementor-element-71bb9540 elementor-widget-divider--view-line elementor-widget elementor-widget-divider\" data-id=\"71bb9540\" data-element_type=\"widget\" data-e-type=\"widget\" data-widget_type=\"divider.default\">\n\t\t\t\t<div class=\"elementor-widget-container\">\n\t\t\t\t\t\t\t<div class=\"elementor-divider\">\n\t\t\t<span class=\"elementor-divider-separator\">\n\t\t\t\t\t\t<\/span>\n\t\t<\/div>\n\t\t\t\t\t\t<\/div>\n\t\t\t\t<\/div>\n\t\t\t\t\t<\/div>\n\t\t<\/div>\n\t\t\t\t\t<\/div>\n\t\t<\/section>\n\t\t\t\t<\/div>","protected":false},"excerpt":{"rendered":"<p>Frequently Asked Questions You&#8217;ve got questions&#8230; We&#8217;re here to help. Learn more about the Nature First Principles Frequently Asked Questions What&#8217;s the Catch? No catch. Period. There are no fees, no spam, no advertising, no meetings, and no requirements to \u201csell\u201d or promote to others. This is an opportunity to make a declaration of your [&hellip;]<\/p>\n","protected":false},"author":2,"featured_media":0,"parent":0,"menu_order":0,"comment_status":"closed","ping_status":"closed","template":"","meta":{"_mo_disable_npp":"","site-sidebar-layout":"no-sidebar","site-content-layout":"page-builder","ast-site-content-layout":"default","site-content-style":"default","site-sidebar-style":"default","ast-global-header-display":"","ast-banner-title-visibility":"","ast-main-header-display":"","ast-hfb-above-header-display":"","ast-hfb-below-header-display":"","ast-hfb-mobile-header-display":"","site-post-title":"disabled","ast-breadcrumbs-content":"","ast-featured-img":"disabled","footer-sml-layout":"","ast-disable-related-posts":"","theme-transparent-header-meta":"","adv-header-id-meta":"","stick-header-meta":"","header-above-stick-meta":"","header-main-stick-meta":"","header-below-stick-meta":"","astra-migrate-meta-layouts":"default","ast-page-background-enabled":"default","ast-page-background-meta":{"desktop":{"background-color":"","background-image":"","background-repeat":"repeat","background-position":"center center","background-size":"auto","background-attachment":"scroll","background-type":"","background-media":"","overlay-type":"","overlay-color":"","overlay-opacity":"","overlay-gradient":""},"tablet":{"background-color":"","background-image":"","background-repeat":"repeat","background-position":"center center","background-size":"auto","background-attachment":"scroll","background-type":"","background-media":"","overlay-type":"","overlay-color":"","overlay-opacity":"","overlay-gradient":""},"mobile":{"background-color":"","background-image":"","background-repeat":"repeat","background-position":"center center","background-size":"auto","background-attachment":"scroll","background-type":"","background-media":"","overlay-type":"","overlay-color":"","overlay-opacity":"","overlay-gradient":""}},"ast-content-background-meta":{"desktop":{"background-color":"var(--ast-global-color-5)","background-image":"","background-repeat":"repeat","background-position":"center center","background-size":"auto","background-attachment":"scroll","background-type":"","background-media":"","overlay-type":"","overlay-color":"","overlay-opacity":"","overlay-gradient":""},"tablet":{"background-color":"var(--ast-global-color-5)","background-image":"","background-repeat":"repeat","background-position":"center center","background-size":"auto","background-attachment":"scroll","background-type":"","background-media":"","overlay-type":"","overlay-color":"","overlay-opacity":"","overlay-gradient":""},"mobile":{"background-color":"var(--ast-global-color-5)","background-image":"","background-repeat":"repeat","background-position":"center center","background-size":"auto","background-attachment":"scroll","background-type":"","background-media":"","overlay-type":"","overlay-color":"","overlay-opacity":"","overlay-gradient":""}},"footnotes":""},"class_list":["post-516","page","type-page","status-publish","hentry"],"aioseo_notices":[],"_links":{"self":[{"href":"https:\/\/naturefirst.org\/es\/wp-json\/wp\/v2\/pages\/516","targetHints":{"allow":["GET"]}}],"collection":[{"href":"https:\/\/naturefirst.org\/es\/wp-json\/wp\/v2\/pages"}],"about":[{"href":"https:\/\/naturefirst.org\/es\/wp-json\/wp\/v2\/types\/page"}],"author":[{"embeddable":true,"href":"https:\/\/naturefirst.org\/es\/wp-json\/wp\/v2\/users\/2"}],"replies":[{"embeddable":true,"href":"https:\/\/naturefirst.org\/es\/wp-json\/wp\/v2\/comments?post=516"}],"version-history":[{"count":25,"href":"https:\/\/naturefirst.org\/es\/wp-json\/wp\/v2\/pages\/516\/revisions"}],"predecessor-version":[{"id":3998,"href":"https:\/\/naturefirst.org\/es\/wp-json\/wp\/v2\/pages\/516\/revisions\/3998"}],"wp:attachment":[{"href":"https:\/\/naturefirst.org\/es\/wp-json\/wp\/v2\/media?parent=516"}],"curies":[{"name":"gracias","href":"https:\/\/api.w.org\/{rel}","templated":true}]}}