{"id":523,"date":"2022-08-20T22:41:56","date_gmt":"2022-08-20T22:41:56","guid":{"rendered":"https:\/\/naturefirst.org\/?page_id=523"},"modified":"2023-01-21T07:49:32","modified_gmt":"2023-01-21T14:49:32","slug":"mission","status":"publish","type":"page","link":"https:\/\/naturefirst.org\/es\/mission\/","title":{"rendered":"Misi\u00f3n"},"content":{"rendered":"<div data-elementor-type=\"wp-page\" data-elementor-id=\"523\" class=\"elementor elementor-523\" data-elementor-post-type=\"page\">\n\t\t\t\t\t\t<section class=\"elementor-section elementor-top-section elementor-element elementor-element-18957a58 elementor-section-height-min-height elementor-section-boxed elementor-section-height-default elementor-section-items-middle\" data-id=\"18957a58\" data-element_type=\"section\" data-e-type=\"section\" data-settings=\"{&quot;background_background&quot;:&quot;classic&quot;}\">\n\t\t\t\t\t\t\t<div class=\"elementor-background-overlay\"><\/div>\n\t\t\t\t\t\t\t<div class=\"elementor-container elementor-column-gap-no\">\n\t\t\t\t\t<div class=\"elementor-column elementor-col-100 elementor-top-column elementor-element elementor-element-3d8d5f40\" data-id=\"3d8d5f40\" data-element_type=\"column\" data-e-type=\"column\">\n\t\t\t<div class=\"elementor-widget-wrap elementor-element-populated\">\n\t\t\t\t\t\t<div class=\"elementor-element elementor-element-2970d981 elementor-widget elementor-widget-image-box\" data-id=\"2970d981\" data-element_type=\"widget\" data-e-type=\"widget\" data-widget_type=\"image-box.default\">\n\t\t\t\t<div class=\"elementor-widget-container\">\n\t\t\t\t\t<div class=\"elementor-image-box-wrapper\"><div class=\"elementor-image-box-content\"><h1 class=\"elementor-image-box-title\">Misi\u00f3n, Visi\u00f3n y Valores<\/h1><\/div><\/div>\t\t\t\t<\/div>\n\t\t\t\t<\/div>\n\t\t\t\t\t<\/div>\n\t\t<\/div>\n\t\t\t\t\t<\/div>\n\t\t<\/section>\n\t\t\t\t<section class=\"elementor-section elementor-top-section elementor-element elementor-element-3e5e81d2 elementor-section-boxed elementor-section-height-default elementor-section-height-default\" data-id=\"3e5e81d2\" data-element_type=\"section\" data-e-type=\"section\">\n\t\t\t\t\t\t<div class=\"elementor-container elementor-column-gap-default\">\n\t\t\t\t\t<div class=\"elementor-column elementor-col-100 elementor-top-column elementor-element elementor-element-3279c4f8\" data-id=\"3279c4f8\" data-element_type=\"column\" data-e-type=\"column\">\n\t\t\t<div class=\"elementor-widget-wrap elementor-element-populated\">\n\t\t\t\t\t\t<div class=\"elementor-element elementor-element-4f5ce51a elementor-widget elementor-widget-heading\" data-id=\"4f5ce51a\" data-element_type=\"widget\" data-e-type=\"widget\" data-widget_type=\"heading.default\">\n\t\t\t\t<div class=\"elementor-widget-container\">\n\t\t\t\t\t<h2 class=\"elementor-heading-title elementor-size-default\">Nuestra misi\u00f3n...<br><br>Nature First promueve la protecci\u00f3n y preservaci\u00f3n de los lugares naturales y salvajes del mundo inspirando, educando y uniendo a todos los que hacen fotograf\u00edas y videos en la naturaleza; capacit\u00e1ndolos para ser embajadores del mundo natural.<\/h2>\t\t\t\t<\/div>\n\t\t\t\t<\/div>\n\t\t\t\t\t<\/div>\n\t\t<\/div>\n\t\t\t\t\t<\/div>\n\t\t<\/section>\n\t\t\t\t<section class=\"elementor-section elementor-top-section elementor-element elementor-element-449196b elementor-section-boxed elementor-section-height-default elementor-section-height-default\" data-id=\"449196b\" data-element_type=\"section\" data-e-type=\"section\">\n\t\t\t\t\t\t<div class=\"elementor-container elementor-column-gap-default\">\n\t\t\t\t\t<div class=\"elementor-column elementor-col-50 elementor-top-column elementor-element elementor-element-bee2b36\" data-id=\"bee2b36\" data-element_type=\"column\" data-e-type=\"column\">\n\t\t\t<div class=\"elementor-widget-wrap elementor-element-populated\">\n\t\t\t\t\t\t<div class=\"elementor-element elementor-element-86f7483 elementor-widget elementor-widget-heading\" data-id=\"86f7483\" data-element_type=\"widget\" data-e-type=\"widget\" data-widget_type=\"heading.default\">\n\t\t\t\t<div class=\"elementor-widget-container\">\n\t\t\t\t\t<h4 class=\"elementor-heading-title elementor-size-default\">NUESTRA VISI\u00d3N\u2026 <br>ES QUE TODOS LOS QUE REALICEN FOTOGRAF\u00cdAS Y VIDEOS EN LA NATURALEZA TENGAN EN CUENTA SU IMPACTO, <br>CONOCEDORES DE LOS LUGARES QUE FOTOGRAF\u00cdAN, <br>Y EMBAJADORES DEL MUNDO NATURAL.<\/h4>\t\t\t\t<\/div>\n\t\t\t\t<\/div>\n\t\t\t\t\t<\/div>\n\t\t<\/div>\n\t\t\t\t<div class=\"elementor-column elementor-col-50 elementor-top-column elementor-element elementor-element-77315f1\" data-id=\"77315f1\" data-element_type=\"column\" data-e-type=\"column\">\n\t\t\t<div class=\"elementor-widget-wrap elementor-element-populated\">\n\t\t\t\t\t\t<div class=\"elementor-element elementor-element-b19d260 elementor-widget elementor-widget-image\" data-id=\"b19d260\" data-element_type=\"widget\" data-e-type=\"widget\" data-widget_type=\"image.default\">\n\t\t\t\t<div class=\"elementor-widget-container\">\n\t\t\t\t\t\t\t\t\t\t\t\t\t\t\t<img fetchpriority=\"high\" decoding=\"async\" width=\"300\" height=\"206\" src=\"https:\/\/naturefirst.org\/wp-content\/uploads\/Bighorn.jpg\" class=\"attachment-large size-large wp-image-526\" alt=\"\" srcset=\"https:\/\/naturefirst.org\/wp-content\/uploads\/Bighorn.jpg.webp 300w, https:\/\/naturefirst.org\/wp-content\/uploads\/Bighorn-18x12.jpg.webp 18w\" sizes=\"(max-width: 300px) 100vw, 300px\" \/>\t\t\t\t\t\t\t\t\t\t\t\t\t\t\t<\/div>\n\t\t\t\t<\/div>\n\t\t\t\t\t<\/div>\n\t\t<\/div>\n\t\t\t\t\t<\/div>\n\t\t<\/section>\n\t\t\t\t<section class=\"elementor-section elementor-top-section elementor-element elementor-element-ee985ec elementor-section-boxed elementor-section-height-default elementor-section-height-default\" data-id=\"ee985ec\" data-element_type=\"section\" data-e-type=\"section\">\n\t\t\t\t\t\t<div class=\"elementor-container elementor-column-gap-default\">\n\t\t\t\t\t<div class=\"elementor-column elementor-col-100 elementor-top-column elementor-element elementor-element-07a4ac2\" data-id=\"07a4ac2\" data-element_type=\"column\" data-e-type=\"column\">\n\t\t\t<div class=\"elementor-widget-wrap elementor-element-populated\">\n\t\t\t\t\t\t<div class=\"elementor-element elementor-element-2d6f547 elementor-widget-divider--view-line elementor-widget elementor-widget-divider\" data-id=\"2d6f547\" data-element_type=\"widget\" data-e-type=\"widget\" data-widget_type=\"divider.default\">\n\t\t\t\t<div class=\"elementor-widget-container\">\n\t\t\t\t\t\t\t<div class=\"elementor-divider\">\n\t\t\t<span class=\"elementor-divider-separator\">\n\t\t\t\t\t\t<\/span>\n\t\t<\/div>\n\t\t\t\t\t\t<\/div>\n\t\t\t\t<\/div>\n\t\t\t\t<div class=\"elementor-element elementor-element-0a27024 elementor-widget elementor-widget-text-editor\" data-id=\"0a27024\" data-element_type=\"widget\" data-e-type=\"widget\" data-widget_type=\"text-editor.default\">\n\t\t\t\t<div class=\"elementor-widget-container\">\n\t\t\t\t\t\t\t\t\t<h2>Valores de Nature First<\/h2><p class=\"\"><em>Nuestros valores definen qui\u00e9nes somos como organizaci\u00f3n y gu\u00edan c\u00f3mo interactuamos tanto interna como externamente. Son clave para nuestro \u00e9xito y el n\u00facleo del movimiento Nature First para preservar y proteger el mundo natural.<\/em><\/p><h4><strong>EMPLEADOS Y VOLUNTARIOS<\/strong><\/h4><p class=\"\">Reclutamos empleados y voluntarios que comparten los valores de Nature First. Son considerados socios valiosos en la organizaci\u00f3n, tratados por igual con dignidad y confianza. Celebramos y trabajamos con la individualidad y las fortalezas \u00fanicas de cada persona. Cultivamos activamente la diversidad, reconociendo el valor que se encuentra en una multiplicidad de experiencias y puntos de vista. Apoyamos una atm\u00f3sfera de empoderamiento donde los empleados y voluntarios tendr\u00e1n la oportunidad de un crecimiento continuo tanto en habilidades como en responsabilidad. Damos la bienvenida activamente a las ideas y perspectivas de nuestros empleados y voluntarios. Haremos todo lo posible para ayudar a nuestros empleados y voluntarios a mantener un equilibrio saludable entre el trabajo y la vida personal. Nature First se compromete a pagar a sus empleados de tiempo completo un salario digno.<\/p><h4><strong>AMBIENTE\u00a0<\/strong><\/h4><p class=\"\">Nos esforzamos por cuidar el mundo natural en todas nuestras acciones. Esto implica una conciencia activa en la elecci\u00f3n de los productos que compramos, vendemos y usamos. Implica tambi\u00e9n el compromiso de reducir, reutilizar y reciclar. Tambi\u00e9n nos preocupamos por el medio ambiente al trabajar para proteger y apoyar activamente las \u00e1reas silvestres y naturales al modelar y alentar acciones que las prioricen y protejan. Tambi\u00e9n reconocemos y respetamos a los pueblos y culturas originarias que han vivido en muchas de estas tierras durante milenios.<\/p><h4><strong>INTEGRIDAD\u00a0<\/strong><\/h4><p class=\"\">Operamos sobre una base de confianza y honestidad. Damos la bienvenida activamente a las opiniones divergentes mientras trabajamos hacia un entendimiento com\u00fan. Estamos comprometidos a respetar y creer lo mejor de los dem\u00e1s, incluso cuando no estamos de acuerdo. Nuestro objetivo es tratar a todos por igual. Nos comunicamos de forma abierta y transparente, incluso en lo que respecta a nuestros objetivos y finanzas. Reconocemos que somos responsables de nuestras acciones como individuos y como organizaci\u00f3n.<\/p><h4><strong>GLOBAL<\/strong><\/h4><p class=\"\">Aunque Nature First se fund\u00f3 en los Estados Unidos, estamos comprometidos con una perspectiva mundial m\u00e1s amplia. Buscamos activamente el aporte y la participaci\u00f3n de nuestros miembros en todo el mundo y buscamos garantizar que esta organizaci\u00f3n tenga una amplia representaci\u00f3n internacional dentro de sus estructuras.<\/p><h4><strong>COOPERACI\u00d3N\u00a0<\/strong><\/h4><p class=\"\">Creemos que la cooperaci\u00f3n es esencial para hacer algo grande. Nosotros, como organizaci\u00f3n, estamos comprometidos a cooperar tanto como sea posible con otras organizaciones y fomentar iniciativas cooperativas entre Nuestros miembros.<\/p><h4><strong>FISCALMENTE RESPONSABLE<\/strong>\u00a0<\/h4><p class=\"\">Estamos comprometidos a ser fiscalmente prudentes, trabajando dentro de nuestras posibilidades sin endeudarnos.<\/p>\t\t\t\t\t\t\t\t<\/div>\n\t\t\t\t<\/div>\n\t\t\t\t<div class=\"elementor-element elementor-element-b18fa7a elementor-widget-divider--view-line elementor-widget elementor-widget-divider\" data-id=\"b18fa7a\" data-element_type=\"widget\" data-e-type=\"widget\" data-widget_type=\"divider.default\">\n\t\t\t\t<div class=\"elementor-widget-container\">\n\t\t\t\t\t\t\t<div class=\"elementor-divider\">\n\t\t\t<span class=\"elementor-divider-separator\">\n\t\t\t\t\t\t<\/span>\n\t\t<\/div>\n\t\t\t\t\t\t<\/div>\n\t\t\t\t<\/div>\n\t\t\t\t\t<\/div>\n\t\t<\/div>\n\t\t\t\t\t<\/div>\n\t\t<\/section>\n\t\t\t\t<\/div>","protected":false},"excerpt":{"rendered":"<p>Mission, Vision &amp; Values Our Mission&#8230; Nature First promotes the protection and preservation of the world&#8217;s natural and wild places through inspiring, educating, and uniting everyone making photographs and videos in nature; empowering them to be ambassadors of the natural world. OUR VISION\u2026 IS FOR EVERYONE MAKING PHOTOGRAPHS AND VIDEOS IN NATURE TO BE MINDFUL [&hellip;]<\/p>\n","protected":false},"author":2,"featured_media":0,"parent":0,"menu_order":0,"comment_status":"closed","ping_status":"closed","template":"","meta":{"_mo_disable_npp":"","site-sidebar-layout":"no-sidebar","site-content-layout":"page-builder","ast-site-content-layout":"default","site-content-style":"default","site-sidebar-style":"default","ast-global-header-display":"","ast-banner-title-visibility":"","ast-main-header-display":"","ast-hfb-above-header-display":"","ast-hfb-below-header-display":"","ast-hfb-mobile-header-display":"","site-post-title":"disabled","ast-breadcrumbs-content":"","ast-featured-img":"disabled","footer-sml-layout":"","ast-disable-related-posts":"","theme-transparent-header-meta":"","adv-header-id-meta":"","stick-header-meta":"","header-above-stick-meta":"","header-main-stick-meta":"","header-below-stick-meta":"","astra-migrate-meta-layouts":"default","ast-page-background-enabled":"default","ast-page-background-meta":{"desktop":{"background-color":"","background-image":"","background-repeat":"repeat","background-position":"center center","background-size":"auto","background-attachment":"scroll","background-type":"","background-media":"","overlay-type":"","overlay-color":"","overlay-opacity":"","overlay-gradient":""},"tablet":{"background-color":"","background-image":"","background-repeat":"repeat","background-position":"center center","background-size":"auto","background-attachment":"scroll","background-type":"","background-media":"","overlay-type":"","overlay-color":"","overlay-opacity":"","overlay-gradient":""},"mobile":{"background-color":"","background-image":"","background-repeat":"repeat","background-position":"center center","background-size":"auto","background-attachment":"scroll","background-type":"","background-media":"","overlay-type":"","overlay-color":"","overlay-opacity":"","overlay-gradient":""}},"ast-content-background-meta":{"desktop":{"background-color":"var(--ast-global-color-5)","background-image":"","background-repeat":"repeat","background-position":"center center","background-size":"auto","background-attachment":"scroll","background-type":"","background-media":"","overlay-type":"","overlay-color":"","overlay-opacity":"","overlay-gradient":""},"tablet":{"background-color":"var(--ast-global-color-5)","background-image":"","background-repeat":"repeat","background-position":"center center","background-size":"auto","background-attachment":"scroll","background-type":"","background-media":"","overlay-type":"","overlay-color":"","overlay-opacity":"","overlay-gradient":""},"mobile":{"background-color":"var(--ast-global-color-5)","background-image":"","background-repeat":"repeat","background-position":"center center","background-size":"auto","background-attachment":"scroll","background-type":"","background-media":"","overlay-type":"","overlay-color":"","overlay-opacity":"","overlay-gradient":""}},"footnotes":""},"class_list":["post-523","page","type-page","status-publish","hentry"],"aioseo_notices":[],"_links":{"self":[{"href":"https:\/\/naturefirst.org\/es\/wp-json\/wp\/v2\/pages\/523","targetHints":{"allow":["GET"]}}],"collection":[{"href":"https:\/\/naturefirst.org\/es\/wp-json\/wp\/v2\/pages"}],"about":[{"href":"https:\/\/naturefirst.org\/es\/wp-json\/wp\/v2\/types\/page"}],"author":[{"embeddable":true,"href":"https:\/\/naturefirst.org\/es\/wp-json\/wp\/v2\/users\/2"}],"replies":[{"embeddable":true,"href":"https:\/\/naturefirst.org\/es\/wp-json\/wp\/v2\/comments?post=523"}],"version-history":[{"count":5,"href":"https:\/\/naturefirst.org\/es\/wp-json\/wp\/v2\/pages\/523\/revisions"}],"predecessor-version":[{"id":3733,"href":"https:\/\/naturefirst.org\/es\/wp-json\/wp\/v2\/pages\/523\/revisions\/3733"}],"wp:attachment":[{"href":"https:\/\/naturefirst.org\/es\/wp-json\/wp\/v2\/media?parent=523"}],"curies":[{"name":"gracias","href":"https:\/\/api.w.org\/{rel}","templated":true}]}}