{"id":561,"date":"2022-08-22T15:05:31","date_gmt":"2022-08-22T15:05:31","guid":{"rendered":"https:\/\/naturefirst.org\/?page_id=561"},"modified":"2024-08-01T15:56:16","modified_gmt":"2024-08-01T21:56:16","slug":"login","status":"publish","type":"page","link":"https:\/\/naturefirst.org\/es\/login\/","title":{"rendered":"Acceso"},"content":{"rendered":"<div data-elementor-type=\"wp-page\" data-elementor-id=\"561\" class=\"elementor elementor-561\" data-elementor-post-type=\"page\">\n\t\t\t\t\t\t<section class=\"elementor-section elementor-top-section elementor-element elementor-element-2555198 elementor-section-height-min-height elementor-section-boxed elementor-section-height-default elementor-section-items-middle\" data-id=\"2555198\" data-element_type=\"section\" data-e-type=\"section\" data-settings=\"{&quot;background_background&quot;:&quot;classic&quot;}\">\n\t\t\t\t\t\t\t<div class=\"elementor-background-overlay\"><\/div>\n\t\t\t\t\t\t\t<div class=\"elementor-container elementor-column-gap-no\">\n\t\t\t\t\t<div class=\"elementor-column elementor-col-100 elementor-top-column elementor-element elementor-element-22089168\" data-id=\"22089168\" data-element_type=\"column\" data-e-type=\"column\">\n\t\t\t<div class=\"elementor-widget-wrap elementor-element-populated\">\n\t\t\t\t\t\t<div class=\"elementor-element elementor-element-61dd7f63 elementor-widget elementor-widget-image-box\" data-id=\"61dd7f63\" data-element_type=\"widget\" data-e-type=\"widget\" data-widget_type=\"image-box.default\">\n\t\t\t\t<div class=\"elementor-widget-container\">\n\t\t\t\t\t<div class=\"elementor-image-box-wrapper\"><div class=\"elementor-image-box-content\"><h1 class=\"elementor-image-box-title\">Inicio de sesi\u00f3n de miembro<\/h1><\/div><\/div>\t\t\t\t<\/div>\n\t\t\t\t<\/div>\n\t\t\t\t\t<\/div>\n\t\t<\/div>\n\t\t\t\t\t<\/div>\n\t\t<\/section>\n\t\t\t\t<section class=\"elementor-section elementor-top-section elementor-element elementor-element-eef0320 elementor-section-boxed elementor-section-height-default elementor-section-height-default\" data-id=\"eef0320\" data-element_type=\"section\" data-e-type=\"section\">\n\t\t\t\t\t\t<div class=\"elementor-container elementor-column-gap-default\">\n\t\t\t\t\t<div class=\"elementor-column elementor-col-100 elementor-top-column elementor-element elementor-element-2da17865\" data-id=\"2da17865\" data-element_type=\"column\" data-e-type=\"column\">\n\t\t\t<div class=\"elementor-widget-wrap elementor-element-populated\">\n\t\t\t\t\t\t<div class=\"elementor-element elementor-element-3decd90a elementor-widget elementor-widget-heading\" data-id=\"3decd90a\" data-element_type=\"widget\" data-e-type=\"widget\" data-widget_type=\"heading.default\">\n\t\t\t\t<div class=\"elementor-widget-container\">\n\t\t\t\t\t<h2 class=\"elementor-heading-title elementor-size-default\">Entre aqu\u00ed...<\/h2>\t\t\t\t<\/div>\n\t\t\t\t<\/div>\n\t\t\t\t<div class=\"elementor-element elementor-element-2c3a8b5 elementor-widget elementor-widget-text-editor\" data-id=\"2c3a8b5\" data-element_type=\"widget\" data-e-type=\"widget\" data-widget_type=\"text-editor.default\">\n\t\t\t\t<div class=\"elementor-widget-container\">\n\t\t\t\t\t\t\t\t\t<p>\n  <!-- Login Form - Start -->\n  <div class=\"ihc-login-form-wrap ihc-login-template-11\">\n      <form method=\"post\" id=\"ihc_login_form\" action=\"\">\n          <input type=\"hidden\" name=\"ihcaction\" value=\"login\" \/>\n          <input type=\"hidden\" name=\"ihc_login_nonce\" value=\"ffdbd1c4c9\" \/>\n\n          \n                    <!-- Username field -->\n          <div class=\"impu-form-line-fr\">\n              <i class=\"fa-ihc fa-username-ihc\"><\/i>\n              <input type=\"text\" value=\"\" name=\"log\" id=\"iump_login_username\" placeholder=\"Nombre de usuario\"\/>\n          <\/div>\n          <!-- End of username field -->\n          \n                    <!-- Password field -->\n          <div class=\"impu-form-line-fr\">\n              <i class=\"fa-ihc fa-pass-ihc\"><\/i>\n              <input type=\"password\" value=\"\" name=\"pwd\" id=\"iump_login_password\" placeholder=\"Contrase\u00f1a\"\/>\n              <span  class=\"ihc-hide-login-pw hide-if-no-js\" data-toggle=\"0\" aria-label=\"Mostrar contrase\u00f1a\">\n              <span class=\"dashicons dashicons-visibility\" aria-hidden=\"true\"><\/span>\n                <\/span>\n          <\/div>\n          <!-- End of Password field -->\n          \n          \n          <!-- Remember me checkbox -->\n                    <div class=\"impu-remember-wrapper\">\n              <input type=\"checkbox\" value=\"forever\" name=\"rememberme\" class=\"impu-form-input-remember\" \/>\n              <span class=\"impu-form-label-remember\">Recu\u00e9rdame<\/span>\n          <\/div>\n                    <!-- End of remember me --->\n\n          <!-- Additional links -->\n                        <div class=\"impu-form-links-pass\"><a href=\"https:\/\/naturefirst.org\/es\/lost-password\/\">\u00bfPerdiste tu contrase\u00f1a?<\/a><\/div>\n                    <!-- End of Aditional links -->\n\n          <div class=\"ihc-clear\"><\/div>\n\n          <!-- captcha -->\n                    <!-- end of captcha -->\n\n          <!-- Submit bttn -->\n                        <div class=\"impu-form-line-fr impu-form-submit\">\n                  <input type=\"submit\" value=\"Acceso\" name=\"Submit\"  class=\"button button-primary button-large\"\/>\n              <\/div>\n                    <!-- End of Submit bttn -->\n\n          <!-- Social -->\n                    <!-- End of Social -->\n\n          <!-- Additional links -->\n                        <div class=\"impu-form-links\">\n                <div class=\"impu-form-links-reg\">\u00bfNo tienes una cuenta? <a href=\"https:\/\/naturefirst.org\/es\/join\/\">Registro<\/a><\/div>\n              <\/div>\n                        <!-- End of Aditional links -->\n\n      <input type=\"hidden\" name=\"trp-form-language\" value=\"es\"\/><\/form>\n  <\/div>\n\n  \n  <span class='ihc-js-login-data'\tdata-user_field='#iump_login_username' data-password_field='#iump_login_password' data-error_message='Please complete all required fields!' ><\/span>\n  <!-- End of Login Form -->\n\n<\/p>\t\t\t\t\t\t\t\t<\/div>\n\t\t\t\t<\/div>\n\t\t\t\t<div class=\"elementor-element elementor-element-4845ce0 elementor-widget-divider--view-line elementor-widget elementor-widget-divider\" data-id=\"4845ce0\" data-element_type=\"widget\" data-e-type=\"widget\" data-widget_type=\"divider.default\">\n\t\t\t\t<div class=\"elementor-widget-container\">\n\t\t\t\t\t\t\t<div class=\"elementor-divider\">\n\t\t\t<span class=\"elementor-divider-separator\">\n\t\t\t\t\t\t<\/span>\n\t\t<\/div>\n\t\t\t\t\t\t<\/div>\n\t\t\t\t<\/div>\n\t\t\t\t\t<\/div>\n\t\t<\/div>\n\t\t\t\t\t<\/div>\n\t\t<\/section>\n\t\t\t\t<\/div>","protected":false},"excerpt":{"rendered":"<p>Inicio de sesi\u00f3n de miembro Inicie sesi\u00f3n aqu\u00ed...<\/p>","protected":false},"author":2,"featured_media":0,"parent":0,"menu_order":0,"comment_status":"closed","ping_status":"closed","template":"","meta":{"_mo_disable_npp":"","site-sidebar-layout":"no-sidebar","site-content-layout":"page-builder","ast-site-content-layout":"default","site-content-style":"default","site-sidebar-style":"default","ast-global-header-display":"","ast-banner-title-visibility":"","ast-main-header-display":"","ast-hfb-above-header-display":"","ast-hfb-below-header-display":"","ast-hfb-mobile-header-display":"","site-post-title":"disabled","ast-breadcrumbs-content":"","ast-featured-img":"disabled","footer-sml-layout":"","ast-disable-related-posts":"","theme-transparent-header-meta":"","adv-header-id-meta":"","stick-header-meta":"","header-above-stick-meta":"","header-main-stick-meta":"","header-below-stick-meta":"","astra-migrate-meta-layouts":"default","ast-page-background-enabled":"default","ast-page-background-meta":{"desktop":{"background-color":"","background-image":"","background-repeat":"repeat","background-position":"center center","background-size":"auto","background-attachment":"scroll","background-type":"","background-media":"","overlay-type":"","overlay-color":"","overlay-opacity":"","overlay-gradient":""},"tablet":{"background-color":"","background-image":"","background-repeat":"repeat","background-position":"center center","background-size":"auto","background-attachment":"scroll","background-type":"","background-media":"","overlay-type":"","overlay-color":"","overlay-opacity":"","overlay-gradient":""},"mobile":{"background-color":"","background-image":"","background-repeat":"repeat","background-position":"center center","background-size":"auto","background-attachment":"scroll","background-type":"","background-media":"","overlay-type":"","overlay-color":"","overlay-opacity":"","overlay-gradient":""}},"ast-content-background-meta":{"desktop":{"background-color":"var(--ast-global-color-5)","background-image":"","background-repeat":"repeat","background-position":"center center","background-size":"auto","background-attachment":"scroll","background-type":"","background-media":"","overlay-type":"","overlay-color":"","overlay-opacity":"","overlay-gradient":""},"tablet":{"background-color":"var(--ast-global-color-5)","background-image":"","background-repeat":"repeat","background-position":"center center","background-size":"auto","background-attachment":"scroll","background-type":"","background-media":"","overlay-type":"","overlay-color":"","overlay-opacity":"","overlay-gradient":""},"mobile":{"background-color":"var(--ast-global-color-5)","background-image":"","background-repeat":"repeat","background-position":"center center","background-size":"auto","background-attachment":"scroll","background-type":"","background-media":"","overlay-type":"","overlay-color":"","overlay-opacity":"","overlay-gradient":""}},"footnotes":""},"class_list":["post-561","page","type-page","status-publish","hentry"],"aioseo_notices":[],"_links":{"self":[{"href":"https:\/\/naturefirst.org\/es\/wp-json\/wp\/v2\/pages\/561","targetHints":{"allow":["GET"]}}],"collection":[{"href":"https:\/\/naturefirst.org\/es\/wp-json\/wp\/v2\/pages"}],"about":[{"href":"https:\/\/naturefirst.org\/es\/wp-json\/wp\/v2\/types\/page"}],"author":[{"embeddable":true,"href":"https:\/\/naturefirst.org\/es\/wp-json\/wp\/v2\/users\/2"}],"replies":[{"embeddable":true,"href":"https:\/\/naturefirst.org\/es\/wp-json\/wp\/v2\/comments?post=561"}],"version-history":[{"count":8,"href":"https:\/\/naturefirst.org\/es\/wp-json\/wp\/v2\/pages\/561\/revisions"}],"predecessor-version":[{"id":5076,"href":"https:\/\/naturefirst.org\/es\/wp-json\/wp\/v2\/pages\/561\/revisions\/5076"}],"wp:attachment":[{"href":"https:\/\/naturefirst.org\/es\/wp-json\/wp\/v2\/media?parent=561"}],"curies":[{"name":"gracias","href":"https:\/\/api.w.org\/{rel}","templated":true}]}}