{"id":739,"date":"2022-08-22T21:52:02","date_gmt":"2022-08-22T21:52:02","guid":{"rendered":"https:\/\/naturefirst.org\/?page_id=739"},"modified":"2023-01-21T08:28:32","modified_gmt":"2023-01-21T15:28:32","slug":"responsible-nature-photography-standard","status":"publish","type":"page","link":"https:\/\/naturefirst.org\/es\/responsible-nature-photography-standard\/","title":{"rendered":"Est\u00e1ndar de fotograf\u00eda de naturaleza responsable"},"content":{"rendered":"<div data-elementor-type=\"wp-page\" data-elementor-id=\"739\" class=\"elementor elementor-739\" data-elementor-post-type=\"page\">\n\t\t\t\t\t\t<section class=\"elementor-section elementor-top-section elementor-element elementor-element-35820ecf elementor-section-height-min-height elementor-section-boxed elementor-section-height-default elementor-section-items-middle\" data-id=\"35820ecf\" data-element_type=\"section\" data-e-type=\"section\" data-settings=\"{&quot;background_background&quot;:&quot;classic&quot;}\">\n\t\t\t\t\t\t\t<div class=\"elementor-background-overlay\"><\/div>\n\t\t\t\t\t\t\t<div class=\"elementor-container elementor-column-gap-no\">\n\t\t\t\t\t<div class=\"elementor-column elementor-col-100 elementor-top-column elementor-element elementor-element-7e7ff944\" data-id=\"7e7ff944\" data-element_type=\"column\" data-e-type=\"column\">\n\t\t\t<div class=\"elementor-widget-wrap elementor-element-populated\">\n\t\t\t\t\t\t<div class=\"elementor-element elementor-element-28cd7761 elementor-widget elementor-widget-image-box\" data-id=\"28cd7761\" data-element_type=\"widget\" data-e-type=\"widget\" data-widget_type=\"image-box.default\">\n\t\t\t\t<div class=\"elementor-widget-container\">\n\t\t\t\t\t<div class=\"elementor-image-box-wrapper\"><div class=\"elementor-image-box-content\"><h1 class=\"elementor-image-box-title\">El est\u00e1ndar de fotograf\u00eda de naturaleza responsable<\/h1><\/div><\/div>\t\t\t\t<\/div>\n\t\t\t\t<\/div>\n\t\t\t\t\t<\/div>\n\t\t<\/div>\n\t\t\t\t\t<\/div>\n\t\t<\/section>\n\t\t\t\t<section class=\"elementor-section elementor-top-section elementor-element elementor-element-5784c30c elementor-section-boxed elementor-section-height-default elementor-section-height-default\" data-id=\"5784c30c\" data-element_type=\"section\" data-e-type=\"section\">\n\t\t\t\t\t\t<div class=\"elementor-container elementor-column-gap-default\">\n\t\t\t\t\t<div class=\"elementor-column elementor-col-100 elementor-top-column elementor-element elementor-element-47cd6ed0\" data-id=\"47cd6ed0\" data-element_type=\"column\" data-e-type=\"column\">\n\t\t\t<div class=\"elementor-widget-wrap elementor-element-populated\">\n\t\t\t\t\t\t<div class=\"elementor-element elementor-element-6041a048 elementor-widget elementor-widget-heading\" data-id=\"6041a048\" data-element_type=\"widget\" data-e-type=\"widget\" data-widget_type=\"heading.default\">\n\t\t\t\t<div class=\"elementor-widget-container\">\n\t\t\t\t\t<h2 class=\"elementor-heading-title elementor-size-default\">El est\u00e1ndar de fotograf\u00eda de naturaleza responsable <\/h2>\t\t\t\t<\/div>\n\t\t\t\t<\/div>\n\t\t\t\t<div class=\"elementor-element elementor-element-5760939 elementor-widget elementor-widget-text-editor\" data-id=\"5760939\" data-element_type=\"widget\" data-e-type=\"widget\" data-widget_type=\"text-editor.default\">\n\t\t\t\t<div class=\"elementor-widget-container\">\n\t\t\t\t\t\t\t\t\t<p id=\"yui_3_17_2_1_1661205057794_174\" class=\"\">El Est\u00e1ndar de fotograf\u00eda de naturaleza responsable es un compromiso para implementar los principios Nature First dentro de su organizaci\u00f3n. Es similar al compromiso que hacen los fot\u00f3grafos cuando se unen a Nature First, pero este est\u00e1ndar no es para los fot\u00f3grafos en s\u00ed, sino para las organizaciones que usan las fotos y videos de la naturaleza que crean. Tambi\u00e9n tenemos una parte de este est\u00e1ndar que es espec\u00edfica para las organizaciones involucradas en la instrucci\u00f3n de fotograf\u00edas, videos o actividades al aire libre.<\/p><h3>FUENTE DE CONTENIDO<\/h3><p class=\"\">Requisitos para las organizaciones que obtienen fotograf\u00edas o videos de la naturaleza para comunicaciones internas o externas y materiales de marketing.<\/p><ul><li>Requerir que todo el contenido de origen utilizado en comunicaciones internas o externas y materiales de marketing, incluidos, entre otros, sitios web, blogs, redes sociales, narraci\u00f3n digital\/marketing de contenido, impresos, eventos en persona y socios influyentes, se obtengan exclusivamente de fot\u00f3grafos que se han comprometido a seguir los principios de Nature First al convertirse en miembros de Nature First (la membres\u00eda es gratuita) antes de obtener la licencia, el uso o la publicaci\u00f3n.<\/li><li>El contenido de origen puede incluir, entre otros, fotograf\u00eda y video profesional a trav\u00e9s de fot\u00f3grafos comerciales contratados, activos de stock comprados a trav\u00e9s de fot\u00f3grafos independientes de naturaleza\/paisajes y\/o mercados de terceros, activos de personas influyentes en las redes sociales (fot\u00f3grafos aficionados o profesionales) y fot\u00f3grafos comunitarios que env\u00edan contenido generado por el usuario Programa de asociaci\u00f3n Nature First P\u00e1gina 5 a trav\u00e9s de hashtags sociales u otras formas de curaci\u00f3n de contenido generado por el usuario y sistemas de recopilaci\u00f3n (es decir, Pixlee, Stackla, Curalate, etc.)<\/li><li>Los creadores de contenido (personas influyentes y usuarios que generan contenido) pueden ser fot\u00f3grafos de nivel profesional, amateur o aficionado que pueden o no estar utilizando equipos profesionales. Todos los que fotograf\u00edan la naturaleza y hacen que su contenido est\u00e9 disponible a trav\u00e9s de sus propios canales de publicaci\u00f3n personales, redes sociales, blogs, sitios web, tiendas, etc. son elegibles para convertirse en miembros de Nature First.<\/li><li>Asumir la responsabilidad adicional y el mejor esfuerzo para garantizar que todos los fot\u00f3grafos contratados se adhieran a los principios Nature First al producir im\u00e1genes y videos utilizados en dichas comunicaciones y materiales de marketing.<\/li><\/ul><h3>EDUCACI\u00d3N E INSTRUCCI\u00d3N<\/h3><p class=\"\">Requisitos para las organizaciones que brindan educaci\u00f3n e instrucci\u00f3n sobre fotograf\u00eda de la naturaleza, videograf\u00eda de la naturaleza o recreaci\u00f3n al aire libre.<\/p><ul><li>Requerir que se incluya una introducci\u00f3n b\u00e1sica a los principios Nature First en el curr\u00edculo de educaci\u00f3n e instrucci\u00f3n, el plan de estudios y\/o los materiales proporcionados a los clientes y\/o estudiantes.<\/li><li>Requerir que los instructores, invitados, clientes y estudiantes adopten y respeten los principios Nature First durante cualquier actividad en el campo o en \u00e1reas naturales.<\/li><li>Predique con el ejemplo: actuar \u00e9ticamente y explicar esas opciones \u00e9ticas es a\u00fan m\u00e1s importante cuando est\u00e1 frente a un grupo.<\/li><li>Mantenga peque\u00f1os los tama\u00f1os de los grupos. Minimice activamente el impacto de su grupo en los lugares que visita y trabaje para proteger las experiencias de quienes lo rodean. Es su responsabilidad asegurarse de que su grupo no interrumpa a los dem\u00e1s.<\/li><li>Considere cuidadosamente los impactos de llevar a un grupo a lugares sensibles antes de hacerlo.<\/li><li>Siga las reglas y regulaciones, incluidos los requisitos de permisos.<\/li><\/ul><h3>CUMPLIMIENTO<\/h3><p class=\"\">La responsabilidad del cumplimiento recae en la organizaci\u00f3n. Antes de finalizar la asociaci\u00f3n, la organizaci\u00f3n debe compartir con Nature First su proceso para garantizar que los fot\u00f3grafos cumplan con el requisito de membres\u00eda de Nature First. Las organizaciones que no quieren o no pueden examinar a los fot\u00f3grafos no son elegibles para adoptar y comprometerse formalmente con el Est\u00e1ndar de Fotograf\u00eda de Naturaleza Responsable y son las m\u00e1s adecuadas para nuestra asociaci\u00f3n organizacional de nivel 1.<\/p>\t\t\t\t\t\t\t\t<\/div>\n\t\t\t\t<\/div>\n\t\t\t\t<div class=\"elementor-element elementor-element-48bbecbb elementor-widget-divider--view-line elementor-widget elementor-widget-divider\" data-id=\"48bbecbb\" data-element_type=\"widget\" data-e-type=\"widget\" data-widget_type=\"divider.default\">\n\t\t\t\t<div class=\"elementor-widget-container\">\n\t\t\t\t\t\t\t<div class=\"elementor-divider\">\n\t\t\t<span class=\"elementor-divider-separator\">\n\t\t\t\t\t\t<\/span>\n\t\t<\/div>\n\t\t\t\t\t\t<\/div>\n\t\t\t\t<\/div>\n\t\t\t\t\t<\/div>\n\t\t<\/div>\n\t\t\t\t\t<\/div>\n\t\t<\/section>\n\t\t\t\t<\/div>","protected":false},"excerpt":{"rendered":"<p>The Responsible Nature Photography Standard The Responsible Nature Photography Standard The Responsible Nature Photography Standard is a commitment to implement Nature First principles within your organization. It is similar to the commitment that photographers make when they join Nature First, yet this standard is not for photographers themselves but rather for the organizations that use [&hellip;]<\/p>\n","protected":false},"author":2,"featured_media":0,"parent":0,"menu_order":0,"comment_status":"closed","ping_status":"closed","template":"","meta":{"_mo_disable_npp":"","site-sidebar-layout":"no-sidebar","site-content-layout":"page-builder","ast-site-content-layout":"default","site-content-style":"default","site-sidebar-style":"default","ast-global-header-display":"","ast-banner-title-visibility":"","ast-main-header-display":"","ast-hfb-above-header-display":"","ast-hfb-below-header-display":"","ast-hfb-mobile-header-display":"","site-post-title":"disabled","ast-breadcrumbs-content":"","ast-featured-img":"disabled","footer-sml-layout":"","ast-disable-related-posts":"","theme-transparent-header-meta":"","adv-header-id-meta":"","stick-header-meta":"","header-above-stick-meta":"","header-main-stick-meta":"","header-below-stick-meta":"","astra-migrate-meta-layouts":"default","ast-page-background-enabled":"default","ast-page-background-meta":{"desktop":{"background-color":"","background-image":"","background-repeat":"repeat","background-position":"center center","background-size":"auto","background-attachment":"scroll","background-type":"","background-media":"","overlay-type":"","overlay-color":"","overlay-opacity":"","overlay-gradient":""},"tablet":{"background-color":"","background-image":"","background-repeat":"repeat","background-position":"center center","background-size":"auto","background-attachment":"scroll","background-type":"","background-media":"","overlay-type":"","overlay-color":"","overlay-opacity":"","overlay-gradient":""},"mobile":{"background-color":"","background-image":"","background-repeat":"repeat","background-position":"center center","background-size":"auto","background-attachment":"scroll","background-type":"","background-media":"","overlay-type":"","overlay-color":"","overlay-opacity":"","overlay-gradient":""}},"ast-content-background-meta":{"desktop":{"background-color":"var(--ast-global-color-5)","background-image":"","background-repeat":"repeat","background-position":"center center","background-size":"auto","background-attachment":"scroll","background-type":"","background-media":"","overlay-type":"","overlay-color":"","overlay-opacity":"","overlay-gradient":""},"tablet":{"background-color":"var(--ast-global-color-5)","background-image":"","background-repeat":"repeat","background-position":"center center","background-size":"auto","background-attachment":"scroll","background-type":"","background-media":"","overlay-type":"","overlay-color":"","overlay-opacity":"","overlay-gradient":""},"mobile":{"background-color":"var(--ast-global-color-5)","background-image":"","background-repeat":"repeat","background-position":"center center","background-size":"auto","background-attachment":"scroll","background-type":"","background-media":"","overlay-type":"","overlay-color":"","overlay-opacity":"","overlay-gradient":""}},"footnotes":""},"class_list":["post-739","page","type-page","status-publish","hentry"],"aioseo_notices":[],"_links":{"self":[{"href":"https:\/\/naturefirst.org\/es\/wp-json\/wp\/v2\/pages\/739","targetHints":{"allow":["GET"]}}],"collection":[{"href":"https:\/\/naturefirst.org\/es\/wp-json\/wp\/v2\/pages"}],"about":[{"href":"https:\/\/naturefirst.org\/es\/wp-json\/wp\/v2\/types\/page"}],"author":[{"embeddable":true,"href":"https:\/\/naturefirst.org\/es\/wp-json\/wp\/v2\/users\/2"}],"replies":[{"embeddable":true,"href":"https:\/\/naturefirst.org\/es\/wp-json\/wp\/v2\/comments?post=739"}],"version-history":[{"count":8,"href":"https:\/\/naturefirst.org\/es\/wp-json\/wp\/v2\/pages\/739\/revisions"}],"predecessor-version":[{"id":3739,"href":"https:\/\/naturefirst.org\/es\/wp-json\/wp\/v2\/pages\/739\/revisions\/3739"}],"wp:attachment":[{"href":"https:\/\/naturefirst.org\/es\/wp-json\/wp\/v2\/media?parent=739"}],"curies":[{"name":"gracias","href":"https:\/\/api.w.org\/{rel}","templated":true}]}}