{"id":783,"date":"2022-08-22T23:11:24","date_gmt":"2022-08-22T23:11:24","guid":{"rendered":"https:\/\/naturefirst.org\/?page_id=783"},"modified":"2024-07-03T07:14:31","modified_gmt":"2024-07-03T13:14:31","slug":"press","status":"publish","type":"page","link":"https:\/\/naturefirst.org\/es\/press\/","title":{"rendered":"Prensa"},"content":{"rendered":"<div data-elementor-type=\"wp-page\" data-elementor-id=\"783\" class=\"elementor elementor-783\" data-elementor-post-type=\"page\">\n\t\t\t\t\t\t<section class=\"elementor-section elementor-top-section elementor-element elementor-element-6eb01d68 elementor-section-height-min-height elementor-section-boxed elementor-section-height-default elementor-section-items-middle\" data-id=\"6eb01d68\" data-element_type=\"section\" data-e-type=\"section\" data-settings=\"{&quot;background_background&quot;:&quot;classic&quot;}\">\n\t\t\t\t\t\t\t<div class=\"elementor-background-overlay\"><\/div>\n\t\t\t\t\t\t\t<div class=\"elementor-container elementor-column-gap-no\">\n\t\t\t\t\t<div class=\"elementor-column elementor-col-100 elementor-top-column elementor-element elementor-element-35602077\" data-id=\"35602077\" data-element_type=\"column\" data-e-type=\"column\">\n\t\t\t<div class=\"elementor-widget-wrap elementor-element-populated\">\n\t\t\t\t\t\t<div class=\"elementor-element elementor-element-e11d5bb elementor-widget elementor-widget-image-box\" data-id=\"e11d5bb\" data-element_type=\"widget\" data-e-type=\"widget\" data-widget_type=\"image-box.default\">\n\t\t\t\t<div class=\"elementor-widget-container\">\n\t\t\t\t\t<div class=\"elementor-image-box-wrapper\"><div class=\"elementor-image-box-content\"><h1 class=\"elementor-image-box-title\">para la prensa<\/h1><\/div><\/div>\t\t\t\t<\/div>\n\t\t\t\t<\/div>\n\t\t\t\t\t<\/div>\n\t\t<\/div>\n\t\t\t\t\t<\/div>\n\t\t<\/section>\n\t\t\t\t<section class=\"elementor-section elementor-top-section elementor-element elementor-element-bbd41ea elementor-section-boxed elementor-section-height-default elementor-section-height-default\" data-id=\"bbd41ea\" data-element_type=\"section\" data-e-type=\"section\">\n\t\t\t\t\t\t<div class=\"elementor-container elementor-column-gap-default\">\n\t\t\t\t\t<div class=\"elementor-column elementor-col-50 elementor-top-column elementor-element elementor-element-2477e54\" data-id=\"2477e54\" data-element_type=\"column\" data-e-type=\"column\">\n\t\t\t<div class=\"elementor-widget-wrap elementor-element-populated\">\n\t\t\t\t\t\t<div class=\"elementor-element elementor-element-bb92e38 elementor-widget elementor-widget-heading\" data-id=\"bb92e38\" data-element_type=\"widget\" data-e-type=\"widget\" data-widget_type=\"heading.default\">\n\t\t\t\t<div class=\"elementor-widget-container\">\n\t\t\t\t\t<h2 class=\"elementor-heading-title elementor-size-default\">Presione soltar<\/h2>\t\t\t\t<\/div>\n\t\t\t\t<\/div>\n\t\t\t\t\t<\/div>\n\t\t<\/div>\n\t\t\t\t<div class=\"elementor-column elementor-col-50 elementor-top-column elementor-element elementor-element-2d51035\" data-id=\"2d51035\" data-element_type=\"column\" data-e-type=\"column\">\n\t\t\t<div class=\"elementor-widget-wrap elementor-element-populated\">\n\t\t\t\t\t\t<div class=\"elementor-element elementor-element-d48523d elementor-widget elementor-widget-text-editor\" data-id=\"d48523d\" data-element_type=\"widget\" data-e-type=\"widget\" data-widget_type=\"text-editor.default\">\n\t\t\t\t<div class=\"elementor-widget-container\">\n\t\t\t\t\t\t\t\t\t<p><strong><em>Las im\u00e1genes de esta p\u00e1gina est\u00e1n disponibles para uso de la prensa...<\/em><\/strong><\/p>\t\t\t\t\t\t\t\t<\/div>\n\t\t\t\t<\/div>\n\t\t\t\t\t<\/div>\n\t\t<\/div>\n\t\t\t\t\t<\/div>\n\t\t<\/section>\n\t\t\t\t<section class=\"elementor-section elementor-top-section elementor-element elementor-element-4b102503 elementor-section-boxed elementor-section-height-default elementor-section-height-default\" data-id=\"4b102503\" data-element_type=\"section\" data-e-type=\"section\">\n\t\t\t\t\t\t<div class=\"elementor-container elementor-column-gap-default\">\n\t\t\t\t\t<div class=\"elementor-column elementor-col-100 elementor-top-column elementor-element elementor-element-40944611\" data-id=\"40944611\" data-element_type=\"column\" data-e-type=\"column\">\n\t\t\t<div class=\"elementor-widget-wrap elementor-element-populated\">\n\t\t\t\t\t\t<div class=\"elementor-element elementor-element-7156ffa elementor-widget elementor-widget-text-editor\" data-id=\"7156ffa\" data-element_type=\"widget\" data-e-type=\"widget\" data-widget_type=\"text-editor.default\">\n\t\t\t\t<div class=\"elementor-widget-container\">\n\t\t\t\t\t\t\t\t\t<div id=\"block-8b5bdb296a94300d0085\" class=\"sqs-block html-block sqs-block-html\" data-block-type=\"2\"><div class=\"sqs-block-content\"><h3>22 DE ABRIL DE 2019<\/h3><p class=\"\">Para publicaci\u00f3n inmediata<\/p><p class=\"\"><em>El da\u00f1o se detiene aqu\u00ed: los fot\u00f3grafos de la naturaleza se unen para preservar la naturaleza restante<\/em><\/p><p class=\"\"><strong>Nuestros lugares m\u00e1s hermosos en todo el planeta est\u00e1n siendo da\u00f1ados y los fot\u00f3grafos de la naturaleza de todo el mundo, al darse cuenta de su propia complicidad, se est\u00e1n uniendo para cambiar el rumbo.<\/strong><\/p><\/div><\/div><div id=\"block-yui_3_17_2_1_1555641580725_6897\" class=\"sqs-block image-block sqs-block-image sqs-col-6 span-6 float float-right sqs-text-ready\" data-block-type=\"5\"><div id=\"yui_3_17_2_1_1661209432494_152\" class=\"sqs-block-content\"><div id=\"yui_3_17_2_1_1661209432494_151\" class=\"image-block-outer-wrapper layout-caption-hidden design-layout-inline combination-animation-none individual-animation-none individual-text-animation-none\" data-test=\"image-block-inline-outer-wrapper\"><figure id=\"yui_3_17_2_1_1661209432494_150\" class=\"sqs-block-image-figure intrinsic\"><div id=\"yui_3_17_2_1_1661209432494_149\" class=\"image-block-wrapper\" data-animation-role=\"image\"><div id=\"yui_3_17_2_1_1661209432494_148\" class=\"sqs-image-shape-container-element has-aspect-ratio\"><img decoding=\"async\" class=\"thumb-image loaded alignright\" src=\"https:\/\/images.squarespace-cdn.com\/content\/v1\/5c69df27ca525b3b56a5cce6\/1555641762493-AO6NF523N40Z20U0CPD8\/Iceland-Sarah-Marino.jpg?format=500w\" alt=\"Iceland-Sarah-Marino.jpg\" data-src=\"https:\/\/images.squarespace-cdn.com\/content\/v1\/5c69df27ca525b3b56a5cce6\/1555641762493-AO6NF523N40Z20U0CPD8\/Iceland-Sarah-Marino.jpg\" data-image=\"https:\/\/images.squarespace-cdn.com\/content\/v1\/5c69df27ca525b3b56a5cce6\/1555641762493-AO6NF523N40Z20U0CPD8\/Iceland-Sarah-Marino.jpg\" data-image-dimensions=\"1000x805\" data-image-focal-point=\"0.5,0.5\" data-load=\"false\" data-image-id=\"5cb935a0419202e155e767c4\" data-type=\"image\" data-image-resolution=\"500w\" \/><\/div><\/div><\/figure><\/div><\/div><\/div><div id=\"block-yui_3_17_2_1_1555641580725_11188\" class=\"sqs-block html-block sqs-block-html\" data-block-type=\"2\"><div class=\"sqs-block-content\"><p class=\"\">22 de abril de 2019. Estes Park, Colorado: desde los campos de amapolas pisoteados de California hasta las cataratas inundadas de Islandia, en todo el mundo estamos viendo el impacto cada vez mayor de la fotograf\u00eda y las redes sociales. Los florecientes campos de girasoles atrajeron a decenas de miles de personas, cerraron carreteras y destruyeron campos de agricultores, mientras que cascadas y vistas de monta\u00f1as antes desconocidas llenan las p\u00e1ginas de Instagram y Facebook atrayendo a miles de visitantes a estos lugares que alguna vez fueron pr\u00edstinos.<\/p><p class=\"\">En la \u00faltima d\u00e9cada, muchos de los lugares m\u00e1s bellos y, a menudo, desconocidos de nuestro mundo se han puesto en el centro de atenci\u00f3n a trav\u00e9s de las redes sociales. Los lugares que antes estaban protegidos debido a su anonimato ahora atraen cada vez m\u00e1s tr\u00e1fico todos los d\u00edas y la mayor\u00eda de estos lugares salvajes no pueden sobrevivir a la atenci\u00f3n. Estos hermosos lugares ahora est\u00e1n rodeados de lodo y grava, vegetaci\u00f3n pisoteada y basura. Ya no est\u00e1n marcados por el silencio natural y la vida silvestre activa, sino que se han convertido en centros de actividad humana ruidosa.<\/p><\/div><\/div><div id=\"block-yui_3_17_2_1_1555641580725_14299\" class=\"sqs-block image-block sqs-block-image sqs-col-6 span-6 float float-right sqs-text-ready\" data-aspect-ratio=\"67.05020920502092\" data-block-type=\"5\"><div id=\"yui_3_17_2_1_1661209432494_173\" class=\"sqs-block-content\"><div id=\"yui_3_17_2_1_1661209432494_172\" class=\"image-block-outer-wrapper layout-caption-hidden design-layout-inline combination-animation-none individual-animation-none individual-text-animation-none\" data-test=\"image-block-inline-outer-wrapper\"><figure id=\"yui_3_17_2_1_1661209432494_171\" class=\"sqs-block-image-figure intrinsic\"><div id=\"yui_3_17_2_1_1661209432494_170\" class=\"image-block-wrapper\" data-animation-role=\"image\"><div id=\"yui_3_17_2_1_1661209432494_169\" class=\"sqs-image-shape-container-element has-aspect-ratio\"><img decoding=\"async\" class=\"thumb-image loaded alignright\" src=\"https:\/\/images.squarespace-cdn.com\/content\/v1\/5c69df27ca525b3b56a5cce6\/1555641898041-CGAUJC36UL6EFMBQA002\/Mesa-Arch-Joshua-Snow.jpg?format=500w\" alt=\"Mesa-Arch-Joshua-Snow.jpg\" data-src=\"https:\/\/images.squarespace-cdn.com\/content\/v1\/5c69df27ca525b3b56a5cce6\/1555641898041-CGAUJC36UL6EFMBQA002\/Mesa-Arch-Joshua-Snow.jpg\" data-image=\"https:\/\/images.squarespace-cdn.com\/content\/v1\/5c69df27ca525b3b56a5cce6\/1555641898041-CGAUJC36UL6EFMBQA002\/Mesa-Arch-Joshua-Snow.jpg\" data-image-dimensions=\"1250x838\" data-image-focal-point=\"0.5,0.5\" data-load=\"false\" data-image-id=\"5cb93628104c7b4c581aecbd\" data-type=\"image\" data-image-resolution=\"500w\" \/><\/div><\/div><\/figure><\/div><\/div><\/div><div id=\"block-yui_3_17_2_1_1555641580725_16582\" class=\"sqs-block html-block sqs-block-html\" data-block-type=\"2\"><div class=\"sqs-block-content\"><p class=\"\">Desde mucho antes de la \u00e9poca de Ansel Adams, los fot\u00f3grafos de la naturaleza han estado explorando nuestro hermoso mundo y compartiendo sus maravillas con el resto de la poblaci\u00f3n humana. Desde sus inicios, fot\u00f3grafos como Carleton Watkins, William Henry Jackson y Philip Hyde utilizaron su fotograf\u00eda para llamar la atenci\u00f3n sobre la necesidad de preservar nuestro mundo natural. Sus fotos fueron fundamentales en la formaci\u00f3n de muchos de los parques nacionales de Estados Unidos. Pero, a principios de la d\u00e9cada de 2000, las cosas cambiaron dr\u00e1sticamente. Sus im\u00e1genes ya no estaban reservadas para libros y revistas, sino que ahora aparec\u00edan en computadoras y dispositivos m\u00f3viles de todo el mundo. El auge de Instagram con su algoritmo que fomenta el intercambio de informaci\u00f3n de ubicaci\u00f3n inclin\u00f3 la escala y la fotograf\u00eda de la naturaleza pronto pas\u00f3 de ser un medio para promover la protecci\u00f3n de nuestro mundo natural a una invitaci\u00f3n para que todos se acerquen y toquen estos lugares. Las \u00e1reas naturales de todo el planeta han visto una explosi\u00f3n de crecimiento en las visitas. Por ejemplo, el Parque Nacional de las Monta\u00f1as Rocosas ha visto un crecimiento de m\u00e1s de 401 TP3T desde 2012, excediendo su capacidad. Es similar para el Parque Nacional Arches, el Parque Nacional Zion, el pa\u00eds de Islandia, los parques nacionales en Noruega y Nueva Zelanda, etc. Sin la infraestructura para apoyar y proteger estos lugares, nuestro mundo natural est\u00e1 siendo amado hasta la muerte.<\/p><p class=\"\">Al mismo tiempo, los fot\u00f3grafos han estado asumiendo riesgos cada vez mayores para obtener una foto que nadie m\u00e1s tiene. A medida que los fot\u00f3grafos avanzan hacia nuevos lugares y los comparten con el mundo, el mundo sigue sus pasos. Para muchos fot\u00f3grafos de hoy, se trata de salir con una foto dram\u00e1tica sin apreciar la flora, la fauna, la geolog\u00eda, la historia y la delicada naturaleza de estos lugares. En estos casos, los lugares en s\u00ed mismos no son amados, sino que simplemente se usan por lo que pueden proporcionar: m\u00e1s fan\u00e1ticos y seguidores.<\/p><p class=\"\">Los fot\u00f3grafos de la naturaleza est\u00e1n hablando en tonos preocupantes sobre lo que ven que sucede y muchos ahora se est\u00e1n poniendo de pie y reconociendo su propia contribuci\u00f3n muy significativa a estos problemas.<\/p><p class=\"\">Como resultado, los fot\u00f3grafos de la naturaleza han lanzado una iniciativa mundial llamada \u201cNature First: La Alianza para la Fotograf\u00eda Responsable de la Naturaleza\u201d. La Alianza se basa en un conjunto de mejores pr\u00e1cticas para fot\u00f3grafos de la naturaleza centradas en la idea de anteponer el bienestar de la naturaleza a la propia fotograf\u00eda. El centro de esta nueva iniciativa es el sitio web de Nature First:\u00a0<a href=\"http:\/\/naturefirst.org\/es\/\">https:\/\/naturefirst.org<\/a>.<\/p><p class=\"\">Estas mejores pr\u00e1cticas se componen de siete principios, similares a\u00a0<em>No dejar rastro<\/em>\u00a0y est\u00e1n dise\u00f1ados para cualquier persona que tome fotograf\u00edas al aire libre, ya sean fot\u00f3grafos profesionales o aficionados. Los principios son relativamente simples, pero a medida que profundices encontrar\u00e1s que contienen una gran cantidad de profundidad.<\/p><\/div><\/div><div id=\"block-yui_3_17_2_1_1555641580725_17786\" class=\"sqs-block image-block sqs-block-image sqs-col-6 span-6 float float-right sqs-text-ready\" data-block-type=\"5\"><div id=\"yui_3_17_2_1_1661209432494_191\" class=\"sqs-block-content\"><div id=\"yui_3_17_2_1_1661209432494_190\" class=\"image-block-outer-wrapper layout-caption-hidden design-layout-inline combination-animation-none individual-animation-none individual-text-animation-none\" data-test=\"image-block-inline-outer-wrapper\"><figure id=\"yui_3_17_2_1_1661209432494_189\" class=\"sqs-block-image-figure intrinsic\"><div id=\"yui_3_17_2_1_1661209432494_188\" class=\"image-block-wrapper\" data-animation-role=\"image\"><div id=\"yui_3_17_2_1_1661209432494_187\" class=\"sqs-image-shape-container-element has-aspect-ratio\"><img decoding=\"async\" class=\"thumb-image loaded alignright\" src=\"https:\/\/images.squarespace-cdn.com\/content\/v1\/5c69df27ca525b3b56a5cce6\/1555641977746-9JFDY86MTZBPC00CBVV2\/Stay+Off+Photo+.jpg?format=500w\" alt=\"Stay Off Photo .jpg\" data-src=\"https:\/\/images.squarespace-cdn.com\/content\/v1\/5c69df27ca525b3b56a5cce6\/1555641977746-9JFDY86MTZBPC00CBVV2\/Stay+Off+Photo+.jpg\" data-image=\"https:\/\/images.squarespace-cdn.com\/content\/v1\/5c69df27ca525b3b56a5cce6\/1555641977746-9JFDY86MTZBPC00CBVV2\/Stay+Off+Photo+.jpg\" data-image-dimensions=\"1175x783\" data-image-focal-point=\"0.5,0.5\" data-load=\"false\" data-image-id=\"5cb93679e79c70af9353787d\" data-type=\"image\" data-image-resolution=\"500w\" \/><\/div><\/div><\/figure><\/div><\/div><\/div><div id=\"block-yui_3_17_2_1_1555641580725_21120\" class=\"sqs-block html-block sqs-block-html\" data-block-type=\"2\"><div class=\"sqs-block-content\"><ol><li>Priorizar el cuidado y respeto de la naturaleza sobre la fotograf\u00eda.<\/li><li>Inf\u00f3rmese sobre los lugares que fotograf\u00eda.<\/li><li>Reflexiona sobre el posible impacto de tus acciones.<\/li><li>Sea discreto si comparte ubicaciones.<\/li><li>Conocer y seguir las normas y reglamentos.<\/li><li>Siga siempre los principios Leave No Trace y esfu\u00e9rcese por dejar los lugares mejor de lo que los encontr\u00f3.<\/li><li>Promover activamente y educar a otros sobre estos Principios.<\/li><\/ol><p class=\"\"><em>Nature First<\/em>\u00a0tiene como objetivo alentar a todos los que toman fotos en el mundo natural a unirse a esta iniciativa y aceptar cumplir con estos principios. De esta manera, esperamos poder comenzar a cambiar el rumbo de la destrucci\u00f3n que enfrentan nuestras \u00e1reas silvestres. Si bien no podemos hacer retroceder el reloj y devolver lo da\u00f1ado a su estado original, la esperanza de Nature First es que podamos preservar lo que queda al adoptar un enfoque m\u00e1s cuidadoso y reflexivo y que sea posible celebrar y fotografiar el mundo natural sin destruir eso.<\/p><\/div><\/div>\t\t\t\t\t\t\t\t<\/div>\n\t\t\t\t<\/div>\n\t\t\t\t<div class=\"elementor-element elementor-element-e8a131e elementor-widget elementor-widget-image\" data-id=\"e8a131e\" data-element_type=\"widget\" data-e-type=\"widget\" data-widget_type=\"image.default\">\n\t\t\t\t<div class=\"elementor-widget-container\">\n\t\t\t\t\t\t\t\t\t\t\t\t\t\t\t<img fetchpriority=\"high\" decoding=\"async\" width=\"1024\" height=\"684\" src=\"https:\/\/naturefirst.org\/wp-content\/uploads\/Rocky-Mountain-National-Park-Erik-Stensland--1024x684.jpg\" class=\"attachment-large size-large wp-image-787\" alt=\"Rocky Mountain National Park\" srcset=\"https:\/\/naturefirst.org\/wp-content\/uploads\/Rocky-Mountain-National-Park-Erik-Stensland--1024x684.jpg.webp 1024w, https:\/\/naturefirst.org\/wp-content\/uploads\/Rocky-Mountain-National-Park-Erik-Stensland--500x334.jpg.webp 500w, https:\/\/naturefirst.org\/wp-content\/uploads\/Rocky-Mountain-National-Park-Erik-Stensland--768x513.jpg.webp 768w, https:\/\/naturefirst.org\/wp-content\/uploads\/Rocky-Mountain-National-Park-Erik-Stensland--1536x1025.jpg.webp 1536w, https:\/\/naturefirst.org\/wp-content\/uploads\/Rocky-Mountain-National-Park-Erik-Stensland--2048x1367.jpg.webp 2048w, https:\/\/naturefirst.org\/wp-content\/uploads\/Rocky-Mountain-National-Park-Erik-Stensland--18x12.jpg.webp 18w\" sizes=\"(max-width: 1024px) 100vw, 1024px\" \/>\t\t\t\t\t\t\t\t\t\t\t\t\t\t\t<\/div>\n\t\t\t\t<\/div>\n\t\t\t\t<div class=\"elementor-element elementor-element-b8d9720 elementor-widget elementor-widget-heading\" data-id=\"b8d9720\" data-element_type=\"widget\" data-e-type=\"widget\" data-widget_type=\"heading.default\">\n\t\t\t\t<div class=\"elementor-widget-container\">\n\t\t\t\t\t<h2 class=\"elementor-heading-title elementor-size-default\">Acerca de Nature First<\/h2>\t\t\t\t<\/div>\n\t\t\t\t<\/div>\n\t\t\t\t<div class=\"elementor-element elementor-element-e741c2b elementor-widget elementor-widget-text-editor\" data-id=\"e741c2b\" data-element_type=\"widget\" data-e-type=\"widget\" data-widget_type=\"text-editor.default\">\n\t\t\t\t<div class=\"elementor-widget-container\">\n\t\t\t\t\t\t\t\t\t<p><strong><em>Nature First<\/em><\/strong>\u00a0es una asociaci\u00f3n de fot\u00f3grafos comprometidos con la fotograf\u00eda de naturaleza responsable. Para concertar una entrevista contacte a trav\u00e9s del siguiente enlace.<\/p>\t\t\t\t\t\t\t\t<\/div>\n\t\t\t\t<\/div>\n\t\t\t\t<div class=\"elementor-element elementor-element-70f49ac elementor-align-center elementor-widget elementor-widget-button\" data-id=\"70f49ac\" data-element_type=\"widget\" data-e-type=\"widget\" data-widget_type=\"button.default\">\n\t\t\t\t<div class=\"elementor-widget-container\">\n\t\t\t\t\t\t\t\t\t<div class=\"elementor-button-wrapper\">\n\t\t\t\t\t<a class=\"elementor-button elementor-button-link elementor-size-sm\" href=\"https:\/\/naturefirst.org\/es\/contact\/\">\n\t\t\t\t\t\t<span class=\"elementor-button-content-wrapper\">\n\t\t\t\t\t\t\t\t\t<span class=\"elementor-button-text\">Cont\u00e1ctenos<\/span>\n\t\t\t\t\t<\/span>\n\t\t\t\t\t<\/a>\n\t\t\t\t<\/div>\n\t\t\t\t\t\t\t\t<\/div>\n\t\t\t\t<\/div>\n\t\t\t\t<div class=\"elementor-element elementor-element-2790c1a elementor-widget elementor-widget-text-editor\" data-id=\"2790c1a\" data-element_type=\"widget\" data-e-type=\"widget\" data-widget_type=\"text-editor.default\">\n\t\t\t\t<div class=\"elementor-widget-container\">\n\t\t\t\t\t\t\t\t\t<p><a href=\"https:\/\/naturefirst.org\/es\/principles\/\">M\u00e1s informaci\u00f3n sobre los Principios Nature First<\/a><\/p>\t\t\t\t\t\t\t\t<\/div>\n\t\t\t\t<\/div>\n\t\t\t\t<div class=\"elementor-element elementor-element-c14c371 elementor-widget elementor-widget-image\" data-id=\"c14c371\" data-element_type=\"widget\" data-e-type=\"widget\" data-widget_type=\"image.default\">\n\t\t\t\t<div class=\"elementor-widget-container\">\n\t\t\t\t\t\t\t\t\t\t\t\t\t\t\t<img decoding=\"async\" width=\"500\" height=\"444\" src=\"https:\/\/naturefirst.org\/wp-content\/uploads\/Asset-11-4x-500x444.png\" class=\"attachment-medium size-medium wp-image-4336\" alt=\"\" srcset=\"https:\/\/naturefirst.org\/wp-content\/uploads\/Asset-11-4x-500x444.png.webp 500w, https:\/\/naturefirst.org\/wp-content\/uploads\/Asset-11-4x-14x12.png.webp 14w, https:\/\/naturefirst.org\/wp-content\/uploads\/Asset-11-4x.png.webp 726w\" sizes=\"(max-width: 500px) 100vw, 500px\" \/>\t\t\t\t\t\t\t\t\t\t\t\t\t\t\t<\/div>\n\t\t\t\t<\/div>\n\t\t\t\t<div class=\"elementor-element elementor-element-c2cc08e elementor-widget elementor-widget-spacer\" data-id=\"c2cc08e\" data-element_type=\"widget\" data-e-type=\"widget\" data-widget_type=\"spacer.default\">\n\t\t\t\t<div class=\"elementor-widget-container\">\n\t\t\t\t\t\t\t<div class=\"elementor-spacer\">\n\t\t\t<div class=\"elementor-spacer-inner\"><\/div>\n\t\t<\/div>\n\t\t\t\t\t\t<\/div>\n\t\t\t\t<\/div>\n\t\t\t\t<div class=\"elementor-element elementor-element-1f7d974 elementor-widget elementor-widget-image\" data-id=\"1f7d974\" data-element_type=\"widget\" data-e-type=\"widget\" data-widget_type=\"image.default\">\n\t\t\t\t<div class=\"elementor-widget-container\">\n\t\t\t\t\t\t\t\t\t\t\t\t\t\t\t<img decoding=\"async\" width=\"500\" height=\"171\" src=\"https:\/\/naturefirst.org\/wp-content\/uploads\/Asset-12-4x-500x171.png\" class=\"attachment-medium size-medium wp-image-4341\" alt=\"\" srcset=\"https:\/\/naturefirst.org\/wp-content\/uploads\/Asset-12-4x-500x171.png.webp 500w, https:\/\/naturefirst.org\/wp-content\/uploads\/Asset-12-4x-1024x349.png.webp 1024w, https:\/\/naturefirst.org\/wp-content\/uploads\/Asset-12-4x-768x262.png.webp 768w, https:\/\/naturefirst.org\/wp-content\/uploads\/Asset-12-4x-18x6.png.webp 18w, https:\/\/naturefirst.org\/wp-content\/uploads\/Asset-12-4x-110x38.png.webp 110w, https:\/\/naturefirst.org\/wp-content\/uploads\/Asset-12-4x-110x38-110x38.png.webp 250w, https:\/\/naturefirst.org\/wp-content\/uploads\/Asset-12-4x-1152x393.png.webp 1416w, https:\/\/naturefirst.org\/wp-content\/uploads\/Asset-12-4x-1152x393-1152x393.png.webp 1216w, https:\/\/naturefirst.org\/wp-content\/uploads\/Asset-12-4x-1152x393-1152x393-1152x393.png.webp 1260w, https:\/\/naturefirst.org\/wp-content\/uploads\/Asset-12-4x.png.webp 1152w\" sizes=\"(max-width: 500px) 100vw, 500px\" \/>\t\t\t\t\t\t\t\t\t\t\t\t\t\t\t<\/div>\n\t\t\t\t<\/div>\n\t\t\t\t<div class=\"elementor-element elementor-element-1b8f035a elementor-widget-divider--view-line elementor-widget elementor-widget-divider\" data-id=\"1b8f035a\" data-element_type=\"widget\" data-e-type=\"widget\" data-widget_type=\"divider.default\">\n\t\t\t\t<div class=\"elementor-widget-container\">\n\t\t\t\t\t\t\t<div class=\"elementor-divider\">\n\t\t\t<span class=\"elementor-divider-separator\">\n\t\t\t\t\t\t<\/span>\n\t\t<\/div>\n\t\t\t\t\t\t<\/div>\n\t\t\t\t<\/div>\n\t\t\t\t\t<\/div>\n\t\t<\/div>\n\t\t\t\t\t<\/div>\n\t\t<\/section>\n\t\t\t\t<\/div>","protected":false},"excerpt":{"rendered":"<p>For the Press Press Release Images on this page are available for press usage\u2026 APRIL 22, 2019 For Immediate Release The Harm Stops Here: Nature Photographers Unite to Preserve Remaining Wilderness Our most beautiful locations across this planet are being damaged and nature photographers from across the globe, realizing their own complicity, are uniting to [&hellip;]<\/p>\n","protected":false},"author":2,"featured_media":0,"parent":0,"menu_order":0,"comment_status":"closed","ping_status":"closed","template":"","meta":{"_mo_disable_npp":"","site-sidebar-layout":"no-sidebar","site-content-layout":"page-builder","ast-site-content-layout":"default","site-content-style":"default","site-sidebar-style":"default","ast-global-header-display":"","ast-banner-title-visibility":"","ast-main-header-display":"","ast-hfb-above-header-display":"","ast-hfb-below-header-display":"","ast-hfb-mobile-header-display":"","site-post-title":"disabled","ast-breadcrumbs-content":"","ast-featured-img":"disabled","footer-sml-layout":"","ast-disable-related-posts":"","theme-transparent-header-meta":"","adv-header-id-meta":"","stick-header-meta":"","header-above-stick-meta":"","header-main-stick-meta":"","header-below-stick-meta":"","astra-migrate-meta-layouts":"default","ast-page-background-enabled":"default","ast-page-background-meta":{"desktop":{"background-color":"","background-image":"","background-repeat":"repeat","background-position":"center center","background-size":"auto","background-attachment":"scroll","background-type":"","background-media":"","overlay-type":"","overlay-color":"","overlay-opacity":"","overlay-gradient":""},"tablet":{"background-color":"","background-image":"","background-repeat":"repeat","background-position":"center center","background-size":"auto","background-attachment":"scroll","background-type":"","background-media":"","overlay-type":"","overlay-color":"","overlay-opacity":"","overlay-gradient":""},"mobile":{"background-color":"","background-image":"","background-repeat":"repeat","background-position":"center center","background-size":"auto","background-attachment":"scroll","background-type":"","background-media":"","overlay-type":"","overlay-color":"","overlay-opacity":"","overlay-gradient":""}},"ast-content-background-meta":{"desktop":{"background-color":"var(--ast-global-color-5)","background-image":"","background-repeat":"repeat","background-position":"center center","background-size":"auto","background-attachment":"scroll","background-type":"","background-media":"","overlay-type":"","overlay-color":"","overlay-opacity":"","overlay-gradient":""},"tablet":{"background-color":"var(--ast-global-color-5)","background-image":"","background-repeat":"repeat","background-position":"center center","background-size":"auto","background-attachment":"scroll","background-type":"","background-media":"","overlay-type":"","overlay-color":"","overlay-opacity":"","overlay-gradient":""},"mobile":{"background-color":"var(--ast-global-color-5)","background-image":"","background-repeat":"repeat","background-position":"center center","background-size":"auto","background-attachment":"scroll","background-type":"","background-media":"","overlay-type":"","overlay-color":"","overlay-opacity":"","overlay-gradient":""}},"footnotes":""},"class_list":["post-783","page","type-page","status-publish","hentry"],"aioseo_notices":[],"_links":{"self":[{"href":"https:\/\/naturefirst.org\/es\/wp-json\/wp\/v2\/pages\/783","targetHints":{"allow":["GET"]}}],"collection":[{"href":"https:\/\/naturefirst.org\/es\/wp-json\/wp\/v2\/pages"}],"about":[{"href":"https:\/\/naturefirst.org\/es\/wp-json\/wp\/v2\/types\/page"}],"author":[{"embeddable":true,"href":"https:\/\/naturefirst.org\/es\/wp-json\/wp\/v2\/users\/2"}],"replies":[{"embeddable":true,"href":"https:\/\/naturefirst.org\/es\/wp-json\/wp\/v2\/comments?post=783"}],"version-history":[{"count":18,"href":"https:\/\/naturefirst.org\/es\/wp-json\/wp\/v2\/pages\/783\/revisions"}],"predecessor-version":[{"id":4989,"href":"https:\/\/naturefirst.org\/es\/wp-json\/wp\/v2\/pages\/783\/revisions\/4989"}],"wp:attachment":[{"href":"https:\/\/naturefirst.org\/es\/wp-json\/wp\/v2\/media?parent=783"}],"curies":[{"name":"gracias","href":"https:\/\/api.w.org\/{rel}","templated":true}]}}