{"id":3682,"date":"2023-01-20T09:05:41","date_gmt":"2023-01-20T16:05:41","guid":{"rendered":"https:\/\/naturefirst.org\/?page_id=3682"},"modified":"2023-01-20T10:05:24","modified_gmt":"2023-01-20T17:05:24","slug":"mobile-phone-photography","status":"publish","type":"page","link":"https:\/\/naturefirst.org\/fr\/mobile-phone-photography\/","title":{"rendered":"Photographie sur t\u00e9l\u00e9phone portable"},"content":{"rendered":"<div data-elementor-type=\"wp-page\" data-elementor-id=\"3682\" class=\"elementor elementor-3682\" data-elementor-post-type=\"page\">\n\t\t\t\t\t\t<section class=\"elementor-section elementor-top-section elementor-element elementor-element-36294f2c elementor-section-height-min-height elementor-section-boxed elementor-section-height-default elementor-section-items-middle\" data-id=\"36294f2c\" data-element_type=\"section\" data-e-type=\"section\" data-settings=\"{&quot;background_background&quot;:&quot;classic&quot;}\">\n\t\t\t\t\t\t\t<div class=\"elementor-background-overlay\"><\/div>\n\t\t\t\t\t\t\t<div class=\"elementor-container elementor-column-gap-no\">\n\t\t\t\t\t<div class=\"elementor-column elementor-col-100 elementor-top-column elementor-element elementor-element-44f79ed1\" data-id=\"44f79ed1\" data-element_type=\"column\" data-e-type=\"column\">\n\t\t\t<div class=\"elementor-widget-wrap elementor-element-populated\">\n\t\t\t\t\t\t<div class=\"elementor-element elementor-element-2780ca03 elementor-widget elementor-widget-image-box\" data-id=\"2780ca03\" data-element_type=\"widget\" data-e-type=\"widget\" data-widget_type=\"image-box.default\">\n\t\t\t\t<div class=\"elementor-widget-container\">\n\t\t\t\t\t<div class=\"elementor-image-box-wrapper\"><div class=\"elementor-image-box-content\"><h1 class=\"elementor-image-box-title\">Photographie sur t\u00e9l\u00e9phone portable<\/h1><\/div><\/div>\t\t\t\t<\/div>\n\t\t\t\t<\/div>\n\t\t\t\t<div class=\"elementor-element elementor-element-2a74864e elementor-widget elementor-widget-text-editor\" data-id=\"2a74864e\" data-element_type=\"widget\" data-e-type=\"widget\" data-widget_type=\"text-editor.default\">\n\t\t\t\t<div class=\"elementor-widget-container\">\n\t\t\t\t\t\t\t\t\t<p>et les principes Nature First<\/p>\t\t\t\t\t\t\t\t<\/div>\n\t\t\t\t<\/div>\n\t\t\t\t\t<\/div>\n\t\t<\/div>\n\t\t\t\t\t<\/div>\n\t\t<\/section>\n\t\t\t\t<section class=\"elementor-section elementor-top-section elementor-element elementor-element-1a6e9ee5 elementor-section-boxed elementor-section-height-default elementor-section-height-default\" data-id=\"1a6e9ee5\" data-element_type=\"section\" data-e-type=\"section\">\n\t\t\t\t\t\t<div class=\"elementor-container elementor-column-gap-default\">\n\t\t\t\t\t<div class=\"elementor-column elementor-col-100 elementor-top-column elementor-element elementor-element-1d945240\" data-id=\"1d945240\" data-element_type=\"column\" data-e-type=\"column\">\n\t\t\t<div class=\"elementor-widget-wrap elementor-element-populated\">\n\t\t\t\t\t\t<div class=\"elementor-element elementor-element-3481c425 elementor-widget elementor-widget-heading\" data-id=\"3481c425\" data-element_type=\"widget\" data-e-type=\"widget\" data-widget_type=\"heading.default\">\n\t\t\t\t<div class=\"elementor-widget-container\">\n\t\t\t\t\t<h2 class=\"elementor-heading-title elementor-size-default\">Nature First est <b>PAS<\/b> r\u00e9serv\u00e9 aux photographes professionnels...<\/h2>\t\t\t\t<\/div>\n\t\t\t\t<\/div>\n\t\t\t\t<div class=\"elementor-element elementor-element-7e8052e5 elementor-widget-divider--view-line elementor-widget elementor-widget-divider\" data-id=\"7e8052e5\" data-element_type=\"widget\" data-e-type=\"widget\" data-widget_type=\"divider.default\">\n\t\t\t\t<div class=\"elementor-widget-container\">\n\t\t\t\t\t\t\t<div class=\"elementor-divider\">\n\t\t\t<span class=\"elementor-divider-separator\">\n\t\t\t\t\t\t<\/span>\n\t\t<\/div>\n\t\t\t\t\t\t<\/div>\n\t\t\t\t<\/div>\n\t\t\t\t\t<\/div>\n\t\t<\/div>\n\t\t\t\t\t<\/div>\n\t\t<\/section>\n\t\t\t\t<section class=\"elementor-section elementor-top-section elementor-element elementor-element-b7cca7e elementor-section-boxed elementor-section-height-default elementor-section-height-default\" data-id=\"b7cca7e\" data-element_type=\"section\" data-e-type=\"section\">\n\t\t\t\t\t\t<div class=\"elementor-container elementor-column-gap-default\">\n\t\t\t\t\t<div class=\"elementor-column elementor-col-100 elementor-top-column elementor-element elementor-element-a79fcd0\" data-id=\"a79fcd0\" data-element_type=\"column\" data-e-type=\"column\">\n\t\t\t<div class=\"elementor-widget-wrap elementor-element-populated\">\n\t\t\t\t\t\t<div class=\"elementor-element elementor-element-3944e18 elementor-widget elementor-widget-text-editor\" data-id=\"3944e18\" data-element_type=\"widget\" data-e-type=\"widget\" data-widget_type=\"text-editor.default\">\n\t\t\t\t<div class=\"elementor-widget-container\">\n\t\t\t\t\t\t\t\t\t<p>Aujourd&#039;hui, il est courant de voir des gens avec leurs t\u00e9l\u00e9phones portables se tenir aux c\u00f4t\u00e9s de photographes professionnels\/amateurs admirant une belle sc\u00e8ne. Les appareils photo de haute qualit\u00e9 int\u00e9gr\u00e9s aux smartphones modernes permettent \u00e0 chacun de profiter de la photographie de la nature.\u00a0<\/p><p>Cette nouvelle capacit\u00e9 incite tout le monde \u00e0 enregistrer et \u00e0 appr\u00e9cier les endroits qu&#039;ils visitent et \u00e0 documenter la beaut\u00e9 qui les entoure. Malheureusement, combiner cette commodit\u00e9 avec la gratification instantan\u00e9e de t\u00e9l\u00e9charger des photos sur les m\u00e9dias sociaux, en contribuant aux probl\u00e8mes d&#039;impact accru sur nos espaces naturels. M\u00eame s&#039;il est merveilleux de voir de plus en plus de gens profiter du plein air, un<span style=\"font-size: 1rem; font-style: inherit; font-weight: inherit;\">Toute personne utilisant un smartphone peut apprendre \u00e0 \u00eatre de nature plus responsable et \u00e0 appliquer les Principes Nature First.<\/span><\/p>\t\t\t\t\t\t\t\t<\/div>\n\t\t\t\t<\/div>\n\t\t\t\t<div class=\"elementor-element elementor-element-cc0a061 elementor-widget elementor-widget-image\" data-id=\"cc0a061\" data-element_type=\"widget\" data-e-type=\"widget\" data-widget_type=\"image.default\">\n\t\t\t\t<div class=\"elementor-widget-container\">\n\t\t\t\t\t\t\t\t\t\t\t\t\t\t\t<img fetchpriority=\"high\" decoding=\"async\" width=\"1024\" height=\"683\" src=\"https:\/\/naturefirst.org\/wp-content\/uploads\/190426_UtahMesaArch_HDR_WEB-1024x683.jpg\" class=\"attachment-large size-large wp-image-1535\" alt=\"\" srcset=\"https:\/\/naturefirst.org\/wp-content\/uploads\/190426_UtahMesaArch_HDR_WEB-1024x683.jpg 1024w, https:\/\/naturefirst.org\/wp-content\/uploads\/190426_UtahMesaArch_HDR_WEB-500x333.jpg 500w, https:\/\/naturefirst.org\/wp-content\/uploads\/190426_UtahMesaArch_HDR_WEB-768x512.jpg 768w, https:\/\/naturefirst.org\/wp-content\/uploads\/190426_UtahMesaArch_HDR_WEB-1536x1024.jpg 1536w, https:\/\/naturefirst.org\/wp-content\/uploads\/190426_UtahMesaArch_HDR_WEB-2048x1366.jpg 2048w, https:\/\/naturefirst.org\/wp-content\/uploads\/190426_UtahMesaArch_HDR_WEB-18x12.jpg 18w\" sizes=\"(max-width: 1024px) 100vw, 1024px\" \/>\t\t\t\t\t\t\t\t\t\t\t\t\t\t\t<\/div>\n\t\t\t\t<\/div>\n\t\t\t\t<div class=\"elementor-element elementor-element-7f953fc elementor-widget elementor-widget-text-editor\" data-id=\"7f953fc\" data-element_type=\"widget\" data-e-type=\"widget\" data-widget_type=\"text-editor.default\">\n\t\t\t\t<div class=\"elementor-widget-container\">\n\t\t\t\t\t\t\t\t\t<p class=\"\"><span style=\"color: #000000;\"><strong>Alors, comment les principes Nature First s&#039;appliquent-ils aux photographes sur smartphone\u00a0?\u00a0<\/strong><\/span><\/p><h4>PRIORISEZ LE BIEN-\u00caTRE DE LA NATURE SUR LA PHOTOGRAPHIE.<\/h4><p class=\"\">\u00c9tant donn\u00e9 que les smartphones n&#039;ont pas tout \u00e0 fait la capacit\u00e9 de zoom de certains objectifs professionnels, la plupart des utilisateurs devront marcher pour se rapprocher de leurs sujets. De tels actes peuvent conduire \u00e0 pi\u00e9tiner des zones d\u00e9licates, telles que la toundra ou les mousses, pour les regarder de plus pr\u00e8s. Cela inclut \u00e9galement les animaux, car il est tr\u00e8s important de garder une distance s\u00fbre et appropri\u00e9e avec la faune. Soyez conscient de vos distances et respectez le sol sur lequel vous marchez. Ne placez jamais votre besoin de photo au-dessus de la priorit\u00e9 pour prot\u00e9ger la faune et les zones sensibles.\u00a0<\/p><h4>RENSEIGNEZ-VOUS SUR LES LIEUX QUE VOUS PHOTOGRAPHIEZ.<\/h4><p class=\"\">\u00catre un utilisateur de smartphone ne vous met pas dans une situation diff\u00e9rente de celle d&#039;un photographe professionnel. Vous devriez toujours lire les panneaux et vous renseigner sur les zones que vous visitez. Cela vous permet non seulement de rester en s\u00e9curit\u00e9, mais \u00e9galement de vous informer des endroits o\u00f9 vous devriez ou ne devriez pas marcher. Par exemple, sortir pour prendre une photo dans les dunes de sable ne causera pas de d\u00e9g\u00e2ts, mais marcher sur un sol biologique pour prendre une photo causera de graves dommages \u00e0 des zones qui ont mis des milliers d&#039;ann\u00e9es \u00e0 se d\u00e9velopper. \u00catre \u00e9duqu\u00e9 vous aidera \u00e0 \u00eatre plus responsable dans les domaines que vous visitez.\u00a0<\/p><h4>R\u00c9FL\u00c9CHISSEZ \u00c0 L&#039;IMPACT POSSIBLE DE VOS ACTIONS.<\/h4><p class=\"\">Une chose simple comme marcher dans un pr\u00e9 de fleurs sauvages pour capturer la sc\u00e8ne semble assez innocente. Mais, si une personne vous voit le faire, alors elle vous suivra, et d&#039;autres personnes suivront, et ainsi de suite. Alors, avant de prendre cette photo de fleurs sauvages, r\u00e9fl\u00e9chissez \u00e0 votre impact. Existe-t-il d\u00e9j\u00e0 un sentier qui vous emm\u00e8nera dans les fleurs au lieu de cr\u00e9er le v\u00f4tre\u00a0? Au lieu de vous allonger dans les fleurs pour une photo, y a-t-il un endroit o\u00f9 se tenir debout n&#039;affectera pas les fleurs autour de vous\u00a0? Prendre le temps de r\u00e9fl\u00e9chir avant d&#039;appuyer sur le bouton fait de vous un photographe sur smartphone plus responsable, et d&#039;autres autour de vous pourraient suivre votre exemple.<\/p>\t\t\t\t\t\t\t\t<\/div>\n\t\t\t\t<\/div>\n\t\t\t\t<div class=\"elementor-element elementor-element-cfdfb0a elementor-widget elementor-widget-image\" data-id=\"cfdfb0a\" data-element_type=\"widget\" data-e-type=\"widget\" data-widget_type=\"image.default\">\n\t\t\t\t<div class=\"elementor-widget-container\">\n\t\t\t\t\t\t\t\t\t\t\t\t\t\t\t<img decoding=\"async\" width=\"1024\" height=\"341\" src=\"https:\/\/naturefirst.org\/wp-content\/uploads\/190525_TetonsBarn_Pano_WEB-1024x341.jpg\" class=\"attachment-large size-large wp-image-1536\" alt=\"\" srcset=\"https:\/\/naturefirst.org\/wp-content\/uploads\/190525_TetonsBarn_Pano_WEB-1024x341.jpg 1024w, https:\/\/naturefirst.org\/wp-content\/uploads\/190525_TetonsBarn_Pano_WEB-500x167.jpg 500w, https:\/\/naturefirst.org\/wp-content\/uploads\/190525_TetonsBarn_Pano_WEB-768x256.jpg 768w, https:\/\/naturefirst.org\/wp-content\/uploads\/190525_TetonsBarn_Pano_WEB-1536x512.jpg 1536w, https:\/\/naturefirst.org\/wp-content\/uploads\/190525_TetonsBarn_Pano_WEB-2048x682.jpg 2048w, https:\/\/naturefirst.org\/wp-content\/uploads\/190525_TetonsBarn_Pano_WEB-18x6.jpg 18w\" sizes=\"(max-width: 1024px) 100vw, 1024px\" \/>\t\t\t\t\t\t\t\t\t\t\t\t\t\t\t<\/div>\n\t\t\t\t<\/div>\n\t\t\t\t<div class=\"elementor-element elementor-element-1d11165 elementor-widget elementor-widget-text-editor\" data-id=\"1d11165\" data-element_type=\"widget\" data-e-type=\"widget\" data-widget_type=\"text-editor.default\">\n\t\t\t\t<div class=\"elementor-widget-container\">\n\t\t\t\t\t\t\t\t\t<div data-block-type=\"2\">\n<div>\n<h4>UTILISEZ LA DISCR\u00c9TION DANS LE PARTAGE DES LIEUX.<\/h4>\n<p>La discr\u00e9tion est surtout essentielle pour le photographe sur smartphone ! Il est si facile de partager sur les r\u00e9seaux sociaux apr\u00e8s avoir pris cette belle photo, mais vous devriez r\u00e9fl\u00e9chir \u00e0 deux fois avant de marquer et de partager l&#039;emplacement. Le partage de l&#039;emplacement pourrait-il potentiellement causer plus de tort\u00a0? Les foules seront-elles inspir\u00e9es par votre photo et afflueront-elles vers la m\u00eame exp\u00e9rience\u00a0? S&#039;agit-il d&#039;une zone pouvant accueillir de nombreuses personnes, comme un chemin pav\u00e9 ou un belv\u00e9d\u00e8re\u00a0? Ou s&#039;agit-il d&#039;un chemin de terre \u00e9troit menant \u00e0 une prairie isol\u00e9e\u00a0? Faire preuve de discr\u00e9tion aide \u00e0 prot\u00e9ger ces lieux. \u00catre r\u00e9fl\u00e9chi ne signifie pas que vous \u00eates un \u00e9litiste ; au lieu de cela, cela montre un bon jugement responsable.<\/p>\n<\/div>\n<\/div>\n<div data-block-type=\"2\">\n<div>\n<h4>CONNA\u00ceTRE ET SUIVRE LES R\u00c8GLES ET R\u00c8GLEMENTS.<\/h4>\n<p>Renseignez-vous sur les endroits que vous visitez non seulement pour votre s\u00e9curit\u00e9, mais aussi pour votre responsabilit\u00e9. Ne grimpez pas par-dessus les cl\u00f4tures et ne d\u00e9sob\u00e9issez pas aux zones ferm\u00e9es ou aux panneaux. Ceux-ci ne sont pas l\u00e0 pour entraver votre exp\u00e9rience, mais pour aider \u00e0 restaurer les zones naturelles et \u00e0 prot\u00e9ger la faune et vous-m\u00eame. Comme le troisi\u00e8me principe, donner l&#039;exemple montre aux autres autour de vous comment agir et utiliser votre smartphone de mani\u00e8re appropri\u00e9e.<\/p>\n<h4>TOUJOURS UTILISER LES PRINCIPES DE NE PAS TRACER ET EFFORCER DE LAISSER DES LIEUX MEILLEURS QUE VOUS LES AVEZ TROUV\u00c9S.<\/h4>\n<p>Nous pouvons tous pratiquer ne laisser aucune trace. Peu importe que vous utilisiez un smartphone ou un appareil photo professionnel. Ne laissez pas d&#039;empreintes de pas l\u00e0 o\u00f9 il ne devrait pas y avoir d&#039;empreintes de pas, emballez ce que vous apportez et laissez les lieux mieux en ramassant les d\u00e9chets autour de vous, m\u00eame si ce ne sont pas les v\u00f4tres.<\/p>\n<h4>PROMOUVOIR ACTIVEMENT ET \u00c9DUQUER LES AUTRES SUR CES PRINCIPES.<\/h4>\n<p>En tant qu&#039;utilisateur d&#039;appareil photo pour smartphone, vous pouvez inspirer les autres autour de vous. Si d&#039;autres vous voient agir de mani\u00e8re responsable, ils sont susceptibles de faire de m\u00eame. Les cam\u00e9ras des smartphones constituent la majorit\u00e9 de la foule dans nos parcs nationaux. Si vous pouvez inspirer et \u00e9duquer quelqu&#039;un \u00e0 vos c\u00f4t\u00e9s, et qu&#039;il le transmet \u00e0 quelqu&#039;un d&#039;autre, vous pourriez \u00eatre responsable de l&#039;\u00e9ducation de plus de personnes que vous ne le pensez !<\/p><p><br><\/p>\n<p><em>Bas\u00e9 sur l&#039;article <a href=\"https:\/\/naturefirst.org\/fr\/news-items\/2020\/04\/28\/nature-first-principles-smartphone-photographers\/\">\u00ab\u00a0Utiliser votre smartphone pour capturer la beaut\u00e9 de la nature\u00a0? Ce mouvement est aussi pour vous\u00a0!<\/a><\/em><em style=\"font-weight: inherit;\">&quot; par&nbsp;<\/em><a style=\"font-size: 1rem; font-style: inherit; font-weight: inherit; background-color: #ffffff;\" href=\"https:\/\/www.jenniferrenwick.com\/\" target=\"_blank\" rel=\"noopener\"><em>Jennifer Renwick<\/em><\/a><em style=\"font-size: 1rem; font-weight: inherit;\">.&nbsp;<\/em><\/p>\n<p><em style=\"font-weight: inherit;\">Photographies de <\/em><a style=\"font-style: inherit; font-weight: inherit; background-color: #ffffff;\" href=\"https:\/\/www.larsgesingfineart.com\/\" target=\"_blank\" rel=\"noopener\"><em>Lars Gesing<\/em><\/a><em style=\"font-weight: inherit;\">.<\/em><\/p>\n<\/div>\n<\/div>\t\t\t\t\t\t\t\t<\/div>\n\t\t\t\t<\/div>\n\t\t\t\t<div class=\"elementor-element elementor-element-df7dd0f elementor-widget-divider--view-line elementor-widget elementor-widget-divider\" data-id=\"df7dd0f\" data-element_type=\"widget\" data-e-type=\"widget\" data-widget_type=\"divider.default\">\n\t\t\t\t<div class=\"elementor-widget-container\">\n\t\t\t\t\t\t\t<div class=\"elementor-divider\">\n\t\t\t<span class=\"elementor-divider-separator\">\n\t\t\t\t\t\t<\/span>\n\t\t<\/div>\n\t\t\t\t\t\t<\/div>\n\t\t\t\t<\/div>\n\t\t\t\t\t<\/div>\n\t\t<\/div>\n\t\t\t\t\t<\/div>\n\t\t<\/section>\n\t\t\t\t<\/div>","protected":false},"excerpt":{"rendered":"<p>Mobile Phone Photography and The Nature First Principles Nature First is NOT just for professional photographers&#8230; Today, it&#8217;s commonplace to see people with their mobile phones standing alongside professional\/hobbyist photographers admiring a beautiful scene. The high-quality cameras built into modern smartphones allow everyone to enjoy nature photography.\u00a0 This new capability entices everyone to record and [&hellip;]<\/p>\n","protected":false},"author":2,"featured_media":0,"parent":0,"menu_order":0,"comment_status":"closed","ping_status":"closed","template":"","meta":{"_mo_disable_npp":"","site-sidebar-layout":"no-sidebar","site-content-layout":"page-builder","ast-site-content-layout":"default","site-content-style":"default","site-sidebar-style":"default","ast-global-header-display":"","ast-banner-title-visibility":"","ast-main-header-display":"","ast-hfb-above-header-display":"","ast-hfb-below-header-display":"","ast-hfb-mobile-header-display":"","site-post-title":"disabled","ast-breadcrumbs-content":"","ast-featured-img":"disabled","footer-sml-layout":"","ast-disable-related-posts":"","theme-transparent-header-meta":"","adv-header-id-meta":"","stick-header-meta":"","header-above-stick-meta":"","header-main-stick-meta":"","header-below-stick-meta":"","astra-migrate-meta-layouts":"default","ast-page-background-enabled":"default","ast-page-background-meta":{"desktop":{"background-color":"","background-image":"","background-repeat":"repeat","background-position":"center center","background-size":"auto","background-attachment":"scroll","background-type":"","background-media":"","overlay-type":"","overlay-color":"","overlay-opacity":"","overlay-gradient":""},"tablet":{"background-color":"","background-image":"","background-repeat":"repeat","background-position":"center center","background-size":"auto","background-attachment":"scroll","background-type":"","background-media":"","overlay-type":"","overlay-color":"","overlay-opacity":"","overlay-gradient":""},"mobile":{"background-color":"","background-image":"","background-repeat":"repeat","background-position":"center center","background-size":"auto","background-attachment":"scroll","background-type":"","background-media":"","overlay-type":"","overlay-color":"","overlay-opacity":"","overlay-gradient":""}},"ast-content-background-meta":{"desktop":{"background-color":"var(--ast-global-color-5)","background-image":"","background-repeat":"repeat","background-position":"center center","background-size":"auto","background-attachment":"scroll","background-type":"","background-media":"","overlay-type":"","overlay-color":"","overlay-opacity":"","overlay-gradient":""},"tablet":{"background-color":"var(--ast-global-color-5)","background-image":"","background-repeat":"repeat","background-position":"center center","background-size":"auto","background-attachment":"scroll","background-type":"","background-media":"","overlay-type":"","overlay-color":"","overlay-opacity":"","overlay-gradient":""},"mobile":{"background-color":"var(--ast-global-color-5)","background-image":"","background-repeat":"repeat","background-position":"center center","background-size":"auto","background-attachment":"scroll","background-type":"","background-media":"","overlay-type":"","overlay-color":"","overlay-opacity":"","overlay-gradient":""}},"footnotes":""},"class_list":["post-3682","page","type-page","status-publish","hentry"],"aioseo_notices":[],"_links":{"self":[{"href":"https:\/\/naturefirst.org\/fr\/wp-json\/wp\/v2\/pages\/3682","targetHints":{"allow":["GET"]}}],"collection":[{"href":"https:\/\/naturefirst.org\/fr\/wp-json\/wp\/v2\/pages"}],"about":[{"href":"https:\/\/naturefirst.org\/fr\/wp-json\/wp\/v2\/types\/page"}],"author":[{"embeddable":true,"href":"https:\/\/naturefirst.org\/fr\/wp-json\/wp\/v2\/users\/2"}],"replies":[{"embeddable":true,"href":"https:\/\/naturefirst.org\/fr\/wp-json\/wp\/v2\/comments?post=3682"}],"version-history":[{"count":8,"href":"https:\/\/naturefirst.org\/fr\/wp-json\/wp\/v2\/pages\/3682\/revisions"}],"predecessor-version":[{"id":3694,"href":"https:\/\/naturefirst.org\/fr\/wp-json\/wp\/v2\/pages\/3682\/revisions\/3694"}],"wp:attachment":[{"href":"https:\/\/naturefirst.org\/fr\/wp-json\/wp\/v2\/media?parent=3682"}],"curies":[{"name":"wp","href":"https:\/\/api.w.org\/{rel}","templated":true}]}}