{"id":3695,"date":"2023-01-20T12:46:47","date_gmt":"2023-01-20T19:46:47","guid":{"rendered":"https:\/\/naturefirst.org\/?page_id=3695"},"modified":"2023-01-20T14:59:24","modified_gmt":"2023-01-20T21:59:24","slug":"wildlife-photography","status":"publish","type":"page","link":"https:\/\/naturefirst.org\/fr\/wildlife-photography\/","title":{"rendered":"Photographie animali\u00e8re"},"content":{"rendered":"<div data-elementor-type=\"wp-page\" data-elementor-id=\"3695\" class=\"elementor elementor-3695\" data-elementor-post-type=\"page\">\n\t\t\t\t\t\t<section class=\"elementor-section elementor-top-section elementor-element elementor-element-25bb5097 elementor-section-height-min-height elementor-section-boxed elementor-section-height-default elementor-section-items-middle\" data-id=\"25bb5097\" data-element_type=\"section\" data-e-type=\"section\" data-settings=\"{&quot;background_background&quot;:&quot;classic&quot;}\">\n\t\t\t\t\t\t\t<div class=\"elementor-background-overlay\"><\/div>\n\t\t\t\t\t\t\t<div class=\"elementor-container elementor-column-gap-no\">\n\t\t\t\t\t<div class=\"elementor-column elementor-col-100 elementor-top-column elementor-element elementor-element-6565b8e9\" data-id=\"6565b8e9\" data-element_type=\"column\" data-e-type=\"column\">\n\t\t\t<div class=\"elementor-widget-wrap elementor-element-populated\">\n\t\t\t\t\t\t<div class=\"elementor-element elementor-element-6b6e0529 elementor-widget elementor-widget-image-box\" data-id=\"6b6e0529\" data-element_type=\"widget\" data-e-type=\"widget\" data-widget_type=\"image-box.default\">\n\t\t\t\t<div class=\"elementor-widget-container\">\n\t\t\t\t\t<div class=\"elementor-image-box-wrapper\"><div class=\"elementor-image-box-content\"><h1 class=\"elementor-image-box-title\">Photographie animali\u00e8re<\/h1><\/div><\/div>\t\t\t\t<\/div>\n\t\t\t\t<\/div>\n\t\t\t\t<div class=\"elementor-element elementor-element-3a31f854 elementor-widget elementor-widget-text-editor\" data-id=\"3a31f854\" data-element_type=\"widget\" data-e-type=\"widget\" data-widget_type=\"text-editor.default\">\n\t\t\t\t<div class=\"elementor-widget-container\">\n\t\t\t\t\t\t\t\t\t<p>et les Principes Nature First<\/p>\t\t\t\t\t\t\t\t<\/div>\n\t\t\t\t<\/div>\n\t\t\t\t\t<\/div>\n\t\t<\/div>\n\t\t\t\t\t<\/div>\n\t\t<\/section>\n\t\t\t\t<section class=\"elementor-section elementor-top-section elementor-element elementor-element-636eaf37 elementor-section-boxed elementor-section-height-default elementor-section-height-default\" data-id=\"636eaf37\" data-element_type=\"section\" data-e-type=\"section\">\n\t\t\t\t\t\t<div class=\"elementor-container elementor-column-gap-default\">\n\t\t\t\t\t<div class=\"elementor-column elementor-col-100 elementor-top-column elementor-element elementor-element-3a879622\" data-id=\"3a879622\" data-element_type=\"column\" data-e-type=\"column\">\n\t\t\t<div class=\"elementor-widget-wrap elementor-element-populated\">\n\t\t\t\t\t\t<div class=\"elementor-element elementor-element-58081efd elementor-widget elementor-widget-heading\" data-id=\"58081efd\" data-element_type=\"widget\" data-e-type=\"widget\" data-widget_type=\"heading.default\">\n\t\t\t\t<div class=\"elementor-widget-container\">\n\t\t\t\t\t<h2 class=\"elementor-heading-title elementor-size-default\">Les principes Nature First et la photographie animali\u00e8re<\/h2>\t\t\t\t<\/div>\n\t\t\t\t<\/div>\n\t\t\t\t<div class=\"elementor-element elementor-element-0e5ef3a elementor-widget-divider--view-line elementor-widget elementor-widget-divider\" data-id=\"0e5ef3a\" data-element_type=\"widget\" data-e-type=\"widget\" data-widget_type=\"divider.default\">\n\t\t\t\t<div class=\"elementor-widget-container\">\n\t\t\t\t\t\t\t<div class=\"elementor-divider\">\n\t\t\t<span class=\"elementor-divider-separator\">\n\t\t\t\t\t\t<\/span>\n\t\t<\/div>\n\t\t\t\t\t\t<\/div>\n\t\t\t\t<\/div>\n\t\t\t\t<div class=\"elementor-element elementor-element-b53570f elementor-widget elementor-widget-text-editor\" data-id=\"b53570f\" data-element_type=\"widget\" data-e-type=\"widget\" data-widget_type=\"text-editor.default\">\n\t\t\t\t<div class=\"elementor-widget-container\">\n\t\t\t\t\t\t\t\t\t<figure id=\"attachment_1530\" aria-describedby=\"caption-attachment-1530\" style=\"width: 500px\" class=\"wp-caption alignright\"><img fetchpriority=\"high\" decoding=\"async\" src=\"https:\/\/naturefirst.org\/wp-content\/uploads\/IMG_8076-2048x1395-500x341.jpg\" alt=\"\" width=\"500\" height=\"341\"><figcaption id=\"caption-attachment-1530\" class=\"wp-caption-text\">Loup de Yellowstone<\/figcaption><\/figure>\n<p>\u00catre un photographe animalier responsable est important pour le bien-\u00eatre des animaux et de leur habitat naturel, ainsi que pour votre s\u00e9curit\u00e9 personnelle.<\/p>\n<p>Un grand soin doit \u00eatre pris pour ne pas modifier, affecter ou impacter le comportement naturel d&#039;un animal. L&#039;une des meilleures fa\u00e7ons d&#039;y parvenir est de respecter les r\u00e8gles et r\u00e9glementations locales en mati\u00e8re de maintien d&#039;une distance de s\u00e9curit\u00e9. M\u00eame si cela signifie que vous ne pouvez pas obtenir &quot;la photo&quot; que vous voulez, vous pouvez vous sentir mieux dans votre peau pour avoir bien agi avec la faune et vous-m\u00eame.<\/p>\n<p>Examinons les principes Nature First et comment nous pouvons les appliquer \u00e0 la photographie animali\u00e8re pour devenir de meilleurs ambassadeurs de la faune, de leurs habitats et de l&#039;ensemble du monde naturel.<\/p>\t\t\t\t\t\t\t\t<\/div>\n\t\t\t\t<\/div>\n\t\t\t\t<div class=\"elementor-element elementor-element-8d455d6 elementor-widget elementor-widget-text-editor\" data-id=\"8d455d6\" data-element_type=\"widget\" data-e-type=\"widget\" data-widget_type=\"text-editor.default\">\n\t\t\t\t<div class=\"elementor-widget-container\">\n\t\t\t\t\t\t\t\t\t<p class=\"\">\n<\/p><h4><strong>PRIORISER LE BIEN-\u00caTRE DE LA NATURE SUR LA PHOTOGRAPHIE<\/strong><\/h4>\n<p class=\"\">Ce principe est assez simple lorsqu&#039;il s&#039;agit d&#039;animaux sauvages, mais peut \u00eatre difficile \u00e0 suivre si vous vous laissez prendre \u00e0 &quot;prendre le coup&quot;. Donner la priorit\u00e9 \u00e0 la nature signifie donner la priorit\u00e9 \u00e0 la faune \u2013 toujours. Cela signifie s&#039;assurer que vos actions ne&nbsp;<span style=\"font-style: inherit; font-weight: inherit;\">interrompre ou modifier le comportement naturel des animaux, y compris les d\u00e9placements le long des chemins qu&#039;ils tentent d&#039;emprunter. Respectez \u00e9galement leur habitat. C&#039;est leur maison et ils doivent vivre avec, m\u00eame apr\u00e8s votre d\u00e9part pour rentrer chez vous. Les meilleures photos sont toujours celles d&#039;animaux affichant leur comportement naturel, et non celles r\u00e9agissant \u00e0 des interf\u00e9rences ext\u00e9rieures ou au stress.<\/span><\/p>\n<h4><strong>RENSEIGNEZ-VOUS SUR LES LIEUX QUE VOUS PHOTOGRAPHIEZ<\/strong><\/h4>\n<p class=\"\">Cela ne demande qu&#039;un petit effort, mais les informations sont g\u00e9n\u00e9ralement facilement disponibles. De nombreux parcs et for\u00eats nationales fournissent de nombreuses informations sur leurs sites Web et des documents d&#039;information sur les diff\u00e9rents \u00e9cosyst\u00e8mes, habitats et faune. Plus vous en savez sur une esp\u00e8ce, ses comportements et son habitat, mieux vous serez en mesure de pr\u00e9dire o\u00f9 et quand vous pourriez les voir et les photographier. Souvent, les parcs afficheront les heures et les lieux des observations r\u00e9centes, ce qui peut \u00e9galement augmenter vos chances de voir la faune. Nature First encourage toujours les photographes \u00e0&nbsp;<b>savoir avant de partir<\/b>. Cela am\u00e9liorera votre exp\u00e9rience ET cr\u00e9era de meilleures images.<\/p>\t\t\t\t\t\t\t\t<\/div>\n\t\t\t\t<\/div>\n\t\t\t\t<div class=\"elementor-element elementor-element-56b24dd elementor-widget elementor-widget-image\" data-id=\"56b24dd\" data-element_type=\"widget\" data-e-type=\"widget\" data-widget_type=\"image.default\">\n\t\t\t\t<div class=\"elementor-widget-container\">\n\t\t\t\t\t\t\t\t\t\t\t\t\t\t\t<img decoding=\"async\" width=\"1024\" height=\"683\" src=\"https:\/\/naturefirst.org\/wp-content\/uploads\/HS9A9761-2048x1365-1024x683.jpg\" class=\"attachment-large size-large wp-image-1531\" alt=\"\" srcset=\"https:\/\/naturefirst.org\/wp-content\/uploads\/HS9A9761-2048x1365-1024x683.jpg 1024w, https:\/\/naturefirst.org\/wp-content\/uploads\/HS9A9761-2048x1365-500x333.jpg 500w, https:\/\/naturefirst.org\/wp-content\/uploads\/HS9A9761-2048x1365-768x512.jpg 768w, https:\/\/naturefirst.org\/wp-content\/uploads\/HS9A9761-2048x1365-1536x1024.jpg 1536w, https:\/\/naturefirst.org\/wp-content\/uploads\/HS9A9761-2048x1365-18x12.jpg 18w, https:\/\/naturefirst.org\/wp-content\/uploads\/HS9A9761-2048x1365.jpg 2048w\" sizes=\"(max-width: 1024px) 100vw, 1024px\" \/>\t\t\t\t\t\t\t\t\t\t\t\t\t\t\t<\/div>\n\t\t\t\t<\/div>\n\t\t\t\t<div class=\"elementor-element elementor-element-42871e1 elementor-widget elementor-widget-text-editor\" data-id=\"42871e1\" data-element_type=\"widget\" data-e-type=\"widget\" data-widget_type=\"text-editor.default\">\n\t\t\t\t<div class=\"elementor-widget-container\">\n\t\t\t\t\t\t\t\t\t<h4><strong>R\u00c9FL\u00c9CHISSEZ \u00c0 L&#039;IMPACT POSSIBLE DE VOS ACTIONS<\/strong><\/h4><p>Nos actions sont extr\u00eamement importantes lorsqu&#039;il s&#039;agit de la faune. Notre comportement peut emp\u00eacher la faune de prendre soin de ses petits, de les abandonner et de s&#039;accoupler. De plus, parfois, l&#039;impact potentiel n&#039;est pas \u00e9vident pour le visiteur occasionnel. Par exemple, conduire un troupeau de bisons sur la route de Yellowstone peut les faire courir \u2013 alors qu&#039;ils ont besoin de conserver toute leur \u00e9nergie pour survivre \u00e0 l&#039;hiver. Le simple fait de s&#039;arr\u00eater et d&#039;attendre que les animaux quittent la route \u00e0 leur propre rythme peut faire une \u00e9norme diff\u00e9rence dans leur bien-\u00eatre.\u00a0<\/p><p>Lorsque trop de personnes s&#039;approchent trop pr\u00e8s de la faune ou leur permettent d&#039;avoir acc\u00e8s \u00e0 de la nourriture, les cons\u00e9quences sont souvent graves. Par exemple, les ours noirs et les grizzlis peuvent d\u00e9velopper des comportements trop agressifs apr\u00e8s trop d&#039;interaction avec les gens. Ces animaux finissent souvent par \u00eatre d\u00e9plac\u00e9s de leur foyer d&#039;origine ou doivent parfois \u00eatre euthanasi\u00e9s.\u00a0<\/p><h4><strong>UTILISEZ LA DISCR\u00c9TION SI VOUS PARTAGEZ DES EMPLACEMENTS<\/strong><\/h4><p>C&#039;est l&#039;un des moyens les plus simples de prot\u00e9ger la faune. Lorsque vous \u00eates de retour chez vous et que vous partagez vos photos sur les r\u00e9seaux sociaux, envisagez de ne partager que la zone g\u00e9n\u00e9rale, comme le parc national, et non l&#039;emplacement sp\u00e9cifique. Imaginez si dix personnes regardaient un grizzli et que toutes rentraient chez elles et affichaient l&#039;emplacement exact. Le lendemain, il pourrait y avoir des centaines de personnes \u00e0 la recherche de cet ours au m\u00eame endroit. Ce sont les types de situations qui submergent la faune. Prenez un peu de temps pour d\u00e9terminer si le partage d&#039;un emplacement en vaut la peine ou non, et comment cela pourrait avoir un impact sur les animaux qui vous tiennent \u00e0 c\u0153ur.<\/p><h4><strong>CONNA\u00ceTRE ET SUIVRE LES R\u00c8GLES ET R\u00c8GLEMENTS<\/strong><\/h4><figure id=\"attachment_1532\" aria-describedby=\"caption-attachment-1532\" style=\"width: 500px\" class=\"wp-caption alignright\"><img decoding=\"async\" class=\"wp-image-1532 size-medium\" src=\"https:\/\/naturefirst.org\/wp-content\/uploads\/1I1A2169-2-2048x1384-500x338.jpg\" alt=\"\" width=\"500\" height=\"338\" srcset=\"https:\/\/naturefirst.org\/wp-content\/uploads\/1I1A2169-2-2048x1384-500x338.jpg 500w, https:\/\/naturefirst.org\/wp-content\/uploads\/1I1A2169-2-2048x1384-1024x692.jpg 1024w, https:\/\/naturefirst.org\/wp-content\/uploads\/1I1A2169-2-2048x1384-768x519.jpg 768w, https:\/\/naturefirst.org\/wp-content\/uploads\/1I1A2169-2-2048x1384-1536x1038.jpg 1536w, https:\/\/naturefirst.org\/wp-content\/uploads\/1I1A2169-2-2048x1384-18x12.jpg 18w, https:\/\/naturefirst.org\/wp-content\/uploads\/1I1A2169-2-2048x1384.jpg 2048w\" sizes=\"(max-width: 500px) 100vw, 500px\" \/><figcaption id=\"caption-attachment-1532\" class=\"wp-caption-text\">Mouflon d&#039;Am\u00e9rique<\/figcaption><\/figure><p>Conna\u00eetre et suivre les r\u00e8gles et r\u00e9glementations locales est d&#039;une importance cruciale dans la photographie animali\u00e8re. Les r\u00e8gles sont con\u00e7ues pour le bien-\u00eatre de la faune, ainsi que pour votre s\u00e9curit\u00e9 personnelle, et sont faciles \u00e0 trouver sur les sites Web des parcs et for\u00eats ou sur les informations qui vous sont fournies \u00e0 l&#039;entr\u00e9e du parc.<\/p><p>Assurez-vous que nous connaissons les r\u00e8gles et r\u00e8glements de la r\u00e9gion concernant la distance d&#039;observation requise par rapport \u00e0 la faune. Cela varie g\u00e9n\u00e9ralement en fonction de la zone et des esp\u00e8ces animales. Par exemple, dans le parc national de Yellowstone, vous devez vous tenir \u00e0 100 m\u00e8tres des ours et des loups, mais \u00e0 seulement 25 m\u00e8tres des wapitis et des cerfs. Dans le parc national des Smoky Mountains, la r\u00e8gle est de se tenir \u00e0 50 m\u00e8tres des wapitis et des ours noirs. Alors, prenez soin d&#039;apprendre les r\u00e8gles dans diff\u00e9rents domaines. Faites \u00e9galement attention aux animaux en mouvement. De nombreux animaux peuvent voyager rapidement dans leur environnement et cela pourrait les rapprocher de vous plus rapidement que pr\u00e9vu.\u00a0<\/p><p><span style=\"font-size: 1rem;\">Veillez \u00e0 suivre les r\u00e8gles interdisant d&#039;approcher ou de nourrir la faune, etc. <\/span><span style=\"font-style: inherit; font-weight: inherit;\">Il est \u00e9galement courant de voir d&#039;autres r\u00e8gles comme allumer des lumi\u00e8res ou faire du bruit pour attirer l&#039;attention de la faune.\u00a0<\/span><\/p><p>Dans les zones avec moins de r\u00e8gles, comme votre propre quartier, vous devez \u00eatre suffisamment inform\u00e9 pour discerner la distance de visualisation appropri\u00e9e. Par exemple, cela pourrait signifier garder la m\u00eame distance que vous le feriez dans un parc national. Une bonne pratique consiste \u00e0 s&#039;assurer que votre pr\u00e9sence n&#039;affecte ou ne modifie jamais le comportement de l&#039;animal.\u00a0<span style=\"font-style: inherit; font-weight: inherit;\"><br \/><\/span><\/p><p><span style=\"font-size: 1rem;\">Apprendre et suivre les r\u00e8gles et r\u00e9glementations locales peut sembler fastidieux. Mais sachez que les r\u00e8gles sont n<\/span>pas arbitraire. Ils sont con\u00e7us pour le bien-\u00eatre des animaux et votre s\u00e9curit\u00e9 personnelle.<span style=\"font-style: inherit; font-weight: inherit;\"><br \/><\/span><\/p>\t\t\t\t\t\t\t\t<\/div>\n\t\t\t\t<\/div>\n\t\t\t\t<div class=\"elementor-element elementor-element-70bee51 elementor-widget elementor-widget-text-editor\" data-id=\"70bee51\" data-element_type=\"widget\" data-e-type=\"widget\" data-widget_type=\"text-editor.default\">\n\t\t\t\t<div class=\"elementor-widget-container\">\n\t\t\t\t\t\t\t\t\t<h4><strong>SUIVEZ TOUJOURS LES PRINCIPES DE SANS TRACE ET EFFECTUEZ-VOUS DE LAISSER DES LIEUX MEILLEURS QUE VOUS LES AVEZ TROUV\u00c9S<\/strong><\/h4><p><span style=\"font-size: 1rem;\">Vous pouvez en savoir plus sur Leave No Trace\u00a0<\/span><a style=\"font-size: 1rem; background-color: #ffffff;\" href=\"https:\/\/lnt.org\/why\/7-principles\/\"><span style=\"font-weight: bold;\">ici.<\/span><\/a>\u00a0Ces pratiques bien \u00e9tablies donnent de bons conseils \u00e0 tous ceux qui se r\u00e9cr\u00e9ent dans la nature, que nous soyons photographes, randonneurs, campeurs, grimpeurs, etc.\u00a0<\/p><h4><strong>PROMOUVOIR ACTIVEMENT ET \u00c9DUQUER LES AUTRES SUR CES PRINCIPES<\/strong><\/h4><p>Les humains ont une affinit\u00e9 naturelle et un amour de la faune. Mais l&#039;importance de toutes les esp\u00e8ces sauvages et de leurs habitats est souvent sous-\u00e9valu\u00e9e ou n\u00e9glig\u00e9e par les soci\u00e9t\u00e9s d&#039;aujourd&#039;hui. Si la faune sauvage est importante pour vous en tant que photographe, alors vous devriez contribuer \u00e0 sa pr\u00e9servation en pratiquant une photographie animali\u00e8re responsable. Montrez l&#039;exemple et enseignez aux autres autour de vous la valeur des animaux sauvages et de leurs habitats.\u00a0<\/p>\t\t\t\t\t\t\t\t<\/div>\n\t\t\t\t<\/div>\n\t\t\t\t<div class=\"elementor-element elementor-element-14bb1a2 elementor-widget elementor-widget-image\" data-id=\"14bb1a2\" data-element_type=\"widget\" data-e-type=\"widget\" data-widget_type=\"image.default\">\n\t\t\t\t<div class=\"elementor-widget-container\">\n\t\t\t\t\t\t\t\t\t\t\t\t\t\t\t<img loading=\"lazy\" decoding=\"async\" width=\"1024\" height=\"737\" src=\"https:\/\/naturefirst.org\/wp-content\/uploads\/HS9A8776-2048x1473-1024x737.jpg\" class=\"attachment-large size-large wp-image-1533\" alt=\"\" srcset=\"https:\/\/naturefirst.org\/wp-content\/uploads\/HS9A8776-2048x1473-1024x737.jpg 1024w, https:\/\/naturefirst.org\/wp-content\/uploads\/HS9A8776-2048x1473-500x360.jpg 500w, https:\/\/naturefirst.org\/wp-content\/uploads\/HS9A8776-2048x1473-768x552.jpg 768w, https:\/\/naturefirst.org\/wp-content\/uploads\/HS9A8776-2048x1473-1536x1105.jpg 1536w, https:\/\/naturefirst.org\/wp-content\/uploads\/HS9A8776-2048x1473-18x12.jpg 18w, https:\/\/naturefirst.org\/wp-content\/uploads\/HS9A8776-2048x1473.jpg 2048w\" sizes=\"(max-width: 1024px) 100vw, 1024px\" \/>\t\t\t\t\t\t\t\t\t\t\t\t\t\t\t<\/div>\n\t\t\t\t<\/div>\n\t\t\t\t<div class=\"elementor-element elementor-element-dbf17fb elementor-widget elementor-widget-text-editor\" data-id=\"dbf17fb\" data-element_type=\"widget\" data-e-type=\"widget\" data-widget_type=\"text-editor.default\">\n\t\t\t\t<div class=\"elementor-widget-container\">\n\t\t\t\t\t\t\t\t\t<p><em style=\"font-weight: inherit;\">Bas\u00e9 sur l&#039;article <a href=\"https:\/\/naturefirst.org\/fr\/news-items\/2020\/05\/28\/the-nature-first-principles-in-wildlife-photography\/\">&quot;Les principes Nature First en photographie animali\u00e8re&quot;<\/a> par Brynn Schmidt<\/em><\/p>\t\t\t\t\t\t\t\t<\/div>\n\t\t\t\t<\/div>\n\t\t\t\t<div class=\"elementor-element elementor-element-65e360d9 elementor-widget-divider--view-line elementor-widget elementor-widget-divider\" data-id=\"65e360d9\" data-element_type=\"widget\" data-e-type=\"widget\" data-widget_type=\"divider.default\">\n\t\t\t\t<div class=\"elementor-widget-container\">\n\t\t\t\t\t\t\t<div class=\"elementor-divider\">\n\t\t\t<span class=\"elementor-divider-separator\">\n\t\t\t\t\t\t<\/span>\n\t\t<\/div>\n\t\t\t\t\t\t<\/div>\n\t\t\t\t<\/div>\n\t\t\t\t\t<\/div>\n\t\t<\/div>\n\t\t\t\t\t<\/div>\n\t\t<\/section>\n\t\t\t\t<\/div>","protected":false},"excerpt":{"rendered":"<p>Wildlife Photography and the Nature First Principles The Nature First Principles and Wildlife Photography Being a responsible wildlife photographer is important for the well-being of the animals and their natural habitat, as well as for your own personal safety. Great care should be taken to not alter, affect or impact an animal&#8217;s natural behavior. One [&hellip;]<\/p>\n","protected":false},"author":2,"featured_media":0,"parent":0,"menu_order":0,"comment_status":"closed","ping_status":"closed","template":"","meta":{"_mo_disable_npp":"","site-sidebar-layout":"no-sidebar","site-content-layout":"page-builder","ast-site-content-layout":"default","site-content-style":"default","site-sidebar-style":"default","ast-global-header-display":"","ast-banner-title-visibility":"","ast-main-header-display":"","ast-hfb-above-header-display":"","ast-hfb-below-header-display":"","ast-hfb-mobile-header-display":"","site-post-title":"disabled","ast-breadcrumbs-content":"","ast-featured-img":"disabled","footer-sml-layout":"","ast-disable-related-posts":"","theme-transparent-header-meta":"","adv-header-id-meta":"","stick-header-meta":"","header-above-stick-meta":"","header-main-stick-meta":"","header-below-stick-meta":"","astra-migrate-meta-layouts":"default","ast-page-background-enabled":"default","ast-page-background-meta":{"desktop":{"background-color":"","background-image":"","background-repeat":"repeat","background-position":"center center","background-size":"auto","background-attachment":"scroll","background-type":"","background-media":"","overlay-type":"","overlay-color":"","overlay-opacity":"","overlay-gradient":""},"tablet":{"background-color":"","background-image":"","background-repeat":"repeat","background-position":"center center","background-size":"auto","background-attachment":"scroll","background-type":"","background-media":"","overlay-type":"","overlay-color":"","overlay-opacity":"","overlay-gradient":""},"mobile":{"background-color":"","background-image":"","background-repeat":"repeat","background-position":"center center","background-size":"auto","background-attachment":"scroll","background-type":"","background-media":"","overlay-type":"","overlay-color":"","overlay-opacity":"","overlay-gradient":""}},"ast-content-background-meta":{"desktop":{"background-color":"var(--ast-global-color-5)","background-image":"","background-repeat":"repeat","background-position":"center center","background-size":"auto","background-attachment":"scroll","background-type":"","background-media":"","overlay-type":"","overlay-color":"","overlay-opacity":"","overlay-gradient":""},"tablet":{"background-color":"var(--ast-global-color-5)","background-image":"","background-repeat":"repeat","background-position":"center center","background-size":"auto","background-attachment":"scroll","background-type":"","background-media":"","overlay-type":"","overlay-color":"","overlay-opacity":"","overlay-gradient":""},"mobile":{"background-color":"var(--ast-global-color-5)","background-image":"","background-repeat":"repeat","background-position":"center center","background-size":"auto","background-attachment":"scroll","background-type":"","background-media":"","overlay-type":"","overlay-color":"","overlay-opacity":"","overlay-gradient":""}},"footnotes":""},"class_list":["post-3695","page","type-page","status-publish","hentry"],"aioseo_notices":[],"_links":{"self":[{"href":"https:\/\/naturefirst.org\/fr\/wp-json\/wp\/v2\/pages\/3695","targetHints":{"allow":["GET"]}}],"collection":[{"href":"https:\/\/naturefirst.org\/fr\/wp-json\/wp\/v2\/pages"}],"about":[{"href":"https:\/\/naturefirst.org\/fr\/wp-json\/wp\/v2\/types\/page"}],"author":[{"embeddable":true,"href":"https:\/\/naturefirst.org\/fr\/wp-json\/wp\/v2\/users\/2"}],"replies":[{"embeddable":true,"href":"https:\/\/naturefirst.org\/fr\/wp-json\/wp\/v2\/comments?post=3695"}],"version-history":[{"count":8,"href":"https:\/\/naturefirst.org\/fr\/wp-json\/wp\/v2\/pages\/3695\/revisions"}],"predecessor-version":[{"id":3713,"href":"https:\/\/naturefirst.org\/fr\/wp-json\/wp\/v2\/pages\/3695\/revisions\/3713"}],"wp:attachment":[{"href":"https:\/\/naturefirst.org\/fr\/wp-json\/wp\/v2\/media?parent=3695"}],"curies":[{"name":"wp","href":"https:\/\/api.w.org\/{rel}","templated":true}]}}