{"id":3706,"date":"2023-01-20T14:45:29","date_gmt":"2023-01-20T21:45:29","guid":{"rendered":"https:\/\/naturefirst.org\/?page_id=3706"},"modified":"2024-01-23T06:33:30","modified_gmt":"2024-01-23T13:33:30","slug":"for-workshop-leaders","status":"publish","type":"page","link":"https:\/\/naturefirst.org\/fr\/for-workshop-leaders\/","title":{"rendered":"Pour les chefs d&#039;atelier"},"content":{"rendered":"<div data-elementor-type=\"wp-page\" data-elementor-id=\"3706\" class=\"elementor elementor-3706\" data-elementor-post-type=\"page\">\n\t\t\t\t\t\t<section class=\"elementor-section elementor-top-section elementor-element elementor-element-4789b334 elementor-section-height-min-height elementor-section-boxed elementor-section-height-default elementor-section-items-middle\" data-id=\"4789b334\" data-element_type=\"section\" data-e-type=\"section\" data-settings=\"{&quot;background_background&quot;:&quot;classic&quot;}\">\n\t\t\t\t\t\t\t<div class=\"elementor-background-overlay\"><\/div>\n\t\t\t\t\t\t\t<div class=\"elementor-container elementor-column-gap-no\">\n\t\t\t\t\t<div class=\"elementor-column elementor-col-100 elementor-top-column elementor-element elementor-element-4c2c5086\" data-id=\"4c2c5086\" data-element_type=\"column\" data-e-type=\"column\">\n\t\t\t<div class=\"elementor-widget-wrap elementor-element-populated\">\n\t\t\t\t\t\t<div class=\"elementor-element elementor-element-43369568 elementor-widget elementor-widget-image-box\" data-id=\"43369568\" data-element_type=\"widget\" data-e-type=\"widget\" data-widget_type=\"image-box.default\">\n\t\t\t\t<div class=\"elementor-widget-container\">\n\t\t\t\t\t<div class=\"elementor-image-box-wrapper\"><div class=\"elementor-image-box-content\"><h1 class=\"elementor-image-box-title\">Pour les chefs d&#039;atelier<\/h1><\/div><\/div>\t\t\t\t<\/div>\n\t\t\t\t<\/div>\n\t\t\t\t<div class=\"elementor-element elementor-element-2569a105 elementor-widget elementor-widget-text-editor\" data-id=\"2569a105\" data-element_type=\"widget\" data-e-type=\"widget\" data-widget_type=\"text-editor.default\">\n\t\t\t\t<div class=\"elementor-widget-container\">\n\t\t\t\t\t\t\t\t\t<p>Recommandations Nature First<\/p>\t\t\t\t\t\t\t\t<\/div>\n\t\t\t\t<\/div>\n\t\t\t\t\t<\/div>\n\t\t<\/div>\n\t\t\t\t\t<\/div>\n\t\t<\/section>\n\t\t\t\t<section class=\"elementor-section elementor-top-section elementor-element elementor-element-60c8fe6d elementor-section-boxed elementor-section-height-default elementor-section-height-default\" data-id=\"60c8fe6d\" data-element_type=\"section\" data-e-type=\"section\">\n\t\t\t\t\t\t<div class=\"elementor-container elementor-column-gap-default\">\n\t\t\t\t\t<div class=\"elementor-column elementor-col-100 elementor-top-column elementor-element elementor-element-6e4d1e98\" data-id=\"6e4d1e98\" data-element_type=\"column\" data-e-type=\"column\">\n\t\t\t<div class=\"elementor-widget-wrap elementor-element-populated\">\n\t\t\t\t\t\t<div class=\"elementor-element elementor-element-53cacec8 elementor-widget elementor-widget-heading\" data-id=\"53cacec8\" data-element_type=\"widget\" data-e-type=\"widget\" data-widget_type=\"heading.default\">\n\t\t\t\t<div class=\"elementor-widget-container\">\n\t\t\t\t\t<h2 class=\"elementor-heading-title elementor-size-default\">Leaders d&#039;atelier, vous POUVEZ vous engager sur les Principes Nature First<\/h2>\t\t\t\t<\/div>\n\t\t\t\t<\/div>\n\t\t\t\t<div class=\"elementor-element elementor-element-50f9089c elementor-widget-divider--view-line elementor-widget elementor-widget-divider\" data-id=\"50f9089c\" data-element_type=\"widget\" data-e-type=\"widget\" data-widget_type=\"divider.default\">\n\t\t\t\t<div class=\"elementor-widget-container\">\n\t\t\t\t\t\t\t<div class=\"elementor-divider\">\n\t\t\t<span class=\"elementor-divider-separator\">\n\t\t\t\t\t\t<\/span>\n\t\t<\/div>\n\t\t\t\t\t\t<\/div>\n\t\t\t\t<\/div>\n\t\t\t\t<div class=\"elementor-element elementor-element-fbcf9e5 elementor-widget elementor-widget-text-editor\" data-id=\"fbcf9e5\" data-element_type=\"widget\" data-e-type=\"widget\" data-widget_type=\"text-editor.default\">\n\t\t\t\t<div class=\"elementor-widget-container\">\n\t\t\t\t\t\t\t\t\t<p style=\"font-size: 18px; font-style: normal; font-weight: 300;\">Nous comprenons que suivre les principes Nature First pourrait\u00a0<i>sembler\u00a0<\/i>comme un exploit impossible pour un instructeur d&#039;atelier de photographie de nature \u00e0 temps plein ou \u00e0 temps partiel. Quelqu&#039;un nous a r\u00e9cemment dit que &quot;pr\u00e9server des territoires tout en essayant de gagner sa vie avec des ateliers de photographie de nature sont deux id\u00e9es contradictoires&quot;. Nous pouvons comprendre ce sentiment car c&#039;\u00e9tait quelque chose auquel nous nous sommes attaqu\u00e9s et auquel nous avons profond\u00e9ment r\u00e9fl\u00e9chi chez Nature First.<\/p><p style=\"font-size: 18px; font-style: normal; font-weight: 300;\">Gagner sa vie en tant que photographe professionnel qui d\u00e9pend des revenus de l&#039;atelier peut \u00eatre incroyablement difficile. Comme la concurrence augmente chaque ann\u00e9e, les instructeurs d&#039;atelier ont d\u00fb trouver des moyens de se diff\u00e9rencier pour concourir. Il y a une forte impulsion \u00e0 emmener les gens dans des zones belles mais d\u00e9licates qui ne peuvent pas supporter les impacts associ\u00e9s aux visites - en fait, beaucoup d&#039;entre nous avaient l&#039;habitude de le faire jusqu&#039;\u00e0 ce que nous voyions les impacts n\u00e9gatifs que nous provoquions.<\/p><blockquote><p><span style=\"color: #808080;\"><strong>Nous pensons qu&#039;il existe des approches alternatives qui non seulement vous aident \u00e0 vous diff\u00e9rencier en tant que photographe, mais vous permettent \u00e9galement d&#039;adh\u00e9rer aux principes Nature First.<\/strong><\/span><\/p><\/blockquote>\t\t\t\t\t\t\t\t<\/div>\n\t\t\t\t<\/div>\n\t\t\t\t<div class=\"elementor-element elementor-element-e0e99c7 elementor-widget elementor-widget-text-editor\" data-id=\"e0e99c7\" data-element_type=\"widget\" data-e-type=\"widget\" data-widget_type=\"text-editor.default\">\n\t\t\t\t<div class=\"elementor-widget-container\">\n\t\t\t\t\t\t\t\t\t<p class=\"\"><span style=\"font-style: inherit; font-weight: inherit;\"><img fetchpriority=\"high\" decoding=\"async\" class=\"alignright wp-image-1490\" src=\"https:\/\/naturefirst.org\/wp-content\/uploads\/image-asset-334x500.jpg\" alt=\"\" width=\"400\" height=\"600\" srcset=\"https:\/\/naturefirst.org\/wp-content\/uploads\/image-asset-334x500.jpg 334w, https:\/\/naturefirst.org\/wp-content\/uploads\/image-asset-683x1024.jpg 683w, https:\/\/naturefirst.org\/wp-content\/uploads\/image-asset-768x1151.jpg 768w, https:\/\/naturefirst.org\/wp-content\/uploads\/image-asset-1025x1536.jpg 1025w, https:\/\/naturefirst.org\/wp-content\/uploads\/image-asset-1366x2048.jpg 1366w, https:\/\/naturefirst.org\/wp-content\/uploads\/image-asset-8x12.jpg 8w, https:\/\/naturefirst.org\/wp-content\/uploads\/image-asset-scaled.jpg 1708w\" sizes=\"(max-width: 400px) 100vw, 400px\" \/>Pour commencer, les animateurs d&#039;atelier qui r\u00e9ussissent doivent faire bien plus que simplement fournir un excellent emplacement. Voici une liste de choses que vous pouvez (et devriez) enseigner aux \u00e9tudiants qui ne d\u00e9pendent pas de l&#039;emplacement\u00a0:<\/span><\/p><ol><li>Nouvelles techniques de photographie<\/li><li>Approches philosophiques du m\u00e9tier (telles que la photographie lente, la pleine conscience, etc.)<\/li><li>Comment voir de superbes compositions (c&#039;est peut-\u00eatre encore plus gratifiant pour les \u00e9tudiants dans des lieux qui ne sont ni embl\u00e9matiques ni exceptionnels)<\/li><li>Voir avec une vision unique\u00a0<\/li><\/ol><div><blockquote><p class=\"\"><span style=\"color: #808080;\"><strong>La plupart des participants conviendront que les plats \u00e0 emporter ci-dessus sont beaucoup plus pr\u00e9cieux, \u00e0 long terme, que la visite d&#039;un lieu embl\u00e9matique.\u00a0<\/strong><\/span><\/p><\/blockquote><p class=\"\">Conduire les \u00e9tudiants de l&#039;atelier dans des endroits rares, ou pire, ceux qui ne peuvent pas g\u00e9rer beaucoup de visites, exacerbe une r\u00e9alit\u00e9 aggrav\u00e9e par les m\u00e9dias sociaux. Et &quot;Tout le monde organise d\u00e9j\u00e0 des ateliers dans ces endroits, alors pourquoi est-ce important?&quot; est un argument qui ne fait que perp\u00e9tuer les dommages cumulatifs \u00e0 long terme et l&#039;impact n\u00e9gatif sur notre monde naturel.\u00a0<span style=\"font-style: inherit; font-weight: inherit;\">Si un emplacement est d\u00e9j\u00e0 sur la carte et configur\u00e9 pour g\u00e9rer un grand nombre de visites, il peut sembler \u00e9thiquement valable d&#039;y organiser un atelier. D&#039;autre part, si l&#039;emplacement se d\u00e9t\u00e9riore r\u00e9guli\u00e8rement en raison de l&#039;augmentation des visites, une r\u00e9\u00e9valuation est n\u00e9cessaire.\u00a0<\/span><\/p><p class=\"\">Voici quelques questions que vous pouvez vous poser avant d&#039;emmener des groupes \u00e0 un endroit particulier\u00a0:<\/p><ol><li>Qu&#039;est-ce que cet emplacement offre d&#039;un point de vue p\u00e9dagogique que d&#039;autres emplacements n&#039;offrent pas\u00a0?<\/li><li>Y a-t-il d\u00e9j\u00e0 eu un impact significatif sur le lieu, et l&#039;augmentation future des visites aura-t-elle plus d&#039;impact\u00a0?<\/li><li>Si j&#039;emm\u00e8ne des groupes \u00e0 cet endroit, seront-ils \u00e9galement oblig\u00e9s d&#039;amener plus de personnes ici et, par cons\u00e9quent, d&#039;aggraver l&#039;impact n\u00e9gatif sur l&#039;emplacement\u00a0?<\/li><li>En pensant \u00e0 15 ans et en voyant cet endroit \u00ab\u00a0ruin\u00e9\u00a0\u00bb pour d&#039;autres personnes, le gain personnel que vous avez obtenu est-il plus important que de le voir irr\u00e9vocablement chang\u00e9\u00a0?<\/li><\/ol><p>Voici quelques autres \u00e9l\u00e9ments \u00e0 prendre en compte en tant qu&#039;animateur d&#039;atelier qui lutte avec l&#039;id\u00e9e que vous devez emmener quelqu&#039;un dans un lieu embl\u00e9matique qui ne peut pas supporter de visites\u00a0:<\/p><ol><li>Comment puis-je enseigner \u00e0 mes \u00e9l\u00e8ves autrement\u00a0?<\/li><li>Sinon, comment puis-je gagner ma vie en fournissant ces services sans affecter les emplacements\u00a0?<\/li><li>Quels autres mod\u00e8les de mon\u00e9tisation existent qui pourraient avoir le m\u00eame impact financier et r\u00e9duire l&#039;impact de localisation\u00a0?\u00a0<\/li><li>Ces emplacements vous assurent une p\u00e9rennit\u00e9 financi\u00e8re. Comment pouvez-vous redonner \u00e0 ces lieux par le b\u00e9n\u00e9volat, le plaidoyer ou en \u00e9duquant les autres sur leur fragilit\u00e9\u00a0?<\/li><li>Sinon, comment puis-je commercialiser mon atelier aupr\u00e8s d&#039;\u00e9tudiants potentiels sans attirer une photographie ou un lieu embl\u00e9matique\u00a0? Les suggestions incluent de se concentrer sur ce qui sera appris, \u00e0 quoi ressemblera l&#039;exp\u00e9rience et comment sa photographie sera am\u00e9lior\u00e9e.<\/li><li>Pouvez-vous vous concentrer sur une zone g\u00e9n\u00e9rale au lieu d&#039;un emplacement sp\u00e9cifique\u00a0? Par exemple, il est facile de s&#039;enthousiasmer pour un endroit comme la Vall\u00e9e de la Mort ou le Colorado en automne sans impliquer ou sugg\u00e9rer que certains endroits de ces endroits seront visit\u00e9s.\u00a0<\/li><li>Comment pouvez-vous adh\u00e9rer et faire appel aux id\u00e9aux de conservation dans votre marketing pour attirer plus d&#039;\u00e9tudiants sans compromettre des emplacements sp\u00e9cifiques\u00a0?<\/li><\/ol><div><div id=\"block-yui_3_17_2_1_1606260716667_4189\" class=\"sqs-block html-block sqs-block-html\" data-block-type=\"2\"><div class=\"sqs-block-content\"><p class=\"\"><img decoding=\"async\" class=\"wp-image-1491 alignright\" src=\"https:\/\/naturefirst.org\/wp-content\/uploads\/1_image-asset-333x500.jpg\" alt=\"\" width=\"400\" height=\"600\" srcset=\"https:\/\/naturefirst.org\/wp-content\/uploads\/1_image-asset-333x500.jpg 333w, https:\/\/naturefirst.org\/wp-content\/uploads\/1_image-asset-683x1024.jpg 683w, https:\/\/naturefirst.org\/wp-content\/uploads\/1_image-asset-768x1152.jpg 768w, https:\/\/naturefirst.org\/wp-content\/uploads\/1_image-asset-8x12.jpg 8w, https:\/\/naturefirst.org\/wp-content\/uploads\/1_image-asset.jpg 812w\" sizes=\"(max-width: 400px) 100vw, 400px\" \/>\u00c9tudier comment certains photographes de premier plan se sont diff\u00e9renci\u00e9s du lot en proposant des offres non d\u00e9pendantes du lieu pourrait aider d&#039;autres photographes \u00e0 r\u00e9fl\u00e9chir \u00e0 d&#039;autres approches pour proposer des ateliers. Voici quelques exemples\u00a0:<\/p><ol><li>Guy Tal et Michael Gordon <a href=\"http:\/\/www.visionaryphotoworkshops.com\/concept\">proposer des ateliers<\/a> ax\u00e9 sur l&#039;apprentissage philosophique, l&#039;histoire naturelle, la communication visuelle et le post-traitement.<\/li><li>Colleen Miniuk <a href=\"https:\/\/www.colleenminiuk.com\/\">propose des ateliers<\/a> ax\u00e9 sur la cr\u00e9ativit\u00e9, l&#039;art et un lien personnel avec votre travail tout en infusant l&#039;\u00e9criture et d&#039;autres activit\u00e9s cr\u00e9atives.<\/li><li>Offre de David Kingham et Jennifer Renwick <a href=\"https:\/\/www.exploringexposure.com\/workshops\/all\">des sorties plus personnalis\u00e9es<\/a> en mettant l&#039;accent sur la cr\u00e9ativit\u00e9 individuelle plut\u00f4t que sur la capture d&#039;images \u00e0 partir d&#039;endroits qui ne peuvent pas supporter de gros volumes de trafic.\u00a0\u00a0<\/li><li>John Barclay <a href=\"https:\/\/johnbarclayphotography.com\/workshops-2\/\">propose des ateliers<\/a> qui enseignent un style de photographie plus contemplatif, m\u00ealant pleine conscience et vision personnelle.<\/li><\/ol><p>\u00c9videmment, certains de ces photographes emm\u00e8nent les gens dans des endroits incroyables qui sont populaires ; cependant, l&#039;accent n&#039;est pas mis sur l&#039;emplacement. L&#039;accent est mis sur autre chose qui peut aider les gens \u00e0 am\u00e9liorer leur photographie et leur cr\u00e9ativit\u00e9. Au fur et \u00e0 mesure que l&#039;objectif principal d&#039;un atelier s&#039;\u00e9loigne de la destination et se d\u00e9place vers la cr\u00e9ativit\u00e9, l&#039;apprentissage et la personnalit\u00e9, les demandes et les attentes des \u00e9tudiants changent \u00e9galement. Croyez-le ou non, mais de nombreux \u00e9tudiants ont soif de ce type d&#039;offre d&#039;atelier, ayant vu des endroits d\u00e9cim\u00e9s au cours des derni\u00e8res ann\u00e9es d&#039;abus de notre domaine.\u00a0<\/p><p class=\"\">Nous encourageons toujours les animateurs d&#039;atelier \u00e0 partager les principes Nature First avec les \u00e9tudiants de votre atelier et \u00e0 expliquer les impacts historiques sur les lieux populaires que vous avez appr\u00e9ci\u00e9s. C&#039;est l&#039;occasion de discuter des responsabilit\u00e9s \u00e9thiques des photographes et de ralentir ou d&#039;emp\u00eacher l&#039;impact futur.<\/p><\/div><\/div><div id=\"block-yui_3_17_2_1_1606670614941_34512\" class=\"sqs-block horizontalrule-block sqs-block-horizontalrule\" data-block-type=\"47\"><div class=\"sqs-block-content\"><hr \/><\/div><\/div><div id=\"block-yui_3_17_2_1_1606670614941_34965\" class=\"sqs-block html-block sqs-block-html\" data-block-type=\"2\"><div class=\"sqs-block-content\"><p class=\"\" style=\"text-align: left;\"><em>Bas\u00e9 sur l&#039;article <a href=\"https:\/\/naturefirst.org\/fr\/news-items\/2020\/11\/24\/photography-workshops-and-nature-first-principles\/\">\u00ab Ateliers Photographie et Principes Nature First \u00bb<\/a> par <a href=\"https:\/\/www.jenniferrenwick.com\/\" target=\"_blank\" rel=\"noopener\">Jennifer Renwick<\/a> et <a href=\"https:\/\/www.mattpaynephotography.com\/\" target=\"_blank\" rel=\"noopener\">Matt Payne<\/a>. Photographies de <a href=\"https:\/\/www.instagram.com\/alexkessock\/\" target=\"_blank\" rel=\"noopener\">Alex Kessock<\/a>.<\/em><\/p><\/div><\/div><\/div><\/div>\t\t\t\t\t\t\t\t<\/div>\n\t\t\t\t<\/div>\n\t\t\t\t\t<\/div>\n\t\t<\/div>\n\t\t\t\t\t<\/div>\n\t\t<\/section>\n\t\t\t\t<\/div>","protected":false},"excerpt":{"rendered":"<p>For Workshop Leaders Nature First Recommendations Workshop Leaders, you CAN commit to the Nature First Principles We understand that following the Nature First Principles might\u00a0seem\u00a0like an impossible feat for a full-time or part-time nature photography workshop instructor. Someone recently said to us that \u201cpreserving areas while also trying to earn a living with nature photography [&hellip;]<\/p>\n","protected":false},"author":2,"featured_media":0,"parent":0,"menu_order":0,"comment_status":"closed","ping_status":"closed","template":"","meta":{"_mo_disable_npp":"","site-sidebar-layout":"no-sidebar","site-content-layout":"page-builder","ast-site-content-layout":"default","site-content-style":"default","site-sidebar-style":"default","ast-global-header-display":"","ast-banner-title-visibility":"","ast-main-header-display":"","ast-hfb-above-header-display":"","ast-hfb-below-header-display":"","ast-hfb-mobile-header-display":"","site-post-title":"disabled","ast-breadcrumbs-content":"","ast-featured-img":"disabled","footer-sml-layout":"","ast-disable-related-posts":"","theme-transparent-header-meta":"","adv-header-id-meta":"","stick-header-meta":"","header-above-stick-meta":"","header-main-stick-meta":"","header-below-stick-meta":"","astra-migrate-meta-layouts":"default","ast-page-background-enabled":"default","ast-page-background-meta":{"desktop":{"background-color":"","background-image":"","background-repeat":"repeat","background-position":"center center","background-size":"auto","background-attachment":"scroll","background-type":"","background-media":"","overlay-type":"","overlay-color":"","overlay-opacity":"","overlay-gradient":""},"tablet":{"background-color":"","background-image":"","background-repeat":"repeat","background-position":"center center","background-size":"auto","background-attachment":"scroll","background-type":"","background-media":"","overlay-type":"","overlay-color":"","overlay-opacity":"","overlay-gradient":""},"mobile":{"background-color":"","background-image":"","background-repeat":"repeat","background-position":"center center","background-size":"auto","background-attachment":"scroll","background-type":"","background-media":"","overlay-type":"","overlay-color":"","overlay-opacity":"","overlay-gradient":""}},"ast-content-background-meta":{"desktop":{"background-color":"var(--ast-global-color-5)","background-image":"","background-repeat":"repeat","background-position":"center center","background-size":"auto","background-attachment":"scroll","background-type":"","background-media":"","overlay-type":"","overlay-color":"","overlay-opacity":"","overlay-gradient":""},"tablet":{"background-color":"var(--ast-global-color-5)","background-image":"","background-repeat":"repeat","background-position":"center center","background-size":"auto","background-attachment":"scroll","background-type":"","background-media":"","overlay-type":"","overlay-color":"","overlay-opacity":"","overlay-gradient":""},"mobile":{"background-color":"var(--ast-global-color-5)","background-image":"","background-repeat":"repeat","background-position":"center center","background-size":"auto","background-attachment":"scroll","background-type":"","background-media":"","overlay-type":"","overlay-color":"","overlay-opacity":"","overlay-gradient":""}},"footnotes":""},"class_list":["post-3706","page","type-page","status-publish","hentry"],"aioseo_notices":[],"_links":{"self":[{"href":"https:\/\/naturefirst.org\/fr\/wp-json\/wp\/v2\/pages\/3706","targetHints":{"allow":["GET"]}}],"collection":[{"href":"https:\/\/naturefirst.org\/fr\/wp-json\/wp\/v2\/pages"}],"about":[{"href":"https:\/\/naturefirst.org\/fr\/wp-json\/wp\/v2\/types\/page"}],"author":[{"embeddable":true,"href":"https:\/\/naturefirst.org\/fr\/wp-json\/wp\/v2\/users\/2"}],"replies":[{"embeddable":true,"href":"https:\/\/naturefirst.org\/fr\/wp-json\/wp\/v2\/comments?post=3706"}],"version-history":[{"count":10,"href":"https:\/\/naturefirst.org\/fr\/wp-json\/wp\/v2\/pages\/3706\/revisions"}],"predecessor-version":[{"id":4782,"href":"https:\/\/naturefirst.org\/fr\/wp-json\/wp\/v2\/pages\/3706\/revisions\/4782"}],"wp:attachment":[{"href":"https:\/\/naturefirst.org\/fr\/wp-json\/wp\/v2\/media?parent=3706"}],"curies":[{"name":"wp","href":"https:\/\/api.w.org\/{rel}","templated":true}]}}