{"id":3873,"date":"2023-01-23T09:48:12","date_gmt":"2023-01-23T16:48:12","guid":{"rendered":"https:\/\/naturefirst.org\/?page_id=3873"},"modified":"2023-01-24T15:22:31","modified_gmt":"2023-01-24T22:22:31","slug":"article-submission-guidelines","status":"publish","type":"page","link":"https:\/\/naturefirst.org\/fr\/article-submission-guidelines\/","title":{"rendered":"Lignes directrices pour la soumission d&#039;articles"},"content":{"rendered":"<div data-elementor-type=\"wp-page\" data-elementor-id=\"3873\" class=\"elementor elementor-3873\" data-elementor-post-type=\"page\">\n\t\t\t\t\t\t<section class=\"elementor-section elementor-top-section elementor-element elementor-element-4baae508 elementor-section-height-min-height elementor-section-boxed elementor-section-height-default elementor-section-items-middle\" data-id=\"4baae508\" data-element_type=\"section\" data-e-type=\"section\" data-settings=\"{&quot;background_background&quot;:&quot;classic&quot;}\">\n\t\t\t\t\t\t\t<div class=\"elementor-background-overlay\"><\/div>\n\t\t\t\t\t\t\t<div class=\"elementor-container elementor-column-gap-no\">\n\t\t\t\t\t<div class=\"elementor-column elementor-col-100 elementor-top-column elementor-element elementor-element-517fd2b0\" data-id=\"517fd2b0\" data-element_type=\"column\" data-e-type=\"column\">\n\t\t\t<div class=\"elementor-widget-wrap elementor-element-populated\">\n\t\t\t\t\t\t<div class=\"elementor-element elementor-element-719b5d03 elementor-widget elementor-widget-image-box\" data-id=\"719b5d03\" data-element_type=\"widget\" data-e-type=\"widget\" data-widget_type=\"image-box.default\">\n\t\t\t\t<div class=\"elementor-widget-container\">\n\t\t\t\t\t<div class=\"elementor-image-box-wrapper\"><div class=\"elementor-image-box-content\"><h1 class=\"elementor-image-box-title\">Lignes directrices pour la soumission d&#039;articles<\/h1><\/div><\/div>\t\t\t\t<\/div>\n\t\t\t\t<\/div>\n\t\t\t\t\t<\/div>\n\t\t<\/div>\n\t\t\t\t\t<\/div>\n\t\t<\/section>\n\t\t\t\t<section class=\"elementor-section elementor-top-section elementor-element elementor-element-11f7e3a8 elementor-section-boxed elementor-section-height-default elementor-section-height-default\" data-id=\"11f7e3a8\" data-element_type=\"section\" data-e-type=\"section\">\n\t\t\t\t\t\t<div class=\"elementor-container elementor-column-gap-default\">\n\t\t\t\t\t<div class=\"elementor-column elementor-col-100 elementor-top-column elementor-element elementor-element-26e95ec5\" data-id=\"26e95ec5\" data-element_type=\"column\" data-e-type=\"column\">\n\t\t\t<div class=\"elementor-widget-wrap elementor-element-populated\">\n\t\t\t\t\t\t<div class=\"elementor-element elementor-element-70e689ff elementor-widget elementor-widget-heading\" data-id=\"70e689ff\" data-element_type=\"widget\" data-e-type=\"widget\" data-widget_type=\"heading.default\">\n\t\t\t\t<div class=\"elementor-widget-container\">\n\t\t\t\t\t<h2 class=\"elementor-heading-title elementor-size-default\">Lignes directrices pour la soumission d&#039;articles<\/h2>\t\t\t\t<\/div>\n\t\t\t\t<\/div>\n\t\t\t\t<div class=\"elementor-element elementor-element-2444d2a elementor-widget elementor-widget-text-editor\" data-id=\"2444d2a\" data-element_type=\"widget\" data-e-type=\"widget\" data-widget_type=\"text-editor.default\">\n\t\t\t\t<div class=\"elementor-widget-container\">\n\t\t\t\t\t\t\t\t\t<p>Veuillez lire attentivement et suivre toutes les directives lorsque vous soumettez un article pour publication. Les soumissions qui ne respectent pas ces directives ne seront pas approuv\u00e9es.<\/p>\t\t\t\t\t\t\t\t<\/div>\n\t\t\t\t<\/div>\n\t\t\t\t<div class=\"elementor-element elementor-element-5d7bdca5 elementor-widget-divider--view-line elementor-widget elementor-widget-divider\" data-id=\"5d7bdca5\" data-element_type=\"widget\" data-e-type=\"widget\" data-widget_type=\"divider.default\">\n\t\t\t\t<div class=\"elementor-widget-container\">\n\t\t\t\t\t\t\t<div class=\"elementor-divider\">\n\t\t\t<span class=\"elementor-divider-separator\">\n\t\t\t\t\t\t<\/span>\n\t\t<\/div>\n\t\t\t\t\t\t<\/div>\n\t\t\t\t<\/div>\n\t\t\t\t<div class=\"elementor-element elementor-element-1d949de elementor-widget elementor-widget-text-editor\" data-id=\"1d949de\" data-element_type=\"widget\" data-e-type=\"widget\" data-widget_type=\"text-editor.default\">\n\t\t\t\t<div class=\"elementor-widget-container\">\n\t\t\t\t\t\t\t\t\t<h3>Conditions g\u00e9n\u00e9rales d&#039;Utilisation<\/h3>\n<p>Tous les membres du Nature First sont invit\u00e9s \u00e0 soumettre un article pour publication au Nature First. Assurez-vous de lire certains de nos <strong><a href=\"https:\/\/naturefirst.org\/fr\/learn-more\/\">Articles en vedette<\/a><\/strong> avant de soumettre. Cela vous aidera \u00e0 voir les sujets qui ont d\u00e9j\u00e0 \u00e9t\u00e9 couverts et vous donnera une id\u00e9e g\u00e9n\u00e9rale de la mise en page et du formatage pr\u00e9f\u00e9r\u00e9s.<\/p>\n<p>Nature First recherche des articles sur les sujets suivants\u00a0:<\/p>\n<ul>\n<li>Pratiquer les principes Nature First dans des \u00e9cosyst\u00e8mes sp\u00e9cifiques.<\/li>\n<li>Agir pour promouvoir une photographie de nature responsable.<\/li>\n<li>Utiliser la photographie pour la pr\u00e9servation, la conservation et l&#039;\u00e9ducation sur le monde naturel.<\/li>\n<li>Des histoires personnelles sur le fait de devenir un photographe de nature \u00e9thique et responsable, et ce que vous avez appris en cours de route.<\/li>\n<\/ul>\n<h3>Conditions g\u00e9n\u00e9rales d&#039;Utilisation<\/h3>\n<div>\n<p>Les articles approuv\u00e9s raconteront une histoire fra\u00eeche et engageante, seront bien \u00e9crits avec une prose claire et concise et seront illustr\u00e9s avec des images de haute qualit\u00e9. Les articles comportant des erreurs grammaticales excessives ne seront pas accept\u00e9s. Notez que tous les articles seront disponibles pour la traduction automatique. Les auteurs doivent s&#039;abstenir d&#039;argot et d&#039;expressions famili\u00e8res qui ne se traduisent pas bien d&#039;une langue et d&#039;une culture \u00e0 l&#039;autre.<\/p>\n<p>Les soumissions d&#039;articles doivent\u00a0:<\/p>\n<ul>\n<li>\u00eatre enti\u00e8rement la cr\u00e9ation de l&#039;auteur soumettant et non publi\u00e9e pr\u00e9c\u00e9demment, y compris le site Web de l&#039;auteur.&nbsp;<\/li>\n<li>\u00eatre en anglais, entre 800 et 2 500 mots.<\/li>\n<li>inclure 4 \u00e0 7 images de haute qualit\u00e9, d&#039;au moins 1200 pixels sur le bord long et une taille de fichier inf\u00e9rieure \u00e0 2 Mo.<\/li>\n<li>fournissez votre nom complet et des liens vers votre site Web et \/ ou vos m\u00e9dias sociaux \u00e0 inclure dans une signature avec l&#039;article publi\u00e9.<\/li>\n<li>\u00eatre de type de fichier\u00a0: .doc, .docx, .jpg, .zip&nbsp;<\/li>\n<\/ul>\n<h3>Les termes de l&#039;accord<\/h3>\n<ol>\n<li>Vous accordez \u00e0 Nature First une licence avec des droits \u00e9lectroniques mondiaux non exclusifs pour publier et afficher votre article sur le site Web de Nature First ind\u00e9finiment.<\/li>\n<li>Vous d\u00e9clarez \u00eatre le seul titulaire des droits d&#039;auteur du texte et des photographies soumis.<\/li>\n<li>Vous avez lu et compris <a href=\"https:\/\/naturefirst.org\/fr\/terms-of-use\/\">Conditions d&#039;utilisation de Nature First<\/a>.<\/li>\n<li>Vous acceptez de ne pas tenir Nature First responsable de toute reproduction non autoris\u00e9e de vos textes et photographies, ou de toute r\u00e9clamation de dommages r\u00e9sultant de la publication de votre article sur le site Nature First.<\/li>\n<li>Vous acceptez que Nature First puisse modifier le texte soumis pour la grammaire, la structure et la mise en page.<\/li>\n<li>Vous acceptez que Nature First puisse modifier les images soumises, y compris, mais sans s&#039;y limiter, le redimensionnement.<\/li>\n<li>Nature First vous informera de l&#039;approbation de la publication, par e-mail, dans les 30 jours suivant la soumission.<\/li>\n<li>Les auteurs seront accr\u00e9dit\u00e9s par une signature dans la publication contenant leur nom et des liens vers des sites Web et\/ou des comptes de m\u00e9dias sociaux.<\/li>\n<li>Les auteurs seront indemnis\u00e9s $50.00 US pour chaque article approuv\u00e9. Nature First enverra une compensation, via PayPal, dans les 15 jours suivant la date d&#039;approbation.<\/li>\n<\/ol>\n<p>S&#039;il te pla\u00eet <a href=\"https:\/\/naturefirst.org\/fr\/contact\/\">Nous contacter<\/a> Si vous avez des questions concernant les directives ou accords ci-dessus.<\/p>\n<\/div>\t\t\t\t\t\t\t\t<\/div>\n\t\t\t\t<\/div>\n\t\t\t\t\t<\/div>\n\t\t<\/div>\n\t\t\t\t\t<\/div>\n\t\t<\/section>\n\t\t\t\t<\/div>","protected":false},"excerpt":{"rendered":"<p>Article Submission Guidelines Article Submission Guidelines Please read carefully and follow all guidelines when submitting an article for publication. Submissions that do not follow these guidelines will not be approved. General Guidelines All Nature First members are welcome to submit an article for publication at Nature First. Be sure to read some of our featured [&hellip;]<\/p>\n","protected":false},"author":2,"featured_media":0,"parent":0,"menu_order":0,"comment_status":"closed","ping_status":"closed","template":"","meta":{"_mo_disable_npp":"","site-sidebar-layout":"no-sidebar","site-content-layout":"page-builder","ast-site-content-layout":"default","site-content-style":"default","site-sidebar-style":"default","ast-global-header-display":"","ast-banner-title-visibility":"","ast-main-header-display":"","ast-hfb-above-header-display":"","ast-hfb-below-header-display":"","ast-hfb-mobile-header-display":"","site-post-title":"disabled","ast-breadcrumbs-content":"","ast-featured-img":"disabled","footer-sml-layout":"","ast-disable-related-posts":"","theme-transparent-header-meta":"","adv-header-id-meta":"","stick-header-meta":"","header-above-stick-meta":"","header-main-stick-meta":"","header-below-stick-meta":"","astra-migrate-meta-layouts":"default","ast-page-background-enabled":"default","ast-page-background-meta":{"desktop":{"background-color":"","background-image":"","background-repeat":"repeat","background-position":"center center","background-size":"auto","background-attachment":"scroll","background-type":"","background-media":"","overlay-type":"","overlay-color":"","overlay-opacity":"","overlay-gradient":""},"tablet":{"background-color":"","background-image":"","background-repeat":"repeat","background-position":"center center","background-size":"auto","background-attachment":"scroll","background-type":"","background-media":"","overlay-type":"","overlay-color":"","overlay-opacity":"","overlay-gradient":""},"mobile":{"background-color":"","background-image":"","background-repeat":"repeat","background-position":"center center","background-size":"auto","background-attachment":"scroll","background-type":"","background-media":"","overlay-type":"","overlay-color":"","overlay-opacity":"","overlay-gradient":""}},"ast-content-background-meta":{"desktop":{"background-color":"var(--ast-global-color-5)","background-image":"","background-repeat":"repeat","background-position":"center center","background-size":"auto","background-attachment":"scroll","background-type":"","background-media":"","overlay-type":"","overlay-color":"","overlay-opacity":"","overlay-gradient":""},"tablet":{"background-color":"var(--ast-global-color-5)","background-image":"","background-repeat":"repeat","background-position":"center center","background-size":"auto","background-attachment":"scroll","background-type":"","background-media":"","overlay-type":"","overlay-color":"","overlay-opacity":"","overlay-gradient":""},"mobile":{"background-color":"var(--ast-global-color-5)","background-image":"","background-repeat":"repeat","background-position":"center center","background-size":"auto","background-attachment":"scroll","background-type":"","background-media":"","overlay-type":"","overlay-color":"","overlay-opacity":"","overlay-gradient":""}},"footnotes":""},"class_list":["post-3873","page","type-page","status-publish","hentry"],"aioseo_notices":[],"_links":{"self":[{"href":"https:\/\/naturefirst.org\/fr\/wp-json\/wp\/v2\/pages\/3873","targetHints":{"allow":["GET"]}}],"collection":[{"href":"https:\/\/naturefirst.org\/fr\/wp-json\/wp\/v2\/pages"}],"about":[{"href":"https:\/\/naturefirst.org\/fr\/wp-json\/wp\/v2\/types\/page"}],"author":[{"embeddable":true,"href":"https:\/\/naturefirst.org\/fr\/wp-json\/wp\/v2\/users\/2"}],"replies":[{"embeddable":true,"href":"https:\/\/naturefirst.org\/fr\/wp-json\/wp\/v2\/comments?post=3873"}],"version-history":[{"count":17,"href":"https:\/\/naturefirst.org\/fr\/wp-json\/wp\/v2\/pages\/3873\/revisions"}],"predecessor-version":[{"id":3988,"href":"https:\/\/naturefirst.org\/fr\/wp-json\/wp\/v2\/pages\/3873\/revisions\/3988"}],"wp:attachment":[{"href":"https:\/\/naturefirst.org\/fr\/wp-json\/wp\/v2\/media?parent=3873"}],"curies":[{"name":"wp","href":"https:\/\/api.w.org\/{rel}","templated":true}]}}