{"id":416,"date":"2022-08-20T21:18:43","date_gmt":"2022-08-20T21:18:43","guid":{"rendered":"https:\/\/naturefirst.org\/?page_id=416"},"modified":"2023-09-26T09:14:33","modified_gmt":"2023-09-26T15:14:33","slug":"why-nature-first","status":"publish","type":"page","link":"https:\/\/naturefirst.org\/fr\/why-nature-first\/","title":{"rendered":"Pourquoi Nature First ?"},"content":{"rendered":"<div data-elementor-type=\"wp-page\" data-elementor-id=\"416\" class=\"elementor elementor-416\" data-elementor-post-type=\"page\">\n\t\t\t\t\t\t<section class=\"elementor-section elementor-top-section elementor-element elementor-element-4b1754d0 elementor-section-height-min-height elementor-section-boxed elementor-section-height-default elementor-section-items-middle\" data-id=\"4b1754d0\" data-element_type=\"section\" data-e-type=\"section\" data-settings=\"{&quot;background_background&quot;:&quot;classic&quot;}\">\n\t\t\t\t\t\t\t<div class=\"elementor-background-overlay\"><\/div>\n\t\t\t\t\t\t\t<div class=\"elementor-container elementor-column-gap-no\">\n\t\t\t\t\t<div class=\"elementor-column elementor-col-100 elementor-top-column elementor-element elementor-element-7db71d5d\" data-id=\"7db71d5d\" data-element_type=\"column\" data-e-type=\"column\">\n\t\t\t<div class=\"elementor-widget-wrap elementor-element-populated\">\n\t\t\t\t\t\t<div class=\"elementor-element elementor-element-78abb84f elementor-widget elementor-widget-image-box\" data-id=\"78abb84f\" data-element_type=\"widget\" data-e-type=\"widget\" data-widget_type=\"image-box.default\">\n\t\t\t\t<div class=\"elementor-widget-container\">\n\t\t\t\t\t<div class=\"elementor-image-box-wrapper\"><div class=\"elementor-image-box-content\"><h1 class=\"elementor-image-box-title\">Pourquoi Nature First ?<\/h1><\/div><\/div>\t\t\t\t<\/div>\n\t\t\t\t<\/div>\n\t\t\t\t<div class=\"elementor-element elementor-element-685c9b36 elementor-widget elementor-widget-text-editor\" data-id=\"685c9b36\" data-element_type=\"widget\" data-e-type=\"widget\" data-widget_type=\"text-editor.default\">\n\t\t\t\t<div class=\"elementor-widget-container\">\n\t\t\t\t\t\t\t\t\t<p>L&#039;Alliance pour une photographie de nature responsable<\/p>\t\t\t\t\t\t\t\t<\/div>\n\t\t\t\t<\/div>\n\t\t\t\t\t<\/div>\n\t\t<\/div>\n\t\t\t\t\t<\/div>\n\t\t<\/section>\n\t\t\t\t<section class=\"elementor-section elementor-top-section elementor-element elementor-element-72e514e0 elementor-section-boxed elementor-section-height-default elementor-section-height-default\" data-id=\"72e514e0\" data-element_type=\"section\" data-e-type=\"section\">\n\t\t\t\t\t\t<div class=\"elementor-container elementor-column-gap-default\">\n\t\t\t\t\t<div class=\"elementor-column elementor-col-100 elementor-top-column elementor-element elementor-element-17c7a8ed\" data-id=\"17c7a8ed\" data-element_type=\"column\" data-e-type=\"column\">\n\t\t\t<div class=\"elementor-widget-wrap elementor-element-populated\">\n\t\t\t\t\t\t<div class=\"elementor-element elementor-element-5b3d0e63 elementor-widget elementor-widget-heading\" data-id=\"5b3d0e63\" data-element_type=\"widget\" data-e-type=\"widget\" data-widget_type=\"heading.default\">\n\t\t\t\t<div class=\"elementor-widget-container\">\n\t\t\t\t\t<h2 class=\"elementor-heading-title elementor-size-default\">Notre mission...<\/h2>\t\t\t\t<\/div>\n\t\t\t\t<\/div>\n\t\t\t\t<div class=\"elementor-element elementor-element-81d7ec3 elementor-widget elementor-widget-text-editor\" data-id=\"81d7ec3\" data-element_type=\"widget\" data-e-type=\"widget\" data-widget_type=\"text-editor.default\">\n\t\t\t\t<div class=\"elementor-widget-container\">\n\t\t\t\t\t\t\t\t\t<p><strong>Nature First promeut la protection et la pr\u00e9servation des lieux naturels et sauvages du monde en inspirant, \u00e9duquant et unissant tous ceux qui r\u00e9alisent des photographies et des vid\u00e9os dans la nature\u00a0; leur permettant d&#039;\u00eatre des ambassadeurs du monde naturel.<\/strong><\/p>\t\t\t\t\t\t\t\t<\/div>\n\t\t\t\t<\/div>\n\t\t\t\t<div class=\"elementor-element elementor-element-8879313 elementor-widget-divider--view-line elementor-widget elementor-widget-divider\" data-id=\"8879313\" data-element_type=\"widget\" data-e-type=\"widget\" data-widget_type=\"divider.default\">\n\t\t\t\t<div class=\"elementor-widget-container\">\n\t\t\t\t\t\t\t<div class=\"elementor-divider\">\n\t\t\t<span class=\"elementor-divider-separator\">\n\t\t\t\t\t\t<\/span>\n\t\t<\/div>\n\t\t\t\t\t\t<\/div>\n\t\t\t\t<\/div>\n\t\t\t\t<section class=\"elementor-section elementor-inner-section elementor-element elementor-element-0a10264 elementor-section-boxed elementor-section-height-default elementor-section-height-default\" data-id=\"0a10264\" data-element_type=\"section\" data-e-type=\"section\">\n\t\t\t\t\t\t<div class=\"elementor-container elementor-column-gap-default\">\n\t\t\t\t\t<div class=\"elementor-column elementor-col-50 elementor-inner-column elementor-element elementor-element-dbaad28\" data-id=\"dbaad28\" data-element_type=\"column\" data-e-type=\"column\">\n\t\t\t<div class=\"elementor-widget-wrap elementor-element-populated\">\n\t\t\t\t\t\t<div class=\"elementor-element elementor-element-e88d22b elementor-widget elementor-widget-video\" data-id=\"e88d22b\" data-element_type=\"widget\" data-e-type=\"widget\" data-settings=\"{&quot;youtube_url&quot;:&quot;https:\\\/\\\/www.youtube.com\\\/watch?v=oYkov7AUMFg&quot;,&quot;video_type&quot;:&quot;youtube&quot;,&quot;controls&quot;:&quot;yes&quot;}\" data-widget_type=\"video.default\">\n\t\t\t\t<div class=\"elementor-widget-container\">\n\t\t\t\t\t\t\t<div class=\"elementor-wrapper elementor-open-inline\">\n\t\t\t<div class=\"elementor-video\"><\/div>\t\t<\/div>\n\t\t\t\t\t\t<\/div>\n\t\t\t\t<\/div>\n\t\t\t\t\t<\/div>\n\t\t<\/div>\n\t\t\t\t<div class=\"elementor-column elementor-col-50 elementor-inner-column elementor-element elementor-element-ad296c9\" data-id=\"ad296c9\" data-element_type=\"column\" data-e-type=\"column\">\n\t\t\t<div class=\"elementor-widget-wrap elementor-element-populated\">\n\t\t\t\t\t\t<div class=\"elementor-element elementor-element-eb6e4bc elementor-widget elementor-widget-text-editor\" data-id=\"eb6e4bc\" data-element_type=\"widget\" data-e-type=\"widget\" data-widget_type=\"text-editor.default\">\n\t\t\t\t<div class=\"elementor-widget-container\">\n\t\t\t\t\t\t\t\t\t<p>D\u00e9couvrez pourquoi Alister Benn, talentueux photographe et fondateur de&nbsp;<a href=\"https:\/\/expressive.photography\/\" target=\"_blank\">Photographie expressive<\/a>, est membre du Nature First et estime que l&#039;\u00e9thique dans la photographie de nature est importante.&nbsp;<\/p>\n<p>En tant qu\u2019\u00e9ducateur et animateur d\u2019atelier, il comprend que beaucoup le consid\u00e8rent (inconsciemment) comme un mod\u00e8le. Non seulement il pratique la photographie de nature \u00e9thique sur le terrain, mais il a \u00e9galement r\u00e9fl\u00e9chi profond\u00e9ment \u00e0 la n\u00e9cessit\u00e9 de minimiser son impact tout en \u00e9quilibrant sa vie quotidienne et ses activit\u00e9s professionnelles.<\/p>\n<p>Personne ne peut \u00eatre \u00ab parfait \u00bb, r\u00e9duisant son impact \u00e0 z\u00e9ro, mais nous pouvons tous \u00eatre attentifs et responsables dans nos photographies de nature. C&#039;est simplement la chose \u00e9thique \u00e0 faire.<\/p>\t\t\t\t\t\t\t\t<\/div>\n\t\t\t\t<\/div>\n\t\t\t\t\t<\/div>\n\t\t<\/div>\n\t\t\t\t\t<\/div>\n\t\t<\/section>\n\t\t\t\t<div class=\"elementor-element elementor-element-da21525 elementor-widget-divider--view-line elementor-widget elementor-widget-divider\" data-id=\"da21525\" data-element_type=\"widget\" data-e-type=\"widget\" data-widget_type=\"divider.default\">\n\t\t\t\t<div class=\"elementor-widget-container\">\n\t\t\t\t\t\t\t<div class=\"elementor-divider\">\n\t\t\t<span class=\"elementor-divider-separator\">\n\t\t\t\t\t\t<\/span>\n\t\t<\/div>\n\t\t\t\t\t\t<\/div>\n\t\t\t\t<\/div>\n\t\t\t\t<div class=\"elementor-element elementor-element-0728deb elementor-widget elementor-widget-text-editor\" data-id=\"0728deb\" data-element_type=\"widget\" data-e-type=\"widget\" data-widget_type=\"text-editor.default\">\n\t\t\t\t<div class=\"elementor-widget-container\">\n\t\t\t\t\t\t\t\t\t<p>La photographie et le monde naturel vont de pair depuis les premiers jours de l&#039;appareil photo. Historiquement, la photographie a \u00e9t\u00e9 un outil essentiel dans la protection de l&#039;environnement, la promotion de la conservation des lieux sauvages et l&#039;encouragement de pratiques d&#039;intendance positives. D\u00e8s les ann\u00e9es 1860, le travail du photographe Carleton Watkins a contribu\u00e9 \u00e0 ouvrir la voie \u00e0 la cr\u00e9ation ult\u00e9rieure du parc national de Yosemite et des photographes tels que William Henry Jackson, Ansel Adams, Philip Hyde et bien d&#039;autres ont apport\u00e9 une contribution significative \u00e0 la protection de la nature sauvage de l&#039;Am\u00e9rique. les terres et la faune. Partout dans le monde, les photographes de la nature ont apport\u00e9 des contributions similaires, laissant un h\u00e9ritage qui permet aux photographes d&#039;aujourd&#039;hui de profiter de lieux sauvages prot\u00e9g\u00e9s.<\/p>\t\t\t\t\t\t\t\t<\/div>\n\t\t\t\t<\/div>\n\t\t\t\t\t<\/div>\n\t\t<\/div>\n\t\t\t\t\t<\/div>\n\t\t<\/section>\n\t\t\t\t<section class=\"elementor-section elementor-top-section elementor-element elementor-element-7c1a969 elementor-section-boxed elementor-section-height-default elementor-section-height-default\" data-id=\"7c1a969\" data-element_type=\"section\" data-e-type=\"section\">\n\t\t\t\t\t\t<div class=\"elementor-container elementor-column-gap-default\">\n\t\t\t\t\t<div class=\"elementor-column elementor-col-50 elementor-top-column elementor-element elementor-element-d1579b5\" data-id=\"d1579b5\" data-element_type=\"column\" data-e-type=\"column\">\n\t\t\t<div class=\"elementor-widget-wrap elementor-element-populated\">\n\t\t\t\t\t\t<div class=\"elementor-element elementor-element-ac40b06 elementor-widget elementor-widget-text-editor\" data-id=\"ac40b06\" data-element_type=\"widget\" data-e-type=\"widget\" data-widget_type=\"text-editor.default\">\n\t\t\t\t<div class=\"elementor-widget-container\">\n\t\t\t\t\t\t\t\t\t<p><strong>Plus r\u00e9cemment, une convergence de facteurs complexes a un impact de plus en plus n\u00e9gatif sur les terres publiques et prot\u00e9g\u00e9es. Ces facteurs comprennent :<\/strong><\/p><ul data-rte-list=\"default\"><li><strong>L&#039;essor des m\u00e9dias sociaux, augmentant la facilit\u00e9 de partage de photos et d&#039;informations de localisation en ligne<\/strong><\/li><li><strong>Une augmentation significative de la popularit\u00e9 de la photographie<\/strong><\/li><li><strong>Augmentation spectaculaire de la fr\u00e9quentation des terres publiques et des lieux sauvages<\/strong><\/li><li><strong>Manque de connaissances g\u00e9n\u00e9ralis\u00e9es sur les pratiques d&#039;intendance de base et l&#039;\u00e9thique en plein air<\/strong><\/li><\/ul>\t\t\t\t\t\t\t\t<\/div>\n\t\t\t\t<\/div>\n\t\t\t\t\t<\/div>\n\t\t<\/div>\n\t\t\t\t<div class=\"elementor-column elementor-col-50 elementor-top-column elementor-element elementor-element-4d39f8d\" data-id=\"4d39f8d\" data-element_type=\"column\" data-e-type=\"column\">\n\t\t\t<div class=\"elementor-widget-wrap elementor-element-populated\">\n\t\t\t\t\t\t<div class=\"elementor-element elementor-element-ce537a2 elementor-widget elementor-widget-image\" data-id=\"ce537a2\" data-element_type=\"widget\" data-e-type=\"widget\" data-widget_type=\"image.default\">\n\t\t\t\t<div class=\"elementor-widget-container\">\n\t\t\t\t\t\t\t\t\t\t\t\t\t\t\t<img fetchpriority=\"high\" decoding=\"async\" width=\"1024\" height=\"686\" src=\"https:\/\/naturefirst.org\/wp-content\/uploads\/Mesa-Arch-Joshua-Snow-1024x686.jpg\" class=\"attachment-large size-large wp-image-422\" alt=\"\" srcset=\"https:\/\/naturefirst.org\/wp-content\/uploads\/Mesa-Arch-Joshua-Snow-1024x686.jpg 1024w, https:\/\/naturefirst.org\/wp-content\/uploads\/Mesa-Arch-Joshua-Snow-500x335.jpg 500w, https:\/\/naturefirst.org\/wp-content\/uploads\/Mesa-Arch-Joshua-Snow-768x515.jpg 768w, https:\/\/naturefirst.org\/wp-content\/uploads\/Mesa-Arch-Joshua-Snow-18x12.jpg 18w, https:\/\/naturefirst.org\/wp-content\/uploads\/Mesa-Arch-Joshua-Snow.jpg 1250w\" sizes=\"(max-width: 1024px) 100vw, 1024px\" \/>\t\t\t\t\t\t\t\t\t\t\t\t\t\t\t<\/div>\n\t\t\t\t<\/div>\n\t\t\t\t<div class=\"elementor-element elementor-element-eeeac5c elementor-widget elementor-widget-text-editor\" data-id=\"eeeac5c\" data-element_type=\"widget\" data-e-type=\"widget\" data-widget_type=\"text-editor.default\">\n\t\t\t\t<div class=\"elementor-widget-container\">\n\t\t\t\t\t\t\t\t\t<p>Les photographes de la nature deviennent-ils de plus en plus un handicap pour les beaux environnements qu&#039;ils ch\u00e9rissent et photographient\u00a0?<\/p>\t\t\t\t\t\t\t\t<\/div>\n\t\t\t\t<\/div>\n\t\t\t\t\t<\/div>\n\t\t<\/div>\n\t\t\t\t\t<\/div>\n\t\t<\/section>\n\t\t\t\t<section class=\"elementor-section elementor-top-section elementor-element elementor-element-4efdc4b elementor-section-boxed elementor-section-height-default elementor-section-height-default\" data-id=\"4efdc4b\" data-element_type=\"section\" data-e-type=\"section\">\n\t\t\t\t\t\t<div class=\"elementor-container elementor-column-gap-default\">\n\t\t\t\t\t<div class=\"elementor-column elementor-col-100 elementor-top-column elementor-element elementor-element-ac17f4d\" data-id=\"ac17f4d\" data-element_type=\"column\" data-e-type=\"column\">\n\t\t\t<div class=\"elementor-widget-wrap elementor-element-populated\">\n\t\t\t\t\t\t<div class=\"elementor-element elementor-element-8a838d0 elementor-widget elementor-widget-text-editor\" data-id=\"8a838d0\" data-element_type=\"widget\" data-e-type=\"widget\" data-widget_type=\"text-editor.default\">\n\t\t\t\t<div class=\"elementor-widget-container\">\n\t\t\t\t\t\t\t\t\t<p>En raison de ces facteurs et d&#039;autres, nous avons atteint un point o\u00f9 les visiteurs en g\u00e9n\u00e9ral, et les photographes en particulier, causent des impacts n\u00e9gatifs tangibles, \u00e9tendus et qui s&#039;aggravent progressivement sur la nature. Par exemple, certains photographes pi\u00e9tinent des terres sauvages, ignorent les r\u00e9glementations, endommagent des zones sensibles, interrompent et diminuent les exp\u00e9riences des autres utilisateurs, d\u00e9rangent la faune et invitent (implicitement ou explicitement) le public \u00e0 faire de m\u00eame.<\/p><p>Bien que le plus important de ces d\u00e9veloppements puisse sembler distinct de la photographie, bon nombre de ces pressions sur les terres sauvages proviennent du fait que les gens sont attir\u00e9s vers de tels endroits en raison de photographies inspirantes. La plupart des photographes individuels n&#039;ont pas intentionnellement contribu\u00e9 \u00e0 ces impacts n\u00e9gatifs. Pourtant, nous avons l&#039;occasion de reconna\u00eetre que les photographes de la nature sont devenus un contributeur important \u00e0 ces probl\u00e8mes et ont donc la responsabilit\u00e9 d&#039;aborder ces tendances de mani\u00e8re proactive et positive.<\/p><p>Un groupe de photographes de la nature pr\u00e9occup\u00e9s par ces tendances acc\u00e9l\u00e9r\u00e9es se sont r\u00e9unis et ont contribu\u00e9 \u00e0 la cr\u00e9ation de ces principes. Nous nous sommes chacun engag\u00e9s \u00e0 suivre et \u00e0 promouvoir ces pratiques et encourageons nos coll\u00e8gues photographes \u00e0 faire de m\u00eame. Si les photographes de la nature ne prennent pas ce genre d&#039;action collective et proactive, non seulement nous continuerons \u00e0 voir des dommages importants et irr\u00e9parables \u00e0 nos lieux naturels les plus pr\u00e9cieux, mais nous verrons \u00e9galement un nombre croissant de r\u00e9glementations et de restrictions impos\u00e9es aux photographes.<\/p><p>Veuillez vous joindre \u00e0 nous pour examiner et \u00e9ventuellement repenser vos propres pratiques, adopter ou adapter ces principes et aider \u00e0 promouvoir ces id\u00e9es aupr\u00e8s d&#039;autres photographes.<\/p>\t\t\t\t\t\t\t\t<\/div>\n\t\t\t\t<\/div>\n\t\t\t\t\t<\/div>\n\t\t<\/div>\n\t\t\t\t\t<\/div>\n\t\t<\/section>\n\t\t\t\t<section class=\"elementor-section elementor-top-section elementor-element elementor-element-34c2257 elementor-section-boxed elementor-section-height-default elementor-section-height-default\" data-id=\"34c2257\" data-element_type=\"section\" data-e-type=\"section\">\n\t\t\t\t\t\t<div class=\"elementor-container elementor-column-gap-default\">\n\t\t\t\t\t<div class=\"elementor-column elementor-col-100 elementor-top-column elementor-element elementor-element-ae3c142\" data-id=\"ae3c142\" data-element_type=\"column\" data-e-type=\"column\">\n\t\t\t<div class=\"elementor-widget-wrap elementor-element-populated\">\n\t\t\t\t\t\t<div class=\"elementor-element elementor-element-83b3473 elementor-widget elementor-widget-text-editor\" data-id=\"83b3473\" data-element_type=\"widget\" data-e-type=\"widget\" data-widget_type=\"text-editor.default\">\n\t\t\t\t<div class=\"elementor-widget-container\">\n\t\t\t\t\t\t\t\t\t<p><a title=\"Des principes\" href=\"https:\/\/naturefirst.org\/fr\/principles\/\">En savoir plus sur les principes Nature First<\/a><\/p>\t\t\t\t\t\t\t\t<\/div>\n\t\t\t\t<\/div>\n\t\t\t\t<div class=\"elementor-element elementor-element-fefcb30 elementor-widget-divider--view-line elementor-widget elementor-widget-divider\" data-id=\"fefcb30\" data-element_type=\"widget\" data-e-type=\"widget\" data-widget_type=\"divider.default\">\n\t\t\t\t<div class=\"elementor-widget-container\">\n\t\t\t\t\t\t\t<div class=\"elementor-divider\">\n\t\t\t<span class=\"elementor-divider-separator\">\n\t\t\t\t\t\t<\/span>\n\t\t<\/div>\n\t\t\t\t\t\t<\/div>\n\t\t\t\t<\/div>\n\t\t\t\t\t<\/div>\n\t\t<\/div>\n\t\t\t\t\t<\/div>\n\t\t<\/section>\n\t\t\t\t<\/div>","protected":false},"excerpt":{"rendered":"<p>Why Nature First? The Alliance for Responsible Nature Photography Our Mission&#8230; Nature First promotes the protection and preservation of the world&#8217;s natural and wild places through inspiring, educating, and uniting everyone making photographs and videos in nature; empowering them to be ambassadors of the natural world. https:\/\/www.youtube.com\/watch?v=oYkov7AUMFg Learn why Alister Benn, talented photographer and founder [&hellip;]<\/p>\n","protected":false},"author":2,"featured_media":0,"parent":0,"menu_order":0,"comment_status":"closed","ping_status":"closed","template":"","meta":{"_mo_disable_npp":"","site-sidebar-layout":"no-sidebar","site-content-layout":"page-builder","ast-site-content-layout":"default","site-content-style":"default","site-sidebar-style":"default","ast-global-header-display":"","ast-banner-title-visibility":"","ast-main-header-display":"","ast-hfb-above-header-display":"","ast-hfb-below-header-display":"","ast-hfb-mobile-header-display":"","site-post-title":"disabled","ast-breadcrumbs-content":"","ast-featured-img":"disabled","footer-sml-layout":"","ast-disable-related-posts":"","theme-transparent-header-meta":"","adv-header-id-meta":"","stick-header-meta":"","header-above-stick-meta":"","header-main-stick-meta":"","header-below-stick-meta":"","astra-migrate-meta-layouts":"default","ast-page-background-enabled":"default","ast-page-background-meta":{"desktop":{"background-color":"","background-image":"","background-repeat":"repeat","background-position":"center center","background-size":"auto","background-attachment":"scroll","background-type":"","background-media":"","overlay-type":"","overlay-color":"","overlay-opacity":"","overlay-gradient":""},"tablet":{"background-color":"","background-image":"","background-repeat":"repeat","background-position":"center center","background-size":"auto","background-attachment":"scroll","background-type":"","background-media":"","overlay-type":"","overlay-color":"","overlay-opacity":"","overlay-gradient":""},"mobile":{"background-color":"","background-image":"","background-repeat":"repeat","background-position":"center center","background-size":"auto","background-attachment":"scroll","background-type":"","background-media":"","overlay-type":"","overlay-color":"","overlay-opacity":"","overlay-gradient":""}},"ast-content-background-meta":{"desktop":{"background-color":"var(--ast-global-color-5)","background-image":"","background-repeat":"repeat","background-position":"center center","background-size":"auto","background-attachment":"scroll","background-type":"","background-media":"","overlay-type":"","overlay-color":"","overlay-opacity":"","overlay-gradient":""},"tablet":{"background-color":"var(--ast-global-color-5)","background-image":"","background-repeat":"repeat","background-position":"center center","background-size":"auto","background-attachment":"scroll","background-type":"","background-media":"","overlay-type":"","overlay-color":"","overlay-opacity":"","overlay-gradient":""},"mobile":{"background-color":"var(--ast-global-color-5)","background-image":"","background-repeat":"repeat","background-position":"center center","background-size":"auto","background-attachment":"scroll","background-type":"","background-media":"","overlay-type":"","overlay-color":"","overlay-opacity":"","overlay-gradient":""}},"footnotes":""},"class_list":["post-416","page","type-page","status-publish","hentry"],"aioseo_notices":[],"_links":{"self":[{"href":"https:\/\/naturefirst.org\/fr\/wp-json\/wp\/v2\/pages\/416","targetHints":{"allow":["GET"]}}],"collection":[{"href":"https:\/\/naturefirst.org\/fr\/wp-json\/wp\/v2\/pages"}],"about":[{"href":"https:\/\/naturefirst.org\/fr\/wp-json\/wp\/v2\/types\/page"}],"author":[{"embeddable":true,"href":"https:\/\/naturefirst.org\/fr\/wp-json\/wp\/v2\/users\/2"}],"replies":[{"embeddable":true,"href":"https:\/\/naturefirst.org\/fr\/wp-json\/wp\/v2\/comments?post=416"}],"version-history":[{"count":11,"href":"https:\/\/naturefirst.org\/fr\/wp-json\/wp\/v2\/pages\/416\/revisions"}],"predecessor-version":[{"id":4607,"href":"https:\/\/naturefirst.org\/fr\/wp-json\/wp\/v2\/pages\/416\/revisions\/4607"}],"wp:attachment":[{"href":"https:\/\/naturefirst.org\/fr\/wp-json\/wp\/v2\/media?parent=416"}],"curies":[{"name":"wp","href":"https:\/\/api.w.org\/{rel}","templated":true}]}}