{"id":457,"date":"2022-08-20T21:41:36","date_gmt":"2022-08-20T21:41:36","guid":{"rendered":"https:\/\/naturefirst.org\/?page_id=457"},"modified":"2024-07-26T11:20:52","modified_gmt":"2024-07-26T17:20:52","slug":"cookie-policy","status":"publish","type":"page","link":"https:\/\/naturefirst.org\/fr\/cookie-policy\/","title":{"rendered":"Politique relative aux cookies"},"content":{"rendered":"<div data-elementor-type=\"wp-page\" data-elementor-id=\"457\" class=\"elementor elementor-457\" data-elementor-post-type=\"page\">\n\t\t\t\t\t\t<section class=\"elementor-section elementor-top-section elementor-element elementor-element-679d1ac5 elementor-section-height-min-height elementor-section-boxed elementor-section-height-default elementor-section-items-middle\" data-id=\"679d1ac5\" data-element_type=\"section\" data-e-type=\"section\" data-settings=\"{&quot;background_background&quot;:&quot;classic&quot;}\">\n\t\t\t\t\t\t\t<div class=\"elementor-background-overlay\"><\/div>\n\t\t\t\t\t\t\t<div class=\"elementor-container elementor-column-gap-no\">\n\t\t\t\t\t<div class=\"elementor-column elementor-col-100 elementor-top-column elementor-element elementor-element-60198d81\" data-id=\"60198d81\" data-element_type=\"column\" data-e-type=\"column\">\n\t\t\t<div class=\"elementor-widget-wrap elementor-element-populated\">\n\t\t\t\t\t\t<div class=\"elementor-element elementor-element-38714abc elementor-widget elementor-widget-image-box\" data-id=\"38714abc\" data-element_type=\"widget\" data-e-type=\"widget\" data-widget_type=\"image-box.default\">\n\t\t\t\t<div class=\"elementor-widget-container\">\n\t\t\t\t\t<div class=\"elementor-image-box-wrapper\"><div class=\"elementor-image-box-content\"><h1 class=\"elementor-image-box-title\">Politique relative aux cookies<\/h1><\/div><\/div>\t\t\t\t<\/div>\n\t\t\t\t<\/div>\n\t\t\t\t\t<\/div>\n\t\t<\/div>\n\t\t\t\t\t<\/div>\n\t\t<\/section>\n\t\t\t\t<section class=\"elementor-section elementor-top-section elementor-element elementor-element-63f70ab6 elementor-section-boxed elementor-section-height-default elementor-section-height-default\" data-id=\"63f70ab6\" data-element_type=\"section\" data-e-type=\"section\">\n\t\t\t\t\t\t<div class=\"elementor-container elementor-column-gap-default\">\n\t\t\t\t\t<div class=\"elementor-column elementor-col-100 elementor-top-column elementor-element elementor-element-34209b01\" data-id=\"34209b01\" data-element_type=\"column\" data-e-type=\"column\">\n\t\t\t<div class=\"elementor-widget-wrap elementor-element-populated\">\n\t\t\t\t\t\t<div class=\"elementor-element elementor-element-4eda9261 elementor-widget elementor-widget-heading\" data-id=\"4eda9261\" data-element_type=\"widget\" data-e-type=\"widget\" data-widget_type=\"heading.default\">\n\t\t\t\t<div class=\"elementor-widget-container\">\n\t\t\t\t\t<h2 class=\"elementor-heading-title elementor-size-default\">Politique relative aux cookies<\/h2>\t\t\t\t<\/div>\n\t\t\t\t<\/div>\n\t\t\t\t<div class=\"elementor-element elementor-element-23ead78 elementor-widget elementor-widget-text-editor\" data-id=\"23ead78\" data-element_type=\"widget\" data-e-type=\"widget\" data-widget_type=\"text-editor.default\">\n\t\t\t\t<div class=\"elementor-widget-container\">\n\t\t\t\t\t\t\t\t\t<p class=\"\"><em>Date d&#039;entr\u00e9e en vigueur : 6 f\u00e9vrier 2021<\/em><\/p><p class=\"\">Cette Politique relative aux cookies d\u00e9crit comment Nature First utilise les cookies et technologies similaires pour fournir, personnaliser, \u00e9valuer, am\u00e9liorer, promouvoir et prot\u00e9ger nos Services. Notez que tous les termes en majuscules non d\u00e9finis dans la pr\u00e9sente politique relative aux cookies ont la signification indiqu\u00e9e dans notre <a title=\"Conditions d&#039;utilisation\" href=\"https:\/\/naturefirst.org\/fr\/terms-of-use\/\">Conditions d&#039;utilisation<\/a>. Si vous avez des commentaires ou des questions concernant cette politique relative aux cookies, n&#039;h\u00e9sitez pas \u00e0 nous contacter \u00e0 privacy@naturefirstphotography.org.\u00a0\u00a0<\/p><p class=\"\">Biscuits. Les cookies sont de petits morceaux de texte envoy\u00e9s \u00e0 votre navigateur lorsque vous visitez un site. Ils remplissent diverses fonctions, comme nous permettre de nous souvenir de certaines informations que vous nous fournissez lorsque vous naviguez entre les pages des Services. Nous utilisons des cookies sur le site Web et les domaines associ\u00e9s de <a href=\"https:\/\/naturefirst.org\/fr\/\">www.naturefirst.org<\/a> aux fins suivantes :<\/p><ul data-rte-list=\"default\"><li><p class=\"\">Authentification, personnalisation, s\u00e9curit\u00e9 et autres cookies fonctionnels. Les cookies nous aident \u00e0 v\u00e9rifier votre compte et votre appareil et \u00e0 d\u00e9terminer quand vous \u00eates connect\u00e9, afin que nous puissions vous faciliter l&#039;acc\u00e8s aux services et vous fournir les exp\u00e9riences et fonctionnalit\u00e9s appropri\u00e9es. Nous utilisons \u00e9galement des cookies pour emp\u00eacher l&#039;utilisation frauduleuse des identifiants de connexion et pour m\u00e9moriser les choix que vous avez faits sur les Services, tels que votre pr\u00e9f\u00e9rence de langue.<\/p><\/li><li><p class=\"\">Performances et analyses. Les cookies nous aident \u00e0 analyser la mani\u00e8re dont les Services sont consult\u00e9s et utilis\u00e9s, et nous permettent de suivre les performances des Services. Par exemple, nous utilisons des cookies pour d\u00e9terminer si vous avez consult\u00e9 une page ou ouvert un e-mail. Cela nous aide \u00e0 vous fournir des informations que vous trouvez int\u00e9ressantes.<\/p><\/li><li><p class=\"\">Tiers. Les services tiers peuvent utiliser des cookies pour vous aider \u00e0 vous connecter \u00e0 leurs services \u00e0 partir de nos services. Toute utilisation de ces cookies tiers est r\u00e9gie par la politique du tiers pla\u00e7ant le cookie.<\/p><\/li><li><p class=\"\">Annonces Nature First. Nous travaillons en partenariat avec des \u00e9diteurs tiers, des r\u00e9seaux publicitaires et des fournisseurs de services pour g\u00e9rer nos publicit\u00e9s sur d&#039;autres sites. Nos partenaires tiers peuvent installer des cookies sur votre appareil ou votre navigateur pour recueillir des informations sur vos activit\u00e9s sur les Services et les autres sites que vous visitez, afin de vous proposer des publicit\u00e9s Nature First. Par exemple, si vous visitez Nature First et utilisez \u00e9galement une plate-forme de m\u00e9dias sociaux, vous pouvez voir une publicit\u00e9 Nature First dans votre fil d&#039;actualit\u00e9 ou votre chronologie de m\u00e9dias sociaux.<\/p><\/li><li><p class=\"\">D\u00e9sactivation. Vous pouvez configurer votre navigateur pour qu&#039;il n&#039;accepte pas les cookies, mais cela peut limiter votre capacit\u00e9 \u00e0 utiliser les Services. Nous ne r\u00e9pondons actuellement pas aux signaux DNT:1 des navigateurs visitant nos Services. Vous pouvez \u00e9galement refuser de recevoir des publicit\u00e9s cibl\u00e9es par centres d&#039;int\u00e9r\u00eat de certains r\u00e9seaux publicitaires. <a href=\"https:\/\/www.networkadvertising.org\/choices\/\" target=\"_blank\" rel=\"noopener\">ici<\/a> (ou si situ\u00e9 dans l&#039;Union europ\u00e9enne, <a href=\"https:\/\/www.youronlinechoices.eu\/\" target=\"_blank\" rel=\"noopener\">ici<\/a>).<\/p><\/li><\/ul><p class=\"\">Identificateurs de p\u00e9riph\u00e9rique. Nous utilisons des identifiants d&#039;appareils sur le site Web Nature First pour suivre, analyser et am\u00e9liorer les performances des Services et de nos publicit\u00e9s.<\/p><p class=\"\">Balises tierces. Nous utilisons et g\u00e9rons des balises tierces sur le site Web Nature First. Les balises tierces peuvent prendre la forme de pixels ou d&#039;extraits de suivi. Nous utilisons des pixels pour savoir comment vous interagissez avec les pages de notre site et les e-mails, et ces informations nous aident, ainsi que nos partenaires publicitaires, \u00e0 vous offrir une exp\u00e9rience plus personnalis\u00e9e. Nous utilisons des extraits de suivi pour capturer des donn\u00e9es de votre navigateur, faire des demandes \u00e0 un partenaire tiers ou d\u00e9finir des cookies sur votre appareil pour stocker des donn\u00e9es. Nous utilisons <a href=\"https:\/\/www.google.com\/analytics\/tag-manager\/use-policy\/\" target=\"_blank\" rel=\"noopener\">Gestionnaire de balises Google<\/a> pour g\u00e9rer l&#039;utilisation de nos balises tierces. Cela peut entra\u00eener l&#039;activation d&#039;autres balises qui peuvent, de leur c\u00f4t\u00e9, collecter des donn\u00e9es et d\u00e9poser des cookies dans certaines circonstances. Google Tag Manager ne stocke pas ces donn\u00e9es.<\/p><p class=\"\">Nous pouvons mettre \u00e0 jour cette politique de cookies de temps \u00e0 autre. Lorsque nous apporterons des modifications, nous mettrons \u00e0 jour la &quot;Date d&#039;entr\u00e9e en vigueur&quot; en haut de la Politique relative aux cookies et la publierons sur nos sites. Nous vous encourageons \u00e0 v\u00e9rifier p\u00e9riodiquement cette politique en mati\u00e8re de cookies pour tout changement depuis votre derni\u00e8re visite.<\/p>\t\t\t\t\t\t\t\t<\/div>\n\t\t\t\t<\/div>\n\t\t\t\t<div class=\"elementor-element elementor-element-1a4888f5 elementor-widget-divider--view-line elementor-widget elementor-widget-divider\" data-id=\"1a4888f5\" data-element_type=\"widget\" data-e-type=\"widget\" data-widget_type=\"divider.default\">\n\t\t\t\t<div class=\"elementor-widget-container\">\n\t\t\t\t\t\t\t<div class=\"elementor-divider\">\n\t\t\t<span class=\"elementor-divider-separator\">\n\t\t\t\t\t\t<\/span>\n\t\t<\/div>\n\t\t\t\t\t\t<\/div>\n\t\t\t\t<\/div>\n\t\t\t\t\t<\/div>\n\t\t<\/div>\n\t\t\t\t\t<\/div>\n\t\t<\/section>\n\t\t\t\t<\/div>","protected":false},"excerpt":{"rendered":"<p>Cookie Policy Cookie Policy Effective Date: February 6, 2021 This Cookie Policy describes how Nature First uses cookies and similar technologies to provide, customize, evaluate, improve, promote and protect our Services. Note that any capitalized terms not defined in this Cookie Policy have the meanings set forth in our Terms of Use. If you have [&hellip;]<\/p>\n","protected":false},"author":2,"featured_media":0,"parent":0,"menu_order":0,"comment_status":"closed","ping_status":"closed","template":"","meta":{"_mo_disable_npp":"","site-sidebar-layout":"no-sidebar","site-content-layout":"page-builder","ast-site-content-layout":"default","site-content-style":"default","site-sidebar-style":"default","ast-global-header-display":"","ast-banner-title-visibility":"","ast-main-header-display":"","ast-hfb-above-header-display":"","ast-hfb-below-header-display":"","ast-hfb-mobile-header-display":"","site-post-title":"disabled","ast-breadcrumbs-content":"","ast-featured-img":"disabled","footer-sml-layout":"","ast-disable-related-posts":"","theme-transparent-header-meta":"","adv-header-id-meta":"","stick-header-meta":"","header-above-stick-meta":"","header-main-stick-meta":"","header-below-stick-meta":"","astra-migrate-meta-layouts":"default","ast-page-background-enabled":"default","ast-page-background-meta":{"desktop":{"background-color":"","background-image":"","background-repeat":"repeat","background-position":"center center","background-size":"auto","background-attachment":"scroll","background-type":"","background-media":"","overlay-type":"","overlay-color":"","overlay-opacity":"","overlay-gradient":""},"tablet":{"background-color":"","background-image":"","background-repeat":"repeat","background-position":"center center","background-size":"auto","background-attachment":"scroll","background-type":"","background-media":"","overlay-type":"","overlay-color":"","overlay-opacity":"","overlay-gradient":""},"mobile":{"background-color":"","background-image":"","background-repeat":"repeat","background-position":"center center","background-size":"auto","background-attachment":"scroll","background-type":"","background-media":"","overlay-type":"","overlay-color":"","overlay-opacity":"","overlay-gradient":""}},"ast-content-background-meta":{"desktop":{"background-color":"var(--ast-global-color-5)","background-image":"","background-repeat":"repeat","background-position":"center center","background-size":"auto","background-attachment":"scroll","background-type":"","background-media":"","overlay-type":"","overlay-color":"","overlay-opacity":"","overlay-gradient":""},"tablet":{"background-color":"var(--ast-global-color-5)","background-image":"","background-repeat":"repeat","background-position":"center center","background-size":"auto","background-attachment":"scroll","background-type":"","background-media":"","overlay-type":"","overlay-color":"","overlay-opacity":"","overlay-gradient":""},"mobile":{"background-color":"var(--ast-global-color-5)","background-image":"","background-repeat":"repeat","background-position":"center center","background-size":"auto","background-attachment":"scroll","background-type":"","background-media":"","overlay-type":"","overlay-color":"","overlay-opacity":"","overlay-gradient":""}},"footnotes":""},"class_list":["post-457","page","type-page","status-publish","hentry"],"aioseo_notices":[],"_links":{"self":[{"href":"https:\/\/naturefirst.org\/fr\/wp-json\/wp\/v2\/pages\/457","targetHints":{"allow":["GET"]}}],"collection":[{"href":"https:\/\/naturefirst.org\/fr\/wp-json\/wp\/v2\/pages"}],"about":[{"href":"https:\/\/naturefirst.org\/fr\/wp-json\/wp\/v2\/types\/page"}],"author":[{"embeddable":true,"href":"https:\/\/naturefirst.org\/fr\/wp-json\/wp\/v2\/users\/2"}],"replies":[{"embeddable":true,"href":"https:\/\/naturefirst.org\/fr\/wp-json\/wp\/v2\/comments?post=457"}],"version-history":[{"count":15,"href":"https:\/\/naturefirst.org\/fr\/wp-json\/wp\/v2\/pages\/457\/revisions"}],"predecessor-version":[{"id":5032,"href":"https:\/\/naturefirst.org\/fr\/wp-json\/wp\/v2\/pages\/457\/revisions\/5032"}],"wp:attachment":[{"href":"https:\/\/naturefirst.org\/fr\/wp-json\/wp\/v2\/media?parent=457"}],"curies":[{"name":"wp","href":"https:\/\/api.w.org\/{rel}","templated":true}]}}