{"id":492,"date":"2022-08-20T22:10:41","date_gmt":"2022-08-20T22:10:41","guid":{"rendered":"https:\/\/naturefirst.org\/?page_id=492"},"modified":"2025-02-16T07:36:04","modified_gmt":"2025-02-16T14:36:04","slug":"about","status":"publish","type":"page","link":"https:\/\/naturefirst.org\/fr\/about\/","title":{"rendered":"\u00c0 propos de"},"content":{"rendered":"<div data-elementor-type=\"wp-page\" data-elementor-id=\"492\" class=\"elementor elementor-492\" data-elementor-post-type=\"page\">\n\t\t\t\t\t\t<section class=\"elementor-section elementor-top-section elementor-element elementor-element-42bdd763 elementor-section-height-min-height elementor-section-boxed elementor-section-height-default elementor-section-items-middle\" data-id=\"42bdd763\" data-element_type=\"section\" data-e-type=\"section\" data-settings=\"{&quot;background_background&quot;:&quot;classic&quot;}\">\n\t\t\t\t\t\t\t<div class=\"elementor-background-overlay\"><\/div>\n\t\t\t\t\t\t\t<div class=\"elementor-container elementor-column-gap-no\">\n\t\t\t\t\t<div class=\"elementor-column elementor-col-100 elementor-top-column elementor-element elementor-element-5d4f1800\" data-id=\"5d4f1800\" data-element_type=\"column\" data-e-type=\"column\">\n\t\t\t<div class=\"elementor-widget-wrap elementor-element-populated\">\n\t\t\t\t\t\t<div class=\"elementor-element elementor-element-57e27165 elementor-widget elementor-widget-image-box\" data-id=\"57e27165\" data-element_type=\"widget\" data-e-type=\"widget\" data-widget_type=\"image-box.default\">\n\t\t\t\t<div class=\"elementor-widget-container\">\n\t\t\t\t\t<div class=\"elementor-image-box-wrapper\"><div class=\"elementor-image-box-content\"><h1 class=\"elementor-image-box-title\">\u00c0 propos de nous<\/h1><\/div><\/div>\t\t\t\t<\/div>\n\t\t\t\t<\/div>\n\t\t\t\t<div class=\"elementor-element elementor-element-159638cc elementor-widget elementor-widget-text-editor\" data-id=\"159638cc\" data-element_type=\"widget\" data-e-type=\"widget\" data-widget_type=\"text-editor.default\">\n\t\t\t\t<div class=\"elementor-widget-container\">\n\t\t\t\t\t\t\t\t\t<p>L&#039;Alliance pour une photographie de nature responsable<\/p>\t\t\t\t\t\t\t\t<\/div>\n\t\t\t\t<\/div>\n\t\t\t\t\t<\/div>\n\t\t<\/div>\n\t\t\t\t\t<\/div>\n\t\t<\/section>\n\t\t\t\t<section class=\"elementor-section elementor-top-section elementor-element elementor-element-31128d72 elementor-section-boxed elementor-section-height-default elementor-section-height-default\" data-id=\"31128d72\" data-element_type=\"section\" data-e-type=\"section\">\n\t\t\t\t\t\t<div class=\"elementor-container elementor-column-gap-default\">\n\t\t\t\t\t<div class=\"elementor-column elementor-col-100 elementor-top-column elementor-element elementor-element-52b38ded\" data-id=\"52b38ded\" data-element_type=\"column\" data-e-type=\"column\">\n\t\t\t<div class=\"elementor-widget-wrap elementor-element-populated\">\n\t\t\t\t\t\t<div class=\"elementor-element elementor-element-255d4f75 elementor-widget elementor-widget-heading\" data-id=\"255d4f75\" data-element_type=\"widget\" data-e-type=\"widget\" data-widget_type=\"heading.default\">\n\t\t\t\t<div class=\"elementor-widget-container\">\n\t\t\t\t\t<h2 class=\"elementor-heading-title elementor-size-default\">Nature First promeut la protection et la pr\u00e9servation des lieux naturels et sauvages du monde en inspirant, \u00e9duquant et unissant tous ceux qui r\u00e9alisent des photographies et des vid\u00e9os dans la nature\u00a0; leur permettant d&#039;\u00eatre des ambassadeurs du monde naturel.<\/h2>\t\t\t\t<\/div>\n\t\t\t\t<\/div>\n\t\t\t\t<div class=\"elementor-element elementor-element-70f0813f elementor-widget-divider--view-line elementor-widget elementor-widget-divider\" data-id=\"70f0813f\" data-element_type=\"widget\" data-e-type=\"widget\" data-widget_type=\"divider.default\">\n\t\t\t\t<div class=\"elementor-widget-container\">\n\t\t\t\t\t\t\t<div class=\"elementor-divider\">\n\t\t\t<span class=\"elementor-divider-separator\">\n\t\t\t\t\t\t<\/span>\n\t\t<\/div>\n\t\t\t\t\t\t<\/div>\n\t\t\t\t<\/div>\n\t\t\t\t\t<\/div>\n\t\t<\/div>\n\t\t\t\t\t<\/div>\n\t\t<\/section>\n\t\t\t\t<section class=\"elementor-section elementor-top-section elementor-element elementor-element-401486a elementor-section-boxed elementor-section-height-default elementor-section-height-default\" data-id=\"401486a\" data-element_type=\"section\" data-e-type=\"section\">\n\t\t\t\t\t\t<div class=\"elementor-container elementor-column-gap-default\">\n\t\t\t\t\t<div class=\"elementor-column elementor-col-50 elementor-top-column elementor-element elementor-element-7055caf\" data-id=\"7055caf\" data-element_type=\"column\" data-e-type=\"column\">\n\t\t\t<div class=\"elementor-widget-wrap elementor-element-populated\">\n\t\t\t\t\t\t<div class=\"elementor-element elementor-element-6e3f900 elementor-widget elementor-widget-text-editor\" data-id=\"6e3f900\" data-element_type=\"widget\" data-e-type=\"widget\" data-widget_type=\"text-editor.default\">\n\t\t\t\t<div class=\"elementor-widget-container\">\n\t\t\t\t\t\t\t\t\t<p><span style=\"font-style: inherit; font-weight: inherit;\">Nature First a \u00e9t\u00e9 lanc\u00e9 en 2019 par un groupe de photographes de nature passionn\u00e9s qui s&#039;inqui\u00e9taient de l&#039;impact de la photographie de nature sur le monde naturel. La r\u00e9union inaugurale a eu lieu \u00e0 Ridgway, Colorado, au pied des spectaculaires montagnes de San Juan. Cette premi\u00e8re petite r\u00e9union en a entra\u00een\u00e9 d&#039;autres et finalement \u00e0 la mise en place des Principes Nature First et, plus tard, de l&#039;organisation Nature First.<\/span><\/p><p>Moins de trois ans plus tard, Nature First est une organisation internationale en croissance rapide avec plus de 5000 membres dans 72 pays. Nos membres repr\u00e9sentent un corps diversifi\u00e9 et international d&#039;amateurs occasionnels, de professionnels en herbe et de certains des photographes et vid\u00e9astes de la nature et de la faune les plus accomplis au monde.<\/p><p>Tout le monde est le bienvenu. La seule condition pr\u00e9alable pour rejoindre cette alliance est une passion pour la nature et un engagement envers les principes de Nature First pour la g\u00e9rance de l&#039;environnement et la photographie responsable de la nature. Nous aimerions vous avoir <a href=\"https:\/\/naturefirst.org\/fr\/join\/\">Rejoignez-nous!<\/a><\/p><p style=\"font-size: 18px; font-style: normal; font-weight: 300;\">Photographiez bien, traitez la nature avec gentillesse et profitez de la r\u00e9compense\u00a0!<\/p>\t\t\t\t\t\t\t\t<\/div>\n\t\t\t\t<\/div>\n\t\t\t\t\t<\/div>\n\t\t<\/div>\n\t\t\t\t<div class=\"elementor-column elementor-col-50 elementor-top-column elementor-element elementor-element-2486242\" data-id=\"2486242\" data-element_type=\"column\" data-e-type=\"column\">\n\t\t\t<div class=\"elementor-widget-wrap elementor-element-populated\">\n\t\t\t\t\t\t<div class=\"elementor-element elementor-element-695b4b4 elementor-widget elementor-widget-image\" data-id=\"695b4b4\" data-element_type=\"widget\" data-e-type=\"widget\" data-widget_type=\"image.default\">\n\t\t\t\t<div class=\"elementor-widget-container\">\n\t\t\t\t\t\t\t\t\t\t\t\t\t\t\t<img fetchpriority=\"high\" decoding=\"async\" width=\"1024\" height=\"819\" src=\"https:\/\/naturefirst.org\/wp-content\/uploads\/NatureFirstFounders-1024x819.jpg\" class=\"attachment-large size-large wp-image-495\" alt=\"\" srcset=\"https:\/\/naturefirst.org\/wp-content\/uploads\/NatureFirstFounders-1024x819.jpg 1024w, https:\/\/naturefirst.org\/wp-content\/uploads\/NatureFirstFounders-500x400.jpg 500w, https:\/\/naturefirst.org\/wp-content\/uploads\/NatureFirstFounders-768x614.jpg 768w, https:\/\/naturefirst.org\/wp-content\/uploads\/NatureFirstFounders-1536x1229.jpg 1536w, https:\/\/naturefirst.org\/wp-content\/uploads\/NatureFirstFounders-15x12.jpg 15w, https:\/\/naturefirst.org\/wp-content\/uploads\/NatureFirstFounders.jpg 1600w\" sizes=\"(max-width: 1024px) 100vw, 1024px\" \/>\t\t\t\t\t\t\t\t\t\t\t\t\t\t\t<\/div>\n\t\t\t\t<\/div>\n\t\t\t\t<div class=\"elementor-element elementor-element-ee91252 elementor-widget elementor-widget-text-editor\" data-id=\"ee91252\" data-element_type=\"widget\" data-e-type=\"widget\" data-widget_type=\"text-editor.default\">\n\t\t\t\t<div class=\"elementor-widget-container\">\n\t\t\t\t\t\t\t\t\t<p>Les fondateurs de Nature First ensemble en 2019<\/p><p><strong>Dernier rang:<\/strong> Matt Payne, Erik Stensland, Ron Coscorrosa, David Kingham, Michael Anderson et Tony Litschewski<\/p><p><strong>Premier rang:<\/strong> Jack Brauer, Scott Bacon, Sarah Marino et Jennifer Renwick<\/p>\t\t\t\t\t\t\t\t<\/div>\n\t\t\t\t<\/div>\n\t\t\t\t\t<\/div>\n\t\t<\/div>\n\t\t\t\t\t<\/div>\n\t\t<\/section>\n\t\t\t\t<section class=\"elementor-section elementor-top-section elementor-element elementor-element-354fa98 elementor-section-boxed elementor-section-height-default elementor-section-height-default\" data-id=\"354fa98\" data-element_type=\"section\" data-e-type=\"section\">\n\t\t\t\t\t\t<div class=\"elementor-container elementor-column-gap-default\">\n\t\t\t\t\t<div class=\"elementor-column elementor-col-100 elementor-top-column elementor-element elementor-element-d48eb61\" data-id=\"d48eb61\" data-element_type=\"column\" data-e-type=\"column\">\n\t\t\t<div class=\"elementor-widget-wrap elementor-element-populated\">\n\t\t\t\t\t\t<div class=\"elementor-element elementor-element-2840baf elementor-widget elementor-widget-text-editor\" data-id=\"2840baf\" data-element_type=\"widget\" data-e-type=\"widget\" data-widget_type=\"text-editor.default\">\n\t\t\t\t<div class=\"elementor-widget-container\">\n\t\t\t\t\t\t\t\t\t<p class=\"\" style=\"text-align: center;\"><strong style=\"font-style: inherit;\">Nature First est reconnu comme organisme de bienfaisance public en vertu de la section 501(c)(3) du US Internal Revenue Service Code.<\/strong><\/p>\t\t\t\t\t\t\t\t<\/div>\n\t\t\t\t<\/div>\n\t\t\t\t<div class=\"elementor-element elementor-element-dae4cd1 elementor-widget elementor-widget-text-editor\" data-id=\"dae4cd1\" data-element_type=\"widget\" data-e-type=\"widget\" data-widget_type=\"text-editor.default\">\n\t\t\t\t<div class=\"elementor-widget-container\">\n\t\t\t\t\t\t\t\t\t<h5>PLUS D&#039;INFORMATION<\/h5><ul><li><a href=\"https:\/\/naturefirst.org\/fr\/faq\/\">Foire aux questions (FAQ)<\/a><\/li><li><a href=\"https:\/\/naturefirst.org\/fr\/staff\/\">Conseil d&#039;administration<\/a><\/li><li><a href=\"https:\/\/naturefirst.org\/fr\/corporate-documents\/\">Documents corporatifs<\/a><\/li><li><a href=\"https:\/\/naturefirst.org\/fr\/contact\/\">Nous contacter<\/a><\/li><\/ul>\t\t\t\t\t\t\t\t<\/div>\n\t\t\t\t<\/div>\n\t\t\t\t<div class=\"elementor-element elementor-element-40b0a3a elementor-widget-divider--view-line elementor-widget elementor-widget-divider\" data-id=\"40b0a3a\" data-element_type=\"widget\" data-e-type=\"widget\" data-widget_type=\"divider.default\">\n\t\t\t\t<div class=\"elementor-widget-container\">\n\t\t\t\t\t\t\t<div class=\"elementor-divider\">\n\t\t\t<span class=\"elementor-divider-separator\">\n\t\t\t\t\t\t<\/span>\n\t\t<\/div>\n\t\t\t\t\t\t<\/div>\n\t\t\t\t<\/div>\n\t\t\t\t\t<\/div>\n\t\t<\/div>\n\t\t\t\t\t<\/div>\n\t\t<\/section>\n\t\t\t\t<\/div>","protected":false},"excerpt":{"rendered":"<p>About Us The Alliance for Responsible Nature Photography Nature First promotes the protection and preservation of the world&#8217;s natural and wild places through inspiring, educating, and uniting everyone making photographs and videos in nature; empowering them to be ambassadors of the natural world. Nature First was launched in 2019 by a group of passionate nature [&hellip;]<\/p>\n","protected":false},"author":2,"featured_media":0,"parent":0,"menu_order":0,"comment_status":"closed","ping_status":"closed","template":"","meta":{"_mo_disable_npp":"","site-sidebar-layout":"no-sidebar","site-content-layout":"page-builder","ast-site-content-layout":"default","site-content-style":"default","site-sidebar-style":"default","ast-global-header-display":"","ast-banner-title-visibility":"","ast-main-header-display":"","ast-hfb-above-header-display":"","ast-hfb-below-header-display":"","ast-hfb-mobile-header-display":"","site-post-title":"disabled","ast-breadcrumbs-content":"","ast-featured-img":"disabled","footer-sml-layout":"","ast-disable-related-posts":"","theme-transparent-header-meta":"","adv-header-id-meta":"","stick-header-meta":"","header-above-stick-meta":"","header-main-stick-meta":"","header-below-stick-meta":"","astra-migrate-meta-layouts":"default","ast-page-background-enabled":"default","ast-page-background-meta":{"desktop":{"background-color":"","background-image":"","background-repeat":"repeat","background-position":"center center","background-size":"auto","background-attachment":"scroll","background-type":"","background-media":"","overlay-type":"","overlay-color":"","overlay-opacity":"","overlay-gradient":""},"tablet":{"background-color":"","background-image":"","background-repeat":"repeat","background-position":"center center","background-size":"auto","background-attachment":"scroll","background-type":"","background-media":"","overlay-type":"","overlay-color":"","overlay-opacity":"","overlay-gradient":""},"mobile":{"background-color":"","background-image":"","background-repeat":"repeat","background-position":"center center","background-size":"auto","background-attachment":"scroll","background-type":"","background-media":"","overlay-type":"","overlay-color":"","overlay-opacity":"","overlay-gradient":""}},"ast-content-background-meta":{"desktop":{"background-color":"var(--ast-global-color-5)","background-image":"","background-repeat":"repeat","background-position":"center center","background-size":"auto","background-attachment":"scroll","background-type":"","background-media":"","overlay-type":"","overlay-color":"","overlay-opacity":"","overlay-gradient":""},"tablet":{"background-color":"var(--ast-global-color-5)","background-image":"","background-repeat":"repeat","background-position":"center center","background-size":"auto","background-attachment":"scroll","background-type":"","background-media":"","overlay-type":"","overlay-color":"","overlay-opacity":"","overlay-gradient":""},"mobile":{"background-color":"var(--ast-global-color-5)","background-image":"","background-repeat":"repeat","background-position":"center center","background-size":"auto","background-attachment":"scroll","background-type":"","background-media":"","overlay-type":"","overlay-color":"","overlay-opacity":"","overlay-gradient":""}},"footnotes":""},"class_list":["post-492","page","type-page","status-publish","hentry"],"aioseo_notices":[],"_links":{"self":[{"href":"https:\/\/naturefirst.org\/fr\/wp-json\/wp\/v2\/pages\/492","targetHints":{"allow":["GET"]}}],"collection":[{"href":"https:\/\/naturefirst.org\/fr\/wp-json\/wp\/v2\/pages"}],"about":[{"href":"https:\/\/naturefirst.org\/fr\/wp-json\/wp\/v2\/types\/page"}],"author":[{"embeddable":true,"href":"https:\/\/naturefirst.org\/fr\/wp-json\/wp\/v2\/users\/2"}],"replies":[{"embeddable":true,"href":"https:\/\/naturefirst.org\/fr\/wp-json\/wp\/v2\/comments?post=492"}],"version-history":[{"count":28,"href":"https:\/\/naturefirst.org\/fr\/wp-json\/wp\/v2\/pages\/492\/revisions"}],"predecessor-version":[{"id":5249,"href":"https:\/\/naturefirst.org\/fr\/wp-json\/wp\/v2\/pages\/492\/revisions\/5249"}],"wp:attachment":[{"href":"https:\/\/naturefirst.org\/fr\/wp-json\/wp\/v2\/media?parent=492"}],"curies":[{"name":"wp","href":"https:\/\/api.w.org\/{rel}","templated":true}]}}