{"id":516,"date":"2022-08-20T22:34:30","date_gmt":"2022-08-20T22:34:30","guid":{"rendered":"https:\/\/naturefirst.org\/?page_id=516"},"modified":"2023-01-24T16:00:42","modified_gmt":"2023-01-24T23:00:42","slug":"faq","status":"publish","type":"page","link":"https:\/\/naturefirst.org\/fr\/faq\/","title":{"rendered":"FAQ"},"content":{"rendered":"<div data-elementor-type=\"wp-page\" data-elementor-id=\"516\" class=\"elementor elementor-516\" data-elementor-post-type=\"page\">\n\t\t\t\t\t\t<section class=\"elementor-section elementor-top-section elementor-element elementor-element-5bc2668d elementor-section-height-min-height elementor-section-boxed elementor-section-height-default elementor-section-items-middle\" data-id=\"5bc2668d\" data-element_type=\"section\" data-e-type=\"section\" data-settings=\"{&quot;background_background&quot;:&quot;classic&quot;}\">\n\t\t\t\t\t\t\t<div class=\"elementor-background-overlay\"><\/div>\n\t\t\t\t\t\t\t<div class=\"elementor-container elementor-column-gap-no\">\n\t\t\t\t\t<div class=\"elementor-column elementor-col-100 elementor-top-column elementor-element elementor-element-3abce992\" data-id=\"3abce992\" data-element_type=\"column\" data-e-type=\"column\">\n\t\t\t<div class=\"elementor-widget-wrap elementor-element-populated\">\n\t\t\t\t\t\t<div class=\"elementor-element elementor-element-bdcb5a1 elementor-widget elementor-widget-image-box\" data-id=\"bdcb5a1\" data-element_type=\"widget\" data-e-type=\"widget\" data-widget_type=\"image-box.default\">\n\t\t\t\t<div class=\"elementor-widget-container\">\n\t\t\t\t\t<div class=\"elementor-image-box-wrapper\"><div class=\"elementor-image-box-content\"><h1 class=\"elementor-image-box-title\">Questions fr\u00e9quemment pos\u00e9es<\/h1><\/div><\/div>\t\t\t\t<\/div>\n\t\t\t\t<\/div>\n\t\t\t\t\t<\/div>\n\t\t<\/div>\n\t\t\t\t\t<\/div>\n\t\t<\/section>\n\t\t\t\t<section class=\"elementor-section elementor-top-section elementor-element elementor-element-260ff3fe elementor-section-boxed elementor-section-height-default elementor-section-height-default\" data-id=\"260ff3fe\" data-element_type=\"section\" data-e-type=\"section\">\n\t\t\t\t\t\t<div class=\"elementor-container elementor-column-gap-default\">\n\t\t\t\t\t<div class=\"elementor-column elementor-col-100 elementor-top-column elementor-element elementor-element-77396626\" data-id=\"77396626\" data-element_type=\"column\" data-e-type=\"column\">\n\t\t\t<div class=\"elementor-widget-wrap elementor-element-populated\">\n\t\t\t\t\t\t<div class=\"elementor-element elementor-element-22c497f5 elementor-widget elementor-widget-heading\" data-id=\"22c497f5\" data-element_type=\"widget\" data-e-type=\"widget\" data-widget_type=\"heading.default\">\n\t\t\t\t<div class=\"elementor-widget-container\">\n\t\t\t\t\t<h2 class=\"elementor-heading-title elementor-size-default\">Vous avez des questions... Nous sommes l\u00e0 pour vous aider.<\/h2>\t\t\t\t<\/div>\n\t\t\t\t<\/div>\n\t\t\t\t<div class=\"elementor-element elementor-element-0b7f17b elementor-widget elementor-widget-text-editor\" data-id=\"0b7f17b\" data-element_type=\"widget\" data-e-type=\"widget\" data-widget_type=\"text-editor.default\">\n\t\t\t\t<div class=\"elementor-widget-container\">\n\t\t\t\t\t\t\t\t\t<p><a title=\"Des principes\" href=\"https:\/\/naturefirst.org\/fr\/principles\/\">En savoir plus sur les principes Nature First<\/a><\/p>\t\t\t\t\t\t\t\t<\/div>\n\t\t\t\t<\/div>\n\t\t\t\t<div class=\"elementor-element elementor-element-1cb511b elementor-widget-divider--view-line elementor-widget elementor-widget-divider\" data-id=\"1cb511b\" data-element_type=\"widget\" data-e-type=\"widget\" data-widget_type=\"divider.default\">\n\t\t\t\t<div class=\"elementor-widget-container\">\n\t\t\t\t\t\t\t<div class=\"elementor-divider\">\n\t\t\t<span class=\"elementor-divider-separator\">\n\t\t\t\t\t\t<\/span>\n\t\t<\/div>\n\t\t\t\t\t\t<\/div>\n\t\t\t\t<\/div>\n\t\t\t\t<div class=\"elementor-element elementor-element-a227aa6 elementor-widget elementor-widget-text-editor\" data-id=\"a227aa6\" data-element_type=\"widget\" data-e-type=\"widget\" data-widget_type=\"text-editor.default\">\n\t\t\t\t<div class=\"elementor-widget-container\">\n\t\t\t\t\t\t\t\t\t<h2>Questions fr\u00e9quemment pos\u00e9es<\/h2><ol><li><h4>Quel est le pi\u00e8ge?<\/h4><ul data-rte-list=\"default\"><li><p>Pas de pi\u00e8ge. P\u00e9riode. Il n&#039;y a pas de frais, pas de spam, pas de publicit\u00e9, pas de r\u00e9unions et pas d&#039;obligation de \u00ab\u00a0vendre\u00a0\u00bb ou de promouvoir aupr\u00e8s d&#039;autres. C&#039;est l&#039;occasion de d\u00e9clarer votre engagement \u00e0 prendre soin de nos espaces sauvages en pratiquant les principes Nature First, et sachez que vous faites partie du mouvement.<\/p><\/li><\/ul><\/li><li><h4>Qui peut \u00eatre membre ?<\/h4><ul data-rte-list=\"default\"><li><p>Cette alliance s&#039;adresse \u00e0 tous ceux qui font de la photographie dans le monde naturel, qu&#039;ils soient photographes professionnels de la nature, photographes animaliers, animateurs d&#039;ateliers, photographes Instagram, photographes de portrait ou de mariage qui photographient \u00e0 l&#039;ext\u00e9rieur, ou toute personne qui photographie dans le monde naturel pour un passe-temps. Si vous photographiez dans le monde naturel, vous \u00eates admissible.<\/p><\/li><li><p>Les entreprises, entreprises, organisations ou autres entit\u00e9s qui souhaitent s&#039;engager dans une approche plus respectueuse de la nature pour les photos que vous utilisez peuvent \u00e9galement nous rejoindre en tant que membres. Nous aimerions voir de nombreuses organisations se joindre \u00e0 cette initiative et nous aider \u00e0 pr\u00e9server notre monde naturel gr\u00e2ce \u00e0 une photographie responsable de la nature.<\/p><\/li><\/ul><\/li><li><h4>Qu&#039;est-ce qui est requis pour rejoindre?<\/h4><ul data-rte-list=\"default\"><li><p>Rien de plus que votre engagement envers la <a title=\"Des principes\" href=\"https:\/\/naturefirst.org\/fr\/principles\/\">Principes Nature First<\/a>. Nous sommes inclusifs. Nous comprenons que tout le monde ne veut pas \u00eatre un ardent d\u00e9fenseur, publier sur les r\u00e9seaux sociaux et prendre la parole lors d&#039;\u00e9v\u00e9nements publics. Nature First appr\u00e9cie pleinement nos coll\u00e8gues discrets qui <em>d\u00e9montrer <\/em>leur engagement envers les principes \u00e0 travers leurs simples actions quotidiennes. Si c&#039;est vous, vous \u00eates partant\u00a0! Bien s\u00fbr, si vous \u00eates du genre \u00e0 vouloir le partager avec vos amis et abonn\u00e9s pour passer le mot. Nous aimons \u00e7a aussi! <strong>#la nature d&#039;abord<\/strong><\/p><\/li><\/ul><\/li><li><h4>Quelle est la diff\u00e9rence entre Nature First et Leave No Trace ?<\/h4><ul data-rte-list=\"default\"><li><p><a href=\"https:\/\/lnt.org\/\" target=\"_blank\" rel=\"noopener\">Ne laisse aucune trace<\/a> est une organisation fantastique qui d\u00e9fend depuis des d\u00e9cennies l&#039;importance des loisirs \u00e0 faible impact dans la nature. <strong>Nous avons un objectif similaire\u2026 mais pour les photographes de nature, de tous niveaux. <\/strong>Avec l&#039;essor d&#039;Internet et des m\u00e9dias sociaux, de plus en plus de personnes visitent la nature et prennent des photos. Avec un minimum de connaissances et d&#039;attention, nous pouvons tous r\u00e9duire consid\u00e9rablement notre impact. Vous pouvez en savoir plus sur ce sujet sur <a title=\"Pourquoi Nature First ?\" href=\"https:\/\/staging.naturefirst.org\/?page_id=445\">Pourquoi Nature First ?<\/a><\/p><\/li><\/ul><\/li><li><h4>Nature First est-il une organisation am\u00e9ricaine\u00a0?<\/h4><ul data-rte-list=\"default\"><li><p>Alors que ce mouvement commence aux \u00c9tats-Unis et que Nature First est officiellement enregistr\u00e9 dans l&#039;\u00c9tat am\u00e9ricain du Colorado, nous ne voulons pas nous concentrer uniquement sur les \u00c9tats-Unis. Les probl\u00e8mes que nous abordons sont communs \u00e0 la plupart des pays et des \u00e9cosyst\u00e8mes du monde. Des photographes et des entreprises du monde entier se joignent au mouvement.<\/p><\/li><\/ul><\/li><li><h4>Comment puis-je aider? Je n&#039;ai pas 50 000 abonn\u00e9s.<span style=\"color: var(--ast-global-color-2);\">\u00a0<\/span><\/h4><ul data-rte-list=\"default\"><li><p><strong>La plupart d&#039;entre nous ne le font pas\u00a0!<\/strong> Mais chaque petit geste compte. Chaque individu vivant du <a title=\"Des principes\" href=\"https:\/\/naturefirst.org\/fr\/principles\/\">Principes Nature First<\/a> donne l&#039;exemple \u00e0 ceux qui les entourent et \u00e0 ceux qui viendront apr\u00e8s eux. Et si vous partagez votre passion pour le mouvement Nature First sur vos comptes de r\u00e9seaux sociaux, m\u00eame si c&#039;est uniquement avec votre famille et vos amis, ils sauront que vous vous en souciez. Et peut-\u00eatre, esp\u00e9rons-le, apprendront-ils de vous ce que signifie \u00eatre responsable lorsque vous visitez et profitez de la nature. Chacun de nous tendant la main et influen\u00e7ant le comportement de quelques-uns seulement peut faire la diff\u00e9rence, car ils le diront \u00e0 2 amis, et ainsi de suite. <strong>#la nature d&#039;abord<\/strong><\/p><\/li><\/ul><\/li><li><h4>Quel est le mal \u00e0 partager des emplacements\u00a0?<\/h4><ul data-rte-list=\"default\"><li><p>Le partage d&#039;informations de localisation peut avoir des cons\u00e9quences importantes pour cet emplacement. D\u00e8s qu&#039;un lieu est d\u00e9termin\u00e9 comme photog\u00e9nique, il devient un p\u00f4le d&#039;attraction pour les photographes et le grand public. Cela est particuli\u00e8rement vrai si des conditions exceptionnelles, saisonni\u00e8res ou climatiques augmentent le tirage. Donc, si vous partagez des emplacements, vous devez \u00eatre conscient que vous contribuerez tr\u00e8s probablement \u00e0 l&#039;impact accru sur cette zone naturelle.<\/p><\/li><li><p>Nous comprenons que les emplacements ne peuvent pas \u00eatre gard\u00e9s &quot;secrets&quot;. Toute personne disposant d&#039;Internet et de d\u00e9termination peut g\u00e9n\u00e9ralement trouver un emplacement. Mais il y a une \u00e9norme diff\u00e9rence entre le nombre de personnes qui sont pr\u00eates \u00e0 passer du temps \u00e0 rechercher (et, esp\u00e9rons-le, \u00e0 se renseigner sur un emplacement) et celles qui se rendent simplement \u00e0 un emplacement exact fourni dans un message avec une image.<\/p><\/li><li><p>Nous attendons de chaque individu qu&#039;il utilise son meilleur jugement sur la sensibilit\u00e9 d&#039;emplacements particuliers et sur la quantit\u00e9 de d\u00e9tails sur l&#039;emplacement qu&#039;il doit partager.<\/p><\/li><\/ul><\/li><li><h4>Que puis-je faire lorsque je vois un mauvais comportement, de premi\u00e8re main ou que j&#039;en entends parler sur Internet\u00a0?<\/h4><ul data-rte-list=\"default\"><li><p>Si le comportement est clairement en violation de la loi ou des r\u00e8gles et r\u00e8glements, nous vous encourageons \u00e0 documenter l&#039;incident (vous avez une cam\u00e9ra avec vous, n&#039;est-ce pas\u00a0?) et \u00e0 le signaler aux autorit\u00e9s. Laissez les professionnels g\u00e9rer l&#039;application. Au-del\u00e0 de cela, votre r\u00e9ponse d\u00e9pend beaucoup de vous. Mais nous avons quelques recommandations\u2026<\/p><\/li><li><p>Assurez-vous d&#039;avoir les faits, pas seulement des ou\u00ef-dire ou des querelles sur Internet. Des accusations fausses ou embellies peuvent faire plus de mal que de bien.<\/p><\/li><li><p>Si vous vous sentez en s\u00e9curit\u00e9 pour affronter la ou les personnes sur le moment, ou par la suite par e-mail ou par messagerie, contactez-les en priv\u00e9, en personne. Nous recommandons une approche p\u00e9dagogique utile tirant parti des <a title=\"Des principes\" href=\"https:\/\/naturefirst.org\/fr\/principles\/\">Principes Nature First<\/a>, au lieu d&#039;avoir l&#039;air autoritaire ou contraignant. En d&#039;autres termes, accordez aux gens le b\u00e9n\u00e9fice du doute et supposez qu&#039;ils ne sont tout simplement pas conscients de l&#039;impact de leur comportement irresponsable. Les gens sont beaucoup plus susceptibles de r\u00e9pondre positivement aux critiques priv\u00e9es (m\u00eame si vous ne voyez ou ne r\u00e9alisez jamais le changement dans leur comportement). Interpeller publiquement un individu sur les r\u00e9seaux sociaux entra\u00eenera probablement un d\u00e9ni, une d\u00e9viation, une r\u00e9futation et\/ou des repr\u00e9sailles. Nous l&#039;avons tous vu. Et cela ne conduit g\u00e9n\u00e9ralement pas \u00e0 un r\u00e9sultat positif.<\/p><\/li><li><p>Tirez parti de la communaut\u00e9 de la photographie de la nature\u00a0! Vous pouvez faire la diff\u00e9rence en discutant des mauvais comportements \u00e0 l&#039;aide d&#039;un dialogue et d&#039;une conversation constructifs.<\/p><\/li><\/ul><\/li><li><h4>Que fera Nature First lorsqu&#039;il apprendra un comportement irresponsable\u00a0?\u00a0<\/h4><\/li><\/ol><ul><li style=\"list-style-type: none;\"><ul><li>R\u00e9pondre au mauvais comportement signal\u00e9 d&#039;un individu, ou d&#039;un membre de Nature First, est\u00a0<strong>ne pas<\/strong>\u00a0si simple\u2026 L&#039;objectif principal de Nature First est d&#039;\u00eatre un d\u00e9fenseur de la\u00a0<a title=\"Des principes\" href=\"https:\/\/naturefirst.org\/fr\/principles\/\">Principes Nature First<\/a>, \u00e9duquer et promouvoir une photographie de nature responsable. Nous faisons\u00a0<strong>ne pas<\/strong>\u00a0ont des accords formels avec chaque membre individuel - plut\u00f4t, les individus s&#039;engagent \u00e0\u00a0<a title=\"Des principes\" href=\"https:\/\/naturefirst.org\/fr\/principles\/\">Principes Nature First<\/a> lorsqu&#039;ils s&#039;inscrivent. Nous esp\u00e9rons que chacun fera de son mieux pour honorer cet engagement. Mais chaque individu est diff\u00e9rent. Ils sont \u00e0 diff\u00e9rents stades de leur parcours, apprenant \u00e0 \u00eatre un photographe de la nature responsable. Chaque individu peut interpr\u00e9ter diverses situations de diff\u00e9rentes mani\u00e8res. Et m\u00eame les meilleurs d&#039;entre nous peuvent \u00eatre n\u00e9gligents dans l&#039;excitation du moment, ou tout simplement ne pas conna\u00eetre la sensibilit\u00e9 de la zone. La\u00a0<a title=\"Des principes\" href=\"https:\/\/naturefirst.org\/fr\/principles\/\">Principes Nature First<\/a> devraient nous servir de rappels.<\/li><\/ul><\/li><\/ul><ul><li style=\"list-style-type: none;\"><ul><li>Nature First estime que ces incidents de mauvais comportement sont une opportunit\u00e9 d&#039;\u00e9duquer et d&#039;aider les individus \u00e0 en savoir plus sur la photographie responsable de la nature, et non de les interpeller ou de leur faire honte. Ostraciser des individus et les retirer de la liste des membres Nature First ne servirait qu&#039;\u00e0 les exclure - peut-\u00eatre pour toujours. Nous pr\u00e9f\u00e9rerions qu&#039;ils apprennent de leurs erreurs et agissent avec ces connaissances la prochaine fois qu&#039;ils seront sur le terrain.<\/li><\/ul><\/li><\/ul><ul><li style=\"list-style-type: none;\"><ul><li>Nature First ne contr\u00f4lera pas et ne peut contr\u00f4ler les actions irresponsables d&#039;individus. Ce n&#039;est pas notre but. Les <a title=\"Des principes\" href=\"https:\/\/naturefirst.org\/fr\/principles\/\">Principes Nature First<\/a>\u00a0sont des lignes directrices \u00e9videntes destin\u00e9es \u00e0 s&#039;appliquer \u00e0 toutes les situations et permettent \u00e0 chacun d&#039;interpr\u00e9ter un comportement responsable dans l&#039;instant. Ils sont intentionnellement <strong>ne pas<\/strong> \u00e9crites sous forme de r\u00e8gles sp\u00e9cifiques. Mais nous ne pouvons pas agir en tant qu&#039;application. Nous n&#039;avons tout simplement pas les ressources n\u00e9cessaires pour enqu\u00eater et corroborer les rapports d&#039;infractions. Et nous ne pensons pas \u00eatre qualifi\u00e9s pour porter un jugement \u2013 comment pourrions-nous garantir l&#039;\u00e9quit\u00e9 et l&#039;impartialit\u00e9 dans chaque situation ?<\/li><\/ul><\/li><\/ul><ul><li style=\"list-style-type: none;\"><ul><li>Travaillons ensemble pour faire passer le mot et inclure plus de personnes dans le mouvement Nature First, au lieu de juger, d&#039;ostraciser et d&#039;exclure.\u00a0<\/li><\/ul><\/li><\/ul><ol><li><h4>Comment Nature First s&#039;attaque-t-il au changement climatique\u00a0?<\/h4><ul data-rte-list=\"default\"><li><p>Les principes Nature First eux-m\u00eames sont des lignes directrices et n&#039;incluent pas d&#039;exemples sp\u00e9cifiques des impacts que nous avons sur la nature. C&#039;est pourquoi ils ne mentionnent pas explicitement le changement climatique (ou marcher sur des fleurs). Mais on peut facilement appliquer les Principes Nature First \u00e0 l&#039;exemple du changement climatique. Le tout premier principe est, <em>\u00ab Privil\u00e9giez le bien-\u00eatre de la nature \u00e0 la photographie.<\/em> Il faut certainement penser \u00e0 l&#039;impact de l&#039;empreinte carbone qu&#039;ils ont tout en poursuivant la photographie. \u00c0 une extr\u00e9mit\u00e9 du spectre, vous pourriez faire valoir que presque tout ce que vous faites avec votre photographie a un impact sur le changement climatique. Mais cela est vrai pour \u00e0 peu pr\u00e8s toutes les activit\u00e9s de la vie quotidienne. Alors, comment pouvons-nous, en tant que photographes de la nature, MINIMISER cet impact\u00a0? L&#039;utilisation de nos photographies pour aider \u00e0 \u00e9duquer et \u00e0 pr\u00e9server le monde naturel aide-t-elle \u00e0 \u00e9quilibrer l&#039;impact de l&#039;empreinte carbone cr\u00e9\u00e9e par les d\u00e9placements sur place\u00a0? Chaque photographe\/vid\u00e9aste responsable de la nature a la possibilit\u00e9 de s&#039;engager avec de nombreuses personnes (un effet multiplicateur) pour avoir un impact positif de grande envergure en tant qu&#039;ambassadeur de la nature.<\/p><\/li><li><p>R\u00e9fl\u00e9chissez \u00e0 vos activit\u00e9s courantes (conduite, avion, consommation g\u00e9n\u00e9rale et mode de vie) et utilisez des outils en ligne, tels que <a href=\"https:\/\/www.epa.gov\/energy\/greenhouse-gas-equivalencies-calculator\">\u00e9quivalences gaz \u00e0 effet de serre<\/a> et le <a href=\"https:\/\/www.gov.uk\/guidance\/carbon-calculator\">calculateur de carbone<\/a>, pour en savoir plus sur votre empreinte carbone personnelle.<\/p><\/li><li><p>Identifiez les moyens de r\u00e9duire votre empreinte carbone personnelle.<\/p><\/li><\/ul><\/li><li><h4><strong>Quelle est la position de Nature First sur l&#039;utilisation des NFT dans la photographie de nature\u00a0?<\/strong><\/h4><\/li><\/ol><ul><li style=\"list-style-type: none;\"><ul data-rte-list=\"default\"><li><p>Lisez enti\u00e8rement l&#039;article, <a href=\"https:\/\/naturefirst.org\/fr\/news-items\/2021\/08\/13\/nature-first-and-nfts\/\">Nature First et NFT<\/a> publi\u00e9 le 13 ao\u00fbt 2021<\/p><\/li><li><p>Est-il \u00e9thique pour les photographes de la nature de cr\u00e9er et de vendre des NFT pour gagner de l&#039;argent\u00a0? Les conseils de Nature First sont tr\u00e8s li\u00e9s \u00e0 nos r\u00e9flexions sur la photographie de la nature et le changement climatique (voir FAQ ci-dessus). Tous les photographes de la nature doivent assumer la responsabilit\u00e9 de conna\u00eetre l&#039;impact environnemental de leurs actions et r\u00e9fl\u00e9chir attentivement \u00e0 la mani\u00e8re dont ils peuvent limiter et r\u00e9duire leur propre impact individuel. Alors, renseignez-vous.<\/p><ul data-rte-list=\"default\"><li><p>Participez aux discussions sur les NFT et leur impact environnemental, comme ce podcast F-Stop Collaborate and Listen <em>(disponible le 25 ao\u00fbt 2021)<\/em> par notre co-fondateur Matt Payne.\u00a0<\/p><\/li><li><p>Jetez un oeil \u00e0 la <a href=\"https:\/\/www.epa.gov\/energy\/greenhouse-gas-equivalencies-calculator\">\u00e9quivalences gaz \u00e0 effet de serre<\/a> ou <a href=\"https:\/\/www.gov.uk\/guidance\/carbon-calculator\">calculateur de carbone<\/a> pour certaines de vos activit\u00e9s courantes (conduite, avion, consommation g\u00e9n\u00e9rale et mode de vie) pour en savoir plus sur votre empreinte carbone.<\/p><\/li><li><p>Avant d&#039;entrer dans l&#039;espace NFT, envisagez d&#039;attendre qu&#039;Ethereum migre vers un mod\u00e8le de preuve de participation (ce qui pourrait se produire en 2022), qui utilise beaucoup moins d&#039;\u00e9nergie que le mod\u00e8le actuel de preuve de travail. En savoir plus sur ce qui diff\u00e9rencie ces mod\u00e8les <a href=\"https:\/\/www.bitdegree.org\/crypto\/tutorials\/proof-of-work-vs-proof-of-stake\">ici<\/a>.\u00a0<\/p><\/li><li><p>Envisagez de frapper vos NFT \u00e0 l&#039;aide d&#039;une blockchain non-Etherum dont l&#039;empreinte carbone est estim\u00e9e \u00e0 <a href=\"https:\/\/medium.com\/tqtezos\/proof-of-work-vs-proof-of-stake-the-ecological-footprint-c58029faee44\" target=\"_blank\" rel=\"noopener\">1,5 million de fois plus petit<\/a>.<\/p><\/li><li><p>Pour ceux d&#039;entre vous qui cr\u00e9ent et vendent des NTF, jetez un \u0153il \u00e0 <a href=\"https:\/\/carbon.fyi\/\">carbon.fyi<\/a> pour calculer votre impact carbone.\u00a0<\/p><\/li><li><p>Envisagez de compenser vos impacts carbone d\u00e9riv\u00e9s du NFT en <a href=\"https:\/\/cotap.org\/reduce-carbon-footprint\/\">r\u00e9duire votre empreinte carbone<\/a> dans d&#039;autres domaines de votre vie.<\/p><\/li><li><p>Envisagez de faire don d&#039;une partie du produit de la vente de NFT \u00e0 des organisations \u00e0 but non lucratif li\u00e9es au climat ou \u00e0 l&#039;environnement.<\/p><\/li><li><p>Attirez l&#039;attention sur l&#039;impact carbone de vos actions et discutez ouvertement de la mani\u00e8re dont vous r\u00e9duisez consid\u00e9rablement votre empreinte carbone par d&#039;autres moyens.<\/p><\/li><\/ul><p>Ce ne sont l\u00e0 que quelques-unes des ressources disponibles que nos membres ont port\u00e9es \u00e0 notre attention.\u00a0<\/p><p><strong>Il est de votre responsabilit\u00e9 de vous renseigner<\/strong> pour vous aider \u00e0 prendre des d\u00e9cisions \u00e9clair\u00e9es sur les activit\u00e9s auxquelles vous participez, leur empreinte carbone associ\u00e9e et les mesures que vous pouvez prendre pour r\u00e9duire votre impact environnemental. Sachez et r\u00e9alisez que la situation des autres peut \u00eatre diff\u00e9rente et qu&#039;ils peuvent prendre des d\u00e9cisions diff\u00e9rentes. Respectez ces diff\u00e9rences et engagez ces photographes dans une conversation honn\u00eate et significative pour en savoir encore plus. Le dialogue continu au sein de la communaut\u00e9 de la photographie de nature peut nous aider \u00e0 prendre des d\u00e9cisions plus \u00e9clair\u00e9es pour donner la priorit\u00e9 \u00e0 la nature.<\/p><\/li><\/ul><\/li><\/ul>\t\t\t\t\t\t\t\t<\/div>\n\t\t\t\t<\/div>\n\t\t\t\t<div class=\"elementor-element elementor-element-71bb9540 elementor-widget-divider--view-line elementor-widget elementor-widget-divider\" data-id=\"71bb9540\" data-element_type=\"widget\" data-e-type=\"widget\" data-widget_type=\"divider.default\">\n\t\t\t\t<div class=\"elementor-widget-container\">\n\t\t\t\t\t\t\t<div class=\"elementor-divider\">\n\t\t\t<span class=\"elementor-divider-separator\">\n\t\t\t\t\t\t<\/span>\n\t\t<\/div>\n\t\t\t\t\t\t<\/div>\n\t\t\t\t<\/div>\n\t\t\t\t\t<\/div>\n\t\t<\/div>\n\t\t\t\t\t<\/div>\n\t\t<\/section>\n\t\t\t\t<\/div>","protected":false},"excerpt":{"rendered":"<p>Frequently Asked Questions You&#8217;ve got questions&#8230; We&#8217;re here to help. Learn more about the Nature First Principles Frequently Asked Questions What&#8217;s the Catch? No catch. Period. There are no fees, no spam, no advertising, no meetings, and no requirements to \u201csell\u201d or promote to others. This is an opportunity to make a declaration of your [&hellip;]<\/p>\n","protected":false},"author":2,"featured_media":0,"parent":0,"menu_order":0,"comment_status":"closed","ping_status":"closed","template":"","meta":{"_mo_disable_npp":"","site-sidebar-layout":"no-sidebar","site-content-layout":"page-builder","ast-site-content-layout":"default","site-content-style":"default","site-sidebar-style":"default","ast-global-header-display":"","ast-banner-title-visibility":"","ast-main-header-display":"","ast-hfb-above-header-display":"","ast-hfb-below-header-display":"","ast-hfb-mobile-header-display":"","site-post-title":"disabled","ast-breadcrumbs-content":"","ast-featured-img":"disabled","footer-sml-layout":"","ast-disable-related-posts":"","theme-transparent-header-meta":"","adv-header-id-meta":"","stick-header-meta":"","header-above-stick-meta":"","header-main-stick-meta":"","header-below-stick-meta":"","astra-migrate-meta-layouts":"default","ast-page-background-enabled":"default","ast-page-background-meta":{"desktop":{"background-color":"","background-image":"","background-repeat":"repeat","background-position":"center center","background-size":"auto","background-attachment":"scroll","background-type":"","background-media":"","overlay-type":"","overlay-color":"","overlay-opacity":"","overlay-gradient":""},"tablet":{"background-color":"","background-image":"","background-repeat":"repeat","background-position":"center center","background-size":"auto","background-attachment":"scroll","background-type":"","background-media":"","overlay-type":"","overlay-color":"","overlay-opacity":"","overlay-gradient":""},"mobile":{"background-color":"","background-image":"","background-repeat":"repeat","background-position":"center center","background-size":"auto","background-attachment":"scroll","background-type":"","background-media":"","overlay-type":"","overlay-color":"","overlay-opacity":"","overlay-gradient":""}},"ast-content-background-meta":{"desktop":{"background-color":"var(--ast-global-color-5)","background-image":"","background-repeat":"repeat","background-position":"center center","background-size":"auto","background-attachment":"scroll","background-type":"","background-media":"","overlay-type":"","overlay-color":"","overlay-opacity":"","overlay-gradient":""},"tablet":{"background-color":"var(--ast-global-color-5)","background-image":"","background-repeat":"repeat","background-position":"center center","background-size":"auto","background-attachment":"scroll","background-type":"","background-media":"","overlay-type":"","overlay-color":"","overlay-opacity":"","overlay-gradient":""},"mobile":{"background-color":"var(--ast-global-color-5)","background-image":"","background-repeat":"repeat","background-position":"center center","background-size":"auto","background-attachment":"scroll","background-type":"","background-media":"","overlay-type":"","overlay-color":"","overlay-opacity":"","overlay-gradient":""}},"footnotes":""},"class_list":["post-516","page","type-page","status-publish","hentry"],"aioseo_notices":[],"_links":{"self":[{"href":"https:\/\/naturefirst.org\/fr\/wp-json\/wp\/v2\/pages\/516","targetHints":{"allow":["GET"]}}],"collection":[{"href":"https:\/\/naturefirst.org\/fr\/wp-json\/wp\/v2\/pages"}],"about":[{"href":"https:\/\/naturefirst.org\/fr\/wp-json\/wp\/v2\/types\/page"}],"author":[{"embeddable":true,"href":"https:\/\/naturefirst.org\/fr\/wp-json\/wp\/v2\/users\/2"}],"replies":[{"embeddable":true,"href":"https:\/\/naturefirst.org\/fr\/wp-json\/wp\/v2\/comments?post=516"}],"version-history":[{"count":25,"href":"https:\/\/naturefirst.org\/fr\/wp-json\/wp\/v2\/pages\/516\/revisions"}],"predecessor-version":[{"id":3998,"href":"https:\/\/naturefirst.org\/fr\/wp-json\/wp\/v2\/pages\/516\/revisions\/3998"}],"wp:attachment":[{"href":"https:\/\/naturefirst.org\/fr\/wp-json\/wp\/v2\/media?parent=516"}],"curies":[{"name":"wp","href":"https:\/\/api.w.org\/{rel}","templated":true}]}}