{"id":523,"date":"2022-08-20T22:41:56","date_gmt":"2022-08-20T22:41:56","guid":{"rendered":"https:\/\/naturefirst.org\/?page_id=523"},"modified":"2023-01-21T07:49:32","modified_gmt":"2023-01-21T14:49:32","slug":"mission","status":"publish","type":"page","link":"https:\/\/naturefirst.org\/fr\/mission\/","title":{"rendered":"Mission"},"content":{"rendered":"<div data-elementor-type=\"wp-page\" data-elementor-id=\"523\" class=\"elementor elementor-523\" data-elementor-post-type=\"page\">\n\t\t\t\t\t\t<section class=\"elementor-section elementor-top-section elementor-element elementor-element-18957a58 elementor-section-height-min-height elementor-section-boxed elementor-section-height-default elementor-section-items-middle\" data-id=\"18957a58\" data-element_type=\"section\" data-e-type=\"section\" data-settings=\"{&quot;background_background&quot;:&quot;classic&quot;}\">\n\t\t\t\t\t\t\t<div class=\"elementor-background-overlay\"><\/div>\n\t\t\t\t\t\t\t<div class=\"elementor-container elementor-column-gap-no\">\n\t\t\t\t\t<div class=\"elementor-column elementor-col-100 elementor-top-column elementor-element elementor-element-3d8d5f40\" data-id=\"3d8d5f40\" data-element_type=\"column\" data-e-type=\"column\">\n\t\t\t<div class=\"elementor-widget-wrap elementor-element-populated\">\n\t\t\t\t\t\t<div class=\"elementor-element elementor-element-2970d981 elementor-widget elementor-widget-image-box\" data-id=\"2970d981\" data-element_type=\"widget\" data-e-type=\"widget\" data-widget_type=\"image-box.default\">\n\t\t\t\t<div class=\"elementor-widget-container\">\n\t\t\t\t\t<div class=\"elementor-image-box-wrapper\"><div class=\"elementor-image-box-content\"><h1 class=\"elementor-image-box-title\">Mission, vision et valeurs<\/h1><\/div><\/div>\t\t\t\t<\/div>\n\t\t\t\t<\/div>\n\t\t\t\t\t<\/div>\n\t\t<\/div>\n\t\t\t\t\t<\/div>\n\t\t<\/section>\n\t\t\t\t<section class=\"elementor-section elementor-top-section elementor-element elementor-element-3e5e81d2 elementor-section-boxed elementor-section-height-default elementor-section-height-default\" data-id=\"3e5e81d2\" data-element_type=\"section\" data-e-type=\"section\">\n\t\t\t\t\t\t<div class=\"elementor-container elementor-column-gap-default\">\n\t\t\t\t\t<div class=\"elementor-column elementor-col-100 elementor-top-column elementor-element elementor-element-3279c4f8\" data-id=\"3279c4f8\" data-element_type=\"column\" data-e-type=\"column\">\n\t\t\t<div class=\"elementor-widget-wrap elementor-element-populated\">\n\t\t\t\t\t\t<div class=\"elementor-element elementor-element-4f5ce51a elementor-widget elementor-widget-heading\" data-id=\"4f5ce51a\" data-element_type=\"widget\" data-e-type=\"widget\" data-widget_type=\"heading.default\">\n\t\t\t\t<div class=\"elementor-widget-container\">\n\t\t\t\t\t<h2 class=\"elementor-heading-title elementor-size-default\">Notre mission...<br><br>Nature First promeut la protection et la pr\u00e9servation des lieux naturels et sauvages du monde en inspirant, \u00e9duquant et unissant tous ceux qui r\u00e9alisent des photographies et des vid\u00e9os dans la nature\u00a0; leur permettant d&#039;\u00eatre des ambassadeurs du monde naturel.<\/h2>\t\t\t\t<\/div>\n\t\t\t\t<\/div>\n\t\t\t\t\t<\/div>\n\t\t<\/div>\n\t\t\t\t\t<\/div>\n\t\t<\/section>\n\t\t\t\t<section class=\"elementor-section elementor-top-section elementor-element elementor-element-449196b elementor-section-boxed elementor-section-height-default elementor-section-height-default\" data-id=\"449196b\" data-element_type=\"section\" data-e-type=\"section\">\n\t\t\t\t\t\t<div class=\"elementor-container elementor-column-gap-default\">\n\t\t\t\t\t<div class=\"elementor-column elementor-col-50 elementor-top-column elementor-element elementor-element-bee2b36\" data-id=\"bee2b36\" data-element_type=\"column\" data-e-type=\"column\">\n\t\t\t<div class=\"elementor-widget-wrap elementor-element-populated\">\n\t\t\t\t\t\t<div class=\"elementor-element elementor-element-86f7483 elementor-widget elementor-widget-heading\" data-id=\"86f7483\" data-element_type=\"widget\" data-e-type=\"widget\" data-widget_type=\"heading.default\">\n\t\t\t\t<div class=\"elementor-widget-container\">\n\t\t\t\t\t<h4 class=\"elementor-heading-title elementor-size-default\">NOTRE VISION\u2026 <br>EST POUR TOUS CEUX QUI FONT DES PHOTOGRAPHIES ET DES VID\u00c9OS DANS LA NATURE D&#039;\u00caTRE CONSCIENT DE LEUR IMPACT, <br>CONNA\u00ceTRE LES LIEUX QU&#039;ILS PHOTOGRAPHIENT, <br>ET AMBASSADEURS DU MONDE NATUREL.<\/h4>\t\t\t\t<\/div>\n\t\t\t\t<\/div>\n\t\t\t\t\t<\/div>\n\t\t<\/div>\n\t\t\t\t<div class=\"elementor-column elementor-col-50 elementor-top-column elementor-element elementor-element-77315f1\" data-id=\"77315f1\" data-element_type=\"column\" data-e-type=\"column\">\n\t\t\t<div class=\"elementor-widget-wrap elementor-element-populated\">\n\t\t\t\t\t\t<div class=\"elementor-element elementor-element-b19d260 elementor-widget elementor-widget-image\" data-id=\"b19d260\" data-element_type=\"widget\" data-e-type=\"widget\" data-widget_type=\"image.default\">\n\t\t\t\t<div class=\"elementor-widget-container\">\n\t\t\t\t\t\t\t\t\t\t\t\t\t\t\t<img fetchpriority=\"high\" decoding=\"async\" width=\"300\" height=\"206\" src=\"https:\/\/naturefirst.org\/wp-content\/uploads\/Bighorn.jpg\" class=\"attachment-large size-large wp-image-526\" alt=\"\" srcset=\"https:\/\/naturefirst.org\/wp-content\/uploads\/Bighorn.jpg 300w, https:\/\/naturefirst.org\/wp-content\/uploads\/Bighorn-18x12.jpg 18w\" sizes=\"(max-width: 300px) 100vw, 300px\" \/>\t\t\t\t\t\t\t\t\t\t\t\t\t\t\t<\/div>\n\t\t\t\t<\/div>\n\t\t\t\t\t<\/div>\n\t\t<\/div>\n\t\t\t\t\t<\/div>\n\t\t<\/section>\n\t\t\t\t<section class=\"elementor-section elementor-top-section elementor-element elementor-element-ee985ec elementor-section-boxed elementor-section-height-default elementor-section-height-default\" data-id=\"ee985ec\" data-element_type=\"section\" data-e-type=\"section\">\n\t\t\t\t\t\t<div class=\"elementor-container elementor-column-gap-default\">\n\t\t\t\t\t<div class=\"elementor-column elementor-col-100 elementor-top-column elementor-element elementor-element-07a4ac2\" data-id=\"07a4ac2\" data-element_type=\"column\" data-e-type=\"column\">\n\t\t\t<div class=\"elementor-widget-wrap elementor-element-populated\">\n\t\t\t\t\t\t<div class=\"elementor-element elementor-element-2d6f547 elementor-widget-divider--view-line elementor-widget elementor-widget-divider\" data-id=\"2d6f547\" data-element_type=\"widget\" data-e-type=\"widget\" data-widget_type=\"divider.default\">\n\t\t\t\t<div class=\"elementor-widget-container\">\n\t\t\t\t\t\t\t<div class=\"elementor-divider\">\n\t\t\t<span class=\"elementor-divider-separator\">\n\t\t\t\t\t\t<\/span>\n\t\t<\/div>\n\t\t\t\t\t\t<\/div>\n\t\t\t\t<\/div>\n\t\t\t\t<div class=\"elementor-element elementor-element-0a27024 elementor-widget elementor-widget-text-editor\" data-id=\"0a27024\" data-element_type=\"widget\" data-e-type=\"widget\" data-widget_type=\"text-editor.default\">\n\t\t\t\t<div class=\"elementor-widget-container\">\n\t\t\t\t\t\t\t\t\t<h2>Les valeurs de Nature First<\/h2><p class=\"\"><em>Nos valeurs d\u00e9finissent qui nous sommes en tant qu&#039;organisation, guidant la fa\u00e7on dont nous interagissons \u00e0 la fois en interne et en externe. Ils sont la cl\u00e9 de notre succ\u00e8s et le c\u0153ur du mouvement Nature First pour pr\u00e9server et prot\u00e9ger le monde naturel.<\/em><\/p><h4><strong>EMPLOY\u00c9S ET B\u00c9N\u00c9VOLES<\/strong><\/h4><p class=\"\">Nous recrutons des salari\u00e9s et des b\u00e9n\u00e9voles qui partagent les valeurs de Nature First. Ils sont consid\u00e9r\u00e9s comme des partenaires pr\u00e9cieux dans l&#039;organisation, trait\u00e9s de mani\u00e8re \u00e9gale avec dignit\u00e9 et confiance. Nous c\u00e9l\u00e9brons et travaillons avec l&#039;individualit\u00e9 et les forces uniques de chaque personne. Nous cultivons activement la diversit\u00e9, reconnaissant la valeur d&#039;une multiplicit\u00e9 d&#039;exp\u00e9riences et de points de vue. Nous soutenons une atmosph\u00e8re d&#039;autonomisation o\u00f9 les employ\u00e9s et les b\u00e9n\u00e9voles auront la possibilit\u00e9 de cro\u00eetre continuellement en comp\u00e9tences et en responsabilit\u00e9. Nous accueillons activement les id\u00e9es et les perspectives de nos employ\u00e9s et b\u00e9n\u00e9voles. Nous ferons tout notre possible pour aider nos employ\u00e9s et b\u00e9n\u00e9voles \u00e0 maintenir un \u00e9quilibre sain entre vie professionnelle et vie priv\u00e9e. Nature First s&#039;engage \u00e0 verser \u00e0 ses employ\u00e9s \u00e0 temps plein un salaire d\u00e9cent.<\/p><h4><strong>ENVIRONNEMENT\u00a0<\/strong><\/h4><p class=\"\">Nous nous effor\u00e7ons de prendre soin du monde naturel dans toutes nos actions. Cela implique une prise de conscience active dans le choix des produits que nous achetons, vendons et utilisons. Cela implique \u00e9galement un engagement \u00e0 r\u00e9duire, r\u00e9utiliser et recycler. Nous prenons \u00e9galement soin de l&#039;environnement en travaillant \u00e0 prot\u00e9ger et \u00e0 soutenir activement les zones sauvages et naturelles en mod\u00e9lisant et en encourageant les actions qui les priorisent et les prot\u00e8gent. Nous reconnaissons et respectons \u00e9galement les peuples et les cultures autochtones qui vivent sur bon nombre de ces terres depuis des mill\u00e9naires.<\/p><h4><strong>INT\u00c9GRIT\u00c9\u00a0<\/strong><\/h4><p class=\"\">Nous fonctionnons sur une base de confiance et d&#039;honn\u00eatet\u00e9. Nous accueillons activement les opinions divergentes alors que nous travaillons \u00e0 une compr\u00e9hension commune. Nous nous engageons \u00e0 respecter et \u00e0 croire le meilleur les uns des autres, m\u00eame lorsque nous ne sommes pas d&#039;accord. Nous visons \u00e0 traiter tout le monde \u00e9quitablement. Nous communiquons ouvertement et de mani\u00e8re transparente, y compris en ce qui concerne nos objectifs et nos finances. Nous reconnaissons que nous sommes responsables de nos actions en tant qu&#039;individus et en tant qu&#039;organisation.<\/p><h4><strong>GLOBAL<\/strong><\/h4><p class=\"\">Bien que Nature First ait \u00e9t\u00e9 fond\u00e9e aux \u00c9tats-Unis, nous nous engageons dans une perspective mondiale plus large. Nous recherchons activement la contribution et l&#039;implication de nos membres \u00e0 travers le monde et cherchons \u00e0 nous assurer que cette organisation a une large repr\u00e9sentation internationale au sein de ses structures.<\/p><h4><strong>LA COOP\u00c9RATION\u00a0<\/strong><\/h4><p class=\"\">Nous croyons que la coop\u00e9ration est essentielle pour faire quelque chose de grand. En tant qu&#039;organisation, nous nous engageons \u00e0 coop\u00e9rer autant que possible avec d&#039;autres organisations et \u00e0 favoriser les initiatives de coop\u00e9ration entre nos membres.<\/p><h4><strong>FISCALEMENT RESPONSABLE<\/strong>\u00a0<\/h4><p class=\"\">Nous nous engageons \u00e0 \u00eatre prudents sur le plan financier, \u00e0 travailler selon nos moyens et sans dette.<\/p>\t\t\t\t\t\t\t\t<\/div>\n\t\t\t\t<\/div>\n\t\t\t\t<div class=\"elementor-element elementor-element-b18fa7a elementor-widget-divider--view-line elementor-widget elementor-widget-divider\" data-id=\"b18fa7a\" data-element_type=\"widget\" data-e-type=\"widget\" data-widget_type=\"divider.default\">\n\t\t\t\t<div class=\"elementor-widget-container\">\n\t\t\t\t\t\t\t<div class=\"elementor-divider\">\n\t\t\t<span class=\"elementor-divider-separator\">\n\t\t\t\t\t\t<\/span>\n\t\t<\/div>\n\t\t\t\t\t\t<\/div>\n\t\t\t\t<\/div>\n\t\t\t\t\t<\/div>\n\t\t<\/div>\n\t\t\t\t\t<\/div>\n\t\t<\/section>\n\t\t\t\t<\/div>","protected":false},"excerpt":{"rendered":"<p>Mission, Vision &amp; Values Our Mission&#8230; Nature First promotes the protection and preservation of the world&#8217;s natural and wild places through inspiring, educating, and uniting everyone making photographs and videos in nature; empowering them to be ambassadors of the natural world. OUR VISION\u2026 IS FOR EVERYONE MAKING PHOTOGRAPHS AND VIDEOS IN NATURE TO BE MINDFUL [&hellip;]<\/p>\n","protected":false},"author":2,"featured_media":0,"parent":0,"menu_order":0,"comment_status":"closed","ping_status":"closed","template":"","meta":{"_mo_disable_npp":"","site-sidebar-layout":"no-sidebar","site-content-layout":"page-builder","ast-site-content-layout":"default","site-content-style":"default","site-sidebar-style":"default","ast-global-header-display":"","ast-banner-title-visibility":"","ast-main-header-display":"","ast-hfb-above-header-display":"","ast-hfb-below-header-display":"","ast-hfb-mobile-header-display":"","site-post-title":"disabled","ast-breadcrumbs-content":"","ast-featured-img":"disabled","footer-sml-layout":"","ast-disable-related-posts":"","theme-transparent-header-meta":"","adv-header-id-meta":"","stick-header-meta":"","header-above-stick-meta":"","header-main-stick-meta":"","header-below-stick-meta":"","astra-migrate-meta-layouts":"default","ast-page-background-enabled":"default","ast-page-background-meta":{"desktop":{"background-color":"","background-image":"","background-repeat":"repeat","background-position":"center center","background-size":"auto","background-attachment":"scroll","background-type":"","background-media":"","overlay-type":"","overlay-color":"","overlay-opacity":"","overlay-gradient":""},"tablet":{"background-color":"","background-image":"","background-repeat":"repeat","background-position":"center center","background-size":"auto","background-attachment":"scroll","background-type":"","background-media":"","overlay-type":"","overlay-color":"","overlay-opacity":"","overlay-gradient":""},"mobile":{"background-color":"","background-image":"","background-repeat":"repeat","background-position":"center center","background-size":"auto","background-attachment":"scroll","background-type":"","background-media":"","overlay-type":"","overlay-color":"","overlay-opacity":"","overlay-gradient":""}},"ast-content-background-meta":{"desktop":{"background-color":"var(--ast-global-color-5)","background-image":"","background-repeat":"repeat","background-position":"center center","background-size":"auto","background-attachment":"scroll","background-type":"","background-media":"","overlay-type":"","overlay-color":"","overlay-opacity":"","overlay-gradient":""},"tablet":{"background-color":"var(--ast-global-color-5)","background-image":"","background-repeat":"repeat","background-position":"center center","background-size":"auto","background-attachment":"scroll","background-type":"","background-media":"","overlay-type":"","overlay-color":"","overlay-opacity":"","overlay-gradient":""},"mobile":{"background-color":"var(--ast-global-color-5)","background-image":"","background-repeat":"repeat","background-position":"center center","background-size":"auto","background-attachment":"scroll","background-type":"","background-media":"","overlay-type":"","overlay-color":"","overlay-opacity":"","overlay-gradient":""}},"footnotes":""},"class_list":["post-523","page","type-page","status-publish","hentry"],"aioseo_notices":[],"_links":{"self":[{"href":"https:\/\/naturefirst.org\/fr\/wp-json\/wp\/v2\/pages\/523","targetHints":{"allow":["GET"]}}],"collection":[{"href":"https:\/\/naturefirst.org\/fr\/wp-json\/wp\/v2\/pages"}],"about":[{"href":"https:\/\/naturefirst.org\/fr\/wp-json\/wp\/v2\/types\/page"}],"author":[{"embeddable":true,"href":"https:\/\/naturefirst.org\/fr\/wp-json\/wp\/v2\/users\/2"}],"replies":[{"embeddable":true,"href":"https:\/\/naturefirst.org\/fr\/wp-json\/wp\/v2\/comments?post=523"}],"version-history":[{"count":5,"href":"https:\/\/naturefirst.org\/fr\/wp-json\/wp\/v2\/pages\/523\/revisions"}],"predecessor-version":[{"id":3733,"href":"https:\/\/naturefirst.org\/fr\/wp-json\/wp\/v2\/pages\/523\/revisions\/3733"}],"wp:attachment":[{"href":"https:\/\/naturefirst.org\/fr\/wp-json\/wp\/v2\/media?parent=523"}],"curies":[{"name":"wp","href":"https:\/\/api.w.org\/{rel}","templated":true}]}}