{"id":739,"date":"2022-08-22T21:52:02","date_gmt":"2022-08-22T21:52:02","guid":{"rendered":"https:\/\/naturefirst.org\/?page_id=739"},"modified":"2023-01-21T08:28:32","modified_gmt":"2023-01-21T15:28:32","slug":"responsible-nature-photography-standard","status":"publish","type":"page","link":"https:\/\/naturefirst.org\/fr\/responsible-nature-photography-standard\/","title":{"rendered":"Norme de photographie responsable de la nature"},"content":{"rendered":"<div data-elementor-type=\"wp-page\" data-elementor-id=\"739\" class=\"elementor elementor-739\" data-elementor-post-type=\"page\">\n\t\t\t\t\t\t<section class=\"elementor-section elementor-top-section elementor-element elementor-element-35820ecf elementor-section-height-min-height elementor-section-boxed elementor-section-height-default elementor-section-items-middle\" data-id=\"35820ecf\" data-element_type=\"section\" data-e-type=\"section\" data-settings=\"{&quot;background_background&quot;:&quot;classic&quot;}\">\n\t\t\t\t\t\t\t<div class=\"elementor-background-overlay\"><\/div>\n\t\t\t\t\t\t\t<div class=\"elementor-container elementor-column-gap-no\">\n\t\t\t\t\t<div class=\"elementor-column elementor-col-100 elementor-top-column elementor-element elementor-element-7e7ff944\" data-id=\"7e7ff944\" data-element_type=\"column\" data-e-type=\"column\">\n\t\t\t<div class=\"elementor-widget-wrap elementor-element-populated\">\n\t\t\t\t\t\t<div class=\"elementor-element elementor-element-28cd7761 elementor-widget elementor-widget-image-box\" data-id=\"28cd7761\" data-element_type=\"widget\" data-e-type=\"widget\" data-widget_type=\"image-box.default\">\n\t\t\t\t<div class=\"elementor-widget-container\">\n\t\t\t\t\t<div class=\"elementor-image-box-wrapper\"><div class=\"elementor-image-box-content\"><h1 class=\"elementor-image-box-title\">La norme de photographie responsable de la nature<\/h1><\/div><\/div>\t\t\t\t<\/div>\n\t\t\t\t<\/div>\n\t\t\t\t\t<\/div>\n\t\t<\/div>\n\t\t\t\t\t<\/div>\n\t\t<\/section>\n\t\t\t\t<section class=\"elementor-section elementor-top-section elementor-element elementor-element-5784c30c elementor-section-boxed elementor-section-height-default elementor-section-height-default\" data-id=\"5784c30c\" data-element_type=\"section\" data-e-type=\"section\">\n\t\t\t\t\t\t<div class=\"elementor-container elementor-column-gap-default\">\n\t\t\t\t\t<div class=\"elementor-column elementor-col-100 elementor-top-column elementor-element elementor-element-47cd6ed0\" data-id=\"47cd6ed0\" data-element_type=\"column\" data-e-type=\"column\">\n\t\t\t<div class=\"elementor-widget-wrap elementor-element-populated\">\n\t\t\t\t\t\t<div class=\"elementor-element elementor-element-6041a048 elementor-widget elementor-widget-heading\" data-id=\"6041a048\" data-element_type=\"widget\" data-e-type=\"widget\" data-widget_type=\"heading.default\">\n\t\t\t\t<div class=\"elementor-widget-container\">\n\t\t\t\t\t<h2 class=\"elementor-heading-title elementor-size-default\">La norme de photographie responsable de la nature <\/h2>\t\t\t\t<\/div>\n\t\t\t\t<\/div>\n\t\t\t\t<div class=\"elementor-element elementor-element-5760939 elementor-widget elementor-widget-text-editor\" data-id=\"5760939\" data-element_type=\"widget\" data-e-type=\"widget\" data-widget_type=\"text-editor.default\">\n\t\t\t\t<div class=\"elementor-widget-container\">\n\t\t\t\t\t\t\t\t\t<p id=\"yui_3_17_2_1_1661205057794_174\" class=\"\">Le Responsible Nature Photography Standard est un engagement \u00e0 mettre en \u0153uvre les principes Nature First au sein de votre organisation. C&#039;est similaire \u00e0 l&#039;engagement que les photographes prennent lorsqu&#039;ils rejoignent Nature First, mais cette norme n&#039;est pas pour les photographes eux-m\u00eames mais plut\u00f4t pour les organisations qui utilisent les photos et vid\u00e9os de nature qu&#039;ils cr\u00e9ent. Nous avons \u00e9galement une partie de cette norme qui est sp\u00e9cifique aux organisations impliqu\u00e9es dans la photo, la vid\u00e9o ou l&#039;enseignement en plein air.<\/p><h3>APPROVISIONNEMENT DE CONTENU<\/h3><p class=\"\">Exigences pour les organisations qui se procurent des photographies ou des vid\u00e9os sur la nature pour des communications internes ou externes et des supports marketing.<\/p><ul><li>Exiger que tout le contenu de source utilis\u00e9 dans les communications internes ou externes et les supports marketing, y compris, mais sans s&#039;y limiter, le site Web, le blog, les m\u00e9dias sociaux, la narration num\u00e9rique \/ le marketing de contenu, l&#039;impression, les \u00e9v\u00e9nements en personne et les partenaires d&#039;influence soient obtenus exclusivement aupr\u00e8s de les photographes qui se sont engag\u00e9s \u00e0 suivre les principes Nature First en devenant membre Nature First (l&#039;adh\u00e9sion est gratuite) avant l&#039;octroi de licence, l&#039;utilisation ou la publication.<\/li><li>Le contenu source peut inclure, mais sans s&#039;y limiter, des photographies et des vid\u00e9os professionnelles par l&#039;interm\u00e9diaire de photographes commerciaux embauch\u00e9s, des actifs achet\u00e9s par l&#039;interm\u00e9diaire de photographes de nature\/paysagistes ind\u00e9pendants et\/ou de march\u00e9s tiers, des actifs d&#039;influenceurs des m\u00e9dias sociaux (photographes amateurs ou professionnels) et des photographes communautaires soumettant Programme de partenariat Nature First de contenu g\u00e9n\u00e9r\u00e9 par les utilisateurs par le biais de hashtags sociaux ou d&#039;autres formes de syst\u00e8mes de curation et de collecte de contenu g\u00e9n\u00e9r\u00e9 par les utilisateurs (c&#039;est-\u00e0-dire Pixlee, Stackla, Curalate, etc.)<\/li><li>Les cr\u00e9ateurs de contenu (influenceurs et utilisateurs g\u00e9n\u00e9rant du contenu) peuvent \u00eatre des photographes professionnels, amateurs ou amateurs qui utilisent ou non un \u00e9quipement professionnel. Tous ceux qui photographient la nature et rendent leur contenu disponible via leurs propres canaux de publication personnels\/m\u00e9dias sociaux\/blog\/site Web\/magasin, etc. sont \u00e9ligibles pour devenir membres de Nature First.<\/li><li>Assumer une responsabilit\u00e9 suppl\u00e9mentaire et faire de son mieux pour s&#039;assurer que chaque photographe recrut\u00e9 adh\u00e8re aux principes Nature First lors de la production d&#039;images et de vid\u00e9os utilis\u00e9es dans lesdits supports de communication et de marketing.<\/li><\/ul><h3>\u00c9DUCATION ET INSTRUCTION<\/h3><p class=\"\">Exigences pour les organisations qui fournissent des services d&#039;\u00e9ducation et d&#039;instruction en mati\u00e8re de photographie de la nature, de vid\u00e9ographie de la nature ou de loisirs de plein air.<\/p><ul><li>Exiger qu&#039;une introduction de base aux principes Nature First soit incluse dans le programme d&#039;enseignement et d&#039;instruction, le syllabus et\/ou le mat\u00e9riel fourni aux clients et\/ou aux \u00e9tudiants.<\/li><li>Exiger que les principes Nature First soient adopt\u00e9s et respect\u00e9s par les instructeurs, les invit\u00e9s, les clients et les \u00e9tudiants lors de toute activit\u00e9 sur le terrain ou dans les zones naturelles.<\/li><li>Montrez l&#039;exemple\u00a0: agir de mani\u00e8re \u00e9thique et expliquer ces choix \u00e9thiques est encore plus important devant un groupe.<\/li><li>Gardez la taille des groupes petite. Minimisez activement l&#039;impact de votre groupe sur les lieux que vous visitez et travaillez pour prot\u00e9ger les exp\u00e9riences de ceux qui vous entourent. Il est de votre responsabilit\u00e9 de vous assurer que votre groupe ne perturbe pas les autres.<\/li><li>R\u00e9fl\u00e9chissez bien aux impacts de la conduite d&#039;un groupe dans des lieux sensibles avant de le faire.<\/li><li>Suivez les r\u00e8gles et r\u00e8glements, y compris les exigences en mati\u00e8re de permis.<\/li><\/ul><h3>CONFORMIT\u00c9<\/h3><p class=\"\">La responsabilit\u00e9 de la conformit\u00e9 incombe \u00e0 l&#039;organisation. Avant de finaliser le partenariat, l&#039;organisation doit partager avec Nature First son processus pour s&#039;assurer que les photographes sont conformes \u00e0 l&#039;exigence d&#039;adh\u00e9sion \u00e0 Nature First. Les organisations qui ne veulent pas ou ne peuvent pas contr\u00f4ler les photographes ne sont pas \u00e9ligibles pour adopter et s&#039;engager officiellement dans la norme de photographie responsable de la nature et sont les mieux adapt\u00e9es \u00e0 notre partenariat organisationnel de niveau 1.<\/p>\t\t\t\t\t\t\t\t<\/div>\n\t\t\t\t<\/div>\n\t\t\t\t<div class=\"elementor-element elementor-element-48bbecbb elementor-widget-divider--view-line elementor-widget elementor-widget-divider\" data-id=\"48bbecbb\" data-element_type=\"widget\" data-e-type=\"widget\" data-widget_type=\"divider.default\">\n\t\t\t\t<div class=\"elementor-widget-container\">\n\t\t\t\t\t\t\t<div class=\"elementor-divider\">\n\t\t\t<span class=\"elementor-divider-separator\">\n\t\t\t\t\t\t<\/span>\n\t\t<\/div>\n\t\t\t\t\t\t<\/div>\n\t\t\t\t<\/div>\n\t\t\t\t\t<\/div>\n\t\t<\/div>\n\t\t\t\t\t<\/div>\n\t\t<\/section>\n\t\t\t\t<\/div>","protected":false},"excerpt":{"rendered":"<p>The Responsible Nature Photography Standard The Responsible Nature Photography Standard The Responsible Nature Photography Standard is a commitment to implement Nature First principles within your organization. It is similar to the commitment that photographers make when they join Nature First, yet this standard is not for photographers themselves but rather for the organizations that use [&hellip;]<\/p>\n","protected":false},"author":2,"featured_media":0,"parent":0,"menu_order":0,"comment_status":"closed","ping_status":"closed","template":"","meta":{"_mo_disable_npp":"","site-sidebar-layout":"no-sidebar","site-content-layout":"page-builder","ast-site-content-layout":"default","site-content-style":"default","site-sidebar-style":"default","ast-global-header-display":"","ast-banner-title-visibility":"","ast-main-header-display":"","ast-hfb-above-header-display":"","ast-hfb-below-header-display":"","ast-hfb-mobile-header-display":"","site-post-title":"disabled","ast-breadcrumbs-content":"","ast-featured-img":"disabled","footer-sml-layout":"","ast-disable-related-posts":"","theme-transparent-header-meta":"","adv-header-id-meta":"","stick-header-meta":"","header-above-stick-meta":"","header-main-stick-meta":"","header-below-stick-meta":"","astra-migrate-meta-layouts":"default","ast-page-background-enabled":"default","ast-page-background-meta":{"desktop":{"background-color":"","background-image":"","background-repeat":"repeat","background-position":"center center","background-size":"auto","background-attachment":"scroll","background-type":"","background-media":"","overlay-type":"","overlay-color":"","overlay-opacity":"","overlay-gradient":""},"tablet":{"background-color":"","background-image":"","background-repeat":"repeat","background-position":"center center","background-size":"auto","background-attachment":"scroll","background-type":"","background-media":"","overlay-type":"","overlay-color":"","overlay-opacity":"","overlay-gradient":""},"mobile":{"background-color":"","background-image":"","background-repeat":"repeat","background-position":"center center","background-size":"auto","background-attachment":"scroll","background-type":"","background-media":"","overlay-type":"","overlay-color":"","overlay-opacity":"","overlay-gradient":""}},"ast-content-background-meta":{"desktop":{"background-color":"var(--ast-global-color-5)","background-image":"","background-repeat":"repeat","background-position":"center center","background-size":"auto","background-attachment":"scroll","background-type":"","background-media":"","overlay-type":"","overlay-color":"","overlay-opacity":"","overlay-gradient":""},"tablet":{"background-color":"var(--ast-global-color-5)","background-image":"","background-repeat":"repeat","background-position":"center center","background-size":"auto","background-attachment":"scroll","background-type":"","background-media":"","overlay-type":"","overlay-color":"","overlay-opacity":"","overlay-gradient":""},"mobile":{"background-color":"var(--ast-global-color-5)","background-image":"","background-repeat":"repeat","background-position":"center center","background-size":"auto","background-attachment":"scroll","background-type":"","background-media":"","overlay-type":"","overlay-color":"","overlay-opacity":"","overlay-gradient":""}},"footnotes":""},"class_list":["post-739","page","type-page","status-publish","hentry"],"aioseo_notices":[],"_links":{"self":[{"href":"https:\/\/naturefirst.org\/fr\/wp-json\/wp\/v2\/pages\/739","targetHints":{"allow":["GET"]}}],"collection":[{"href":"https:\/\/naturefirst.org\/fr\/wp-json\/wp\/v2\/pages"}],"about":[{"href":"https:\/\/naturefirst.org\/fr\/wp-json\/wp\/v2\/types\/page"}],"author":[{"embeddable":true,"href":"https:\/\/naturefirst.org\/fr\/wp-json\/wp\/v2\/users\/2"}],"replies":[{"embeddable":true,"href":"https:\/\/naturefirst.org\/fr\/wp-json\/wp\/v2\/comments?post=739"}],"version-history":[{"count":8,"href":"https:\/\/naturefirst.org\/fr\/wp-json\/wp\/v2\/pages\/739\/revisions"}],"predecessor-version":[{"id":3739,"href":"https:\/\/naturefirst.org\/fr\/wp-json\/wp\/v2\/pages\/739\/revisions\/3739"}],"wp:attachment":[{"href":"https:\/\/naturefirst.org\/fr\/wp-json\/wp\/v2\/media?parent=739"}],"curies":[{"name":"wp","href":"https:\/\/api.w.org\/{rel}","templated":true}]}}