{"id":3682,"date":"2023-01-20T09:05:41","date_gmt":"2023-01-20T16:05:41","guid":{"rendered":"https:\/\/naturefirst.org\/?page_id=3682"},"modified":"2023-01-20T10:05:24","modified_gmt":"2023-01-20T17:05:24","slug":"mobile-phone-photography","status":"publish","type":"page","link":"https:\/\/naturefirst.org\/it\/mobile-phone-photography\/","title":{"rendered":"Fotografia da cellulare"},"content":{"rendered":"<div data-elementor-type=\"wp-page\" data-elementor-id=\"3682\" class=\"elementor elementor-3682\" data-elementor-post-type=\"page\">\n\t\t\t\t\t\t<section class=\"elementor-section elementor-top-section elementor-element elementor-element-36294f2c elementor-section-height-min-height elementor-section-boxed elementor-section-height-default elementor-section-items-middle\" data-id=\"36294f2c\" data-element_type=\"section\" data-e-type=\"section\" data-settings=\"{&quot;background_background&quot;:&quot;classic&quot;}\">\n\t\t\t\t\t\t\t<div class=\"elementor-background-overlay\"><\/div>\n\t\t\t\t\t\t\t<div class=\"elementor-container elementor-column-gap-no\">\n\t\t\t\t\t<div class=\"elementor-column elementor-col-100 elementor-top-column elementor-element elementor-element-44f79ed1\" data-id=\"44f79ed1\" data-element_type=\"column\" data-e-type=\"column\">\n\t\t\t<div class=\"elementor-widget-wrap elementor-element-populated\">\n\t\t\t\t\t\t<div class=\"elementor-element elementor-element-2780ca03 elementor-widget elementor-widget-image-box\" data-id=\"2780ca03\" data-element_type=\"widget\" data-e-type=\"widget\" data-widget_type=\"image-box.default\">\n\t\t\t\t<div class=\"elementor-widget-container\">\n\t\t\t\t\t<div class=\"elementor-image-box-wrapper\"><div class=\"elementor-image-box-content\"><h1 class=\"elementor-image-box-title\">Fotografia da cellulare<\/h1><\/div><\/div>\t\t\t\t<\/div>\n\t\t\t\t<\/div>\n\t\t\t\t<div class=\"elementor-element elementor-element-2a74864e elementor-widget elementor-widget-text-editor\" data-id=\"2a74864e\" data-element_type=\"widget\" data-e-type=\"widget\" data-widget_type=\"text-editor.default\">\n\t\t\t\t<div class=\"elementor-widget-container\">\n\t\t\t\t\t\t\t\t\t<p>e i principi Nature First<\/p>\t\t\t\t\t\t\t\t<\/div>\n\t\t\t\t<\/div>\n\t\t\t\t\t<\/div>\n\t\t<\/div>\n\t\t\t\t\t<\/div>\n\t\t<\/section>\n\t\t\t\t<section class=\"elementor-section elementor-top-section elementor-element elementor-element-1a6e9ee5 elementor-section-boxed elementor-section-height-default elementor-section-height-default\" data-id=\"1a6e9ee5\" data-element_type=\"section\" data-e-type=\"section\">\n\t\t\t\t\t\t<div class=\"elementor-container elementor-column-gap-default\">\n\t\t\t\t\t<div class=\"elementor-column elementor-col-100 elementor-top-column elementor-element elementor-element-1d945240\" data-id=\"1d945240\" data-element_type=\"column\" data-e-type=\"column\">\n\t\t\t<div class=\"elementor-widget-wrap elementor-element-populated\">\n\t\t\t\t\t\t<div class=\"elementor-element elementor-element-3481c425 elementor-widget elementor-widget-heading\" data-id=\"3481c425\" data-element_type=\"widget\" data-e-type=\"widget\" data-widget_type=\"heading.default\">\n\t\t\t\t<div class=\"elementor-widget-container\">\n\t\t\t\t\t<h2 class=\"elementor-heading-title elementor-size-default\">Nature First \u00e8 <b>NON<\/b> solo per fotografi professionisti...<\/h2>\t\t\t\t<\/div>\n\t\t\t\t<\/div>\n\t\t\t\t<div class=\"elementor-element elementor-element-7e8052e5 elementor-widget-divider--view-line elementor-widget elementor-widget-divider\" data-id=\"7e8052e5\" data-element_type=\"widget\" data-e-type=\"widget\" data-widget_type=\"divider.default\">\n\t\t\t\t<div class=\"elementor-widget-container\">\n\t\t\t\t\t\t\t<div class=\"elementor-divider\">\n\t\t\t<span class=\"elementor-divider-separator\">\n\t\t\t\t\t\t<\/span>\n\t\t<\/div>\n\t\t\t\t\t\t<\/div>\n\t\t\t\t<\/div>\n\t\t\t\t\t<\/div>\n\t\t<\/div>\n\t\t\t\t\t<\/div>\n\t\t<\/section>\n\t\t\t\t<section class=\"elementor-section elementor-top-section elementor-element elementor-element-b7cca7e elementor-section-boxed elementor-section-height-default elementor-section-height-default\" data-id=\"b7cca7e\" data-element_type=\"section\" data-e-type=\"section\">\n\t\t\t\t\t\t<div class=\"elementor-container elementor-column-gap-default\">\n\t\t\t\t\t<div class=\"elementor-column elementor-col-100 elementor-top-column elementor-element elementor-element-a79fcd0\" data-id=\"a79fcd0\" data-element_type=\"column\" data-e-type=\"column\">\n\t\t\t<div class=\"elementor-widget-wrap elementor-element-populated\">\n\t\t\t\t\t\t<div class=\"elementor-element elementor-element-3944e18 elementor-widget elementor-widget-text-editor\" data-id=\"3944e18\" data-element_type=\"widget\" data-e-type=\"widget\" data-widget_type=\"text-editor.default\">\n\t\t\t\t<div class=\"elementor-widget-container\">\n\t\t\t\t\t\t\t\t\t<p>Oggi \u00e8 normale vedere persone con i loro telefoni cellulari in piedi accanto a fotografi professionisti\/hobbisti che ammirano una bella scena. Le fotocamere di alta qualit\u00e0 integrate nei moderni smartphone consentono a tutti di godersi la fotografia naturalistica.\u00a0<\/p><p>Questa nuova funzionalit\u00e0 invita tutti a registrare e godersi i luoghi che visitano e a documentare la bellezza che li circonda. Sfortunatamente, combinare questa comodit\u00e0 con la gratificazione immediata del caricamento di foto sui social media, contribuisce ai problemi di maggiore impatto sulle nostre aree naturali. Mentre \u00e8 meraviglioso vedere sempre pi\u00f9 persone che si godono la vita all&#039;aria aperta, a<span style=\"font-size: 1rem; font-style: inherit; font-weight: inherit;\">chiunque utilizzi uno smartphone pu\u00f2 imparare ad essere pi\u00f9 responsabile in natura e ad applicare i Principi Nature First.<\/span><\/p>\t\t\t\t\t\t\t\t<\/div>\n\t\t\t\t<\/div>\n\t\t\t\t<div class=\"elementor-element elementor-element-cc0a061 elementor-widget elementor-widget-image\" data-id=\"cc0a061\" data-element_type=\"widget\" data-e-type=\"widget\" data-widget_type=\"image.default\">\n\t\t\t\t<div class=\"elementor-widget-container\">\n\t\t\t\t\t\t\t\t\t\t\t\t\t\t\t<img fetchpriority=\"high\" decoding=\"async\" width=\"1024\" height=\"683\" src=\"https:\/\/naturefirst.org\/wp-content\/uploads\/190426_UtahMesaArch_HDR_WEB-1024x683.jpg\" class=\"attachment-large size-large wp-image-1535\" alt=\"\" srcset=\"https:\/\/naturefirst.org\/wp-content\/uploads\/190426_UtahMesaArch_HDR_WEB-1024x683.jpg 1024w, https:\/\/naturefirst.org\/wp-content\/uploads\/190426_UtahMesaArch_HDR_WEB-500x333.jpg 500w, https:\/\/naturefirst.org\/wp-content\/uploads\/190426_UtahMesaArch_HDR_WEB-768x512.jpg 768w, https:\/\/naturefirst.org\/wp-content\/uploads\/190426_UtahMesaArch_HDR_WEB-1536x1024.jpg 1536w, https:\/\/naturefirst.org\/wp-content\/uploads\/190426_UtahMesaArch_HDR_WEB-2048x1366.jpg 2048w, https:\/\/naturefirst.org\/wp-content\/uploads\/190426_UtahMesaArch_HDR_WEB-18x12.jpg 18w\" sizes=\"(max-width: 1024px) 100vw, 1024px\" \/>\t\t\t\t\t\t\t\t\t\t\t\t\t\t\t<\/div>\n\t\t\t\t<\/div>\n\t\t\t\t<div class=\"elementor-element elementor-element-7f953fc elementor-widget elementor-widget-text-editor\" data-id=\"7f953fc\" data-element_type=\"widget\" data-e-type=\"widget\" data-widget_type=\"text-editor.default\">\n\t\t\t\t<div class=\"elementor-widget-container\">\n\t\t\t\t\t\t\t\t\t<p class=\"\"><span style=\"color: #000000;\"><strong>Quindi, come si applicano i Principi Nature First ai fotografi da smartphone?\u00a0<\/strong><\/span><\/p><h4>PRIORIT\u00c0 AL BENESSERE DELLA NATURA RISPETTO ALLA FOTOGRAFIA.<\/h4><p class=\"\">Poich\u00e9 gli smartphone non hanno la capacit\u00e0 di zoom di alcuni obiettivi professionali, la maggior parte degli utenti dovr\u00e0 camminare per avvicinarsi ai propri soggetti. Atti come questo possono portare a calpestare aree delicate, come la tundra o i muschi, per dare un&#039;occhiata pi\u00f9 da vicino. Ci\u00f2 include anche gli animali, poich\u00e9 \u00e8 molto importante mantenere una distanza sicura e adeguata dalla fauna selvatica. Sii consapevole delle tue distanze e sii rispettoso del terreno su cui cammini. Non mettere mai il bisogno di una foto al di sopra della priorit\u00e0 per proteggere la fauna selvatica e le aree sensibili.\u00a0<\/p><h4>INFORMATI SUI LUOGHI CHE FOTOGRAFI.<\/h4><p class=\"\">Essere un utente di smartphone non ti mette in una situazione diversa da quella di un fotografo professionista. Dovresti sempre leggere i segnali ed informarti sulle aree che stai visitando. Questo non solo ti tiene al sicuro, ma ti rende anche consapevole di tutti i luoghi in cui dovresti o non dovresti camminare. Ad esempio, uscire per scattare una foto tra le dune di sabbia non causer\u00e0 danni, ma camminare sul suolo biologico per scattare una foto dannegger\u00e0 gravemente le aree che hanno impiegato migliaia di anni per crescere. Essere istruiti ti aiuter\u00e0 a essere pi\u00f9 responsabile nelle aree che visiti.\u00a0<\/p><h4>RIFLETTI SUL POSSIBILE IMPATTO DELLE TUE AZIONI.<\/h4><p class=\"\">Una cosa semplice come uscire in un prato di fiori di campo per catturare la scena sembra abbastanza innocente. Ma se una persona ti vede mentre lo fai, allora ti seguir\u00e0, e pi\u00f9 persone seguiranno, e cos\u00ec via. Quindi, prima di scattare quella foto di fiori selvatici, rifletti sul tuo impatto. Esiste gi\u00e0 un sentiero che ti porter\u00e0 nei fiori invece di crearne uno tuo? Invece di sdraiarti sui fiori per una foto, c&#039;\u00e8 un punto in cui stare in piedi non influir\u00e0 sui fiori intorno a te? Prendersi il tempo per pensare prima di premere il pulsante ti rende un fotografo di smartphone pi\u00f9 responsabile e gli altri intorno a te potrebbero seguire il tuo esempio.<\/p>\t\t\t\t\t\t\t\t<\/div>\n\t\t\t\t<\/div>\n\t\t\t\t<div class=\"elementor-element elementor-element-cfdfb0a elementor-widget elementor-widget-image\" data-id=\"cfdfb0a\" data-element_type=\"widget\" data-e-type=\"widget\" data-widget_type=\"image.default\">\n\t\t\t\t<div class=\"elementor-widget-container\">\n\t\t\t\t\t\t\t\t\t\t\t\t\t\t\t<img decoding=\"async\" width=\"1024\" height=\"341\" src=\"https:\/\/naturefirst.org\/wp-content\/uploads\/190525_TetonsBarn_Pano_WEB-1024x341.jpg\" class=\"attachment-large size-large wp-image-1536\" alt=\"\" srcset=\"https:\/\/naturefirst.org\/wp-content\/uploads\/190525_TetonsBarn_Pano_WEB-1024x341.jpg 1024w, https:\/\/naturefirst.org\/wp-content\/uploads\/190525_TetonsBarn_Pano_WEB-500x167.jpg 500w, https:\/\/naturefirst.org\/wp-content\/uploads\/190525_TetonsBarn_Pano_WEB-768x256.jpg 768w, https:\/\/naturefirst.org\/wp-content\/uploads\/190525_TetonsBarn_Pano_WEB-1536x512.jpg 1536w, https:\/\/naturefirst.org\/wp-content\/uploads\/190525_TetonsBarn_Pano_WEB-2048x682.jpg 2048w, https:\/\/naturefirst.org\/wp-content\/uploads\/190525_TetonsBarn_Pano_WEB-18x6.jpg 18w\" sizes=\"(max-width: 1024px) 100vw, 1024px\" \/>\t\t\t\t\t\t\t\t\t\t\t\t\t\t\t<\/div>\n\t\t\t\t<\/div>\n\t\t\t\t<div class=\"elementor-element elementor-element-1d11165 elementor-widget elementor-widget-text-editor\" data-id=\"1d11165\" data-element_type=\"widget\" data-e-type=\"widget\" data-widget_type=\"text-editor.default\">\n\t\t\t\t<div class=\"elementor-widget-container\">\n\t\t\t\t\t\t\t\t\t<div data-block-type=\"2\">\n<div>\n<h4>USA LA DISCREZIONE NELLA CONDIVISIONE DEI LUOGHI.<\/h4>\n<p>La discrezione \u00e8 particolarmente essenziale per il fotografo da smartphone! \u00c8 cos\u00ec facile condividere sui social media dopo aver scattato quella bella foto, ma dovresti pensarci due volte prima di taggare e condividere la posizione. La condivisione della posizione potrebbe potenzialmente causare pi\u00f9 danni? Le folle saranno ispirate dalla tua foto e si affolleranno per la stessa esperienza? \u00c8 un&#039;area in grado di gestire molte persone, come un sentiero lastricato o un belvedere? O \u00e8 uno stretto sentiero sterrato che conduce a un prato appartato? Usare la discrezione aiuta a proteggere questi luoghi. Essere premuroso, non significa che sei un elitario; invece, mostra un giudizio buono e responsabile.<\/p>\n<\/div>\n<\/div>\n<div data-block-type=\"2\">\n<div>\n<h4>CONOSCERE E SEGUIRE REGOLE E REGOLAMENTI.<\/h4>\n<p>Educare te stesso sui luoghi che visiti non solo ti tiene al sicuro, ma ti rende responsabile. Non scavalcare recinzioni o disobbedire a zone o segnali chiusi. Questi non sono l\u00ec per ostacolare la tua esperienza, ma per aiutare a ripristinare le aree naturali e mantenere la fauna selvatica e te stesso al sicuro. Come il principio tre, dare l&#039;esempio mostra agli altri intorno a te come agire e utilizzare il tuo smartphone in modo appropriato.<\/p>\n<h4>UTILIZZA SEMPRE I PRINCIPI DEL NON LASCIARE TRACCE E SFORZATI DI LASCIARE POSTI MIGLIORI DI COME LI HAI TROVATI.<\/h4>\n<p>Tutti possiamo esercitarci a non lasciare traccia. Non importa se utilizzi uno smartphone o una fotocamera professionale. Non lasciare impronte dove le impronte non dovrebbero essere, impacchetta ci\u00f2 che porti e lascia i posti migliori raccogliendo la spazzatura intorno a te, anche se non \u00e8 tua.<\/p>\n<h4>PROMUOVERE ATTIVAMENTE ED EDUCARE GLI ALTRI SU QUESTI PRINCIPI.<\/h4>\n<p>Come utente della fotocamera dello smartphone, puoi ispirare gli altri intorno a te. Se gli altri ti vedono agire in modo responsabile, \u00e8 probabile che seguano l&#039;esempio. Le fotocamere degli smartphone costituiscono la maggior parte della folla nei nostri parchi nazionali. Se riesci a ispirare ed educare qualcuno al tuo fianco e lo trasmette a qualcun altro, potresti essere responsabile dell&#039;educazione di pi\u00f9 persone di quanto pensi!<\/p><p><br><\/p>\n<p><em>Sulla base dell&#039;articolo <a href=\"https:\/\/naturefirst.org\/it\/news-items\/2020\/04\/28\/nature-first-principles-smartphone-photographers\/\">\u201cUsare lo smartphone per catturare la bellezza della natura? Questo movimento \u00e8 anche per te!<\/a><\/em><em style=\"font-weight: inherit;\">&quot; di&nbsp;<\/em><a style=\"font-size: 1rem; font-style: inherit; font-weight: inherit; background-color: #ffffff;\" href=\"https:\/\/www.jenniferrenwick.com\/\" target=\"_blank\" rel=\"noopener\"><em>Jennifer Renwick<\/em><\/a><em style=\"font-size: 1rem; font-weight: inherit;\">.&nbsp;<\/em><\/p>\n<p><em style=\"font-weight: inherit;\">Fotografie di <\/em><a style=\"font-style: inherit; font-weight: inherit; background-color: #ffffff;\" href=\"https:\/\/www.larsgesingfineart.com\/\" target=\"_blank\" rel=\"noopener\"><em>Lars Gesing<\/em><\/a><em style=\"font-weight: inherit;\">.<\/em><\/p>\n<\/div>\n<\/div>\t\t\t\t\t\t\t\t<\/div>\n\t\t\t\t<\/div>\n\t\t\t\t<div class=\"elementor-element elementor-element-df7dd0f elementor-widget-divider--view-line elementor-widget elementor-widget-divider\" data-id=\"df7dd0f\" data-element_type=\"widget\" data-e-type=\"widget\" data-widget_type=\"divider.default\">\n\t\t\t\t<div class=\"elementor-widget-container\">\n\t\t\t\t\t\t\t<div class=\"elementor-divider\">\n\t\t\t<span class=\"elementor-divider-separator\">\n\t\t\t\t\t\t<\/span>\n\t\t<\/div>\n\t\t\t\t\t\t<\/div>\n\t\t\t\t<\/div>\n\t\t\t\t\t<\/div>\n\t\t<\/div>\n\t\t\t\t\t<\/div>\n\t\t<\/section>\n\t\t\t\t<\/div>","protected":false},"excerpt":{"rendered":"<p>Mobile Phone Photography and The Nature First Principles Nature First is NOT just for professional photographers&#8230; Today, it&#8217;s commonplace to see people with their mobile phones standing alongside professional\/hobbyist photographers admiring a beautiful scene. The high-quality cameras built into modern smartphones allow everyone to enjoy nature photography.\u00a0 This new capability entices everyone to record and [&hellip;]<\/p>\n","protected":false},"author":2,"featured_media":0,"parent":0,"menu_order":0,"comment_status":"closed","ping_status":"closed","template":"","meta":{"_mo_disable_npp":"","site-sidebar-layout":"no-sidebar","site-content-layout":"page-builder","ast-site-content-layout":"default","site-content-style":"default","site-sidebar-style":"default","ast-global-header-display":"","ast-banner-title-visibility":"","ast-main-header-display":"","ast-hfb-above-header-display":"","ast-hfb-below-header-display":"","ast-hfb-mobile-header-display":"","site-post-title":"disabled","ast-breadcrumbs-content":"","ast-featured-img":"disabled","footer-sml-layout":"","ast-disable-related-posts":"","theme-transparent-header-meta":"","adv-header-id-meta":"","stick-header-meta":"","header-above-stick-meta":"","header-main-stick-meta":"","header-below-stick-meta":"","astra-migrate-meta-layouts":"default","ast-page-background-enabled":"default","ast-page-background-meta":{"desktop":{"background-color":"","background-image":"","background-repeat":"repeat","background-position":"center center","background-size":"auto","background-attachment":"scroll","background-type":"","background-media":"","overlay-type":"","overlay-color":"","overlay-opacity":"","overlay-gradient":""},"tablet":{"background-color":"","background-image":"","background-repeat":"repeat","background-position":"center center","background-size":"auto","background-attachment":"scroll","background-type":"","background-media":"","overlay-type":"","overlay-color":"","overlay-opacity":"","overlay-gradient":""},"mobile":{"background-color":"","background-image":"","background-repeat":"repeat","background-position":"center center","background-size":"auto","background-attachment":"scroll","background-type":"","background-media":"","overlay-type":"","overlay-color":"","overlay-opacity":"","overlay-gradient":""}},"ast-content-background-meta":{"desktop":{"background-color":"var(--ast-global-color-5)","background-image":"","background-repeat":"repeat","background-position":"center center","background-size":"auto","background-attachment":"scroll","background-type":"","background-media":"","overlay-type":"","overlay-color":"","overlay-opacity":"","overlay-gradient":""},"tablet":{"background-color":"var(--ast-global-color-5)","background-image":"","background-repeat":"repeat","background-position":"center center","background-size":"auto","background-attachment":"scroll","background-type":"","background-media":"","overlay-type":"","overlay-color":"","overlay-opacity":"","overlay-gradient":""},"mobile":{"background-color":"var(--ast-global-color-5)","background-image":"","background-repeat":"repeat","background-position":"center center","background-size":"auto","background-attachment":"scroll","background-type":"","background-media":"","overlay-type":"","overlay-color":"","overlay-opacity":"","overlay-gradient":""}},"footnotes":""},"class_list":["post-3682","page","type-page","status-publish","hentry"],"aioseo_notices":[],"_links":{"self":[{"href":"https:\/\/naturefirst.org\/it\/wp-json\/wp\/v2\/pages\/3682","targetHints":{"allow":["GET"]}}],"collection":[{"href":"https:\/\/naturefirst.org\/it\/wp-json\/wp\/v2\/pages"}],"about":[{"href":"https:\/\/naturefirst.org\/it\/wp-json\/wp\/v2\/types\/page"}],"author":[{"embeddable":true,"href":"https:\/\/naturefirst.org\/it\/wp-json\/wp\/v2\/users\/2"}],"replies":[{"embeddable":true,"href":"https:\/\/naturefirst.org\/it\/wp-json\/wp\/v2\/comments?post=3682"}],"version-history":[{"count":8,"href":"https:\/\/naturefirst.org\/it\/wp-json\/wp\/v2\/pages\/3682\/revisions"}],"predecessor-version":[{"id":3694,"href":"https:\/\/naturefirst.org\/it\/wp-json\/wp\/v2\/pages\/3682\/revisions\/3694"}],"wp:attachment":[{"href":"https:\/\/naturefirst.org\/it\/wp-json\/wp\/v2\/media?parent=3682"}],"curies":[{"name":"parola chiave","href":"https:\/\/api.w.org\/{rel}","templated":true}]}}