{"id":3695,"date":"2023-01-20T12:46:47","date_gmt":"2023-01-20T19:46:47","guid":{"rendered":"https:\/\/naturefirst.org\/?page_id=3695"},"modified":"2023-01-20T14:59:24","modified_gmt":"2023-01-20T21:59:24","slug":"wildlife-photography","status":"publish","type":"page","link":"https:\/\/naturefirst.org\/it\/wildlife-photography\/","title":{"rendered":"Fotografia naturalistica"},"content":{"rendered":"<div data-elementor-type=\"wp-page\" data-elementor-id=\"3695\" class=\"elementor elementor-3695\" data-elementor-post-type=\"page\">\n\t\t\t\t\t\t<section class=\"elementor-section elementor-top-section elementor-element elementor-element-25bb5097 elementor-section-height-min-height elementor-section-boxed elementor-section-height-default elementor-section-items-middle\" data-id=\"25bb5097\" data-element_type=\"section\" data-e-type=\"section\" data-settings=\"{&quot;background_background&quot;:&quot;classic&quot;}\">\n\t\t\t\t\t\t\t<div class=\"elementor-background-overlay\"><\/div>\n\t\t\t\t\t\t\t<div class=\"elementor-container elementor-column-gap-no\">\n\t\t\t\t\t<div class=\"elementor-column elementor-col-100 elementor-top-column elementor-element elementor-element-6565b8e9\" data-id=\"6565b8e9\" data-element_type=\"column\" data-e-type=\"column\">\n\t\t\t<div class=\"elementor-widget-wrap elementor-element-populated\">\n\t\t\t\t\t\t<div class=\"elementor-element elementor-element-6b6e0529 elementor-widget elementor-widget-image-box\" data-id=\"6b6e0529\" data-element_type=\"widget\" data-e-type=\"widget\" data-widget_type=\"image-box.default\">\n\t\t\t\t<div class=\"elementor-widget-container\">\n\t\t\t\t\t<div class=\"elementor-image-box-wrapper\"><div class=\"elementor-image-box-content\"><h1 class=\"elementor-image-box-title\">Fotografia naturalistica<\/h1><\/div><\/div>\t\t\t\t<\/div>\n\t\t\t\t<\/div>\n\t\t\t\t<div class=\"elementor-element elementor-element-3a31f854 elementor-widget elementor-widget-text-editor\" data-id=\"3a31f854\" data-element_type=\"widget\" data-e-type=\"widget\" data-widget_type=\"text-editor.default\">\n\t\t\t\t<div class=\"elementor-widget-container\">\n\t\t\t\t\t\t\t\t\t<p>e i Principi Nature First<\/p>\t\t\t\t\t\t\t\t<\/div>\n\t\t\t\t<\/div>\n\t\t\t\t\t<\/div>\n\t\t<\/div>\n\t\t\t\t\t<\/div>\n\t\t<\/section>\n\t\t\t\t<section class=\"elementor-section elementor-top-section elementor-element elementor-element-636eaf37 elementor-section-boxed elementor-section-height-default elementor-section-height-default\" data-id=\"636eaf37\" data-element_type=\"section\" data-e-type=\"section\">\n\t\t\t\t\t\t<div class=\"elementor-container elementor-column-gap-default\">\n\t\t\t\t\t<div class=\"elementor-column elementor-col-100 elementor-top-column elementor-element elementor-element-3a879622\" data-id=\"3a879622\" data-element_type=\"column\" data-e-type=\"column\">\n\t\t\t<div class=\"elementor-widget-wrap elementor-element-populated\">\n\t\t\t\t\t\t<div class=\"elementor-element elementor-element-58081efd elementor-widget elementor-widget-heading\" data-id=\"58081efd\" data-element_type=\"widget\" data-e-type=\"widget\" data-widget_type=\"heading.default\">\n\t\t\t\t<div class=\"elementor-widget-container\">\n\t\t\t\t\t<h2 class=\"elementor-heading-title elementor-size-default\">I principi Nature First e la fotografia naturalistica<\/h2>\t\t\t\t<\/div>\n\t\t\t\t<\/div>\n\t\t\t\t<div class=\"elementor-element elementor-element-0e5ef3a elementor-widget-divider--view-line elementor-widget elementor-widget-divider\" data-id=\"0e5ef3a\" data-element_type=\"widget\" data-e-type=\"widget\" data-widget_type=\"divider.default\">\n\t\t\t\t<div class=\"elementor-widget-container\">\n\t\t\t\t\t\t\t<div class=\"elementor-divider\">\n\t\t\t<span class=\"elementor-divider-separator\">\n\t\t\t\t\t\t<\/span>\n\t\t<\/div>\n\t\t\t\t\t\t<\/div>\n\t\t\t\t<\/div>\n\t\t\t\t<div class=\"elementor-element elementor-element-b53570f elementor-widget elementor-widget-text-editor\" data-id=\"b53570f\" data-element_type=\"widget\" data-e-type=\"widget\" data-widget_type=\"text-editor.default\">\n\t\t\t\t<div class=\"elementor-widget-container\">\n\t\t\t\t\t\t\t\t\t<figure id=\"attachment_1530\" aria-describedby=\"caption-attachment-1530\" style=\"width: 500px\" class=\"wp-caption alignright\"><img fetchpriority=\"high\" decoding=\"async\" src=\"https:\/\/naturefirst.org\/wp-content\/uploads\/IMG_8076-2048x1395-500x341.jpg\" alt=\"\" width=\"500\" height=\"341\"><figcaption id=\"caption-attachment-1530\" class=\"wp-caption-text\">Lupo di Yellowstone<\/figcaption><\/figure>\n<p>Essere un fotografo naturalista responsabile \u00e8 importante per il benessere degli animali e del loro habitat naturale, oltre che per la tua sicurezza personale.<\/p>\n<p>Bisogna fare molta attenzione a non alterare, influenzare o influenzare il comportamento naturale di un animale. Uno dei modi migliori per farlo \u00e8 rispettare le norme e i regolamenti locali per mantenere una distanza di sicurezza. Anche se questo significa che non puoi ottenere &quot;lo scatto&quot; che desideri, puoi sentirti meglio con te stesso per aver fatto bene alla fauna selvatica ea te stesso.<\/p>\n<p>Diamo un&#039;occhiata ai principi Nature First e a come possiamo applicarli alla fotografia naturalistica per diventare migliori ambasciatori della fauna selvatica, dei loro habitat e di tutto il mondo naturale.<\/p>\t\t\t\t\t\t\t\t<\/div>\n\t\t\t\t<\/div>\n\t\t\t\t<div class=\"elementor-element elementor-element-8d455d6 elementor-widget elementor-widget-text-editor\" data-id=\"8d455d6\" data-element_type=\"widget\" data-e-type=\"widget\" data-widget_type=\"text-editor.default\">\n\t\t\t\t<div class=\"elementor-widget-container\">\n\t\t\t\t\t\t\t\t\t<p class=\"\">\n<\/p><h4><strong>PRIORIT\u00c0 AL BENESSERE DELLA NATURA RISPETTO ALLA FOTOGRAFIA<\/strong><\/h4>\n<p class=\"\">Questo principio \u00e8 piuttosto semplice quando si tratta di fauna selvatica, ma pu\u00f2 essere difficile da seguire se si viene coinvolti nell&#039;ottenere &quot;l&#039;inquadratura&quot;. Mettere la natura al primo posto significa mettere la fauna selvatica al primo posto, sempre. Ci\u00f2 significa garantire che le tue azioni non lo facciano&nbsp;<span style=\"font-style: inherit; font-weight: inherit;\">interrompere o alterare il comportamento naturale degli animali, compreso il movimento lungo i percorsi che stanno cercando di intraprendere. Inoltre, rispetta il loro habitat. \u00c8 la loro casa e devono conviverci, anche dopo che te ne sei andato per tornare a casa tua. Le foto migliori sono sempre quelle di animali che mostrano il loro comportamento naturale, non quelle che reagiscono a interferenze o stress esterni.<\/span><\/p>\n<h4><strong>INFORMATI SUI LUOGHI CHE FOTOGRAFI<\/strong><\/h4>\n<p class=\"\">Questo richiede solo un piccolo sforzo, ma le informazioni sono solitamente prontamente disponibili. Molti parchi e foreste nazionali forniscono molte informazioni sui loro siti Web e dispense informative sui diversi ecosistemi, habitat e fauna selvatica. Pi\u00f9 conosci una specie, i suoi comportamenti e l&#039;habitat, meglio sarai in grado di prevedere dove e quando potresti vederli e fotografarli. Spesso i parchi pubblicano orari e luoghi di avvistamenti recenti che possono anche aumentare le possibilit\u00e0 di vedere la fauna selvatica. Nature First incoraggia sempre i fotografi a farlo&nbsp;<b>sapere prima di andare<\/b>. Migliorer\u00e0 la tua esperienza E creer\u00e0 immagini migliori.<\/p>\t\t\t\t\t\t\t\t<\/div>\n\t\t\t\t<\/div>\n\t\t\t\t<div class=\"elementor-element elementor-element-56b24dd elementor-widget elementor-widget-image\" data-id=\"56b24dd\" data-element_type=\"widget\" data-e-type=\"widget\" data-widget_type=\"image.default\">\n\t\t\t\t<div class=\"elementor-widget-container\">\n\t\t\t\t\t\t\t\t\t\t\t\t\t\t\t<img decoding=\"async\" width=\"1024\" height=\"683\" src=\"https:\/\/naturefirst.org\/wp-content\/uploads\/HS9A9761-2048x1365-1024x683.jpg\" class=\"attachment-large size-large wp-image-1531\" alt=\"\" srcset=\"https:\/\/naturefirst.org\/wp-content\/uploads\/HS9A9761-2048x1365-1024x683.jpg 1024w, https:\/\/naturefirst.org\/wp-content\/uploads\/HS9A9761-2048x1365-500x333.jpg 500w, https:\/\/naturefirst.org\/wp-content\/uploads\/HS9A9761-2048x1365-768x512.jpg 768w, https:\/\/naturefirst.org\/wp-content\/uploads\/HS9A9761-2048x1365-1536x1024.jpg 1536w, https:\/\/naturefirst.org\/wp-content\/uploads\/HS9A9761-2048x1365-18x12.jpg 18w, https:\/\/naturefirst.org\/wp-content\/uploads\/HS9A9761-2048x1365.jpg 2048w\" sizes=\"(max-width: 1024px) 100vw, 1024px\" \/>\t\t\t\t\t\t\t\t\t\t\t\t\t\t\t<\/div>\n\t\t\t\t<\/div>\n\t\t\t\t<div class=\"elementor-element elementor-element-42871e1 elementor-widget elementor-widget-text-editor\" data-id=\"42871e1\" data-element_type=\"widget\" data-e-type=\"widget\" data-widget_type=\"text-editor.default\">\n\t\t\t\t<div class=\"elementor-widget-container\">\n\t\t\t\t\t\t\t\t\t<h4><strong>RIFLETTI SUL POSSIBILE IMPATTO DELLE TUE AZIONI<\/strong><\/h4><p>Le nostre azioni sono estremamente importanti quando si ha a che fare con la fauna selvatica. Il nostro comportamento pu\u00f2 interferire con la fauna selvatica che si prende cura dei propri piccoli, abbandonandoli e accoppiandosi. Inoltre, a volte il potenziale impatto non \u00e8 evidente per il visitatore occasionale. Ad esempio, guidare un branco di bisonti sulla strada di Yellowstone pu\u00f2 farli correre, quando hanno bisogno di conservare tutta la loro energia per sopravvivere all&#039;inverno. Il semplice atto di fermarsi e aspettare che gli animali si allontanino dalla strada al proprio ritmo pu\u00f2 fare un&#039;enorme differenza per il loro benessere.\u00a0<\/p><p>Quando troppe persone si avvicinano troppo alla fauna selvatica o consentono loro di accedere al cibo, le conseguenze sono spesso gravi. Ad esempio, gli orsi neri e grizzly possono sviluppare comportamenti eccessivamente aggressivi dopo un&#039;eccessiva interazione con le persone. Questi animali spesso finiscono per essere trasferiti dalla loro casa originale, o talvolta devono essere soppressi.\u00a0<\/p><h4><strong>USA LA DISCREZIONE SE CONDIVIDI LE POSIZIONI<\/strong><\/h4><p>Questo \u00e8 uno dei modi pi\u00f9 semplici per proteggere la fauna selvatica. Quando torni a casa e condividi le tue foto sui social media, considera di condividere solo l&#039;area generale, come il parco nazionale, e non la posizione specifica. Immagina se dieci persone stessero guardando un orso grizzly e poi andassero tutte a casa e pubblicassero la posizione esatta. Il giorno dopo potrebbero esserci centinaia di persone che cercano quell&#039;orso nello stesso luogo. Questi sono i tipi di situazioni che sopraffanno la fauna selvatica. Prenditi un po&#039; di tempo per valutare se vale la pena condividere un luogo o meno e come potrebbe avere un impatto sugli animali a cui tieni.<\/p><h4><strong>CONOSCERE E SEGUIRE REGOLE E REGOLAMENTI<\/strong><\/h4><figure id=\"attachment_1532\" aria-describedby=\"caption-attachment-1532\" style=\"width: 500px\" class=\"wp-caption alignright\"><img decoding=\"async\" class=\"wp-image-1532 size-medium\" src=\"https:\/\/naturefirst.org\/wp-content\/uploads\/1I1A2169-2-2048x1384-500x338.jpg\" alt=\"\" width=\"500\" height=\"338\" srcset=\"https:\/\/naturefirst.org\/wp-content\/uploads\/1I1A2169-2-2048x1384-500x338.jpg 500w, https:\/\/naturefirst.org\/wp-content\/uploads\/1I1A2169-2-2048x1384-1024x692.jpg 1024w, https:\/\/naturefirst.org\/wp-content\/uploads\/1I1A2169-2-2048x1384-768x519.jpg 768w, https:\/\/naturefirst.org\/wp-content\/uploads\/1I1A2169-2-2048x1384-1536x1038.jpg 1536w, https:\/\/naturefirst.org\/wp-content\/uploads\/1I1A2169-2-2048x1384-18x12.jpg 18w, https:\/\/naturefirst.org\/wp-content\/uploads\/1I1A2169-2-2048x1384.jpg 2048w\" sizes=\"(max-width: 500px) 100vw, 500px\" \/><figcaption id=\"caption-attachment-1532\" class=\"wp-caption-text\">Pecore Bighorn<\/figcaption><\/figure><p>Conoscere e seguire le regole e i regolamenti locali \u00e8 di fondamentale importanza nella fotografia naturalistica. Le regole sono pensate per il benessere della fauna selvatica, cos\u00ec come per la tua sicurezza personale, e sono facili da trovare sui siti web dei parchi e delle foreste o nelle informazioni che ti vengono fornite all&#039;ingresso del parco.<\/p><p>Assicurati di conoscere le regole e i regolamenti dell&#039;area per la distanza di osservazione richiesta dalla fauna selvatica. Questo di solito varia a seconda della zona e delle specie animali. Ad esempio, nel Parco Nazionale di Yellowstone, devi tenerti a 100 metri da orsi e lupi, ma a soli 25 metri da alci e cervi. Nel Smoky Mountains National Park, la regola \u00e8 di tenersi a 50 metri da alci e orsi neri. Quindi, abbi cura di imparare le regole in diverse aree. Inoltre, fai attenzione agli animali in movimento. Molti animali possono viaggiare rapidamente attraverso il loro ambiente e questo potrebbe avvicinarli a te pi\u00f9 velocemente di quanto ti aspettassi.\u00a0<\/p><p><span style=\"font-size: 1rem;\">Fai attenzione a seguire le regole che vietano l&#039;avvicinamento o l&#039;alimentazione della fauna selvatica, ecc. <\/span><span style=\"font-style: inherit; font-weight: inherit;\">\u00c8 anche comune vedere altre regole come accendere luci o fare rumore per attirare l&#039;attenzione della fauna selvatica.\u00a0<\/span><\/p><p>Nelle aree con meno regole, come il tuo quartiere, dovresti essere abbastanza informato da discernere la distanza di visione appropriata. Ad esempio, ci\u00f2 potrebbe significare mantenere la stessa distanza che faresti in un parco nazionale. Una buona pratica \u00e8 assicurarsi che la tua presenza non abbia mai un impatto o modifichi il comportamento dell&#039;animale.\u00a0<span style=\"font-style: inherit; font-weight: inherit;\"><br \/><\/span><\/p><p><span style=\"font-size: 1rem;\">Imparare e seguire le norme e i regolamenti locali pu\u00f2 sembrare noioso. Ma sappi che le regole sono n<\/span>non arbitrario. Sono progettati per il benessere degli animali e la tua sicurezza personale.<span style=\"font-style: inherit; font-weight: inherit;\"><br \/><\/span><\/p>\t\t\t\t\t\t\t\t<\/div>\n\t\t\t\t<\/div>\n\t\t\t\t<div class=\"elementor-element elementor-element-70bee51 elementor-widget elementor-widget-text-editor\" data-id=\"70bee51\" data-element_type=\"widget\" data-e-type=\"widget\" data-widget_type=\"text-editor.default\">\n\t\t\t\t<div class=\"elementor-widget-container\">\n\t\t\t\t\t\t\t\t\t<h4><strong>SEGUITE SEMPRE I PRINCIPI DEL NON LASCIARE TRACCIA E SFORZATE DI LASCIARE POSTI MIGLIORI DI COME LI AVETE TROVATI<\/strong><\/h4><p><span style=\"font-size: 1rem;\">Puoi saperne di pi\u00f9 su Non lasciare traccia\u00a0<\/span><a style=\"font-size: 1rem; background-color: #ffffff;\" href=\"https:\/\/lnt.org\/why\/7-principles\/\"><span style=\"font-weight: bold;\">qui.<\/span><\/a>\u00a0Queste pratiche consolidate forniscono ottimi consigli a tutti coloro che ricreano nella natura, che siamo fotografi, escursionisti, campeggiatori, scalatori, ecc.\u00a0<\/p><h4><strong>PROMUOVERE ATTIVAMENTE ED EDUCARE GLI ALTRI SU QUESTI PRINCIPI<\/strong><\/h4><p>Gli esseri umani hanno un&#039;affinit\u00e0 naturale e l&#039;amore per la fauna selvatica. Ma l&#039;importanza di tutte le specie selvatiche e dei loro habitat \u00e8 spesso sottovalutata o trascurata dalle societ\u00e0 odierne. Se la fauna selvatica \u00e8 importante per te come fotografo, allora dovresti aiutarla a preservarla praticando una fotografia naturalistica responsabile. Dai l&#039;esempio e insegna agli altri intorno a te il valore degli animali selvatici e dei loro habitat.\u00a0<\/p>\t\t\t\t\t\t\t\t<\/div>\n\t\t\t\t<\/div>\n\t\t\t\t<div class=\"elementor-element elementor-element-14bb1a2 elementor-widget elementor-widget-image\" data-id=\"14bb1a2\" data-element_type=\"widget\" data-e-type=\"widget\" data-widget_type=\"image.default\">\n\t\t\t\t<div class=\"elementor-widget-container\">\n\t\t\t\t\t\t\t\t\t\t\t\t\t\t\t<img loading=\"lazy\" decoding=\"async\" width=\"1024\" height=\"737\" src=\"https:\/\/naturefirst.org\/wp-content\/uploads\/HS9A8776-2048x1473-1024x737.jpg\" class=\"attachment-large size-large wp-image-1533\" alt=\"\" srcset=\"https:\/\/naturefirst.org\/wp-content\/uploads\/HS9A8776-2048x1473-1024x737.jpg 1024w, https:\/\/naturefirst.org\/wp-content\/uploads\/HS9A8776-2048x1473-500x360.jpg 500w, https:\/\/naturefirst.org\/wp-content\/uploads\/HS9A8776-2048x1473-768x552.jpg 768w, https:\/\/naturefirst.org\/wp-content\/uploads\/HS9A8776-2048x1473-1536x1105.jpg 1536w, https:\/\/naturefirst.org\/wp-content\/uploads\/HS9A8776-2048x1473-18x12.jpg 18w, https:\/\/naturefirst.org\/wp-content\/uploads\/HS9A8776-2048x1473.jpg 2048w\" sizes=\"(max-width: 1024px) 100vw, 1024px\" \/>\t\t\t\t\t\t\t\t\t\t\t\t\t\t\t<\/div>\n\t\t\t\t<\/div>\n\t\t\t\t<div class=\"elementor-element elementor-element-dbf17fb elementor-widget elementor-widget-text-editor\" data-id=\"dbf17fb\" data-element_type=\"widget\" data-e-type=\"widget\" data-widget_type=\"text-editor.default\">\n\t\t\t\t<div class=\"elementor-widget-container\">\n\t\t\t\t\t\t\t\t\t<p><em style=\"font-weight: inherit;\">Sulla base dell&#039;articolo <a href=\"https:\/\/naturefirst.org\/it\/news-items\/2020\/05\/28\/the-nature-first-principles-in-wildlife-photography\/\">&quot;I principi Nature First nella fotografia naturalistica&quot;<\/a> di Brynn Schmidt<\/em><\/p>\t\t\t\t\t\t\t\t<\/div>\n\t\t\t\t<\/div>\n\t\t\t\t<div class=\"elementor-element elementor-element-65e360d9 elementor-widget-divider--view-line elementor-widget elementor-widget-divider\" data-id=\"65e360d9\" data-element_type=\"widget\" data-e-type=\"widget\" data-widget_type=\"divider.default\">\n\t\t\t\t<div class=\"elementor-widget-container\">\n\t\t\t\t\t\t\t<div class=\"elementor-divider\">\n\t\t\t<span class=\"elementor-divider-separator\">\n\t\t\t\t\t\t<\/span>\n\t\t<\/div>\n\t\t\t\t\t\t<\/div>\n\t\t\t\t<\/div>\n\t\t\t\t\t<\/div>\n\t\t<\/div>\n\t\t\t\t\t<\/div>\n\t\t<\/section>\n\t\t\t\t<\/div>","protected":false},"excerpt":{"rendered":"<p>Wildlife Photography and the Nature First Principles The Nature First Principles and Wildlife Photography Being a responsible wildlife photographer is important for the well-being of the animals and their natural habitat, as well as for your own personal safety. Great care should be taken to not alter, affect or impact an animal&#8217;s natural behavior. One [&hellip;]<\/p>\n","protected":false},"author":2,"featured_media":0,"parent":0,"menu_order":0,"comment_status":"closed","ping_status":"closed","template":"","meta":{"_mo_disable_npp":"","site-sidebar-layout":"no-sidebar","site-content-layout":"page-builder","ast-site-content-layout":"default","site-content-style":"default","site-sidebar-style":"default","ast-global-header-display":"","ast-banner-title-visibility":"","ast-main-header-display":"","ast-hfb-above-header-display":"","ast-hfb-below-header-display":"","ast-hfb-mobile-header-display":"","site-post-title":"disabled","ast-breadcrumbs-content":"","ast-featured-img":"disabled","footer-sml-layout":"","ast-disable-related-posts":"","theme-transparent-header-meta":"","adv-header-id-meta":"","stick-header-meta":"","header-above-stick-meta":"","header-main-stick-meta":"","header-below-stick-meta":"","astra-migrate-meta-layouts":"default","ast-page-background-enabled":"default","ast-page-background-meta":{"desktop":{"background-color":"","background-image":"","background-repeat":"repeat","background-position":"center center","background-size":"auto","background-attachment":"scroll","background-type":"","background-media":"","overlay-type":"","overlay-color":"","overlay-opacity":"","overlay-gradient":""},"tablet":{"background-color":"","background-image":"","background-repeat":"repeat","background-position":"center center","background-size":"auto","background-attachment":"scroll","background-type":"","background-media":"","overlay-type":"","overlay-color":"","overlay-opacity":"","overlay-gradient":""},"mobile":{"background-color":"","background-image":"","background-repeat":"repeat","background-position":"center center","background-size":"auto","background-attachment":"scroll","background-type":"","background-media":"","overlay-type":"","overlay-color":"","overlay-opacity":"","overlay-gradient":""}},"ast-content-background-meta":{"desktop":{"background-color":"var(--ast-global-color-5)","background-image":"","background-repeat":"repeat","background-position":"center center","background-size":"auto","background-attachment":"scroll","background-type":"","background-media":"","overlay-type":"","overlay-color":"","overlay-opacity":"","overlay-gradient":""},"tablet":{"background-color":"var(--ast-global-color-5)","background-image":"","background-repeat":"repeat","background-position":"center center","background-size":"auto","background-attachment":"scroll","background-type":"","background-media":"","overlay-type":"","overlay-color":"","overlay-opacity":"","overlay-gradient":""},"mobile":{"background-color":"var(--ast-global-color-5)","background-image":"","background-repeat":"repeat","background-position":"center center","background-size":"auto","background-attachment":"scroll","background-type":"","background-media":"","overlay-type":"","overlay-color":"","overlay-opacity":"","overlay-gradient":""}},"footnotes":""},"class_list":["post-3695","page","type-page","status-publish","hentry"],"aioseo_notices":[],"_links":{"self":[{"href":"https:\/\/naturefirst.org\/it\/wp-json\/wp\/v2\/pages\/3695","targetHints":{"allow":["GET"]}}],"collection":[{"href":"https:\/\/naturefirst.org\/it\/wp-json\/wp\/v2\/pages"}],"about":[{"href":"https:\/\/naturefirst.org\/it\/wp-json\/wp\/v2\/types\/page"}],"author":[{"embeddable":true,"href":"https:\/\/naturefirst.org\/it\/wp-json\/wp\/v2\/users\/2"}],"replies":[{"embeddable":true,"href":"https:\/\/naturefirst.org\/it\/wp-json\/wp\/v2\/comments?post=3695"}],"version-history":[{"count":8,"href":"https:\/\/naturefirst.org\/it\/wp-json\/wp\/v2\/pages\/3695\/revisions"}],"predecessor-version":[{"id":3713,"href":"https:\/\/naturefirst.org\/it\/wp-json\/wp\/v2\/pages\/3695\/revisions\/3713"}],"wp:attachment":[{"href":"https:\/\/naturefirst.org\/it\/wp-json\/wp\/v2\/media?parent=3695"}],"curies":[{"name":"parola chiave","href":"https:\/\/api.w.org\/{rel}","templated":true}]}}