{"id":3706,"date":"2023-01-20T14:45:29","date_gmt":"2023-01-20T21:45:29","guid":{"rendered":"https:\/\/naturefirst.org\/?page_id=3706"},"modified":"2024-01-23T06:33:30","modified_gmt":"2024-01-23T13:33:30","slug":"for-workshop-leaders","status":"publish","type":"page","link":"https:\/\/naturefirst.org\/it\/for-workshop-leaders\/","title":{"rendered":"Per i responsabili dell&#039;officina"},"content":{"rendered":"<div data-elementor-type=\"wp-page\" data-elementor-id=\"3706\" class=\"elementor elementor-3706\" data-elementor-post-type=\"page\">\n\t\t\t\t\t\t<section class=\"elementor-section elementor-top-section elementor-element elementor-element-4789b334 elementor-section-height-min-height elementor-section-boxed elementor-section-height-default elementor-section-items-middle\" data-id=\"4789b334\" data-element_type=\"section\" data-e-type=\"section\" data-settings=\"{&quot;background_background&quot;:&quot;classic&quot;}\">\n\t\t\t\t\t\t\t<div class=\"elementor-background-overlay\"><\/div>\n\t\t\t\t\t\t\t<div class=\"elementor-container elementor-column-gap-no\">\n\t\t\t\t\t<div class=\"elementor-column elementor-col-100 elementor-top-column elementor-element elementor-element-4c2c5086\" data-id=\"4c2c5086\" data-element_type=\"column\" data-e-type=\"column\">\n\t\t\t<div class=\"elementor-widget-wrap elementor-element-populated\">\n\t\t\t\t\t\t<div class=\"elementor-element elementor-element-43369568 elementor-widget elementor-widget-image-box\" data-id=\"43369568\" data-element_type=\"widget\" data-e-type=\"widget\" data-widget_type=\"image-box.default\">\n\t\t\t\t<div class=\"elementor-widget-container\">\n\t\t\t\t\t<div class=\"elementor-image-box-wrapper\"><div class=\"elementor-image-box-content\"><h1 class=\"elementor-image-box-title\">Per i responsabili dell&#039;officina<\/h1><\/div><\/div>\t\t\t\t<\/div>\n\t\t\t\t<\/div>\n\t\t\t\t<div class=\"elementor-element elementor-element-2569a105 elementor-widget elementor-widget-text-editor\" data-id=\"2569a105\" data-element_type=\"widget\" data-e-type=\"widget\" data-widget_type=\"text-editor.default\">\n\t\t\t\t<div class=\"elementor-widget-container\">\n\t\t\t\t\t\t\t\t\t<p>Raccomandazioni Nature First<\/p>\t\t\t\t\t\t\t\t<\/div>\n\t\t\t\t<\/div>\n\t\t\t\t\t<\/div>\n\t\t<\/div>\n\t\t\t\t\t<\/div>\n\t\t<\/section>\n\t\t\t\t<section class=\"elementor-section elementor-top-section elementor-element elementor-element-60c8fe6d elementor-section-boxed elementor-section-height-default elementor-section-height-default\" data-id=\"60c8fe6d\" data-element_type=\"section\" data-e-type=\"section\">\n\t\t\t\t\t\t<div class=\"elementor-container elementor-column-gap-default\">\n\t\t\t\t\t<div class=\"elementor-column elementor-col-100 elementor-top-column elementor-element elementor-element-6e4d1e98\" data-id=\"6e4d1e98\" data-element_type=\"column\" data-e-type=\"column\">\n\t\t\t<div class=\"elementor-widget-wrap elementor-element-populated\">\n\t\t\t\t\t\t<div class=\"elementor-element elementor-element-53cacec8 elementor-widget elementor-widget-heading\" data-id=\"53cacec8\" data-element_type=\"widget\" data-e-type=\"widget\" data-widget_type=\"heading.default\">\n\t\t\t\t<div class=\"elementor-widget-container\">\n\t\t\t\t\t<h2 class=\"elementor-heading-title elementor-size-default\">Leader del workshop, PUOI impegnarti a rispettare i principi Nature First<\/h2>\t\t\t\t<\/div>\n\t\t\t\t<\/div>\n\t\t\t\t<div class=\"elementor-element elementor-element-50f9089c elementor-widget-divider--view-line elementor-widget elementor-widget-divider\" data-id=\"50f9089c\" data-element_type=\"widget\" data-e-type=\"widget\" data-widget_type=\"divider.default\">\n\t\t\t\t<div class=\"elementor-widget-container\">\n\t\t\t\t\t\t\t<div class=\"elementor-divider\">\n\t\t\t<span class=\"elementor-divider-separator\">\n\t\t\t\t\t\t<\/span>\n\t\t<\/div>\n\t\t\t\t\t\t<\/div>\n\t\t\t\t<\/div>\n\t\t\t\t<div class=\"elementor-element elementor-element-fbcf9e5 elementor-widget elementor-widget-text-editor\" data-id=\"fbcf9e5\" data-element_type=\"widget\" data-e-type=\"widget\" data-widget_type=\"text-editor.default\">\n\t\t\t\t<div class=\"elementor-widget-container\">\n\t\t\t\t\t\t\t\t\t<p style=\"font-size: 18px; font-style: normal; font-weight: 300;\">Comprendiamo che seguire i principi Nature First potrebbe\u00a0<i>sembrare\u00a0<\/i>come un&#039;impresa impossibile per un istruttore di workshop di fotografia naturalistica a tempo pieno o part-time. Qualcuno di recente ci ha detto che \u201cpreservare le aree mentre si cerca anche di guadagnarsi da vivere con laboratori di fotografia naturalistica sono due idee contrastanti\u201d. Possiamo relazionarci con questo sentimento poich\u00e9 era qualcosa con cui ci siamo confrontati e su cui abbiamo riflettuto profondamente a Nature First.<\/p><p style=\"font-size: 18px; font-style: normal; font-weight: 300;\">Guadagnarsi da vivere come fotografo professionista che dipende dal reddito del workshop pu\u00f2 essere incredibilmente difficile. Con l&#039;aumentare della competizione ogni anno, gli istruttori del workshop hanno dovuto trovare il modo di differenziarsi per competere. C&#039;\u00e8 un forte impulso a portare le persone in aree belle ma delicate che non possono sostenere gli impatti associati alle visite - in effetti, molti di noi lo facevano fino a quando non abbiamo visto gli impatti negativi che stavamo causando.<\/p><blockquote><p><span style=\"color: #808080;\"><strong>Riteniamo che esistano approcci alternativi che non solo aiutano a differenziarti come fotografo, ma ti consentono anche di aderire ai principi Nature First.<\/strong><\/span><\/p><\/blockquote>\t\t\t\t\t\t\t\t<\/div>\n\t\t\t\t<\/div>\n\t\t\t\t<div class=\"elementor-element elementor-element-e0e99c7 elementor-widget elementor-widget-text-editor\" data-id=\"e0e99c7\" data-element_type=\"widget\" data-e-type=\"widget\" data-widget_type=\"text-editor.default\">\n\t\t\t\t<div class=\"elementor-widget-container\">\n\t\t\t\t\t\t\t\t\t<p class=\"\"><span style=\"font-style: inherit; font-weight: inherit;\"><img fetchpriority=\"high\" decoding=\"async\" class=\"alignright wp-image-1490\" src=\"https:\/\/naturefirst.org\/wp-content\/uploads\/image-asset-334x500.jpg\" alt=\"\" width=\"400\" height=\"600\" srcset=\"https:\/\/naturefirst.org\/wp-content\/uploads\/image-asset-334x500.jpg 334w, https:\/\/naturefirst.org\/wp-content\/uploads\/image-asset-683x1024.jpg 683w, https:\/\/naturefirst.org\/wp-content\/uploads\/image-asset-768x1151.jpg 768w, https:\/\/naturefirst.org\/wp-content\/uploads\/image-asset-1025x1536.jpg 1025w, https:\/\/naturefirst.org\/wp-content\/uploads\/image-asset-1366x2048.jpg 1366w, https:\/\/naturefirst.org\/wp-content\/uploads\/image-asset-8x12.jpg 8w, https:\/\/naturefirst.org\/wp-content\/uploads\/image-asset-scaled.jpg 1708w\" sizes=\"(max-width: 400px) 100vw, 400px\" \/>Per cominciare, i leader di workshop di successo devono fare molto di pi\u00f9 che fornire un&#039;ottima location. Ecco un elenco di cose che puoi (e dovresti) insegnare agli studenti che non dipendono dalla posizione:<\/span><\/p><ol><li>Nuove tecniche fotografiche<\/li><li>Approcci filosofici al mestiere (come la fotografia lenta, la consapevolezza, ecc.)<\/li><li>Come vedere grandi composizioni (questo \u00e8 forse ancora pi\u00f9 gratificante per gli studenti in luoghi non iconici o eccezionali)<\/li><li>Vedere con una visione unica\u00a0<\/li><\/ol><div><blockquote><p class=\"\"><span style=\"color: #808080;\"><strong>La maggior parte dei partecipanti concorder\u00e0 sul fatto che i suggerimenti di cui sopra sono molto pi\u00f9 preziosi, a lungo termine, che visitare qualsiasi luogo iconico.\u00a0<\/strong><\/span><\/p><\/blockquote><p class=\"\">Condurre gli studenti del workshop in luoghi rari, o peggio, quelli che non possono gestire una grande quantit\u00e0 di visite, esacerba una realt\u00e0 peggiorata dai social media. E &quot;Tutti gli altri portano gi\u00e0 seminari in questi luoghi, quindi perch\u00e9 \u00e8 importante?&quot; \u00e8 un argomento che perpetua solo il danno cumulativo a lungo termine e l&#039;impatto negativo sul nostro mondo naturale.\u00a0<span style=\"font-style: inherit; font-weight: inherit;\">Se un luogo \u00e8 gi\u00e0 sulla mappa e predisposto per gestire grandi quantit\u00e0 di visite, potrebbe sembrare eticamente valido tenere un seminario l\u00ec. D&#039;altra parte, se la posizione \u00e8 in costante deterioramento a causa dell&#039;aumento delle visite, \u00e8 necessaria una nuova valutazione.\u00a0<\/span><\/p><p class=\"\">Ecco alcune domande che puoi porti prima di portare i gruppi in un luogo particolare:<\/p><ol><li>Cosa offre questa sede dal punto di vista dell&#039;insegnamento che altre sedi non offrono?<\/li><li>C&#039;\u00e8 gi\u00e0 stato un impatto significativo sul luogo e il futuro aumento delle visite avr\u00e0 un impatto maggiore?<\/li><li>Se porto i gruppi in questo luogo, anche loro saranno costretti a portare pi\u00f9 persone qui e, quindi, aumenteranno l&#039;impatto negativo sul luogo?<\/li><li>Pensando avanti di 15 anni e vedendo questo luogo \u201crovinato\u201d per altre persone, il guadagno personale che hai ottenuto \u00e8 maggiore che vederlo irrevocabilmente cambiato?<\/li><\/ol><p>Ecco alcune altre cose da considerare come leader di un seminario che sta lottando con l&#039;idea che devi portare qualcuno in un luogo iconico che non pu\u00f2 sostenere la visita:<\/p><ol><li>In quale altro modo posso insegnare ai miei studenti?<\/li><li>In quale altro modo posso guadagnarmi da vivere fornendo questi servizi senza influire sulle localit\u00e0?<\/li><li>Quali altri modelli di monetizzazione esistono che potrebbero avere lo stesso impatto finanziario e ridurre l&#039;impatto sulla posizione?\u00a0<\/li><li>Queste posizioni ti forniscono sostenibilit\u00e0 finanziaria. Come puoi restituire a questi luoghi attraverso il volontariato, l&#039;advocacy o educando gli altri sulla loro fragilit\u00e0?<\/li><li>In quale altro modo posso commercializzare il mio workshop a potenziali studenti senza disegnare una fotografia o un luogo iconico? I suggerimenti includono concentrarsi su ci\u00f2 che verr\u00e0 appreso, come sar\u00e0 l&#039;esperienza e come verr\u00e0 migliorata la propria fotografia.<\/li><li>Puoi concentrarti su un&#039;area generale anzich\u00e9 su un luogo specifico? Ad esempio, \u00e8 facile entusiasmarsi per un luogo come la Death Valley o il Colorado in autunno senza implicare o suggerire che verranno visitati determinati luoghi all&#039;interno di quei luoghi.\u00a0<\/li><li>Come puoi aderire e fare appello agli ideali di conservazione nel tuo marketing per attirare pi\u00f9 studenti senza compromettere luoghi specifici?<\/li><\/ol><div><div id=\"block-yui_3_17_2_1_1606260716667_4189\" class=\"sqs-block html-block sqs-block-html\" data-block-type=\"2\"><div class=\"sqs-block-content\"><p class=\"\"><img decoding=\"async\" class=\"wp-image-1491 alignright\" src=\"https:\/\/naturefirst.org\/wp-content\/uploads\/1_image-asset-333x500.jpg\" alt=\"\" width=\"400\" height=\"600\" srcset=\"https:\/\/naturefirst.org\/wp-content\/uploads\/1_image-asset-333x500.jpg 333w, https:\/\/naturefirst.org\/wp-content\/uploads\/1_image-asset-683x1024.jpg 683w, https:\/\/naturefirst.org\/wp-content\/uploads\/1_image-asset-768x1152.jpg 768w, https:\/\/naturefirst.org\/wp-content\/uploads\/1_image-asset-8x12.jpg 8w, https:\/\/naturefirst.org\/wp-content\/uploads\/1_image-asset.jpg 812w\" sizes=\"(max-width: 400px) 100vw, 400px\" \/>Studiare come alcuni fotografi di spicco si sono differenziati dal branco offrendo offerte non dipendenti dalla posizione potrebbe aiutare altri fotografi a pensare ad altri approcci per offrire workshop. Alcuni esempi sono:<\/p><ol><li>Guy Tal e Michael Gordon <a href=\"http:\/\/www.visionaryphotoworkshops.com\/concept\">offrire workshop<\/a> incentrato sull&#039;apprendimento filosofico, la storia naturale, la comunicazione visiva e la post-elaborazione.<\/li><li>Colleen Miniuk <a href=\"https:\/\/www.colleenminiuk.com\/\">offre workshop<\/a> focalizzato sulla creativit\u00e0, l&#039;abilit\u00e0 artistica e una connessione personale con il tuo lavoro mentre infondi la scrittura e altre attivit\u00e0 creative.<\/li><li>Offerta di David Kingham e Jennifer Renwick <a href=\"https:\/\/www.exploringexposure.com\/workshops\/all\">uscite pi\u00f9 personalizzate<\/a> con un focus sulla creativit\u00e0 individuale anzich\u00e9 sull&#039;acquisizione di immagini da luoghi che non possono sostenere elevati volumi di traffico.\u00a0\u00a0<\/li><li>Giovanni Barclay <a href=\"https:\/\/johnbarclayphotography.com\/workshops-2\/\">offre workshop<\/a> che insegnano uno stile fotografico pi\u00f9 contemplativo, fondendo la consapevolezza con la visione personale.<\/li><\/ol><p>Ovviamente, alcuni di questi fotografi stanno portando le persone in luoghi fantastici e popolari; tuttavia, l&#039;attenzione non \u00e8 sulla posizione. L&#039;attenzione si concentra su qualcos&#039;altro che pu\u00f2 aiutare le persone a migliorare la loro fotografia e creativit\u00e0. Man mano che l&#039;obiettivo principale di un seminario si sposta dalla destinazione e si sposta verso la creativit\u00e0, l&#039;apprendimento e il personale, cambiano anche le richieste e le aspettative degli studenti. Che ci crediate o no, ma molti studenti sono affamati di questo tipo di offerta di seminari, avendo visto luoghi decimati negli ultimi anni di abusi dal nostro campo.\u00a0<\/p><p class=\"\">Incoraggiamo sempre i leader del seminario a condividere i Principi Nature First con gli studenti del tuo seminario e spiegare gli impatti storici sui luoghi popolari che una volta ti sono piaciuti. Questa \u00e8 un&#039;opportunit\u00e0 per discutere le responsabilit\u00e0 etiche dei fotografi e per rallentare o prevenire l&#039;impatto futuro.<\/p><\/div><\/div><div id=\"block-yui_3_17_2_1_1606670614941_34512\" class=\"sqs-block horizontalrule-block sqs-block-horizontalrule\" data-block-type=\"47\"><div class=\"sqs-block-content\"><hr \/><\/div><\/div><div id=\"block-yui_3_17_2_1_1606670614941_34965\" class=\"sqs-block html-block sqs-block-html\" data-block-type=\"2\"><div class=\"sqs-block-content\"><p class=\"\" style=\"text-align: left;\"><em>Sulla base dell&#039;articolo <a href=\"https:\/\/naturefirst.org\/it\/news-items\/2020\/11\/24\/photography-workshops-and-nature-first-principles\/\">&quot;Laboratori di fotografia e principi Nature First&quot;<\/a> di <a href=\"https:\/\/www.jenniferrenwick.com\/\" target=\"_blank\" rel=\"noopener\">Jennifer Renwick<\/a> e <a href=\"https:\/\/www.mattpaynephotography.com\/\" target=\"_blank\" rel=\"noopener\">Matteo Payne<\/a>. Fotografie di <a href=\"https:\/\/www.instagram.com\/alexkessock\/\" target=\"_blank\" rel=\"noopener\">Alex Kessck<\/a>.<\/em><\/p><\/div><\/div><\/div><\/div>\t\t\t\t\t\t\t\t<\/div>\n\t\t\t\t<\/div>\n\t\t\t\t\t<\/div>\n\t\t<\/div>\n\t\t\t\t\t<\/div>\n\t\t<\/section>\n\t\t\t\t<\/div>","protected":false},"excerpt":{"rendered":"<p>For Workshop Leaders Nature First Recommendations Workshop Leaders, you CAN commit to the Nature First Principles We understand that following the Nature First Principles might\u00a0seem\u00a0like an impossible feat for a full-time or part-time nature photography workshop instructor. Someone recently said to us that \u201cpreserving areas while also trying to earn a living with nature photography [&hellip;]<\/p>\n","protected":false},"author":2,"featured_media":0,"parent":0,"menu_order":0,"comment_status":"closed","ping_status":"closed","template":"","meta":{"_mo_disable_npp":"","site-sidebar-layout":"no-sidebar","site-content-layout":"page-builder","ast-site-content-layout":"default","site-content-style":"default","site-sidebar-style":"default","ast-global-header-display":"","ast-banner-title-visibility":"","ast-main-header-display":"","ast-hfb-above-header-display":"","ast-hfb-below-header-display":"","ast-hfb-mobile-header-display":"","site-post-title":"disabled","ast-breadcrumbs-content":"","ast-featured-img":"disabled","footer-sml-layout":"","ast-disable-related-posts":"","theme-transparent-header-meta":"","adv-header-id-meta":"","stick-header-meta":"","header-above-stick-meta":"","header-main-stick-meta":"","header-below-stick-meta":"","astra-migrate-meta-layouts":"default","ast-page-background-enabled":"default","ast-page-background-meta":{"desktop":{"background-color":"","background-image":"","background-repeat":"repeat","background-position":"center center","background-size":"auto","background-attachment":"scroll","background-type":"","background-media":"","overlay-type":"","overlay-color":"","overlay-opacity":"","overlay-gradient":""},"tablet":{"background-color":"","background-image":"","background-repeat":"repeat","background-position":"center center","background-size":"auto","background-attachment":"scroll","background-type":"","background-media":"","overlay-type":"","overlay-color":"","overlay-opacity":"","overlay-gradient":""},"mobile":{"background-color":"","background-image":"","background-repeat":"repeat","background-position":"center center","background-size":"auto","background-attachment":"scroll","background-type":"","background-media":"","overlay-type":"","overlay-color":"","overlay-opacity":"","overlay-gradient":""}},"ast-content-background-meta":{"desktop":{"background-color":"var(--ast-global-color-5)","background-image":"","background-repeat":"repeat","background-position":"center center","background-size":"auto","background-attachment":"scroll","background-type":"","background-media":"","overlay-type":"","overlay-color":"","overlay-opacity":"","overlay-gradient":""},"tablet":{"background-color":"var(--ast-global-color-5)","background-image":"","background-repeat":"repeat","background-position":"center center","background-size":"auto","background-attachment":"scroll","background-type":"","background-media":"","overlay-type":"","overlay-color":"","overlay-opacity":"","overlay-gradient":""},"mobile":{"background-color":"var(--ast-global-color-5)","background-image":"","background-repeat":"repeat","background-position":"center center","background-size":"auto","background-attachment":"scroll","background-type":"","background-media":"","overlay-type":"","overlay-color":"","overlay-opacity":"","overlay-gradient":""}},"footnotes":""},"class_list":["post-3706","page","type-page","status-publish","hentry"],"aioseo_notices":[],"_links":{"self":[{"href":"https:\/\/naturefirst.org\/it\/wp-json\/wp\/v2\/pages\/3706","targetHints":{"allow":["GET"]}}],"collection":[{"href":"https:\/\/naturefirst.org\/it\/wp-json\/wp\/v2\/pages"}],"about":[{"href":"https:\/\/naturefirst.org\/it\/wp-json\/wp\/v2\/types\/page"}],"author":[{"embeddable":true,"href":"https:\/\/naturefirst.org\/it\/wp-json\/wp\/v2\/users\/2"}],"replies":[{"embeddable":true,"href":"https:\/\/naturefirst.org\/it\/wp-json\/wp\/v2\/comments?post=3706"}],"version-history":[{"count":10,"href":"https:\/\/naturefirst.org\/it\/wp-json\/wp\/v2\/pages\/3706\/revisions"}],"predecessor-version":[{"id":4782,"href":"https:\/\/naturefirst.org\/it\/wp-json\/wp\/v2\/pages\/3706\/revisions\/4782"}],"wp:attachment":[{"href":"https:\/\/naturefirst.org\/it\/wp-json\/wp\/v2\/media?parent=3706"}],"curies":[{"name":"parola chiave","href":"https:\/\/api.w.org\/{rel}","templated":true}]}}