{"id":3873,"date":"2023-01-23T09:48:12","date_gmt":"2023-01-23T16:48:12","guid":{"rendered":"https:\/\/naturefirst.org\/?page_id=3873"},"modified":"2023-01-24T15:22:31","modified_gmt":"2023-01-24T22:22:31","slug":"article-submission-guidelines","status":"publish","type":"page","link":"https:\/\/naturefirst.org\/it\/article-submission-guidelines\/","title":{"rendered":"Linee guida per la presentazione degli articoli"},"content":{"rendered":"<div data-elementor-type=\"wp-page\" data-elementor-id=\"3873\" class=\"elementor elementor-3873\" data-elementor-post-type=\"page\">\n\t\t\t\t\t\t<section class=\"elementor-section elementor-top-section elementor-element elementor-element-4baae508 elementor-section-height-min-height elementor-section-boxed elementor-section-height-default elementor-section-items-middle\" data-id=\"4baae508\" data-element_type=\"section\" data-e-type=\"section\" data-settings=\"{&quot;background_background&quot;:&quot;classic&quot;}\">\n\t\t\t\t\t\t\t<div class=\"elementor-background-overlay\"><\/div>\n\t\t\t\t\t\t\t<div class=\"elementor-container elementor-column-gap-no\">\n\t\t\t\t\t<div class=\"elementor-column elementor-col-100 elementor-top-column elementor-element elementor-element-517fd2b0\" data-id=\"517fd2b0\" data-element_type=\"column\" data-e-type=\"column\">\n\t\t\t<div class=\"elementor-widget-wrap elementor-element-populated\">\n\t\t\t\t\t\t<div class=\"elementor-element elementor-element-719b5d03 elementor-widget elementor-widget-image-box\" data-id=\"719b5d03\" data-element_type=\"widget\" data-e-type=\"widget\" data-widget_type=\"image-box.default\">\n\t\t\t\t<div class=\"elementor-widget-container\">\n\t\t\t\t\t<div class=\"elementor-image-box-wrapper\"><div class=\"elementor-image-box-content\"><h1 class=\"elementor-image-box-title\">Linee guida per la presentazione degli articoli<\/h1><\/div><\/div>\t\t\t\t<\/div>\n\t\t\t\t<\/div>\n\t\t\t\t\t<\/div>\n\t\t<\/div>\n\t\t\t\t\t<\/div>\n\t\t<\/section>\n\t\t\t\t<section class=\"elementor-section elementor-top-section elementor-element elementor-element-11f7e3a8 elementor-section-boxed elementor-section-height-default elementor-section-height-default\" data-id=\"11f7e3a8\" data-element_type=\"section\" data-e-type=\"section\">\n\t\t\t\t\t\t<div class=\"elementor-container elementor-column-gap-default\">\n\t\t\t\t\t<div class=\"elementor-column elementor-col-100 elementor-top-column elementor-element elementor-element-26e95ec5\" data-id=\"26e95ec5\" data-element_type=\"column\" data-e-type=\"column\">\n\t\t\t<div class=\"elementor-widget-wrap elementor-element-populated\">\n\t\t\t\t\t\t<div class=\"elementor-element elementor-element-70e689ff elementor-widget elementor-widget-heading\" data-id=\"70e689ff\" data-element_type=\"widget\" data-e-type=\"widget\" data-widget_type=\"heading.default\">\n\t\t\t\t<div class=\"elementor-widget-container\">\n\t\t\t\t\t<h2 class=\"elementor-heading-title elementor-size-default\">Linee guida per la presentazione degli articoli<\/h2>\t\t\t\t<\/div>\n\t\t\t\t<\/div>\n\t\t\t\t<div class=\"elementor-element elementor-element-2444d2a elementor-widget elementor-widget-text-editor\" data-id=\"2444d2a\" data-element_type=\"widget\" data-e-type=\"widget\" data-widget_type=\"text-editor.default\">\n\t\t\t\t<div class=\"elementor-widget-container\">\n\t\t\t\t\t\t\t\t\t<p>Si prega di leggere attentamente e seguire tutte le linee guida quando si invia un articolo per la pubblicazione. I contributi che non seguono queste linee guida non saranno approvati.<\/p>\t\t\t\t\t\t\t\t<\/div>\n\t\t\t\t<\/div>\n\t\t\t\t<div class=\"elementor-element elementor-element-5d7bdca5 elementor-widget-divider--view-line elementor-widget elementor-widget-divider\" data-id=\"5d7bdca5\" data-element_type=\"widget\" data-e-type=\"widget\" data-widget_type=\"divider.default\">\n\t\t\t\t<div class=\"elementor-widget-container\">\n\t\t\t\t\t\t\t<div class=\"elementor-divider\">\n\t\t\t<span class=\"elementor-divider-separator\">\n\t\t\t\t\t\t<\/span>\n\t\t<\/div>\n\t\t\t\t\t\t<\/div>\n\t\t\t\t<\/div>\n\t\t\t\t<div class=\"elementor-element elementor-element-1d949de elementor-widget elementor-widget-text-editor\" data-id=\"1d949de\" data-element_type=\"widget\" data-e-type=\"widget\" data-widget_type=\"text-editor.default\">\n\t\t\t\t<div class=\"elementor-widget-container\">\n\t\t\t\t\t\t\t\t\t<h3>Linee guida generali<\/h3>\n<p>Tutti i membri di Nature First sono invitati a inviare un articolo per la pubblicazione su Nature First. Assicurati di leggere alcuni dei nostri <strong><a href=\"https:\/\/naturefirst.org\/it\/learn-more\/\">articoli in primo piano<\/a><\/strong> prima dell&#039;invio. Questo ti aiuter\u00e0 a vedere gli argomenti che sono gi\u00e0 stati trattati e ti dar\u00e0 un&#039;idea generale del layout e della formattazione preferiti.<\/p>\n<p>Nature First cerca articoli con i seguenti argomenti:<\/p>\n<ul>\n<li>Praticare i Principi Nature First in ecosistemi specifici.<\/li>\n<li>Agire per promuovere la fotografia naturalistica responsabile.<\/li>\n<li>Usare la fotografia per la preservazione, la conservazione e l&#039;educazione al mondo naturale.<\/li>\n<li>Storie personali su come diventare un fotografo naturalista etico e responsabile e su ci\u00f2 che hai imparato lungo la strada.<\/li>\n<\/ul>\n<h3>Linee guida generali<\/h3>\n<div>\n<p>Gli articoli approvati racconteranno una storia fresca e coinvolgente, saranno ben scritti con una prosa chiara e concisa e saranno illustrati con immagini di alta qualit\u00e0. Non saranno accettati articoli con eccessivi errori grammaticali. Tieni presente che tutti gli articoli saranno disponibili per la traduzione automatica automatica. Gli autori dovrebbero astenersi da slang e colloquialismi che non si traducono bene attraverso la lingua e la cultura.<\/p>\n<p>Gli articoli inviati devono:<\/p>\n<ul>\n<li>essere interamente una creazione dell&#039;autore proponente e non precedentemente pubblicata, compreso il sito web dell&#039;autore.&nbsp;<\/li>\n<li>essere in inglese, di lunghezza compresa tra 800 e 2.500 parole.<\/li>\n<li>includere 4-7 immagini di alta qualit\u00e0, almeno 1200 px sul lato lungo e dimensioni del file inferiori a 2 MB.<\/li>\n<li>fornisci il tuo nome completo e i link al tuo sito web e\/o social media da includere in una riga con l&#039;articolo pubblicato.<\/li>\n<li>essere di tipo file: .doc, .docx, .jpg, .zip&nbsp;<\/li>\n<\/ul>\n<h3>I termini dell&#039;accordo<\/h3>\n<ol>\n<li>Concedi in licenza Nature First con diritti elettronici mondiali non esclusivi per pubblicare e visualizzare il tuo articolo sul sito Web Nature First a tempo indeterminato.<\/li>\n<li>Dichiari di essere l&#039;unico proprietario del copyright del testo e delle fotografie inviate.<\/li>\n<li>Hai letto e capito <a href=\"https:\/\/naturefirst.org\/it\/terms-of-use\/\">Termini di utilizzo di Nature First<\/a>.<\/li>\n<li>Accetti di non ritenere Nature First responsabile per qualsiasi riproduzione non autorizzata del tuo testo e delle tue fotografie, o per eventuali reclami per danni derivanti dalla pubblicazione del tuo articolo sul sito Web Nature First.<\/li>\n<li>Accetti che Nature First possa modificare il testo inviato per grammatica, struttura e layout.<\/li>\n<li>Accetti che Nature First possa modificare le immagini inviate, incluso ma non limitato al ridimensionamento.<\/li>\n<li>Nature First ti informer\u00e0 in merito all&#039;approvazione della pubblicazione, via e-mail, entro 30 giorni dall&#039;invio.<\/li>\n<li>Gli autori saranno accreditati con un sottotitolo nella pubblicazione contenente il loro nome e link a siti web e\/o account di social media.<\/li>\n<li>Gli autori riceveranno un compenso di $50.00 US per ogni articolo approvato. Nature First invier\u00e0 il risarcimento, tramite PayPal, entro 15 giorni dalla data di approvazione.<\/li>\n<\/ol>\n<p>Per favore <a href=\"https:\/\/naturefirst.org\/it\/contact\/\">Contattaci<\/a> ha domande riguardanti le linee guida o gli accordi di cui sopra.<\/p>\n<\/div>\t\t\t\t\t\t\t\t<\/div>\n\t\t\t\t<\/div>\n\t\t\t\t\t<\/div>\n\t\t<\/div>\n\t\t\t\t\t<\/div>\n\t\t<\/section>\n\t\t\t\t<\/div>","protected":false},"excerpt":{"rendered":"<p>Article Submission Guidelines Article Submission Guidelines Please read carefully and follow all guidelines when submitting an article for publication. Submissions that do not follow these guidelines will not be approved. General Guidelines All Nature First members are welcome to submit an article for publication at Nature First. Be sure to read some of our featured [&hellip;]<\/p>\n","protected":false},"author":2,"featured_media":0,"parent":0,"menu_order":0,"comment_status":"closed","ping_status":"closed","template":"","meta":{"_mo_disable_npp":"","site-sidebar-layout":"no-sidebar","site-content-layout":"page-builder","ast-site-content-layout":"default","site-content-style":"default","site-sidebar-style":"default","ast-global-header-display":"","ast-banner-title-visibility":"","ast-main-header-display":"","ast-hfb-above-header-display":"","ast-hfb-below-header-display":"","ast-hfb-mobile-header-display":"","site-post-title":"disabled","ast-breadcrumbs-content":"","ast-featured-img":"disabled","footer-sml-layout":"","ast-disable-related-posts":"","theme-transparent-header-meta":"","adv-header-id-meta":"","stick-header-meta":"","header-above-stick-meta":"","header-main-stick-meta":"","header-below-stick-meta":"","astra-migrate-meta-layouts":"default","ast-page-background-enabled":"default","ast-page-background-meta":{"desktop":{"background-color":"","background-image":"","background-repeat":"repeat","background-position":"center center","background-size":"auto","background-attachment":"scroll","background-type":"","background-media":"","overlay-type":"","overlay-color":"","overlay-opacity":"","overlay-gradient":""},"tablet":{"background-color":"","background-image":"","background-repeat":"repeat","background-position":"center center","background-size":"auto","background-attachment":"scroll","background-type":"","background-media":"","overlay-type":"","overlay-color":"","overlay-opacity":"","overlay-gradient":""},"mobile":{"background-color":"","background-image":"","background-repeat":"repeat","background-position":"center center","background-size":"auto","background-attachment":"scroll","background-type":"","background-media":"","overlay-type":"","overlay-color":"","overlay-opacity":"","overlay-gradient":""}},"ast-content-background-meta":{"desktop":{"background-color":"var(--ast-global-color-5)","background-image":"","background-repeat":"repeat","background-position":"center center","background-size":"auto","background-attachment":"scroll","background-type":"","background-media":"","overlay-type":"","overlay-color":"","overlay-opacity":"","overlay-gradient":""},"tablet":{"background-color":"var(--ast-global-color-5)","background-image":"","background-repeat":"repeat","background-position":"center center","background-size":"auto","background-attachment":"scroll","background-type":"","background-media":"","overlay-type":"","overlay-color":"","overlay-opacity":"","overlay-gradient":""},"mobile":{"background-color":"var(--ast-global-color-5)","background-image":"","background-repeat":"repeat","background-position":"center center","background-size":"auto","background-attachment":"scroll","background-type":"","background-media":"","overlay-type":"","overlay-color":"","overlay-opacity":"","overlay-gradient":""}},"footnotes":""},"class_list":["post-3873","page","type-page","status-publish","hentry"],"aioseo_notices":[],"_links":{"self":[{"href":"https:\/\/naturefirst.org\/it\/wp-json\/wp\/v2\/pages\/3873","targetHints":{"allow":["GET"]}}],"collection":[{"href":"https:\/\/naturefirst.org\/it\/wp-json\/wp\/v2\/pages"}],"about":[{"href":"https:\/\/naturefirst.org\/it\/wp-json\/wp\/v2\/types\/page"}],"author":[{"embeddable":true,"href":"https:\/\/naturefirst.org\/it\/wp-json\/wp\/v2\/users\/2"}],"replies":[{"embeddable":true,"href":"https:\/\/naturefirst.org\/it\/wp-json\/wp\/v2\/comments?post=3873"}],"version-history":[{"count":17,"href":"https:\/\/naturefirst.org\/it\/wp-json\/wp\/v2\/pages\/3873\/revisions"}],"predecessor-version":[{"id":3988,"href":"https:\/\/naturefirst.org\/it\/wp-json\/wp\/v2\/pages\/3873\/revisions\/3988"}],"wp:attachment":[{"href":"https:\/\/naturefirst.org\/it\/wp-json\/wp\/v2\/media?parent=3873"}],"curies":[{"name":"parola chiave","href":"https:\/\/api.w.org\/{rel}","templated":true}]}}