{"id":516,"date":"2022-08-20T22:34:30","date_gmt":"2022-08-20T22:34:30","guid":{"rendered":"https:\/\/naturefirst.org\/?page_id=516"},"modified":"2023-01-24T16:00:42","modified_gmt":"2023-01-24T23:00:42","slug":"faq","status":"publish","type":"page","link":"https:\/\/naturefirst.org\/it\/faq\/","title":{"rendered":"FAQ"},"content":{"rendered":"<div data-elementor-type=\"wp-page\" data-elementor-id=\"516\" class=\"elementor elementor-516\" data-elementor-post-type=\"page\">\n\t\t\t\t\t\t<section class=\"elementor-section elementor-top-section elementor-element elementor-element-5bc2668d elementor-section-height-min-height elementor-section-boxed elementor-section-height-default elementor-section-items-middle\" data-id=\"5bc2668d\" data-element_type=\"section\" data-e-type=\"section\" data-settings=\"{&quot;background_background&quot;:&quot;classic&quot;}\">\n\t\t\t\t\t\t\t<div class=\"elementor-background-overlay\"><\/div>\n\t\t\t\t\t\t\t<div class=\"elementor-container elementor-column-gap-no\">\n\t\t\t\t\t<div class=\"elementor-column elementor-col-100 elementor-top-column elementor-element elementor-element-3abce992\" data-id=\"3abce992\" data-element_type=\"column\" data-e-type=\"column\">\n\t\t\t<div class=\"elementor-widget-wrap elementor-element-populated\">\n\t\t\t\t\t\t<div class=\"elementor-element elementor-element-bdcb5a1 elementor-widget elementor-widget-image-box\" data-id=\"bdcb5a1\" data-element_type=\"widget\" data-e-type=\"widget\" data-widget_type=\"image-box.default\">\n\t\t\t\t<div class=\"elementor-widget-container\">\n\t\t\t\t\t<div class=\"elementor-image-box-wrapper\"><div class=\"elementor-image-box-content\"><h1 class=\"elementor-image-box-title\">Domande frequenti<\/h1><\/div><\/div>\t\t\t\t<\/div>\n\t\t\t\t<\/div>\n\t\t\t\t\t<\/div>\n\t\t<\/div>\n\t\t\t\t\t<\/div>\n\t\t<\/section>\n\t\t\t\t<section class=\"elementor-section elementor-top-section elementor-element elementor-element-260ff3fe elementor-section-boxed elementor-section-height-default elementor-section-height-default\" data-id=\"260ff3fe\" data-element_type=\"section\" data-e-type=\"section\">\n\t\t\t\t\t\t<div class=\"elementor-container elementor-column-gap-default\">\n\t\t\t\t\t<div class=\"elementor-column elementor-col-100 elementor-top-column elementor-element elementor-element-77396626\" data-id=\"77396626\" data-element_type=\"column\" data-e-type=\"column\">\n\t\t\t<div class=\"elementor-widget-wrap elementor-element-populated\">\n\t\t\t\t\t\t<div class=\"elementor-element elementor-element-22c497f5 elementor-widget elementor-widget-heading\" data-id=\"22c497f5\" data-element_type=\"widget\" data-e-type=\"widget\" data-widget_type=\"heading.default\">\n\t\t\t\t<div class=\"elementor-widget-container\">\n\t\t\t\t\t<h2 class=\"elementor-heading-title elementor-size-default\">Hai delle domande... Siamo qui per aiutarti.<\/h2>\t\t\t\t<\/div>\n\t\t\t\t<\/div>\n\t\t\t\t<div class=\"elementor-element elementor-element-0b7f17b elementor-widget elementor-widget-text-editor\" data-id=\"0b7f17b\" data-element_type=\"widget\" data-e-type=\"widget\" data-widget_type=\"text-editor.default\">\n\t\t\t\t<div class=\"elementor-widget-container\">\n\t\t\t\t\t\t\t\t\t<p><a title=\"I principi\" href=\"https:\/\/naturefirst.org\/it\/principles\/\">Ulteriori informazioni sui principi Nature First<\/a><\/p>\t\t\t\t\t\t\t\t<\/div>\n\t\t\t\t<\/div>\n\t\t\t\t<div class=\"elementor-element elementor-element-1cb511b elementor-widget-divider--view-line elementor-widget elementor-widget-divider\" data-id=\"1cb511b\" data-element_type=\"widget\" data-e-type=\"widget\" data-widget_type=\"divider.default\">\n\t\t\t\t<div class=\"elementor-widget-container\">\n\t\t\t\t\t\t\t<div class=\"elementor-divider\">\n\t\t\t<span class=\"elementor-divider-separator\">\n\t\t\t\t\t\t<\/span>\n\t\t<\/div>\n\t\t\t\t\t\t<\/div>\n\t\t\t\t<\/div>\n\t\t\t\t<div class=\"elementor-element elementor-element-a227aa6 elementor-widget elementor-widget-text-editor\" data-id=\"a227aa6\" data-element_type=\"widget\" data-e-type=\"widget\" data-widget_type=\"text-editor.default\">\n\t\t\t\t<div class=\"elementor-widget-container\">\n\t\t\t\t\t\t\t\t\t<h2>Domande frequenti<\/h2><ol><li><h4>Qual \u00e8 l&#039;inghippo?<\/h4><ul data-rte-list=\"default\"><li><p>Nessuna presa. Periodo. Non ci sono commissioni, spam, pubblicit\u00e0, incontri e requisiti per &quot;vendere&quot; o promuovere ad altri. Questa \u00e8 un&#039;opportunit\u00e0 per dichiarare il tuo impegno a prenderti cura dei nostri luoghi selvaggi praticando i principi Nature First e sapere che fai parte del movimento.<\/p><\/li><\/ul><\/li><li><h4>Chi pu\u00f2 essere membro?<\/h4><ul data-rte-list=\"default\"><li><p>Questa alleanza \u00e8 per chiunque faccia fotografia nel mondo naturale, che si tratti di fotografi naturalisti professionisti, fotografi naturalisti, leader di workshop, fotografi di Instagram, ritrattisti o fotografi di matrimoni che scattano all&#039;aperto o qualsiasi individuo che scatta nel mondo naturale per hobby. Se fotografi nel mondo naturale, allora ti qualifichi.<\/p><\/li><li><p>Anche le aziende, le imprese, le organizzazioni o altri enti che desiderano impegnarsi in un approccio pi\u00f9 consapevole della natura alle foto che utilizzi possono unirsi a noi come membri. Ci piacerebbe vedere molte organizzazioni aderire a questa iniziativa e aiutarci a preservare il nostro mondo naturale attraverso fotografie naturalistiche responsabili.<\/p><\/li><\/ul><\/li><li><h4>Cosa \u00e8 necessario per aderire?<\/h4><ul data-rte-list=\"default\"><li><p>Nient&#039;altro che il tuo impegno per il <a title=\"I principi\" href=\"https:\/\/naturefirst.org\/it\/principles\/\">Principi Nature First<\/a>. Siamo inclusivi. Comprendiamo che non tutti vogliono essere un sostenitore schietto, postare sui social media e parlare a eventi pubblici. Nature First apprezza pienamente i nostri colleghi silenziosi che <em>dimostrare <\/em>il loro impegno nei confronti dei principi attraverso le loro semplici azioni quotidiane. Se sei tu, ci sei! Certo, se sei il tipo che vuole condividerlo con i tuoi amici e follower per spargere la voce. Lo adoriamo anche noi! <strong>#naturaprima<\/strong><\/p><\/li><\/ul><\/li><li><h4>Qual \u00e8 la differenza tra Nature First e non lasciare traccia?<\/h4><ul data-rte-list=\"default\"><li><p><a href=\"https:\/\/lnt.org\/\" target=\"_blank\" rel=\"noopener\">Non lasciare traccia<\/a> \u00e8 un&#039;organizzazione fantastica che sostiene da decenni l&#039;importanza della ricreazione a basso impatto nella natura. <strong>Abbiamo un obiettivo simile... ma per i fotografi naturalisti, di tutti i livelli. <\/strong>Con l&#039;ascesa di Internet e dei social media, sempre pi\u00f9 persone visitano la natura e scattano fotografie. Con un minimo di conoscenza e cura, tutti possiamo ridurre notevolmente il nostro impatto. Puoi leggere di pi\u00f9 su questo argomento su <a title=\"Perch\u00e9 Nature First?\" href=\"https:\/\/staging.naturefirst.org\/?page_id=445\">Perch\u00e9 Nature First?<\/a><\/p><\/li><\/ul><\/li><li><h4>Nature First \u00e8 un&#039;organizzazione americana?<\/h4><ul data-rte-list=\"default\"><li><p>Mentre questo movimento sta iniziando negli Stati Uniti e Nature First \u00e8 formalmente registrato nello stato americano del Colorado, non vogliamo concentrarci solo sugli Stati Uniti. I problemi che affrontiamo sono comuni nella maggior parte dei paesi e degli ecosistemi del mondo. Fotografi e aziende di tutto il mondo si stanno unendo al movimento.<\/p><\/li><\/ul><\/li><li><h4>Come posso aiutare? Non ho 50.000 follower.<span style=\"color: var(--ast-global-color-2);\">\u00a0<\/span><\/h4><ul data-rte-list=\"default\"><li><p><strong>La maggior parte di noi no!<\/strong> Ma ogni piccolo aiuto. Ogni individuo che vive da <a title=\"I principi\" href=\"https:\/\/naturefirst.org\/it\/principles\/\">Principi Nature First<\/a> costituisce un esempio per coloro che li circondano e per coloro che verranno dopo di loro. E se condividi la tua passione per il movimento Nature First sui tuoi account di social media, anche se \u00e8 solo con la tua famiglia e i tuoi amici, sapranno che ci tieni. E forse, si spera, impareranno da te cosa significa essere responsabili quando si visita e si gode la natura. Ciascuno di noi tendendo la mano e influenzando il comportamento di pochi pu\u00f2 fare la differenza, perch\u00e9 lo diranno a 2 amici e cos\u00ec via. <strong>#naturaprima<\/strong><\/p><\/li><\/ul><\/li><li><h4>Qual \u00e8 il danno nella condivisione delle posizioni?<\/h4><ul data-rte-list=\"default\"><li><p>La condivisione delle informazioni sulla posizione pu\u00f2 avere conseguenze significative per quella posizione. Non appena un luogo \u00e8 determinato a essere fotogenico, diventa una calamita per i fotografi e il pubblico in generale. Ci\u00f2 \u00e8 particolarmente vero se condizioni eccezionali, stagionali o climatiche aumentano il sorteggio. Quindi, se condividi luoghi, dovresti essere consapevole che molto probabilmente contribuirai all&#039;aumento dell&#039;impatto su quell&#039;area naturale.<\/p><\/li><li><p>Comprendiamo che i luoghi non possono essere tenuti &quot;segreti&quot;. Chiunque abbia Internet e determinazione di solito pu\u00f2 trovare una posizione. Ma c&#039;\u00e8 un&#039;enorme differenza nel numero di persone che sono disposte a dedicare il tempo alla ricerca (e, si spera, a conoscere una posizione) e quelle che si limitano a guidare verso una posizione esatta fornita in un post insieme a un&#039;immagine.<\/p><\/li><li><p>Ci aspettiamo che ogni individuo utilizzi il proprio miglior giudizio sulla sensibilit\u00e0 di luoghi particolari e sulla quantit\u00e0 di dettagli sulla posizione che dovrebbero condividere.<\/p><\/li><\/ul><\/li><li><h4>Cosa posso fare quando vedo un cattivo comportamento, in prima persona, o ne sento parlare su Internet?<\/h4><ul data-rte-list=\"default\"><li><p>Se il comportamento \u00e8 chiaramente in violazione della legge o delle norme e dei regolamenti, ti invitiamo a documentare l&#039;incidente (hai una videocamera con te, giusto?) e segnalarlo ai funzionari. Lascia che i professionisti si occupino dell&#039;esecuzione. Oltre a ci\u00f2, la tua risposta dipende molto da te. Ma abbiamo alcune raccomandazioni...<\/p><\/li><li><p>Assicurati di avere i fatti, non solo per sentito dire o litigi su Internet. Accuse false o abbellite possono fare pi\u00f9 male che bene.<\/p><\/li><li><p>Se ti senti al sicuro confrontandoti con le persone in questo momento, o successivamente tramite e-mail o messaggi, contattale privatamente, di persona. Raccomandiamo un approccio utile ed educativo che faccia leva sul <a title=\"I principi\" href=\"https:\/\/naturefirst.org\/it\/principles\/\">Principi Nature First<\/a>, invece di sembrare autoritario o impositivo. In altre parole, dai alle persone il beneficio del dubbio e presumi che semplicemente non siano consapevoli dell&#039;impatto del loro comportamento irresponsabile. \u00c8 molto pi\u00f9 probabile che le persone rispondano positivamente alle critiche private (anche se non vedi o realizzi mai il cambiamento nel loro comportamento). Chiamare pubblicamente un individuo sui social media probabilmente comporter\u00e0 negazioni, deviazioni, confutazioni e\/o ritorsioni. L&#039;abbiamo visto tutti. E generalmente non porta a un risultato positivo.<\/p><\/li><li><p>Sfrutta la comunit\u00e0 della fotografia naturalistica! Puoi fare la differenza discutendo di un cattivo comportamento usando un dialogo e una conversazione costruttivi.<\/p><\/li><\/ul><\/li><li><h4>Cosa far\u00e0 Nature First quando verr\u00e0 a conoscenza di un comportamento irresponsabile?\u00a0<\/h4><\/li><\/ol><ul><li style=\"list-style-type: none;\"><ul><li>Rispondere al cattivo comportamento segnalato di un individuo o di un membro di Nature First lo \u00e8\u00a0<strong>non<\/strong>\u00a0cos\u00ec semplice... L&#039;obiettivo principale di Nature First \u00e8 quello di essere un sostenitore del\u00a0<a title=\"I principi\" href=\"https:\/\/naturefirst.org\/it\/principles\/\">Principi Nature First<\/a>, educare e promuovere la fotografia naturalistica responsabile. Noi facciamo\u00a0<strong>non<\/strong>\u00a0hanno accordi formali con ogni singolo membro - piuttosto, gli individui si impegnano a farlo\u00a0<a title=\"I principi\" href=\"https:\/\/naturefirst.org\/it\/principles\/\">Principi Nature First<\/a> quando si iscrivono. Ci auguriamo che tutti facciano del loro meglio per onorare tale impegno. Ma ogni individuo \u00e8 diverso. Sono in punti diversi del loro viaggio, imparando come essere un fotografo naturalista responsabile. Ogni individuo pu\u00f2 interpretare varie situazioni in modi diversi. E anche il migliore di noi pu\u00f2 essere disattento nell&#039;eccitazione del momento, o semplicemente non conoscere la sensibilit\u00e0 dell&#039;area. Il\u00a0<a title=\"I principi\" href=\"https:\/\/naturefirst.org\/it\/principles\/\">Principi Nature First<\/a> dovrebbe servire come nostro promemoria.<\/li><\/ul><\/li><\/ul><ul><li style=\"list-style-type: none;\"><ul><li>Nature First ritiene che questi episodi di cattivo comportamento siano un&#039;opportunit\u00e0 per educare e aiutare le persone a saperne di pi\u00f9 sulla fotografia naturalistica responsabile, non chiamarle o farle vergognare. Ostracizzare gli individui e rimuoverli dall&#039;elenco dei membri Nature First servirebbe solo a escluderli, forse per sempre. Preferiremmo che imparassero dai loro errori e agissero con quella consapevolezza la prossima volta che saranno sul campo.<\/li><\/ul><\/li><\/ul><ul><li style=\"list-style-type: none;\"><ul><li>Nature First non controller\u00e0 e non pu\u00f2 sorvegliare le azioni irresponsabili degli individui. Questo non \u00e8 il nostro obiettivo. Il <a title=\"I principi\" href=\"https:\/\/naturefirst.org\/it\/principles\/\">Principi Nature First<\/a>\u00a0sono linee guida autoevidenti pensate per essere applicate a tutte le situazioni e consentire a ciascun individuo di interpretare il comportamento responsabile del momento. Sono intenzionalmente <strong>non<\/strong> scritto come regole specifiche. Ma non possiamo agire come forze dell&#039;ordine. Semplicemente non abbiamo le risorse per indagare e confermare le segnalazioni di infrazioni. E non crediamo di essere qualificati per servire il giudizio - come potremmo garantire l&#039;equit\u00e0 e la mancanza di pregiudizi in ogni situazione?<\/li><\/ul><\/li><\/ul><ul><li style=\"list-style-type: none;\"><ul><li>Lavoriamo insieme per aiutare a spargere la voce e includere pi\u00f9 persone nel movimento Nature First, invece di giudicare, ostracizzare ed escludere.\u00a0<\/li><\/ul><\/li><\/ul><ol><li><h4>In che modo Nature First affronta il cambiamento climatico?<\/h4><ul data-rte-list=\"default\"><li><p>Gli stessi Principi Nature First sono linee guida e non includono esempi specifici degli impatti che abbiamo sulla natura. Ecco perch\u00e9 non menzionano esplicitamente il cambiamento climatico (o calpestare i fiori). Ma si possono facilmente applicare i Principi Nature First all&#039;esempio del cambiamento climatico. Il primo principio \u00e8, <em>&quot;Dare la priorit\u00e0 al benessere della natura rispetto alla fotografia.&quot;<\/em> Si dovrebbe certamente pensare all&#039;impatto dell&#039;impronta di carbonio che hanno mentre perseguono la fotografia. A un&#039;estremit\u00e0 dello spettro, potresti sostenere che qualsiasi cosa tu faccia con la tua fotografia ha un impatto sul cambiamento climatico. Ma questo \u00e8 vero per quasi tutte le attivit\u00e0 della vita quotidiana. Quindi come possiamo, come fotografi naturalisti, MINIMIZZARE tale impatto? Usare la nostra fotografia per aiutare a educare e preservare il mondo naturale aiuta a bilanciare l&#039;impatto dell&#039;impronta di carbonio creata dal viaggio verso il luogo? Ogni fotografo\/videografo naturalista responsabile ha l&#039;opportunit\u00e0 di interagire con molte persone (un effetto moltiplicatore) per avere un impatto positivo e di ampio respiro come ambasciatore della natura.<\/p><\/li><li><p>Rifletti sulle tue attivit\u00e0 comuni (guida, volo, consumo generale e stile di vita) e utilizza strumenti online, come ad esempio <a href=\"https:\/\/www.epa.gov\/energy\/greenhouse-gas-equivalencies-calculator\">equivalenze di gas serra<\/a> e il <a href=\"https:\/\/www.gov.uk\/guidance\/carbon-calculator\">calcolatore di carbonio<\/a>, per saperne di pi\u00f9 sulla tua impronta di carbonio personale.<\/p><\/li><li><p>Identifica i modi in cui puoi ridurre la tua impronta di carbonio personale.<\/p><\/li><\/ul><\/li><li><h4><strong>Qual \u00e8 la posizione di Nature First sull&#039;uso degli NFT nella fotografia naturalistica?<\/strong><\/h4><\/li><\/ol><ul><li style=\"list-style-type: none;\"><ul data-rte-list=\"default\"><li><p>Leggi l&#039;articolo completo, <a href=\"https:\/\/naturefirst.org\/it\/news-items\/2021\/08\/13\/nature-first-and-nfts\/\">Nature First e NFT<\/a> pubblicato il 13 agosto 2021<\/p><\/li><li><p>\u00c8 etico per i fotografi naturalisti creare e vendere NFT a scopo di lucro? La guida di Nature First \u00e8 molto correlata ai nostri pensieri sulla fotografia naturalistica e sui cambiamenti climatici (vedi FAQ sopra). Tutti i fotografi naturalisti dovrebbero assumersi la responsabilit\u00e0 di conoscere l&#039;impatto ambientale delle loro azioni e considerare attentamente come limitare e ridurre il proprio impatto individuale. Quindi, istruisciti.<\/p><ul data-rte-list=\"default\"><li><p>Partecipa alle discussioni sugli NFT e sul loro impatto ambientale, come questo podcast F-Stop Collabora e ascolta <em>(disponibile dal 25 agosto 2021)<\/em> dal nostro co-fondatore Matt Payne.\u00a0<\/p><\/li><li><p>Dai un&#039;occhiata al <a href=\"https:\/\/www.epa.gov\/energy\/greenhouse-gas-equivalencies-calculator\">equivalenze di gas serra<\/a> o <a href=\"https:\/\/www.gov.uk\/guidance\/carbon-calculator\">calcolatore di carbonio<\/a> per alcune delle tue attivit\u00e0 comuni (guida, volo, consumo generale e stile di vita) per saperne di pi\u00f9 sulla tua impronta di carbonio.<\/p><\/li><li><p>Prima di entrare nello spazio NFT, considera di attendere fino a quando Ethereum non migra verso un modello di prova del palo (che potrebbe verificarsi nel 2022), che utilizza molta meno energia rispetto all&#039;attuale modello di prova del lavoro. Scopri di pi\u00f9 su ci\u00f2 che differenzia questi modelli <a href=\"https:\/\/www.bitdegree.org\/crypto\/tutorials\/proof-of-work-vs-proof-of-stake\">qui<\/a>.\u00a0<\/p><\/li><li><p>Considera l&#039;idea di coniare i tuoi NFT utilizzando una blockchain non Etherum che ha un&#039;impronta di carbonio stimata <a href=\"https:\/\/medium.com\/tqtezos\/proof-of-work-vs-proof-of-stake-the-ecological-footprint-c58029faee44\" target=\"_blank\" rel=\"noopener\">1,5 milioni di volte pi\u00f9 piccolo<\/a>.<\/p><\/li><li><p>Per quelli di voi che creano e vendono NTF, date un&#039;occhiata a <a href=\"https:\/\/carbon.fyi\/\">carbonio.fyi<\/a> per calcolare il tuo impatto di carbonio.\u00a0<\/p><\/li><li><p>Prendi in considerazione la possibilit\u00e0 di compensare i tuoi impatti di carbonio derivati da NFT <a href=\"https:\/\/cotap.org\/reduce-carbon-footprint\/\">riducendo la tua impronta di carbonio<\/a> in altre aree della tua vita.<\/p><\/li><li><p>Prendi in considerazione la possibilit\u00e0 di donare una parte dei proventi della vendita di NFT a organizzazioni non profit per il clima o l&#039;ambiente.<\/p><\/li><li><p>Porta l&#039;attenzione sull&#039;impatto del carbonio delle tue azioni e discuti apertamente su come stai riducendo significativamente la tua impronta di carbonio in altri modi.<\/p><\/li><\/ul><p>Queste sono solo alcune delle risorse disponibili che i nostri membri hanno portato alla nostra attenzione.\u00a0<\/p><p><strong>\u00c8 tua responsabilit\u00e0 istruirti<\/strong> per aiutarti a prendere decisioni informate sulle attivit\u00e0 a cui partecipi, sulla loro impronta di carbonio associata e sui passi che puoi intraprendere per ridurre il tuo impatto ambientale. Sappi e renditi conto che le circostanze degli altri possono essere diverse e che possono prendere decisioni diverse. Rispetta queste differenze e coinvolgi quei fotografi in una conversazione onesta e significativa per imparare ancora di pi\u00f9. Il dialogo continuo nella comunit\u00e0 della fotografia naturalistica pu\u00f2 aiutare tutti noi a prendere decisioni pi\u00f9 informate per mettere la natura al primo posto.<\/p><\/li><\/ul><\/li><\/ul>\t\t\t\t\t\t\t\t<\/div>\n\t\t\t\t<\/div>\n\t\t\t\t<div class=\"elementor-element elementor-element-71bb9540 elementor-widget-divider--view-line elementor-widget elementor-widget-divider\" data-id=\"71bb9540\" data-element_type=\"widget\" data-e-type=\"widget\" data-widget_type=\"divider.default\">\n\t\t\t\t<div class=\"elementor-widget-container\">\n\t\t\t\t\t\t\t<div class=\"elementor-divider\">\n\t\t\t<span class=\"elementor-divider-separator\">\n\t\t\t\t\t\t<\/span>\n\t\t<\/div>\n\t\t\t\t\t\t<\/div>\n\t\t\t\t<\/div>\n\t\t\t\t\t<\/div>\n\t\t<\/div>\n\t\t\t\t\t<\/div>\n\t\t<\/section>\n\t\t\t\t<\/div>","protected":false},"excerpt":{"rendered":"<p>Frequently Asked Questions You&#8217;ve got questions&#8230; We&#8217;re here to help. Learn more about the Nature First Principles Frequently Asked Questions What&#8217;s the Catch? No catch. Period. There are no fees, no spam, no advertising, no meetings, and no requirements to \u201csell\u201d or promote to others. This is an opportunity to make a declaration of your [&hellip;]<\/p>\n","protected":false},"author":2,"featured_media":0,"parent":0,"menu_order":0,"comment_status":"closed","ping_status":"closed","template":"","meta":{"_mo_disable_npp":"","site-sidebar-layout":"no-sidebar","site-content-layout":"page-builder","ast-site-content-layout":"default","site-content-style":"default","site-sidebar-style":"default","ast-global-header-display":"","ast-banner-title-visibility":"","ast-main-header-display":"","ast-hfb-above-header-display":"","ast-hfb-below-header-display":"","ast-hfb-mobile-header-display":"","site-post-title":"disabled","ast-breadcrumbs-content":"","ast-featured-img":"disabled","footer-sml-layout":"","ast-disable-related-posts":"","theme-transparent-header-meta":"","adv-header-id-meta":"","stick-header-meta":"","header-above-stick-meta":"","header-main-stick-meta":"","header-below-stick-meta":"","astra-migrate-meta-layouts":"default","ast-page-background-enabled":"default","ast-page-background-meta":{"desktop":{"background-color":"","background-image":"","background-repeat":"repeat","background-position":"center center","background-size":"auto","background-attachment":"scroll","background-type":"","background-media":"","overlay-type":"","overlay-color":"","overlay-opacity":"","overlay-gradient":""},"tablet":{"background-color":"","background-image":"","background-repeat":"repeat","background-position":"center center","background-size":"auto","background-attachment":"scroll","background-type":"","background-media":"","overlay-type":"","overlay-color":"","overlay-opacity":"","overlay-gradient":""},"mobile":{"background-color":"","background-image":"","background-repeat":"repeat","background-position":"center center","background-size":"auto","background-attachment":"scroll","background-type":"","background-media":"","overlay-type":"","overlay-color":"","overlay-opacity":"","overlay-gradient":""}},"ast-content-background-meta":{"desktop":{"background-color":"var(--ast-global-color-5)","background-image":"","background-repeat":"repeat","background-position":"center center","background-size":"auto","background-attachment":"scroll","background-type":"","background-media":"","overlay-type":"","overlay-color":"","overlay-opacity":"","overlay-gradient":""},"tablet":{"background-color":"var(--ast-global-color-5)","background-image":"","background-repeat":"repeat","background-position":"center center","background-size":"auto","background-attachment":"scroll","background-type":"","background-media":"","overlay-type":"","overlay-color":"","overlay-opacity":"","overlay-gradient":""},"mobile":{"background-color":"var(--ast-global-color-5)","background-image":"","background-repeat":"repeat","background-position":"center center","background-size":"auto","background-attachment":"scroll","background-type":"","background-media":"","overlay-type":"","overlay-color":"","overlay-opacity":"","overlay-gradient":""}},"footnotes":""},"class_list":["post-516","page","type-page","status-publish","hentry"],"aioseo_notices":[],"_links":{"self":[{"href":"https:\/\/naturefirst.org\/it\/wp-json\/wp\/v2\/pages\/516","targetHints":{"allow":["GET"]}}],"collection":[{"href":"https:\/\/naturefirst.org\/it\/wp-json\/wp\/v2\/pages"}],"about":[{"href":"https:\/\/naturefirst.org\/it\/wp-json\/wp\/v2\/types\/page"}],"author":[{"embeddable":true,"href":"https:\/\/naturefirst.org\/it\/wp-json\/wp\/v2\/users\/2"}],"replies":[{"embeddable":true,"href":"https:\/\/naturefirst.org\/it\/wp-json\/wp\/v2\/comments?post=516"}],"version-history":[{"count":25,"href":"https:\/\/naturefirst.org\/it\/wp-json\/wp\/v2\/pages\/516\/revisions"}],"predecessor-version":[{"id":3998,"href":"https:\/\/naturefirst.org\/it\/wp-json\/wp\/v2\/pages\/516\/revisions\/3998"}],"wp:attachment":[{"href":"https:\/\/naturefirst.org\/it\/wp-json\/wp\/v2\/media?parent=516"}],"curies":[{"name":"parola chiave","href":"https:\/\/api.w.org\/{rel}","templated":true}]}}