{"id":523,"date":"2022-08-20T22:41:56","date_gmt":"2022-08-20T22:41:56","guid":{"rendered":"https:\/\/naturefirst.org\/?page_id=523"},"modified":"2023-01-21T07:49:32","modified_gmt":"2023-01-21T14:49:32","slug":"mission","status":"publish","type":"page","link":"https:\/\/naturefirst.org\/it\/mission\/","title":{"rendered":"Missione"},"content":{"rendered":"<div data-elementor-type=\"wp-page\" data-elementor-id=\"523\" class=\"elementor elementor-523\" data-elementor-post-type=\"page\">\n\t\t\t\t\t\t<section class=\"elementor-section elementor-top-section elementor-element elementor-element-18957a58 elementor-section-height-min-height elementor-section-boxed elementor-section-height-default elementor-section-items-middle\" data-id=\"18957a58\" data-element_type=\"section\" data-e-type=\"section\" data-settings=\"{&quot;background_background&quot;:&quot;classic&quot;}\">\n\t\t\t\t\t\t\t<div class=\"elementor-background-overlay\"><\/div>\n\t\t\t\t\t\t\t<div class=\"elementor-container elementor-column-gap-no\">\n\t\t\t\t\t<div class=\"elementor-column elementor-col-100 elementor-top-column elementor-element elementor-element-3d8d5f40\" data-id=\"3d8d5f40\" data-element_type=\"column\" data-e-type=\"column\">\n\t\t\t<div class=\"elementor-widget-wrap elementor-element-populated\">\n\t\t\t\t\t\t<div class=\"elementor-element elementor-element-2970d981 elementor-widget elementor-widget-image-box\" data-id=\"2970d981\" data-element_type=\"widget\" data-e-type=\"widget\" data-widget_type=\"image-box.default\">\n\t\t\t\t<div class=\"elementor-widget-container\">\n\t\t\t\t\t<div class=\"elementor-image-box-wrapper\"><div class=\"elementor-image-box-content\"><h1 class=\"elementor-image-box-title\">Missione, Visione e Valori<\/h1><\/div><\/div>\t\t\t\t<\/div>\n\t\t\t\t<\/div>\n\t\t\t\t\t<\/div>\n\t\t<\/div>\n\t\t\t\t\t<\/div>\n\t\t<\/section>\n\t\t\t\t<section class=\"elementor-section elementor-top-section elementor-element elementor-element-3e5e81d2 elementor-section-boxed elementor-section-height-default elementor-section-height-default\" data-id=\"3e5e81d2\" data-element_type=\"section\" data-e-type=\"section\">\n\t\t\t\t\t\t<div class=\"elementor-container elementor-column-gap-default\">\n\t\t\t\t\t<div class=\"elementor-column elementor-col-100 elementor-top-column elementor-element elementor-element-3279c4f8\" data-id=\"3279c4f8\" data-element_type=\"column\" data-e-type=\"column\">\n\t\t\t<div class=\"elementor-widget-wrap elementor-element-populated\">\n\t\t\t\t\t\t<div class=\"elementor-element elementor-element-4f5ce51a elementor-widget elementor-widget-heading\" data-id=\"4f5ce51a\" data-element_type=\"widget\" data-e-type=\"widget\" data-widget_type=\"heading.default\">\n\t\t\t\t<div class=\"elementor-widget-container\">\n\t\t\t\t\t<h2 class=\"elementor-heading-title elementor-size-default\">La nostra missione...<br><br>Nature First promuove la protezione e la conservazione dei luoghi naturali e selvaggi del mondo ispirando, educando e unendo tutti coloro che realizzano fotografie e video nella natura; consentendo loro di essere ambasciatori del mondo naturale.<\/h2>\t\t\t\t<\/div>\n\t\t\t\t<\/div>\n\t\t\t\t\t<\/div>\n\t\t<\/div>\n\t\t\t\t\t<\/div>\n\t\t<\/section>\n\t\t\t\t<section class=\"elementor-section elementor-top-section elementor-element elementor-element-449196b elementor-section-boxed elementor-section-height-default elementor-section-height-default\" data-id=\"449196b\" data-element_type=\"section\" data-e-type=\"section\">\n\t\t\t\t\t\t<div class=\"elementor-container elementor-column-gap-default\">\n\t\t\t\t\t<div class=\"elementor-column elementor-col-50 elementor-top-column elementor-element elementor-element-bee2b36\" data-id=\"bee2b36\" data-element_type=\"column\" data-e-type=\"column\">\n\t\t\t<div class=\"elementor-widget-wrap elementor-element-populated\">\n\t\t\t\t\t\t<div class=\"elementor-element elementor-element-86f7483 elementor-widget elementor-widget-heading\" data-id=\"86f7483\" data-element_type=\"widget\" data-e-type=\"widget\" data-widget_type=\"heading.default\">\n\t\t\t\t<div class=\"elementor-widget-container\">\n\t\t\t\t\t<h4 class=\"elementor-heading-title elementor-size-default\">LA NOSTRA VISIONE\u2026 <br>\u00c8 CHE CHIUNQUE REALIZZA FOTOGRAFIE E VIDEO NELLA NATURA SIA CONSAPEVOLE DEL LORO IMPATTO, <br>CONOSCENTI SUI LUOGHI CHE FOTOGRAFANO, <br>E AMBASCIATORI PER IL MONDO NATURALE.<\/h4>\t\t\t\t<\/div>\n\t\t\t\t<\/div>\n\t\t\t\t\t<\/div>\n\t\t<\/div>\n\t\t\t\t<div class=\"elementor-column elementor-col-50 elementor-top-column elementor-element elementor-element-77315f1\" data-id=\"77315f1\" data-element_type=\"column\" data-e-type=\"column\">\n\t\t\t<div class=\"elementor-widget-wrap elementor-element-populated\">\n\t\t\t\t\t\t<div class=\"elementor-element elementor-element-b19d260 elementor-widget elementor-widget-image\" data-id=\"b19d260\" data-element_type=\"widget\" data-e-type=\"widget\" data-widget_type=\"image.default\">\n\t\t\t\t<div class=\"elementor-widget-container\">\n\t\t\t\t\t\t\t\t\t\t\t\t\t\t\t<img fetchpriority=\"high\" decoding=\"async\" width=\"300\" height=\"206\" src=\"https:\/\/naturefirst.org\/wp-content\/uploads\/Bighorn.jpg\" class=\"attachment-large size-large wp-image-526\" alt=\"\" srcset=\"https:\/\/naturefirst.org\/wp-content\/uploads\/Bighorn.jpg 300w, https:\/\/naturefirst.org\/wp-content\/uploads\/Bighorn-18x12.jpg 18w\" sizes=\"(max-width: 300px) 100vw, 300px\" \/>\t\t\t\t\t\t\t\t\t\t\t\t\t\t\t<\/div>\n\t\t\t\t<\/div>\n\t\t\t\t\t<\/div>\n\t\t<\/div>\n\t\t\t\t\t<\/div>\n\t\t<\/section>\n\t\t\t\t<section class=\"elementor-section elementor-top-section elementor-element elementor-element-ee985ec elementor-section-boxed elementor-section-height-default elementor-section-height-default\" data-id=\"ee985ec\" data-element_type=\"section\" data-e-type=\"section\">\n\t\t\t\t\t\t<div class=\"elementor-container elementor-column-gap-default\">\n\t\t\t\t\t<div class=\"elementor-column elementor-col-100 elementor-top-column elementor-element elementor-element-07a4ac2\" data-id=\"07a4ac2\" data-element_type=\"column\" data-e-type=\"column\">\n\t\t\t<div class=\"elementor-widget-wrap elementor-element-populated\">\n\t\t\t\t\t\t<div class=\"elementor-element elementor-element-2d6f547 elementor-widget-divider--view-line elementor-widget elementor-widget-divider\" data-id=\"2d6f547\" data-element_type=\"widget\" data-e-type=\"widget\" data-widget_type=\"divider.default\">\n\t\t\t\t<div class=\"elementor-widget-container\">\n\t\t\t\t\t\t\t<div class=\"elementor-divider\">\n\t\t\t<span class=\"elementor-divider-separator\">\n\t\t\t\t\t\t<\/span>\n\t\t<\/div>\n\t\t\t\t\t\t<\/div>\n\t\t\t\t<\/div>\n\t\t\t\t<div class=\"elementor-element elementor-element-0a27024 elementor-widget elementor-widget-text-editor\" data-id=\"0a27024\" data-element_type=\"widget\" data-e-type=\"widget\" data-widget_type=\"text-editor.default\">\n\t\t\t\t<div class=\"elementor-widget-container\">\n\t\t\t\t\t\t\t\t\t<h2>I valori di Nature First<\/h2><p class=\"\"><em>I nostri valori definiscono chi siamo come organizzazione, guidando il modo in cui interagiamo sia internamente che esternamente. Sono la chiave del nostro successo e il fulcro del movimento Nature First per preservare e proteggere il mondo naturale.<\/em><\/p><h4><strong>DIPENDENTI E VOLONTARI<\/strong><\/h4><p class=\"\">Reclutiamo dipendenti e volontari che condividono i valori di Nature First. Sono considerati partner preziosi nell&#039;organizzazione, trattati allo stesso modo con dignit\u00e0 e fiducia. Celebriamo e lavoriamo con l&#039;individualit\u00e0 e i punti di forza unici di ogni persona. Coltiviamo attivamente la diversit\u00e0, riconoscendo il valore che si trova in una molteplicit\u00e0 di esperienze e punti di vista. Sosteniamo un&#039;atmosfera di responsabilizzazione in cui dipendenti e volontari avranno l&#039;opportunit\u00e0 di una crescita continua sia in termini di competenze che di responsabilit\u00e0. Accogliamo attivamente le idee e le prospettive dei nostri dipendenti e volontari. Faremo tutto il possibile per aiutare i nostri dipendenti e volontari a mantenere un sano equilibrio tra lavoro e vita privata. Nature First si impegna a pagare ai propri dipendenti a tempo pieno un salario dignitoso.<\/p><h4><strong>AMBIENTE\u00a0<\/strong><\/h4><p class=\"\">Ci sforziamo di prenderci cura del mondo naturale in tutte le nostre azioni. Ci\u00f2 comporta una consapevolezza attiva nella scelta dei prodotti che acquistiamo, vendiamo e utilizziamo. Implica anche un impegno a ridurre, riutilizzare e riciclare. Ci occupiamo anche dell&#039;ambiente lavorando per proteggere e sostenere attivamente la natura selvaggia e le aree naturali modellando e incoraggiando azioni che danno loro la priorit\u00e0 e le proteggono. Riconosciamo e rispettiamo anche i popoli e le culture indigene che hanno vissuto su molte di queste terre per millenni.<\/p><h4><strong>INTEGRIT\u00c0\u00a0<\/strong><\/h4><p class=\"\">Operiamo sulla base della fiducia e dell&#039;onest\u00e0. Accogliamo attivamente opinioni divergenti mentre lavoriamo per una comprensione comune. Ci impegniamo a rispettare e credere il meglio l&#039;uno dell&#039;altro anche quando non siamo d&#039;accordo. Miriamo a trattare tutti in modo equo. Comunichiamo in modo aperto e trasparente, anche per quanto riguarda i nostri obiettivi e le nostre finanze. Riconosciamo di essere responsabili delle nostre azioni sia come individui che come organizzazione.<\/p><h4><strong>GLOBALE<\/strong><\/h4><p class=\"\">Sebbene Nature First sia stata fondata negli Stati Uniti, siamo impegnati in una prospettiva mondiale pi\u00f9 ampia. Cerchiamo attivamente il contributo e il coinvolgimento dei nostri membri in tutto il mondo e cerchiamo di garantire che questa organizzazione abbia un&#039;ampia rappresentanza internazionale all&#039;interno delle sue strutture.<\/p><h4><strong>COOPERAZIONE\u00a0<\/strong><\/h4><p class=\"\">Crediamo che la cooperazione sia essenziale per fare qualcosa di grande. Noi come organizzazione ci impegniamo a cooperare il pi\u00f9 possibile con altre organizzazioni ea promuovere iniziative di cooperazione tra i nostri membri.<\/p><h4><strong>RESPONSABILITA&#039; FISCALE<\/strong>\u00a0<\/h4><p class=\"\">Ci impegniamo a essere fiscalmente prudenti, lavorando con i nostri mezzi senza debiti.<\/p>\t\t\t\t\t\t\t\t<\/div>\n\t\t\t\t<\/div>\n\t\t\t\t<div class=\"elementor-element elementor-element-b18fa7a elementor-widget-divider--view-line elementor-widget elementor-widget-divider\" data-id=\"b18fa7a\" data-element_type=\"widget\" data-e-type=\"widget\" data-widget_type=\"divider.default\">\n\t\t\t\t<div class=\"elementor-widget-container\">\n\t\t\t\t\t\t\t<div class=\"elementor-divider\">\n\t\t\t<span class=\"elementor-divider-separator\">\n\t\t\t\t\t\t<\/span>\n\t\t<\/div>\n\t\t\t\t\t\t<\/div>\n\t\t\t\t<\/div>\n\t\t\t\t\t<\/div>\n\t\t<\/div>\n\t\t\t\t\t<\/div>\n\t\t<\/section>\n\t\t\t\t<\/div>","protected":false},"excerpt":{"rendered":"<p>Mission, Vision &amp; Values Our Mission&#8230; Nature First promotes the protection and preservation of the world&#8217;s natural and wild places through inspiring, educating, and uniting everyone making photographs and videos in nature; empowering them to be ambassadors of the natural world. OUR VISION\u2026 IS FOR EVERYONE MAKING PHOTOGRAPHS AND VIDEOS IN NATURE TO BE MINDFUL [&hellip;]<\/p>\n","protected":false},"author":2,"featured_media":0,"parent":0,"menu_order":0,"comment_status":"closed","ping_status":"closed","template":"","meta":{"_mo_disable_npp":"","site-sidebar-layout":"no-sidebar","site-content-layout":"page-builder","ast-site-content-layout":"default","site-content-style":"default","site-sidebar-style":"default","ast-global-header-display":"","ast-banner-title-visibility":"","ast-main-header-display":"","ast-hfb-above-header-display":"","ast-hfb-below-header-display":"","ast-hfb-mobile-header-display":"","site-post-title":"disabled","ast-breadcrumbs-content":"","ast-featured-img":"disabled","footer-sml-layout":"","ast-disable-related-posts":"","theme-transparent-header-meta":"","adv-header-id-meta":"","stick-header-meta":"","header-above-stick-meta":"","header-main-stick-meta":"","header-below-stick-meta":"","astra-migrate-meta-layouts":"default","ast-page-background-enabled":"default","ast-page-background-meta":{"desktop":{"background-color":"","background-image":"","background-repeat":"repeat","background-position":"center center","background-size":"auto","background-attachment":"scroll","background-type":"","background-media":"","overlay-type":"","overlay-color":"","overlay-opacity":"","overlay-gradient":""},"tablet":{"background-color":"","background-image":"","background-repeat":"repeat","background-position":"center center","background-size":"auto","background-attachment":"scroll","background-type":"","background-media":"","overlay-type":"","overlay-color":"","overlay-opacity":"","overlay-gradient":""},"mobile":{"background-color":"","background-image":"","background-repeat":"repeat","background-position":"center center","background-size":"auto","background-attachment":"scroll","background-type":"","background-media":"","overlay-type":"","overlay-color":"","overlay-opacity":"","overlay-gradient":""}},"ast-content-background-meta":{"desktop":{"background-color":"var(--ast-global-color-5)","background-image":"","background-repeat":"repeat","background-position":"center center","background-size":"auto","background-attachment":"scroll","background-type":"","background-media":"","overlay-type":"","overlay-color":"","overlay-opacity":"","overlay-gradient":""},"tablet":{"background-color":"var(--ast-global-color-5)","background-image":"","background-repeat":"repeat","background-position":"center center","background-size":"auto","background-attachment":"scroll","background-type":"","background-media":"","overlay-type":"","overlay-color":"","overlay-opacity":"","overlay-gradient":""},"mobile":{"background-color":"var(--ast-global-color-5)","background-image":"","background-repeat":"repeat","background-position":"center center","background-size":"auto","background-attachment":"scroll","background-type":"","background-media":"","overlay-type":"","overlay-color":"","overlay-opacity":"","overlay-gradient":""}},"footnotes":""},"class_list":["post-523","page","type-page","status-publish","hentry"],"aioseo_notices":[],"_links":{"self":[{"href":"https:\/\/naturefirst.org\/it\/wp-json\/wp\/v2\/pages\/523","targetHints":{"allow":["GET"]}}],"collection":[{"href":"https:\/\/naturefirst.org\/it\/wp-json\/wp\/v2\/pages"}],"about":[{"href":"https:\/\/naturefirst.org\/it\/wp-json\/wp\/v2\/types\/page"}],"author":[{"embeddable":true,"href":"https:\/\/naturefirst.org\/it\/wp-json\/wp\/v2\/users\/2"}],"replies":[{"embeddable":true,"href":"https:\/\/naturefirst.org\/it\/wp-json\/wp\/v2\/comments?post=523"}],"version-history":[{"count":5,"href":"https:\/\/naturefirst.org\/it\/wp-json\/wp\/v2\/pages\/523\/revisions"}],"predecessor-version":[{"id":3733,"href":"https:\/\/naturefirst.org\/it\/wp-json\/wp\/v2\/pages\/523\/revisions\/3733"}],"wp:attachment":[{"href":"https:\/\/naturefirst.org\/it\/wp-json\/wp\/v2\/media?parent=523"}],"curies":[{"name":"parola chiave","href":"https:\/\/api.w.org\/{rel}","templated":true}]}}