{"id":739,"date":"2022-08-22T21:52:02","date_gmt":"2022-08-22T21:52:02","guid":{"rendered":"https:\/\/naturefirst.org\/?page_id=739"},"modified":"2023-01-21T08:28:32","modified_gmt":"2023-01-21T15:28:32","slug":"responsible-nature-photography-standard","status":"publish","type":"page","link":"https:\/\/naturefirst.org\/it\/responsible-nature-photography-standard\/","title":{"rendered":"Standard di fotografia naturalistica responsabile"},"content":{"rendered":"<div data-elementor-type=\"wp-page\" data-elementor-id=\"739\" class=\"elementor elementor-739\" data-elementor-post-type=\"page\">\n\t\t\t\t\t\t<section class=\"elementor-section elementor-top-section elementor-element elementor-element-35820ecf elementor-section-height-min-height elementor-section-boxed elementor-section-height-default elementor-section-items-middle\" data-id=\"35820ecf\" data-element_type=\"section\" data-e-type=\"section\" data-settings=\"{&quot;background_background&quot;:&quot;classic&quot;}\">\n\t\t\t\t\t\t\t<div class=\"elementor-background-overlay\"><\/div>\n\t\t\t\t\t\t\t<div class=\"elementor-container elementor-column-gap-no\">\n\t\t\t\t\t<div class=\"elementor-column elementor-col-100 elementor-top-column elementor-element elementor-element-7e7ff944\" data-id=\"7e7ff944\" data-element_type=\"column\" data-e-type=\"column\">\n\t\t\t<div class=\"elementor-widget-wrap elementor-element-populated\">\n\t\t\t\t\t\t<div class=\"elementor-element elementor-element-28cd7761 elementor-widget elementor-widget-image-box\" data-id=\"28cd7761\" data-element_type=\"widget\" data-e-type=\"widget\" data-widget_type=\"image-box.default\">\n\t\t\t\t<div class=\"elementor-widget-container\">\n\t\t\t\t\t<div class=\"elementor-image-box-wrapper\"><div class=\"elementor-image-box-content\"><h1 class=\"elementor-image-box-title\">Lo standard per la fotografia naturalistica responsabile<\/h1><\/div><\/div>\t\t\t\t<\/div>\n\t\t\t\t<\/div>\n\t\t\t\t\t<\/div>\n\t\t<\/div>\n\t\t\t\t\t<\/div>\n\t\t<\/section>\n\t\t\t\t<section class=\"elementor-section elementor-top-section elementor-element elementor-element-5784c30c elementor-section-boxed elementor-section-height-default elementor-section-height-default\" data-id=\"5784c30c\" data-element_type=\"section\" data-e-type=\"section\">\n\t\t\t\t\t\t<div class=\"elementor-container elementor-column-gap-default\">\n\t\t\t\t\t<div class=\"elementor-column elementor-col-100 elementor-top-column elementor-element elementor-element-47cd6ed0\" data-id=\"47cd6ed0\" data-element_type=\"column\" data-e-type=\"column\">\n\t\t\t<div class=\"elementor-widget-wrap elementor-element-populated\">\n\t\t\t\t\t\t<div class=\"elementor-element elementor-element-6041a048 elementor-widget elementor-widget-heading\" data-id=\"6041a048\" data-element_type=\"widget\" data-e-type=\"widget\" data-widget_type=\"heading.default\">\n\t\t\t\t<div class=\"elementor-widget-container\">\n\t\t\t\t\t<h2 class=\"elementor-heading-title elementor-size-default\">Lo standard per la fotografia naturalistica responsabile <\/h2>\t\t\t\t<\/div>\n\t\t\t\t<\/div>\n\t\t\t\t<div class=\"elementor-element elementor-element-5760939 elementor-widget elementor-widget-text-editor\" data-id=\"5760939\" data-element_type=\"widget\" data-e-type=\"widget\" data-widget_type=\"text-editor.default\">\n\t\t\t\t<div class=\"elementor-widget-container\">\n\t\t\t\t\t\t\t\t\t<p id=\"yui_3_17_2_1_1661205057794_174\" class=\"\">Il Responsible Nature Photography Standard \u00e8 un impegno a implementare i principi Nature First all&#039;interno della tua organizzazione. \u00c8 simile all&#039;impegno assunto dai fotografi quando aderiscono a Nature First, tuttavia questo standard non \u00e8 per i fotografi stessi, ma piuttosto per le organizzazioni che utilizzano le foto e i video naturalistici che creano. Abbiamo anche una parte di questo standard che \u00e8 specifica per le organizzazioni coinvolte in foto, video o istruzione all&#039;aperto.<\/p><h3>RICERCA DEI CONTENUTI<\/h3><p class=\"\">Requisiti per le organizzazioni che si procurano fotografie naturalistiche o video naturalistici per comunicazioni interne o esterne e materiali di marketing.<\/p><ul><li>Richiedere che tutti i contenuti di questo tipo utilizzati nelle comunicazioni interne o esterne e nei materiali di marketing, inclusi, a titolo esemplificativo ma non esaustivo, siti Web, blog, social media, narrazione digitale\/marketing di contenuti, stampa, eventi di persona e partner influencer siano ottenuti esclusivamente da fotografi che si sono impegnati a seguire i principi Nature First diventando un membro Nature First (l&#039;iscrizione \u00e8 gratuita) prima della licenza, dell&#039;uso o della pubblicazione.<\/li><li>I contenuti forniti possono includere, a titolo esemplificativo ma non esaustivo, fotografie e video professionali tramite fotografi commerciali assunti, risorse stock acquistate tramite fotografi naturalisti\/paesaggisti indipendenti e\/o marketplace di terze parti, risorse di influencer dei social media (fotografi dilettanti o professionisti) e fotografi della comunit\u00e0 che inviano Contenuti generati dagli utenti Nature First Partnership Program Page 5 attraverso hashtag social o altre forme di cura dei contenuti generati dagli utenti e sistemi di raccolta (ad es. Pixlee, Stackla, Curalate, ecc.)<\/li><li>I creatori di contenuti (influencer e utenti che generano contenuti) possono essere fotografi professionisti, dilettanti o hobbisti che possono o meno utilizzare attrezzature professionali. Possono diventare membri di Nature First tutti coloro che fotografano la natura e rendono disponibili i propri contenuti attraverso i propri canali editoriali personali\/social media\/blog\/sito web\/negozio, ecc.<\/li><li>Assumersi ulteriori responsabilit\u00e0 e il massimo impegno per garantire che ogni fotografo di provenienza aderisca ai principi Nature First durante la produzione di immagini e video utilizzati in tali comunicazioni e materiali di marketing.<\/li><\/ul><h3>EDUCAZIONE E ISTRUZIONE<\/h3><p class=\"\">Requisiti per le organizzazioni che forniscono fotografia naturalistica, videografia naturalistica o educazione e istruzione in attivit\u00e0 ricreative all&#039;aperto.<\/p><ul><li>Richiedere che un&#039;introduzione di base ai principi Nature First sia inclusa nel curriculum di istruzione e istruzione, nel programma e\/o nei materiali forniti ai clienti e\/o agli studenti.<\/li><li>Richiedere che i principi Nature First siano adottati e rispettati da istruttori, ospiti, clienti e studenti durante qualsiasi attivit\u00e0 sul campo o in aree naturali.<\/li><li>Dare l&#039;esempio: agire in modo etico e spiegare quelle scelte etiche \u00e8 ancora pi\u00f9 importante quando ci si trova di fronte a un gruppo.<\/li><li>Mantieni le dimensioni del gruppo piccole. Riduci al minimo attivamente l&#039;impatto del tuo gruppo sui luoghi che visiti e lavora per proteggere le esperienze di coloro che ti circondano. \u00c8 tua responsabilit\u00e0 assicurarti che il tuo gruppo non sia di disturbo per gli altri.<\/li><li>Prima di farlo, considera attentamente l&#039;impatto della guida di un gruppo in luoghi sensibili.<\/li><li>Seguire le regole e i regolamenti, compresi i requisiti di autorizzazione.<\/li><\/ul><h3>CONFORMIT\u00c0<\/h3><p class=\"\">La responsabilit\u00e0 della conformit\u00e0 ricade sull&#039;organizzazione. Prima di finalizzare la partnership, l&#039;organizzazione deve condividere con Nature First il proprio processo per garantire che i fotografi siano conformi ai requisiti di iscrizione Nature First. Le organizzazioni che non vogliono o non sono in grado di controllare i fotografi non sono idonee ad adottare formalmente e impegnarsi a rispettare lo standard di fotografia naturalistica responsabile e sono le pi\u00f9 adatte per la nostra partnership organizzativa di livello 1.<\/p>\t\t\t\t\t\t\t\t<\/div>\n\t\t\t\t<\/div>\n\t\t\t\t<div class=\"elementor-element elementor-element-48bbecbb elementor-widget-divider--view-line elementor-widget elementor-widget-divider\" data-id=\"48bbecbb\" data-element_type=\"widget\" data-e-type=\"widget\" data-widget_type=\"divider.default\">\n\t\t\t\t<div class=\"elementor-widget-container\">\n\t\t\t\t\t\t\t<div class=\"elementor-divider\">\n\t\t\t<span class=\"elementor-divider-separator\">\n\t\t\t\t\t\t<\/span>\n\t\t<\/div>\n\t\t\t\t\t\t<\/div>\n\t\t\t\t<\/div>\n\t\t\t\t\t<\/div>\n\t\t<\/div>\n\t\t\t\t\t<\/div>\n\t\t<\/section>\n\t\t\t\t<\/div>","protected":false},"excerpt":{"rendered":"<p>The Responsible Nature Photography Standard The Responsible Nature Photography Standard The Responsible Nature Photography Standard is a commitment to implement Nature First principles within your organization. It is similar to the commitment that photographers make when they join Nature First, yet this standard is not for photographers themselves but rather for the organizations that use [&hellip;]<\/p>\n","protected":false},"author":2,"featured_media":0,"parent":0,"menu_order":0,"comment_status":"closed","ping_status":"closed","template":"","meta":{"_mo_disable_npp":"","site-sidebar-layout":"no-sidebar","site-content-layout":"page-builder","ast-site-content-layout":"default","site-content-style":"default","site-sidebar-style":"default","ast-global-header-display":"","ast-banner-title-visibility":"","ast-main-header-display":"","ast-hfb-above-header-display":"","ast-hfb-below-header-display":"","ast-hfb-mobile-header-display":"","site-post-title":"disabled","ast-breadcrumbs-content":"","ast-featured-img":"disabled","footer-sml-layout":"","ast-disable-related-posts":"","theme-transparent-header-meta":"","adv-header-id-meta":"","stick-header-meta":"","header-above-stick-meta":"","header-main-stick-meta":"","header-below-stick-meta":"","astra-migrate-meta-layouts":"default","ast-page-background-enabled":"default","ast-page-background-meta":{"desktop":{"background-color":"","background-image":"","background-repeat":"repeat","background-position":"center center","background-size":"auto","background-attachment":"scroll","background-type":"","background-media":"","overlay-type":"","overlay-color":"","overlay-opacity":"","overlay-gradient":""},"tablet":{"background-color":"","background-image":"","background-repeat":"repeat","background-position":"center center","background-size":"auto","background-attachment":"scroll","background-type":"","background-media":"","overlay-type":"","overlay-color":"","overlay-opacity":"","overlay-gradient":""},"mobile":{"background-color":"","background-image":"","background-repeat":"repeat","background-position":"center center","background-size":"auto","background-attachment":"scroll","background-type":"","background-media":"","overlay-type":"","overlay-color":"","overlay-opacity":"","overlay-gradient":""}},"ast-content-background-meta":{"desktop":{"background-color":"var(--ast-global-color-5)","background-image":"","background-repeat":"repeat","background-position":"center center","background-size":"auto","background-attachment":"scroll","background-type":"","background-media":"","overlay-type":"","overlay-color":"","overlay-opacity":"","overlay-gradient":""},"tablet":{"background-color":"var(--ast-global-color-5)","background-image":"","background-repeat":"repeat","background-position":"center center","background-size":"auto","background-attachment":"scroll","background-type":"","background-media":"","overlay-type":"","overlay-color":"","overlay-opacity":"","overlay-gradient":""},"mobile":{"background-color":"var(--ast-global-color-5)","background-image":"","background-repeat":"repeat","background-position":"center center","background-size":"auto","background-attachment":"scroll","background-type":"","background-media":"","overlay-type":"","overlay-color":"","overlay-opacity":"","overlay-gradient":""}},"footnotes":""},"class_list":["post-739","page","type-page","status-publish","hentry"],"aioseo_notices":[],"_links":{"self":[{"href":"https:\/\/naturefirst.org\/it\/wp-json\/wp\/v2\/pages\/739","targetHints":{"allow":["GET"]}}],"collection":[{"href":"https:\/\/naturefirst.org\/it\/wp-json\/wp\/v2\/pages"}],"about":[{"href":"https:\/\/naturefirst.org\/it\/wp-json\/wp\/v2\/types\/page"}],"author":[{"embeddable":true,"href":"https:\/\/naturefirst.org\/it\/wp-json\/wp\/v2\/users\/2"}],"replies":[{"embeddable":true,"href":"https:\/\/naturefirst.org\/it\/wp-json\/wp\/v2\/comments?post=739"}],"version-history":[{"count":8,"href":"https:\/\/naturefirst.org\/it\/wp-json\/wp\/v2\/pages\/739\/revisions"}],"predecessor-version":[{"id":3739,"href":"https:\/\/naturefirst.org\/it\/wp-json\/wp\/v2\/pages\/739\/revisions\/3739"}],"wp:attachment":[{"href":"https:\/\/naturefirst.org\/it\/wp-json\/wp\/v2\/media?parent=739"}],"curies":[{"name":"parola chiave","href":"https:\/\/api.w.org\/{rel}","templated":true}]}}