{"id":783,"date":"2022-08-22T23:11:24","date_gmt":"2022-08-22T23:11:24","guid":{"rendered":"https:\/\/naturefirst.org\/?page_id=783"},"modified":"2024-07-03T07:14:31","modified_gmt":"2024-07-03T13:14:31","slug":"press","status":"publish","type":"page","link":"https:\/\/naturefirst.org\/it\/press\/","title":{"rendered":"Premere"},"content":{"rendered":"<div data-elementor-type=\"wp-page\" data-elementor-id=\"783\" class=\"elementor elementor-783\" data-elementor-post-type=\"page\">\n\t\t\t\t\t\t<section class=\"elementor-section elementor-top-section elementor-element elementor-element-6eb01d68 elementor-section-height-min-height elementor-section-boxed elementor-section-height-default elementor-section-items-middle\" data-id=\"6eb01d68\" data-element_type=\"section\" data-e-type=\"section\" data-settings=\"{&quot;background_background&quot;:&quot;classic&quot;}\">\n\t\t\t\t\t\t\t<div class=\"elementor-background-overlay\"><\/div>\n\t\t\t\t\t\t\t<div class=\"elementor-container elementor-column-gap-no\">\n\t\t\t\t\t<div class=\"elementor-column elementor-col-100 elementor-top-column elementor-element elementor-element-35602077\" data-id=\"35602077\" data-element_type=\"column\" data-e-type=\"column\">\n\t\t\t<div class=\"elementor-widget-wrap elementor-element-populated\">\n\t\t\t\t\t\t<div class=\"elementor-element elementor-element-e11d5bb elementor-widget elementor-widget-image-box\" data-id=\"e11d5bb\" data-element_type=\"widget\" data-e-type=\"widget\" data-widget_type=\"image-box.default\">\n\t\t\t\t<div class=\"elementor-widget-container\">\n\t\t\t\t\t<div class=\"elementor-image-box-wrapper\"><div class=\"elementor-image-box-content\"><h1 class=\"elementor-image-box-title\">Per la Stampa<\/h1><\/div><\/div>\t\t\t\t<\/div>\n\t\t\t\t<\/div>\n\t\t\t\t\t<\/div>\n\t\t<\/div>\n\t\t\t\t\t<\/div>\n\t\t<\/section>\n\t\t\t\t<section class=\"elementor-section elementor-top-section elementor-element elementor-element-bbd41ea elementor-section-boxed elementor-section-height-default elementor-section-height-default\" data-id=\"bbd41ea\" data-element_type=\"section\" data-e-type=\"section\">\n\t\t\t\t\t\t<div class=\"elementor-container elementor-column-gap-default\">\n\t\t\t\t\t<div class=\"elementor-column elementor-col-50 elementor-top-column elementor-element elementor-element-2477e54\" data-id=\"2477e54\" data-element_type=\"column\" data-e-type=\"column\">\n\t\t\t<div class=\"elementor-widget-wrap elementor-element-populated\">\n\t\t\t\t\t\t<div class=\"elementor-element elementor-element-bb92e38 elementor-widget elementor-widget-heading\" data-id=\"bb92e38\" data-element_type=\"widget\" data-e-type=\"widget\" data-widget_type=\"heading.default\">\n\t\t\t\t<div class=\"elementor-widget-container\">\n\t\t\t\t\t<h2 class=\"elementor-heading-title elementor-size-default\">Comunicato stampa<\/h2>\t\t\t\t<\/div>\n\t\t\t\t<\/div>\n\t\t\t\t\t<\/div>\n\t\t<\/div>\n\t\t\t\t<div class=\"elementor-column elementor-col-50 elementor-top-column elementor-element elementor-element-2d51035\" data-id=\"2d51035\" data-element_type=\"column\" data-e-type=\"column\">\n\t\t\t<div class=\"elementor-widget-wrap elementor-element-populated\">\n\t\t\t\t\t\t<div class=\"elementor-element elementor-element-d48523d elementor-widget elementor-widget-text-editor\" data-id=\"d48523d\" data-element_type=\"widget\" data-e-type=\"widget\" data-widget_type=\"text-editor.default\">\n\t\t\t\t<div class=\"elementor-widget-container\">\n\t\t\t\t\t\t\t\t\t<p><strong><em>Le immagini in questa pagina sono disponibili per l&#039;utilizzo da parte della stampa...<\/em><\/strong><\/p>\t\t\t\t\t\t\t\t<\/div>\n\t\t\t\t<\/div>\n\t\t\t\t\t<\/div>\n\t\t<\/div>\n\t\t\t\t\t<\/div>\n\t\t<\/section>\n\t\t\t\t<section class=\"elementor-section elementor-top-section elementor-element elementor-element-4b102503 elementor-section-boxed elementor-section-height-default elementor-section-height-default\" data-id=\"4b102503\" data-element_type=\"section\" data-e-type=\"section\">\n\t\t\t\t\t\t<div class=\"elementor-container elementor-column-gap-default\">\n\t\t\t\t\t<div class=\"elementor-column elementor-col-100 elementor-top-column elementor-element elementor-element-40944611\" data-id=\"40944611\" data-element_type=\"column\" data-e-type=\"column\">\n\t\t\t<div class=\"elementor-widget-wrap elementor-element-populated\">\n\t\t\t\t\t\t<div class=\"elementor-element elementor-element-7156ffa elementor-widget elementor-widget-text-editor\" data-id=\"7156ffa\" data-element_type=\"widget\" data-e-type=\"widget\" data-widget_type=\"text-editor.default\">\n\t\t\t\t<div class=\"elementor-widget-container\">\n\t\t\t\t\t\t\t\t\t<div id=\"block-8b5bdb296a94300d0085\" class=\"sqs-block html-block sqs-block-html\" data-block-type=\"2\"><div class=\"sqs-block-content\"><h3>22 APRILE 2019<\/h3><p class=\"\">Per il rilascio immediato<\/p><p class=\"\"><em>Il danno si ferma qui: i fotografi naturalisti si uniscono per preservare la natura selvaggia rimanente<\/em><\/p><p class=\"\"><strong>Le nostre localit\u00e0 pi\u00f9 belle in tutto il pianeta sono state danneggiate e i fotografi naturalisti di tutto il mondo, rendendosi conto della propria complicit\u00e0, si stanno unendo per cambiare la situazione.<\/strong><\/p><\/div><\/div><div id=\"block-yui_3_17_2_1_1555641580725_6897\" class=\"sqs-block image-block sqs-block-image sqs-col-6 span-6 float float-right sqs-text-ready\" data-block-type=\"5\"><div id=\"yui_3_17_2_1_1661209432494_152\" class=\"sqs-block-content\"><div id=\"yui_3_17_2_1_1661209432494_151\" class=\"image-block-outer-wrapper layout-caption-hidden design-layout-inline combination-animation-none individual-animation-none individual-text-animation-none\" data-test=\"image-block-inline-outer-wrapper\"><figure id=\"yui_3_17_2_1_1661209432494_150\" class=\"sqs-block-image-figure intrinsic\"><div id=\"yui_3_17_2_1_1661209432494_149\" class=\"image-block-wrapper\" data-animation-role=\"image\"><div id=\"yui_3_17_2_1_1661209432494_148\" class=\"sqs-image-shape-container-element has-aspect-ratio\"><img decoding=\"async\" class=\"thumb-image loaded alignright\" src=\"https:\/\/images.squarespace-cdn.com\/content\/v1\/5c69df27ca525b3b56a5cce6\/1555641762493-AO6NF523N40Z20U0CPD8\/Iceland-Sarah-Marino.jpg?format=500w\" alt=\"Iceland-Sarah-Marino.jpg\" data-src=\"https:\/\/images.squarespace-cdn.com\/content\/v1\/5c69df27ca525b3b56a5cce6\/1555641762493-AO6NF523N40Z20U0CPD8\/Iceland-Sarah-Marino.jpg\" data-image=\"https:\/\/images.squarespace-cdn.com\/content\/v1\/5c69df27ca525b3b56a5cce6\/1555641762493-AO6NF523N40Z20U0CPD8\/Iceland-Sarah-Marino.jpg\" data-image-dimensions=\"1000x805\" data-image-focal-point=\"0.5,0.5\" data-load=\"false\" data-image-id=\"5cb935a0419202e155e767c4\" data-type=\"image\" data-image-resolution=\"500w\" \/><\/div><\/div><\/figure><\/div><\/div><\/div><div id=\"block-yui_3_17_2_1_1555641580725_11188\" class=\"sqs-block html-block sqs-block-html\" data-block-type=\"2\"><div class=\"sqs-block-content\"><p class=\"\">22 aprile 2019. Estes Park, Colorado \u2013 Dai campi di papaveri calpestati della California alle cascate invase dall&#039;Islanda, in tutto il nostro mondo stiamo assistendo all&#039;impatto sempre crescente della fotografia e dei social media. I campi di girasole in fiore hanno attirato decine di migliaia di persone, chiudendo le autostrade e distruggendo i campi dei contadini, mentre cascate e panorami montani precedentemente sconosciuti riempiono le pagine di Instagram e Facebook attirando migliaia di visitatori in questi luoghi un tempo incontaminati.<\/p><p class=\"\">Nell&#039;ultimo decennio, molti dei luoghi pi\u00f9 belli e spesso sconosciuti del nostro mondo sono stati messi sotto i riflettori tramite i social media. I luoghi un tempo protetti a causa del loro anonimato stanno ora attirando sempre pi\u00f9 traffico ogni giorno e la maggior parte di questi luoghi selvaggi non riesce a sopravvivere all&#039;attenzione. Questi splendidi luoghi sono ora circondati da fango e ghiaia, vegetazione calpestata e immondizia. Non sono pi\u00f9 contrassegnati dal silenzio naturale e dalla fauna selvatica attiva, ma sono invece diventati centri di rumorose attivit\u00e0 umane.<\/p><\/div><\/div><div id=\"block-yui_3_17_2_1_1555641580725_14299\" class=\"sqs-block image-block sqs-block-image sqs-col-6 span-6 float float-right sqs-text-ready\" data-aspect-ratio=\"67.05020920502092\" data-block-type=\"5\"><div id=\"yui_3_17_2_1_1661209432494_173\" class=\"sqs-block-content\"><div id=\"yui_3_17_2_1_1661209432494_172\" class=\"image-block-outer-wrapper layout-caption-hidden design-layout-inline combination-animation-none individual-animation-none individual-text-animation-none\" data-test=\"image-block-inline-outer-wrapper\"><figure id=\"yui_3_17_2_1_1661209432494_171\" class=\"sqs-block-image-figure intrinsic\"><div id=\"yui_3_17_2_1_1661209432494_170\" class=\"image-block-wrapper\" data-animation-role=\"image\"><div id=\"yui_3_17_2_1_1661209432494_169\" class=\"sqs-image-shape-container-element has-aspect-ratio\"><img decoding=\"async\" class=\"thumb-image loaded alignright\" src=\"https:\/\/images.squarespace-cdn.com\/content\/v1\/5c69df27ca525b3b56a5cce6\/1555641898041-CGAUJC36UL6EFMBQA002\/Mesa-Arch-Joshua-Snow.jpg?format=500w\" alt=\"Mesa-Arch-Joshua-Snow.jpg\" data-src=\"https:\/\/images.squarespace-cdn.com\/content\/v1\/5c69df27ca525b3b56a5cce6\/1555641898041-CGAUJC36UL6EFMBQA002\/Mesa-Arch-Joshua-Snow.jpg\" data-image=\"https:\/\/images.squarespace-cdn.com\/content\/v1\/5c69df27ca525b3b56a5cce6\/1555641898041-CGAUJC36UL6EFMBQA002\/Mesa-Arch-Joshua-Snow.jpg\" data-image-dimensions=\"1250x838\" data-image-focal-point=\"0.5,0.5\" data-load=\"false\" data-image-id=\"5cb93628104c7b4c581aecbd\" data-type=\"image\" data-image-resolution=\"500w\" \/><\/div><\/div><\/figure><\/div><\/div><\/div><div id=\"block-yui_3_17_2_1_1555641580725_16582\" class=\"sqs-block html-block sqs-block-html\" data-block-type=\"2\"><div class=\"sqs-block-content\"><p class=\"\">Da molto prima dei tempi di Ansel Adams i fotografi naturalisti hanno esplorato il nostro meraviglioso mondo e ne hanno condiviso le meraviglie con il resto della popolazione umana. Fin dai suoi inizi fotografi come Carleton Watkins, William Henry Jackson e Philip Hyde hanno usato la loro fotografia per attirare l&#039;attenzione sulla necessit\u00e0 di preservare il nostro mondo naturale. Le loro foto sono state determinanti nella formazione di molti dei parchi nazionali americani. Ma, all&#039;inizio degli anni 2000, le cose sono cambiate radicalmente. Le loro immagini non erano pi\u00f9 riservate a libri e riviste, ma ora apparivano su computer e dispositivi mobili in tutto il mondo. L&#039;ascesa di Instagram con il suo algoritmo che incoraggiava la condivisione delle informazioni sulla posizione ha ribaltato la scala e la fotografia naturalistica \u00e8 presto passata da un mezzo per promuovere la protezione del nostro mondo naturale a un invito a tutti a raggiungere e toccare questi luoghi. Le aree naturali di tutto il pianeta hanno visto un&#039;esplosione di crescita delle visite. Ad esempio, il Rocky Mountain National Park ha registrato una crescita di oltre 40% dal 2012, estendendolo oltre la capacit\u00e0. \u00c8 simile per Arches National Park, Zion National Park, il paese dell&#039;Islanda, i parchi nazionali in Norvegia e Nuova Zelanda, ecc. Senza l&#039;infrastruttura per supportare e proteggere questi luoghi, il nostro mondo naturale \u00e8 amato a morte.<\/p><p class=\"\">Allo stesso tempo, i fotografi hanno corso rischi sempre maggiori per ottenere una foto che nessun altro ha. Mentre i fotografi si spingono in posti nuovi e li condividono con il mondo, il mondo segue le loro orme. Per molti fotografi oggi si tratta solo di ottenere una foto drammatica senza apprezzare la flora, la fauna, la geologia, la storia e la delicata natura di questi luoghi. In questi casi i luoghi stessi non sono amati ma semplicemente utilizzati per ci\u00f2 che possono fornire: pi\u00f9 fan e follower.<\/p><p class=\"\">I fotografi naturalisti parlano con toni preoccupanti di ci\u00f2 che vedono accadere e molti ora si alzano in piedi e riconoscono il loro contributo molto significativo a questi problemi.<\/p><p class=\"\">Di conseguenza, i fotografi naturalisti hanno lanciato un&#039;iniziativa mondiale chiamata &quot;Nature First: The Alliance for Responsible Nature Photography&quot;. L&#039;Alleanza si basa su una serie di buone pratiche per i fotografi naturalisti incentrate sull&#039;idea di anteporre il benessere della natura alla propria fotografia. Il fulcro di questa nuova iniziativa \u00e8 il sito Web Nature First:\u00a0<a href=\"http:\/\/naturefirst.org\/it\/\">https:\/\/naturefirst.org<\/a>.<\/p><p class=\"\">Queste migliori pratiche sono composte da sette principi, simili a\u00a0<em>Non lasciare traccia<\/em>\u00a0principi e sono progettati per chiunque scatti fotografie all&#039;aperto, siano essi fotografi professionisti o hobbisti. I principi sono relativamente semplici, ma mentre scavi scoprirai che contengono una grande profondit\u00e0.<\/p><\/div><\/div><div id=\"block-yui_3_17_2_1_1555641580725_17786\" class=\"sqs-block image-block sqs-block-image sqs-col-6 span-6 float float-right sqs-text-ready\" data-block-type=\"5\"><div id=\"yui_3_17_2_1_1661209432494_191\" class=\"sqs-block-content\"><div id=\"yui_3_17_2_1_1661209432494_190\" class=\"image-block-outer-wrapper layout-caption-hidden design-layout-inline combination-animation-none individual-animation-none individual-text-animation-none\" data-test=\"image-block-inline-outer-wrapper\"><figure id=\"yui_3_17_2_1_1661209432494_189\" class=\"sqs-block-image-figure intrinsic\"><div id=\"yui_3_17_2_1_1661209432494_188\" class=\"image-block-wrapper\" data-animation-role=\"image\"><div id=\"yui_3_17_2_1_1661209432494_187\" class=\"sqs-image-shape-container-element has-aspect-ratio\"><img decoding=\"async\" class=\"thumb-image loaded alignright\" src=\"https:\/\/images.squarespace-cdn.com\/content\/v1\/5c69df27ca525b3b56a5cce6\/1555641977746-9JFDY86MTZBPC00CBVV2\/Stay+Off+Photo+.jpg?format=500w\" alt=\"Stay Off Photo .jpg\" data-src=\"https:\/\/images.squarespace-cdn.com\/content\/v1\/5c69df27ca525b3b56a5cce6\/1555641977746-9JFDY86MTZBPC00CBVV2\/Stay+Off+Photo+.jpg\" data-image=\"https:\/\/images.squarespace-cdn.com\/content\/v1\/5c69df27ca525b3b56a5cce6\/1555641977746-9JFDY86MTZBPC00CBVV2\/Stay+Off+Photo+.jpg\" data-image-dimensions=\"1175x783\" data-image-focal-point=\"0.5,0.5\" data-load=\"false\" data-image-id=\"5cb93679e79c70af9353787d\" data-type=\"image\" data-image-resolution=\"500w\" \/><\/div><\/div><\/figure><\/div><\/div><\/div><div id=\"block-yui_3_17_2_1_1555641580725_21120\" class=\"sqs-block html-block sqs-block-html\" data-block-type=\"2\"><div class=\"sqs-block-content\"><ol><li>Dai la priorit\u00e0 al benessere della natura rispetto alla fotografia.<\/li><li>Informati sui luoghi che fotografi.<\/li><li>Rifletti sul possibile impatto delle tue azioni.<\/li><li>Usare discrezione se si condividono le posizioni.<\/li><li>Conoscere e seguire regole e regolamenti.<\/li><li>Segui sempre i principi Leave No Trace e sforzati di lasciare i luoghi migliori di come li hai trovati.<\/li><li>Promuovere ed educare attivamente gli altri su questi principi.<\/li><\/ol><p class=\"\"><em>Nature First<\/em>\u00a0mira a incoraggiare tutti coloro che scattano foto nel mondo naturale ad aderire a questa iniziativa e accettare di rispettare questi principi. In questo modo speriamo di poter iniziare a invertire la tendenza alla distruzione che le nostre aree selvagge stanno affrontando. Sebbene non possiamo tornare indietro nel tempo e riportare ci\u00f2 che \u00e8 stato danneggiato al suo stato originale, la speranza di Nature First \u00e8 che possiamo preservare ci\u00f2 che rimane adottando un approccio pi\u00f9 attento e ponderato e che sia possibile celebrare e fotografare il mondo naturale senza distruggere esso.<\/p><\/div><\/div>\t\t\t\t\t\t\t\t<\/div>\n\t\t\t\t<\/div>\n\t\t\t\t<div class=\"elementor-element elementor-element-e8a131e elementor-widget elementor-widget-image\" data-id=\"e8a131e\" data-element_type=\"widget\" data-e-type=\"widget\" data-widget_type=\"image.default\">\n\t\t\t\t<div class=\"elementor-widget-container\">\n\t\t\t\t\t\t\t\t\t\t\t\t\t\t\t<img fetchpriority=\"high\" decoding=\"async\" width=\"1024\" height=\"684\" src=\"https:\/\/naturefirst.org\/wp-content\/uploads\/Rocky-Mountain-National-Park-Erik-Stensland--1024x684.jpg\" class=\"attachment-large size-large wp-image-787\" alt=\"Rocky Mountain National Park\" srcset=\"https:\/\/naturefirst.org\/wp-content\/uploads\/Rocky-Mountain-National-Park-Erik-Stensland--1024x684.jpg 1024w, https:\/\/naturefirst.org\/wp-content\/uploads\/Rocky-Mountain-National-Park-Erik-Stensland--500x334.jpg 500w, https:\/\/naturefirst.org\/wp-content\/uploads\/Rocky-Mountain-National-Park-Erik-Stensland--768x513.jpg 768w, https:\/\/naturefirst.org\/wp-content\/uploads\/Rocky-Mountain-National-Park-Erik-Stensland--1536x1025.jpg 1536w, https:\/\/naturefirst.org\/wp-content\/uploads\/Rocky-Mountain-National-Park-Erik-Stensland--2048x1367.jpg 2048w, https:\/\/naturefirst.org\/wp-content\/uploads\/Rocky-Mountain-National-Park-Erik-Stensland--18x12.jpg 18w\" sizes=\"(max-width: 1024px) 100vw, 1024px\" \/>\t\t\t\t\t\t\t\t\t\t\t\t\t\t\t<\/div>\n\t\t\t\t<\/div>\n\t\t\t\t<div class=\"elementor-element elementor-element-b8d9720 elementor-widget elementor-widget-heading\" data-id=\"b8d9720\" data-element_type=\"widget\" data-e-type=\"widget\" data-widget_type=\"heading.default\">\n\t\t\t\t<div class=\"elementor-widget-container\">\n\t\t\t\t\t<h2 class=\"elementor-heading-title elementor-size-default\">Informazioni su Nature First<\/h2>\t\t\t\t<\/div>\n\t\t\t\t<\/div>\n\t\t\t\t<div class=\"elementor-element elementor-element-e741c2b elementor-widget elementor-widget-text-editor\" data-id=\"e741c2b\" data-element_type=\"widget\" data-e-type=\"widget\" data-widget_type=\"text-editor.default\">\n\t\t\t\t<div class=\"elementor-widget-container\">\n\t\t\t\t\t\t\t\t\t<p><strong><em>Nature First<\/em><\/strong>\u00a0\u00e8 un&#039;associazione di fotografi impegnati nella fotografia naturalistica responsabile. Per organizzare un colloquio contattare tramite il link sottostante.<\/p>\t\t\t\t\t\t\t\t<\/div>\n\t\t\t\t<\/div>\n\t\t\t\t<div class=\"elementor-element elementor-element-70f49ac elementor-align-center elementor-widget elementor-widget-button\" data-id=\"70f49ac\" data-element_type=\"widget\" data-e-type=\"widget\" data-widget_type=\"button.default\">\n\t\t\t\t<div class=\"elementor-widget-container\">\n\t\t\t\t\t\t\t\t\t<div class=\"elementor-button-wrapper\">\n\t\t\t\t\t<a class=\"elementor-button elementor-button-link elementor-size-sm\" href=\"https:\/\/naturefirst.org\/it\/contact\/\">\n\t\t\t\t\t\t<span class=\"elementor-button-content-wrapper\">\n\t\t\t\t\t\t\t\t\t<span class=\"elementor-button-text\">Contattaci<\/span>\n\t\t\t\t\t<\/span>\n\t\t\t\t\t<\/a>\n\t\t\t\t<\/div>\n\t\t\t\t\t\t\t\t<\/div>\n\t\t\t\t<\/div>\n\t\t\t\t<div class=\"elementor-element elementor-element-2790c1a elementor-widget elementor-widget-text-editor\" data-id=\"2790c1a\" data-element_type=\"widget\" data-e-type=\"widget\" data-widget_type=\"text-editor.default\">\n\t\t\t\t<div class=\"elementor-widget-container\">\n\t\t\t\t\t\t\t\t\t<p><a href=\"https:\/\/naturefirst.org\/it\/principles\/\">Ulteriori informazioni sui principi Nature First<\/a><\/p>\t\t\t\t\t\t\t\t<\/div>\n\t\t\t\t<\/div>\n\t\t\t\t<div class=\"elementor-element elementor-element-c14c371 elementor-widget elementor-widget-image\" data-id=\"c14c371\" data-element_type=\"widget\" data-e-type=\"widget\" data-widget_type=\"image.default\">\n\t\t\t\t<div class=\"elementor-widget-container\">\n\t\t\t\t\t\t\t\t\t\t\t\t\t\t\t<img decoding=\"async\" width=\"500\" height=\"444\" src=\"https:\/\/naturefirst.org\/wp-content\/uploads\/Asset-11-4x-500x444.png\" class=\"attachment-medium size-medium wp-image-4336\" alt=\"\" srcset=\"https:\/\/naturefirst.org\/wp-content\/uploads\/Asset-11-4x-500x444.png 500w, https:\/\/naturefirst.org\/wp-content\/uploads\/Asset-11-4x-14x12.png 14w, https:\/\/naturefirst.org\/wp-content\/uploads\/Asset-11-4x.png 726w\" sizes=\"(max-width: 500px) 100vw, 500px\" \/>\t\t\t\t\t\t\t\t\t\t\t\t\t\t\t<\/div>\n\t\t\t\t<\/div>\n\t\t\t\t<div class=\"elementor-element elementor-element-c2cc08e elementor-widget elementor-widget-spacer\" data-id=\"c2cc08e\" data-element_type=\"widget\" data-e-type=\"widget\" data-widget_type=\"spacer.default\">\n\t\t\t\t<div class=\"elementor-widget-container\">\n\t\t\t\t\t\t\t<div class=\"elementor-spacer\">\n\t\t\t<div class=\"elementor-spacer-inner\"><\/div>\n\t\t<\/div>\n\t\t\t\t\t\t<\/div>\n\t\t\t\t<\/div>\n\t\t\t\t<div class=\"elementor-element elementor-element-1f7d974 elementor-widget elementor-widget-image\" data-id=\"1f7d974\" data-element_type=\"widget\" data-e-type=\"widget\" data-widget_type=\"image.default\">\n\t\t\t\t<div class=\"elementor-widget-container\">\n\t\t\t\t\t\t\t\t\t\t\t\t\t\t\t<img decoding=\"async\" width=\"500\" height=\"171\" src=\"https:\/\/naturefirst.org\/wp-content\/uploads\/Asset-12-4x-500x171.png\" class=\"attachment-medium size-medium wp-image-4341\" alt=\"\" srcset=\"https:\/\/naturefirst.org\/wp-content\/uploads\/Asset-12-4x-500x171.png 500w, https:\/\/naturefirst.org\/wp-content\/uploads\/Asset-12-4x-1024x349.png 1024w, https:\/\/naturefirst.org\/wp-content\/uploads\/Asset-12-4x-768x262.png 768w, https:\/\/naturefirst.org\/wp-content\/uploads\/Asset-12-4x-18x6.png 18w, https:\/\/naturefirst.org\/wp-content\/uploads\/Asset-12-4x-110x38.png 110w, https:\/\/naturefirst.org\/wp-content\/uploads\/Asset-12-4x-110x38-110x38.png 250w, https:\/\/naturefirst.org\/wp-content\/uploads\/Asset-12-4x-1152x393.png 1416w, https:\/\/naturefirst.org\/wp-content\/uploads\/Asset-12-4x-1152x393-1152x393.png 1216w, https:\/\/naturefirst.org\/wp-content\/uploads\/Asset-12-4x-1152x393-1152x393-1152x393.png 1260w, https:\/\/naturefirst.org\/wp-content\/uploads\/Asset-12-4x.png 1152w\" sizes=\"(max-width: 500px) 100vw, 500px\" \/>\t\t\t\t\t\t\t\t\t\t\t\t\t\t\t<\/div>\n\t\t\t\t<\/div>\n\t\t\t\t<div class=\"elementor-element elementor-element-1b8f035a elementor-widget-divider--view-line elementor-widget elementor-widget-divider\" data-id=\"1b8f035a\" data-element_type=\"widget\" data-e-type=\"widget\" data-widget_type=\"divider.default\">\n\t\t\t\t<div class=\"elementor-widget-container\">\n\t\t\t\t\t\t\t<div class=\"elementor-divider\">\n\t\t\t<span class=\"elementor-divider-separator\">\n\t\t\t\t\t\t<\/span>\n\t\t<\/div>\n\t\t\t\t\t\t<\/div>\n\t\t\t\t<\/div>\n\t\t\t\t\t<\/div>\n\t\t<\/div>\n\t\t\t\t\t<\/div>\n\t\t<\/section>\n\t\t\t\t<\/div>","protected":false},"excerpt":{"rendered":"<p>For the Press Press Release Images on this page are available for press usage\u2026 APRIL 22, 2019 For Immediate Release The Harm Stops Here: Nature Photographers Unite to Preserve Remaining Wilderness Our most beautiful locations across this planet are being damaged and nature photographers from across the globe, realizing their own complicity, are uniting to [&hellip;]<\/p>\n","protected":false},"author":2,"featured_media":0,"parent":0,"menu_order":0,"comment_status":"closed","ping_status":"closed","template":"","meta":{"_mo_disable_npp":"","site-sidebar-layout":"no-sidebar","site-content-layout":"page-builder","ast-site-content-layout":"default","site-content-style":"default","site-sidebar-style":"default","ast-global-header-display":"","ast-banner-title-visibility":"","ast-main-header-display":"","ast-hfb-above-header-display":"","ast-hfb-below-header-display":"","ast-hfb-mobile-header-display":"","site-post-title":"disabled","ast-breadcrumbs-content":"","ast-featured-img":"disabled","footer-sml-layout":"","ast-disable-related-posts":"","theme-transparent-header-meta":"","adv-header-id-meta":"","stick-header-meta":"","header-above-stick-meta":"","header-main-stick-meta":"","header-below-stick-meta":"","astra-migrate-meta-layouts":"default","ast-page-background-enabled":"default","ast-page-background-meta":{"desktop":{"background-color":"","background-image":"","background-repeat":"repeat","background-position":"center center","background-size":"auto","background-attachment":"scroll","background-type":"","background-media":"","overlay-type":"","overlay-color":"","overlay-opacity":"","overlay-gradient":""},"tablet":{"background-color":"","background-image":"","background-repeat":"repeat","background-position":"center center","background-size":"auto","background-attachment":"scroll","background-type":"","background-media":"","overlay-type":"","overlay-color":"","overlay-opacity":"","overlay-gradient":""},"mobile":{"background-color":"","background-image":"","background-repeat":"repeat","background-position":"center center","background-size":"auto","background-attachment":"scroll","background-type":"","background-media":"","overlay-type":"","overlay-color":"","overlay-opacity":"","overlay-gradient":""}},"ast-content-background-meta":{"desktop":{"background-color":"var(--ast-global-color-5)","background-image":"","background-repeat":"repeat","background-position":"center center","background-size":"auto","background-attachment":"scroll","background-type":"","background-media":"","overlay-type":"","overlay-color":"","overlay-opacity":"","overlay-gradient":""},"tablet":{"background-color":"var(--ast-global-color-5)","background-image":"","background-repeat":"repeat","background-position":"center center","background-size":"auto","background-attachment":"scroll","background-type":"","background-media":"","overlay-type":"","overlay-color":"","overlay-opacity":"","overlay-gradient":""},"mobile":{"background-color":"var(--ast-global-color-5)","background-image":"","background-repeat":"repeat","background-position":"center center","background-size":"auto","background-attachment":"scroll","background-type":"","background-media":"","overlay-type":"","overlay-color":"","overlay-opacity":"","overlay-gradient":""}},"footnotes":""},"class_list":["post-783","page","type-page","status-publish","hentry"],"aioseo_notices":[],"_links":{"self":[{"href":"https:\/\/naturefirst.org\/it\/wp-json\/wp\/v2\/pages\/783","targetHints":{"allow":["GET"]}}],"collection":[{"href":"https:\/\/naturefirst.org\/it\/wp-json\/wp\/v2\/pages"}],"about":[{"href":"https:\/\/naturefirst.org\/it\/wp-json\/wp\/v2\/types\/page"}],"author":[{"embeddable":true,"href":"https:\/\/naturefirst.org\/it\/wp-json\/wp\/v2\/users\/2"}],"replies":[{"embeddable":true,"href":"https:\/\/naturefirst.org\/it\/wp-json\/wp\/v2\/comments?post=783"}],"version-history":[{"count":18,"href":"https:\/\/naturefirst.org\/it\/wp-json\/wp\/v2\/pages\/783\/revisions"}],"predecessor-version":[{"id":4989,"href":"https:\/\/naturefirst.org\/it\/wp-json\/wp\/v2\/pages\/783\/revisions\/4989"}],"wp:attachment":[{"href":"https:\/\/naturefirst.org\/it\/wp-json\/wp\/v2\/media?parent=783"}],"curies":[{"name":"parola chiave","href":"https:\/\/api.w.org\/{rel}","templated":true}]}}