{"id":3682,"date":"2023-01-20T09:05:41","date_gmt":"2023-01-20T16:05:41","guid":{"rendered":"https:\/\/naturefirst.org\/?page_id=3682"},"modified":"2023-01-20T10:05:24","modified_gmt":"2023-01-20T17:05:24","slug":"mobile-phone-photography","status":"publish","type":"page","link":"https:\/\/naturefirst.org\/pl\/mobile-phone-photography\/","title":{"rendered":"Fotografia telefonem kom\u00f3rkowym"},"content":{"rendered":"<div data-elementor-type=\"wp-page\" data-elementor-id=\"3682\" class=\"elementor elementor-3682\" data-elementor-post-type=\"page\">\n\t\t\t\t\t\t<section class=\"elementor-section elementor-top-section elementor-element elementor-element-36294f2c elementor-section-height-min-height elementor-section-boxed elementor-section-height-default elementor-section-items-middle\" data-id=\"36294f2c\" data-element_type=\"section\" data-e-type=\"section\" data-settings=\"{&quot;background_background&quot;:&quot;classic&quot;}\">\n\t\t\t\t\t\t\t<div class=\"elementor-background-overlay\"><\/div>\n\t\t\t\t\t\t\t<div class=\"elementor-container elementor-column-gap-no\">\n\t\t\t\t\t<div class=\"elementor-column elementor-col-100 elementor-top-column elementor-element elementor-element-44f79ed1\" data-id=\"44f79ed1\" data-element_type=\"column\" data-e-type=\"column\">\n\t\t\t<div class=\"elementor-widget-wrap elementor-element-populated\">\n\t\t\t\t\t\t<div class=\"elementor-element elementor-element-2780ca03 elementor-widget elementor-widget-image-box\" data-id=\"2780ca03\" data-element_type=\"widget\" data-e-type=\"widget\" data-widget_type=\"image-box.default\">\n\t\t\t\t<div class=\"elementor-widget-container\">\n\t\t\t\t\t<div class=\"elementor-image-box-wrapper\"><div class=\"elementor-image-box-content\"><h1 class=\"elementor-image-box-title\">Fotografia telefonem kom\u00f3rkowym<\/h1><\/div><\/div>\t\t\t\t<\/div>\n\t\t\t\t<\/div>\n\t\t\t\t<div class=\"elementor-element elementor-element-2a74864e elementor-widget elementor-widget-text-editor\" data-id=\"2a74864e\" data-element_type=\"widget\" data-e-type=\"widget\" data-widget_type=\"text-editor.default\">\n\t\t\t\t<div class=\"elementor-widget-container\">\n\t\t\t\t\t\t\t\t\t<p>oraz Zasady Nature First<\/p>\t\t\t\t\t\t\t\t<\/div>\n\t\t\t\t<\/div>\n\t\t\t\t\t<\/div>\n\t\t<\/div>\n\t\t\t\t\t<\/div>\n\t\t<\/section>\n\t\t\t\t<section class=\"elementor-section elementor-top-section elementor-element elementor-element-1a6e9ee5 elementor-section-boxed elementor-section-height-default elementor-section-height-default\" data-id=\"1a6e9ee5\" data-element_type=\"section\" data-e-type=\"section\">\n\t\t\t\t\t\t<div class=\"elementor-container elementor-column-gap-default\">\n\t\t\t\t\t<div class=\"elementor-column elementor-col-100 elementor-top-column elementor-element elementor-element-1d945240\" data-id=\"1d945240\" data-element_type=\"column\" data-e-type=\"column\">\n\t\t\t<div class=\"elementor-widget-wrap elementor-element-populated\">\n\t\t\t\t\t\t<div class=\"elementor-element elementor-element-3481c425 elementor-widget elementor-widget-heading\" data-id=\"3481c425\" data-element_type=\"widget\" data-e-type=\"widget\" data-widget_type=\"heading.default\">\n\t\t\t\t<div class=\"elementor-widget-container\">\n\t\t\t\t\t<h2 class=\"elementor-heading-title elementor-size-default\">Nature First jest <b>NIE<\/b> tylko dla profesjonalnych fotograf\u00f3w...<\/h2>\t\t\t\t<\/div>\n\t\t\t\t<\/div>\n\t\t\t\t<div class=\"elementor-element elementor-element-7e8052e5 elementor-widget-divider--view-line elementor-widget elementor-widget-divider\" data-id=\"7e8052e5\" data-element_type=\"widget\" data-e-type=\"widget\" data-widget_type=\"divider.default\">\n\t\t\t\t<div class=\"elementor-widget-container\">\n\t\t\t\t\t\t\t<div class=\"elementor-divider\">\n\t\t\t<span class=\"elementor-divider-separator\">\n\t\t\t\t\t\t<\/span>\n\t\t<\/div>\n\t\t\t\t\t\t<\/div>\n\t\t\t\t<\/div>\n\t\t\t\t\t<\/div>\n\t\t<\/div>\n\t\t\t\t\t<\/div>\n\t\t<\/section>\n\t\t\t\t<section class=\"elementor-section elementor-top-section elementor-element elementor-element-b7cca7e elementor-section-boxed elementor-section-height-default elementor-section-height-default\" data-id=\"b7cca7e\" data-element_type=\"section\" data-e-type=\"section\">\n\t\t\t\t\t\t<div class=\"elementor-container elementor-column-gap-default\">\n\t\t\t\t\t<div class=\"elementor-column elementor-col-100 elementor-top-column elementor-element elementor-element-a79fcd0\" data-id=\"a79fcd0\" data-element_type=\"column\" data-e-type=\"column\">\n\t\t\t<div class=\"elementor-widget-wrap elementor-element-populated\">\n\t\t\t\t\t\t<div class=\"elementor-element elementor-element-3944e18 elementor-widget elementor-widget-text-editor\" data-id=\"3944e18\" data-element_type=\"widget\" data-e-type=\"widget\" data-widget_type=\"text-editor.default\">\n\t\t\t\t<div class=\"elementor-widget-container\">\n\t\t\t\t\t\t\t\t\t<p>Dzi\u015b to codzienno\u015b\u0107 to widok ludzi z telefonami kom\u00f3rkowymi stoj\u0105cych obok profesjonalnych fotograf\u00f3w\/hobbyst\u00f3w podziwiaj\u0105cych pi\u0119kn\u0105 scen\u0119. Wysokiej jako\u015bci aparaty wbudowane w nowoczesne smartfony pozwalaj\u0105 ka\u017cdemu cieszy\u0107 si\u0119 fotografi\u0105 przyrody.\u00a0<\/p><p>Ta nowa funkcja zach\u0119ca wszystkich do nagrywania i cieszenia si\u0119 odwiedzanymi miejscami oraz dokumentowania otaczaj\u0105cego ich pi\u0119kna. Niestety, \u0142\u0105cz\u0105c t\u0119 wygod\u0119 z natychmiastow\u0105 gratyfikacj\u0105 wrzucania zdj\u0119\u0107 do medi\u00f3w spo\u0142eczno\u015bciowych, przyczyniamy si\u0119 do problem\u00f3w zwi\u0119kszonego oddzia\u0142ywania na nasze obszary przyrodnicze. Chocia\u017c wspaniale jest widzie\u0107 coraz wi\u0119cej ludzi ciesz\u0105cych si\u0119 \u015bwie\u017cym powietrzem, a<span style=\"font-size: 1rem; font-style: inherit; font-weight: inherit;\">ka\u017cdy, kto korzysta ze smartfona, mo\u017ce nauczy\u0107 si\u0119, jak by\u0107 bardziej odpowiedzialnym z natury i stosowa\u0107 Zasady Nature First.<\/span><\/p>\t\t\t\t\t\t\t\t<\/div>\n\t\t\t\t<\/div>\n\t\t\t\t<div class=\"elementor-element elementor-element-cc0a061 elementor-widget elementor-widget-image\" data-id=\"cc0a061\" data-element_type=\"widget\" data-e-type=\"widget\" data-widget_type=\"image.default\">\n\t\t\t\t<div class=\"elementor-widget-container\">\n\t\t\t\t\t\t\t\t\t\t\t\t\t\t\t<img fetchpriority=\"high\" decoding=\"async\" width=\"1024\" height=\"683\" src=\"https:\/\/naturefirst.org\/wp-content\/uploads\/190426_UtahMesaArch_HDR_WEB-1024x683.jpg\" class=\"attachment-large size-large wp-image-1535\" alt=\"\" srcset=\"https:\/\/naturefirst.org\/wp-content\/uploads\/190426_UtahMesaArch_HDR_WEB-1024x683.jpg 1024w, https:\/\/naturefirst.org\/wp-content\/uploads\/190426_UtahMesaArch_HDR_WEB-500x333.jpg 500w, https:\/\/naturefirst.org\/wp-content\/uploads\/190426_UtahMesaArch_HDR_WEB-768x512.jpg 768w, https:\/\/naturefirst.org\/wp-content\/uploads\/190426_UtahMesaArch_HDR_WEB-1536x1024.jpg 1536w, https:\/\/naturefirst.org\/wp-content\/uploads\/190426_UtahMesaArch_HDR_WEB-2048x1366.jpg 2048w, https:\/\/naturefirst.org\/wp-content\/uploads\/190426_UtahMesaArch_HDR_WEB-18x12.jpg 18w\" sizes=\"(max-width: 1024px) 100vw, 1024px\" \/>\t\t\t\t\t\t\t\t\t\t\t\t\t\t\t<\/div>\n\t\t\t\t<\/div>\n\t\t\t\t<div class=\"elementor-element elementor-element-7f953fc elementor-widget elementor-widget-text-editor\" data-id=\"7f953fc\" data-element_type=\"widget\" data-e-type=\"widget\" data-widget_type=\"text-editor.default\">\n\t\t\t\t<div class=\"elementor-widget-container\">\n\t\t\t\t\t\t\t\t\t<p class=\"\"><span style=\"color: #000000;\"><strong>Jak wi\u0119c zasady Nature First odnosz\u0105 si\u0119 do fotograf\u00f3w smartfon\u00f3w?\u00a0<\/strong><\/span><\/p><h4>PRZEDSTAWIAJ DOBRO NATURY NAD FOTOGRAFI\u0104.<\/h4><p class=\"\">Poniewa\u017c smartfony nie maj\u0105 takiego zoomu, jaki maj\u0105 niekt\u00f3re profesjonalne obiektywy, wi\u0119kszo\u015b\u0107 u\u017cytkownik\u00f3w b\u0119dzie musia\u0142a chodzi\u0107, aby zbli\u017cy\u0107 si\u0119 do swoich obiekt\u00f3w. Takie dzia\u0142ania mog\u0105 prowadzi\u0107 do deptania delikatnych obszar\u00f3w, takich jak tundra lub mchy, w celu bli\u017cszego przyjrzenia si\u0119. Dotyczy to r\u00f3wnie\u017c zwierz\u0105t, poniewa\u017c zachowanie bezpiecznej i odpowiedniej odleg\u0142o\u015bci od dzikich zwierz\u0105t jest bardzo wa\u017cne. B\u0105d\u017a \u015bwiadomy swoich odleg\u0142o\u015bci i szanuj ziemi\u0119, po kt\u00f3rej chodzisz. Nigdy nie stawiaj potrzeby zdj\u0119cia ponad priorytetem ochrony dzikiej przyrody i wra\u017cliwych obszar\u00f3w.\u00a0<\/p><h4>DOWIEDZ SI\u0118 O MIEJSCACH, KT\u00d3RE FOTOGRATUJESZ.<\/h4><p class=\"\">Bycie u\u017cytkownikiem smartfona stawia Ci\u0119 w sytuacji nie r\u00f3\u017cni\u0105cej si\u0119 od sytuacji profesjonalnego fotografa. Zawsze powiniene\u015b czyta\u0107 znaki i zdobywa\u0107 wiedz\u0119 na temat odwiedzanych obszar\u00f3w. To nie tylko zapewnia bezpiecze\u0144stwo, ale tak\u017ce informuje o miejscach, w kt\u00f3rych powiniene\u015b lub nie powiniene\u015b chodzi\u0107. Na przyk\u0142ad wyj\u015bcie na wydmy w celu zrobienia zdj\u0119cia nie spowoduje szk\u00f3d, ale przej\u015bcie przez gleb\u0119 biologiczn\u0105 w celu zrobienia zdj\u0119cia wyrz\u0105dzi powa\u017cne szkody obszarom, kt\u00f3re ros\u0142y przez tysi\u0105ce lat. Wykszta\u0142cenie pomo\u017ce ci by\u0107 bardziej odpowiedzialnym w odwiedzanych obszarach.\u00a0<\/p><h4>ZAMY\u015aL SI\u0118 NAD MO\u017bLIWYMI WP\u0141YWAMI SWOICH DZIA\u0141A\u0143.<\/h4><p class=\"\">Prosta rzecz, jak spacer na \u0142\u0105ce dzikich kwiat\u00f3w, aby uchwyci\u0107 scen\u0119, wydaje si\u0119 wystarczaj\u0105co niewinna. Ale je\u015bli jedna osoba zobaczy, \u017ce to robisz, wtedy p\u00f3jd\u0105 za tob\u0105, a za nimi p\u00f3jdzie wi\u0119cej ludzi i tak dalej. Zanim wi\u0119c z\u0142apiesz to zdj\u0119cie z dzikim kwiatem, zastan\u00f3w si\u0119 nad swoim wp\u0142ywem. Czy istnieje ju\u017c szlak, kt\u00f3ry zabierze Ci\u0119 w kwiaty, zamiast tworzy\u0107 w\u0142asny? Zamiast k\u0142a\u015b\u0107 kwiaty do zdj\u0119cia, czy jest miejsce, w kt\u00f3rym stanie nie wp\u0142ynie na kwiaty wok\u00f3\u0142 ciebie? Po\u015bwi\u0119cenie czasu na zastanowienie si\u0119 przed naci\u015bni\u0119ciem przycisku sprawi, \u017ce staniesz si\u0119 bardziej odpowiedzialnym fotografem smartfonem, a inni wok\u00f3\u0142 Ciebie mog\u0105 p\u00f3j\u015b\u0107 w Twoje \u015blady.<\/p>\t\t\t\t\t\t\t\t<\/div>\n\t\t\t\t<\/div>\n\t\t\t\t<div class=\"elementor-element elementor-element-cfdfb0a elementor-widget elementor-widget-image\" data-id=\"cfdfb0a\" data-element_type=\"widget\" data-e-type=\"widget\" data-widget_type=\"image.default\">\n\t\t\t\t<div class=\"elementor-widget-container\">\n\t\t\t\t\t\t\t\t\t\t\t\t\t\t\t<img decoding=\"async\" width=\"1024\" height=\"341\" src=\"https:\/\/naturefirst.org\/wp-content\/uploads\/190525_TetonsBarn_Pano_WEB-1024x341.jpg\" class=\"attachment-large size-large wp-image-1536\" alt=\"\" srcset=\"https:\/\/naturefirst.org\/wp-content\/uploads\/190525_TetonsBarn_Pano_WEB-1024x341.jpg 1024w, https:\/\/naturefirst.org\/wp-content\/uploads\/190525_TetonsBarn_Pano_WEB-500x167.jpg 500w, https:\/\/naturefirst.org\/wp-content\/uploads\/190525_TetonsBarn_Pano_WEB-768x256.jpg 768w, https:\/\/naturefirst.org\/wp-content\/uploads\/190525_TetonsBarn_Pano_WEB-1536x512.jpg 1536w, https:\/\/naturefirst.org\/wp-content\/uploads\/190525_TetonsBarn_Pano_WEB-2048x682.jpg 2048w, https:\/\/naturefirst.org\/wp-content\/uploads\/190525_TetonsBarn_Pano_WEB-18x6.jpg 18w\" sizes=\"(max-width: 1024px) 100vw, 1024px\" \/>\t\t\t\t\t\t\t\t\t\t\t\t\t\t\t<\/div>\n\t\t\t\t<\/div>\n\t\t\t\t<div class=\"elementor-element elementor-element-1d11165 elementor-widget elementor-widget-text-editor\" data-id=\"1d11165\" data-element_type=\"widget\" data-e-type=\"widget\" data-widget_type=\"text-editor.default\">\n\t\t\t\t<div class=\"elementor-widget-container\">\n\t\t\t\t\t\t\t\t\t<div data-block-type=\"2\">\n<div>\n<h4>ZACHOWAJ DYSKRECJ\u0118 W UDOST\u0118PNIANIU LOKALIZACJI.<\/h4>\n<p>Dyskrecja jest szczeg\u00f3lnie wa\u017cna dla fotografa smartfona! Po zrobieniu tego pi\u0119knego zdj\u0119cia bardzo \u0142atwo jest udost\u0119pni\u0107 je w mediach spo\u0142eczno\u015bciowych, ale powiniene\u015b pomy\u015ble\u0107 dwa razy, zanim oznaczysz i udost\u0119pnisz lokalizacj\u0119. Czy udost\u0119pnianie lokalizacji mo\u017ce potencjalnie spowodowa\u0107 wi\u0119cej szk\u00f3d? Czy t\u0142umy zainspiruj\u0105 si\u0119 twoim zdj\u0119ciem i b\u0119d\u0105 gromadzi\u0107 si\u0119, by zobaczy\u0107 to samo? Czy jest to obszar, kt\u00f3ry mo\u017ce obs\u0142u\u017cy\u0107 wiele os\u00f3b, na przyk\u0142ad utwardzona \u015bcie\u017cka lub punkt widokowy? A mo\u017ce to w\u0105ska, gruntowa \u015bcie\u017cka prowadz\u0105ca na ustronn\u0105 \u0142\u0105k\u0119? Zachowanie dyskrecji pomaga chroni\u0107 te miejsca. Bycie rozwa\u017cnym nie oznacza, \u017ce jeste\u015b elitarny; zamiast tego pokazuje dobry, odpowiedzialny os\u0105d.<\/p>\n<\/div>\n<\/div>\n<div data-block-type=\"2\">\n<div>\n<h4>ZNA\u0106 I PRZESTRZEGA\u0106 REGULAMINU.<\/h4>\n<p>Uczenie si\u0119 o miejscach, kt\u00f3re odwiedzasz, nie tylko zapewnia ci bezpiecze\u0144stwo, ale tak\u017ce odpowiedzialno\u015b\u0107. Nie przechod\u017a przez ogrodzenia ani nie stosuj si\u0119 do zamkni\u0119tych obszar\u00f3w lub znak\u00f3w. Nie s\u0105 one po to, aby utrudnia\u0107 ci korzystanie z atrakcji, ale aby pom\u00f3c przywr\u00f3ci\u0107 naturalne obszary i zapewni\u0107 bezpiecze\u0144stwo dzikiej przyrodzie i tobie. Podobnie jak zasada trzecia, dawanie przyk\u0142adu pokazuje innym wok\u00f3\u0142 ciebie, jak w\u0142a\u015bciwie post\u0119powa\u0107 i korzysta\u0107 ze smartfona.<\/p>\n<h4>ZAWSZE STOSUJ ZASADY NIEZOSTAWIANIA \u015aLAD\u00d3W I STARAJ SI\u0118 BY ZOSTAWIA\u0106 MIEJSCA LEPSZE NI\u017b BY\u0141E\u015a.<\/h4>\n<p>Wszyscy mo\u017cemy \u0107wiczy\u0107, nie zostawiaj\u0105c \u015bladu. Nie ma znaczenia, czy u\u017cywasz smartfona, czy profesjonalnego aparatu. Nie zostawiaj \u015blad\u00f3w st\u00f3p tam, gdzie ich nie powinno by\u0107, pakuj to, co przynosisz, i zostawiaj miejsca lepiej, zbieraj\u0105c wok\u00f3\u0142 siebie \u015bmieci, nawet je\u015bli nie nale\u017c\u0105 do Ciebie.<\/p>\n<h4>AKTYWNIE PROMUJ I EDUKUJ INNYCH O TYCH ZASADACH.<\/h4>\n<p>Jako u\u017cytkownik aparatu w smartfonie mo\u017cesz inspirowa\u0107 innych wok\u00f3\u0142 siebie. Je\u015bli inni zobacz\u0105, \u017ce zachowujesz si\u0119 odpowiedzialnie, prawdopodobnie p\u00f3jd\u0105 w ich \u015blady. Aparaty w smartfonach stanowi\u0105 wi\u0119kszo\u015b\u0107 t\u0142umu w naszych parkach narodowych. Je\u015bli mo\u017cesz zainspirowa\u0107 i edukowa\u0107 kogo\u015b obok ciebie, a oni przeka\u017c\u0105 to komu\u015b innemu, mo\u017cesz by\u0107 odpowiedzialny za edukowanie wi\u0119kszej liczby os\u00f3b, ni\u017c zdajesz sobie spraw\u0119!<\/p><p><br><\/p>\n<p><em>Na podstawie artyku\u0142u <a href=\"https:\/\/naturefirst.org\/pl\/news-items\/2020\/04\/28\/nature-first-principles-smartphone-photographers\/\">\u201eU\u017cywanie smartfona do uchwycenia pi\u0119kna natury? Ten ruch jest r\u00f3wnie\u017c dla Ciebie!<\/a><\/em><em style=\"font-weight: inherit;\">&quot; przez&nbsp;<\/em><a style=\"font-size: 1rem; font-style: inherit; font-weight: inherit; background-color: #ffffff;\" href=\"https:\/\/www.jenniferrenwick.com\/\" target=\"_blank\" rel=\"noopener\"><em>Jennifer Renwick<\/em><\/a><em style=\"font-size: 1rem; font-weight: inherit;\">.&nbsp;<\/em><\/p>\n<p><em style=\"font-weight: inherit;\">Fotografie autorstwa <\/em><a style=\"font-style: inherit; font-weight: inherit; background-color: #ffffff;\" href=\"https:\/\/www.larsgesingfineart.com\/\" target=\"_blank\" rel=\"noopener\"><em>Larsa Gesinga<\/em><\/a><em style=\"font-weight: inherit;\">.<\/em><\/p>\n<\/div>\n<\/div>\t\t\t\t\t\t\t\t<\/div>\n\t\t\t\t<\/div>\n\t\t\t\t<div class=\"elementor-element elementor-element-df7dd0f elementor-widget-divider--view-line elementor-widget elementor-widget-divider\" data-id=\"df7dd0f\" data-element_type=\"widget\" data-e-type=\"widget\" data-widget_type=\"divider.default\">\n\t\t\t\t<div class=\"elementor-widget-container\">\n\t\t\t\t\t\t\t<div class=\"elementor-divider\">\n\t\t\t<span class=\"elementor-divider-separator\">\n\t\t\t\t\t\t<\/span>\n\t\t<\/div>\n\t\t\t\t\t\t<\/div>\n\t\t\t\t<\/div>\n\t\t\t\t\t<\/div>\n\t\t<\/div>\n\t\t\t\t\t<\/div>\n\t\t<\/section>\n\t\t\t\t<\/div>","protected":false},"excerpt":{"rendered":"<p>Mobile Phone Photography and The Nature First Principles Nature First is NOT just for professional photographers&#8230; Today, it&#8217;s commonplace to see people with their mobile phones standing alongside professional\/hobbyist photographers admiring a beautiful scene. The high-quality cameras built into modern smartphones allow everyone to enjoy nature photography.\u00a0 This new capability entices everyone to record and [&hellip;]<\/p>\n","protected":false},"author":2,"featured_media":0,"parent":0,"menu_order":0,"comment_status":"closed","ping_status":"closed","template":"","meta":{"_mo_disable_npp":"","site-sidebar-layout":"no-sidebar","site-content-layout":"page-builder","ast-site-content-layout":"default","site-content-style":"default","site-sidebar-style":"default","ast-global-header-display":"","ast-banner-title-visibility":"","ast-main-header-display":"","ast-hfb-above-header-display":"","ast-hfb-below-header-display":"","ast-hfb-mobile-header-display":"","site-post-title":"disabled","ast-breadcrumbs-content":"","ast-featured-img":"disabled","footer-sml-layout":"","ast-disable-related-posts":"","theme-transparent-header-meta":"","adv-header-id-meta":"","stick-header-meta":"","header-above-stick-meta":"","header-main-stick-meta":"","header-below-stick-meta":"","astra-migrate-meta-layouts":"default","ast-page-background-enabled":"default","ast-page-background-meta":{"desktop":{"background-color":"","background-image":"","background-repeat":"repeat","background-position":"center center","background-size":"auto","background-attachment":"scroll","background-type":"","background-media":"","overlay-type":"","overlay-color":"","overlay-opacity":"","overlay-gradient":""},"tablet":{"background-color":"","background-image":"","background-repeat":"repeat","background-position":"center center","background-size":"auto","background-attachment":"scroll","background-type":"","background-media":"","overlay-type":"","overlay-color":"","overlay-opacity":"","overlay-gradient":""},"mobile":{"background-color":"","background-image":"","background-repeat":"repeat","background-position":"center center","background-size":"auto","background-attachment":"scroll","background-type":"","background-media":"","overlay-type":"","overlay-color":"","overlay-opacity":"","overlay-gradient":""}},"ast-content-background-meta":{"desktop":{"background-color":"var(--ast-global-color-5)","background-image":"","background-repeat":"repeat","background-position":"center center","background-size":"auto","background-attachment":"scroll","background-type":"","background-media":"","overlay-type":"","overlay-color":"","overlay-opacity":"","overlay-gradient":""},"tablet":{"background-color":"var(--ast-global-color-5)","background-image":"","background-repeat":"repeat","background-position":"center center","background-size":"auto","background-attachment":"scroll","background-type":"","background-media":"","overlay-type":"","overlay-color":"","overlay-opacity":"","overlay-gradient":""},"mobile":{"background-color":"var(--ast-global-color-5)","background-image":"","background-repeat":"repeat","background-position":"center center","background-size":"auto","background-attachment":"scroll","background-type":"","background-media":"","overlay-type":"","overlay-color":"","overlay-opacity":"","overlay-gradient":""}},"footnotes":""},"class_list":["post-3682","page","type-page","status-publish","hentry"],"aioseo_notices":[],"_links":{"self":[{"href":"https:\/\/naturefirst.org\/pl\/wp-json\/wp\/v2\/pages\/3682","targetHints":{"allow":["GET"]}}],"collection":[{"href":"https:\/\/naturefirst.org\/pl\/wp-json\/wp\/v2\/pages"}],"about":[{"href":"https:\/\/naturefirst.org\/pl\/wp-json\/wp\/v2\/types\/page"}],"author":[{"embeddable":true,"href":"https:\/\/naturefirst.org\/pl\/wp-json\/wp\/v2\/users\/2"}],"replies":[{"embeddable":true,"href":"https:\/\/naturefirst.org\/pl\/wp-json\/wp\/v2\/comments?post=3682"}],"version-history":[{"count":8,"href":"https:\/\/naturefirst.org\/pl\/wp-json\/wp\/v2\/pages\/3682\/revisions"}],"predecessor-version":[{"id":3694,"href":"https:\/\/naturefirst.org\/pl\/wp-json\/wp\/v2\/pages\/3682\/revisions\/3694"}],"wp:attachment":[{"href":"https:\/\/naturefirst.org\/pl\/wp-json\/wp\/v2\/media?parent=3682"}],"curies":[{"name":"wp","href":"https:\/\/api.w.org\/{rel}","templated":true}]}}