{"id":3695,"date":"2023-01-20T12:46:47","date_gmt":"2023-01-20T19:46:47","guid":{"rendered":"https:\/\/naturefirst.org\/?page_id=3695"},"modified":"2023-01-20T14:59:24","modified_gmt":"2023-01-20T21:59:24","slug":"wildlife-photography","status":"publish","type":"page","link":"https:\/\/naturefirst.org\/pl\/wildlife-photography\/","title":{"rendered":"Fotografia dzikiej przyrody"},"content":{"rendered":"<div data-elementor-type=\"wp-page\" data-elementor-id=\"3695\" class=\"elementor elementor-3695\" data-elementor-post-type=\"page\">\n\t\t\t\t\t\t<section class=\"elementor-section elementor-top-section elementor-element elementor-element-25bb5097 elementor-section-height-min-height elementor-section-boxed elementor-section-height-default elementor-section-items-middle\" data-id=\"25bb5097\" data-element_type=\"section\" data-e-type=\"section\" data-settings=\"{&quot;background_background&quot;:&quot;classic&quot;}\">\n\t\t\t\t\t\t\t<div class=\"elementor-background-overlay\"><\/div>\n\t\t\t\t\t\t\t<div class=\"elementor-container elementor-column-gap-no\">\n\t\t\t\t\t<div class=\"elementor-column elementor-col-100 elementor-top-column elementor-element elementor-element-6565b8e9\" data-id=\"6565b8e9\" data-element_type=\"column\" data-e-type=\"column\">\n\t\t\t<div class=\"elementor-widget-wrap elementor-element-populated\">\n\t\t\t\t\t\t<div class=\"elementor-element elementor-element-6b6e0529 elementor-widget elementor-widget-image-box\" data-id=\"6b6e0529\" data-element_type=\"widget\" data-e-type=\"widget\" data-widget_type=\"image-box.default\">\n\t\t\t\t<div class=\"elementor-widget-container\">\n\t\t\t\t\t<div class=\"elementor-image-box-wrapper\"><div class=\"elementor-image-box-content\"><h1 class=\"elementor-image-box-title\">Fotografia dzikiej przyrody<\/h1><\/div><\/div>\t\t\t\t<\/div>\n\t\t\t\t<\/div>\n\t\t\t\t<div class=\"elementor-element elementor-element-3a31f854 elementor-widget elementor-widget-text-editor\" data-id=\"3a31f854\" data-element_type=\"widget\" data-e-type=\"widget\" data-widget_type=\"text-editor.default\">\n\t\t\t\t<div class=\"elementor-widget-container\">\n\t\t\t\t\t\t\t\t\t<p>oraz Zasady Nature First<\/p>\t\t\t\t\t\t\t\t<\/div>\n\t\t\t\t<\/div>\n\t\t\t\t\t<\/div>\n\t\t<\/div>\n\t\t\t\t\t<\/div>\n\t\t<\/section>\n\t\t\t\t<section class=\"elementor-section elementor-top-section elementor-element elementor-element-636eaf37 elementor-section-boxed elementor-section-height-default elementor-section-height-default\" data-id=\"636eaf37\" data-element_type=\"section\" data-e-type=\"section\">\n\t\t\t\t\t\t<div class=\"elementor-container elementor-column-gap-default\">\n\t\t\t\t\t<div class=\"elementor-column elementor-col-100 elementor-top-column elementor-element elementor-element-3a879622\" data-id=\"3a879622\" data-element_type=\"column\" data-e-type=\"column\">\n\t\t\t<div class=\"elementor-widget-wrap elementor-element-populated\">\n\t\t\t\t\t\t<div class=\"elementor-element elementor-element-58081efd elementor-widget elementor-widget-heading\" data-id=\"58081efd\" data-element_type=\"widget\" data-e-type=\"widget\" data-widget_type=\"heading.default\">\n\t\t\t\t<div class=\"elementor-widget-container\">\n\t\t\t\t\t<h2 class=\"elementor-heading-title elementor-size-default\">Zasady Nature First i fotografia dzikiej przyrody<\/h2>\t\t\t\t<\/div>\n\t\t\t\t<\/div>\n\t\t\t\t<div class=\"elementor-element elementor-element-0e5ef3a elementor-widget-divider--view-line elementor-widget elementor-widget-divider\" data-id=\"0e5ef3a\" data-element_type=\"widget\" data-e-type=\"widget\" data-widget_type=\"divider.default\">\n\t\t\t\t<div class=\"elementor-widget-container\">\n\t\t\t\t\t\t\t<div class=\"elementor-divider\">\n\t\t\t<span class=\"elementor-divider-separator\">\n\t\t\t\t\t\t<\/span>\n\t\t<\/div>\n\t\t\t\t\t\t<\/div>\n\t\t\t\t<\/div>\n\t\t\t\t<div class=\"elementor-element elementor-element-b53570f elementor-widget elementor-widget-text-editor\" data-id=\"b53570f\" data-element_type=\"widget\" data-e-type=\"widget\" data-widget_type=\"text-editor.default\">\n\t\t\t\t<div class=\"elementor-widget-container\">\n\t\t\t\t\t\t\t\t\t<figure id=\"attachment_1530\" aria-describedby=\"caption-attachment-1530\" style=\"width: 500px\" class=\"wp-caption alignright\"><img fetchpriority=\"high\" decoding=\"async\" src=\"https:\/\/naturefirst.org\/wp-content\/uploads\/IMG_8076-2048x1395-500x341.jpg\" alt=\"\" width=\"500\" height=\"341\"><figcaption id=\"caption-attachment-1530\" class=\"wp-caption-text\">Wilk z Yellowstone<\/figcaption><\/figure>\n<p>Bycie odpowiedzialnym fotografem dzikiej przyrody jest wa\u017cne dla dobrostanu zwierz\u0105t i ich naturalnego \u015brodowiska, a tak\u017ce dla w\u0142asnego bezpiecze\u0144stwa.<\/p>\n<p>Nale\u017cy zachowa\u0107 szczeg\u00f3ln\u0105 ostro\u017cno\u015b\u0107, aby nie zmienia\u0107, nie wp\u0142ywa\u0107 ani nie wp\u0142ywa\u0107 na naturalne zachowanie zwierz\u0119cia. Jednym z najlepszych sposob\u00f3w na to jest przestrzeganie lokalnych zasad i przepis\u00f3w dotycz\u0105cych zachowania bezpiecznej odleg\u0142o\u015bci. Nawet je\u015bli oznacza to, \u017ce nie mo\u017cesz zrobi\u0107 \u201ezdj\u0119cia\u201d, kt\u00f3re chcesz, mo\u017cesz czu\u0107 si\u0119 lepiej ze sob\u0105, robi\u0105c dobrze dla dzikiej przyrody i dla siebie.<\/p>\n<p>Przyjrzyjmy si\u0119 zasadom Nature First i temu, jak mo\u017cemy je zastosowa\u0107 w fotografii dzikiej przyrody, aby sta\u0107 si\u0119 lepszymi ambasadorami dzikiej przyrody, jej siedlisk i ca\u0142ego \u015bwiata przyrody.<\/p>\t\t\t\t\t\t\t\t<\/div>\n\t\t\t\t<\/div>\n\t\t\t\t<div class=\"elementor-element elementor-element-8d455d6 elementor-widget elementor-widget-text-editor\" data-id=\"8d455d6\" data-element_type=\"widget\" data-e-type=\"widget\" data-widget_type=\"text-editor.default\">\n\t\t\t\t<div class=\"elementor-widget-container\">\n\t\t\t\t\t\t\t\t\t<p class=\"\">\n<\/p><h4><strong>PRZEDSTAWIAJ DOBRO NATURY NAD FOTOGRAFI\u0104<\/strong><\/h4>\n<p class=\"\">Ta zasada jest do\u015b\u0107 prosta, je\u015bli chodzi o dzik\u0105 przyrod\u0119, ale mo\u017ce by\u0107 trudna do przestrzegania, je\u015bli dasz si\u0119 z\u0142apa\u0107 na \u201estrza\u0142\u201d. Stawianie natury na pierwszym miejscu oznacza stawianie dzikiej przyrody na pierwszym miejscu \u2013 zawsze. Oznacza to zapewnienie, \u017ce twoje dzia\u0142ania nie&nbsp;<span style=\"font-style: inherit; font-weight: inherit;\">zak\u0142\u00f3ca\u0107 lub zmienia\u0107 naturalne zachowanie zwierz\u0105t, w tym poruszanie si\u0119 po \u015bcie\u017ckach, kt\u00f3rymi pr\u00f3buj\u0105 pod\u0105\u017ca\u0107. Szanuj tak\u017ce ich siedlisko. To ich dom i musz\u0105 z nim \u017cy\u0107, nawet po tym, jak wyjecha\u0142e\u015b, aby wr\u00f3ci\u0107 do domu. Najlepsze zdj\u0119cia to zawsze te przedstawiaj\u0105ce zwierz\u0119ta, kt\u00f3re pokazuj\u0105 swoje naturalne zachowanie, a nie te, kt\u00f3re reaguj\u0105 na ingerencj\u0119 z zewn\u0105trz lub stres.<\/span><\/p>\n<h4><strong>DOWIEDZ SI\u0118 O MIEJSCACH, KT\u00d3RE FOTOGRATUJESZ<\/strong><\/h4>\n<p class=\"\">Wymaga to odrobiny wysi\u0142ku, ale informacje s\u0105 zwykle \u0142atwo dost\u0119pne. Wiele park\u00f3w i las\u00f3w narodowych udost\u0119pnia wiele informacji na swoich stronach internetowych i w ulotkach informacyjnych na temat r\u00f3\u017cnych ekosystem\u00f3w, siedlisk i dzikich zwierz\u0105t. Im wi\u0119cej wiesz o gatunku, jego zachowaniach i \u015brodowisku, tym lepiej b\u0119dziesz w stanie przewidzie\u0107, gdzie i kiedy mo\u017cesz go zobaczy\u0107 i sfotografowa\u0107. Cz\u0119sto parki publikuj\u0105 godziny i lokalizacje ostatnich obserwacji, co mo\u017ce r\u00f3wnie\u017c zwi\u0119kszy\u0107 szans\u0119 na zobaczenie dzikich zwierz\u0105t. Nature First zawsze zach\u0119ca do tego fotograf\u00f3w&nbsp;<b>wiedzie\u0107 przed wyjazdem<\/b>. Poprawi to twoje wra\u017cenia ORAZ zapewni lepsze obrazy.<\/p>\t\t\t\t\t\t\t\t<\/div>\n\t\t\t\t<\/div>\n\t\t\t\t<div class=\"elementor-element elementor-element-56b24dd elementor-widget elementor-widget-image\" data-id=\"56b24dd\" data-element_type=\"widget\" data-e-type=\"widget\" data-widget_type=\"image.default\">\n\t\t\t\t<div class=\"elementor-widget-container\">\n\t\t\t\t\t\t\t\t\t\t\t\t\t\t\t<img decoding=\"async\" width=\"1024\" height=\"683\" src=\"https:\/\/naturefirst.org\/wp-content\/uploads\/HS9A9761-2048x1365-1024x683.jpg\" class=\"attachment-large size-large wp-image-1531\" alt=\"\" srcset=\"https:\/\/naturefirst.org\/wp-content\/uploads\/HS9A9761-2048x1365-1024x683.jpg 1024w, https:\/\/naturefirst.org\/wp-content\/uploads\/HS9A9761-2048x1365-500x333.jpg 500w, https:\/\/naturefirst.org\/wp-content\/uploads\/HS9A9761-2048x1365-768x512.jpg 768w, https:\/\/naturefirst.org\/wp-content\/uploads\/HS9A9761-2048x1365-1536x1024.jpg 1536w, https:\/\/naturefirst.org\/wp-content\/uploads\/HS9A9761-2048x1365-18x12.jpg 18w, https:\/\/naturefirst.org\/wp-content\/uploads\/HS9A9761-2048x1365.jpg 2048w\" sizes=\"(max-width: 1024px) 100vw, 1024px\" \/>\t\t\t\t\t\t\t\t\t\t\t\t\t\t\t<\/div>\n\t\t\t\t<\/div>\n\t\t\t\t<div class=\"elementor-element elementor-element-42871e1 elementor-widget elementor-widget-text-editor\" data-id=\"42871e1\" data-element_type=\"widget\" data-e-type=\"widget\" data-widget_type=\"text-editor.default\">\n\t\t\t\t<div class=\"elementor-widget-container\">\n\t\t\t\t\t\t\t\t\t<h4><strong>ZAMY\u015aL SI\u0118 NAD MO\u017bLIWYMI WP\u0141YWAMI SWOICH DZIA\u0141A\u0143<\/strong><\/h4><p>Nasze dzia\u0142ania s\u0105 niezwykle wa\u017cne w kontaktach z dzik\u0105 przyrod\u0105. Nasze zachowanie mo\u017ce przeszkadza\u0107 dzikim zwierz\u0119tom w opiece nad m\u0142odymi, porzucaniu ich i \u0142\u0105czeniu si\u0119 w pary. Czasami potencjalny wp\u0142yw nie jest oczywisty dla przypadkowego go\u015bcia. Na przyk\u0142ad wjechanie na stado \u017cubr\u00f3w na drodze w Yellowstone mo\u017ce sprawi\u0107, \u017ce uciekn\u0105 \u2013 kiedy musz\u0105 zachowa\u0107 ca\u0142\u0105 swoj\u0105 energi\u0119, aby przetrwa\u0107 zim\u0119. Prosta czynno\u015b\u0107 polegaj\u0105ca na zatrzymaniu si\u0119 i poczekaniu, a\u017c zwierz\u0119ta zejd\u0105 z drogi we w\u0142asnym tempie, mo\u017ce mie\u0107 ogromny wp\u0142yw na ich samopoczucie.\u00a0<\/p><p>Kiedy zbyt wielu ludzi zbytnio zbli\u017ca si\u0119 do dzikich zwierz\u0105t lub pozwala im na dost\u0119p do po\u017cywienia, konsekwencje s\u0105 cz\u0119sto powa\u017cne. Na przyk\u0142ad nied\u017awiedzie czarne i grizzly mog\u0105 rozwin\u0105\u0107 nadmiernie agresywne zachowania po zbyt du\u017cej interakcji z lud\u017ami. Zwierz\u0119ta te cz\u0119sto zostaj\u0105 przeniesione z ich pierwotnego domu lub czasami musz\u0105 zosta\u0107 u\u015bpione.\u00a0<\/p><h4><strong>ZACHOWAJ DYSKRECJ\u0118, JE\u015aLI UDOST\u0118PNIASZ LOKALIZACJE<\/strong><\/h4><p>To jeden z najprostszych sposob\u00f3w ochrony przyrody. Kiedy wr\u00f3cisz do domu i udost\u0119pnisz swoje zdj\u0119cia w mediach spo\u0142eczno\u015bciowych, rozwa\u017c udost\u0119pnienie tylko og\u00f3lnego obszaru, takiego jak park narodowy, a nie konkretnej lokalizacji. Wyobra\u017a sobie, \u017ce dziesi\u0119\u0107 os\u00f3b obserwowa\u0142o nied\u017awiedzia grizzly, a potem wszyscy poszli do domu i opublikowali dok\u0142adn\u0105 lokalizacj\u0119. Nast\u0119pnego dnia w tym samym miejscu mog\u0105 by\u0107 setki ludzi szukaj\u0105cych tego nied\u017awiedzia. To s\u0105 sytuacje, kt\u00f3re przyt\u0142aczaj\u0105 dzik\u0105 przyrod\u0119. Po\u015bwi\u0119\u0107 troch\u0119 czasu na zastanowienie si\u0119, czy udost\u0119pnianie lokalizacji jest tego warte, czy nie, i jaki mo\u017ce to mie\u0107 wp\u0142yw na zwierz\u0119ta, na kt\u00f3rych Ci zale\u017cy.<\/p><h4><strong>ZNA\u0106 I PRZESTRZEGA\u0106 REGULAMINU<\/strong><\/h4><figure id=\"attachment_1532\" aria-describedby=\"caption-attachment-1532\" style=\"width: 500px\" class=\"wp-caption alignright\"><img decoding=\"async\" class=\"wp-image-1532 size-medium\" src=\"https:\/\/naturefirst.org\/wp-content\/uploads\/1I1A2169-2-2048x1384-500x338.jpg\" alt=\"\" width=\"500\" height=\"338\" srcset=\"https:\/\/naturefirst.org\/wp-content\/uploads\/1I1A2169-2-2048x1384-500x338.jpg 500w, https:\/\/naturefirst.org\/wp-content\/uploads\/1I1A2169-2-2048x1384-1024x692.jpg 1024w, https:\/\/naturefirst.org\/wp-content\/uploads\/1I1A2169-2-2048x1384-768x519.jpg 768w, https:\/\/naturefirst.org\/wp-content\/uploads\/1I1A2169-2-2048x1384-1536x1038.jpg 1536w, https:\/\/naturefirst.org\/wp-content\/uploads\/1I1A2169-2-2048x1384-18x12.jpg 18w, https:\/\/naturefirst.org\/wp-content\/uploads\/1I1A2169-2-2048x1384.jpg 2048w\" sizes=\"(max-width: 500px) 100vw, 500px\" \/><figcaption id=\"caption-attachment-1532\" class=\"wp-caption-text\">Owca wielkoroga<\/figcaption><\/figure><p>Znajomo\u015b\u0107 i przestrzeganie lokalnych zasad i przepis\u00f3w jest niezwykle wa\u017cne w fotografii dzikiej przyrody. Zasady maj\u0105 na celu dobro dzikiej przyrody, a tak\u017ce Twoje bezpiecze\u0144stwo osobiste i s\u0105 \u0142atwe do znalezienia na stronach internetowych park\u00f3w i las\u00f3w lub w informacjach podanych przy wej\u015bciu do parku.<\/p><p>Upewnij si\u0119, \u017ce znasz obowi\u0105zuj\u0105ce na danym obszarze zasady i przepisy dotycz\u0105ce wymaganej odleg\u0142o\u015bci ogl\u0105dania od dzikich zwierz\u0105t. Zwykle r\u00f3\u017cni si\u0119 to w zale\u017cno\u015bci od obszaru i gatunku zwierz\u0105t. Na przyk\u0142ad w Parku Narodowym Yellowstone musisz trzyma\u0107 si\u0119 100 metr\u00f3w od nied\u017awiedzi i wilk\u00f3w, ale tylko 25 metr\u00f3w od \u0142osia i jelenia. W Parku Narodowym Smoky Mountains obowi\u0105zuje zasada trzymania si\u0119 50 metr\u00f3w od \u0142osia i nied\u017awiedzia czarnego. Zadbaj wi\u0119c o poznanie zasad obowi\u0105zuj\u0105cych w r\u00f3\u017cnych obszarach. Uwa\u017caj te\u017c na zwierz\u0119ta w ruchu. Wiele zwierz\u0105t mo\u017ce szybko przemieszcza\u0107 si\u0119 po swoim \u015brodowisku, co mo\u017ce zbli\u017cy\u0107 je do ciebie szybciej, ni\u017c si\u0119 spodziewa\u0142e\u015b.\u00a0<\/p><p><span style=\"font-size: 1rem;\">Pami\u0119taj o przestrzeganiu zasad zakazuj\u0105cych zbli\u017cania si\u0119 lub karmienia dzikich zwierz\u0105t itp. <\/span><span style=\"font-style: inherit; font-weight: inherit;\">Cz\u0119sto spotyka si\u0119 r\u00f3wnie\u017c inne zasady, takie jak \u015bwiec\u0105ce \u015bwiat\u0142a lub ha\u0142asowanie, aby przyci\u0105gn\u0105\u0107 uwag\u0119 dzikich zwierz\u0105t.\u00a0<\/span><\/p><p>W obszarach o mniejszej liczbie zasad, takich jak w\u0142asne s\u0105siedztwo, powiniene\u015b mie\u0107 wystarczaj\u0105c\u0105 wiedz\u0119, aby okre\u015bli\u0107 odpowiedni\u0105 odleg\u0142o\u015b\u0107 ogl\u0105dania. Na przyk\u0142ad mo\u017ce to oznacza\u0107 zachowanie takiej samej odleg\u0142o\u015bci, jak w parku narodowym. Dobr\u0105 praktyk\u0105 jest upewnienie si\u0119, \u017ce Twoja obecno\u015b\u0107 nigdy nie wp\u0142ynie na zachowanie zwierz\u0119cia ani go nie zmieni.\u00a0<span style=\"font-style: inherit; font-weight: inherit;\"><br \/><\/span><\/p><p><span style=\"font-size: 1rem;\">Nauka i przestrzeganie lokalnych zasad i przepis\u00f3w mo\u017ce wydawa\u0107 si\u0119 nu\u017c\u0105ce. Ale wiedz, \u017ce zasady s\u0105 n<\/span>lub arbitralne. Zosta\u0142y zaprojektowane z my\u015bl\u0105 o dobrostanie zwierz\u0105t i bezpiecze\u0144stwie osobistym.<span style=\"font-style: inherit; font-weight: inherit;\"><br \/><\/span><\/p>\t\t\t\t\t\t\t\t<\/div>\n\t\t\t\t<\/div>\n\t\t\t\t<div class=\"elementor-element elementor-element-70bee51 elementor-widget elementor-widget-text-editor\" data-id=\"70bee51\" data-element_type=\"widget\" data-e-type=\"widget\" data-widget_type=\"text-editor.default\">\n\t\t\t\t<div class=\"elementor-widget-container\">\n\t\t\t\t\t\t\t\t\t<h4><strong>ZAWSZE PRZESTRZEGAJ ZASAD NIEZOSTAWIAJ \u015aLADU I STARAJ SI\u0118 BY MIEJSCE ZOSTAWIA\u0106 LEPSZE NI\u017b ZNALAZ\u0141E\u015a<\/strong><\/h4><p><span style=\"font-size: 1rem;\">Mo\u017cesz dowiedzie\u0107 si\u0119 wi\u0119cej o Leave No Trace\u00a0<\/span><a style=\"font-size: 1rem; background-color: #ffffff;\" href=\"https:\/\/lnt.org\/why\/7-principles\/\"><span style=\"font-weight: bold;\">Tutaj.<\/span><\/a>\u00a0Te dobrze ugruntowane praktyki stanowi\u0105 doskona\u0142e rady dla ka\u017cdego, kto odtwarza natur\u0119, niezale\u017cnie od tego, czy jeste\u015bmy fotografami, w\u0119drowcami, obozowiczami, wspinaczami itp.\u00a0<\/p><h4><strong>AKTYWNIE PROMUJ I EDUKUJ INNYCH O TYCH ZASADACH<\/strong><\/h4><p>Ludzie maj\u0105 naturalne powinowactwo i mi\u0142o\u015b\u0107 do dzikiej przyrody. Jednak znaczenie wszystkich dzikich gatunk\u00f3w i ich siedlisk jest cz\u0119sto niedoceniane lub pomijane przez dzisiejsze spo\u0142ecze\u0144stwa. Je\u015bli dzika przyroda jest dla Ciebie wa\u017cna jako fotografa, powiniene\u015b pom\u00f3c w jej ochronie, uprawiaj\u0105c odpowiedzialn\u0105 fotografi\u0119 dzikiej przyrody. Daj przyk\u0142ad i ucz innych wok\u00f3\u0142 siebie o warto\u015bci dzikich zwierz\u0105t i ich siedlisk.\u00a0<\/p>\t\t\t\t\t\t\t\t<\/div>\n\t\t\t\t<\/div>\n\t\t\t\t<div class=\"elementor-element elementor-element-14bb1a2 elementor-widget elementor-widget-image\" data-id=\"14bb1a2\" data-element_type=\"widget\" data-e-type=\"widget\" data-widget_type=\"image.default\">\n\t\t\t\t<div class=\"elementor-widget-container\">\n\t\t\t\t\t\t\t\t\t\t\t\t\t\t\t<img loading=\"lazy\" decoding=\"async\" width=\"1024\" height=\"737\" src=\"https:\/\/naturefirst.org\/wp-content\/uploads\/HS9A8776-2048x1473-1024x737.jpg\" class=\"attachment-large size-large wp-image-1533\" alt=\"\" srcset=\"https:\/\/naturefirst.org\/wp-content\/uploads\/HS9A8776-2048x1473-1024x737.jpg 1024w, https:\/\/naturefirst.org\/wp-content\/uploads\/HS9A8776-2048x1473-500x360.jpg 500w, https:\/\/naturefirst.org\/wp-content\/uploads\/HS9A8776-2048x1473-768x552.jpg 768w, https:\/\/naturefirst.org\/wp-content\/uploads\/HS9A8776-2048x1473-1536x1105.jpg 1536w, https:\/\/naturefirst.org\/wp-content\/uploads\/HS9A8776-2048x1473-18x12.jpg 18w, https:\/\/naturefirst.org\/wp-content\/uploads\/HS9A8776-2048x1473.jpg 2048w\" sizes=\"(max-width: 1024px) 100vw, 1024px\" \/>\t\t\t\t\t\t\t\t\t\t\t\t\t\t\t<\/div>\n\t\t\t\t<\/div>\n\t\t\t\t<div class=\"elementor-element elementor-element-dbf17fb elementor-widget elementor-widget-text-editor\" data-id=\"dbf17fb\" data-element_type=\"widget\" data-e-type=\"widget\" data-widget_type=\"text-editor.default\">\n\t\t\t\t<div class=\"elementor-widget-container\">\n\t\t\t\t\t\t\t\t\t<p><em style=\"font-weight: inherit;\">Na podstawie artyku\u0142u <a href=\"https:\/\/naturefirst.org\/pl\/news-items\/2020\/05\/28\/the-nature-first-principles-in-wildlife-photography\/\">\u201eZasady Nature First w fotografii dzikiej przyrody\u201d<\/a> autorstwa Brynna Schmidta<\/em><\/p>\t\t\t\t\t\t\t\t<\/div>\n\t\t\t\t<\/div>\n\t\t\t\t<div class=\"elementor-element elementor-element-65e360d9 elementor-widget-divider--view-line elementor-widget elementor-widget-divider\" data-id=\"65e360d9\" data-element_type=\"widget\" data-e-type=\"widget\" data-widget_type=\"divider.default\">\n\t\t\t\t<div class=\"elementor-widget-container\">\n\t\t\t\t\t\t\t<div class=\"elementor-divider\">\n\t\t\t<span class=\"elementor-divider-separator\">\n\t\t\t\t\t\t<\/span>\n\t\t<\/div>\n\t\t\t\t\t\t<\/div>\n\t\t\t\t<\/div>\n\t\t\t\t\t<\/div>\n\t\t<\/div>\n\t\t\t\t\t<\/div>\n\t\t<\/section>\n\t\t\t\t<\/div>","protected":false},"excerpt":{"rendered":"<p>Wildlife Photography and the Nature First Principles The Nature First Principles and Wildlife Photography Being a responsible wildlife photographer is important for the well-being of the animals and their natural habitat, as well as for your own personal safety. Great care should be taken to not alter, affect or impact an animal&#8217;s natural behavior. One [&hellip;]<\/p>\n","protected":false},"author":2,"featured_media":0,"parent":0,"menu_order":0,"comment_status":"closed","ping_status":"closed","template":"","meta":{"_mo_disable_npp":"","site-sidebar-layout":"no-sidebar","site-content-layout":"page-builder","ast-site-content-layout":"default","site-content-style":"default","site-sidebar-style":"default","ast-global-header-display":"","ast-banner-title-visibility":"","ast-main-header-display":"","ast-hfb-above-header-display":"","ast-hfb-below-header-display":"","ast-hfb-mobile-header-display":"","site-post-title":"disabled","ast-breadcrumbs-content":"","ast-featured-img":"disabled","footer-sml-layout":"","ast-disable-related-posts":"","theme-transparent-header-meta":"","adv-header-id-meta":"","stick-header-meta":"","header-above-stick-meta":"","header-main-stick-meta":"","header-below-stick-meta":"","astra-migrate-meta-layouts":"default","ast-page-background-enabled":"default","ast-page-background-meta":{"desktop":{"background-color":"","background-image":"","background-repeat":"repeat","background-position":"center center","background-size":"auto","background-attachment":"scroll","background-type":"","background-media":"","overlay-type":"","overlay-color":"","overlay-opacity":"","overlay-gradient":""},"tablet":{"background-color":"","background-image":"","background-repeat":"repeat","background-position":"center center","background-size":"auto","background-attachment":"scroll","background-type":"","background-media":"","overlay-type":"","overlay-color":"","overlay-opacity":"","overlay-gradient":""},"mobile":{"background-color":"","background-image":"","background-repeat":"repeat","background-position":"center center","background-size":"auto","background-attachment":"scroll","background-type":"","background-media":"","overlay-type":"","overlay-color":"","overlay-opacity":"","overlay-gradient":""}},"ast-content-background-meta":{"desktop":{"background-color":"var(--ast-global-color-5)","background-image":"","background-repeat":"repeat","background-position":"center center","background-size":"auto","background-attachment":"scroll","background-type":"","background-media":"","overlay-type":"","overlay-color":"","overlay-opacity":"","overlay-gradient":""},"tablet":{"background-color":"var(--ast-global-color-5)","background-image":"","background-repeat":"repeat","background-position":"center center","background-size":"auto","background-attachment":"scroll","background-type":"","background-media":"","overlay-type":"","overlay-color":"","overlay-opacity":"","overlay-gradient":""},"mobile":{"background-color":"var(--ast-global-color-5)","background-image":"","background-repeat":"repeat","background-position":"center center","background-size":"auto","background-attachment":"scroll","background-type":"","background-media":"","overlay-type":"","overlay-color":"","overlay-opacity":"","overlay-gradient":""}},"footnotes":""},"class_list":["post-3695","page","type-page","status-publish","hentry"],"aioseo_notices":[],"_links":{"self":[{"href":"https:\/\/naturefirst.org\/pl\/wp-json\/wp\/v2\/pages\/3695","targetHints":{"allow":["GET"]}}],"collection":[{"href":"https:\/\/naturefirst.org\/pl\/wp-json\/wp\/v2\/pages"}],"about":[{"href":"https:\/\/naturefirst.org\/pl\/wp-json\/wp\/v2\/types\/page"}],"author":[{"embeddable":true,"href":"https:\/\/naturefirst.org\/pl\/wp-json\/wp\/v2\/users\/2"}],"replies":[{"embeddable":true,"href":"https:\/\/naturefirst.org\/pl\/wp-json\/wp\/v2\/comments?post=3695"}],"version-history":[{"count":8,"href":"https:\/\/naturefirst.org\/pl\/wp-json\/wp\/v2\/pages\/3695\/revisions"}],"predecessor-version":[{"id":3713,"href":"https:\/\/naturefirst.org\/pl\/wp-json\/wp\/v2\/pages\/3695\/revisions\/3713"}],"wp:attachment":[{"href":"https:\/\/naturefirst.org\/pl\/wp-json\/wp\/v2\/media?parent=3695"}],"curies":[{"name":"wp","href":"https:\/\/api.w.org\/{rel}","templated":true}]}}