{"id":3706,"date":"2023-01-20T14:45:29","date_gmt":"2023-01-20T21:45:29","guid":{"rendered":"https:\/\/naturefirst.org\/?page_id=3706"},"modified":"2024-01-23T06:33:30","modified_gmt":"2024-01-23T13:33:30","slug":"for-workshop-leaders","status":"publish","type":"page","link":"https:\/\/naturefirst.org\/pl\/for-workshop-leaders\/","title":{"rendered":"Dla Lider\u00f3w Warsztat\u00f3w"},"content":{"rendered":"<div data-elementor-type=\"wp-page\" data-elementor-id=\"3706\" class=\"elementor elementor-3706\" data-elementor-post-type=\"page\">\n\t\t\t\t\t\t<section class=\"elementor-section elementor-top-section elementor-element elementor-element-4789b334 elementor-section-height-min-height elementor-section-boxed elementor-section-height-default elementor-section-items-middle\" data-id=\"4789b334\" data-element_type=\"section\" data-e-type=\"section\" data-settings=\"{&quot;background_background&quot;:&quot;classic&quot;}\">\n\t\t\t\t\t\t\t<div class=\"elementor-background-overlay\"><\/div>\n\t\t\t\t\t\t\t<div class=\"elementor-container elementor-column-gap-no\">\n\t\t\t\t\t<div class=\"elementor-column elementor-col-100 elementor-top-column elementor-element elementor-element-4c2c5086\" data-id=\"4c2c5086\" data-element_type=\"column\" data-e-type=\"column\">\n\t\t\t<div class=\"elementor-widget-wrap elementor-element-populated\">\n\t\t\t\t\t\t<div class=\"elementor-element elementor-element-43369568 elementor-widget elementor-widget-image-box\" data-id=\"43369568\" data-element_type=\"widget\" data-e-type=\"widget\" data-widget_type=\"image-box.default\">\n\t\t\t\t<div class=\"elementor-widget-container\">\n\t\t\t\t\t<div class=\"elementor-image-box-wrapper\"><div class=\"elementor-image-box-content\"><h1 class=\"elementor-image-box-title\">Dla Lider\u00f3w Warsztat\u00f3w<\/h1><\/div><\/div>\t\t\t\t<\/div>\n\t\t\t\t<\/div>\n\t\t\t\t<div class=\"elementor-element elementor-element-2569a105 elementor-widget elementor-widget-text-editor\" data-id=\"2569a105\" data-element_type=\"widget\" data-e-type=\"widget\" data-widget_type=\"text-editor.default\">\n\t\t\t\t<div class=\"elementor-widget-container\">\n\t\t\t\t\t\t\t\t\t<p>Zalecenia Nature First<\/p>\t\t\t\t\t\t\t\t<\/div>\n\t\t\t\t<\/div>\n\t\t\t\t\t<\/div>\n\t\t<\/div>\n\t\t\t\t\t<\/div>\n\t\t<\/section>\n\t\t\t\t<section class=\"elementor-section elementor-top-section elementor-element elementor-element-60c8fe6d elementor-section-boxed elementor-section-height-default elementor-section-height-default\" data-id=\"60c8fe6d\" data-element_type=\"section\" data-e-type=\"section\">\n\t\t\t\t\t\t<div class=\"elementor-container elementor-column-gap-default\">\n\t\t\t\t\t<div class=\"elementor-column elementor-col-100 elementor-top-column elementor-element elementor-element-6e4d1e98\" data-id=\"6e4d1e98\" data-element_type=\"column\" data-e-type=\"column\">\n\t\t\t<div class=\"elementor-widget-wrap elementor-element-populated\">\n\t\t\t\t\t\t<div class=\"elementor-element elementor-element-53cacec8 elementor-widget elementor-widget-heading\" data-id=\"53cacec8\" data-element_type=\"widget\" data-e-type=\"widget\" data-widget_type=\"heading.default\">\n\t\t\t\t<div class=\"elementor-widget-container\">\n\t\t\t\t\t<h2 class=\"elementor-heading-title elementor-size-default\">Liderzy warsztat\u00f3w, MO\u017bECIE zobowi\u0105za\u0107 si\u0119 do przestrzegania Zasad Nature First<\/h2>\t\t\t\t<\/div>\n\t\t\t\t<\/div>\n\t\t\t\t<div class=\"elementor-element elementor-element-50f9089c elementor-widget-divider--view-line elementor-widget elementor-widget-divider\" data-id=\"50f9089c\" data-element_type=\"widget\" data-e-type=\"widget\" data-widget_type=\"divider.default\">\n\t\t\t\t<div class=\"elementor-widget-container\">\n\t\t\t\t\t\t\t<div class=\"elementor-divider\">\n\t\t\t<span class=\"elementor-divider-separator\">\n\t\t\t\t\t\t<\/span>\n\t\t<\/div>\n\t\t\t\t\t\t<\/div>\n\t\t\t\t<\/div>\n\t\t\t\t<div class=\"elementor-element elementor-element-fbcf9e5 elementor-widget elementor-widget-text-editor\" data-id=\"fbcf9e5\" data-element_type=\"widget\" data-e-type=\"widget\" data-widget_type=\"text-editor.default\">\n\t\t\t\t<div class=\"elementor-widget-container\">\n\t\t\t\t\t\t\t\t\t<p style=\"font-size: 18px; font-style: normal; font-weight: 300;\">Rozumiemy, \u017ce przestrzeganie zasad Nature First mo\u017ce\u00a0<i>wydaje si\u0119\u00a0<\/i>jak wyczyn niemo\u017cliwy dla pe\u0142noetatowego lub niepe\u0142noetatowego instruktora warsztat\u00f3w fotografii przyrodniczej. Kto\u015b niedawno powiedzia\u0142 nam, \u017ce \u201ezachowanie obszar\u00f3w przy jednoczesnej pr\u00f3bie zarabiania na \u017cycie dzi\u0119ki warsztatom fotografii przyrodniczej to dwie sprzeczne koncepcje\u201d. Mo\u017cemy odnosi\u0107 si\u0119 do tego sentymentu, poniewa\u017c by\u0142o to co\u015b, z czym si\u0119 zmagali\u015bmy i nad czym g\u0142\u0119boko my\u015bleli\u015bmy na Nature First.<\/p><p style=\"font-size: 18px; font-style: normal; font-weight: 300;\">Zarabianie na \u017cycie jako profesjonalny fotograf, kt\u00f3ry jest zale\u017cny od dochod\u00f3w z warsztatu, mo\u017ce by\u0107 niezwykle trudne. Poniewa\u017c konkurencja ro\u015bnie z ka\u017cdym rokiem, instruktorzy warsztat\u00f3w musieli znale\u017a\u0107 sposoby na wyr\u00f3\u017cnienie si\u0119, aby konkurowa\u0107. Istnieje silny impuls, aby zabiera\u0107 ludzi do pi\u0119knych, ale delikatnych obszar\u00f3w, kt\u00f3re nie mog\u0105 wytrzyma\u0107 skutk\u00f3w zwi\u0105zanych z wizytacj\u0105 \u2013 w rzeczywisto\u015bci wielu z nas to robi\u0142o, dop\u00f3ki nie zobaczyli\u015bmy negatywnych skutk\u00f3w, kt\u00f3re powodujemy.<\/p><blockquote><p><span style=\"color: #808080;\"><strong>Wierzymy, \u017ce istniej\u0105 alternatywne podej\u015bcia, kt\u00f3re nie tylko pomog\u0105 wyr\u00f3\u017cni\u0107 Ci\u0119 jako fotografa, ale tak\u017ce pozwol\u0105 Ci przestrzega\u0107 Zasad Nature First.<\/strong><\/span><\/p><\/blockquote>\t\t\t\t\t\t\t\t<\/div>\n\t\t\t\t<\/div>\n\t\t\t\t<div class=\"elementor-element elementor-element-e0e99c7 elementor-widget elementor-widget-text-editor\" data-id=\"e0e99c7\" data-element_type=\"widget\" data-e-type=\"widget\" data-widget_type=\"text-editor.default\">\n\t\t\t\t<div class=\"elementor-widget-container\">\n\t\t\t\t\t\t\t\t\t<p class=\"\"><span style=\"font-style: inherit; font-weight: inherit;\"><img fetchpriority=\"high\" decoding=\"async\" class=\"alignright wp-image-1490\" src=\"https:\/\/naturefirst.org\/wp-content\/uploads\/image-asset-334x500.jpg\" alt=\"\" width=\"400\" height=\"600\" srcset=\"https:\/\/naturefirst.org\/wp-content\/uploads\/image-asset-334x500.jpg 334w, https:\/\/naturefirst.org\/wp-content\/uploads\/image-asset-683x1024.jpg 683w, https:\/\/naturefirst.org\/wp-content\/uploads\/image-asset-768x1151.jpg 768w, https:\/\/naturefirst.org\/wp-content\/uploads\/image-asset-1025x1536.jpg 1025w, https:\/\/naturefirst.org\/wp-content\/uploads\/image-asset-1366x2048.jpg 1366w, https:\/\/naturefirst.org\/wp-content\/uploads\/image-asset-8x12.jpg 8w, https:\/\/naturefirst.org\/wp-content\/uploads\/image-asset-scaled.jpg 1708w\" sizes=\"(max-width: 400px) 100vw, 400px\" \/>Na pocz\u0105tek odnosz\u0105cy sukcesy liderzy warsztat\u00f3w musz\u0105 zrobi\u0107 znacznie wi\u0119cej ni\u017c tylko zapewni\u0107 doskona\u0142\u0105 lokalizacj\u0119. Oto lista rzeczy, kt\u00f3rych mo\u017cesz (i powiniene\u015b) uczy\u0107 uczni\u00f3w, kt\u00f3re nie s\u0105 zale\u017cne od lokalizacji:<\/span><\/p><ol><li>Nowe techniki fotograficzne<\/li><li>Filozoficzne podej\u015bcie do rzemios\u0142a (takie jak powolna fotografia, uwa\u017cno\u015b\u0107 itp.)<\/li><li>Jak zobaczy\u0107 wspania\u0142e kompozycje (jest to by\u0107 mo\u017ce jeszcze bardziej satysfakcjonuj\u0105ce dla student\u00f3w w miejscach, kt\u00f3re nie s\u0105 kultowe ani wyj\u0105tkowe)<\/li><li>Widzenie z wyj\u0105tkow\u0105 wizj\u0105\u00a0<\/li><\/ol><div><blockquote><p class=\"\"><span style=\"color: #808080;\"><strong>Wi\u0119kszo\u015b\u0107 uczestnik\u00f3w zgodzi si\u0119, \u017ce powy\u017csze dania na wynos s\u0105 na d\u0142u\u017csz\u0105 met\u0119 o wiele bardziej warto\u015bciowe ni\u017c wizyta w jakimkolwiek kultowym miejscu.\u00a0<\/strong><\/span><\/p><\/blockquote><p class=\"\">Prowadzenie uczni\u00f3w warsztat\u00f3w do rzadkich miejsc lub, co gorsza, takich, kt\u00f3re nie s\u0105 w stanie znie\u015b\u0107 du\u017cej liczby odwiedzin, pogarsza rzeczywisto\u015b\u0107 pogarszan\u0105 przez media spo\u0142eczno\u015bciowe. I \u201eWszyscy inni ju\u017c zabieraj\u0105 warsztaty w te miejsca, wi\u0119c jakie to ma znaczenie?\u201d jest argumentem, kt\u00f3ry tylko utrwala skumulowane, d\u0142ugoterminowe szkody i negatywny wp\u0142yw na nasz \u015bwiat przyrody.\u00a0<span style=\"font-style: inherit; font-weight: inherit;\">Je\u015bli lokalizacja jest ju\u017c na mapie i jest skonfigurowana do obs\u0142ugi du\u017cej liczby odwiedzin, zorganizowanie tam warsztatu mo\u017ce wydawa\u0107 si\u0119 etycznie uzasadnione. Z drugiej strony, je\u015bli lokalizacja stale si\u0119 pogarsza z powodu zwi\u0119kszonej liczby odwiedzin, konieczna jest ponowna ocena.\u00a0<\/span><\/p><p class=\"\">Oto kilka pyta\u0144, kt\u00f3re mo\u017cesz sobie zada\u0107 przed zabraniem grupy do okre\u015blonej lokalizacji:<\/p><ol><li>Co ta lokalizacja oferuje z perspektywy nauczania, czego nie oferuj\u0105 inne lokalizacje?<\/li><li>Czy lokalizacja mia\u0142a ju\u017c znacz\u0105cy wp\u0142yw i czy w przysz\u0142o\u015bci zwi\u0119kszona liczba odwiedzin b\u0119dzie mia\u0142a wi\u0119kszy wp\u0142yw?<\/li><li>Je\u015bli zabior\u0119 grupy do tej lokalizacji, czy b\u0119d\u0105 one r\u00f3wnie\u017c zmuszone do sprowadzenia tutaj wi\u0119kszej liczby os\u00f3b, a tym samym dalszego negatywnego wp\u0142ywu na to miejsce?<\/li><li>My\u015bl\u0105c do przodu o 15 lat i widz\u0105c, jak to miejsce jest \u201ezrujnowane\u201d dla innych ludzi, czy osobisty zysk, kt\u00f3ry osi\u0105gn\u0105\u0142e\u015b, jest wi\u0119kszy ni\u017c zobaczenie, jak zmieni\u0142o si\u0119 nieodwracalnie?<\/li><\/ol><p>Oto kilka innych rzeczy, kt\u00f3re warto wzi\u0105\u0107 pod uwag\u0119 jako lider warsztatu, kt\u00f3ry zmaga si\u0119 z my\u015bl\u0105, \u017ce musi zabra\u0107 kogo\u015b do kultowego miejsca, kt\u00f3re nie jest w stanie utrzyma\u0107 odwiedzin:<\/p><ol><li>Jak jeszcze mog\u0119 uczy\u0107 moich uczni\u00f3w?<\/li><li>Jak inaczej mog\u0119 zarabia\u0107 na \u017cycie, \u015bwiadcz\u0105c te us\u0142ugi bez wp\u0142ywu na lokalizacje?<\/li><li>Jakie istniej\u0105 inne modele monetyzacji, kt\u00f3re mog\u0142yby mie\u0107 taki sam wp\u0142yw finansowy i zmniejszy\u0107 wp\u0142yw lokalizacji?\u00a0<\/li><li>Te lokalizacje zapewniaj\u0105 stabilno\u015b\u0107 finansow\u0105. Jak mo\u017cesz odwdzi\u0119czy\u0107 si\u0119 tym miejscom poprzez wolontariat, rzecznictwo lub edukowanie innych o ich krucho\u015bci?<\/li><li>Jak inaczej mog\u0119 reklamowa\u0107 moje warsztaty potencjalnym studentom bez losowania ikonicznego zdj\u0119cia lub lokalizacji? Sugestie obejmuj\u0105 skupienie si\u0119 na tym, czego si\u0119 nauczysz, jakie b\u0119dzie do\u015bwiadczenie i jak ulepszona zostanie Twoja fotografia.<\/li><li>Czy mo\u017cesz skupi\u0107 si\u0119 na og\u00f3lnym obszarze zamiast na konkretnej lokalizacji? Na przyk\u0142ad jesieni\u0105 \u0142atwo jest ekscytowa\u0107 si\u0119 miejscem takim jak Dolina \u015amierci lub Kolorado, nie sugeruj\u0105c ani nie sugeruj\u0105c, \u017ce okre\u015blone miejsca w tych miejscach zostan\u0105 odwiedzone.\u00a0<\/li><li>Jak mo\u017cesz przestrzega\u0107 i odwo\u0142ywa\u0107 si\u0119 do idea\u0142\u00f3w ochrony w swoim marketingu, aby przyci\u0105gn\u0105\u0107 wi\u0119cej student\u00f3w bez nara\u017cania na szwank okre\u015blonych lokalizacji?<\/li><\/ol><div><div id=\"block-yui_3_17_2_1_1606260716667_4189\" class=\"sqs-block html-block sqs-block-html\" data-block-type=\"2\"><div class=\"sqs-block-content\"><p class=\"\"><img decoding=\"async\" class=\"wp-image-1491 alignright\" src=\"https:\/\/naturefirst.org\/wp-content\/uploads\/1_image-asset-333x500.jpg\" alt=\"\" width=\"400\" height=\"600\" srcset=\"https:\/\/naturefirst.org\/wp-content\/uploads\/1_image-asset-333x500.jpg 333w, https:\/\/naturefirst.org\/wp-content\/uploads\/1_image-asset-683x1024.jpg 683w, https:\/\/naturefirst.org\/wp-content\/uploads\/1_image-asset-768x1152.jpg 768w, https:\/\/naturefirst.org\/wp-content\/uploads\/1_image-asset-8x12.jpg 8w, https:\/\/naturefirst.org\/wp-content\/uploads\/1_image-asset.jpg 812w\" sizes=\"(max-width: 400px) 100vw, 400px\" \/>Badanie, w jaki spos\u00f3b niekt\u00f3rzy wybitni fotografowie wyr\u00f3\u017cnili si\u0119 na tle innych, oferuj\u0105c oferty niezale\u017cne od lokalizacji, mo\u017ce pom\u00f3c innym fotografom pomy\u015ble\u0107 o innych podej\u015bciach do organizowania warsztat\u00f3w. Oto kilka przyk\u0142ad\u00f3w:<\/p><ol><li>Guy Tal i Michael Gordon <a href=\"http:\/\/www.visionaryphotoworkshops.com\/concept\">oferowa\u0107 warsztaty<\/a> koncentruje si\u0119 na uczeniu si\u0119 filozoficznym, historii naturalnej, komunikacji wizualnej i przetwarzaniu ko\u0144cowym.<\/li><li>Colleen Miniuk <a href=\"https:\/\/www.colleenminiuk.com\/\">oferuje warsztaty<\/a> koncentruje si\u0119 na kreatywno\u015bci, artyzmie i osobistym zwi\u0105zku z twoj\u0105 prac\u0105, jednocze\u015bnie inspiruj\u0105c pisanie i inne kreatywne zaj\u0119cia.<\/li><li>Oferta Davida Kinghama i Jennifer Renwick <a href=\"https:\/\/www.exploringexposure.com\/workshops\/all\">bardziej spersonalizowane wycieczki<\/a> z naciskiem na indywidualn\u0105 kreatywno\u015b\u0107, w przeciwie\u0144stwie do robienia zdj\u0119\u0107 z miejsc, kt\u00f3re nie s\u0105 w stanie wytrzyma\u0107 du\u017cego nat\u0119\u017cenia ruchu.\u00a0\u00a0<\/li><li>Johna Barclaya <a href=\"https:\/\/johnbarclayphotography.com\/workshops-2\/\">oferuje warsztaty<\/a> kt\u00f3re ucz\u0105 bardziej kontemplacyjnego stylu fotografii, \u0142\u0105cz\u0105c uwa\u017cno\u015b\u0107 z osobist\u0105 wizj\u0105.<\/li><\/ol><p>Oczywi\u015bcie niekt\u00f3rzy z tych fotograf\u00f3w zabieraj\u0105 ludzi do niesamowitych miejsc, kt\u00f3re s\u0105 popularne; jednak nie skupiamy si\u0119 na lokalizacji. Skupiamy si\u0119 na czym\u015b innym, co mo\u017ce pom\u00f3c ludziom ulepszy\u0107 fotografi\u0119 i kreatywno\u015b\u0107. Gdy g\u0142\u00f3wny nacisk warsztatu odchodzi od miejsca docelowego i przesuwa si\u0119 w kierunku kreatywno\u015bci, uczenia si\u0119 i osobistego, zmieniaj\u0105 si\u0119 r\u00f3wnie\u017c wymagania i oczekiwania uczni\u00f3w. Wierzcie lub nie, ale wielu student\u00f3w jest g\u0142odnych tego rodzaju oferty warsztat\u00f3w, widz\u0105c miejsca zdziesi\u0105tkowane w ci\u0105gu ostatnich kilku lat nadu\u017cy\u0107 z naszej dziedziny.\u00a0<\/p><p class=\"\">Zawsze zach\u0119camy prowadz\u0105cych warsztaty do dzielenia si\u0119 Zasadami Nature First z uczestnikami warsztat\u00f3w i wyja\u015bniania historycznego wp\u0142ywu popularnych miejsc, kt\u00f3re kiedy\u015b lubi\u0142e\u015b. Jest to okazja do przedyskutowania odpowiedzialno\u015bci etycznej fotograf\u00f3w oraz spowolnienia lub zapobie\u017cenia przysz\u0142ym skutkom.<\/p><\/div><\/div><div id=\"block-yui_3_17_2_1_1606670614941_34512\" class=\"sqs-block horizontalrule-block sqs-block-horizontalrule\" data-block-type=\"47\"><div class=\"sqs-block-content\"><hr \/><\/div><\/div><div id=\"block-yui_3_17_2_1_1606670614941_34965\" class=\"sqs-block html-block sqs-block-html\" data-block-type=\"2\"><div class=\"sqs-block-content\"><p class=\"\" style=\"text-align: left;\"><em>Na podstawie artyku\u0142u <a href=\"https:\/\/naturefirst.org\/pl\/news-items\/2020\/11\/24\/photography-workshops-and-nature-first-principles\/\">\u201eWarsztaty Fotograficzne i Zasady Nature First\u201d<\/a> przez <a href=\"https:\/\/www.jenniferrenwick.com\/\" target=\"_blank\" rel=\"noopener\">Jennifer Renwick<\/a> oraz <a href=\"https:\/\/www.mattpaynephotography.com\/\" target=\"_blank\" rel=\"noopener\">Matta Payne&#039;a<\/a>. Fotografie autorstwa <a href=\"https:\/\/www.instagram.com\/alexkessock\/\" target=\"_blank\" rel=\"noopener\">Alex Kessock<\/a>.<\/em><\/p><\/div><\/div><\/div><\/div>\t\t\t\t\t\t\t\t<\/div>\n\t\t\t\t<\/div>\n\t\t\t\t\t<\/div>\n\t\t<\/div>\n\t\t\t\t\t<\/div>\n\t\t<\/section>\n\t\t\t\t<\/div>","protected":false},"excerpt":{"rendered":"<p>For Workshop Leaders Nature First Recommendations Workshop Leaders, you CAN commit to the Nature First Principles We understand that following the Nature First Principles might\u00a0seem\u00a0like an impossible feat for a full-time or part-time nature photography workshop instructor. Someone recently said to us that \u201cpreserving areas while also trying to earn a living with nature photography [&hellip;]<\/p>\n","protected":false},"author":2,"featured_media":0,"parent":0,"menu_order":0,"comment_status":"closed","ping_status":"closed","template":"","meta":{"_mo_disable_npp":"","site-sidebar-layout":"no-sidebar","site-content-layout":"page-builder","ast-site-content-layout":"default","site-content-style":"default","site-sidebar-style":"default","ast-global-header-display":"","ast-banner-title-visibility":"","ast-main-header-display":"","ast-hfb-above-header-display":"","ast-hfb-below-header-display":"","ast-hfb-mobile-header-display":"","site-post-title":"disabled","ast-breadcrumbs-content":"","ast-featured-img":"disabled","footer-sml-layout":"","ast-disable-related-posts":"","theme-transparent-header-meta":"","adv-header-id-meta":"","stick-header-meta":"","header-above-stick-meta":"","header-main-stick-meta":"","header-below-stick-meta":"","astra-migrate-meta-layouts":"default","ast-page-background-enabled":"default","ast-page-background-meta":{"desktop":{"background-color":"","background-image":"","background-repeat":"repeat","background-position":"center center","background-size":"auto","background-attachment":"scroll","background-type":"","background-media":"","overlay-type":"","overlay-color":"","overlay-opacity":"","overlay-gradient":""},"tablet":{"background-color":"","background-image":"","background-repeat":"repeat","background-position":"center center","background-size":"auto","background-attachment":"scroll","background-type":"","background-media":"","overlay-type":"","overlay-color":"","overlay-opacity":"","overlay-gradient":""},"mobile":{"background-color":"","background-image":"","background-repeat":"repeat","background-position":"center center","background-size":"auto","background-attachment":"scroll","background-type":"","background-media":"","overlay-type":"","overlay-color":"","overlay-opacity":"","overlay-gradient":""}},"ast-content-background-meta":{"desktop":{"background-color":"var(--ast-global-color-5)","background-image":"","background-repeat":"repeat","background-position":"center center","background-size":"auto","background-attachment":"scroll","background-type":"","background-media":"","overlay-type":"","overlay-color":"","overlay-opacity":"","overlay-gradient":""},"tablet":{"background-color":"var(--ast-global-color-5)","background-image":"","background-repeat":"repeat","background-position":"center center","background-size":"auto","background-attachment":"scroll","background-type":"","background-media":"","overlay-type":"","overlay-color":"","overlay-opacity":"","overlay-gradient":""},"mobile":{"background-color":"var(--ast-global-color-5)","background-image":"","background-repeat":"repeat","background-position":"center center","background-size":"auto","background-attachment":"scroll","background-type":"","background-media":"","overlay-type":"","overlay-color":"","overlay-opacity":"","overlay-gradient":""}},"footnotes":""},"class_list":["post-3706","page","type-page","status-publish","hentry"],"aioseo_notices":[],"_links":{"self":[{"href":"https:\/\/naturefirst.org\/pl\/wp-json\/wp\/v2\/pages\/3706","targetHints":{"allow":["GET"]}}],"collection":[{"href":"https:\/\/naturefirst.org\/pl\/wp-json\/wp\/v2\/pages"}],"about":[{"href":"https:\/\/naturefirst.org\/pl\/wp-json\/wp\/v2\/types\/page"}],"author":[{"embeddable":true,"href":"https:\/\/naturefirst.org\/pl\/wp-json\/wp\/v2\/users\/2"}],"replies":[{"embeddable":true,"href":"https:\/\/naturefirst.org\/pl\/wp-json\/wp\/v2\/comments?post=3706"}],"version-history":[{"count":10,"href":"https:\/\/naturefirst.org\/pl\/wp-json\/wp\/v2\/pages\/3706\/revisions"}],"predecessor-version":[{"id":4782,"href":"https:\/\/naturefirst.org\/pl\/wp-json\/wp\/v2\/pages\/3706\/revisions\/4782"}],"wp:attachment":[{"href":"https:\/\/naturefirst.org\/pl\/wp-json\/wp\/v2\/media?parent=3706"}],"curies":[{"name":"wp","href":"https:\/\/api.w.org\/{rel}","templated":true}]}}