{"id":3873,"date":"2023-01-23T09:48:12","date_gmt":"2023-01-23T16:48:12","guid":{"rendered":"https:\/\/naturefirst.org\/?page_id=3873"},"modified":"2023-01-24T15:22:31","modified_gmt":"2023-01-24T22:22:31","slug":"article-submission-guidelines","status":"publish","type":"page","link":"https:\/\/naturefirst.org\/pl\/article-submission-guidelines\/","title":{"rendered":"Wytyczne dotycz\u0105ce przesy\u0142ania artyku\u0142\u00f3w"},"content":{"rendered":"<div data-elementor-type=\"wp-page\" data-elementor-id=\"3873\" class=\"elementor elementor-3873\" data-elementor-post-type=\"page\">\n\t\t\t\t\t\t<section class=\"elementor-section elementor-top-section elementor-element elementor-element-4baae508 elementor-section-height-min-height elementor-section-boxed elementor-section-height-default elementor-section-items-middle\" data-id=\"4baae508\" data-element_type=\"section\" data-e-type=\"section\" data-settings=\"{&quot;background_background&quot;:&quot;classic&quot;}\">\n\t\t\t\t\t\t\t<div class=\"elementor-background-overlay\"><\/div>\n\t\t\t\t\t\t\t<div class=\"elementor-container elementor-column-gap-no\">\n\t\t\t\t\t<div class=\"elementor-column elementor-col-100 elementor-top-column elementor-element elementor-element-517fd2b0\" data-id=\"517fd2b0\" data-element_type=\"column\" data-e-type=\"column\">\n\t\t\t<div class=\"elementor-widget-wrap elementor-element-populated\">\n\t\t\t\t\t\t<div class=\"elementor-element elementor-element-719b5d03 elementor-widget elementor-widget-image-box\" data-id=\"719b5d03\" data-element_type=\"widget\" data-e-type=\"widget\" data-widget_type=\"image-box.default\">\n\t\t\t\t<div class=\"elementor-widget-container\">\n\t\t\t\t\t<div class=\"elementor-image-box-wrapper\"><div class=\"elementor-image-box-content\"><h1 class=\"elementor-image-box-title\">Wytyczne dotycz\u0105ce przesy\u0142ania artyku\u0142\u00f3w<\/h1><\/div><\/div>\t\t\t\t<\/div>\n\t\t\t\t<\/div>\n\t\t\t\t\t<\/div>\n\t\t<\/div>\n\t\t\t\t\t<\/div>\n\t\t<\/section>\n\t\t\t\t<section class=\"elementor-section elementor-top-section elementor-element elementor-element-11f7e3a8 elementor-section-boxed elementor-section-height-default elementor-section-height-default\" data-id=\"11f7e3a8\" data-element_type=\"section\" data-e-type=\"section\">\n\t\t\t\t\t\t<div class=\"elementor-container elementor-column-gap-default\">\n\t\t\t\t\t<div class=\"elementor-column elementor-col-100 elementor-top-column elementor-element elementor-element-26e95ec5\" data-id=\"26e95ec5\" data-element_type=\"column\" data-e-type=\"column\">\n\t\t\t<div class=\"elementor-widget-wrap elementor-element-populated\">\n\t\t\t\t\t\t<div class=\"elementor-element elementor-element-70e689ff elementor-widget elementor-widget-heading\" data-id=\"70e689ff\" data-element_type=\"widget\" data-e-type=\"widget\" data-widget_type=\"heading.default\">\n\t\t\t\t<div class=\"elementor-widget-container\">\n\t\t\t\t\t<h2 class=\"elementor-heading-title elementor-size-default\">Wytyczne dotycz\u0105ce przesy\u0142ania artyku\u0142\u00f3w<\/h2>\t\t\t\t<\/div>\n\t\t\t\t<\/div>\n\t\t\t\t<div class=\"elementor-element elementor-element-2444d2a elementor-widget elementor-widget-text-editor\" data-id=\"2444d2a\" data-element_type=\"widget\" data-e-type=\"widget\" data-widget_type=\"text-editor.default\">\n\t\t\t\t<div class=\"elementor-widget-container\">\n\t\t\t\t\t\t\t\t\t<p>Prosimy o uwa\u017cne zapoznanie si\u0119 i stosowanie si\u0119 do wszystkich wytycznych podczas przesy\u0142ania artyku\u0142u do publikacji. Zg\u0142oszenia, kt\u00f3re nie b\u0119d\u0105 zgodne z tymi wytycznymi, nie zostan\u0105 zatwierdzone.<\/p>\t\t\t\t\t\t\t\t<\/div>\n\t\t\t\t<\/div>\n\t\t\t\t<div class=\"elementor-element elementor-element-5d7bdca5 elementor-widget-divider--view-line elementor-widget elementor-widget-divider\" data-id=\"5d7bdca5\" data-element_type=\"widget\" data-e-type=\"widget\" data-widget_type=\"divider.default\">\n\t\t\t\t<div class=\"elementor-widget-container\">\n\t\t\t\t\t\t\t<div class=\"elementor-divider\">\n\t\t\t<span class=\"elementor-divider-separator\">\n\t\t\t\t\t\t<\/span>\n\t\t<\/div>\n\t\t\t\t\t\t<\/div>\n\t\t\t\t<\/div>\n\t\t\t\t<div class=\"elementor-element elementor-element-1d949de elementor-widget elementor-widget-text-editor\" data-id=\"1d949de\" data-element_type=\"widget\" data-e-type=\"widget\" data-widget_type=\"text-editor.default\">\n\t\t\t\t<div class=\"elementor-widget-container\">\n\t\t\t\t\t\t\t\t\t<h3>Og\u00f3lne wytyczne<\/h3>\n<p>Wszystkich cz\u0142onk\u00f3w Nature First zapraszamy do przesy\u0142ania artyku\u0142\u00f3w do publikacji w Nature First. Koniecznie przeczytaj niekt\u00f3re z naszych <strong><a href=\"https:\/\/naturefirst.org\/pl\/learn-more\/\">Polecane artyku\u0142y<\/a><\/strong> przed z\u0142o\u017ceniem. Pomo\u017ce Ci to zobaczy\u0107 tematy, kt\u00f3re zosta\u0142y ju\u017c om\u00f3wione, a tak\u017ce da og\u00f3lne wyczucie preferowanego uk\u0142adu i formatowania.<\/p>\n<p>Nature First poszukuje artyku\u0142\u00f3w o nast\u0119puj\u0105cej tematyce:<\/p>\n<ul>\n<li>Praktykowanie zasad Nature First w okre\u015blonych ekosystemach.<\/li>\n<li>Podejmowanie dzia\u0142a\u0144 na rzecz promowania odpowiedzialnej fotografii przyrodniczej.<\/li>\n<li>Wykorzystanie fotografii do zachowania, konserwacji i edukacji o \u015bwiecie przyrody.<\/li>\n<li>Osobiste historie o zostaniu etycznym i odpowiedzialnym fotografem przyrody oraz o tym, czego nauczy\u0142e\u015b si\u0119 po drodze.<\/li>\n<\/ul>\n<h3>Og\u00f3lne wytyczne<\/h3>\n<div>\n<p>Zatwierdzone artyku\u0142y b\u0119d\u0105 opowiada\u0107 \u015bwie\u017c\u0105 i wci\u0105gaj\u0105c\u0105 histori\u0119, b\u0119d\u0105 dobrze napisane jasn\u0105 i zwi\u0119z\u0142\u0105 proz\u0105 oraz zilustrowane wysokiej jako\u015bci obrazami. Artyku\u0142y zawieraj\u0105ce nadmierne b\u0142\u0119dy gramatyczne nie b\u0119d\u0105 przyjmowane. Pami\u0119taj, \u017ce wszystkie artyku\u0142y b\u0119d\u0105 dost\u0119pne do automatycznego t\u0142umaczenia maszynowego. Autorzy powinni powstrzyma\u0107 si\u0119 od slangu i kolokwializm\u00f3w, kt\u00f3re nie przek\u0142adaj\u0105 si\u0119 dobrze na j\u0119zyk i kultur\u0119.<\/p>\n<p>Zg\u0142oszenia artyku\u0142\u00f3w musz\u0105:<\/p>\n<ul>\n<li>by\u0107 w ca\u0142o\u015bci dzie\u0142em zg\u0142aszaj\u0105cego autora i nieopublikowane wcze\u015bniej, w tym strona internetowa autora.&nbsp;<\/li>\n<li>by\u0107 w j\u0119zyku angielskim i zawiera\u0107 od 800 do 2500 s\u0142\u00f3w.<\/li>\n<li>zawiera\u0107 4-7 obraz\u00f3w wysokiej jako\u015bci, co najmniej 1200px na d\u0142u\u017cszej kraw\u0119dzi i rozmiar pliku mniejszy ni\u017c 2 MB.<\/li>\n<li>podaj swoje imi\u0119 i nazwisko oraz linki do swojej strony internetowej i\/lub medi\u00f3w spo\u0142eczno\u015bciowych, kt\u00f3re maj\u0105 zosta\u0107 umieszczone w nag\u0142\u00f3wku opublikowanego artyku\u0142u.<\/li>\n<li>by\u0107 typu pliku: .doc, .docx, .jpg, .zip&nbsp;<\/li>\n<\/ul>\n<h3>Warunki porozumienia<\/h3>\n<ol>\n<li>Otrzymujesz licencj\u0119 Nature First z niewy\u0142\u0105cznymi \u015bwiatowymi prawami elektronicznymi na publikowanie i wy\u015bwietlanie twojego artyku\u0142u na stronie internetowej Nature First na czas nieokre\u015blony.<\/li>\n<li>O\u015bwiadczasz, \u017ce jeste\u015b jedynym w\u0142a\u015bcicielem praw autorskich do przes\u0142anego tekstu i zdj\u0119\u0107.<\/li>\n<li>Przeczyta\u0142e\u015b i zrozumia\u0142e\u015b <a href=\"https:\/\/naturefirst.org\/pl\/terms-of-use\/\">Warunki u\u017cytkowania Nature First<\/a>.<\/li>\n<li>Zgadzasz si\u0119 nie poci\u0105ga\u0107 Nature First do odpowiedzialno\u015bci za jakiekolwiek nieautoryzowane powielanie twojego tekstu i zdj\u0119\u0107 ani za jakiekolwiek roszczenia dotycz\u0105ce szk\u00f3d wynikaj\u0105cych z opublikowania twojego artyku\u0142u na stronie internetowej Nature First.<\/li>\n<li>Zgadzasz si\u0119, \u017ce Nature First mo\u017ce edytowa\u0107 przes\u0142any tekst pod k\u0105tem gramatyki, struktury i uk\u0142adu.<\/li>\n<li>Zgadzasz si\u0119, \u017ce Nature First mo\u017ce edytowa\u0107 przes\u0142ane obrazy, w tym mi\u0119dzy innymi zmienia\u0107 ich rozmiar.<\/li>\n<li>Nature First powiadomi Ci\u0119 o zatwierdzeniu publikacji poczt\u0105 elektroniczn\u0105 w ci\u0105gu 30 dni od przes\u0142ania.<\/li>\n<li>Autorzy zostan\u0105 akredytowani za pomoc\u0105 podpisu w publikacji zawieraj\u0105cego ich imi\u0119 i nazwisko oraz linki do strony internetowej i\/lub kont w mediach spo\u0142eczno\u015bciowych.<\/li>\n<li>Autorzy otrzymaj\u0105 wynagrodzenie w wysoko\u015bci $50,00 US za ka\u017cdy zatwierdzony artyku\u0142. Nature First wy\u015ble odszkodowanie za po\u015brednictwem PayPal w ci\u0105gu 15 dni od daty zatwierdzenia.<\/li>\n<\/ol>\n<p>Prosz\u0119 <a href=\"https:\/\/naturefirst.org\/pl\/contact\/\">Skontaktuj si\u0119 z nami<\/a> czy masz jakie\u015b pytania dotycz\u0105ce powy\u017cszych wytycznych lub um\u00f3w.<\/p>\n<\/div>\t\t\t\t\t\t\t\t<\/div>\n\t\t\t\t<\/div>\n\t\t\t\t\t<\/div>\n\t\t<\/div>\n\t\t\t\t\t<\/div>\n\t\t<\/section>\n\t\t\t\t<\/div>","protected":false},"excerpt":{"rendered":"<p>Article Submission Guidelines Article Submission Guidelines Please read carefully and follow all guidelines when submitting an article for publication. Submissions that do not follow these guidelines will not be approved. General Guidelines All Nature First members are welcome to submit an article for publication at Nature First. Be sure to read some of our featured [&hellip;]<\/p>\n","protected":false},"author":2,"featured_media":0,"parent":0,"menu_order":0,"comment_status":"closed","ping_status":"closed","template":"","meta":{"_mo_disable_npp":"","site-sidebar-layout":"no-sidebar","site-content-layout":"page-builder","ast-site-content-layout":"default","site-content-style":"default","site-sidebar-style":"default","ast-global-header-display":"","ast-banner-title-visibility":"","ast-main-header-display":"","ast-hfb-above-header-display":"","ast-hfb-below-header-display":"","ast-hfb-mobile-header-display":"","site-post-title":"disabled","ast-breadcrumbs-content":"","ast-featured-img":"disabled","footer-sml-layout":"","ast-disable-related-posts":"","theme-transparent-header-meta":"","adv-header-id-meta":"","stick-header-meta":"","header-above-stick-meta":"","header-main-stick-meta":"","header-below-stick-meta":"","astra-migrate-meta-layouts":"default","ast-page-background-enabled":"default","ast-page-background-meta":{"desktop":{"background-color":"","background-image":"","background-repeat":"repeat","background-position":"center center","background-size":"auto","background-attachment":"scroll","background-type":"","background-media":"","overlay-type":"","overlay-color":"","overlay-opacity":"","overlay-gradient":""},"tablet":{"background-color":"","background-image":"","background-repeat":"repeat","background-position":"center center","background-size":"auto","background-attachment":"scroll","background-type":"","background-media":"","overlay-type":"","overlay-color":"","overlay-opacity":"","overlay-gradient":""},"mobile":{"background-color":"","background-image":"","background-repeat":"repeat","background-position":"center center","background-size":"auto","background-attachment":"scroll","background-type":"","background-media":"","overlay-type":"","overlay-color":"","overlay-opacity":"","overlay-gradient":""}},"ast-content-background-meta":{"desktop":{"background-color":"var(--ast-global-color-5)","background-image":"","background-repeat":"repeat","background-position":"center center","background-size":"auto","background-attachment":"scroll","background-type":"","background-media":"","overlay-type":"","overlay-color":"","overlay-opacity":"","overlay-gradient":""},"tablet":{"background-color":"var(--ast-global-color-5)","background-image":"","background-repeat":"repeat","background-position":"center center","background-size":"auto","background-attachment":"scroll","background-type":"","background-media":"","overlay-type":"","overlay-color":"","overlay-opacity":"","overlay-gradient":""},"mobile":{"background-color":"var(--ast-global-color-5)","background-image":"","background-repeat":"repeat","background-position":"center center","background-size":"auto","background-attachment":"scroll","background-type":"","background-media":"","overlay-type":"","overlay-color":"","overlay-opacity":"","overlay-gradient":""}},"footnotes":""},"class_list":["post-3873","page","type-page","status-publish","hentry"],"aioseo_notices":[],"_links":{"self":[{"href":"https:\/\/naturefirst.org\/pl\/wp-json\/wp\/v2\/pages\/3873","targetHints":{"allow":["GET"]}}],"collection":[{"href":"https:\/\/naturefirst.org\/pl\/wp-json\/wp\/v2\/pages"}],"about":[{"href":"https:\/\/naturefirst.org\/pl\/wp-json\/wp\/v2\/types\/page"}],"author":[{"embeddable":true,"href":"https:\/\/naturefirst.org\/pl\/wp-json\/wp\/v2\/users\/2"}],"replies":[{"embeddable":true,"href":"https:\/\/naturefirst.org\/pl\/wp-json\/wp\/v2\/comments?post=3873"}],"version-history":[{"count":17,"href":"https:\/\/naturefirst.org\/pl\/wp-json\/wp\/v2\/pages\/3873\/revisions"}],"predecessor-version":[{"id":3988,"href":"https:\/\/naturefirst.org\/pl\/wp-json\/wp\/v2\/pages\/3873\/revisions\/3988"}],"wp:attachment":[{"href":"https:\/\/naturefirst.org\/pl\/wp-json\/wp\/v2\/media?parent=3873"}],"curies":[{"name":"wp","href":"https:\/\/api.w.org\/{rel}","templated":true}]}}