{"id":416,"date":"2022-08-20T21:18:43","date_gmt":"2022-08-20T21:18:43","guid":{"rendered":"https:\/\/naturefirst.org\/?page_id=416"},"modified":"2023-09-26T09:14:33","modified_gmt":"2023-09-26T15:14:33","slug":"why-nature-first","status":"publish","type":"page","link":"https:\/\/naturefirst.org\/pl\/why-nature-first\/","title":{"rendered":"Dlaczego Nature First?"},"content":{"rendered":"<div data-elementor-type=\"wp-page\" data-elementor-id=\"416\" class=\"elementor elementor-416\" data-elementor-post-type=\"page\">\n\t\t\t\t\t\t<section class=\"elementor-section elementor-top-section elementor-element elementor-element-4b1754d0 elementor-section-height-min-height elementor-section-boxed elementor-section-height-default elementor-section-items-middle\" data-id=\"4b1754d0\" data-element_type=\"section\" data-e-type=\"section\" data-settings=\"{&quot;background_background&quot;:&quot;classic&quot;}\">\n\t\t\t\t\t\t\t<div class=\"elementor-background-overlay\"><\/div>\n\t\t\t\t\t\t\t<div class=\"elementor-container elementor-column-gap-no\">\n\t\t\t\t\t<div class=\"elementor-column elementor-col-100 elementor-top-column elementor-element elementor-element-7db71d5d\" data-id=\"7db71d5d\" data-element_type=\"column\" data-e-type=\"column\">\n\t\t\t<div class=\"elementor-widget-wrap elementor-element-populated\">\n\t\t\t\t\t\t<div class=\"elementor-element elementor-element-78abb84f elementor-widget elementor-widget-image-box\" data-id=\"78abb84f\" data-element_type=\"widget\" data-e-type=\"widget\" data-widget_type=\"image-box.default\">\n\t\t\t\t<div class=\"elementor-widget-container\">\n\t\t\t\t\t<div class=\"elementor-image-box-wrapper\"><div class=\"elementor-image-box-content\"><h1 class=\"elementor-image-box-title\">Dlaczego Nature First?<\/h1><\/div><\/div>\t\t\t\t<\/div>\n\t\t\t\t<\/div>\n\t\t\t\t<div class=\"elementor-element elementor-element-685c9b36 elementor-widget elementor-widget-text-editor\" data-id=\"685c9b36\" data-element_type=\"widget\" data-e-type=\"widget\" data-widget_type=\"text-editor.default\">\n\t\t\t\t<div class=\"elementor-widget-container\">\n\t\t\t\t\t\t\t\t\t<p>Sojusz na rzecz Odpowiedzialnej Fotografii Przyrody<\/p>\t\t\t\t\t\t\t\t<\/div>\n\t\t\t\t<\/div>\n\t\t\t\t\t<\/div>\n\t\t<\/div>\n\t\t\t\t\t<\/div>\n\t\t<\/section>\n\t\t\t\t<section class=\"elementor-section elementor-top-section elementor-element elementor-element-72e514e0 elementor-section-boxed elementor-section-height-default elementor-section-height-default\" data-id=\"72e514e0\" data-element_type=\"section\" data-e-type=\"section\">\n\t\t\t\t\t\t<div class=\"elementor-container elementor-column-gap-default\">\n\t\t\t\t\t<div class=\"elementor-column elementor-col-100 elementor-top-column elementor-element elementor-element-17c7a8ed\" data-id=\"17c7a8ed\" data-element_type=\"column\" data-e-type=\"column\">\n\t\t\t<div class=\"elementor-widget-wrap elementor-element-populated\">\n\t\t\t\t\t\t<div class=\"elementor-element elementor-element-5b3d0e63 elementor-widget elementor-widget-heading\" data-id=\"5b3d0e63\" data-element_type=\"widget\" data-e-type=\"widget\" data-widget_type=\"heading.default\">\n\t\t\t\t<div class=\"elementor-widget-container\">\n\t\t\t\t\t<h2 class=\"elementor-heading-title elementor-size-default\">Nasza misja...<\/h2>\t\t\t\t<\/div>\n\t\t\t\t<\/div>\n\t\t\t\t<div class=\"elementor-element elementor-element-81d7ec3 elementor-widget elementor-widget-text-editor\" data-id=\"81d7ec3\" data-element_type=\"widget\" data-e-type=\"widget\" data-widget_type=\"text-editor.default\">\n\t\t\t\t<div class=\"elementor-widget-container\">\n\t\t\t\t\t\t\t\t\t<p><strong>Nature First promuje ochron\u0119 i zachowanie naturalnych i dzikich miejsc na \u015bwiecie poprzez inspirowanie, edukacj\u0119 i jednoczenie wszystkich, kt\u00f3rzy robi\u0105 zdj\u0119cia i nagrywaj\u0105 filmy na \u0142onie natury; upowa\u017cniaj\u0105c ich do bycia ambasadorami \u015bwiata przyrody.<\/strong><\/p>\t\t\t\t\t\t\t\t<\/div>\n\t\t\t\t<\/div>\n\t\t\t\t<div class=\"elementor-element elementor-element-8879313 elementor-widget-divider--view-line elementor-widget elementor-widget-divider\" data-id=\"8879313\" data-element_type=\"widget\" data-e-type=\"widget\" data-widget_type=\"divider.default\">\n\t\t\t\t<div class=\"elementor-widget-container\">\n\t\t\t\t\t\t\t<div class=\"elementor-divider\">\n\t\t\t<span class=\"elementor-divider-separator\">\n\t\t\t\t\t\t<\/span>\n\t\t<\/div>\n\t\t\t\t\t\t<\/div>\n\t\t\t\t<\/div>\n\t\t\t\t<section class=\"elementor-section elementor-inner-section elementor-element elementor-element-0a10264 elementor-section-boxed elementor-section-height-default elementor-section-height-default\" data-id=\"0a10264\" data-element_type=\"section\" data-e-type=\"section\">\n\t\t\t\t\t\t<div class=\"elementor-container elementor-column-gap-default\">\n\t\t\t\t\t<div class=\"elementor-column elementor-col-50 elementor-inner-column elementor-element elementor-element-dbaad28\" data-id=\"dbaad28\" data-element_type=\"column\" data-e-type=\"column\">\n\t\t\t<div class=\"elementor-widget-wrap elementor-element-populated\">\n\t\t\t\t\t\t<div class=\"elementor-element elementor-element-e88d22b elementor-widget elementor-widget-video\" data-id=\"e88d22b\" data-element_type=\"widget\" data-e-type=\"widget\" data-settings=\"{&quot;youtube_url&quot;:&quot;https:\\\/\\\/www.youtube.com\\\/watch?v=oYkov7AUMFg&quot;,&quot;video_type&quot;:&quot;youtube&quot;,&quot;controls&quot;:&quot;yes&quot;}\" data-widget_type=\"video.default\">\n\t\t\t\t<div class=\"elementor-widget-container\">\n\t\t\t\t\t\t\t<div class=\"elementor-wrapper elementor-open-inline\">\n\t\t\t<div class=\"elementor-video\"><\/div>\t\t<\/div>\n\t\t\t\t\t\t<\/div>\n\t\t\t\t<\/div>\n\t\t\t\t\t<\/div>\n\t\t<\/div>\n\t\t\t\t<div class=\"elementor-column elementor-col-50 elementor-inner-column elementor-element elementor-element-ad296c9\" data-id=\"ad296c9\" data-element_type=\"column\" data-e-type=\"column\">\n\t\t\t<div class=\"elementor-widget-wrap elementor-element-populated\">\n\t\t\t\t\t\t<div class=\"elementor-element elementor-element-eb6e4bc elementor-widget elementor-widget-text-editor\" data-id=\"eb6e4bc\" data-element_type=\"widget\" data-e-type=\"widget\" data-widget_type=\"text-editor.default\">\n\t\t\t\t<div class=\"elementor-widget-container\">\n\t\t\t\t\t\t\t\t\t<p>Dowiedz si\u0119, dlaczego Alister Benn, utalentowany fotograf i za\u0142o\u017cyciel&nbsp;<a href=\"https:\/\/expressive.photography\/\" target=\"_blank\">Ekspresyjna fotografia<\/a>, jest cz\u0142onkiem Nature First i wierzy, \u017ce etyka w fotografii przyrodniczej jest wa\u017cna.&nbsp;<\/p>\n<p>Jako edukator i lider warsztat\u00f3w rozumie, \u017ce wielu (nie\u015bwiadomie) postrzega go jako wz\u00f3r do na\u015bladowania. Nie tylko praktykuje etyczn\u0105 fotografi\u0119 przyrody w terenie, ale g\u0142\u0119boko zastanawia si\u0119 nad zminimalizowaniem jej wp\u0142ywu, gdy r\u00f3wnowa\u017cy swoje codzienne \u017cycie i zaj\u0119cia biznesowe.<\/p>\n<p>Nikt nie mo\u017ce by\u0107 \u201eidealny\u201d, ograniczaj\u0105c sw\u00f3j wp\u0142yw do zera, ale wszyscy mo\u017cemy zachowa\u0107 ostro\u017cno\u015b\u0107 i odpowiedzialnie fotografuj\u0105c przyrod\u0119. Jest to po prostu etyczne post\u0119powanie.<\/p>\t\t\t\t\t\t\t\t<\/div>\n\t\t\t\t<\/div>\n\t\t\t\t\t<\/div>\n\t\t<\/div>\n\t\t\t\t\t<\/div>\n\t\t<\/section>\n\t\t\t\t<div class=\"elementor-element elementor-element-da21525 elementor-widget-divider--view-line elementor-widget elementor-widget-divider\" data-id=\"da21525\" data-element_type=\"widget\" data-e-type=\"widget\" data-widget_type=\"divider.default\">\n\t\t\t\t<div class=\"elementor-widget-container\">\n\t\t\t\t\t\t\t<div class=\"elementor-divider\">\n\t\t\t<span class=\"elementor-divider-separator\">\n\t\t\t\t\t\t<\/span>\n\t\t<\/div>\n\t\t\t\t\t\t<\/div>\n\t\t\t\t<\/div>\n\t\t\t\t<div class=\"elementor-element elementor-element-0728deb elementor-widget elementor-widget-text-editor\" data-id=\"0728deb\" data-element_type=\"widget\" data-e-type=\"widget\" data-widget_type=\"text-editor.default\">\n\t\t\t\t<div class=\"elementor-widget-container\">\n\t\t\t\t\t\t\t\t\t<p>Fotografia i \u015bwiat przyrody id\u0105 w parze od najwcze\u015bniejszych dni aparatu. Historycznie fotografia by\u0142a wa\u017cnym narz\u0119dziem ochrony \u015brodowiska, promuj\u0105cym ochron\u0119 dzikich miejsc i zach\u0119caj\u0105cym do pozytywnych praktyk gospodarowania. Ju\u017c w latach sze\u015b\u0107dziesi\u0105tych XIX wieku prace fotografa Carleton Watkins pomog\u0142y utorowa\u0107 drog\u0119 do p\u00f3\u017aniejszego utworzenia Parku Narodowego Yosemite, a fotografowie tacy jak William Henry Jackson, Ansel Adams, Philip Hyde i wielu innych wnie\u015bli znacz\u0105cy wk\u0142ad w ochron\u0119 dzikiej przyrody Ameryki ziemie i dzikie zwierz\u0119ta. Na ca\u0142ym \u015bwiecie fotografowie przyrody wnie\u015bli podobny wk\u0142ad, pozostawiaj\u0105c spu\u015bcizn\u0119, kt\u00f3ra umo\u017cliwia wsp\u00f3\u0142czesnym fotografom podziwianie chronionych dzikich miejsc.<\/p>\t\t\t\t\t\t\t\t<\/div>\n\t\t\t\t<\/div>\n\t\t\t\t\t<\/div>\n\t\t<\/div>\n\t\t\t\t\t<\/div>\n\t\t<\/section>\n\t\t\t\t<section class=\"elementor-section elementor-top-section elementor-element elementor-element-7c1a969 elementor-section-boxed elementor-section-height-default elementor-section-height-default\" data-id=\"7c1a969\" data-element_type=\"section\" data-e-type=\"section\">\n\t\t\t\t\t\t<div class=\"elementor-container elementor-column-gap-default\">\n\t\t\t\t\t<div class=\"elementor-column elementor-col-50 elementor-top-column elementor-element elementor-element-d1579b5\" data-id=\"d1579b5\" data-element_type=\"column\" data-e-type=\"column\">\n\t\t\t<div class=\"elementor-widget-wrap elementor-element-populated\">\n\t\t\t\t\t\t<div class=\"elementor-element elementor-element-ac40b06 elementor-widget elementor-widget-text-editor\" data-id=\"ac40b06\" data-element_type=\"widget\" data-e-type=\"widget\" data-widget_type=\"text-editor.default\">\n\t\t\t\t<div class=\"elementor-widget-container\">\n\t\t\t\t\t\t\t\t\t<p><strong>Ostatnio splot z\u0142o\u017conych czynnik\u00f3w ma coraz bardziej negatywny wp\u0142yw na tereny publiczne i chronione. Czynniki te obejmuj\u0105:<\/strong><\/p><ul data-rte-list=\"default\"><li><strong>Rozw\u00f3j medi\u00f3w spo\u0142eczno\u015bciowych, zwi\u0119kszaj\u0105cy \u0142atwo\u015b\u0107 udost\u0119pniania zdj\u0119\u0107 i informacji o lokalizacji online<\/strong><\/li><li><strong>Znacz\u0105cy wzrost popularno\u015bci fotografii<\/strong><\/li><li><strong>Dramatyczny wzrost liczby odwiedzin teren\u00f3w publicznych i dzikich miejsc<\/strong><\/li><li><strong>Brak powszechnej wiedzy na temat podstawowych praktyk gospodarowania i etyki na \u015bwie\u017cym powietrzu<\/strong><\/li><\/ul>\t\t\t\t\t\t\t\t<\/div>\n\t\t\t\t<\/div>\n\t\t\t\t\t<\/div>\n\t\t<\/div>\n\t\t\t\t<div class=\"elementor-column elementor-col-50 elementor-top-column elementor-element elementor-element-4d39f8d\" data-id=\"4d39f8d\" data-element_type=\"column\" data-e-type=\"column\">\n\t\t\t<div class=\"elementor-widget-wrap elementor-element-populated\">\n\t\t\t\t\t\t<div class=\"elementor-element elementor-element-ce537a2 elementor-widget elementor-widget-image\" data-id=\"ce537a2\" data-element_type=\"widget\" data-e-type=\"widget\" data-widget_type=\"image.default\">\n\t\t\t\t<div class=\"elementor-widget-container\">\n\t\t\t\t\t\t\t\t\t\t\t\t\t\t\t<img fetchpriority=\"high\" decoding=\"async\" width=\"1024\" height=\"686\" src=\"https:\/\/naturefirst.org\/wp-content\/uploads\/Mesa-Arch-Joshua-Snow-1024x686.jpg\" class=\"attachment-large size-large wp-image-422\" alt=\"\" srcset=\"https:\/\/naturefirst.org\/wp-content\/uploads\/Mesa-Arch-Joshua-Snow-1024x686.jpg 1024w, https:\/\/naturefirst.org\/wp-content\/uploads\/Mesa-Arch-Joshua-Snow-500x335.jpg 500w, https:\/\/naturefirst.org\/wp-content\/uploads\/Mesa-Arch-Joshua-Snow-768x515.jpg 768w, https:\/\/naturefirst.org\/wp-content\/uploads\/Mesa-Arch-Joshua-Snow-18x12.jpg 18w, https:\/\/naturefirst.org\/wp-content\/uploads\/Mesa-Arch-Joshua-Snow.jpg 1250w\" sizes=\"(max-width: 1024px) 100vw, 1024px\" \/>\t\t\t\t\t\t\t\t\t\t\t\t\t\t\t<\/div>\n\t\t\t\t<\/div>\n\t\t\t\t<div class=\"elementor-element elementor-element-eeeac5c elementor-widget elementor-widget-text-editor\" data-id=\"eeeac5c\" data-element_type=\"widget\" data-e-type=\"widget\" data-widget_type=\"text-editor.default\">\n\t\t\t\t<div class=\"elementor-widget-container\">\n\t\t\t\t\t\t\t\t\t<p>Czy fotografowie przyrody staj\u0105 si\u0119 coraz bardziej odpowiedzialni za pi\u0119kne otoczenie, kt\u00f3re piel\u0119gnuj\u0105 i fotografuj\u0105?<\/p>\t\t\t\t\t\t\t\t<\/div>\n\t\t\t\t<\/div>\n\t\t\t\t\t<\/div>\n\t\t<\/div>\n\t\t\t\t\t<\/div>\n\t\t<\/section>\n\t\t\t\t<section class=\"elementor-section elementor-top-section elementor-element elementor-element-4efdc4b elementor-section-boxed elementor-section-height-default elementor-section-height-default\" data-id=\"4efdc4b\" data-element_type=\"section\" data-e-type=\"section\">\n\t\t\t\t\t\t<div class=\"elementor-container elementor-column-gap-default\">\n\t\t\t\t\t<div class=\"elementor-column elementor-col-100 elementor-top-column elementor-element elementor-element-ac17f4d\" data-id=\"ac17f4d\" data-element_type=\"column\" data-e-type=\"column\">\n\t\t\t<div class=\"elementor-widget-wrap elementor-element-populated\">\n\t\t\t\t\t\t<div class=\"elementor-element elementor-element-8a838d0 elementor-widget elementor-widget-text-editor\" data-id=\"8a838d0\" data-element_type=\"widget\" data-e-type=\"widget\" data-widget_type=\"text-editor.default\">\n\t\t\t\t<div class=\"elementor-widget-container\">\n\t\t\t\t\t\t\t\t\t<p>W wyniku tych i innych czynnik\u00f3w osi\u0105gn\u0119li\u015bmy punkt, w kt\u00f3rym og\u00f3lnie odwiedzaj\u0105cy, a fotografowie w szczeg\u00f3lno\u015bci, powoduj\u0105 namacalny, rozleg\u0142y i stopniowo pogarszaj\u0105cy si\u0119 negatywny wp\u0142yw na przyrod\u0119. Na przyk\u0142ad niekt\u00f3rzy fotografowie depcz\u0105 dzikie tereny, ignoruj\u0105 przepisy, niszcz\u0105 wra\u017cliwe obszary, zak\u0142\u00f3caj\u0105 i umniejszaj\u0105 do\u015bwiadczenia innych u\u017cytkownik\u00f3w, przeszkadzaj\u0105 dzikiej przyrodzie i zapraszaj\u0105 (domy\u015blnie lub jawnie) spo\u0142ecze\u0144stwo do robienia tego samego.<\/p><p>Chocia\u017c najwa\u017cniejsze z tych wydarze\u0144 mog\u0105 wydawa\u0107 si\u0119 niezale\u017cne od fotografii, wiele z tych presji na dzikie tereny wynika z przyci\u0105gania ludzi do takich miejsc z powodu inspiruj\u0105cych fotografii. Wi\u0119kszo\u015b\u0107 indywidualnych fotograf\u00f3w nie przyczyni\u0142a si\u0119 celowo do tych negatywnych skutk\u00f3w. Mimo to mamy okazj\u0119 przyzna\u0107, \u017ce fotografowie przyrody wnie\u015bli znacz\u0105cy wk\u0142ad w te problemy, a tym samym ponosz\u0105 odpowiedzialno\u015b\u0107 za zajmowanie si\u0119 tymi trendami w proaktywny i pozytywny spos\u00f3b.<\/p><p>Grupa fotograf\u00f3w przyrody zaniepokojonych tymi przyspieszaj\u0105cymi trendami zebra\u0142a si\u0119 i przyczyni\u0142a si\u0119 do stworzenia tych zasad. Ka\u017cdy z nas zobowi\u0105za\u0142 si\u0119 do przestrzegania i promowania tych praktyk oraz zach\u0119cania innych fotograf\u00f3w do robienia tego samego. Je\u015bli fotografowie przyrody nie podejm\u0105 tego rodzaju zbiorowych, proaktywnych dzia\u0142a\u0144, nie tylko nadal b\u0119dziemy \u015bwiadkami rozleg\u0142ych i nieodwracalnych szk\u00f3d w naszych najcenniejszych miejscach przyrodniczych, ale tak\u017ce b\u0119dziemy \u015bwiadkami rosn\u0105cej liczby przepis\u00f3w i ogranicze\u0144 nak\u0142adanych na fotograf\u00f3w.<\/p><p>Do\u0142\u0105cz do nas, rozwa\u017c i ewentualnie przemy\u015bl swoje w\u0142asne praktyki, przyjmij lub dostosuj te zasady i pom\u00f3\u017c promowa\u0107 te idee w\u015br\u00f3d innych fotograf\u00f3w.<\/p>\t\t\t\t\t\t\t\t<\/div>\n\t\t\t\t<\/div>\n\t\t\t\t\t<\/div>\n\t\t<\/div>\n\t\t\t\t\t<\/div>\n\t\t<\/section>\n\t\t\t\t<section class=\"elementor-section elementor-top-section elementor-element elementor-element-34c2257 elementor-section-boxed elementor-section-height-default elementor-section-height-default\" data-id=\"34c2257\" data-element_type=\"section\" data-e-type=\"section\">\n\t\t\t\t\t\t<div class=\"elementor-container elementor-column-gap-default\">\n\t\t\t\t\t<div class=\"elementor-column elementor-col-100 elementor-top-column elementor-element elementor-element-ae3c142\" data-id=\"ae3c142\" data-element_type=\"column\" data-e-type=\"column\">\n\t\t\t<div class=\"elementor-widget-wrap elementor-element-populated\">\n\t\t\t\t\t\t<div class=\"elementor-element elementor-element-83b3473 elementor-widget elementor-widget-text-editor\" data-id=\"83b3473\" data-element_type=\"widget\" data-e-type=\"widget\" data-widget_type=\"text-editor.default\">\n\t\t\t\t<div class=\"elementor-widget-container\">\n\t\t\t\t\t\t\t\t\t<p><a title=\"Zasady\" href=\"https:\/\/naturefirst.org\/pl\/principles\/\">Dowiedz si\u0119 wi\u0119cej o zasadach Nature First<\/a><\/p>\t\t\t\t\t\t\t\t<\/div>\n\t\t\t\t<\/div>\n\t\t\t\t<div class=\"elementor-element elementor-element-fefcb30 elementor-widget-divider--view-line elementor-widget elementor-widget-divider\" data-id=\"fefcb30\" data-element_type=\"widget\" data-e-type=\"widget\" data-widget_type=\"divider.default\">\n\t\t\t\t<div class=\"elementor-widget-container\">\n\t\t\t\t\t\t\t<div class=\"elementor-divider\">\n\t\t\t<span class=\"elementor-divider-separator\">\n\t\t\t\t\t\t<\/span>\n\t\t<\/div>\n\t\t\t\t\t\t<\/div>\n\t\t\t\t<\/div>\n\t\t\t\t\t<\/div>\n\t\t<\/div>\n\t\t\t\t\t<\/div>\n\t\t<\/section>\n\t\t\t\t<\/div>","protected":false},"excerpt":{"rendered":"<p>Why Nature First? The Alliance for Responsible Nature Photography Our Mission&#8230; Nature First promotes the protection and preservation of the world&#8217;s natural and wild places through inspiring, educating, and uniting everyone making photographs and videos in nature; empowering them to be ambassadors of the natural world. https:\/\/www.youtube.com\/watch?v=oYkov7AUMFg Learn why Alister Benn, talented photographer and founder [&hellip;]<\/p>\n","protected":false},"author":2,"featured_media":0,"parent":0,"menu_order":0,"comment_status":"closed","ping_status":"closed","template":"","meta":{"_mo_disable_npp":"","site-sidebar-layout":"no-sidebar","site-content-layout":"page-builder","ast-site-content-layout":"default","site-content-style":"default","site-sidebar-style":"default","ast-global-header-display":"","ast-banner-title-visibility":"","ast-main-header-display":"","ast-hfb-above-header-display":"","ast-hfb-below-header-display":"","ast-hfb-mobile-header-display":"","site-post-title":"disabled","ast-breadcrumbs-content":"","ast-featured-img":"disabled","footer-sml-layout":"","ast-disable-related-posts":"","theme-transparent-header-meta":"","adv-header-id-meta":"","stick-header-meta":"","header-above-stick-meta":"","header-main-stick-meta":"","header-below-stick-meta":"","astra-migrate-meta-layouts":"default","ast-page-background-enabled":"default","ast-page-background-meta":{"desktop":{"background-color":"","background-image":"","background-repeat":"repeat","background-position":"center center","background-size":"auto","background-attachment":"scroll","background-type":"","background-media":"","overlay-type":"","overlay-color":"","overlay-opacity":"","overlay-gradient":""},"tablet":{"background-color":"","background-image":"","background-repeat":"repeat","background-position":"center center","background-size":"auto","background-attachment":"scroll","background-type":"","background-media":"","overlay-type":"","overlay-color":"","overlay-opacity":"","overlay-gradient":""},"mobile":{"background-color":"","background-image":"","background-repeat":"repeat","background-position":"center center","background-size":"auto","background-attachment":"scroll","background-type":"","background-media":"","overlay-type":"","overlay-color":"","overlay-opacity":"","overlay-gradient":""}},"ast-content-background-meta":{"desktop":{"background-color":"var(--ast-global-color-5)","background-image":"","background-repeat":"repeat","background-position":"center center","background-size":"auto","background-attachment":"scroll","background-type":"","background-media":"","overlay-type":"","overlay-color":"","overlay-opacity":"","overlay-gradient":""},"tablet":{"background-color":"var(--ast-global-color-5)","background-image":"","background-repeat":"repeat","background-position":"center center","background-size":"auto","background-attachment":"scroll","background-type":"","background-media":"","overlay-type":"","overlay-color":"","overlay-opacity":"","overlay-gradient":""},"mobile":{"background-color":"var(--ast-global-color-5)","background-image":"","background-repeat":"repeat","background-position":"center center","background-size":"auto","background-attachment":"scroll","background-type":"","background-media":"","overlay-type":"","overlay-color":"","overlay-opacity":"","overlay-gradient":""}},"footnotes":""},"class_list":["post-416","page","type-page","status-publish","hentry"],"aioseo_notices":[],"_links":{"self":[{"href":"https:\/\/naturefirst.org\/pl\/wp-json\/wp\/v2\/pages\/416","targetHints":{"allow":["GET"]}}],"collection":[{"href":"https:\/\/naturefirst.org\/pl\/wp-json\/wp\/v2\/pages"}],"about":[{"href":"https:\/\/naturefirst.org\/pl\/wp-json\/wp\/v2\/types\/page"}],"author":[{"embeddable":true,"href":"https:\/\/naturefirst.org\/pl\/wp-json\/wp\/v2\/users\/2"}],"replies":[{"embeddable":true,"href":"https:\/\/naturefirst.org\/pl\/wp-json\/wp\/v2\/comments?post=416"}],"version-history":[{"count":11,"href":"https:\/\/naturefirst.org\/pl\/wp-json\/wp\/v2\/pages\/416\/revisions"}],"predecessor-version":[{"id":4607,"href":"https:\/\/naturefirst.org\/pl\/wp-json\/wp\/v2\/pages\/416\/revisions\/4607"}],"wp:attachment":[{"href":"https:\/\/naturefirst.org\/pl\/wp-json\/wp\/v2\/media?parent=416"}],"curies":[{"name":"wp","href":"https:\/\/api.w.org\/{rel}","templated":true}]}}