{"id":457,"date":"2022-08-20T21:41:36","date_gmt":"2022-08-20T21:41:36","guid":{"rendered":"https:\/\/naturefirst.org\/?page_id=457"},"modified":"2024-07-26T11:20:52","modified_gmt":"2024-07-26T17:20:52","slug":"cookie-policy","status":"publish","type":"page","link":"https:\/\/naturefirst.org\/pl\/cookie-policy\/","title":{"rendered":"Polityka Cookie"},"content":{"rendered":"<div data-elementor-type=\"wp-page\" data-elementor-id=\"457\" class=\"elementor elementor-457\" data-elementor-post-type=\"page\">\n\t\t\t\t\t\t<section class=\"elementor-section elementor-top-section elementor-element elementor-element-679d1ac5 elementor-section-height-min-height elementor-section-boxed elementor-section-height-default elementor-section-items-middle\" data-id=\"679d1ac5\" data-element_type=\"section\" data-e-type=\"section\" data-settings=\"{&quot;background_background&quot;:&quot;classic&quot;}\">\n\t\t\t\t\t\t\t<div class=\"elementor-background-overlay\"><\/div>\n\t\t\t\t\t\t\t<div class=\"elementor-container elementor-column-gap-no\">\n\t\t\t\t\t<div class=\"elementor-column elementor-col-100 elementor-top-column elementor-element elementor-element-60198d81\" data-id=\"60198d81\" data-element_type=\"column\" data-e-type=\"column\">\n\t\t\t<div class=\"elementor-widget-wrap elementor-element-populated\">\n\t\t\t\t\t\t<div class=\"elementor-element elementor-element-38714abc elementor-widget elementor-widget-image-box\" data-id=\"38714abc\" data-element_type=\"widget\" data-e-type=\"widget\" data-widget_type=\"image-box.default\">\n\t\t\t\t<div class=\"elementor-widget-container\">\n\t\t\t\t\t<div class=\"elementor-image-box-wrapper\"><div class=\"elementor-image-box-content\"><h1 class=\"elementor-image-box-title\">Polityka Cookie<\/h1><\/div><\/div>\t\t\t\t<\/div>\n\t\t\t\t<\/div>\n\t\t\t\t\t<\/div>\n\t\t<\/div>\n\t\t\t\t\t<\/div>\n\t\t<\/section>\n\t\t\t\t<section class=\"elementor-section elementor-top-section elementor-element elementor-element-63f70ab6 elementor-section-boxed elementor-section-height-default elementor-section-height-default\" data-id=\"63f70ab6\" data-element_type=\"section\" data-e-type=\"section\">\n\t\t\t\t\t\t<div class=\"elementor-container elementor-column-gap-default\">\n\t\t\t\t\t<div class=\"elementor-column elementor-col-100 elementor-top-column elementor-element elementor-element-34209b01\" data-id=\"34209b01\" data-element_type=\"column\" data-e-type=\"column\">\n\t\t\t<div class=\"elementor-widget-wrap elementor-element-populated\">\n\t\t\t\t\t\t<div class=\"elementor-element elementor-element-4eda9261 elementor-widget elementor-widget-heading\" data-id=\"4eda9261\" data-element_type=\"widget\" data-e-type=\"widget\" data-widget_type=\"heading.default\">\n\t\t\t\t<div class=\"elementor-widget-container\">\n\t\t\t\t\t<h2 class=\"elementor-heading-title elementor-size-default\">Polityka Cookie<\/h2>\t\t\t\t<\/div>\n\t\t\t\t<\/div>\n\t\t\t\t<div class=\"elementor-element elementor-element-23ead78 elementor-widget elementor-widget-text-editor\" data-id=\"23ead78\" data-element_type=\"widget\" data-e-type=\"widget\" data-widget_type=\"text-editor.default\">\n\t\t\t\t<div class=\"elementor-widget-container\">\n\t\t\t\t\t\t\t\t\t<p class=\"\"><em>Data wej\u015bcia w \u017cycie: 6 lutego 2021 r<\/em><\/p><p class=\"\">Niniejsza Polityka plik\u00f3w cookie opisuje, w jaki spos\u00f3b Nature First wykorzystuje pliki cookie i podobne technologie do \u015bwiadczenia, dostosowywania, oceny, ulepszania, promowania i ochrony naszych Us\u0142ug. Nale\u017cy pami\u0119ta\u0107, \u017ce wszelkie terminy pisane wielk\u0105 liter\u0105, kt\u00f3re nie zosta\u0142y zdefiniowane w niniejszej Polityce plik\u00f3w cookie, maj\u0105 znaczenie okre\u015blone w naszych <a title=\"Warunki korzystania\" href=\"https:\/\/naturefirst.org\/pl\/terms-of-use\/\">Warunki korzystania<\/a>. Je\u015bli masz jakie\u015b uwagi lub pytania dotycz\u0105ce niniejszej Polityki plik\u00f3w cookie, skontaktuj si\u0119 z nami pod adresem privacy@naturefirstphotography.org.\u00a0\u00a0<\/p><p class=\"\">Ciasteczka. Pliki cookie to ma\u0142e fragmenty tekstu wysy\u0142ane do Twojej przegl\u0105darki, gdy odwiedzasz witryn\u0119. S\u0142u\u017c\u0105 one r\u00f3\u017cnym funkcjom, na przyk\u0142ad umo\u017cliwiaj\u0105 nam zapami\u0119tywanie pewnych informacji, kt\u00f3re nam przekazujesz podczas nawigacji mi\u0119dzy stronami w Us\u0142ugach. U\u017cywamy plik\u00f3w cookie na stronie internetowej i powi\u0105zanych domenach <a href=\"https:\/\/naturefirst.org\/pl\/\">www.naturefirst.org<\/a> w nast\u0119puj\u0105cych celach:<\/p><ul data-rte-list=\"default\"><li><p class=\"\">Uwierzytelnianie, dostosowywanie, bezpiecze\u0144stwo i inne funkcjonalne pliki cookie. Pliki cookie pomagaj\u0105 nam zweryfikowa\u0107 Twoje Konto i urz\u0105dzenie oraz ustali\u0107, kiedy jeste\u015b zalogowany, dzi\u0119ki czemu mo\u017cemy u\u0142atwi\u0107 Ci dost\u0119p do Us\u0142ug i zapewni\u0107 odpowiednie wra\u017cenia i funkcje. U\u017cywamy r\u00f3wnie\u017c plik\u00f3w cookie, aby zapobiega\u0107 nieuczciwemu u\u017cyciu danych logowania i zapami\u0119tywa\u0107 wybory dokonane w Us\u0142ugach, takie jak preferencje j\u0119zykowe.<\/p><\/li><li><p class=\"\">Wydajno\u015b\u0107 i analityka. Pliki cookie pomagaj\u0105 nam analizowa\u0107 spos\u00f3b uzyskiwania dost\u0119pu do Us\u0142ug i korzystania z nich oraz umo\u017cliwiaj\u0105 nam \u015bledzenie wydajno\u015bci Us\u0142ug. Na przyk\u0142ad u\u017cywamy plik\u00f3w cookie, aby ustali\u0107, czy przegl\u0105da\u0142e\u015b stron\u0119 lub otwiera\u0142e\u015b wiadomo\u015b\u0107 e-mail. Pomaga nam to dostarcza\u0107 informacje, kt\u00f3re uwa\u017casz za interesuj\u0105ce.<\/p><\/li><li><p class=\"\">Osoby trzecie. Us\u0142ugi stron trzecich mog\u0105 wykorzystywa\u0107 pliki cookie, aby pom\u00f3c Ci zalogowa\u0107 si\u0119 do ich us\u0142ug z naszych Us\u0142ug. Wszelkie takie wykorzystanie plik\u00f3w cookie stron trzecich podlega zasadom strony trzeciej umieszczaj\u0105cej pliki cookie.<\/p><\/li><li><p class=\"\">Reklamy Nature First. Wsp\u00f3\u0142pracujemy z zewn\u0119trznymi wydawcami, sieciami reklamowymi i dostawcami us\u0142ug w celu zarz\u0105dzania naszymi reklamami w innych witrynach. Nasi partnerzy zewn\u0119trzni mog\u0105 umieszcza\u0107 pliki cookie na Twoim urz\u0105dzeniu lub przegl\u0105darce, aby zbiera\u0107 informacje o Twojej aktywno\u015bci w Us\u0142ugach i innych odwiedzanych witrynach, aby dostarcza\u0107 Ci reklamy Nature First. Na przyk\u0142ad, je\u015bli odwiedzasz Nature First, a tak\u017ce korzystasz z platformy medi\u00f3w spo\u0142eczno\u015bciowych, mo\u017cesz zobaczy\u0107 reklam\u0119 Nature First w swoim kanale informacyjnym lub na osi czasu w mediach spo\u0142eczno\u015bciowych.<\/p><\/li><li><p class=\"\">Rezygnacja. Mo\u017cesz ustawi\u0107 swoj\u0105 przegl\u0105dark\u0119 tak, aby nie akceptowa\u0142a plik\u00f3w cookie, ale mo\u017ce to ograniczy\u0107 mo\u017cliwo\u015b\u0107 korzystania z Us\u0142ug. Obecnie nie odpowiadamy na sygna\u0142y DNT:1 z przegl\u0105darek odwiedzaj\u0105cych nasze Us\u0142ugi. Mo\u017cesz tak\u017ce zrezygnowa\u0107 z otrzymywania reklam opartych na zainteresowaniach z niekt\u00f3rych sieci reklamowych <a href=\"https:\/\/www.networkadvertising.org\/choices\/\" target=\"_blank\" rel=\"noopener\">tutaj<\/a> (lub je\u015bli znajduje si\u0119 w Unii Europejskiej, <a href=\"https:\/\/www.youronlinechoices.eu\/\" target=\"_blank\" rel=\"noopener\">tutaj<\/a>).<\/p><\/li><\/ul><p class=\"\">Identyfikatory urz\u0105dze\u0144. U\u017cywamy identyfikator\u00f3w urz\u0105dze\u0144 na stronie internetowej Nature First do \u015bledzenia, analizowania i ulepszania wydajno\u015bci Us\u0142ug i naszych reklam.<\/p><p class=\"\">Znaczniki os\u00f3b trzecich. U\u017cywamy tag\u00f3w stron trzecich i zarz\u0105dzamy nimi na stronie Nature First. Znaczniki stron trzecich mog\u0105 mie\u0107 posta\u0107 pikseli lub fragment\u00f3w \u015bledzenia. U\u017cywamy pikseli, aby dowiedzie\u0107 si\u0119, w jaki spos\u00f3b korzystasz ze stron naszej witryny i wiadomo\u015bci e-mail, a te informacje pomagaj\u0105 nam i naszym partnerom reklamowym zapewni\u0107 Ci bardziej dostosowane wra\u017cenia. U\u017cywamy fragment\u00f3w \u015bledzenia do przechwytywania danych z Twojej przegl\u0105darki, wysy\u0142ania \u017c\u0105da\u0144 do partnera zewn\u0119trznego lub ustawiania plik\u00f3w cookie na Twoim urz\u0105dzeniu do przechowywania danych. U\u017cywamy <a href=\"https:\/\/www.google.com\/analytics\/tag-manager\/use-policy\/\" target=\"_blank\" rel=\"noopener\">Mened\u017cer tag\u00f3w Google<\/a> do zarz\u0105dzania wykorzystaniem tag\u00f3w stron trzecich. Mo\u017ce to spowodowa\u0107 aktywacj\u0119 innych tag\u00f3w, kt\u00f3re w pewnych okoliczno\u015bciach mog\u0105 gromadzi\u0107 dane i ustawia\u0107 pliki cookie. Google Tag Manager nie przechowuje tych danych.<\/p><p class=\"\">Od czasu do czasu mo\u017cemy aktualizowa\u0107 niniejsz\u0105 Polityk\u0119 plik\u00f3w cookie. Kiedy wprowadzimy zmiany, zaktualizujemy \u201eDat\u0119 wej\u015bcia w \u017cycie\u201d na g\u00f3rze Polityki plik\u00f3w cookie i opublikujemy j\u0105 na naszych stronach. Zach\u0119camy do okresowego sprawdzania niniejszej Polityki plik\u00f3w cookie pod k\u0105tem wszelkich zmian od ostatniej wizyty.<\/p>\t\t\t\t\t\t\t\t<\/div>\n\t\t\t\t<\/div>\n\t\t\t\t<div class=\"elementor-element elementor-element-1a4888f5 elementor-widget-divider--view-line elementor-widget elementor-widget-divider\" data-id=\"1a4888f5\" data-element_type=\"widget\" data-e-type=\"widget\" data-widget_type=\"divider.default\">\n\t\t\t\t<div class=\"elementor-widget-container\">\n\t\t\t\t\t\t\t<div class=\"elementor-divider\">\n\t\t\t<span class=\"elementor-divider-separator\">\n\t\t\t\t\t\t<\/span>\n\t\t<\/div>\n\t\t\t\t\t\t<\/div>\n\t\t\t\t<\/div>\n\t\t\t\t\t<\/div>\n\t\t<\/div>\n\t\t\t\t\t<\/div>\n\t\t<\/section>\n\t\t\t\t<\/div>","protected":false},"excerpt":{"rendered":"<p>Cookie Policy Cookie Policy Effective Date: February 6, 2021 This Cookie Policy describes how Nature First uses cookies and similar technologies to provide, customize, evaluate, improve, promote and protect our Services. Note that any capitalized terms not defined in this Cookie Policy have the meanings set forth in our Terms of Use. If you have [&hellip;]<\/p>\n","protected":false},"author":2,"featured_media":0,"parent":0,"menu_order":0,"comment_status":"closed","ping_status":"closed","template":"","meta":{"_mo_disable_npp":"","site-sidebar-layout":"no-sidebar","site-content-layout":"page-builder","ast-site-content-layout":"default","site-content-style":"default","site-sidebar-style":"default","ast-global-header-display":"","ast-banner-title-visibility":"","ast-main-header-display":"","ast-hfb-above-header-display":"","ast-hfb-below-header-display":"","ast-hfb-mobile-header-display":"","site-post-title":"disabled","ast-breadcrumbs-content":"","ast-featured-img":"disabled","footer-sml-layout":"","ast-disable-related-posts":"","theme-transparent-header-meta":"","adv-header-id-meta":"","stick-header-meta":"","header-above-stick-meta":"","header-main-stick-meta":"","header-below-stick-meta":"","astra-migrate-meta-layouts":"default","ast-page-background-enabled":"default","ast-page-background-meta":{"desktop":{"background-color":"","background-image":"","background-repeat":"repeat","background-position":"center center","background-size":"auto","background-attachment":"scroll","background-type":"","background-media":"","overlay-type":"","overlay-color":"","overlay-opacity":"","overlay-gradient":""},"tablet":{"background-color":"","background-image":"","background-repeat":"repeat","background-position":"center center","background-size":"auto","background-attachment":"scroll","background-type":"","background-media":"","overlay-type":"","overlay-color":"","overlay-opacity":"","overlay-gradient":""},"mobile":{"background-color":"","background-image":"","background-repeat":"repeat","background-position":"center center","background-size":"auto","background-attachment":"scroll","background-type":"","background-media":"","overlay-type":"","overlay-color":"","overlay-opacity":"","overlay-gradient":""}},"ast-content-background-meta":{"desktop":{"background-color":"var(--ast-global-color-5)","background-image":"","background-repeat":"repeat","background-position":"center center","background-size":"auto","background-attachment":"scroll","background-type":"","background-media":"","overlay-type":"","overlay-color":"","overlay-opacity":"","overlay-gradient":""},"tablet":{"background-color":"var(--ast-global-color-5)","background-image":"","background-repeat":"repeat","background-position":"center center","background-size":"auto","background-attachment":"scroll","background-type":"","background-media":"","overlay-type":"","overlay-color":"","overlay-opacity":"","overlay-gradient":""},"mobile":{"background-color":"var(--ast-global-color-5)","background-image":"","background-repeat":"repeat","background-position":"center center","background-size":"auto","background-attachment":"scroll","background-type":"","background-media":"","overlay-type":"","overlay-color":"","overlay-opacity":"","overlay-gradient":""}},"footnotes":""},"class_list":["post-457","page","type-page","status-publish","hentry"],"aioseo_notices":[],"_links":{"self":[{"href":"https:\/\/naturefirst.org\/pl\/wp-json\/wp\/v2\/pages\/457","targetHints":{"allow":["GET"]}}],"collection":[{"href":"https:\/\/naturefirst.org\/pl\/wp-json\/wp\/v2\/pages"}],"about":[{"href":"https:\/\/naturefirst.org\/pl\/wp-json\/wp\/v2\/types\/page"}],"author":[{"embeddable":true,"href":"https:\/\/naturefirst.org\/pl\/wp-json\/wp\/v2\/users\/2"}],"replies":[{"embeddable":true,"href":"https:\/\/naturefirst.org\/pl\/wp-json\/wp\/v2\/comments?post=457"}],"version-history":[{"count":15,"href":"https:\/\/naturefirst.org\/pl\/wp-json\/wp\/v2\/pages\/457\/revisions"}],"predecessor-version":[{"id":5032,"href":"https:\/\/naturefirst.org\/pl\/wp-json\/wp\/v2\/pages\/457\/revisions\/5032"}],"wp:attachment":[{"href":"https:\/\/naturefirst.org\/pl\/wp-json\/wp\/v2\/media?parent=457"}],"curies":[{"name":"wp","href":"https:\/\/api.w.org\/{rel}","templated":true}]}}