{"id":492,"date":"2022-08-20T22:10:41","date_gmt":"2022-08-20T22:10:41","guid":{"rendered":"https:\/\/naturefirst.org\/?page_id=492"},"modified":"2025-02-16T07:36:04","modified_gmt":"2025-02-16T14:36:04","slug":"about","status":"publish","type":"page","link":"https:\/\/naturefirst.org\/pl\/about\/","title":{"rendered":"O"},"content":{"rendered":"<div data-elementor-type=\"wp-page\" data-elementor-id=\"492\" class=\"elementor elementor-492\" data-elementor-post-type=\"page\">\n\t\t\t\t\t\t<section class=\"elementor-section elementor-top-section elementor-element elementor-element-42bdd763 elementor-section-height-min-height elementor-section-boxed elementor-section-height-default elementor-section-items-middle\" data-id=\"42bdd763\" data-element_type=\"section\" data-e-type=\"section\" data-settings=\"{&quot;background_background&quot;:&quot;classic&quot;}\">\n\t\t\t\t\t\t\t<div class=\"elementor-background-overlay\"><\/div>\n\t\t\t\t\t\t\t<div class=\"elementor-container elementor-column-gap-no\">\n\t\t\t\t\t<div class=\"elementor-column elementor-col-100 elementor-top-column elementor-element elementor-element-5d4f1800\" data-id=\"5d4f1800\" data-element_type=\"column\" data-e-type=\"column\">\n\t\t\t<div class=\"elementor-widget-wrap elementor-element-populated\">\n\t\t\t\t\t\t<div class=\"elementor-element elementor-element-57e27165 elementor-widget elementor-widget-image-box\" data-id=\"57e27165\" data-element_type=\"widget\" data-e-type=\"widget\" data-widget_type=\"image-box.default\">\n\t\t\t\t<div class=\"elementor-widget-container\">\n\t\t\t\t\t<div class=\"elementor-image-box-wrapper\"><div class=\"elementor-image-box-content\"><h1 class=\"elementor-image-box-title\">O nas<\/h1><\/div><\/div>\t\t\t\t<\/div>\n\t\t\t\t<\/div>\n\t\t\t\t<div class=\"elementor-element elementor-element-159638cc elementor-widget elementor-widget-text-editor\" data-id=\"159638cc\" data-element_type=\"widget\" data-e-type=\"widget\" data-widget_type=\"text-editor.default\">\n\t\t\t\t<div class=\"elementor-widget-container\">\n\t\t\t\t\t\t\t\t\t<p>Sojusz na rzecz Odpowiedzialnej Fotografii Przyrody<\/p>\t\t\t\t\t\t\t\t<\/div>\n\t\t\t\t<\/div>\n\t\t\t\t\t<\/div>\n\t\t<\/div>\n\t\t\t\t\t<\/div>\n\t\t<\/section>\n\t\t\t\t<section class=\"elementor-section elementor-top-section elementor-element elementor-element-31128d72 elementor-section-boxed elementor-section-height-default elementor-section-height-default\" data-id=\"31128d72\" data-element_type=\"section\" data-e-type=\"section\">\n\t\t\t\t\t\t<div class=\"elementor-container elementor-column-gap-default\">\n\t\t\t\t\t<div class=\"elementor-column elementor-col-100 elementor-top-column elementor-element elementor-element-52b38ded\" data-id=\"52b38ded\" data-element_type=\"column\" data-e-type=\"column\">\n\t\t\t<div class=\"elementor-widget-wrap elementor-element-populated\">\n\t\t\t\t\t\t<div class=\"elementor-element elementor-element-255d4f75 elementor-widget elementor-widget-heading\" data-id=\"255d4f75\" data-element_type=\"widget\" data-e-type=\"widget\" data-widget_type=\"heading.default\">\n\t\t\t\t<div class=\"elementor-widget-container\">\n\t\t\t\t\t<h2 class=\"elementor-heading-title elementor-size-default\">Nature First promuje ochron\u0119 i zachowanie naturalnych i dzikich miejsc na \u015bwiecie poprzez inspirowanie, edukacj\u0119 i jednoczenie wszystkich, kt\u00f3rzy robi\u0105 zdj\u0119cia i nagrywaj\u0105 filmy na \u0142onie natury; upowa\u017cniaj\u0105c ich do bycia ambasadorami \u015bwiata przyrody.<\/h2>\t\t\t\t<\/div>\n\t\t\t\t<\/div>\n\t\t\t\t<div class=\"elementor-element elementor-element-70f0813f elementor-widget-divider--view-line elementor-widget elementor-widget-divider\" data-id=\"70f0813f\" data-element_type=\"widget\" data-e-type=\"widget\" data-widget_type=\"divider.default\">\n\t\t\t\t<div class=\"elementor-widget-container\">\n\t\t\t\t\t\t\t<div class=\"elementor-divider\">\n\t\t\t<span class=\"elementor-divider-separator\">\n\t\t\t\t\t\t<\/span>\n\t\t<\/div>\n\t\t\t\t\t\t<\/div>\n\t\t\t\t<\/div>\n\t\t\t\t\t<\/div>\n\t\t<\/div>\n\t\t\t\t\t<\/div>\n\t\t<\/section>\n\t\t\t\t<section class=\"elementor-section elementor-top-section elementor-element elementor-element-401486a elementor-section-boxed elementor-section-height-default elementor-section-height-default\" data-id=\"401486a\" data-element_type=\"section\" data-e-type=\"section\">\n\t\t\t\t\t\t<div class=\"elementor-container elementor-column-gap-default\">\n\t\t\t\t\t<div class=\"elementor-column elementor-col-50 elementor-top-column elementor-element elementor-element-7055caf\" data-id=\"7055caf\" data-element_type=\"column\" data-e-type=\"column\">\n\t\t\t<div class=\"elementor-widget-wrap elementor-element-populated\">\n\t\t\t\t\t\t<div class=\"elementor-element elementor-element-6e3f900 elementor-widget elementor-widget-text-editor\" data-id=\"6e3f900\" data-element_type=\"widget\" data-e-type=\"widget\" data-widget_type=\"text-editor.default\">\n\t\t\t\t<div class=\"elementor-widget-container\">\n\t\t\t\t\t\t\t\t\t<p><span style=\"font-style: inherit; font-weight: inherit;\">Nature First zosta\u0142 uruchomiony w 2019 roku przez grup\u0119 pasjonat\u00f3w fotografii przyrody, kt\u00f3rzy byli zaniepokojeni wp\u0142ywem fotografii przyrodniczej na \u015bwiat przyrody. Spotkanie inauguracyjne odby\u0142o si\u0119 w Ridgway w Kolorado, u podn\u00f3\u017ca spektakularnych g\u00f3r San Juan. To pierwsze ma\u0142e spotkanie doprowadzi\u0142o do kolejnych i ostatecznie do ustanowienia Zasad Nature First, a p\u00f3\u017aniej organizacji Nature First.<\/span><\/p><p>Nieca\u0142e trzy lata p\u00f3\u017aniej Nature First jest szybko rozwijaj\u0105c\u0105 si\u0119 organizacj\u0105 mi\u0119dzynarodow\u0105, zrzeszaj\u0105c\u0105 ponad 5000 cz\u0142onk\u00f3w w 72 krajach. Nasze cz\u0142onkostwo reprezentuje zr\u00f3\u017cnicowan\u0105, mi\u0119dzynarodow\u0105 grup\u0119 okazjonalnych hobbyst\u00f3w, aspiruj\u0105cych profesjonalist\u00f3w oraz jednych z najwybitniejszych na \u015bwiecie fotograf\u00f3w i kamerzyst\u00f3w przyrody i dzikiej przyrody.<\/p><p>Wszyscy s\u0105 mile widziani. Jedynym warunkiem do\u0142\u0105czenia do tego sojuszu jest zami\u0142owanie do przyrody i przestrzeganie zasad Nature First dotycz\u0105cych zarz\u0105dzania \u015brodowiskiem i odpowiedzialnej fotografii przyrody. Chcieliby\u015bmy ci\u0119 mie\u0107 <a href=\"https:\/\/naturefirst.org\/pl\/join\/\">Do\u0142\u0105cz do nas!<\/a><\/p><p style=\"font-size: 18px; font-style: normal; font-weight: 300;\">Fotografuj dobrze, traktuj przyrod\u0119 \u017cyczliwie i ciesz si\u0119 nagrod\u0105!<\/p>\t\t\t\t\t\t\t\t<\/div>\n\t\t\t\t<\/div>\n\t\t\t\t\t<\/div>\n\t\t<\/div>\n\t\t\t\t<div class=\"elementor-column elementor-col-50 elementor-top-column elementor-element elementor-element-2486242\" data-id=\"2486242\" data-element_type=\"column\" data-e-type=\"column\">\n\t\t\t<div class=\"elementor-widget-wrap elementor-element-populated\">\n\t\t\t\t\t\t<div class=\"elementor-element elementor-element-695b4b4 elementor-widget elementor-widget-image\" data-id=\"695b4b4\" data-element_type=\"widget\" data-e-type=\"widget\" data-widget_type=\"image.default\">\n\t\t\t\t<div class=\"elementor-widget-container\">\n\t\t\t\t\t\t\t\t\t\t\t\t\t\t\t<img fetchpriority=\"high\" decoding=\"async\" width=\"1024\" height=\"819\" src=\"https:\/\/naturefirst.org\/wp-content\/uploads\/NatureFirstFounders-1024x819.jpg\" class=\"attachment-large size-large wp-image-495\" alt=\"\" srcset=\"https:\/\/naturefirst.org\/wp-content\/uploads\/NatureFirstFounders-1024x819.jpg 1024w, https:\/\/naturefirst.org\/wp-content\/uploads\/NatureFirstFounders-500x400.jpg 500w, https:\/\/naturefirst.org\/wp-content\/uploads\/NatureFirstFounders-768x614.jpg 768w, https:\/\/naturefirst.org\/wp-content\/uploads\/NatureFirstFounders-1536x1229.jpg 1536w, https:\/\/naturefirst.org\/wp-content\/uploads\/NatureFirstFounders-15x12.jpg 15w, https:\/\/naturefirst.org\/wp-content\/uploads\/NatureFirstFounders.jpg 1600w\" sizes=\"(max-width: 1024px) 100vw, 1024px\" \/>\t\t\t\t\t\t\t\t\t\t\t\t\t\t\t<\/div>\n\t\t\t\t<\/div>\n\t\t\t\t<div class=\"elementor-element elementor-element-ee91252 elementor-widget elementor-widget-text-editor\" data-id=\"ee91252\" data-element_type=\"widget\" data-e-type=\"widget\" data-widget_type=\"text-editor.default\">\n\t\t\t\t<div class=\"elementor-widget-container\">\n\t\t\t\t\t\t\t\t\t<p>Za\u0142o\u017cyciele Nature First razem w 2019 roku<\/p><p><strong>Tylny rz\u0105d:<\/strong> Matt Payne, Erik Stensland, Ron Coscorrosa, David Kingham, Michael Anderson i Tony Litschewski<\/p><p><strong>Pierwszy rz\u0105d:<\/strong> Jacka Brauera, Scotta Bacona, Sarah Marino i Jennifer Renwick<\/p>\t\t\t\t\t\t\t\t<\/div>\n\t\t\t\t<\/div>\n\t\t\t\t\t<\/div>\n\t\t<\/div>\n\t\t\t\t\t<\/div>\n\t\t<\/section>\n\t\t\t\t<section class=\"elementor-section elementor-top-section elementor-element elementor-element-354fa98 elementor-section-boxed elementor-section-height-default elementor-section-height-default\" data-id=\"354fa98\" data-element_type=\"section\" data-e-type=\"section\">\n\t\t\t\t\t\t<div class=\"elementor-container elementor-column-gap-default\">\n\t\t\t\t\t<div class=\"elementor-column elementor-col-100 elementor-top-column elementor-element elementor-element-d48eb61\" data-id=\"d48eb61\" data-element_type=\"column\" data-e-type=\"column\">\n\t\t\t<div class=\"elementor-widget-wrap elementor-element-populated\">\n\t\t\t\t\t\t<div class=\"elementor-element elementor-element-2840baf elementor-widget elementor-widget-text-editor\" data-id=\"2840baf\" data-element_type=\"widget\" data-e-type=\"widget\" data-widget_type=\"text-editor.default\">\n\t\t\t\t<div class=\"elementor-widget-container\">\n\t\t\t\t\t\t\t\t\t<p class=\"\" style=\"text-align: center;\"><strong style=\"font-style: inherit;\">Nature First jest uznawana za publiczn\u0105 organizacj\u0119 charytatywn\u0105 zgodnie z sekcj\u0105 501(c)(3) Kodeksu US Internal Revenue Service Code.<\/strong><\/p>\t\t\t\t\t\t\t\t<\/div>\n\t\t\t\t<\/div>\n\t\t\t\t<div class=\"elementor-element elementor-element-dae4cd1 elementor-widget elementor-widget-text-editor\" data-id=\"dae4cd1\" data-element_type=\"widget\" data-e-type=\"widget\" data-widget_type=\"text-editor.default\">\n\t\t\t\t<div class=\"elementor-widget-container\">\n\t\t\t\t\t\t\t\t\t<h5>WI\u0118CEJ INFORMACJI<\/h5><ul><li><a href=\"https:\/\/naturefirst.org\/pl\/faq\/\">Cz\u0119sto zadawane pytania (FAQ)<\/a><\/li><li><a href=\"https:\/\/naturefirst.org\/pl\/staff\/\">Zarz\u0105d<\/a><\/li><li><a href=\"https:\/\/naturefirst.org\/pl\/corporate-documents\/\">Dokumenty korporacyjne<\/a><\/li><li><a href=\"https:\/\/naturefirst.org\/pl\/contact\/\">Skontaktuj si\u0119 z nami<\/a><\/li><\/ul>\t\t\t\t\t\t\t\t<\/div>\n\t\t\t\t<\/div>\n\t\t\t\t<div class=\"elementor-element elementor-element-40b0a3a elementor-widget-divider--view-line elementor-widget elementor-widget-divider\" data-id=\"40b0a3a\" data-element_type=\"widget\" data-e-type=\"widget\" data-widget_type=\"divider.default\">\n\t\t\t\t<div class=\"elementor-widget-container\">\n\t\t\t\t\t\t\t<div class=\"elementor-divider\">\n\t\t\t<span class=\"elementor-divider-separator\">\n\t\t\t\t\t\t<\/span>\n\t\t<\/div>\n\t\t\t\t\t\t<\/div>\n\t\t\t\t<\/div>\n\t\t\t\t\t<\/div>\n\t\t<\/div>\n\t\t\t\t\t<\/div>\n\t\t<\/section>\n\t\t\t\t<\/div>","protected":false},"excerpt":{"rendered":"<p>About Us The Alliance for Responsible Nature Photography Nature First promotes the protection and preservation of the world&#8217;s natural and wild places through inspiring, educating, and uniting everyone making photographs and videos in nature; empowering them to be ambassadors of the natural world. Nature First was launched in 2019 by a group of passionate nature [&hellip;]<\/p>\n","protected":false},"author":2,"featured_media":0,"parent":0,"menu_order":0,"comment_status":"closed","ping_status":"closed","template":"","meta":{"_mo_disable_npp":"","site-sidebar-layout":"no-sidebar","site-content-layout":"page-builder","ast-site-content-layout":"default","site-content-style":"default","site-sidebar-style":"default","ast-global-header-display":"","ast-banner-title-visibility":"","ast-main-header-display":"","ast-hfb-above-header-display":"","ast-hfb-below-header-display":"","ast-hfb-mobile-header-display":"","site-post-title":"disabled","ast-breadcrumbs-content":"","ast-featured-img":"disabled","footer-sml-layout":"","ast-disable-related-posts":"","theme-transparent-header-meta":"","adv-header-id-meta":"","stick-header-meta":"","header-above-stick-meta":"","header-main-stick-meta":"","header-below-stick-meta":"","astra-migrate-meta-layouts":"default","ast-page-background-enabled":"default","ast-page-background-meta":{"desktop":{"background-color":"","background-image":"","background-repeat":"repeat","background-position":"center center","background-size":"auto","background-attachment":"scroll","background-type":"","background-media":"","overlay-type":"","overlay-color":"","overlay-opacity":"","overlay-gradient":""},"tablet":{"background-color":"","background-image":"","background-repeat":"repeat","background-position":"center center","background-size":"auto","background-attachment":"scroll","background-type":"","background-media":"","overlay-type":"","overlay-color":"","overlay-opacity":"","overlay-gradient":""},"mobile":{"background-color":"","background-image":"","background-repeat":"repeat","background-position":"center center","background-size":"auto","background-attachment":"scroll","background-type":"","background-media":"","overlay-type":"","overlay-color":"","overlay-opacity":"","overlay-gradient":""}},"ast-content-background-meta":{"desktop":{"background-color":"var(--ast-global-color-5)","background-image":"","background-repeat":"repeat","background-position":"center center","background-size":"auto","background-attachment":"scroll","background-type":"","background-media":"","overlay-type":"","overlay-color":"","overlay-opacity":"","overlay-gradient":""},"tablet":{"background-color":"var(--ast-global-color-5)","background-image":"","background-repeat":"repeat","background-position":"center center","background-size":"auto","background-attachment":"scroll","background-type":"","background-media":"","overlay-type":"","overlay-color":"","overlay-opacity":"","overlay-gradient":""},"mobile":{"background-color":"var(--ast-global-color-5)","background-image":"","background-repeat":"repeat","background-position":"center center","background-size":"auto","background-attachment":"scroll","background-type":"","background-media":"","overlay-type":"","overlay-color":"","overlay-opacity":"","overlay-gradient":""}},"footnotes":""},"class_list":["post-492","page","type-page","status-publish","hentry"],"aioseo_notices":[],"_links":{"self":[{"href":"https:\/\/naturefirst.org\/pl\/wp-json\/wp\/v2\/pages\/492","targetHints":{"allow":["GET"]}}],"collection":[{"href":"https:\/\/naturefirst.org\/pl\/wp-json\/wp\/v2\/pages"}],"about":[{"href":"https:\/\/naturefirst.org\/pl\/wp-json\/wp\/v2\/types\/page"}],"author":[{"embeddable":true,"href":"https:\/\/naturefirst.org\/pl\/wp-json\/wp\/v2\/users\/2"}],"replies":[{"embeddable":true,"href":"https:\/\/naturefirst.org\/pl\/wp-json\/wp\/v2\/comments?post=492"}],"version-history":[{"count":28,"href":"https:\/\/naturefirst.org\/pl\/wp-json\/wp\/v2\/pages\/492\/revisions"}],"predecessor-version":[{"id":5249,"href":"https:\/\/naturefirst.org\/pl\/wp-json\/wp\/v2\/pages\/492\/revisions\/5249"}],"wp:attachment":[{"href":"https:\/\/naturefirst.org\/pl\/wp-json\/wp\/v2\/media?parent=492"}],"curies":[{"name":"wp","href":"https:\/\/api.w.org\/{rel}","templated":true}]}}