{"id":516,"date":"2022-08-20T22:34:30","date_gmt":"2022-08-20T22:34:30","guid":{"rendered":"https:\/\/naturefirst.org\/?page_id=516"},"modified":"2023-01-24T16:00:42","modified_gmt":"2023-01-24T23:00:42","slug":"faq","status":"publish","type":"page","link":"https:\/\/naturefirst.org\/pl\/faq\/","title":{"rendered":"Cz\u0119sto zadawane pytania"},"content":{"rendered":"<div data-elementor-type=\"wp-page\" data-elementor-id=\"516\" class=\"elementor elementor-516\" data-elementor-post-type=\"page\">\n\t\t\t\t\t\t<section class=\"elementor-section elementor-top-section elementor-element elementor-element-5bc2668d elementor-section-height-min-height elementor-section-boxed elementor-section-height-default elementor-section-items-middle\" data-id=\"5bc2668d\" data-element_type=\"section\" data-e-type=\"section\" data-settings=\"{&quot;background_background&quot;:&quot;classic&quot;}\">\n\t\t\t\t\t\t\t<div class=\"elementor-background-overlay\"><\/div>\n\t\t\t\t\t\t\t<div class=\"elementor-container elementor-column-gap-no\">\n\t\t\t\t\t<div class=\"elementor-column elementor-col-100 elementor-top-column elementor-element elementor-element-3abce992\" data-id=\"3abce992\" data-element_type=\"column\" data-e-type=\"column\">\n\t\t\t<div class=\"elementor-widget-wrap elementor-element-populated\">\n\t\t\t\t\t\t<div class=\"elementor-element elementor-element-bdcb5a1 elementor-widget elementor-widget-image-box\" data-id=\"bdcb5a1\" data-element_type=\"widget\" data-e-type=\"widget\" data-widget_type=\"image-box.default\">\n\t\t\t\t<div class=\"elementor-widget-container\">\n\t\t\t\t\t<div class=\"elementor-image-box-wrapper\"><div class=\"elementor-image-box-content\"><h1 class=\"elementor-image-box-title\">Cz\u0119sto Zadawane Pytania<\/h1><\/div><\/div>\t\t\t\t<\/div>\n\t\t\t\t<\/div>\n\t\t\t\t\t<\/div>\n\t\t<\/div>\n\t\t\t\t\t<\/div>\n\t\t<\/section>\n\t\t\t\t<section class=\"elementor-section elementor-top-section elementor-element elementor-element-260ff3fe elementor-section-boxed elementor-section-height-default elementor-section-height-default\" data-id=\"260ff3fe\" data-element_type=\"section\" data-e-type=\"section\">\n\t\t\t\t\t\t<div class=\"elementor-container elementor-column-gap-default\">\n\t\t\t\t\t<div class=\"elementor-column elementor-col-100 elementor-top-column elementor-element elementor-element-77396626\" data-id=\"77396626\" data-element_type=\"column\" data-e-type=\"column\">\n\t\t\t<div class=\"elementor-widget-wrap elementor-element-populated\">\n\t\t\t\t\t\t<div class=\"elementor-element elementor-element-22c497f5 elementor-widget elementor-widget-heading\" data-id=\"22c497f5\" data-element_type=\"widget\" data-e-type=\"widget\" data-widget_type=\"heading.default\">\n\t\t\t\t<div class=\"elementor-widget-container\">\n\t\t\t\t\t<h2 class=\"elementor-heading-title elementor-size-default\">Masz pytania... S\u0142u\u017cymy pomoc\u0105.<\/h2>\t\t\t\t<\/div>\n\t\t\t\t<\/div>\n\t\t\t\t<div class=\"elementor-element elementor-element-0b7f17b elementor-widget elementor-widget-text-editor\" data-id=\"0b7f17b\" data-element_type=\"widget\" data-e-type=\"widget\" data-widget_type=\"text-editor.default\">\n\t\t\t\t<div class=\"elementor-widget-container\">\n\t\t\t\t\t\t\t\t\t<p><a title=\"Zasady\" href=\"https:\/\/naturefirst.org\/pl\/principles\/\">Dowiedz si\u0119 wi\u0119cej o zasadach Nature First<\/a><\/p>\t\t\t\t\t\t\t\t<\/div>\n\t\t\t\t<\/div>\n\t\t\t\t<div class=\"elementor-element elementor-element-1cb511b elementor-widget-divider--view-line elementor-widget elementor-widget-divider\" data-id=\"1cb511b\" data-element_type=\"widget\" data-e-type=\"widget\" data-widget_type=\"divider.default\">\n\t\t\t\t<div class=\"elementor-widget-container\">\n\t\t\t\t\t\t\t<div class=\"elementor-divider\">\n\t\t\t<span class=\"elementor-divider-separator\">\n\t\t\t\t\t\t<\/span>\n\t\t<\/div>\n\t\t\t\t\t\t<\/div>\n\t\t\t\t<\/div>\n\t\t\t\t<div class=\"elementor-element elementor-element-a227aa6 elementor-widget elementor-widget-text-editor\" data-id=\"a227aa6\" data-element_type=\"widget\" data-e-type=\"widget\" data-widget_type=\"text-editor.default\">\n\t\t\t\t<div class=\"elementor-widget-container\">\n\t\t\t\t\t\t\t\t\t<h2>Cz\u0119sto Zadawane Pytania<\/h2><ol><li><h4>Jaki jest haczyk?<\/h4><ul data-rte-list=\"default\"><li><p>\u017baden haczyk. Okres. Nie ma op\u0142at, spamu, reklam, spotka\u0144 ani wymaga\u0144 dotycz\u0105cych \u201esprzedawania\u201d lub promowania si\u0119 w\u015br\u00f3d innych. Jest to okazja, aby z\u0142o\u017cy\u0107 deklaracj\u0119 zaanga\u017cowania w opiek\u0119 nad naszymi dzikimi miejscami poprzez praktykowanie zasad Nature First i wiedzie\u0107, \u017ce jeste\u015b cz\u0119\u015bci\u0105 ruchu.<\/p><\/li><\/ul><\/li><li><h4>Kto mo\u017ce by\u0107 cz\u0142onkiem?<\/h4><ul data-rte-list=\"default\"><li><p>Ten sojusz jest przeznaczony dla ka\u017cdego, kto zajmuje si\u0119 fotografi\u0105 w \u015bwiecie przyrody, niezale\u017cnie od tego, czy s\u0105 to profesjonalni fotografowie przyrody, fotografowie dzikiej przyrody, liderzy warsztat\u00f3w, fotografowie na Instagramie, fotografowie portretowi lub fotografowie \u015blubni, kt\u00f3rzy robi\u0105 zdj\u0119cia w plenerze, lub ka\u017cda osoba, kt\u00f3ra fotografuje w \u015bwiecie przyrody jako hobby. Je\u015bli fotografujesz w \u015bwiecie przyrody, kwalifikujesz si\u0119.<\/p><\/li><li><p>Firmy, firmy, organizacje lub inne podmioty, kt\u00f3re chc\u0105 zobowi\u0105za\u0107 si\u0119 do bardziej \u015bwiadomego podej\u015bcia do zdj\u0119\u0107, kt\u00f3rych u\u017cywasz, r\u00f3wnie\u017c mog\u0105 do\u0142\u0105czy\u0107 do nas jako cz\u0142onkowie. Chcieliby\u015bmy, aby wiele organizacji przy\u0142\u0105czy\u0142o si\u0119 do tej inicjatywy i pomog\u0142o nam chroni\u0107 nasz \u015bwiat przyrody poprzez odpowiedzialne fotografowanie przyrody.<\/p><\/li><\/ul><\/li><li><h4>Co jest wymagane, aby do\u0142\u0105czy\u0107?<\/h4><ul data-rte-list=\"default\"><li><p>Nic wi\u0119cej ni\u017c twoje zaanga\u017cowanie w <a title=\"Zasady\" href=\"https:\/\/naturefirst.org\/pl\/principles\/\">Zasady Nature First<\/a>. Jeste\u015bmy inkluzywni. Rozumiemy, \u017ce nie ka\u017cdy chce by\u0107 otwartym or\u0119downikiem, publikowa\u0107 w mediach spo\u0142eczno\u015bciowych i przemawia\u0107 na imprezach publicznych. Nature First w pe\u0142ni docenia naszych cichych koleg\u00f3w, kt\u00f3rzy <em>wykaza\u0107 <\/em>ich przywi\u0105zanie do zasad poprzez proste, codzienne dzia\u0142ania. Je\u015bli to ty, jeste\u015b w \u015brodku! Oczywi\u015bcie, je\u015bli jeste\u015b typem, kt\u00f3ry chce podzieli\u0107 si\u0119 nim ze znajomymi i obserwuj\u0105cymi, aby rozpowszechnia\u0107 informacje. My te\u017c to kochamy! <strong>#natura na pierwszym miejscu<\/strong><\/p><\/li><\/ul><\/li><li><h4>Jaka jest r\u00f3\u017cnica mi\u0119dzy Nature First a nie zostawiaj \u015bladu?<\/h4><ul data-rte-list=\"default\"><li><p><a href=\"https:\/\/lnt.org\/\" target=\"_blank\" rel=\"noopener\">Nie zostawiaj \u015blad\u00f3w<\/a> to fantastyczna organizacja, kt\u00f3ra od dziesi\u0119cioleci opowiada si\u0119 za znaczeniem rekreacji na \u0142onie natury o niewielkim wp\u0142ywie. <strong>Mamy podobny cel\u2026 ale dla fotograf\u00f3w przyrody na ka\u017cdym poziomie. <\/strong>Wraz z rozwojem internetu i medi\u00f3w spo\u0142eczno\u015bciowych coraz wi\u0119cej os\u00f3b odwiedza przyrod\u0119 i robi zdj\u0119cia. Przy odrobinie wiedzy i troski wszyscy mo\u017cemy znacznie zminimalizowa\u0107 nasz wp\u0142yw. Wi\u0119cej na ten temat mo\u017cna przeczyta\u0107 na stronie <a title=\"Dlaczego Nature First?\" href=\"https:\/\/staging.naturefirst.org\/?page_id=445\">Dlaczego Nature First?<\/a><\/p><\/li><\/ul><\/li><li><h4>Czy Nature First jest organizacj\u0105 ameryka\u0144sk\u0105?<\/h4><ul data-rte-list=\"default\"><li><p>Chocia\u017c ten ruch zaczyna si\u0119 w Stanach Zjednoczonych, a Nature First jest formalnie zarejestrowany w ameryka\u0144skim stanie Kolorado, nie chcemy koncentrowa\u0107 si\u0119 tylko na USA. Problemy, kt\u00f3rymi si\u0119 zajmujemy, s\u0105 powszechne w wi\u0119kszo\u015bci kraj\u00f3w i ekosystem\u00f3w na ca\u0142ym \u015bwiecie. Fotografowie i firmy z ca\u0142ego \u015bwiata przy\u0142\u0105czaj\u0105 si\u0119 do ruchu.<\/p><\/li><\/ul><\/li><li><h4>Jak mog\u0119 pom\u00f3c? Nie mam 50 000 obserwuj\u0105cych.<span style=\"color: var(--ast-global-color-2);\">\u00a0<\/span><\/h4><ul data-rte-list=\"default\"><li><p><strong>Wi\u0119kszo\u015b\u0107 z nas nie!<\/strong> Ale ka\u017cda odrobina pomaga. Ka\u017cda osoba mieszkaj\u0105ca przy ul <a title=\"Zasady\" href=\"https:\/\/naturefirst.org\/pl\/principles\/\">Zasady Nature First<\/a> stanowi przyk\u0142ad dla otaczaj\u0105cych ich ludzi i tych, kt\u00f3rzy przyjd\u0105 po nich. A je\u015bli podzielisz si\u0119 swoj\u0105 pasj\u0105 do ruchu Nature First na swoich kontach w mediach spo\u0142eczno\u015bciowych, nawet je\u015bli jest to tylko z rodzin\u0105 i przyjaci\u00f3\u0142mi, b\u0119d\u0105 wiedzie\u0107, \u017ce ci zale\u017cy. I mo\u017ce, miejmy nadziej\u0119, naucz\u0105 si\u0119 od Ciebie, co to znaczy by\u0107 odpowiedzialnym podczas zwiedzania i cieszenia si\u0119 natur\u0105. Ka\u017cdy z nas, docieraj\u0105c do kilku os\u00f3b i wp\u0142ywaj\u0105c na ich zachowanie, mo\u017ce co\u015b zmieni\u0107, poniewa\u017c powiedz\u0105 o tym dw\u00f3m znajomym i tak dalej. <strong>#natura na pierwszym miejscu<\/strong><\/p><\/li><\/ul><\/li><li><h4>Jaka jest szkoda w udost\u0119pnianiu lokalizacji?<\/h4><ul data-rte-list=\"default\"><li><p>Udost\u0119pnianie informacji o lokalizacji mo\u017ce mie\u0107 powa\u017cne konsekwencje dla tej lokalizacji. Gdy tylko miejsce zostanie okre\u015blone jako fotogeniczne, staje si\u0119 magnesem dla fotograf\u00f3w i og\u00f3\u0142u spo\u0142ecze\u0144stwa. Jest to szczeg\u00f3lnie prawdziwe, je\u015bli wyj\u0105tkowe, sezonowe lub klimatyczne warunki zwi\u0119kszaj\u0105 losowanie. Wi\u0119c je\u015bli udost\u0119pniasz lokalizacje, powiniene\u015b by\u0107 \u015bwiadomy, \u017ce najprawdopodobniej przyczynisz si\u0119 do zwi\u0119kszonego wp\u0142ywu na ten naturalny obszar.<\/p><\/li><li><p>Rozumiemy, \u017ce lokalizacje nie mog\u0105 by\u0107 utrzymywane w \u201etajemnicy\u201d. Ka\u017cdy, kto ma internet i determinacj\u0119, zwykle mo\u017ce znale\u017a\u0107 lokalizacj\u0119. Istnieje jednak ogromna r\u00f3\u017cnica w liczbie os\u00f3b, kt\u00f3re s\u0105 ch\u0119tne do sp\u0119dzenia czasu na badaniu (i miejmy nadziej\u0119, poznawaniu lokalizacji), a tych, kt\u00f3rzy po prostu jad\u0105 do dok\u0142adnej lokalizacji podanej w po\u015bcie wraz z obrazem.<\/p><\/li><li><p>Oczekujemy, \u017ce ka\u017cda osoba wykorzysta swoj\u0105 najlepsz\u0105 ocen\u0119 wra\u017cliwo\u015bci poszczeg\u00f3lnych lokalizacji i tego, ile szczeg\u00f3\u0142\u00f3w na temat lokalizacji powinna udost\u0119pni\u0107.<\/p><\/li><\/ul><\/li><li><h4>Co mog\u0119 zrobi\u0107, gdy zobacz\u0119 z\u0142e zachowanie z pierwszej r\u0119ki lub us\u0142ysz\u0119 o nim w Internecie?<\/h4><ul data-rte-list=\"default\"><li><p>Je\u015bli zachowanie wyra\u017anie narusza prawo lub zasady i przepisy, zach\u0119camy do udokumentowania incydentu (masz ze sob\u0105 aparat, prawda?) i zg\u0142oszenia go odpowiednim s\u0142u\u017cbom. Niech profesjonali\u015bci zajm\u0105 si\u0119 egzekucj\u0105. Poza tym twoja odpowied\u017a zale\u017cy w du\u017cej mierze od ciebie. Ale mamy kilka zalece\u0144\u2026<\/p><\/li><li><p>Upewnij si\u0119, \u017ce masz fakty, a nie tylko pog\u0142oski lub k\u0142\u00f3tnie internetowe. Fa\u0142szywe lub upi\u0119kszone oskar\u017cenia mog\u0105 wyrz\u0105dzi\u0107 wi\u0119cej szkody ni\u017c po\u017cytku.<\/p><\/li><li><p>Je\u015bli czujesz si\u0119 bezpiecznie, skonfrontuj\u0105c si\u0119 z osob\u0105 (osobami) w tej chwili lub p\u00f3\u017aniej za po\u015brednictwem poczty elektronicznej lub wiadomo\u015bci, skontaktuj si\u0119 z nimi prywatnie, osobi\u015bcie. Zalecamy pomocne, edukacyjne podej\u015bcie wykorzystuj\u0105ce <a title=\"Zasady\" href=\"https:\/\/naturefirst.org\/pl\/principles\/\">Zasady Nature First<\/a>, zamiast brzmie\u0107 autorytarnie lub egzekwowa\u0107. Innymi s\u0142owy, daj ludziom prawo do w\u0105tpliwo\u015bci i za\u0142\u00f3\u017c, \u017ce po prostu nie s\u0105 \u015bwiadomi wp\u0142ywu swojego nieodpowiedzialnego zachowania. Ludzie znacznie cz\u0119\u015bciej reaguj\u0105 pozytywnie na prywatn\u0105 krytyk\u0119 (nawet je\u015bli nigdy nie widzisz lub nie dostrzegasz zmiany w ich zachowaniu). Publiczne wyzywanie danej osoby w mediach spo\u0142eczno\u015bciowych prawdopodobnie zako\u0144czy si\u0119 odmow\u0105, odrzuceniem, odrzuceniem i\/lub odwetem. Wszyscy to widzieli\u015bmy. I na og\u00f3\u0142 nie prowadzi to do pozytywnego wyniku.<\/p><\/li><li><p>Wykorzystaj spo\u0142eczno\u015b\u0107 fotografii przyrodniczej! Mo\u017cesz co\u015b zmieni\u0107, omawiaj\u0105c z\u0142e zachowanie za pomoc\u0105 konstruktywnego dialogu i rozmowy.<\/p><\/li><\/ul><\/li><li><h4>Co zrobi Nature First, gdy dowie si\u0119 o nieodpowiedzialnym zachowaniu?\u00a0<\/h4><\/li><\/ol><ul><li style=\"list-style-type: none;\"><ul><li>Reagowanie na zg\u0142oszone z\u0142e zachowanie osoby lub cz\u0142onka Nature First jest\u00a0<strong>nie<\/strong>\u00a0tak proste\u2026 G\u0142\u00f3wnym celem Nature First jest bycie or\u0119downikiem\u00a0<a title=\"Zasady\" href=\"https:\/\/naturefirst.org\/pl\/principles\/\">Zasady Nature First<\/a>, edukowa\u0107 i promowa\u0107 odpowiedzialn\u0105 fotografi\u0119 przyrody. My robimy\u00a0<strong>nie<\/strong>\u00a0maj\u0105 formalne umowy z ka\u017cdym indywidualnym cz\u0142onkiem \u2013 raczej osoby zobowi\u0105zuj\u0105 si\u0119 do zaanga\u017cowania\u00a0<a title=\"Zasady\" href=\"https:\/\/naturefirst.org\/pl\/principles\/\">Zasady Nature First<\/a> kiedy si\u0119 zapisz\u0105. Mamy nadziej\u0119, \u017ce wszyscy do\u0142o\u017c\u0105 wszelkich stara\u0144, aby dotrzyma\u0107 tego zobowi\u0105zania. Ale ka\u017cda osoba jest inna. S\u0105 na r\u00f3\u017cnych etapach swojej podr\u00f3\u017cy, ucz\u0105c si\u0119, jak by\u0107 odpowiedzialnym fotografem przyrody. Ka\u017cda osoba mo\u017ce interpretowa\u0107 r\u00f3\u017cne sytuacje na r\u00f3\u017cne sposoby. A nawet najlepsi z nas mog\u0105 by\u0107 nieostro\u017cni w chwili podniecenia lub po prostu nie wiedzie\u0107 o wra\u017cliwo\u015bci tego obszaru. The\u00a0<a title=\"Zasady\" href=\"https:\/\/naturefirst.org\/pl\/principles\/\">Zasady Nature First<\/a> powinny s\u0142u\u017cy\u0107 jako nasze przypomnienia.<\/li><\/ul><\/li><\/ul><ul><li style=\"list-style-type: none;\"><ul><li>Nature First wierzy, \u017ce te przypadki z\u0142ego zachowania s\u0105 okazj\u0105 do edukowania i pomagania jednostkom dowiedzie\u0107 si\u0119 wi\u0119cej o odpowiedzialnym fotografowaniu przyrody, a nie do wyzywania ich lub zawstydzania. Ostracyzacja poszczeg\u00f3lnych os\u00f3b i usuwanie ich z listy cz\u0142onk\u00f3w Nature First s\u0142u\u017cy\u0142oby jedynie wykluczeniu ich \u2013 by\u0107 mo\u017ce na zawsze. Woleliby\u015bmy, aby uczyli si\u0119 na swoich b\u0142\u0119dach i dzia\u0142ali z t\u0105 wiedz\u0105 nast\u0119pnym razem, gdy b\u0119d\u0105 w terenie.<\/li><\/ul><\/li><\/ul><ul><li style=\"list-style-type: none;\"><ul><li>Nature First nie b\u0119dzie i nie mo\u017ce nadzorowa\u0107 nieodpowiedzialnych dzia\u0142a\u0144 jednostek. To nie jest nasz cel. The <a title=\"Zasady\" href=\"https:\/\/naturefirst.org\/pl\/principles\/\">Zasady Nature First<\/a>\u00a0s\u0105 oczywistymi wytycznymi, kt\u00f3re maj\u0105 zastosowanie we wszystkich sytuacjach i pozwalaj\u0105 ka\u017cdej osobie zinterpretowa\u0107 odpowiedzialne zachowanie w danym momencie. S\u0105 celowe <strong>nie<\/strong> zapisane jako szczeg\u00f3\u0142owe zasady. Ale nie mo\u017cemy dzia\u0142a\u0107 jako egzekutorzy. Po prostu nie mamy zasob\u00f3w, aby bada\u0107 i potwierdza\u0107 doniesienia o naruszeniach. I nie wierzymy, \u017ce mamy kwalifikacje do wydawania os\u0105d\u00f3w \u2013 jak mogliby\u015bmy zapewni\u0107 uczciwo\u015b\u0107 i brak uprzedze\u0144 w ka\u017cdej sytuacji?<\/li><\/ul><\/li><\/ul><ul><li style=\"list-style-type: none;\"><ul><li>Pracujmy razem, aby pom\u00f3c w rozpowszechnianiu informacji i w\u0142\u0105czeniu wi\u0119kszej liczby os\u00f3b do ruchu Nature First, zamiast os\u0105dzania, ostracyzmu i wykluczania.\u00a0<\/li><\/ul><\/li><\/ul><ol><li><h4>W jaki spos\u00f3b Nature First odnosi si\u0119 do zmian klimatu?<\/h4><ul data-rte-list=\"default\"><li><p>Zasady Nature First same w sobie s\u0105 wytycznymi i nie zawieraj\u0105 konkretnych przyk\u0142ad\u00f3w wp\u0142ywu, jaki wywieramy na przyrod\u0119. Dlatego nie wspominaj\u0105 wprost o zmianach klimatu (ani nadepni\u0119ciu na kwiaty). Ale mo\u017cna \u0142atwo zastosowa\u0107 Zasady Nature First na przyk\u0142adzie zmian klimatycznych. Pierwsza zasada brzmi: <em>\u201ePrzedstaw dobro natury nad fotografi\u0119\u201d.<\/em> Z pewno\u015bci\u0105 nale\u017cy pomy\u015ble\u0107 o wp\u0142ywie \u015bladu w\u0119glowego, jaki wywieraj\u0105 na fotografowanie. Z jednej strony mo\u017cesz argumentowa\u0107, \u017ce prawie wszystko, co robisz ze swoimi zdj\u0119ciami, ma wp\u0142yw na zmiany klimatyczne. Ale dotyczy to niemal ka\u017cdej czynno\u015bci \u017cycia codziennego. Jak wi\u0119c jako fotografowie przyrody mo\u017cemy ZMINIMALIZOWA\u0106 ten wp\u0142yw? Czy wykorzystywanie naszych fotografii do pomocy w edukacji i ochronie \u015bwiata przyrody pomaga zr\u00f3wnowa\u017cy\u0107 wp\u0142yw \u015bladu w\u0119glowego powstaj\u0105cego podczas podr\u00f3\u017cy do danego miejsca? Ka\u017cdy odpowiedzialny fotograf \/ kamerzysta przyrody ma mo\u017cliwo\u015b\u0107 nawi\u0105zania kontaktu z wieloma osobami (efekt mno\u017cnikowy), aby wywrze\u0107 szeroki, pozytywny wp\u0142yw jako ambasador przyrody.<\/p><\/li><li><p>Zastan\u00f3w si\u0119 nad swoimi wsp\u00f3lnymi czynno\u015bciami (jazda samochodem, latanie, og\u00f3lna konsumpcja i styl \u017cycia) i skorzystaj z narz\u0119dzi internetowych, takich jak <a href=\"https:\/\/www.epa.gov\/energy\/greenhouse-gas-equivalencies-calculator\">ekwiwalent\u00f3w gaz\u00f3w cieplarnianych<\/a> i <a href=\"https:\/\/www.gov.uk\/guidance\/carbon-calculator\">kalkulator w\u0119gla<\/a>, aby dowiedzie\u0107 si\u0119 wi\u0119cej o swoim osobistym \u015bladzie w\u0119glowym.<\/p><\/li><li><p>Okre\u015bl, w jaki spos\u00f3b mo\u017cesz zmniejszy\u0107 sw\u00f3j osobisty \u015blad w\u0119glowy.<\/p><\/li><\/ul><\/li><li><h4><strong>Jakie jest stanowisko Nature First w sprawie wykorzystania NFT w fotografii przyrodniczej?<\/strong><\/h4><\/li><\/ol><ul><li style=\"list-style-type: none;\"><ul data-rte-list=\"default\"><li><p>Przeczytaj ca\u0142y artyku\u0142, <a href=\"https:\/\/naturefirst.org\/pl\/news-items\/2021\/08\/13\/nature-first-and-nfts\/\">Nature First i NFT<\/a> opublikowane 13 sierpnia 2021 r<\/p><\/li><li><p>Czy tworzenie i sprzedawanie NFT w celu uzyskania dochodu jest etyczne dla fotograf\u00f3w przyrody? Wskaz\u00f3wki z Nature First s\u0105 w du\u017cym stopniu zwi\u0105zane z naszymi przemy\u015bleniami na temat fotografii przyrodniczej i zmian klimatu (patrz wy\u017cej FAQ). Wszyscy fotografowie przyrody powinni wzi\u0105\u0107 odpowiedzialno\u015b\u0107 za poznanie wp\u0142ywu swoich dzia\u0142a\u0144 na \u015brodowisko i dok\u0142adnie rozwa\u017cy\u0107, w jaki spos\u00f3b mog\u0105 ograniczy\u0107 i zredukowa\u0107 sw\u00f3j indywidualny wp\u0142yw. Edukuj si\u0119 wi\u0119c.<\/p><ul data-rte-list=\"default\"><li><p>We\u017a udzia\u0142 w dyskusjach na temat NFT i ich wp\u0142ywie na \u015brodowisko, takich jak ten podcast F-Stop Collaborate and Listen <em>(dost\u0119pny 25 sierpnia 2021 r.)<\/em> przez naszego wsp\u00f3\u0142za\u0142o\u017cyciela Matta Payne&#039;a.\u00a0<\/p><\/li><li><p>Sp\u00f3jrz na <a href=\"https:\/\/www.epa.gov\/energy\/greenhouse-gas-equivalencies-calculator\">ekwiwalent\u00f3w gaz\u00f3w cieplarnianych<\/a> lub <a href=\"https:\/\/www.gov.uk\/guidance\/carbon-calculator\">kalkulator w\u0119gla<\/a> dla niekt\u00f3rych typowych czynno\u015bci (jazda samochodem, latanie, og\u00f3lna konsumpcja i styl \u017cycia), aby dowiedzie\u0107 si\u0119 wi\u0119cej o swoim \u015bladzie w\u0119glowym.<\/p><\/li><li><p>Przed wej\u015bciem w przestrze\u0144 NFT rozwa\u017c zaczekanie, a\u017c Ethereum przejdzie na model proof-of-stake (co mo\u017ce nast\u0105pi\u0107 w 2022 r.), kt\u00f3ry zu\u017cywa znacznie mniej energii ni\u017c obecny model proof-of-work. Dowiedz si\u0119 wi\u0119cej o tym, co wyr\u00f3\u017cnia te modele <a href=\"https:\/\/www.bitdegree.org\/crypto\/tutorials\/proof-of-work-vs-proof-of-stake\">tutaj<\/a>.\u00a0<\/p><\/li><li><p>Rozwa\u017c wybicie swoich NFT przy u\u017cyciu \u0142a\u0144cucha blokowego innego ni\u017c Etherum, kt\u00f3ry ma szacowany \u015blad w\u0119glowy <a href=\"https:\/\/medium.com\/tqtezos\/proof-of-work-vs-proof-of-stake-the-ecological-footprint-c58029faee44\" target=\"_blank\" rel=\"noopener\">1,5 miliona razy mniejszy<\/a>.<\/p><\/li><li><p>Dla tych z was, kt\u00f3rzy tworz\u0105 i sprzedaj\u0105 NTF-y, sp\u00f3jrzcie na <a href=\"https:\/\/carbon.fyi\/\">carbon.fyi<\/a> aby obliczy\u0107 sw\u00f3j wp\u0142yw na emisj\u0119 dwutlenku w\u0119gla.\u00a0<\/p><\/li><li><p>Rozwa\u017c zr\u00f3wnowa\u017cenie wp\u0142ywu emisji dwutlenku w\u0119gla pochodz\u0105cego z NFT o <a href=\"https:\/\/cotap.org\/reduce-carbon-footprint\/\">zmniejszaj\u0105c sw\u00f3j \u015blad w\u0119glowy<\/a> w innych obszarach swojego \u017cycia.<\/p><\/li><li><p>Rozwa\u017c przekazanie cz\u0119\u015bci dochod\u00f3w ze sprzeda\u017cy NFT organizacjom non-profit zajmuj\u0105cym si\u0119 klimatem lub ochron\u0105 \u015brodowiska.<\/p><\/li><li><p>Zwr\u00f3\u0107 uwag\u0119 na wp\u0142yw swoich dzia\u0142a\u0144 na emisj\u0119 dwutlenku w\u0119gla i otwarcie przedyskutuj, w jaki spos\u00f3b znacznie zmniejszasz sw\u00f3j \u015blad w\u0119glowy w inny spos\u00f3b.<\/p><\/li><\/ul><p>To tylko niekt\u00f3re z dost\u0119pnych zasob\u00f3w, na kt\u00f3re zwr\u00f3cili nam uwag\u0119 nasi cz\u0142onkowie.\u00a0<\/p><p><strong>Twoim obowi\u0105zkiem jest kszta\u0142cenie si\u0119<\/strong> aby pom\u00f3c w podejmowaniu \u015bwiadomych decyzji dotycz\u0105cych dzia\u0142a\u0144, w kt\u00f3rych uczestniczysz, zwi\u0105zanego z nimi \u015bladu w\u0119glowego oraz krok\u00f3w, kt\u00f3re mo\u017cesz podj\u0105\u0107, aby zmniejszy\u0107 sw\u00f3j wp\u0142yw na \u015brodowisko. Wiedz i u\u015bwiadom sobie, \u017ce sytuacja innych os\u00f3b mo\u017ce by\u0107 inna i mog\u0105 oni podejmowa\u0107 inne decyzje. Szanuj te r\u00f3\u017cnice i anga\u017cuj tych fotograf\u00f3w w szczer\u0105, sensown\u0105 rozmow\u0119, aby dowiedzie\u0107 si\u0119 jeszcze wi\u0119cej. Ci\u0105g\u0142y dialog w spo\u0142eczno\u015bci fotograf\u00f3w przyrody mo\u017ce pom\u00f3c nam wszystkim podejmowa\u0107 bardziej \u015bwiadome decyzje, aby stawia\u0107 przyrod\u0119 na pierwszym miejscu.<\/p><\/li><\/ul><\/li><\/ul>\t\t\t\t\t\t\t\t<\/div>\n\t\t\t\t<\/div>\n\t\t\t\t<div class=\"elementor-element elementor-element-71bb9540 elementor-widget-divider--view-line elementor-widget elementor-widget-divider\" data-id=\"71bb9540\" data-element_type=\"widget\" data-e-type=\"widget\" data-widget_type=\"divider.default\">\n\t\t\t\t<div class=\"elementor-widget-container\">\n\t\t\t\t\t\t\t<div class=\"elementor-divider\">\n\t\t\t<span class=\"elementor-divider-separator\">\n\t\t\t\t\t\t<\/span>\n\t\t<\/div>\n\t\t\t\t\t\t<\/div>\n\t\t\t\t<\/div>\n\t\t\t\t\t<\/div>\n\t\t<\/div>\n\t\t\t\t\t<\/div>\n\t\t<\/section>\n\t\t\t\t<\/div>","protected":false},"excerpt":{"rendered":"<p>Frequently Asked Questions You&#8217;ve got questions&#8230; We&#8217;re here to help. Learn more about the Nature First Principles Frequently Asked Questions What&#8217;s the Catch? No catch. Period. There are no fees, no spam, no advertising, no meetings, and no requirements to \u201csell\u201d or promote to others. This is an opportunity to make a declaration of your [&hellip;]<\/p>\n","protected":false},"author":2,"featured_media":0,"parent":0,"menu_order":0,"comment_status":"closed","ping_status":"closed","template":"","meta":{"_mo_disable_npp":"","site-sidebar-layout":"no-sidebar","site-content-layout":"page-builder","ast-site-content-layout":"default","site-content-style":"default","site-sidebar-style":"default","ast-global-header-display":"","ast-banner-title-visibility":"","ast-main-header-display":"","ast-hfb-above-header-display":"","ast-hfb-below-header-display":"","ast-hfb-mobile-header-display":"","site-post-title":"disabled","ast-breadcrumbs-content":"","ast-featured-img":"disabled","footer-sml-layout":"","ast-disable-related-posts":"","theme-transparent-header-meta":"","adv-header-id-meta":"","stick-header-meta":"","header-above-stick-meta":"","header-main-stick-meta":"","header-below-stick-meta":"","astra-migrate-meta-layouts":"default","ast-page-background-enabled":"default","ast-page-background-meta":{"desktop":{"background-color":"","background-image":"","background-repeat":"repeat","background-position":"center center","background-size":"auto","background-attachment":"scroll","background-type":"","background-media":"","overlay-type":"","overlay-color":"","overlay-opacity":"","overlay-gradient":""},"tablet":{"background-color":"","background-image":"","background-repeat":"repeat","background-position":"center center","background-size":"auto","background-attachment":"scroll","background-type":"","background-media":"","overlay-type":"","overlay-color":"","overlay-opacity":"","overlay-gradient":""},"mobile":{"background-color":"","background-image":"","background-repeat":"repeat","background-position":"center center","background-size":"auto","background-attachment":"scroll","background-type":"","background-media":"","overlay-type":"","overlay-color":"","overlay-opacity":"","overlay-gradient":""}},"ast-content-background-meta":{"desktop":{"background-color":"var(--ast-global-color-5)","background-image":"","background-repeat":"repeat","background-position":"center center","background-size":"auto","background-attachment":"scroll","background-type":"","background-media":"","overlay-type":"","overlay-color":"","overlay-opacity":"","overlay-gradient":""},"tablet":{"background-color":"var(--ast-global-color-5)","background-image":"","background-repeat":"repeat","background-position":"center center","background-size":"auto","background-attachment":"scroll","background-type":"","background-media":"","overlay-type":"","overlay-color":"","overlay-opacity":"","overlay-gradient":""},"mobile":{"background-color":"var(--ast-global-color-5)","background-image":"","background-repeat":"repeat","background-position":"center center","background-size":"auto","background-attachment":"scroll","background-type":"","background-media":"","overlay-type":"","overlay-color":"","overlay-opacity":"","overlay-gradient":""}},"footnotes":""},"class_list":["post-516","page","type-page","status-publish","hentry"],"aioseo_notices":[],"_links":{"self":[{"href":"https:\/\/naturefirst.org\/pl\/wp-json\/wp\/v2\/pages\/516","targetHints":{"allow":["GET"]}}],"collection":[{"href":"https:\/\/naturefirst.org\/pl\/wp-json\/wp\/v2\/pages"}],"about":[{"href":"https:\/\/naturefirst.org\/pl\/wp-json\/wp\/v2\/types\/page"}],"author":[{"embeddable":true,"href":"https:\/\/naturefirst.org\/pl\/wp-json\/wp\/v2\/users\/2"}],"replies":[{"embeddable":true,"href":"https:\/\/naturefirst.org\/pl\/wp-json\/wp\/v2\/comments?post=516"}],"version-history":[{"count":25,"href":"https:\/\/naturefirst.org\/pl\/wp-json\/wp\/v2\/pages\/516\/revisions"}],"predecessor-version":[{"id":3998,"href":"https:\/\/naturefirst.org\/pl\/wp-json\/wp\/v2\/pages\/516\/revisions\/3998"}],"wp:attachment":[{"href":"https:\/\/naturefirst.org\/pl\/wp-json\/wp\/v2\/media?parent=516"}],"curies":[{"name":"wp","href":"https:\/\/api.w.org\/{rel}","templated":true}]}}