{"id":523,"date":"2022-08-20T22:41:56","date_gmt":"2022-08-20T22:41:56","guid":{"rendered":"https:\/\/naturefirst.org\/?page_id=523"},"modified":"2023-01-21T07:49:32","modified_gmt":"2023-01-21T14:49:32","slug":"mission","status":"publish","type":"page","link":"https:\/\/naturefirst.org\/pl\/mission\/","title":{"rendered":"Misja"},"content":{"rendered":"<div data-elementor-type=\"wp-page\" data-elementor-id=\"523\" class=\"elementor elementor-523\" data-elementor-post-type=\"page\">\n\t\t\t\t\t\t<section class=\"elementor-section elementor-top-section elementor-element elementor-element-18957a58 elementor-section-height-min-height elementor-section-boxed elementor-section-height-default elementor-section-items-middle\" data-id=\"18957a58\" data-element_type=\"section\" data-e-type=\"section\" data-settings=\"{&quot;background_background&quot;:&quot;classic&quot;}\">\n\t\t\t\t\t\t\t<div class=\"elementor-background-overlay\"><\/div>\n\t\t\t\t\t\t\t<div class=\"elementor-container elementor-column-gap-no\">\n\t\t\t\t\t<div class=\"elementor-column elementor-col-100 elementor-top-column elementor-element elementor-element-3d8d5f40\" data-id=\"3d8d5f40\" data-element_type=\"column\" data-e-type=\"column\">\n\t\t\t<div class=\"elementor-widget-wrap elementor-element-populated\">\n\t\t\t\t\t\t<div class=\"elementor-element elementor-element-2970d981 elementor-widget elementor-widget-image-box\" data-id=\"2970d981\" data-element_type=\"widget\" data-e-type=\"widget\" data-widget_type=\"image-box.default\">\n\t\t\t\t<div class=\"elementor-widget-container\">\n\t\t\t\t\t<div class=\"elementor-image-box-wrapper\"><div class=\"elementor-image-box-content\"><h1 class=\"elementor-image-box-title\">Misja, wizja i warto\u015bci<\/h1><\/div><\/div>\t\t\t\t<\/div>\n\t\t\t\t<\/div>\n\t\t\t\t\t<\/div>\n\t\t<\/div>\n\t\t\t\t\t<\/div>\n\t\t<\/section>\n\t\t\t\t<section class=\"elementor-section elementor-top-section elementor-element elementor-element-3e5e81d2 elementor-section-boxed elementor-section-height-default elementor-section-height-default\" data-id=\"3e5e81d2\" data-element_type=\"section\" data-e-type=\"section\">\n\t\t\t\t\t\t<div class=\"elementor-container elementor-column-gap-default\">\n\t\t\t\t\t<div class=\"elementor-column elementor-col-100 elementor-top-column elementor-element elementor-element-3279c4f8\" data-id=\"3279c4f8\" data-element_type=\"column\" data-e-type=\"column\">\n\t\t\t<div class=\"elementor-widget-wrap elementor-element-populated\">\n\t\t\t\t\t\t<div class=\"elementor-element elementor-element-4f5ce51a elementor-widget elementor-widget-heading\" data-id=\"4f5ce51a\" data-element_type=\"widget\" data-e-type=\"widget\" data-widget_type=\"heading.default\">\n\t\t\t\t<div class=\"elementor-widget-container\">\n\t\t\t\t\t<h2 class=\"elementor-heading-title elementor-size-default\">Nasza misja...<br><br>Nature First promuje ochron\u0119 i zachowanie naturalnych i dzikich miejsc na \u015bwiecie poprzez inspirowanie, edukacj\u0119 i jednoczenie wszystkich, kt\u00f3rzy robi\u0105 zdj\u0119cia i nagrywaj\u0105 filmy na \u0142onie natury; upowa\u017cniaj\u0105c ich do bycia ambasadorami \u015bwiata przyrody.<\/h2>\t\t\t\t<\/div>\n\t\t\t\t<\/div>\n\t\t\t\t\t<\/div>\n\t\t<\/div>\n\t\t\t\t\t<\/div>\n\t\t<\/section>\n\t\t\t\t<section class=\"elementor-section elementor-top-section elementor-element elementor-element-449196b elementor-section-boxed elementor-section-height-default elementor-section-height-default\" data-id=\"449196b\" data-element_type=\"section\" data-e-type=\"section\">\n\t\t\t\t\t\t<div class=\"elementor-container elementor-column-gap-default\">\n\t\t\t\t\t<div class=\"elementor-column elementor-col-50 elementor-top-column elementor-element elementor-element-bee2b36\" data-id=\"bee2b36\" data-element_type=\"column\" data-e-type=\"column\">\n\t\t\t<div class=\"elementor-widget-wrap elementor-element-populated\">\n\t\t\t\t\t\t<div class=\"elementor-element elementor-element-86f7483 elementor-widget elementor-widget-heading\" data-id=\"86f7483\" data-element_type=\"widget\" data-e-type=\"widget\" data-widget_type=\"heading.default\">\n\t\t\t\t<div class=\"elementor-widget-container\">\n\t\t\t\t\t<h4 class=\"elementor-heading-title elementor-size-default\">NASZA WIZJA\u2026 <br>JEST DLA WSZYSTKICH TWORZ\u0104CYCH ZDJ\u0118CIA I FILMY W PRZYRODZIE, ABY PAMI\u0118TA\u0106 O ICH WP\u0141YWIE, <br>ZNAJOMO\u015a\u0106 MIEJSC, KT\u00d3RE FOTOGRAFUJ\u0104, <br>I AMBASADORZY \u015aWIATA NATURY.<\/h4>\t\t\t\t<\/div>\n\t\t\t\t<\/div>\n\t\t\t\t\t<\/div>\n\t\t<\/div>\n\t\t\t\t<div class=\"elementor-column elementor-col-50 elementor-top-column elementor-element elementor-element-77315f1\" data-id=\"77315f1\" data-element_type=\"column\" data-e-type=\"column\">\n\t\t\t<div class=\"elementor-widget-wrap elementor-element-populated\">\n\t\t\t\t\t\t<div class=\"elementor-element elementor-element-b19d260 elementor-widget elementor-widget-image\" data-id=\"b19d260\" data-element_type=\"widget\" data-e-type=\"widget\" data-widget_type=\"image.default\">\n\t\t\t\t<div class=\"elementor-widget-container\">\n\t\t\t\t\t\t\t\t\t\t\t\t\t\t\t<img fetchpriority=\"high\" decoding=\"async\" width=\"300\" height=\"206\" src=\"https:\/\/naturefirst.org\/wp-content\/uploads\/Bighorn.jpg\" class=\"attachment-large size-large wp-image-526\" alt=\"\" srcset=\"https:\/\/naturefirst.org\/wp-content\/uploads\/Bighorn.jpg.webp 300w, https:\/\/naturefirst.org\/wp-content\/uploads\/Bighorn-18x12.jpg.webp 18w\" sizes=\"(max-width: 300px) 100vw, 300px\" \/>\t\t\t\t\t\t\t\t\t\t\t\t\t\t\t<\/div>\n\t\t\t\t<\/div>\n\t\t\t\t\t<\/div>\n\t\t<\/div>\n\t\t\t\t\t<\/div>\n\t\t<\/section>\n\t\t\t\t<section class=\"elementor-section elementor-top-section elementor-element elementor-element-ee985ec elementor-section-boxed elementor-section-height-default elementor-section-height-default\" data-id=\"ee985ec\" data-element_type=\"section\" data-e-type=\"section\">\n\t\t\t\t\t\t<div class=\"elementor-container elementor-column-gap-default\">\n\t\t\t\t\t<div class=\"elementor-column elementor-col-100 elementor-top-column elementor-element elementor-element-07a4ac2\" data-id=\"07a4ac2\" data-element_type=\"column\" data-e-type=\"column\">\n\t\t\t<div class=\"elementor-widget-wrap elementor-element-populated\">\n\t\t\t\t\t\t<div class=\"elementor-element elementor-element-2d6f547 elementor-widget-divider--view-line elementor-widget elementor-widget-divider\" data-id=\"2d6f547\" data-element_type=\"widget\" data-e-type=\"widget\" data-widget_type=\"divider.default\">\n\t\t\t\t<div class=\"elementor-widget-container\">\n\t\t\t\t\t\t\t<div class=\"elementor-divider\">\n\t\t\t<span class=\"elementor-divider-separator\">\n\t\t\t\t\t\t<\/span>\n\t\t<\/div>\n\t\t\t\t\t\t<\/div>\n\t\t\t\t<\/div>\n\t\t\t\t<div class=\"elementor-element elementor-element-0a27024 elementor-widget elementor-widget-text-editor\" data-id=\"0a27024\" data-element_type=\"widget\" data-e-type=\"widget\" data-widget_type=\"text-editor.default\">\n\t\t\t\t<div class=\"elementor-widget-container\">\n\t\t\t\t\t\t\t\t\t<h2>Warto\u015bci Nature First<\/h2><p class=\"\"><em>Nasze warto\u015bci okre\u015blaj\u0105, kim jeste\u015bmy jako organizacja, kieruj\u0105 naszymi interakcjami zar\u00f3wno wewn\u0119trznymi, jak i zewn\u0119trznymi. S\u0105 kluczem do naszego sukcesu i rdzeniem ruchu Nature First maj\u0105cego na celu zachowanie i ochron\u0119 \u015bwiata przyrody.<\/em><\/p><h4><strong>PRACOWNICY I WOLONTARIUSZE<\/strong><\/h4><p class=\"\">Rekrutujemy pracownik\u00f3w i wolontariuszy, kt\u00f3rzy podzielaj\u0105 warto\u015bci Nature First. S\u0105 uwa\u017cani za warto\u015bciowych partner\u00f3w w organizacji, traktowani na r\u00f3wni z godno\u015bci\u0105 i zaufaniem. \u015awi\u0119tujemy i pracujemy z wyj\u0105tkow\u0105 indywidualno\u015bci\u0105 i mocnymi stronami ka\u017cdej osoby. Aktywnie piel\u0119gnujemy r\u00f3\u017cnorodno\u015b\u0107, uznaj\u0105c warto\u015b\u0107, jak\u0105 kryje si\u0119 w wielo\u015bci do\u015bwiadcze\u0144 i punkt\u00f3w widzenia. Wspieramy atmosfer\u0119 upodmiotowienia, w kt\u00f3rej pracownicy i wolontariusze b\u0119d\u0105 mieli mo\u017cliwo\u015b\u0107 ci\u0105g\u0142ego rozwoju zar\u00f3wno umiej\u0119tno\u015bci, jak i odpowiedzialno\u015bci. Aktywnie przyjmujemy pomys\u0142y i perspektywy naszych pracownik\u00f3w i wolontariuszy. Zrobimy wszystko, co w naszej mocy, aby pom\u00f3c naszym pracownikom i wolontariuszom zachowa\u0107 zdrow\u0105 r\u00f3wnowag\u0119 mi\u0119dzy \u017cyciem zawodowym a prywatnym. Nature First zobowi\u0105zuje si\u0119 do wyp\u0142acania pracownikom pe\u0142noetatowym godnej p\u0142acy.<\/p><h4><strong>\u015aRODOWISKO\u00a0<\/strong><\/h4><p class=\"\">We wszystkich naszych dzia\u0142aniach staramy si\u0119 dba\u0107 o \u015bwiat przyrody. Wi\u0105\u017ce si\u0119 to z aktywn\u0105 \u015bwiadomo\u015bci\u0105 w wyborze produkt\u00f3w, kt\u00f3re kupujemy, sprzedajemy i u\u017cywamy. Obejmuje to r\u00f3wnie\u017c zobowi\u0105zanie do ograniczania, ponownego u\u017cycia i recyklingu. Dbamy r\u00f3wnie\u017c o \u015brodowisko, dzia\u0142aj\u0105c na rzecz aktywnej ochrony i wspierania dzikiej przyrody i obszar\u00f3w naturalnych, zar\u00f3wno poprzez modelowanie, jak i zach\u0119canie do dzia\u0142a\u0144, kt\u00f3re nadaj\u0105 im priorytet i chroni\u0105. Uznajemy r\u00f3wnie\u017c i szanujemy rdzenn\u0105 ludno\u015b\u0107 i kultur\u0119, kt\u00f3ra \u017cy\u0142a na wielu z tych ziem przez tysi\u0105clecia.<\/p><h4><strong>UCZCIWO\u015a\u0106\u00a0<\/strong><\/h4><p class=\"\">Dzia\u0142amy na fundamencie zaufania i uczciwo\u015bci. Aktywnie przyjmujemy rozbie\u017cne opinie, d\u0105\u017c\u0105c do wsp\u00f3lnego zrozumienia. Zobowi\u0105zujemy si\u0119 do wzajemnego szacunku i wiary w to, co najlepsze, nawet je\u015bli si\u0119 nie zgadzamy. Naszym celem jest r\u00f3wne traktowanie wszystkich. Komunikujemy si\u0119 otwarcie i przejrzy\u015bcie, r\u00f3wnie\u017c w odniesieniu do naszych cel\u00f3w i finans\u00f3w. Uznajemy, \u017ce ponosimy odpowiedzialno\u015b\u0107 za nasze dzia\u0142ania zar\u00f3wno jako jednostki, jak i jako organizacja.<\/p><h4><strong>\u015aWIATOWY<\/strong><\/h4><p class=\"\">Chocia\u017c Nature First zosta\u0142o za\u0142o\u017cone w Stanach Zjednoczonych, jeste\u015bmy zaanga\u017cowani w szersz\u0105 perspektyw\u0119 \u015bwiatow\u0105. Aktywnie poszukujemy wk\u0142adu i zaanga\u017cowania naszych cz\u0142onk\u00f3w na ca\u0142ym \u015bwiecie i staramy si\u0119 zapewni\u0107, aby ta organizacja mia\u0142a szerok\u0105 mi\u0119dzynarodow\u0105 reprezentacj\u0119 w swoich strukturach.<\/p><h4><strong>WSP\u00d3\u0141PRACA\u00a0<\/strong><\/h4><p class=\"\">Wierzymy, \u017ce wsp\u00f3\u0142praca jest niezb\u0119dna, aby zrobi\u0107 co\u015b wielkiego. Jako organizacja jeste\u015bmy zobowi\u0105zani do wsp\u00f3\u0142pracy w jak najwi\u0119kszym stopniu z innymi organizacjami i wspierania wsp\u00f3lnych inicjatyw w\u015br\u00f3d naszych cz\u0142onk\u00f3w.<\/p><h4><strong>ODPOWIEDZIALNO\u015a\u0106 FISKALNA<\/strong>\u00a0<\/h4><p class=\"\">Zobowi\u0105zujemy si\u0119 do zachowania ostro\u017cno\u015bci fiskalnej, pracy w ramach naszych \u015brodk\u00f3w w spos\u00f3b wolny od d\u0142ug\u00f3w.<\/p>\t\t\t\t\t\t\t\t<\/div>\n\t\t\t\t<\/div>\n\t\t\t\t<div class=\"elementor-element elementor-element-b18fa7a elementor-widget-divider--view-line elementor-widget elementor-widget-divider\" data-id=\"b18fa7a\" data-element_type=\"widget\" data-e-type=\"widget\" data-widget_type=\"divider.default\">\n\t\t\t\t<div class=\"elementor-widget-container\">\n\t\t\t\t\t\t\t<div class=\"elementor-divider\">\n\t\t\t<span class=\"elementor-divider-separator\">\n\t\t\t\t\t\t<\/span>\n\t\t<\/div>\n\t\t\t\t\t\t<\/div>\n\t\t\t\t<\/div>\n\t\t\t\t\t<\/div>\n\t\t<\/div>\n\t\t\t\t\t<\/div>\n\t\t<\/section>\n\t\t\t\t<\/div>","protected":false},"excerpt":{"rendered":"<p>Mission, Vision &amp; Values Our Mission&#8230; Nature First promotes the protection and preservation of the world&#8217;s natural and wild places through inspiring, educating, and uniting everyone making photographs and videos in nature; empowering them to be ambassadors of the natural world. OUR VISION\u2026 IS FOR EVERYONE MAKING PHOTOGRAPHS AND VIDEOS IN NATURE TO BE MINDFUL [&hellip;]<\/p>\n","protected":false},"author":2,"featured_media":0,"parent":0,"menu_order":0,"comment_status":"closed","ping_status":"closed","template":"","meta":{"_mo_disable_npp":"","site-sidebar-layout":"no-sidebar","site-content-layout":"page-builder","ast-site-content-layout":"default","site-content-style":"default","site-sidebar-style":"default","ast-global-header-display":"","ast-banner-title-visibility":"","ast-main-header-display":"","ast-hfb-above-header-display":"","ast-hfb-below-header-display":"","ast-hfb-mobile-header-display":"","site-post-title":"disabled","ast-breadcrumbs-content":"","ast-featured-img":"disabled","footer-sml-layout":"","ast-disable-related-posts":"","theme-transparent-header-meta":"","adv-header-id-meta":"","stick-header-meta":"","header-above-stick-meta":"","header-main-stick-meta":"","header-below-stick-meta":"","astra-migrate-meta-layouts":"default","ast-page-background-enabled":"default","ast-page-background-meta":{"desktop":{"background-color":"","background-image":"","background-repeat":"repeat","background-position":"center center","background-size":"auto","background-attachment":"scroll","background-type":"","background-media":"","overlay-type":"","overlay-color":"","overlay-opacity":"","overlay-gradient":""},"tablet":{"background-color":"","background-image":"","background-repeat":"repeat","background-position":"center center","background-size":"auto","background-attachment":"scroll","background-type":"","background-media":"","overlay-type":"","overlay-color":"","overlay-opacity":"","overlay-gradient":""},"mobile":{"background-color":"","background-image":"","background-repeat":"repeat","background-position":"center center","background-size":"auto","background-attachment":"scroll","background-type":"","background-media":"","overlay-type":"","overlay-color":"","overlay-opacity":"","overlay-gradient":""}},"ast-content-background-meta":{"desktop":{"background-color":"var(--ast-global-color-5)","background-image":"","background-repeat":"repeat","background-position":"center center","background-size":"auto","background-attachment":"scroll","background-type":"","background-media":"","overlay-type":"","overlay-color":"","overlay-opacity":"","overlay-gradient":""},"tablet":{"background-color":"var(--ast-global-color-5)","background-image":"","background-repeat":"repeat","background-position":"center center","background-size":"auto","background-attachment":"scroll","background-type":"","background-media":"","overlay-type":"","overlay-color":"","overlay-opacity":"","overlay-gradient":""},"mobile":{"background-color":"var(--ast-global-color-5)","background-image":"","background-repeat":"repeat","background-position":"center center","background-size":"auto","background-attachment":"scroll","background-type":"","background-media":"","overlay-type":"","overlay-color":"","overlay-opacity":"","overlay-gradient":""}},"footnotes":""},"class_list":["post-523","page","type-page","status-publish","hentry"],"aioseo_notices":[],"_links":{"self":[{"href":"https:\/\/naturefirst.org\/pl\/wp-json\/wp\/v2\/pages\/523","targetHints":{"allow":["GET"]}}],"collection":[{"href":"https:\/\/naturefirst.org\/pl\/wp-json\/wp\/v2\/pages"}],"about":[{"href":"https:\/\/naturefirst.org\/pl\/wp-json\/wp\/v2\/types\/page"}],"author":[{"embeddable":true,"href":"https:\/\/naturefirst.org\/pl\/wp-json\/wp\/v2\/users\/2"}],"replies":[{"embeddable":true,"href":"https:\/\/naturefirst.org\/pl\/wp-json\/wp\/v2\/comments?post=523"}],"version-history":[{"count":5,"href":"https:\/\/naturefirst.org\/pl\/wp-json\/wp\/v2\/pages\/523\/revisions"}],"predecessor-version":[{"id":3733,"href":"https:\/\/naturefirst.org\/pl\/wp-json\/wp\/v2\/pages\/523\/revisions\/3733"}],"wp:attachment":[{"href":"https:\/\/naturefirst.org\/pl\/wp-json\/wp\/v2\/media?parent=523"}],"curies":[{"name":"wp","href":"https:\/\/api.w.org\/{rel}","templated":true}]}}