{"id":550,"date":"2022-08-22T14:41:52","date_gmt":"2022-08-22T14:41:52","guid":{"rendered":"https:\/\/naturefirst.org\/?page_id=550"},"modified":"2024-08-01T13:40:30","modified_gmt":"2024-08-01T19:40:30","slug":"join","status":"publish","type":"page","link":"https:\/\/naturefirst.org\/pl\/join\/","title":{"rendered":"Do\u0142\u0105czy\u0107"},"content":{"rendered":"<div data-elementor-type=\"wp-page\" data-elementor-id=\"550\" class=\"elementor elementor-550\" data-elementor-post-type=\"page\">\n\t\t\t\t\t\t<section class=\"elementor-section elementor-top-section elementor-element elementor-element-64e237f7 elementor-section-height-min-height elementor-section-boxed elementor-section-height-default elementor-section-items-middle\" data-id=\"64e237f7\" data-element_type=\"section\" data-e-type=\"section\" data-settings=\"{&quot;background_background&quot;:&quot;classic&quot;}\">\n\t\t\t\t\t\t\t<div class=\"elementor-background-overlay\"><\/div>\n\t\t\t\t\t\t\t<div class=\"elementor-container elementor-column-gap-no\">\n\t\t\t\t\t<div class=\"elementor-column elementor-col-100 elementor-top-column elementor-element elementor-element-56e1a39c\" data-id=\"56e1a39c\" data-element_type=\"column\" data-e-type=\"column\">\n\t\t\t<div class=\"elementor-widget-wrap elementor-element-populated\">\n\t\t\t\t\t\t<div class=\"elementor-element elementor-element-43d617c4 elementor-widget elementor-widget-image-box\" data-id=\"43d617c4\" data-element_type=\"widget\" data-e-type=\"widget\" data-widget_type=\"image-box.default\">\n\t\t\t\t<div class=\"elementor-widget-container\">\n\t\t\t\t\t<div class=\"elementor-image-box-wrapper\"><div class=\"elementor-image-box-content\"><h1 class=\"elementor-image-box-title\">Zosta\u0144 cz\u0142onkiem<\/h1><\/div><\/div>\t\t\t\t<\/div>\n\t\t\t\t<\/div>\n\t\t\t\t\t<\/div>\n\t\t<\/div>\n\t\t\t\t\t<\/div>\n\t\t<\/section>\n\t\t\t\t<section class=\"elementor-section elementor-top-section elementor-element elementor-element-6a1e995d elementor-section-boxed elementor-section-height-default elementor-section-height-default\" data-id=\"6a1e995d\" data-element_type=\"section\" data-e-type=\"section\">\n\t\t\t\t\t\t<div class=\"elementor-container elementor-column-gap-default\">\n\t\t\t\t\t<div class=\"elementor-column elementor-col-100 elementor-top-column elementor-element elementor-element-1f91c9a5\" data-id=\"1f91c9a5\" data-element_type=\"column\" data-e-type=\"column\">\n\t\t\t<div class=\"elementor-widget-wrap elementor-element-populated\">\n\t\t\t\t\t\t<div class=\"elementor-element elementor-element-1acd52f9 elementor-widget elementor-widget-heading\" data-id=\"1acd52f9\" data-element_type=\"widget\" data-e-type=\"widget\" data-widget_type=\"heading.default\">\n\t\t\t\t<div class=\"elementor-widget-container\">\n\t\t\t\t\t<h2 class=\"elementor-heading-title elementor-size-default\">Cz\u0142onkostwo Nature First<\/h2>\t\t\t\t<\/div>\n\t\t\t\t<\/div>\n\t\t\t\t<div class=\"elementor-element elementor-element-0a8f62a elementor-widget elementor-widget-text-editor\" data-id=\"0a8f62a\" data-element_type=\"widget\" data-e-type=\"widget\" data-widget_type=\"text-editor.default\">\n\t\t\t\t<div class=\"elementor-widget-container\">\n\t\t\t\t\t\t\t\t\t<p><em>(dla os\u00f3b prywatnych i firm\/biznes\u00f3w\/organizacji)<\/em><\/p>\t\t\t\t\t\t\t\t<\/div>\n\t\t\t\t<\/div>\n\t\t\t\t<div class=\"elementor-element elementor-element-347a514 elementor-widget elementor-widget-text-editor\" data-id=\"347a514\" data-element_type=\"widget\" data-e-type=\"widget\" data-widget_type=\"text-editor.default\">\n\t\t\t\t<div class=\"elementor-widget-container\">\n\t\t\t\t\t\t\t\t\t<p>Wprowad\u017a swoje dane poni\u017cej, aby zosta\u0107 cz\u0142onkiem Nature First i uzyska\u0107 dost\u0119p do tre\u015bci tylko dla cz\u0142onk\u00f3w.<\/p>\t\t\t\t\t\t\t\t<\/div>\n\t\t\t\t<\/div>\n\t\t\t\t<div class=\"elementor-element elementor-element-0f6879f elementor-widget elementor-widget-text-editor\" data-id=\"0f6879f\" data-element_type=\"widget\" data-e-type=\"widget\" data-widget_type=\"text-editor.default\">\n\t\t\t\t<div class=\"elementor-widget-container\">\n\t\t\t\t\t\t\t\t\t<p><div class=\"iump-register-form ihc-register-9\"><form name=\"createuser\" id=\"createuser\" class=\"ihc-form-create-edit\" enctype=\"multipart\/form-data\" method=\"post\" action=\"\" data-trp-original-action=\"\">\n\n        \n        <!-- loop throught fields -->\n                                <div class=\"iump-form-line-register iump-form-text iump-form-user_login\" id=\"ihc_reg_user_login_4063\" >\n\n                \n                <input type=\"text\" name=\"user_login\"  class=\"\" value=\"\" placeholder=\"*Nazwa u\u017cytkownika\"   \/>\n                <!-- print the errors if its case -->\n                \n            <\/div>\n                                <div class=\"iump-form-line-register iump-form-password iump-form-pass1\" id=\"ihc_reg_pass1_5381\" >\n\n                \n                <input type=\"password\" name=\"pass1\"  class=\"\" value=\"\" placeholder=\"*Has\u0142o\"  data-rules=\"8,1\"\/><span class=\"ihc-hide-pw hide-if-no-js\" data-toggle=\"0\" aria-label=\"Poka\u017c has\u0142o\">\n            <span class=\"dashicons dashicons-visibility\" aria-hidden=\"true\"><\/span>\n          <\/span><div class=\"ihc-strength-wrapper\"><ul class=\"ihc-strength\"><li class=\"point\"><\/li><li class=\"point\"><\/li><li class=\"point\"><\/li><li class=\"point\"><\/li><li class=\"point\"><\/li><\/ul><div class=\"ihc-strength-label\"><\/div><\/div>\n                <!-- print the errors if its case -->\n                \n            <\/div>\n                                <div class=\"iump-form-line-register iump-form-password iump-form-pass2\" id=\"ihc_reg_pass2_6322\" >\n\n                \n                <input type=\"password\" name=\"pass2\"  class=\"\" value=\"\" placeholder=\"*Potwierd\u017a has\u0142o\"  data-rules=\"8,1\"\/><span class=\"ihc-hide-pw hide-if-no-js\" data-toggle=\"0\" aria-label=\"Poka\u017c has\u0142o\">\n            <span class=\"dashicons dashicons-visibility\" aria-hidden=\"true\"><\/span>\n          <\/span><div class=\"ihc-strength-wrapper\"><ul class=\"ihc-strength\"><li class=\"point\"><\/li><li class=\"point\"><\/li><li class=\"point\"><\/li><li class=\"point\"><\/li><li class=\"point\"><\/li><\/ul><div class=\"ihc-strength-label\"><\/div><\/div>\n                <!-- print the errors if its case -->\n                \n            <\/div>\n                                <div class=\"iump-form-line-register iump-form-text iump-form-user_email\" id=\"ihc_reg_user_email_2501\" >\n\n                \n                <input type=\"text\" name=\"user_email\"  class=\"\" value=\"\" placeholder=\"*E-mail\"   \/>\n                <!-- print the errors if its case -->\n                \n            <\/div>\n                                <div class=\"iump-form-line-register iump-form-text iump-form-first_name\" id=\"ihc_reg_first_name_6223\" >\n\n                \n                <input type=\"text\" name=\"first_name\"  class=\"\" value=\"\" placeholder=\"*Imi\u0119\"   \/>\n                <!-- print the errors if its case -->\n                \n            <\/div>\n                                <div class=\"iump-form-line-register iump-form-text iump-form-last_name\" id=\"ihc_reg_last_name_115\" >\n\n                \n                <input type=\"text\" name=\"last_name\"  class=\"\" value=\"\" placeholder=\"*Nazwisko\"   \/>\n                <!-- print the errors if its case -->\n                \n            <\/div>\n                                <div class=\"iump-form-line-register iump-form-tos iump-form-tos\" id=\"ihc_reg_tos_6633\" >\n\n                                    <label class=\"iump-labels-register\">\n                                                                    <\/label>\n                \n                <div class=\"ihc-tos-wrap\" id=\"ihc_tos_field_parent_9\">\n    <input type=\"checkbox\" value=\"1\" name=\"tos\" class=\"\" \/>\n    <a href=\"https:\/\/naturefirst.org\/pl\/principles\/\" target=\"_blank\">Zobowi\u0105zuj\u0119 si\u0119 do przestrzegania Zasad Nature First<\/a>\n<\/div>\n\n                <!-- print the errors if its case -->\n                \n            <\/div>\n                                <div class=\"iump-form-line-register iump-form-capcha iump-form-recaptcha\" id=\"ihc_reg_recaptcha_8526\" >\n\n                                    <label class=\"iump-labels-register\">\n                                                                    <\/label>\n                \n                    <div class=\"g-recaptcha-wrapper\">\n        <div class=\"g-recaptcha\" data-sitekey=\"6LdFnB0qAAAAAEmJTZoMScyJfuN7QjeTbQFDTUag\"  ><\/div>\n            <\/div>\n\n                <!-- print the errors if its case -->\n                \n            <\/div>\n                <!-- end of loop fields -->\n\n        <div class=\"ihc-checkout-page-wrapp\" id=\"ihc_checkout_page_wrapp\">\n  <div class=\"ihc-js-discount-success-message\" data-value=\"Discount successfully applied.\" ><\/div>\n  <div class=\"ihc-js-discount-error-message\" data-value=\"This Discount Code is invalid.\" ><\/div>\n  <div class=\"ihc-js-dynamic-price-error-message\" data-value=\"Price is invalid.\"><\/div>\n  <div class=\"ihc-js-dynamic-price-success-message\" data-value=\"Price successfully applied.\"><\/div>\n\n    <div class=\"ihc-checkout-page-left-side ihc-checkout-page-one-column\">\n\n   <!-- Customer Form -->\n   <div id=\"ihc-checout-page-purchase-customer-form-section\">\n          <\/div>\n\n        <!-- Payment Method -->\n      <div id=\"ihc-checout-page-purchase-payment-method-section\">\n          <div class=\"ihc-checkout-page-box-wrapper ihc-checkout-page-payment-selection-wrapper\">\n<!-- Inline fields from Braintree, Authorize, etc -->\n<div class=\"ihc-checkout-page-payment-onsite-fields\">\n\n  <!-- Loading Spinner -->\n  <div class=\"ihc-loading-inline-payment-fields ihc-display-none\"><i class=\"fa-ihc ihc-icon-spinner ihc-icon-spin\"><\/i> Prosz\u0119 czeka\u0107\u2026<\/div>\n\n    <!-- Authorize.Net Recurring Subscriptions -->\n    \n    <!-- Braintree -->\n    \n    <!-- Stripe Connect -->\n    \n    <!-- Bank Transfer Message -->\n            <div id=\"ihc_bank_transfer_message\" >\n            Szczeg\u00f3\u0142y przelewu bankowego zostan\u0105 wy\u015bwietlone po zako\u0144czeniu p\u0142atno\u015bci        <\/div>\n    \n    <\/div>\n <\/div>\n      <\/div>\n   \n  <\/div>\n\n  <div class=\"ihc-checkout-page-right-side ihc-checkout-page-one-column\">\n\n    <!-- SUBSCRIPTION DETAILS -->\n    <div id=\"ihc-checout-page-purchase-subscription-details-section\">\n        <div class=\"ihc-checkout-page-box-wrapper ihc-product-details-wrapper\">\n  <div class=\"ihc-product-details\">\n          <!-- One Time Membership -->\n      <table class=\"ihc-product-details-table\">\n        <tr class=\"ihc-product-details-table-name-row\">\n          <td>\n            <div class=\"ihc-product-name\">Cz\u0142onek<\/div>\n            <div class=\"ihc-product-description\">Bezp\u0142atne do\u017cywotnie cz\u0142onkostwo z dost\u0119pem do tre\u015bci tylko dla cz\u0142onk\u00f3w.<\/div>\n          <\/td>\n          <td>\n            <div class=\"ihc-product-price\">0,00 USD<\/div>\n          <\/td>\n        <\/tr>\n                <tr id=\"ihc-main-payment-discount\" class=\"ihc-display-none\" >\n          <td><div class=\"ihc-product-fee-label-extra\">Rabat (<span id=\"ihc-main-payment-discount-value\"><\/span>)<\/div><\/td>\n          <td><div class=\"ihc-product-price-extra\">-0,00 USD<\/div><\/td>\n        <\/tr>\n              <\/table>\n\n        <\/div>\n<\/div>\n    <\/div>\n\n    \n    <!-- TAXES -->\n    <div id=\"ihc-checout-page-taxes-section\">\n        <!-- TAXES -->\n    <\/div>\n\n    \n    <!-- SUBTOTAL -->\n    <div id=\"ihc-checout-page-subtotal-section\">\n        \n<div class=\"ihc-checkout-page-box-wrapper ihc-subtotal-wrapper\">\n  <div class=\"ihc-checkout-page-box-title\">Suma cz\u0119\u015bciowa<\/div>\n      <table  class=\"ihc-product-details-table ihc-subtotal-table\">\n      <tr>\n        <td><div class=\"ihc-product-main-fee-label\">Op\u0142ata<\/div>\n        <\/td>\n        <td>\n          <div class=\"ihc-product-price\">\n            <span id=\"ihc-subtotal-product-price\">0,00 USD<\/span>\n          <\/div>\n        <\/td>\n      <\/tr>\n    <\/table>\n    \n<\/div>\n    <div class=\"ihc-js-checkout-session\" data-value=\"eyJmaXJzdF9hbW91bnQiOmZhbHNlLCJhbW91bnQiOjAsImN1cnJlbmN5IjoiVVNEIiwidWlkIjowLCJsaWQiOiI0IiwibGV2ZWxfbGFiZWwiOiJNZW1iZXIifQ==\" ><\/div>\n    <\/div>\n\n    <!-- PRIVACY POLICY -->\n    \n    <!-- PURCHASE BUTTON -->\n    <div id=\"ihc-checout-page-purchase-button-section\">\n        \n\n<input type=\"hidden\" name=\"lid\" value=\"4\" \/>\n<input type=\"hidden\" name=\"checkout-form\" value=\"1\" \/>\n<input type=\"hidden\" name=\"subscription_access_type\" value=\"unlimited\" \/>\n\n<input type=\"hidden\" name=\"payment_selected\" value=\"bank_transfer\" \/>\n\n<input type=\"hidden\" name=\"coupon_used\" value=\"\" \/>\n\n<input type=\"hidden\" name=\"dynamic_price_set\" value=\"\" \/>\n\n<input type=\"hidden\" name=\"country\" value=\"US\" \/>\n\n<input type=\"hidden\" name=\"state\" value=\"\" \/>\n\n    <\/div>\n\n  <\/div>\n\n  \n<\/div>\n\n        <div class=\"iump-submit-form\">\n            <input type=\"submit\" name=\"Submit\" value=\"Sk\u0142ada\u0107\" class=\"button button-primary button-large\" id=\"ihc_submit_bttn\" data-standard-label=\"Submit\" data-loading-label=\"Please wait...\"  \/>\n        <\/div>\n\n        \n                <input type=\"hidden\" name=\"ihcFormType\"  class=\"\" value=\"register\"  \/>              <input type=\"hidden\" name=\"ihcaction\"  class=\"\" value=\"register\"  \/>              <input type=\"hidden\" name=\"ihc_user_add_edit_nonce\"  class=\"\" value=\"2b88e8edca\"  \/>              <input type=\"hidden\" name=\"lid\"  class=\"\" value=\"4\"  \/>        \n<input type=\"hidden\" name=\"trp-form-language\" value=\"pl\"\/><\/form>\n<\/div><\/p>\t\t\t\t\t\t\t\t<\/div>\n\t\t\t\t<\/div>\n\t\t\t\t<div class=\"elementor-element elementor-element-a9c6103 elementor-widget elementor-widget-text-editor\" data-id=\"a9c6103\" data-element_type=\"widget\" data-e-type=\"widget\" data-widget_type=\"text-editor.default\">\n\t\t\t\t<div class=\"elementor-widget-container\">\n\t\t\t\t\t\t\t\t\t<p>Nigdy nie sprzedamy ani nie udost\u0119pnimy nikomu twoich informacji ani nie wykorzystamy ich do cel\u00f3w innych ni\u017c wysy\u0142anie ci wiadomo\u015bci i og\u0142osze\u0144 o Nature First.<\/p><p><span style=\"font-style: inherit; font-weight: inherit;\">(Zobacz nasz\u00a0<\/span><a style=\"font-style: inherit; font-weight: inherit; background-color: #ffffff;\" title=\"Polityka prywatno\u015bci\" href=\"https:\/\/naturefirst.org\/pl\/privacy-policy\/\">Polityka prywatno\u015bci<\/a><span style=\"font-style: inherit; font-weight: inherit;\">)<\/span><\/p>\t\t\t\t\t\t\t\t<\/div>\n\t\t\t\t<\/div>\n\t\t\t\t<div class=\"elementor-element elementor-element-7b6699d elementor-widget-divider--view-line elementor-widget elementor-widget-divider\" data-id=\"7b6699d\" data-element_type=\"widget\" data-e-type=\"widget\" data-widget_type=\"divider.default\">\n\t\t\t\t<div class=\"elementor-widget-container\">\n\t\t\t\t\t\t\t<div class=\"elementor-divider\">\n\t\t\t<span class=\"elementor-divider-separator\">\n\t\t\t\t\t\t<\/span>\n\t\t<\/div>\n\t\t\t\t\t\t<\/div>\n\t\t\t\t<\/div>\n\t\t\t\t\t<\/div>\n\t\t<\/div>\n\t\t\t\t\t<\/div>\n\t\t<\/section>\n\t\t\t\t<\/div>","protected":false},"excerpt":{"rendered":"<p>Zosta\u0144 cz\u0142onkiem Cz\u0142onkostwo Nature First (dla os\u00f3b fizycznych i firm\/firm\/organizacji) Wprowad\u017a poni\u017cej swoje dane, aby zosta\u0107 cz\u0142onkiem Nature First i uzyska\u0107 dost\u0119p do tre\u015bci tylko dla cz\u0142onk\u00f3w. Nigdy nie sprzedamy ani nie udost\u0119pnimy nikomu Twoich danych ani nie wykorzystamy ich do cel\u00f3w innych ni\u017c wysy\u0142anie Ci wiadomo\u015bci i og\u0142osze\u0144 na temat Nature First. (Zobacz nasz\u0105 Polityk\u0119 prywatno\u015bci)<\/p>","protected":false},"author":2,"featured_media":0,"parent":0,"menu_order":0,"comment_status":"closed","ping_status":"closed","template":"","meta":{"_mo_disable_npp":"","site-sidebar-layout":"no-sidebar","site-content-layout":"page-builder","ast-site-content-layout":"full-width-container","site-content-style":"unboxed","site-sidebar-style":"unboxed","ast-global-header-display":"","ast-banner-title-visibility":"","ast-main-header-display":"","ast-hfb-above-header-display":"","ast-hfb-below-header-display":"","ast-hfb-mobile-header-display":"","site-post-title":"disabled","ast-breadcrumbs-content":"","ast-featured-img":"disabled","footer-sml-layout":"","ast-disable-related-posts":"","theme-transparent-header-meta":"","adv-header-id-meta":"","stick-header-meta":"","header-above-stick-meta":"","header-main-stick-meta":"","header-below-stick-meta":"","astra-migrate-meta-layouts":"set","ast-page-background-enabled":"default","ast-page-background-meta":{"desktop":{"background-color":"","background-image":"","background-repeat":"repeat","background-position":"center center","background-size":"auto","background-attachment":"scroll","background-type":"","background-media":"","overlay-type":"","overlay-color":"","overlay-opacity":"","overlay-gradient":""},"tablet":{"background-color":"","background-image":"","background-repeat":"repeat","background-position":"center center","background-size":"auto","background-attachment":"scroll","background-type":"","background-media":"","overlay-type":"","overlay-color":"","overlay-opacity":"","overlay-gradient":""},"mobile":{"background-color":"","background-image":"","background-repeat":"repeat","background-position":"center center","background-size":"auto","background-attachment":"scroll","background-type":"","background-media":"","overlay-type":"","overlay-color":"","overlay-opacity":"","overlay-gradient":""}},"ast-content-background-meta":{"desktop":{"background-color":"var(--ast-global-color-5)","background-image":"","background-repeat":"repeat","background-position":"center center","background-size":"auto","background-attachment":"scroll","background-type":"","background-media":"","overlay-type":"","overlay-color":"","overlay-opacity":"","overlay-gradient":""},"tablet":{"background-color":"var(--ast-global-color-5)","background-image":"","background-repeat":"repeat","background-position":"center center","background-size":"auto","background-attachment":"scroll","background-type":"","background-media":"","overlay-type":"","overlay-color":"","overlay-opacity":"","overlay-gradient":""},"mobile":{"background-color":"var(--ast-global-color-5)","background-image":"","background-repeat":"repeat","background-position":"center center","background-size":"auto","background-attachment":"scroll","background-type":"","background-media":"","overlay-type":"","overlay-color":"","overlay-opacity":"","overlay-gradient":""}},"footnotes":""},"class_list":["post-550","page","type-page","status-publish","hentry"],"aioseo_notices":[],"_links":{"self":[{"href":"https:\/\/naturefirst.org\/pl\/wp-json\/wp\/v2\/pages\/550","targetHints":{"allow":["GET"]}}],"collection":[{"href":"https:\/\/naturefirst.org\/pl\/wp-json\/wp\/v2\/pages"}],"about":[{"href":"https:\/\/naturefirst.org\/pl\/wp-json\/wp\/v2\/types\/page"}],"author":[{"embeddable":true,"href":"https:\/\/naturefirst.org\/pl\/wp-json\/wp\/v2\/users\/2"}],"replies":[{"embeddable":true,"href":"https:\/\/naturefirst.org\/pl\/wp-json\/wp\/v2\/comments?post=550"}],"version-history":[{"count":25,"href":"https:\/\/naturefirst.org\/pl\/wp-json\/wp\/v2\/pages\/550\/revisions"}],"predecessor-version":[{"id":5059,"href":"https:\/\/naturefirst.org\/pl\/wp-json\/wp\/v2\/pages\/550\/revisions\/5059"}],"wp:attachment":[{"href":"https:\/\/naturefirst.org\/pl\/wp-json\/wp\/v2\/media?parent=550"}],"curies":[{"name":"wp","href":"https:\/\/api.w.org\/{rel}","templated":true}]}}